{"id":863,"date":"2022-02-01T16:04:31","date_gmt":"2022-02-01T15:04:31","guid":{"rendered":"https:\/\/szkolydoktorskie.uwb.edu.pl\/ns\/?page_id=863"},"modified":"2024-03-25T16:08:18","modified_gmt":"2024-03-25T15:08:18","slug":"sukcesy-doktorantow","status":"publish","type":"page","link":"https:\/\/szkolydoktorskie.uwb.edu.pl\/ns\/sukcesy-doktorantow\/","title":{"rendered":"Sukcesy naszych doktorant\u00f3w"},"content":{"rendered":"\n<p><\/p>\n\n\n\n<p class=\"has-black-color has-pale-cyan-blue-background-color has-text-color has-background\"><strong>Monografie <\/strong><\/p>\n\n\n\n<p><strong>mgr Paulina Wity\u0144ska<\/strong><\/p>\n\n\n\n<p><a href=\"http:\/\/temida2.uwb.edu.pl\/ksiazka\/445-dziecko-poczete-i-jego-status-prawny-w-prawie-podatkowym\">http:\/\/temida2.uwb.edu.pl\/ksiazka\/445-dziecko-poczete-i-jego-status-prawny-w-prawie-podatkowym<\/a><\/p>\n\n\n\n<hr class=\"wp-block-separator has-alpha-channel-opacity\" \/>\n\n\n\n<p><strong>mgr Katarzyna Kowalik <\/strong><\/p>\n\n\n\n<p><a href=\"http:\/\/temida2.uwb.edu.pl\/ksiazka\/424-dopuszczalnosc-szczepien-obowiazkowych-w-swietle-konstytucji-rzeczypospolitej-polskiej\" target=\"_blank\" rel=\"noreferrer noopener\">http:\/\/temida2.uwb.edu.pl\/ksiazka\/424-dopuszczalnosc-szczepien-obowiazkowych-w-swietle-konstytucji-rzeczypospolitej-polskiej<\/a><\/p>\n\n\n\n<p><\/p>\n\n\n\n<p class=\"has-pale-cyan-blue-background-color has-background\"><strong>Granty <\/strong><\/p>\n\n\n\n<p><strong>mgr Jakub A. Farhan <\/strong><\/p>\n\n\n\n<p>NCN \u2013 PRELUDIUM 20 &#8211; nt<strong>. <\/strong><em>Przeciwdzia\u0142ania chorobom niezaka\u017anym w unijnym prawie \u017cywno\u015bciowym<\/em><\/p>\n\n\n\n<hr class=\"wp-block-separator has-alpha-channel-opacity\" \/>\n\n\n\n<p><strong>mgr Przemys\u0142aw Brzozowski <\/strong><\/p>\n\n\n\n<p>Grant na wsparcie realizacji bada\u0144 naukowych w ramach Regionalnej Inicjatywy Doskona\u0142o\u015bci dla nauk spo\u0142ecznych Uniwersytetu w Bia\u0142ymstoku (2024).<\/p>\n\n\n\n<p class=\"has-pale-cyan-blue-background-color has-background\"><strong>Stypendia<\/strong><\/p>\n\n\n\n<p><strong>mgr Mateusz U\u0142anowicz <\/strong><\/p>\n\n\n\n<p>Stypendium Towarzystwa Historyczno &#8211; Literackiego w Pary\u017cu<\/p>\n\n\n\n<hr class=\"wp-block-separator has-alpha-channel-opacity\" \/>\n\n\n\n<p><strong>mgr Wojciech D\u0105br\u00f3wka <\/strong><\/p>\n\n\n\n<ol class=\"wp-block-list\">\n<li><em>Stypendium z Funduszu Wyszehradzkiego<\/em> na realizacj\u0119 sta\u017cu naukowego w Katedrze Prawa Konstytucyjnego na Uniwersytecie Kome\u0144skiego w Bratys\u0142awie <\/li>\n\n\n\n<li><em>Stypendium z Funduszu Wyszehradzkiego <\/em>na realizacj\u0119 sta\u017cu naukowego w Katedrze Prawa Konstytucyjnego na Uniwersytecie Karola w Pradze<\/li>\n<\/ol>\n\n\n\n<p class=\"has-pale-cyan-blue-background-color has-background\"><strong>Nagrody <\/strong><\/p>\n\n\n\n<p><strong>mgr Wojciech Micha\u0142owski <\/strong><\/p>\n\n\n\n<p>III miejsce w kategorii prace magisterskie w ramach II edycji Konkursu Franciszka Nowodworskiego o nagrod\u0119 Prezesa Rz\u0105dowego Centrum Legislacji za prac\u0119 pt. \u201e<em>Konstytucyjne i ustawowe zasady tworzenia prawa podatkowego&#8221;.<\/em><\/p>\n","protected":false},"excerpt":{"rendered":"<p>Monografie mgr Paulina Wity\u0144ska http:\/\/temida2.uwb.edu.pl\/ksiazka\/445-dziecko-poczete-i-jego-status-prawny-w-prawie-podatkowym mgr Katarzyna Kowalik http:\/\/temida2.uwb.edu.pl\/ksiazka\/424-dopuszczalnosc-szczepien-obowiazkowych-w-swietle-konstytucji-rzeczypospolitej-polskiej Granty mgr Jakub A. Farhan NCN \u2013 PRELUDIUM 20 &#8211; nt. Przeciwdzia\u0142ania chorobom niezaka\u017anym w unijnym prawie \u017cywno\u015bciowym mgr Przemys\u0142aw Brzozowski&hellip;<\/p>\n","protected":false},"author":7,"featured_media":0,"parent":0,"menu_order":0,"comment_status":"closed","ping_status":"closed","template":"","meta":{"footnotes":""},"class_list":["post-863","page","type-page","status-publish","hentry"],"yoast_head":"<!-- This site is optimized with the Yoast SEO plugin v27.3 - https:\/\/yoast.com\/product\/yoast-seo-wordpress\/ -->\n<title>Sukcesy naszych doktorant\u00f3w - Szko\u0142a Doktorska Nauk Spo\u0142ecznych UwB<\/title>\n<meta name=\"robots\" content=\"index, follow, max-snippet:-1, max-image-preview:large, max-video-preview:-1\" \/>\n<link rel=\"canonical\" href=\"https:\/\/szkolydoktorskie.uwb.edu.pl\/ns\/sukcesy-doktorantow\/\" \/>\n<meta property=\"og:locale\" content=\"pl_PL\" \/>\n<meta property=\"og:type\" content=\"article\" \/>\n<meta property=\"og:title\" content=\"Sukcesy naszych doktorant\u00f3w - Szko\u0142a Doktorska Nauk Spo\u0142ecznych UwB\" \/>\n<meta property=\"og:description\" content=\"Monografie mgr Paulina Wity\u0144ska http:\/\/temida2.uwb.edu.pl\/ksiazka\/445-dziecko-poczete-i-jego-status-prawny-w-prawie-podatkowym mgr Katarzyna Kowalik http:\/\/temida2.uwb.edu.pl\/ksiazka\/424-dopuszczalnosc-szczepien-obowiazkowych-w-swietle-konstytucji-rzeczypospolitej-polskiej Granty mgr Jakub A. Farhan NCN \u2013 PRELUDIUM 20 &#8211; nt. Przeciwdzia\u0142ania chorobom niezaka\u017anym w unijnym prawie \u017cywno\u015bciowym mgr Przemys\u0142aw Brzozowski&hellip;\" \/>\n<meta property=\"og:url\" content=\"https:\/\/szkolydoktorskie.uwb.edu.pl\/ns\/sukcesy-doktorantow\/\" \/>\n<meta property=\"og:site_name\" content=\"Szko\u0142a Doktorska Nauk Spo\u0142ecznych UwB\" \/>\n<meta property=\"article:modified_time\" content=\"2024-03-25T15:08:18+00:00\" \/>\n<meta name=\"twitter:card\" content=\"summary_large_image\" \/>\n<meta name=\"twitter:label1\" content=\"Szacowany czas czytania\" \/>\n\t<meta name=\"twitter:data1\" content=\"1 minuta\" \/>\n<script type=\"application\/ld+json\" class=\"yoast-schema-graph\">{\"@context\":\"https:\\\/\\\/schema.org\",\"@graph\":[{\"@type\":\"WebPage\",\"@id\":\"https:\\\/\\\/szkolydoktorskie.uwb.edu.pl\\\/ns\\\/sukcesy-doktorantow\\\/\",\"url\":\"https:\\\/\\\/szkolydoktorskie.uwb.edu.pl\\\/ns\\\/sukcesy-doktorantow\\\/\",\"name\":\"Sukcesy naszych doktorant\u00f3w - Szko\u0142a Doktorska Nauk Spo\u0142ecznych UwB\",\"isPartOf\":{\"@id\":\"https:\\\/\\\/szkolydoktorskie.uwb.edu.pl\\\/ns\\\/#website\"},\"datePublished\":\"2022-02-01T15:04:31+00:00\",\"dateModified\":\"2024-03-25T15:08:18+00:00\",\"breadcrumb\":{\"@id\":\"https:\\\/\\\/szkolydoktorskie.uwb.edu.pl\\\/ns\\\/sukcesy-doktorantow\\\/#breadcrumb\"},\"inLanguage\":\"pl-PL\",\"potentialAction\":[{\"@type\":\"ReadAction\",\"target\":[\"https:\\\/\\\/szkolydoktorskie.uwb.edu.pl\\\/ns\\\/sukcesy-doktorantow\\\/\"]}]},{\"@type\":\"BreadcrumbList\",\"@id\":\"https:\\\/\\\/szkolydoktorskie.uwb.edu.pl\\\/ns\\\/sukcesy-doktorantow\\\/#breadcrumb\",\"itemListElement\":[{\"@type\":\"ListItem\",\"position\":1,\"name\":\"Strona g\u0142\u00f3wna\",\"item\":\"https:\\\/\\\/szkolydoktorskie.uwb.edu.pl\\\/ns\\\/\"},{\"@type\":\"ListItem\",\"position\":2,\"name\":\"Sukcesy naszych doktorant\u00f3w\"}]},{\"@type\":\"WebSite\",\"@id\":\"https:\\\/\\\/szkolydoktorskie.uwb.edu.pl\\\/ns\\\/#website\",\"url\":\"https:\\\/\\\/szkolydoktorskie.uwb.edu.pl\\\/ns\\\/\",\"name\":\"Szko\u0142a Doktorska Nauk Spo\u0142ecznych UwB\",\"description\":\"Szko\u0142a Doktorska Nauk Spo\u0142ecznych UwB\",\"publisher\":{\"@id\":\"https:\\\/\\\/szkolydoktorskie.uwb.edu.pl\\\/ns\\\/#organization\"},\"potentialAction\":[{\"@type\":\"SearchAction\",\"target\":{\"@type\":\"EntryPoint\",\"urlTemplate\":\"https:\\\/\\\/szkolydoktorskie.uwb.edu.pl\\\/ns\\\/?s={search_term_string}\"},\"query-input\":{\"@type\":\"PropertyValueSpecification\",\"valueRequired\":true,\"valueName\":\"search_term_string\"}}],\"inLanguage\":\"pl-PL\"},{\"@type\":\"Organization\",\"@id\":\"https:\\\/\\\/szkolydoktorskie.uwb.edu.pl\\\/ns\\\/#organization\",\"name\":\"Szko\u0142a Doktorska Nauk Spo\u0142ecznych UwB\",\"url\":\"https:\\\/\\\/szkolydoktorskie.uwb.edu.pl\\\/ns\\\/\",\"logo\":{\"@type\":\"ImageObject\",\"inLanguage\":\"pl-PL\",\"@id\":\"https:\\\/\\\/szkolydoktorskie.uwb.edu.pl\\\/ns\\\/#\\\/schema\\\/logo\\\/image\\\/\",\"url\":\"https:\\\/\\\/szkolydoktorskie.uwb.edu.pl\\\/ns\\\/wp-content\\\/uploads\\\/sites\\\/2\\\/2021\\\/04\\\/cropped-NS-LOGO.png\",\"contentUrl\":\"https:\\\/\\\/szkolydoktorskie.uwb.edu.pl\\\/ns\\\/wp-content\\\/uploads\\\/sites\\\/2\\\/2021\\\/04\\\/cropped-NS-LOGO.png\",\"width\":705,\"height\":188,\"caption\":\"Szko\u0142a Doktorska Nauk Spo\u0142ecznych UwB\"},\"image\":{\"@id\":\"https:\\\/\\\/szkolydoktorskie.uwb.edu.pl\\\/ns\\\/#\\\/schema\\\/logo\\\/image\\\/\"}}]}<\/script>\n<!-- \/ Yoast SEO plugin. -->","yoast_head_json":{"title":"Sukcesy naszych doktorant\u00f3w - Szko\u0142a Doktorska Nauk Spo\u0142ecznych UwB","robots":{"index":"index","follow":"follow","max-snippet":"max-snippet:-1","max-image-preview":"max-image-preview:large","max-video-preview":"max-video-preview:-1"},"canonical":"https:\/\/szkolydoktorskie.uwb.edu.pl\/ns\/sukcesy-doktorantow\/","og_locale":"pl_PL","og_type":"article","og_title":"Sukcesy naszych doktorant\u00f3w - Szko\u0142a Doktorska Nauk Spo\u0142ecznych UwB","og_description":"Monografie mgr Paulina Wity\u0144ska http:\/\/temida2.uwb.edu.pl\/ksiazka\/445-dziecko-poczete-i-jego-status-prawny-w-prawie-podatkowym mgr Katarzyna Kowalik http:\/\/temida2.uwb.edu.pl\/ksiazka\/424-dopuszczalnosc-szczepien-obowiazkowych-w-swietle-konstytucji-rzeczypospolitej-polskiej Granty mgr Jakub A. Farhan NCN \u2013 PRELUDIUM 20 &#8211; nt. Przeciwdzia\u0142ania chorobom niezaka\u017anym w unijnym prawie \u017cywno\u015bciowym mgr Przemys\u0142aw Brzozowski&hellip;","og_url":"https:\/\/szkolydoktorskie.uwb.edu.pl\/ns\/sukcesy-doktorantow\/","og_site_name":"Szko\u0142a Doktorska Nauk Spo\u0142ecznych UwB","article_modified_time":"2024-03-25T15:08:18+00:00","twitter_card":"summary_large_image","twitter_misc":{"Szacowany czas czytania":"1 minuta"},"schema":{"@context":"https:\/\/schema.org","@graph":[{"@type":"WebPage","@id":"https:\/\/szkolydoktorskie.uwb.edu.pl\/ns\/sukcesy-doktorantow\/","url":"https:\/\/szkolydoktorskie.uwb.edu.pl\/ns\/sukcesy-doktorantow\/","name":"Sukcesy naszych doktorant\u00f3w - Szko\u0142a Doktorska Nauk Spo\u0142ecznych UwB","isPartOf":{"@id":"https:\/\/szkolydoktorskie.uwb.edu.pl\/ns\/#website"},"datePublished":"2022-02-01T15:04:31+00:00","dateModified":"2024-03-25T15:08:18+00:00","breadcrumb":{"@id":"https:\/\/szkolydoktorskie.uwb.edu.pl\/ns\/sukcesy-doktorantow\/#breadcrumb"},"inLanguage":"pl-PL","potentialAction":[{"@type":"ReadAction","target":["https:\/\/szkolydoktorskie.uwb.edu.pl\/ns\/sukcesy-doktorantow\/"]}]},{"@type":"BreadcrumbList","@id":"https:\/\/szkolydoktorskie.uwb.edu.pl\/ns\/sukcesy-doktorantow\/#breadcrumb","itemListElement":[{"@type":"ListItem","position":1,"name":"Strona g\u0142\u00f3wna","item":"https:\/\/szkolydoktorskie.uwb.edu.pl\/ns\/"},{"@type":"ListItem","position":2,"name":"Sukcesy naszych doktorant\u00f3w"}]},{"@type":"WebSite","@id":"https:\/\/szkolydoktorskie.uwb.edu.pl\/ns\/#website","url":"https:\/\/szkolydoktorskie.uwb.edu.pl\/ns\/","name":"Szko\u0142a Doktorska Nauk Spo\u0142ecznych UwB","description":"Szko\u0142a Doktorska Nauk Spo\u0142ecznych UwB","publisher":{"@id":"https:\/\/szkolydoktorskie.uwb.edu.pl\/ns\/#organization"},"potentialAction":[{"@type":"SearchAction","target":{"@type":"EntryPoint","urlTemplate":"https:\/\/szkolydoktorskie.uwb.edu.pl\/ns\/?s={search_term_string}"},"query-input":{"@type":"PropertyValueSpecification","valueRequired":true,"valueName":"search_term_string"}}],"inLanguage":"pl-PL"},{"@type":"Organization","@id":"https:\/\/szkolydoktorskie.uwb.edu.pl\/ns\/#organization","name":"Szko\u0142a Doktorska Nauk Spo\u0142ecznych UwB","url":"https:\/\/szkolydoktorskie.uwb.edu.pl\/ns\/","logo":{"@type":"ImageObject","inLanguage":"pl-PL","@id":"https:\/\/szkolydoktorskie.uwb.edu.pl\/ns\/#\/schema\/logo\/image\/","url":"https:\/\/szkolydoktorskie.uwb.edu.pl\/ns\/wp-content\/uploads\/sites\/2\/2021\/04\/cropped-NS-LOGO.png","contentUrl":"https:\/\/szkolydoktorskie.uwb.edu.pl\/ns\/wp-content\/uploads\/sites\/2\/2021\/04\/cropped-NS-LOGO.png","width":705,"height":188,"caption":"Szko\u0142a Doktorska Nauk Spo\u0142ecznych UwB"},"image":{"@id":"https:\/\/szkolydoktorskie.uwb.edu.pl\/ns\/#\/schema\/logo\/image\/"}}]}},"_links":{"self":[{"href":"https:\/\/szkolydoktorskie.uwb.edu.pl\/ns\/wp-json\/wp\/v2\/pages\/863","targetHints":{"allow":["GET"]}}],"collection":[{"href":"https:\/\/szkolydoktorskie.uwb.edu.pl\/ns\/wp-json\/wp\/v2\/pages"}],"about":[{"href":"https:\/\/szkolydoktorskie.uwb.edu.pl\/ns\/wp-json\/wp\/v2\/types\/page"}],"author":[{"embeddable":true,"href":"https:\/\/szkolydoktorskie.uwb.edu.pl\/ns\/wp-json\/wp\/v2\/users\/7"}],"replies":[{"embeddable":true,"href":"https:\/\/szkolydoktorskie.uwb.edu.pl\/ns\/wp-json\/wp\/v2\/comments?post=863"}],"version-history":[{"count":12,"href":"https:\/\/szkolydoktorskie.uwb.edu.pl\/ns\/wp-json\/wp\/v2\/pages\/863\/revisions"}],"predecessor-version":[{"id":2550,"href":"https:\/\/szkolydoktorskie.uwb.edu.pl\/ns\/wp-json\/wp\/v2\/pages\/863\/revisions\/2550"}],"wp:attachment":[{"href":"https:\/\/szkolydoktorskie.uwb.edu.pl\/ns\/wp-json\/wp\/v2\/media?parent=863"}],"curies":[{"name":"wp","href":"https:\/\/api.w.org\/{rel}","templated":true}]}}