{"id":861,"date":"2022-02-01T16:04:31","date_gmt":"2022-02-01T15:04:31","guid":{"rendered":"https:\/\/szkolydoktorskie.uwb.edu.pl\/ns\/?page_id=861"},"modified":"2024-01-03T08:31:54","modified_gmt":"2024-01-03T07:31:54","slug":"staze","status":"publish","type":"page","link":"https:\/\/szkolydoktorskie.uwb.edu.pl\/ns\/staze\/","title":{"rendered":"Sta\u017ce, Erasmus, Wyjazdy zagraniczne, MOST"},"content":{"rendered":"\n<p class=\"has-pale-cyan-blue-background-color has-background\"><strong>STA\u017bE<\/strong><\/p>\n\n\n\n<p class=\"has-cyan-bluish-gray-background-color has-background\"><strong>Procedura sta\u017cu krajowego<\/strong><\/p>\n\n\n\n<p><a href=\"https:\/\/szkolydoktorskie.uwb.edu.pl\/ns\/wp-content\/uploads\/sites\/2\/2022\/02\/Zarzadzenie_nr_17_-_staze_szkoly_doktorskie.pdf\">Zarz\u0105dzenie nr 17 Rektora Uniwersytetu w Bia\u0142ymstoku z dnia 17 lutego 2022 r. <em>w sprawie wyjazd\u00f3w na krajowy\/zagraniczny sta\u017c naukowy doktorant\u00f3w szk\u00f3\u0142 doktorskich Uniwersytetu w Bia\u0142ymstoku<\/em><\/a><\/p>\n\n\n\n<p><sub><a href=\"https:\/\/szkolydoktorskie.uwb.edu.pl\/ns\/wp-content\/uploads\/sites\/2\/2022\/02\/Zalaczniki_do_Zarzadzenia_nr_17_z_2022_r_.docx\">Za\u0142\u0105czniki <\/a><\/sub><\/p>\n\n\n\n<p style=\"font-size:18px\"><strong>Sprawozdanie z realizacji sta\u017cu<\/strong> <em>&#8211; za\u0142\u0105cznik nr 7 do Zarz\u0105dzania nr 17 Rektora UwB<\/em><\/p>\n\n\n\n<p style=\"font-size:18px\"><strong>Certyfikat udzia\u0142u wraz z opini\u0105 opiekuna sta\u017cu<\/strong> <strong>z<\/strong> <strong>uczelni przyjmuj\u0105cej<\/strong><\/p>\n\n\n\n<p class=\"has-cyan-bluish-gray-background-color has-background\"><strong>Procedura sta\u017cu zagranicznego<\/strong><\/p>\n\n\n\n<p><a href=\"https:\/\/szkolydoktorskie.uwb.edu.pl\/ns\/wp-content\/uploads\/sites\/2\/2022\/02\/Zarzadzenie_nr_17_-_staze_szkoly_doktorskie.pdf\">Zarz\u0105dzenie nr 17 Rektora Uniwersytetu w Bia\u0142ymstoku z dnia 17 lutego 2022 r. <em>w sprawie wyjazd\u00f3w na krajowy\/zagraniczny sta\u017c naukowy doktorant\u00f3w szk\u00f3\u0142 doktorskich Uniwersytetu w Bia\u0142ymstoku<\/em><\/a><\/p>\n\n\n\n<p style=\"font-size:14px\"><sub><a href=\"https:\/\/szkolydoktorskie.uwb.edu.pl\/ns\/wp-content\/uploads\/sites\/2\/2022\/02\/Zalaczniki_do_Zarzadzenia_nr_17_z_2022_r_.docx\">Za\u0142\u0105czniki <\/a><\/sub>, w tym: <\/p>\n\n\n\n<p style=\"font-size:14px\">Sprawozdanie z realizacji sta\u017cu <em>&#8211; za\u0142\u0105cznik nr 7 do Zarz\u0105dzania nr 17<\/em><\/p>\n\n\n\n<p style=\"font-size:14px\">Certyfikat udzia\u0142u wraz z opini\u0105 opiekuna sta\u017cu z uczelni przyjmuj\u0105cej<\/p>\n\n\n\n<p><\/p>\n\n\n\n<p><a href=\"https:\/\/bip.uwb.edu.pl\/uwb\/akty-prawne-uwb\/2023\/zarzadzenia-rektora\/19649,Zarzadzenie-nr-4-Rektora-Uniwersytetu-w-Bialymstoku-z-dnia-5-stycznia-2023-r-w-s.html\">Zarz\u0105dzenie nr 4 Rektora Uniwersytetu w Bia\u0142ymstoku z dnia 5 stycznia 2023 r. w sprawie okre\u015blenia warunk\u00f3w i trybu kierowania za granic\u0119 pracownik\u00f3w, doktorant\u00f3w, student\u00f3w Uniwersytetu w Bia\u0142ymstoku, wykonawc\u00f3w projekt\u00f3w nieb\u0119d\u0105cych pracownikami Uniwersytetu w Bia\u0142ymstoku oraz wprowadzenia wzoru wniosku o skierowanie za granic\u0119 i wzoru wniosku rozliczenia koszt\u00f3w podr\u00f3\u017cy zagranicznej<\/a><\/p>\n\n\n\n<p style=\"font-size:14px\"><a href=\"https:\/\/bip.uwb.edu.pl\/download\/64\/47005\/4-Zalaczniknr1Wniosekoskierowaniezagranice-1.docx\">Za\u0142\u0105cznik 1 &#8211; wniosek o skierowanie za granic\u0119 <\/a><\/p>\n\n\n\n<p style=\"font-size:14px\"><a href=\"https:\/\/bip.uwb.edu.pl\/download\/64\/47006\/4-Zalaczniknr2Rozliczeniekosztowpodrozyzagranicznej-EZD1.docx\">Za\u0142\u0105cznik 2 &#8211; rozliczenie koszt\u00f3w podr\u00f3\u017cy zagranicznej <\/a><\/p>\n\n\n\n<p><\/p>\n\n\n\n<p><a href=\"https:\/\/szkolydoktorskie.uwb.edu.pl\/ns\/wp-content\/uploads\/sites\/2\/2023\/10\/Zakup-biletow_2023.docx\">Bilety lotnicze<\/a> -wytyczne <\/p>\n\n\n\n<p class=\"has-cyan-bluish-gray-background-color has-background\"><strong>Wykaz instytucji, w kt\u00f3rych realizowane by\u0142y sta\u017ce doktorant\u00f3w latach 2021-2023<\/strong><\/p>\n\n\n\n<p><a href=\"https:\/\/szkolydoktorskie.uwb.edu.pl\/ns\/wp-content\/uploads\/sites\/2\/2023\/11\/Staze-naukowe-doktorantow_spis-instytucji.pdf\">Wykaz <\/a><\/p>\n\n\n\n<p class=\"has-pale-cyan-blue-background-color has-background\"><strong>ERASMUS <\/strong><\/p>\n\n\n\n<p><a href=\"https:\/\/uwb.edu.pl\/uniwersytet\/wspolpraca-miedzynarodowa\/erasmus-1454\">https:\/\/uwb.edu.pl\/uniwersytet\/wspolpraca-miedzynarodowa\/erasmus-1454<\/a><\/p>\n\n\n\n<p><\/p>\n\n\n\n<p class=\"has-pale-cyan-blue-background-color has-background\"><strong>WYJAZDY ZAGRANICZNE<\/strong><\/p>\n\n\n\n<p class=\"has-cyan-bluish-gray-background-color has-background\"><strong>Program Bekker NAWA <\/strong><\/p>\n\n\n\n<p>finansowanie wyjazd\u00f3w do uznanych o\u015brodk\u00f3w badawczych oraz akademickich na ca\u0142ym \u015bwiecie.<br><a href=\"https:\/\/nawa.gov.pl\/programy-nawa\/programy-nawa-alias\/programy\/bekker-nawa\" target=\"_blank\" rel=\"noreferrer noopener\">https:\/\/nawa.gov.pl\/programy-nawa\/programy-nawa-alias\/programy\/bekker-nawa<\/a><\/p>\n\n\n\n<p>Nab\u00f3r wniosk\u00f3w 29.03-31.05.2023<\/p>\n\n\n\n<p class=\"has-cyan-bluish-gray-background-color has-background\"><strong>Oferta\u00a0wyjazdowa\u00a0NAWA\u00a0&#8211;\u00a0Program\u00a0Zawacka\u00a0\u00a0(w\u00a0tym\u00a0sta\u017ce\u00a0naukowe\u00a0doktorant\u00f3w)<\/strong><\/p>\n\n\n\n<p><a href=\"https:\/\/nawa.gov.pl\/wspolpraca-i-wymiana-miedzynarodowa\/zawacka-nawa\/wyjazdy\">https:\/\/nawa.gov.pl\/wspolpraca-i-wymiana-miedzynarodowa\/zawacka-nawa\/wyjazdy<\/a><\/p>\n\n\n\n<p class=\"has-cyan-bluish-gray-background-color has-background\"><strong>Program stypendialny Polsko-Ameryka\u0144skiej Komisji Fulbrighta na wyjazd do USA<\/strong><\/p>\n\n\n\n<p>Trwa nab\u00f3r do program\u00f3w stypendialnych Polsko-Ameryka\u0144skiej Komisji Fulbrighta na wyjazd do USA: Graduate Student Award 2024-25, Junior Research Award 2024-25, Senior Award 2024-25 i STEM Impact Award 2023-24 oraz nowo\u015b\u0107 (!) \u2013 Fulbright Research Award at Stanford University School of Medicine 2024-25.&nbsp;<\/p>\n\n\n\n<p>Serdecznie zach\u0119camy do zapoznania si\u0119 z ofert\u0105:<\/p>\n\n\n\n<p style=\"font-size:14px\"><strong>Fulbright Research Award at Stanford University School of Medicine 2024-25<\/strong>&nbsp;to program dla os\u00f3b przygotowuj\u0105cych rozpraw\u0119 doktorsk\u0105 w polskich instytucjach naukowych z nast\u0119puj\u0105cych dziedzin: biologia kom\u00f3rkowa, molekularna lub strukturalna, biochemia, biofizyka albo obszary pokrewne, z wy\u0142\u0105czeniem projekt\u00f3w wymagaj\u0105cych bezpo\u015bredniego kontaktu z pacjentem. Celem 10-miesi\u0119cznego stypendium jest realizacja w\u0142asnego projektu badawczego w Stanford University School of Medicine powi\u0105zanego z tematyk\u0105 przygotowywanej rozprawy doktorskiej. Stypendium jest cz\u0119\u015bci\u0105 programu Junior Research Award i oferowane jest we wsp\u00f3\u0142pracy z Rogala Lab.&nbsp;Nab\u00f3r wniosk\u00f3w trwa&nbsp;<strong>do 26 maja.&nbsp;<\/strong>Wi\u0119cej informacji: fulbright.edu.pl\/junior-award<\/p>\n\n\n\n<p style=\"font-size:14px\"><strong>Fulbright Junior Research Award 2024-25&nbsp;<\/strong>to program dla os\u00f3b przygotowuj\u0105cych rozpraw\u0119 doktorsk\u0105 w polskich instytucjach naukowych. Celem stypendium, trwaj\u0105cego&nbsp;<strong>od 4 do 10 miesi\u0119cy<\/strong>, jest realizacja w\u0142asnego projektu badawczego w ameryka\u0144skiej uczelni, instytucie badawczym non-profit lub organizacji pozarz\u0105dowej w USA, powi\u0105zanego z tematyk\u0105 przygotowywanej rozprawy doktorskiej. Przyjmowane s\u0105 zg\u0142oszenia ze wszystkich dziedzin z wy\u0142\u0105czeniem projekt\u00f3w wymagaj\u0105cych bezpo\u015bredniego kontaktu z pacjentem.&nbsp;Nowo\u015b\u0107! W ramach konkursu Junior Research Award 2024-25 mo\u017cna te\u017c sk\u0142ada\u0107 wnioski o nowe, 10-miesi\u0119czne stypendium Fulbright Research Award at Stanford University School of Medicine 2024-25.&nbsp;Nab\u00f3r wniosk\u00f3w trwa&nbsp;<strong>do 26 maja.&nbsp;<\/strong>Wi\u0119cej informacji: fulbright.edu.pl\/junior-award<\/p>\n\n\n\n<p style=\"font-size:14px\"><strong>Fulbright STEM Impact Award 2023-24<\/strong>&nbsp;to program dla os\u00f3b, kt\u00f3re kieruj\u0105 projektami badawczymi z obszar\u00f3w STEM i s\u0105 zatrudnione w polskich instytucjach akademickich i naukowych.&nbsp; Stypendium pozwala na realizacj\u0119&nbsp;<strong>kr\u00f3tkoterminowego (2-6 tygodni) projektu<\/strong>&nbsp;badawczego, dydaktycznego lub badawczo-dydaktycznego oraz na poszerzenie wiedzy z zakresu komercjalizacji nauki lub skutecznego pisania wniosk\u00f3w grantowych w instytucjach w USA. Stypendium przeznaczone jest do pracownik\u00f3w i pracowniczek badawczych i dydaktycznych z do\u015bwiadczeniem w zarz\u0105dzaniu projektami badawczymi i nadzorowaniu pracy innych naukowc\u00f3w. Nab\u00f3r wniosk\u00f3w trwa&nbsp;<strong>do 26 maja<\/strong>. Wi\u0119cej informacji: fulbright.edu.pl\/fulbright-stem-impact-award\/<\/p>\n\n\n\n<p style=\"font-size:14px\"><strong>Fulbright Senior Award 2024-25&nbsp;<\/strong>to program umo\u017cliwiaj\u0105cy osobom zatrudnionym w polskich instytucjach akademickich i naukowych realizacj\u0119 samodzielnych projekt\u00f3w badawczych lub badawczo-dydaktycznych w instytucji goszcz\u0105cej w USA (tj. ameryka\u0144skiej uczelni, instytucie badawczym non-profit lub instytucji rz\u0105dowe). Stypendium, trwaj\u0105ce&nbsp;<strong>od 3 do 10 miesi\u0119cy<\/strong>, skierowane jest do pracownik\u00f3w i pracowniczek badawczych i dydaktycznych na ka\u017cdym etapie kariery po uzyskaniu stopnia doktora. Przyjmujemy zg\u0142oszenia ze wszystkich dziedzin z wy\u0142\u0105czeniem projekt\u00f3w wymagaj\u0105cych bezpo\u015bredniego kontaktu z pacjentem.&nbsp;Nab\u00f3r wniosk\u00f3w trwa<strong>&nbsp;do 16 czerwca<\/strong>. Wi\u0119cej informacji:&nbsp;fulbright.edu.pl\/senior-award<\/p>\n\n\n\n<p style=\"font-size:14px\"><strong>Fulbright Graduate Student Award 2024-25<\/strong>&nbsp;to program dla os\u00f3b zainteresowanych rozpocz\u0119ciem studi\u00f3w drugiego lub trzeciego stopnia w USA, zapewniaj\u0105cy finansowanie pierwszego roku nauki w kwocie do 47 000 USD, z mo\u017cliwo\u015bci\u0105 przed\u0142u\u017cenia na kolejny rok.&nbsp;<\/p>\n\n\n\n<p style=\"font-size:14px\">Przyjmowane s\u0105 wnioski na wszystkie kierunki studi\u00f3w z wy\u0142\u0105czeniem studi\u00f3w medycznych wymagaj\u0105cych bezpo\u015bredniego kontaktu z pacjentem, program\u00f3w LLM (Master of Laws) oraz MBA (Master of Business Administration). Wyjazd jest mo\u017cliwy na ka\u017cd\u0105 akredytowan\u0105 uczelni\u0119 wy\u017csz\u0105.&nbsp;Nab\u00f3r wniosk\u00f3w trwa&nbsp;<strong>do 24 kwietnia.&nbsp;<\/strong>Wi\u0119cej informacji: fulbright.edu.pl\/graduate-student-award<\/p>\n\n\n\n<p><strong>Szczeg\u00f3\u0142owe Informacje o tegorocznym naborze i planowanych webinarach, a tak\u017ce komplet materia\u0142\u00f3w promocyjnych znajduj\u0105 si\u0119 na stronie: fulbright.edu.pl\/stypendia-do-usa\/<\/strong><\/p>\n\n\n\n<p class=\"has-pale-cyan-blue-background-color has-background\"><strong>MOST<\/strong><\/p>\n\n\n\n<p><a href=\"https:\/\/uwb.edu.pl\/student\/doktorant-3617\/programy-wymiany-doktorantow-3627\/program-mobilnosci-studentow-i-doktorantow-most\">https:\/\/uwb.edu.pl\/student\/doktorant-3617\/programy-wymiany-doktorantow-3627\/program-mobilnosci-studentow-i-doktorantow-most<\/a><\/p>\n\n\n\n<p><a href=\"https:\/\/www.facebook.com\/programmost2000\">https:\/\/www.facebook.com\/programmost2000<\/a><\/p>\n","protected":false},"excerpt":{"rendered":"<p>STA\u017bE Procedura sta\u017cu krajowego Zarz\u0105dzenie nr 17 Rektora Uniwersytetu w Bia\u0142ymstoku z dnia 17 lutego 2022 r. w sprawie wyjazd\u00f3w na krajowy\/zagraniczny sta\u017c naukowy doktorant\u00f3w szk\u00f3\u0142 doktorskich Uniwersytetu w Bia\u0142ymstoku&hellip;<\/p>\n","protected":false},"author":7,"featured_media":0,"parent":0,"menu_order":0,"comment_status":"closed","ping_status":"closed","template":"","meta":{"footnotes":""},"class_list":["post-861","page","type-page","status-publish","hentry"],"yoast_head":"<!-- This site is optimized with the Yoast SEO plugin v27.3 - https:\/\/yoast.com\/product\/yoast-seo-wordpress\/ -->\n<title>Sta\u017ce, Erasmus, Wyjazdy zagraniczne, MOST - Szko\u0142a Doktorska Nauk Spo\u0142ecznych UwB<\/title>\n<meta name=\"robots\" content=\"index, follow, max-snippet:-1, max-image-preview:large, max-video-preview:-1\" \/>\n<link rel=\"canonical\" href=\"https:\/\/szkolydoktorskie.uwb.edu.pl\/ns\/staze\/\" \/>\n<meta property=\"og:locale\" content=\"pl_PL\" \/>\n<meta property=\"og:type\" content=\"article\" \/>\n<meta property=\"og:title\" content=\"Sta\u017ce, Erasmus, Wyjazdy zagraniczne, MOST - Szko\u0142a Doktorska Nauk Spo\u0142ecznych UwB\" \/>\n<meta property=\"og:description\" content=\"STA\u017bE Procedura sta\u017cu krajowego Zarz\u0105dzenie nr 17 Rektora Uniwersytetu w Bia\u0142ymstoku z dnia 17 lutego 2022 r. w sprawie wyjazd\u00f3w na krajowy\/zagraniczny sta\u017c naukowy doktorant\u00f3w szk\u00f3\u0142 doktorskich Uniwersytetu w Bia\u0142ymstoku&hellip;\" \/>\n<meta property=\"og:url\" content=\"https:\/\/szkolydoktorskie.uwb.edu.pl\/ns\/staze\/\" \/>\n<meta property=\"og:site_name\" content=\"Szko\u0142a Doktorska Nauk Spo\u0142ecznych UwB\" \/>\n<meta property=\"article:modified_time\" content=\"2024-01-03T07:31:54+00:00\" \/>\n<meta name=\"twitter:card\" content=\"summary_large_image\" \/>\n<meta name=\"twitter:label1\" content=\"Szacowany czas czytania\" \/>\n\t<meta name=\"twitter:data1\" content=\"5 minut\" \/>\n<script type=\"application\/ld+json\" class=\"yoast-schema-graph\">{\"@context\":\"https:\\\/\\\/schema.org\",\"@graph\":[{\"@type\":\"WebPage\",\"@id\":\"https:\\\/\\\/szkolydoktorskie.uwb.edu.pl\\\/ns\\\/staze\\\/\",\"url\":\"https:\\\/\\\/szkolydoktorskie.uwb.edu.pl\\\/ns\\\/staze\\\/\",\"name\":\"Sta\u017ce, Erasmus, Wyjazdy zagraniczne, MOST - Szko\u0142a Doktorska Nauk Spo\u0142ecznych UwB\",\"isPartOf\":{\"@id\":\"https:\\\/\\\/szkolydoktorskie.uwb.edu.pl\\\/ns\\\/#website\"},\"datePublished\":\"2022-02-01T15:04:31+00:00\",\"dateModified\":\"2024-01-03T07:31:54+00:00\",\"breadcrumb\":{\"@id\":\"https:\\\/\\\/szkolydoktorskie.uwb.edu.pl\\\/ns\\\/staze\\\/#breadcrumb\"},\"inLanguage\":\"pl-PL\",\"potentialAction\":[{\"@type\":\"ReadAction\",\"target\":[\"https:\\\/\\\/szkolydoktorskie.uwb.edu.pl\\\/ns\\\/staze\\\/\"]}]},{\"@type\":\"BreadcrumbList\",\"@id\":\"https:\\\/\\\/szkolydoktorskie.uwb.edu.pl\\\/ns\\\/staze\\\/#breadcrumb\",\"itemListElement\":[{\"@type\":\"ListItem\",\"position\":1,\"name\":\"Strona g\u0142\u00f3wna\",\"item\":\"https:\\\/\\\/szkolydoktorskie.uwb.edu.pl\\\/ns\\\/\"},{\"@type\":\"ListItem\",\"position\":2,\"name\":\"Sta\u017ce, Erasmus, Wyjazdy zagraniczne, MOST\"}]},{\"@type\":\"WebSite\",\"@id\":\"https:\\\/\\\/szkolydoktorskie.uwb.edu.pl\\\/ns\\\/#website\",\"url\":\"https:\\\/\\\/szkolydoktorskie.uwb.edu.pl\\\/ns\\\/\",\"name\":\"Szko\u0142a Doktorska Nauk Spo\u0142ecznych UwB\",\"description\":\"Szko\u0142a Doktorska Nauk Spo\u0142ecznych UwB\",\"publisher\":{\"@id\":\"https:\\\/\\\/szkolydoktorskie.uwb.edu.pl\\\/ns\\\/#organization\"},\"potentialAction\":[{\"@type\":\"SearchAction\",\"target\":{\"@type\":\"EntryPoint\",\"urlTemplate\":\"https:\\\/\\\/szkolydoktorskie.uwb.edu.pl\\\/ns\\\/?s={search_term_string}\"},\"query-input\":{\"@type\":\"PropertyValueSpecification\",\"valueRequired\":true,\"valueName\":\"search_term_string\"}}],\"inLanguage\":\"pl-PL\"},{\"@type\":\"Organization\",\"@id\":\"https:\\\/\\\/szkolydoktorskie.uwb.edu.pl\\\/ns\\\/#organization\",\"name\":\"Szko\u0142a Doktorska Nauk Spo\u0142ecznych UwB\",\"url\":\"https:\\\/\\\/szkolydoktorskie.uwb.edu.pl\\\/ns\\\/\",\"logo\":{\"@type\":\"ImageObject\",\"inLanguage\":\"pl-PL\",\"@id\":\"https:\\\/\\\/szkolydoktorskie.uwb.edu.pl\\\/ns\\\/#\\\/schema\\\/logo\\\/image\\\/\",\"url\":\"https:\\\/\\\/szkolydoktorskie.uwb.edu.pl\\\/ns\\\/wp-content\\\/uploads\\\/sites\\\/2\\\/2021\\\/04\\\/cropped-NS-LOGO.png\",\"contentUrl\":\"https:\\\/\\\/szkolydoktorskie.uwb.edu.pl\\\/ns\\\/wp-content\\\/uploads\\\/sites\\\/2\\\/2021\\\/04\\\/cropped-NS-LOGO.png\",\"width\":705,\"height\":188,\"caption\":\"Szko\u0142a Doktorska Nauk Spo\u0142ecznych UwB\"},\"image\":{\"@id\":\"https:\\\/\\\/szkolydoktorskie.uwb.edu.pl\\\/ns\\\/#\\\/schema\\\/logo\\\/image\\\/\"}}]}<\/script>\n<!-- \/ Yoast SEO plugin. -->","yoast_head_json":{"title":"Sta\u017ce, Erasmus, Wyjazdy zagraniczne, MOST - Szko\u0142a Doktorska Nauk Spo\u0142ecznych UwB","robots":{"index":"index","follow":"follow","max-snippet":"max-snippet:-1","max-image-preview":"max-image-preview:large","max-video-preview":"max-video-preview:-1"},"canonical":"https:\/\/szkolydoktorskie.uwb.edu.pl\/ns\/staze\/","og_locale":"pl_PL","og_type":"article","og_title":"Sta\u017ce, Erasmus, Wyjazdy zagraniczne, MOST - Szko\u0142a Doktorska Nauk Spo\u0142ecznych UwB","og_description":"STA\u017bE Procedura sta\u017cu krajowego Zarz\u0105dzenie nr 17 Rektora Uniwersytetu w Bia\u0142ymstoku z dnia 17 lutego 2022 r. w sprawie wyjazd\u00f3w na krajowy\/zagraniczny sta\u017c naukowy doktorant\u00f3w szk\u00f3\u0142 doktorskich Uniwersytetu w Bia\u0142ymstoku&hellip;","og_url":"https:\/\/szkolydoktorskie.uwb.edu.pl\/ns\/staze\/","og_site_name":"Szko\u0142a Doktorska Nauk Spo\u0142ecznych UwB","article_modified_time":"2024-01-03T07:31:54+00:00","twitter_card":"summary_large_image","twitter_misc":{"Szacowany czas czytania":"5 minut"},"schema":{"@context":"https:\/\/schema.org","@graph":[{"@type":"WebPage","@id":"https:\/\/szkolydoktorskie.uwb.edu.pl\/ns\/staze\/","url":"https:\/\/szkolydoktorskie.uwb.edu.pl\/ns\/staze\/","name":"Sta\u017ce, Erasmus, Wyjazdy zagraniczne, MOST - Szko\u0142a Doktorska Nauk Spo\u0142ecznych UwB","isPartOf":{"@id":"https:\/\/szkolydoktorskie.uwb.edu.pl\/ns\/#website"},"datePublished":"2022-02-01T15:04:31+00:00","dateModified":"2024-01-03T07:31:54+00:00","breadcrumb":{"@id":"https:\/\/szkolydoktorskie.uwb.edu.pl\/ns\/staze\/#breadcrumb"},"inLanguage":"pl-PL","potentialAction":[{"@type":"ReadAction","target":["https:\/\/szkolydoktorskie.uwb.edu.pl\/ns\/staze\/"]}]},{"@type":"BreadcrumbList","@id":"https:\/\/szkolydoktorskie.uwb.edu.pl\/ns\/staze\/#breadcrumb","itemListElement":[{"@type":"ListItem","position":1,"name":"Strona g\u0142\u00f3wna","item":"https:\/\/szkolydoktorskie.uwb.edu.pl\/ns\/"},{"@type":"ListItem","position":2,"name":"Sta\u017ce, Erasmus, Wyjazdy zagraniczne, MOST"}]},{"@type":"WebSite","@id":"https:\/\/szkolydoktorskie.uwb.edu.pl\/ns\/#website","url":"https:\/\/szkolydoktorskie.uwb.edu.pl\/ns\/","name":"Szko\u0142a Doktorska Nauk Spo\u0142ecznych UwB","description":"Szko\u0142a Doktorska Nauk Spo\u0142ecznych UwB","publisher":{"@id":"https:\/\/szkolydoktorskie.uwb.edu.pl\/ns\/#organization"},"potentialAction":[{"@type":"SearchAction","target":{"@type":"EntryPoint","urlTemplate":"https:\/\/szkolydoktorskie.uwb.edu.pl\/ns\/?s={search_term_string}"},"query-input":{"@type":"PropertyValueSpecification","valueRequired":true,"valueName":"search_term_string"}}],"inLanguage":"pl-PL"},{"@type":"Organization","@id":"https:\/\/szkolydoktorskie.uwb.edu.pl\/ns\/#organization","name":"Szko\u0142a Doktorska Nauk Spo\u0142ecznych UwB","url":"https:\/\/szkolydoktorskie.uwb.edu.pl\/ns\/","logo":{"@type":"ImageObject","inLanguage":"pl-PL","@id":"https:\/\/szkolydoktorskie.uwb.edu.pl\/ns\/#\/schema\/logo\/image\/","url":"https:\/\/szkolydoktorskie.uwb.edu.pl\/ns\/wp-content\/uploads\/sites\/2\/2021\/04\/cropped-NS-LOGO.png","contentUrl":"https:\/\/szkolydoktorskie.uwb.edu.pl\/ns\/wp-content\/uploads\/sites\/2\/2021\/04\/cropped-NS-LOGO.png","width":705,"height":188,"caption":"Szko\u0142a Doktorska Nauk Spo\u0142ecznych UwB"},"image":{"@id":"https:\/\/szkolydoktorskie.uwb.edu.pl\/ns\/#\/schema\/logo\/image\/"}}]}},"_links":{"self":[{"href":"https:\/\/szkolydoktorskie.uwb.edu.pl\/ns\/wp-json\/wp\/v2\/pages\/861","targetHints":{"allow":["GET"]}}],"collection":[{"href":"https:\/\/szkolydoktorskie.uwb.edu.pl\/ns\/wp-json\/wp\/v2\/pages"}],"about":[{"href":"https:\/\/szkolydoktorskie.uwb.edu.pl\/ns\/wp-json\/wp\/v2\/types\/page"}],"author":[{"embeddable":true,"href":"https:\/\/szkolydoktorskie.uwb.edu.pl\/ns\/wp-json\/wp\/v2\/users\/7"}],"replies":[{"embeddable":true,"href":"https:\/\/szkolydoktorskie.uwb.edu.pl\/ns\/wp-json\/wp\/v2\/comments?post=861"}],"version-history":[{"count":18,"href":"https:\/\/szkolydoktorskie.uwb.edu.pl\/ns\/wp-json\/wp\/v2\/pages\/861\/revisions"}],"predecessor-version":[{"id":2247,"href":"https:\/\/szkolydoktorskie.uwb.edu.pl\/ns\/wp-json\/wp\/v2\/pages\/861\/revisions\/2247"}],"wp:attachment":[{"href":"https:\/\/szkolydoktorskie.uwb.edu.pl\/ns\/wp-json\/wp\/v2\/media?parent=861"}],"curies":[{"name":"wp","href":"https:\/\/api.w.org\/{rel}","templated":true}]}}