{"id":857,"date":"2022-02-01T16:01:57","date_gmt":"2022-02-01T15:01:57","guid":{"rendered":"https:\/\/szkolydoktorskie.uwb.edu.pl\/ns\/?page_id=857"},"modified":"2022-02-01T16:57:53","modified_gmt":"2022-02-01T15:57:53","slug":"szkolenia","status":"publish","type":"page","link":"https:\/\/szkolydoktorskie.uwb.edu.pl\/ns\/szkolenia\/","title":{"rendered":"Szkolenia"},"content":{"rendered":"\n<p class=\"has-pale-cyan-blue-background-color has-background\" style=\"text-transform:uppercase\"><strong>Szkolenia <\/strong><\/p>\n\n\n\n<p>W dniach <strong>27.10.2021 r. i 03.11.2021 r.<\/strong> odb\u0119dzie si\u0119 szkolenie on-line nt. <strong><em>Elektroniczne \u017ar\u00f3d\u0142a informacji naukowej.<\/em><\/strong><\/p>\n\n\n\n<p><strong>Spotkanie I \u2013 27.10.2021, w godz. 16.30-17.30<\/strong><\/p>\n\n\n\n<p>nt. <strong>Gdzie i jak szuka\u0107 informacje do prac naukowyc<\/strong><strong>h<\/strong> &nbsp;<\/p>\n\n\n\n<p>Tematyka: wyszukiwanie informacji naukowej w \u017ar\u00f3d\u0142ach elektronicznych komercyjnych i otwartych, z uwzgl\u0119dnieniem praw autorskich.<\/p>\n\n\n\n<p><strong>Spotkanie II \u2013 03.11.2021 r., w godz. 16.30-17.30&nbsp;<\/strong><\/p>\n\n\n\n<p><strong>nt. Otwarta Nauka \u2013 wybrane aspekty<\/strong><\/p>\n\n\n\n<p>Tematyka:&nbsp; wybrane aspekty Otwartej Nauki \u2013 Repozytorium Uniwersytetu w Bia\u0142ymstoku (ze szczeg\u00f3\u0142owym om\u00f3wieniem udost\u0119pniania doktorat\u00f3w i innych publikacji), identyfikator\u00f3w (ORCID, DOI), Planu \u201eS\u201d, Otwartych danych badawczych, Otwartych program\u00f3w publikowania oraz drapie\u017cnych wydawnictw.<\/p>\n\n\n\n<p>Bli\u017cszych informacji udziela Sekretariat SDNS.<\/p>\n\n\n\n<p class=\"has-cyan-bluish-gray-background-color has-background\"><strong>Inne szkolenia<\/strong><\/p>\n\n\n\n<p><strong>Stowarzyszenie<\/strong><strong>Rozwoju Karier Doktorant\u00f3w i Doktor\u00f3w <\/strong>POLDOC: <a href=\"https:\/\/www.poldoc.pl\/szkolenia-i-doradztwo\/grafik-semestralny\" target=\"_blank\" rel=\"noreferrer noopener\">https:\/\/www.poldoc.pl\/szkolenia-i-doradztwo\/grafik-semestralny<\/a><\/p>\n\n\n\n<p>E-DOKTORANT: <a href=\"https:\/\/edoktorant.pl\/szkolenia\/\" target=\"_blank\" rel=\"noreferrer noopener\">https:\/\/edoktorant.pl\/szkolenia\/<\/a><\/p>\n\n\n\n<p>Szkolenia NBP dla nauczycieli: <a href=\"https:\/\/www.nbp.pl\/home.aspx?f=\/edukacja\/szkolenia\/index.html\" target=\"_blank\" rel=\"noreferrer noopener\">https:\/\/www.nbp.pl\/home.aspx?f=\/edukacja\/szkolenia\/index.html<\/a><\/p>\n","protected":false},"excerpt":{"rendered":"<p>Szkolenia W dniach 27.10.2021 r. i 03.11.2021 r. odb\u0119dzie si\u0119 szkolenie on-line nt. Elektroniczne \u017ar\u00f3d\u0142a informacji naukowej. Spotkanie I \u2013 27.10.2021, w godz. 16.30-17.30 nt. Gdzie i jak szuka\u0107 informacje&hellip;<\/p>\n","protected":false},"author":7,"featured_media":0,"parent":0,"menu_order":0,"comment_status":"closed","ping_status":"closed","template":"","meta":{"footnotes":""},"class_list":["post-857","page","type-page","status-publish","hentry"],"yoast_head":"<!-- This site is optimized with the Yoast SEO plugin v27.5 - https:\/\/yoast.com\/product\/yoast-seo-wordpress\/ -->\n<title>Szkolenia - Szko\u0142a Doktorska Nauk Spo\u0142ecznych UwB<\/title>\n<meta name=\"robots\" content=\"index, follow, max-snippet:-1, max-image-preview:large, max-video-preview:-1\" \/>\n<link rel=\"canonical\" href=\"https:\/\/szkolydoktorskie.uwb.edu.pl\/ns\/szkolenia\/\" \/>\n<meta property=\"og:locale\" content=\"pl_PL\" \/>\n<meta property=\"og:type\" content=\"article\" \/>\n<meta property=\"og:title\" content=\"Szkolenia - Szko\u0142a Doktorska Nauk Spo\u0142ecznych UwB\" \/>\n<meta property=\"og:description\" content=\"Szkolenia W dniach 27.10.2021 r. i 03.11.2021 r. odb\u0119dzie si\u0119 szkolenie on-line nt. Elektroniczne \u017ar\u00f3d\u0142a informacji naukowej. Spotkanie I \u2013 27.10.2021, w godz. 16.30-17.30 nt. Gdzie i jak szuka\u0107 informacje&hellip;\" \/>\n<meta property=\"og:url\" content=\"https:\/\/szkolydoktorskie.uwb.edu.pl\/ns\/szkolenia\/\" \/>\n<meta property=\"og:site_name\" content=\"Szko\u0142a Doktorska Nauk Spo\u0142ecznych UwB\" \/>\n<meta property=\"article:modified_time\" content=\"2022-02-01T15:57:53+00:00\" \/>\n<meta name=\"twitter:card\" content=\"summary_large_image\" \/>\n<meta name=\"twitter:label1\" content=\"Szacowany czas czytania\" \/>\n\t<meta name=\"twitter:data1\" content=\"1 minuta\" \/>\n<script type=\"application\/ld+json\" class=\"yoast-schema-graph\">{\"@context\":\"https:\\\/\\\/schema.org\",\"@graph\":[{\"@type\":\"WebPage\",\"@id\":\"https:\\\/\\\/szkolydoktorskie.uwb.edu.pl\\\/ns\\\/szkolenia\\\/\",\"url\":\"https:\\\/\\\/szkolydoktorskie.uwb.edu.pl\\\/ns\\\/szkolenia\\\/\",\"name\":\"Szkolenia - Szko\u0142a Doktorska Nauk Spo\u0142ecznych UwB\",\"isPartOf\":{\"@id\":\"https:\\\/\\\/szkolydoktorskie.uwb.edu.pl\\\/ns\\\/#website\"},\"datePublished\":\"2022-02-01T15:01:57+00:00\",\"dateModified\":\"2022-02-01T15:57:53+00:00\",\"breadcrumb\":{\"@id\":\"https:\\\/\\\/szkolydoktorskie.uwb.edu.pl\\\/ns\\\/szkolenia\\\/#breadcrumb\"},\"inLanguage\":\"pl-PL\",\"potentialAction\":[{\"@type\":\"ReadAction\",\"target\":[\"https:\\\/\\\/szkolydoktorskie.uwb.edu.pl\\\/ns\\\/szkolenia\\\/\"]}]},{\"@type\":\"BreadcrumbList\",\"@id\":\"https:\\\/\\\/szkolydoktorskie.uwb.edu.pl\\\/ns\\\/szkolenia\\\/#breadcrumb\",\"itemListElement\":[{\"@type\":\"ListItem\",\"position\":1,\"name\":\"Strona g\u0142\u00f3wna\",\"item\":\"https:\\\/\\\/szkolydoktorskie.uwb.edu.pl\\\/ns\\\/\"},{\"@type\":\"ListItem\",\"position\":2,\"name\":\"Szkolenia\"}]},{\"@type\":\"WebSite\",\"@id\":\"https:\\\/\\\/szkolydoktorskie.uwb.edu.pl\\\/ns\\\/#website\",\"url\":\"https:\\\/\\\/szkolydoktorskie.uwb.edu.pl\\\/ns\\\/\",\"name\":\"Szko\u0142a Doktorska Nauk Spo\u0142ecznych UwB\",\"description\":\"Szko\u0142a Doktorska Nauk Spo\u0142ecznych UwB\",\"publisher\":{\"@id\":\"https:\\\/\\\/szkolydoktorskie.uwb.edu.pl\\\/ns\\\/#organization\"},\"potentialAction\":[{\"@type\":\"SearchAction\",\"target\":{\"@type\":\"EntryPoint\",\"urlTemplate\":\"https:\\\/\\\/szkolydoktorskie.uwb.edu.pl\\\/ns\\\/?s={search_term_string}\"},\"query-input\":{\"@type\":\"PropertyValueSpecification\",\"valueRequired\":true,\"valueName\":\"search_term_string\"}}],\"inLanguage\":\"pl-PL\"},{\"@type\":\"Organization\",\"@id\":\"https:\\\/\\\/szkolydoktorskie.uwb.edu.pl\\\/ns\\\/#organization\",\"name\":\"Szko\u0142a Doktorska Nauk Spo\u0142ecznych UwB\",\"url\":\"https:\\\/\\\/szkolydoktorskie.uwb.edu.pl\\\/ns\\\/\",\"logo\":{\"@type\":\"ImageObject\",\"inLanguage\":\"pl-PL\",\"@id\":\"https:\\\/\\\/szkolydoktorskie.uwb.edu.pl\\\/ns\\\/#\\\/schema\\\/logo\\\/image\\\/\",\"url\":\"https:\\\/\\\/szkolydoktorskie.uwb.edu.pl\\\/ns\\\/wp-content\\\/uploads\\\/sites\\\/2\\\/2021\\\/04\\\/cropped-NS-LOGO.png\",\"contentUrl\":\"https:\\\/\\\/szkolydoktorskie.uwb.edu.pl\\\/ns\\\/wp-content\\\/uploads\\\/sites\\\/2\\\/2021\\\/04\\\/cropped-NS-LOGO.png\",\"width\":705,\"height\":188,\"caption\":\"Szko\u0142a Doktorska Nauk Spo\u0142ecznych UwB\"},\"image\":{\"@id\":\"https:\\\/\\\/szkolydoktorskie.uwb.edu.pl\\\/ns\\\/#\\\/schema\\\/logo\\\/image\\\/\"}}]}<\/script>\n<!-- \/ Yoast SEO plugin. -->","yoast_head_json":{"title":"Szkolenia - Szko\u0142a Doktorska Nauk Spo\u0142ecznych UwB","robots":{"index":"index","follow":"follow","max-snippet":"max-snippet:-1","max-image-preview":"max-image-preview:large","max-video-preview":"max-video-preview:-1"},"canonical":"https:\/\/szkolydoktorskie.uwb.edu.pl\/ns\/szkolenia\/","og_locale":"pl_PL","og_type":"article","og_title":"Szkolenia - Szko\u0142a Doktorska Nauk Spo\u0142ecznych UwB","og_description":"Szkolenia W dniach 27.10.2021 r. i 03.11.2021 r. odb\u0119dzie si\u0119 szkolenie on-line nt. Elektroniczne \u017ar\u00f3d\u0142a informacji naukowej. Spotkanie I \u2013 27.10.2021, w godz. 16.30-17.30 nt. Gdzie i jak szuka\u0107 informacje&hellip;","og_url":"https:\/\/szkolydoktorskie.uwb.edu.pl\/ns\/szkolenia\/","og_site_name":"Szko\u0142a Doktorska Nauk Spo\u0142ecznych UwB","article_modified_time":"2022-02-01T15:57:53+00:00","twitter_card":"summary_large_image","twitter_misc":{"Szacowany czas czytania":"1 minuta"},"schema":{"@context":"https:\/\/schema.org","@graph":[{"@type":"WebPage","@id":"https:\/\/szkolydoktorskie.uwb.edu.pl\/ns\/szkolenia\/","url":"https:\/\/szkolydoktorskie.uwb.edu.pl\/ns\/szkolenia\/","name":"Szkolenia - Szko\u0142a Doktorska Nauk Spo\u0142ecznych UwB","isPartOf":{"@id":"https:\/\/szkolydoktorskie.uwb.edu.pl\/ns\/#website"},"datePublished":"2022-02-01T15:01:57+00:00","dateModified":"2022-02-01T15:57:53+00:00","breadcrumb":{"@id":"https:\/\/szkolydoktorskie.uwb.edu.pl\/ns\/szkolenia\/#breadcrumb"},"inLanguage":"pl-PL","potentialAction":[{"@type":"ReadAction","target":["https:\/\/szkolydoktorskie.uwb.edu.pl\/ns\/szkolenia\/"]}]},{"@type":"BreadcrumbList","@id":"https:\/\/szkolydoktorskie.uwb.edu.pl\/ns\/szkolenia\/#breadcrumb","itemListElement":[{"@type":"ListItem","position":1,"name":"Strona g\u0142\u00f3wna","item":"https:\/\/szkolydoktorskie.uwb.edu.pl\/ns\/"},{"@type":"ListItem","position":2,"name":"Szkolenia"}]},{"@type":"WebSite","@id":"https:\/\/szkolydoktorskie.uwb.edu.pl\/ns\/#website","url":"https:\/\/szkolydoktorskie.uwb.edu.pl\/ns\/","name":"Szko\u0142a Doktorska Nauk Spo\u0142ecznych UwB","description":"Szko\u0142a Doktorska Nauk Spo\u0142ecznych UwB","publisher":{"@id":"https:\/\/szkolydoktorskie.uwb.edu.pl\/ns\/#organization"},"potentialAction":[{"@type":"SearchAction","target":{"@type":"EntryPoint","urlTemplate":"https:\/\/szkolydoktorskie.uwb.edu.pl\/ns\/?s={search_term_string}"},"query-input":{"@type":"PropertyValueSpecification","valueRequired":true,"valueName":"search_term_string"}}],"inLanguage":"pl-PL"},{"@type":"Organization","@id":"https:\/\/szkolydoktorskie.uwb.edu.pl\/ns\/#organization","name":"Szko\u0142a Doktorska Nauk Spo\u0142ecznych UwB","url":"https:\/\/szkolydoktorskie.uwb.edu.pl\/ns\/","logo":{"@type":"ImageObject","inLanguage":"pl-PL","@id":"https:\/\/szkolydoktorskie.uwb.edu.pl\/ns\/#\/schema\/logo\/image\/","url":"https:\/\/szkolydoktorskie.uwb.edu.pl\/ns\/wp-content\/uploads\/sites\/2\/2021\/04\/cropped-NS-LOGO.png","contentUrl":"https:\/\/szkolydoktorskie.uwb.edu.pl\/ns\/wp-content\/uploads\/sites\/2\/2021\/04\/cropped-NS-LOGO.png","width":705,"height":188,"caption":"Szko\u0142a Doktorska Nauk Spo\u0142ecznych UwB"},"image":{"@id":"https:\/\/szkolydoktorskie.uwb.edu.pl\/ns\/#\/schema\/logo\/image\/"}}]}},"_links":{"self":[{"href":"https:\/\/szkolydoktorskie.uwb.edu.pl\/ns\/wp-json\/wp\/v2\/pages\/857","targetHints":{"allow":["GET"]}}],"collection":[{"href":"https:\/\/szkolydoktorskie.uwb.edu.pl\/ns\/wp-json\/wp\/v2\/pages"}],"about":[{"href":"https:\/\/szkolydoktorskie.uwb.edu.pl\/ns\/wp-json\/wp\/v2\/types\/page"}],"author":[{"embeddable":true,"href":"https:\/\/szkolydoktorskie.uwb.edu.pl\/ns\/wp-json\/wp\/v2\/users\/7"}],"replies":[{"embeddable":true,"href":"https:\/\/szkolydoktorskie.uwb.edu.pl\/ns\/wp-json\/wp\/v2\/comments?post=857"}],"version-history":[{"count":2,"href":"https:\/\/szkolydoktorskie.uwb.edu.pl\/ns\/wp-json\/wp\/v2\/pages\/857\/revisions"}],"predecessor-version":[{"id":920,"href":"https:\/\/szkolydoktorskie.uwb.edu.pl\/ns\/wp-json\/wp\/v2\/pages\/857\/revisions\/920"}],"wp:attachment":[{"href":"https:\/\/szkolydoktorskie.uwb.edu.pl\/ns\/wp-json\/wp\/v2\/media?parent=857"}],"curies":[{"name":"wp","href":"https:\/\/api.w.org\/{rel}","templated":true}]}}