{"id":7,"date":"2021-04-16T00:53:16","date_gmt":"2021-04-15T22:53:16","guid":{"rendered":"https:\/\/szkolydoktorskie.uwb.edu.pl\/ns\/?page_id=7"},"modified":"2023-09-01T13:21:52","modified_gmt":"2023-09-01T11:21:52","slug":"dyrektor-i-sekretariat-szkoly","status":"publish","type":"page","link":"https:\/\/szkolydoktorskie.uwb.edu.pl\/ns\/dyrektor-i-sekretariat-szkoly\/","title":{"rendered":"Dyrektor i Sekretariat Szko\u0142y"},"content":{"rendered":"\n<p class=\"has-pale-cyan-blue-background-color has-background\" style=\"font-size:22px\"><strong>Dyrektor <\/strong><\/p>\n\n\n\n<p class=\"has-pale-cyan-blue-background-color has-background\" style=\"font-size:22px\"><strong><em>dr hab. Ewa Gruszewska, prof. UwB <\/em><\/strong><\/p>\n\n\n\n<p><strong>Uzyskane stopnie i tytu\u0142y:<\/strong><\/p>\n\n\n\n<p class=\"has-text-align-left\">\u00b7&nbsp;magister ekonomii 1992 (z wyr\u00f3\u017cnieniem),<\/p>\n\n\n\n<p class=\"has-text-align-left\">\u00b7&nbsp;doktor nauk ekonomicznych 1999,<\/p>\n\n\n\n<p class=\"has-text-align-left\">\u00b7&nbsp;doktor habilitowany w dyscyplinie ekonomia 2015.<\/p>\n\n\n\n<p><\/p>\n\n\n\n<p>Od pocz\u0105tku kariery naukowej pracownik Katedry Ekonomii Politycznej na Wydziale Ekonomii i Finans\u00f3w UwB; <\/p>\n\n\n\n<p>od 2019 roku &#8211; Kierownik Zak\u0142adu Ekonomii Instytucjonalnej.<\/p>\n\n\n\n<p><\/p>\n\n\n\n<p class=\"has-cyan-bluish-gray-background-color has-background\" style=\"font-size:18px\"><strong>Kontakt <\/strong><\/p>\n\n\n\n<p style=\"font-size:16px\">ul. Warszawska 63, 15-062 Bia\u0142ystok, p. 233 (I pi\u0119tro) <\/p>\n\n\n\n<p style=\"font-size:16px\">tel: 85-745-77-34<\/p>\n\n\n\n<p style=\"font-size:16px\">e-mail: gruszew@uwb.edu.pl<\/p>\n\n\n\n<p style=\"font-size:16px\"><strong>Dy\u017cury: <\/strong>poniedzia\u0142ki, godz. 09.30-11.00 (z wy\u0142\u0105czeniem 04.09.2023 r.) <\/p>\n\n\n\n<hr class=\"wp-block-separator has-css-opacity\" \/>\n\n\n\n<p class=\"has-pale-cyan-blue-background-color has-background\" style=\"font-size:22px\"><strong>Sekretariat<\/strong><\/p>\n\n\n\n<p class=\"has-pale-cyan-blue-background-color has-background\" style=\"font-size:22px\"><strong><em>Mgr Karolina<\/em> <em>Anna W\u0142odkowska<\/em><\/strong><\/p>\n\n\n\n<p style=\"font-size:15px\"><strong>Zakres zada\u0144: <\/strong><\/p>\n\n\n\n<div class=\"wp-block-group is-vertical is-layout-flex wp-container-core-group-is-layout-8cf370e7 wp-block-group-is-layout-flex\">\n<p class=\"has-small-font-size\">\u00b7&nbsp; bie\u017c\u0105ce prace administracyjne zwi\u0105zane z obs\u0142ug\u0105 doktorant\u00f3w Szko\u0142y;<\/p>\n\n\n\n<p class=\"has-small-font-size\">\u00b7&nbsp; obs\u0142uga administracyjna posiedze\u0144 Rady Naukowej; <\/p>\n\n\n\n<p class=\"has-small-font-size\">\u00b7&nbsp;obs\u0142uga administracyjna procesu rekrutacji (w tym system IRK); <\/p>\n\n\n\n<p class=\"has-small-font-size\">\u00b7&nbsp;wsp\u00f3\u0142praca administracyjna z innymi jednostkami Uczelni; <\/p>\n\n\n\n<p class=\"has-small-font-size\">\u00b7&nbsp;obci\u0105\u017cenia dydaktyczne pracownik\u00f3w realizuj\u0105cych zaj\u0119cia w Szkole;  <\/p>\n\n\n\n<p class=\"has-small-font-size\">\u00b7&nbsp;sprawy finansowe Szko\u0142y; <\/p>\n\n\n\n<p class=\"has-small-font-size\">\u00b7&nbsp;zarz\u0105dzanie stron\u0105 internetowym Szko\u0142y; <\/p>\n\n\n\n<p class=\"has-small-font-size\">\u00b7&nbsp;koordynacja rozk\u0142ad\u00f3w zaj\u0119\u0107; <\/p>\n\n\n\n<p class=\"has-small-font-size\">\u00b7&nbsp; wykonywanie zada\u0144 powierzonych przez Dyrektora Szko\u0142y Doktorskiej.<\/p>\n<\/div>\n\n\n\n<p><\/p>\n\n\n\n<p class=\"has-cyan-bluish-gray-background-color has-background\" style=\"font-size:18px\"><strong>Kontakt <\/strong><\/p>\n\n\n\n<p style=\"font-size:16px\">ul. Warszawska 63, 15-062 Bia\u0142ystok, p. 233 (I pi\u0119tro) <\/p>\n\n\n\n<p style=\"font-size:16px\">tel: 85-745-77-34<\/p>\n\n\n\n<p style=\"font-size:16px\">e-mail: k.wlodkowska@uwb.edu.pl, szkoladoktorska.ns@uwb.edu.pl <\/p>\n\n\n\n<p style=\"font-size:16px\"><strong>Godziny przyj\u0119\u0107 interesant\u00f3w: <\/strong>poniedzia\u0142ki &#8211; czwartki w godz. 09.00-15.00;  pi\u0105tki w godz. 09.00-14.00 <\/p>\n","protected":false},"excerpt":{"rendered":"<p>Dyrektor dr hab. Ewa Gruszewska, prof. UwB Uzyskane stopnie i tytu\u0142y: \u00b7&nbsp;magister ekonomii 1992 (z wyr\u00f3\u017cnieniem), \u00b7&nbsp;doktor nauk ekonomicznych 1999, \u00b7&nbsp;doktor habilitowany w dyscyplinie ekonomia 2015. Od pocz\u0105tku kariery naukowej&hellip;<\/p>\n","protected":false},"author":1,"featured_media":0,"parent":0,"menu_order":0,"comment_status":"closed","ping_status":"closed","template":"","meta":{"footnotes":""},"class_list":["post-7","page","type-page","status-publish","hentry"],"yoast_head":"<!-- This site is optimized with the Yoast SEO plugin v27.4 - https:\/\/yoast.com\/product\/yoast-seo-wordpress\/ -->\n<title>Dyrektor i Sekretariat Szko\u0142y - Szko\u0142a Doktorska Nauk Spo\u0142ecznych UwB<\/title>\n<meta name=\"robots\" content=\"index, follow, max-snippet:-1, max-image-preview:large, max-video-preview:-1\" \/>\n<link rel=\"canonical\" href=\"https:\/\/szkolydoktorskie.uwb.edu.pl\/ns\/dyrektor-i-sekretariat-szkoly\/\" \/>\n<meta property=\"og:locale\" content=\"pl_PL\" \/>\n<meta property=\"og:type\" content=\"article\" \/>\n<meta property=\"og:title\" content=\"Dyrektor i Sekretariat Szko\u0142y - Szko\u0142a Doktorska Nauk Spo\u0142ecznych UwB\" \/>\n<meta property=\"og:description\" content=\"Dyrektor dr hab. Ewa Gruszewska, prof. UwB Uzyskane stopnie i tytu\u0142y: \u00b7&nbsp;magister ekonomii 1992 (z wyr\u00f3\u017cnieniem), \u00b7&nbsp;doktor nauk ekonomicznych 1999, \u00b7&nbsp;doktor habilitowany w dyscyplinie ekonomia 2015. Od pocz\u0105tku kariery naukowej&hellip;\" \/>\n<meta property=\"og:url\" content=\"https:\/\/szkolydoktorskie.uwb.edu.pl\/ns\/dyrektor-i-sekretariat-szkoly\/\" \/>\n<meta property=\"og:site_name\" content=\"Szko\u0142a Doktorska Nauk Spo\u0142ecznych UwB\" \/>\n<meta property=\"article:modified_time\" content=\"2023-09-01T11:21:52+00:00\" \/>\n<meta name=\"twitter:card\" content=\"summary_large_image\" \/>\n<meta name=\"twitter:label1\" content=\"Szacowany czas czytania\" \/>\n\t<meta name=\"twitter:data1\" content=\"1 minuta\" \/>\n<script type=\"application\/ld+json\" class=\"yoast-schema-graph\">{\"@context\":\"https:\\\/\\\/schema.org\",\"@graph\":[{\"@type\":\"WebPage\",\"@id\":\"https:\\\/\\\/szkolydoktorskie.uwb.edu.pl\\\/ns\\\/dyrektor-i-sekretariat-szkoly\\\/\",\"url\":\"https:\\\/\\\/szkolydoktorskie.uwb.edu.pl\\\/ns\\\/dyrektor-i-sekretariat-szkoly\\\/\",\"name\":\"Dyrektor i Sekretariat Szko\u0142y - Szko\u0142a Doktorska Nauk Spo\u0142ecznych UwB\",\"isPartOf\":{\"@id\":\"https:\\\/\\\/szkolydoktorskie.uwb.edu.pl\\\/ns\\\/#website\"},\"datePublished\":\"2021-04-15T22:53:16+00:00\",\"dateModified\":\"2023-09-01T11:21:52+00:00\",\"breadcrumb\":{\"@id\":\"https:\\\/\\\/szkolydoktorskie.uwb.edu.pl\\\/ns\\\/dyrektor-i-sekretariat-szkoly\\\/#breadcrumb\"},\"inLanguage\":\"pl-PL\",\"potentialAction\":[{\"@type\":\"ReadAction\",\"target\":[\"https:\\\/\\\/szkolydoktorskie.uwb.edu.pl\\\/ns\\\/dyrektor-i-sekretariat-szkoly\\\/\"]}]},{\"@type\":\"BreadcrumbList\",\"@id\":\"https:\\\/\\\/szkolydoktorskie.uwb.edu.pl\\\/ns\\\/dyrektor-i-sekretariat-szkoly\\\/#breadcrumb\",\"itemListElement\":[{\"@type\":\"ListItem\",\"position\":1,\"name\":\"Strona g\u0142\u00f3wna\",\"item\":\"https:\\\/\\\/szkolydoktorskie.uwb.edu.pl\\\/ns\\\/\"},{\"@type\":\"ListItem\",\"position\":2,\"name\":\"Dyrektor i Sekretariat Szko\u0142y\"}]},{\"@type\":\"WebSite\",\"@id\":\"https:\\\/\\\/szkolydoktorskie.uwb.edu.pl\\\/ns\\\/#website\",\"url\":\"https:\\\/\\\/szkolydoktorskie.uwb.edu.pl\\\/ns\\\/\",\"name\":\"Szko\u0142a Doktorska Nauk Spo\u0142ecznych UwB\",\"description\":\"Szko\u0142a Doktorska Nauk Spo\u0142ecznych UwB\",\"publisher\":{\"@id\":\"https:\\\/\\\/szkolydoktorskie.uwb.edu.pl\\\/ns\\\/#organization\"},\"potentialAction\":[{\"@type\":\"SearchAction\",\"target\":{\"@type\":\"EntryPoint\",\"urlTemplate\":\"https:\\\/\\\/szkolydoktorskie.uwb.edu.pl\\\/ns\\\/?s={search_term_string}\"},\"query-input\":{\"@type\":\"PropertyValueSpecification\",\"valueRequired\":true,\"valueName\":\"search_term_string\"}}],\"inLanguage\":\"pl-PL\"},{\"@type\":\"Organization\",\"@id\":\"https:\\\/\\\/szkolydoktorskie.uwb.edu.pl\\\/ns\\\/#organization\",\"name\":\"Szko\u0142a Doktorska Nauk Spo\u0142ecznych UwB\",\"url\":\"https:\\\/\\\/szkolydoktorskie.uwb.edu.pl\\\/ns\\\/\",\"logo\":{\"@type\":\"ImageObject\",\"inLanguage\":\"pl-PL\",\"@id\":\"https:\\\/\\\/szkolydoktorskie.uwb.edu.pl\\\/ns\\\/#\\\/schema\\\/logo\\\/image\\\/\",\"url\":\"https:\\\/\\\/szkolydoktorskie.uwb.edu.pl\\\/ns\\\/wp-content\\\/uploads\\\/sites\\\/2\\\/2021\\\/04\\\/cropped-NS-LOGO.png\",\"contentUrl\":\"https:\\\/\\\/szkolydoktorskie.uwb.edu.pl\\\/ns\\\/wp-content\\\/uploads\\\/sites\\\/2\\\/2021\\\/04\\\/cropped-NS-LOGO.png\",\"width\":705,\"height\":188,\"caption\":\"Szko\u0142a Doktorska Nauk Spo\u0142ecznych UwB\"},\"image\":{\"@id\":\"https:\\\/\\\/szkolydoktorskie.uwb.edu.pl\\\/ns\\\/#\\\/schema\\\/logo\\\/image\\\/\"}}]}<\/script>\n<!-- \/ Yoast SEO plugin. -->","yoast_head_json":{"title":"Dyrektor i Sekretariat Szko\u0142y - Szko\u0142a Doktorska Nauk Spo\u0142ecznych UwB","robots":{"index":"index","follow":"follow","max-snippet":"max-snippet:-1","max-image-preview":"max-image-preview:large","max-video-preview":"max-video-preview:-1"},"canonical":"https:\/\/szkolydoktorskie.uwb.edu.pl\/ns\/dyrektor-i-sekretariat-szkoly\/","og_locale":"pl_PL","og_type":"article","og_title":"Dyrektor i Sekretariat Szko\u0142y - Szko\u0142a Doktorska Nauk Spo\u0142ecznych UwB","og_description":"Dyrektor dr hab. Ewa Gruszewska, prof. UwB Uzyskane stopnie i tytu\u0142y: \u00b7&nbsp;magister ekonomii 1992 (z wyr\u00f3\u017cnieniem), \u00b7&nbsp;doktor nauk ekonomicznych 1999, \u00b7&nbsp;doktor habilitowany w dyscyplinie ekonomia 2015. Od pocz\u0105tku kariery naukowej&hellip;","og_url":"https:\/\/szkolydoktorskie.uwb.edu.pl\/ns\/dyrektor-i-sekretariat-szkoly\/","og_site_name":"Szko\u0142a Doktorska Nauk Spo\u0142ecznych UwB","article_modified_time":"2023-09-01T11:21:52+00:00","twitter_card":"summary_large_image","twitter_misc":{"Szacowany czas czytania":"1 minuta"},"schema":{"@context":"https:\/\/schema.org","@graph":[{"@type":"WebPage","@id":"https:\/\/szkolydoktorskie.uwb.edu.pl\/ns\/dyrektor-i-sekretariat-szkoly\/","url":"https:\/\/szkolydoktorskie.uwb.edu.pl\/ns\/dyrektor-i-sekretariat-szkoly\/","name":"Dyrektor i Sekretariat Szko\u0142y - Szko\u0142a Doktorska Nauk Spo\u0142ecznych UwB","isPartOf":{"@id":"https:\/\/szkolydoktorskie.uwb.edu.pl\/ns\/#website"},"datePublished":"2021-04-15T22:53:16+00:00","dateModified":"2023-09-01T11:21:52+00:00","breadcrumb":{"@id":"https:\/\/szkolydoktorskie.uwb.edu.pl\/ns\/dyrektor-i-sekretariat-szkoly\/#breadcrumb"},"inLanguage":"pl-PL","potentialAction":[{"@type":"ReadAction","target":["https:\/\/szkolydoktorskie.uwb.edu.pl\/ns\/dyrektor-i-sekretariat-szkoly\/"]}]},{"@type":"BreadcrumbList","@id":"https:\/\/szkolydoktorskie.uwb.edu.pl\/ns\/dyrektor-i-sekretariat-szkoly\/#breadcrumb","itemListElement":[{"@type":"ListItem","position":1,"name":"Strona g\u0142\u00f3wna","item":"https:\/\/szkolydoktorskie.uwb.edu.pl\/ns\/"},{"@type":"ListItem","position":2,"name":"Dyrektor i Sekretariat Szko\u0142y"}]},{"@type":"WebSite","@id":"https:\/\/szkolydoktorskie.uwb.edu.pl\/ns\/#website","url":"https:\/\/szkolydoktorskie.uwb.edu.pl\/ns\/","name":"Szko\u0142a Doktorska Nauk Spo\u0142ecznych UwB","description":"Szko\u0142a Doktorska Nauk Spo\u0142ecznych UwB","publisher":{"@id":"https:\/\/szkolydoktorskie.uwb.edu.pl\/ns\/#organization"},"potentialAction":[{"@type":"SearchAction","target":{"@type":"EntryPoint","urlTemplate":"https:\/\/szkolydoktorskie.uwb.edu.pl\/ns\/?s={search_term_string}"},"query-input":{"@type":"PropertyValueSpecification","valueRequired":true,"valueName":"search_term_string"}}],"inLanguage":"pl-PL"},{"@type":"Organization","@id":"https:\/\/szkolydoktorskie.uwb.edu.pl\/ns\/#organization","name":"Szko\u0142a Doktorska Nauk Spo\u0142ecznych UwB","url":"https:\/\/szkolydoktorskie.uwb.edu.pl\/ns\/","logo":{"@type":"ImageObject","inLanguage":"pl-PL","@id":"https:\/\/szkolydoktorskie.uwb.edu.pl\/ns\/#\/schema\/logo\/image\/","url":"https:\/\/szkolydoktorskie.uwb.edu.pl\/ns\/wp-content\/uploads\/sites\/2\/2021\/04\/cropped-NS-LOGO.png","contentUrl":"https:\/\/szkolydoktorskie.uwb.edu.pl\/ns\/wp-content\/uploads\/sites\/2\/2021\/04\/cropped-NS-LOGO.png","width":705,"height":188,"caption":"Szko\u0142a Doktorska Nauk Spo\u0142ecznych UwB"},"image":{"@id":"https:\/\/szkolydoktorskie.uwb.edu.pl\/ns\/#\/schema\/logo\/image\/"}}]}},"_links":{"self":[{"href":"https:\/\/szkolydoktorskie.uwb.edu.pl\/ns\/wp-json\/wp\/v2\/pages\/7","targetHints":{"allow":["GET"]}}],"collection":[{"href":"https:\/\/szkolydoktorskie.uwb.edu.pl\/ns\/wp-json\/wp\/v2\/pages"}],"about":[{"href":"https:\/\/szkolydoktorskie.uwb.edu.pl\/ns\/wp-json\/wp\/v2\/types\/page"}],"author":[{"embeddable":true,"href":"https:\/\/szkolydoktorskie.uwb.edu.pl\/ns\/wp-json\/wp\/v2\/users\/1"}],"replies":[{"embeddable":true,"href":"https:\/\/szkolydoktorskie.uwb.edu.pl\/ns\/wp-json\/wp\/v2\/comments?post=7"}],"version-history":[{"count":36,"href":"https:\/\/szkolydoktorskie.uwb.edu.pl\/ns\/wp-json\/wp\/v2\/pages\/7\/revisions"}],"predecessor-version":[{"id":2038,"href":"https:\/\/szkolydoktorskie.uwb.edu.pl\/ns\/wp-json\/wp\/v2\/pages\/7\/revisions\/2038"}],"wp:attachment":[{"href":"https:\/\/szkolydoktorskie.uwb.edu.pl\/ns\/wp-json\/wp\/v2\/media?parent=7"}],"curies":[{"name":"wp","href":"https:\/\/api.w.org\/{rel}","templated":true}]}}