{"id":665,"date":"2021-10-19T12:01:14","date_gmt":"2021-10-19T10:01:14","guid":{"rendered":"https:\/\/szkolydoktorskie.uwb.edu.pl\/ns\/?page_id=665"},"modified":"2024-03-22T13:11:02","modified_gmt":"2024-03-22T12:11:02","slug":"wyszynski-filip","status":"publish","type":"page","link":"https:\/\/szkolydoktorskie.uwb.edu.pl\/ns\/wyszynski-filip\/","title":{"rendered":"Wyszy\u0144ski Filip"},"content":{"rendered":"\n<p class=\"has-normal-font-size\">                                                           <\/p>\n\n\n\n<figure class=\"wp-block-table\"><table><tbody><tr><td><strong>Imi\u0119 i nazwisko doktoranta<\/strong> <\/td><td><strong>Filip Wyszy\u0144ski <\/strong><\/td><\/tr><tr><td><strong>E-mail <\/strong><br><em>(w domenie UwB)<\/em><\/td><td>f.wyszynski@uwb.edu.pl<\/td><\/tr><tr><td><strong>ORCID<\/strong><\/td><td>0000-0002-0792-5730<\/td><\/tr><tr><td><strong>Temat rozprawy doktorskiej<\/strong><\/td><td>Ochrona polskich sp\u00f3\u0142ek przed zagranicznymi przej\u0119ciami w zwi\u0105zku z pandemi\u0105 COVID-19<\/td><\/tr><tr><td><strong>Promotor<\/strong><\/td><td>dr hab. Jerzy Bieluk, prof. UwB<\/td><\/tr><tr><td><strong>Wydzia\u0142<\/strong> <strong>Katedra\/Zak\u0142ad<\/strong><\/td><td>Wydzia\u0142 Prawa Katedra Prawa Cywilnego i Handlowego <\/td><\/tr><tr><td><\/td><td><strong>Publikacje naukowe<\/strong><\/td><\/tr><tr><td><em>Artyku\u0142y naukowe w czasopismach<\/em><\/td><td>1. F. Wyszy\u0144ski, <em>Zdolno\u015b\u0107 aportowa w uj\u0119ciu komparatystycznym. Polskie, du\u0144skie, francuskie i niemieckie prawo sp\u00f3\u0142ek a pozycja prawna aportu<\/em>, \u201eZeszyty Naukowe Uniwersytetu Rzeszowskiego. Seria Prawnicza\u201d, tom 30, nr 112, 2020, s. 346\u2013361. (20 pkt) &nbsp; <br><br>2. F. Wyszy\u0144ski, <em>Sztuczna inteligencja w zarz\u0105dach i radach nadzorczych sp\u00f3\u0142ek. Propozycja regulacji oparta na prawie rzymskim<\/em>, \u201eZeszyt Studencki K\u00f3\u0142 Naukowych Wydzia\u0142u Prawa i Administracji UAM\u201d, nr 10, 2020, s. 279-291. (5 pkt)<\/td><\/tr><tr><td><em>Monografie naukowe\/rozdzia\u0142y w monografiach<\/em><\/td><td>1. F. Wyszy\u0144ski, <em>Zmiana pierwsze\u0144stwa zasad corporate governance. Zmierzch modelu anglosaskiego a supremacja modelu germa\u0144skiego?<\/em>, w: W. W\u0142\u00f3darczak (red.), et al., <em>Gasn\u0105ce Imperium. Historia Wielkiej Brytanii w uj\u0119ciu prawnym, spo\u0142ecznym oraz gospodarczym<\/em>, \u0141\u00f3d\u017a 2021, s. 191-211. (20 pkt) &nbsp; <br><br>2. F. Wyszy\u0144ski, <em>Spo\u0142eczno\u015b\u0107 mi\u0119dzynarodowa w obliczu \u201e#MeToo\u201d \u2013 podej\u015bcie komparatystyczne na przyk\u0142adzie<\/em> <em>prawa bu\u0142garskiego oraz szwedzkiego<\/em>, w: A. Kordonska, R. Kordonski (red.), <em>Spo\u0142eczno\u015b\u0107 mi\u0119dzynarodowa w obliczu przemian: uj\u0119cie wieloaspektowe. Tom 7<\/em>, Olsztyn \u2013 Lw\u00f3w 2021, s. 182-193. (20 pkt) &nbsp;<br><br> 3. F. Wyszy\u0144ski, <em>Consent contract jako w\u0119z\u0142owa zmiana w prawie cywilnym i karnym. Uwagi w \u015bwietle teorii o normalizacji i jurydyzacji \u017cycia spo\u0142ecznego J. Habermasa<\/em>, w: D. Dylewski, M. Budnik-Minierska, K. Mozgiel-Wiecha (red.), <em>Prawo w Europie w XXI wieku \u2013 wybrane zagadnienia<\/em>, \u0141\u00f3d\u017a 2021, s. 49-63. (20 pkt) &nbsp;<br><br> 4. F. Wyszy\u0144ski, <em>Konstytucja RP a konstytucje pa\u0144stw skandynawskich. Analiza prawno-por\u00f3wnawcza<\/em>, w: K. St\u0119pniak (red.), <em>Z zagadnie\u0144 polskiego konstytucjonalizmu<\/em>, Warszawa 2021, s. 317-344. (5 pkt) &nbsp; <br><br>5. F. Wyszy\u0144ski, <em>Nocne po\u0142\u0105czenia kolejowe w Szwecji a procedura bezprzetargowa. Uj\u0119cie krytyczne<\/em>, w: R.R. Wasilewski (red.), <em>Zam\u00f3wienia publiczne wczoraj, dzi\u015b i jutro<\/em>, Warszawa 2021, s. 168-189. (5 pkt) &nbsp; <br><br>6. F. Wyszy\u0144ski, <em>Wynagrodzenie cz\u0142onk\u00f3w zarz\u0105du i rady nadzorczej w \u015bwietle prawa polskiego i niemieckiego. Analiza por\u00f3wnawcza<\/em>, w: D. Mielnik (red.), <em>Prawo i administracja wobec wyzwa\u0144 XXI wieku<\/em>, Kielce-\u0141\u00f3d\u017a 2020, s. 315-334. (20 pkt) <strong>&nbsp;<\/strong> <br><br>7. F. Wyszy\u0144ski, <em>Przes\u0142anki zdolno\u015bci aportowej w \u015bwietle dwudziestolecia Kodeksu sp\u00f3\u0142ek handlowych (2000-2020). Rewizja aktualno\u015bci i postulaty de lege ferenda<\/em>, w: K. \u0141ukomiak (red.), <em>Prawo w Polsce 2000-2020<\/em>, \u0141\u00f3d\u017a 2020, s. 673-691. (20 pkt) &nbsp;<br> 8. F. Wyszy\u0144ski, <em>Bezpiecze\u0144stwo pacjenta versus wolno\u015b\u0107 wykonywania zawodu lekarza. O projekcie ustawy Landu Nordrhein-Westfalen w \u015bwietle pandemii COVID-19<\/em>, w: A. Rej-Kietla (red.), <em>Bezpiecze\u0144stwo pacjenta w podmiocie leczniczym<\/em>, Warszawa 2020, s. 251-275. (5 pkt) &nbsp;<br><\/td><\/tr><tr><td><\/td><td><strong>Konferencje naukowe<\/strong><\/td><\/tr><tr><td><em>Wyst\u0105pienia na konferencjach naukowych<\/em><\/td><td>1. \u201eNegatywne skutki inflacji prawa prywatnego. Problemy wsp\u00f3\u0142czesne w \u015bwietle teorii J. Habermasa\u201d (8 maja 2021 r. na UKSW) &nbsp; <br><br>2. \u201eProblematyka prawna cryptojacking&#8217;u. Uwagi na tle wyroku S\u0105du Okr\u0119gowego w Jokohamie z dnia 27 marca 2019 r.\u201d (26 kwietnia 2021 r. na UKSW) &nbsp; <br><br>3. \u201eProblematyka cyber-okupu na gruncie prawa podatkowego. Szwajcarski kierunek wyk\u0142adni in dubio pro tributario jako wzorzec de lege ferenda?\u201d (17 kwietnia 2021 r. na UJ) &nbsp;<br><br> 4. \u201eWezwania majoryzacyjne jako instrument ochrony akcjonariatu mniejszo\u015bciowego a projekt nowelizacji Ustawy o ofercie publicznej\u201d (19 marca 2021 r. na UMCS) &nbsp; <br><br>5. \u201eOdpowiedzialno\u015b\u0107 cywilnoprawna prokurenta w jednoosobowej sp\u00f3\u0142ce z o.o. &#8211; progresja odpowiedzialno\u015bci przebijaj\u0105cej\u201d (12 marca 2021 r. na UMK) &nbsp;<br><br> 6. \u201eNowelizacja K.S.H. w zakresie prawa holdingowego &#8211; projekt MAP a koncepcja Rosenblum\u201d (6 marca 2021 r. na UAM) &nbsp;<br><br>7. \u201eStabilno\u015b\u0107 pa\u0144stwa wobec wyzwania niewyp\u0142acalno\u015bci banku. Przyk\u0142ad PBS jako pierwszy polski przypadek resolution\u201d (16 maja 2020 r. na UJ) &nbsp; <br><br>8. \u201eDzia\u0142alno\u015b\u0107 koncernu a ochrona klimatu. Analiza zarz\u0105dzania sp\u00f3\u0142k\u0105 wobec kryzysu klimatycznego na przyk\u0142adzie Siemens AG\u201d (23 marca 2020 r. na UW) &nbsp;<br><br> 9. \u201eKobiety w zarz\u0105dach i radach nadzorczych sp\u00f3\u0142ek. Uwagi na podstawie niemieckiej ustawy o r\u00f3wnouprawnionym udziale z 2015 r.\u201d (10 marca 2020 r. na UwB) &nbsp; <br>10. \u201eZarz\u0105dzanie zasobami na przyk\u0142adzie koncernu Gazprom (\u0413\u0430\u0437\u043f\u0440\u043e\u043c)\u201d (6 marca 2020 r. na UW) &nbsp; <br><br>11. \u201eDie Strategie der Ressourcenverwaltung am Beispiel des Konzerns RWE AG\u201d (6 marca 2020 r. na UW) &nbsp; <br><br>12. \u201eSp\u00f3\u0142ka Eskom a sytuacja w RPA. Wp\u0142yw monopolu energetycznego na pozycj\u0119 ekonomiczn\u0105 pa\u0144stwa\u201d (21 lutego 2020 r. na UW) &nbsp; <br><br>13. \u201eStrategie rozwoju szwedzkich holding\u00f3w i koncern\u00f3w wobec przemian \u015brodowiska przyrodniczego\u201d (20 lutego 2020 r. na UW) &nbsp; <br><br>14. \u201eRewolucja w prawie um\u00f3w. Zastosowanie smart contracts w polskiej i zagranicznej praktyce obrotu\u201d (13 stycznia 2020 r. na UW) &nbsp; <br><br>15. \u201eJak\u0105 posta\u0107 powinna przybra\u0107 sp\u00f3\u0142ka przysz\u0142o\u015bci? Uwagi w oparciu o fi\u0144sk\u0105 form\u0119 Sp\u00f3\u0142ki z o.o. (Yksityinen osakeyhti\u00f6 \u2013 oy)\u201d (16 grudnia 2019 r. na UwB) &nbsp; <br><br>16. \u201eProblematyka kradzie\u017cy sp\u00f3\u0142ek handlowych na przyk\u0142adzie sprawy \u201eReformer Development Sp. z o.o.\u201d\u201d (12 grudnia 2019 r. na UwB) &nbsp; <br><br>17. \u201eZastosowanie nowych technologii w \u015bwietle poprawy konkurencyjno\u015bci Unii Europejskiej\u201d (7 grudnia 2019 r. na UW) &nbsp; <br><br>18. \u201eCzy tokeny zast\u0105pi\u0105 akcje? Uwagi de lege ferenda do przepis\u00f3w o Prostej sp\u00f3\u0142ce akcyjnej (PSA) w oparciu o prawo szwajcarskie\u201d (6 grudnia 2019 r. na UMK) &nbsp; <br><br>19. \u201eOchrona danych osobowych w niemieckim porz\u0105dku prawnym na przyk\u0142adzie najnowszego orzecznictwa\u201d (4 grudnia 2019 r. na UKSW) <strong>&nbsp;<\/strong> <br><br>20. \u201eZasada zaufania organ\u00f3w pa\u0144stwa do przedsi\u0119biorcy a system kontroli podatkowej. Uj\u0119cie komparatystyczne\u201d (3 grudnia 2019 r. na UAM) <strong>&nbsp;<\/strong><br><br> 21. \u201eWsp\u00f3\u0142czesne problemy etyczne prawa i polityka w Niemczech. 70 lat Ustawy Zasadniczej \u2013 \u015bwietlana przysz\u0142o\u015b\u0107 prawa w cieniu problem\u00f3w etycznych\u201d (21 czerwca 2019 r. na UAM) <strong>&nbsp;<\/strong><\/td><\/tr><tr><td><\/td><td><strong>Inne aktywno\u015bci\/osi\u0105gni\u0119cia naukowe Doktoranta<\/strong><\/td><\/tr><tr><td><\/td><td>I miejsce w konkursie \u201ePrawo podatkowe w obliczu nowych technologii\u201d w ramach XIV Og\u00f3lnopolskiej Konferencji Prawa Podatkowego pod patronatem Ministerstwa Finans\u00f3w &nbsp; Szko\u0142a Prawa Niemieckiego (Uniwersytet Warszawski i Uniwersytet Fryderyka Wilhelma w Bonn) &nbsp; Podyplomowe Studium Prawa Sp\u00f3\u0142ek (Uniwersytet Warszawski) z wynikiem celuj\u0105cym &nbsp; Akademia Sp\u00f3\u0142ek Kapita\u0142owych 2020 (Fundacja Semper Augustus) &nbsp; Stypendium Erasmus+ w roku akademickim 2016\/2017 na Uniwersytecie w Lipsku &nbsp; &nbsp; &nbsp; &nbsp; &nbsp; &nbsp; &nbsp; &nbsp; &nbsp; &nbsp; &nbsp; &nbsp; &nbsp; &nbsp;<\/td><\/tr><\/tbody><\/table><\/figure>\n","protected":false},"excerpt":{"rendered":"<p>Imi\u0119 i nazwisko doktoranta Filip Wyszy\u0144ski E-mail (w domenie UwB) f.wyszynski@uwb.edu.pl ORCID 0000-0002-0792-5730 Temat rozprawy doktorskiej Ochrona polskich sp\u00f3\u0142ek przed zagranicznymi przej\u0119ciami w zwi\u0105zku z pandemi\u0105 COVID-19 Promotor dr hab.&hellip;<\/p>\n","protected":false},"author":7,"featured_media":0,"parent":0,"menu_order":0,"comment_status":"closed","ping_status":"closed","template":"","meta":{"footnotes":""},"class_list":["post-665","page","type-page","status-publish","hentry"],"yoast_head":"<!-- This site is optimized with the Yoast SEO plugin v27.4 - https:\/\/yoast.com\/product\/yoast-seo-wordpress\/ -->\n<title>Wyszy\u0144ski Filip - Szko\u0142a Doktorska Nauk Spo\u0142ecznych UwB<\/title>\n<meta name=\"robots\" content=\"index, follow, max-snippet:-1, max-image-preview:large, max-video-preview:-1\" \/>\n<link rel=\"canonical\" href=\"https:\/\/szkolydoktorskie.uwb.edu.pl\/ns\/wyszynski-filip\/\" \/>\n<meta property=\"og:locale\" content=\"pl_PL\" \/>\n<meta property=\"og:type\" content=\"article\" \/>\n<meta property=\"og:title\" content=\"Wyszy\u0144ski Filip - Szko\u0142a Doktorska Nauk Spo\u0142ecznych UwB\" \/>\n<meta property=\"og:description\" content=\"Imi\u0119 i nazwisko doktoranta Filip Wyszy\u0144ski E-mail (w domenie UwB) f.wyszynski@uwb.edu.pl ORCID 0000-0002-0792-5730 Temat rozprawy doktorskiej Ochrona polskich sp\u00f3\u0142ek przed zagranicznymi przej\u0119ciami w zwi\u0105zku z pandemi\u0105 COVID-19 Promotor dr hab.&hellip;\" \/>\n<meta property=\"og:url\" content=\"https:\/\/szkolydoktorskie.uwb.edu.pl\/ns\/wyszynski-filip\/\" \/>\n<meta property=\"og:site_name\" content=\"Szko\u0142a Doktorska Nauk Spo\u0142ecznych UwB\" \/>\n<meta property=\"article:modified_time\" content=\"2024-03-22T12:11:02+00:00\" \/>\n<meta name=\"twitter:card\" content=\"summary_large_image\" \/>\n<meta name=\"twitter:label1\" content=\"Szacowany czas czytania\" \/>\n\t<meta name=\"twitter:data1\" content=\"7 minut\" \/>\n<script type=\"application\/ld+json\" class=\"yoast-schema-graph\">{\"@context\":\"https:\\\/\\\/schema.org\",\"@graph\":[{\"@type\":\"WebPage\",\"@id\":\"https:\\\/\\\/szkolydoktorskie.uwb.edu.pl\\\/ns\\\/wyszynski-filip\\\/\",\"url\":\"https:\\\/\\\/szkolydoktorskie.uwb.edu.pl\\\/ns\\\/wyszynski-filip\\\/\",\"name\":\"Wyszy\u0144ski Filip - Szko\u0142a Doktorska Nauk Spo\u0142ecznych UwB\",\"isPartOf\":{\"@id\":\"https:\\\/\\\/szkolydoktorskie.uwb.edu.pl\\\/ns\\\/#website\"},\"datePublished\":\"2021-10-19T10:01:14+00:00\",\"dateModified\":\"2024-03-22T12:11:02+00:00\",\"breadcrumb\":{\"@id\":\"https:\\\/\\\/szkolydoktorskie.uwb.edu.pl\\\/ns\\\/wyszynski-filip\\\/#breadcrumb\"},\"inLanguage\":\"pl-PL\",\"potentialAction\":[{\"@type\":\"ReadAction\",\"target\":[\"https:\\\/\\\/szkolydoktorskie.uwb.edu.pl\\\/ns\\\/wyszynski-filip\\\/\"]}]},{\"@type\":\"BreadcrumbList\",\"@id\":\"https:\\\/\\\/szkolydoktorskie.uwb.edu.pl\\\/ns\\\/wyszynski-filip\\\/#breadcrumb\",\"itemListElement\":[{\"@type\":\"ListItem\",\"position\":1,\"name\":\"Strona g\u0142\u00f3wna\",\"item\":\"https:\\\/\\\/szkolydoktorskie.uwb.edu.pl\\\/ns\\\/\"},{\"@type\":\"ListItem\",\"position\":2,\"name\":\"Wyszy\u0144ski Filip\"}]},{\"@type\":\"WebSite\",\"@id\":\"https:\\\/\\\/szkolydoktorskie.uwb.edu.pl\\\/ns\\\/#website\",\"url\":\"https:\\\/\\\/szkolydoktorskie.uwb.edu.pl\\\/ns\\\/\",\"name\":\"Szko\u0142a Doktorska Nauk Spo\u0142ecznych UwB\",\"description\":\"Szko\u0142a Doktorska Nauk Spo\u0142ecznych UwB\",\"publisher\":{\"@id\":\"https:\\\/\\\/szkolydoktorskie.uwb.edu.pl\\\/ns\\\/#organization\"},\"potentialAction\":[{\"@type\":\"SearchAction\",\"target\":{\"@type\":\"EntryPoint\",\"urlTemplate\":\"https:\\\/\\\/szkolydoktorskie.uwb.edu.pl\\\/ns\\\/?s={search_term_string}\"},\"query-input\":{\"@type\":\"PropertyValueSpecification\",\"valueRequired\":true,\"valueName\":\"search_term_string\"}}],\"inLanguage\":\"pl-PL\"},{\"@type\":\"Organization\",\"@id\":\"https:\\\/\\\/szkolydoktorskie.uwb.edu.pl\\\/ns\\\/#organization\",\"name\":\"Szko\u0142a Doktorska Nauk Spo\u0142ecznych UwB\",\"url\":\"https:\\\/\\\/szkolydoktorskie.uwb.edu.pl\\\/ns\\\/\",\"logo\":{\"@type\":\"ImageObject\",\"inLanguage\":\"pl-PL\",\"@id\":\"https:\\\/\\\/szkolydoktorskie.uwb.edu.pl\\\/ns\\\/#\\\/schema\\\/logo\\\/image\\\/\",\"url\":\"https:\\\/\\\/szkolydoktorskie.uwb.edu.pl\\\/ns\\\/wp-content\\\/uploads\\\/sites\\\/2\\\/2021\\\/04\\\/cropped-NS-LOGO.png\",\"contentUrl\":\"https:\\\/\\\/szkolydoktorskie.uwb.edu.pl\\\/ns\\\/wp-content\\\/uploads\\\/sites\\\/2\\\/2021\\\/04\\\/cropped-NS-LOGO.png\",\"width\":705,\"height\":188,\"caption\":\"Szko\u0142a Doktorska Nauk Spo\u0142ecznych UwB\"},\"image\":{\"@id\":\"https:\\\/\\\/szkolydoktorskie.uwb.edu.pl\\\/ns\\\/#\\\/schema\\\/logo\\\/image\\\/\"}}]}<\/script>\n<!-- \/ Yoast SEO plugin. -->","yoast_head_json":{"title":"Wyszy\u0144ski Filip - Szko\u0142a Doktorska Nauk Spo\u0142ecznych UwB","robots":{"index":"index","follow":"follow","max-snippet":"max-snippet:-1","max-image-preview":"max-image-preview:large","max-video-preview":"max-video-preview:-1"},"canonical":"https:\/\/szkolydoktorskie.uwb.edu.pl\/ns\/wyszynski-filip\/","og_locale":"pl_PL","og_type":"article","og_title":"Wyszy\u0144ski Filip - Szko\u0142a Doktorska Nauk Spo\u0142ecznych UwB","og_description":"Imi\u0119 i nazwisko doktoranta Filip Wyszy\u0144ski E-mail (w domenie UwB) f.wyszynski@uwb.edu.pl ORCID 0000-0002-0792-5730 Temat rozprawy doktorskiej Ochrona polskich sp\u00f3\u0142ek przed zagranicznymi przej\u0119ciami w zwi\u0105zku z pandemi\u0105 COVID-19 Promotor dr hab.&hellip;","og_url":"https:\/\/szkolydoktorskie.uwb.edu.pl\/ns\/wyszynski-filip\/","og_site_name":"Szko\u0142a Doktorska Nauk Spo\u0142ecznych UwB","article_modified_time":"2024-03-22T12:11:02+00:00","twitter_card":"summary_large_image","twitter_misc":{"Szacowany czas czytania":"7 minut"},"schema":{"@context":"https:\/\/schema.org","@graph":[{"@type":"WebPage","@id":"https:\/\/szkolydoktorskie.uwb.edu.pl\/ns\/wyszynski-filip\/","url":"https:\/\/szkolydoktorskie.uwb.edu.pl\/ns\/wyszynski-filip\/","name":"Wyszy\u0144ski Filip - Szko\u0142a Doktorska Nauk Spo\u0142ecznych UwB","isPartOf":{"@id":"https:\/\/szkolydoktorskie.uwb.edu.pl\/ns\/#website"},"datePublished":"2021-10-19T10:01:14+00:00","dateModified":"2024-03-22T12:11:02+00:00","breadcrumb":{"@id":"https:\/\/szkolydoktorskie.uwb.edu.pl\/ns\/wyszynski-filip\/#breadcrumb"},"inLanguage":"pl-PL","potentialAction":[{"@type":"ReadAction","target":["https:\/\/szkolydoktorskie.uwb.edu.pl\/ns\/wyszynski-filip\/"]}]},{"@type":"BreadcrumbList","@id":"https:\/\/szkolydoktorskie.uwb.edu.pl\/ns\/wyszynski-filip\/#breadcrumb","itemListElement":[{"@type":"ListItem","position":1,"name":"Strona g\u0142\u00f3wna","item":"https:\/\/szkolydoktorskie.uwb.edu.pl\/ns\/"},{"@type":"ListItem","position":2,"name":"Wyszy\u0144ski Filip"}]},{"@type":"WebSite","@id":"https:\/\/szkolydoktorskie.uwb.edu.pl\/ns\/#website","url":"https:\/\/szkolydoktorskie.uwb.edu.pl\/ns\/","name":"Szko\u0142a Doktorska Nauk Spo\u0142ecznych UwB","description":"Szko\u0142a Doktorska Nauk Spo\u0142ecznych UwB","publisher":{"@id":"https:\/\/szkolydoktorskie.uwb.edu.pl\/ns\/#organization"},"potentialAction":[{"@type":"SearchAction","target":{"@type":"EntryPoint","urlTemplate":"https:\/\/szkolydoktorskie.uwb.edu.pl\/ns\/?s={search_term_string}"},"query-input":{"@type":"PropertyValueSpecification","valueRequired":true,"valueName":"search_term_string"}}],"inLanguage":"pl-PL"},{"@type":"Organization","@id":"https:\/\/szkolydoktorskie.uwb.edu.pl\/ns\/#organization","name":"Szko\u0142a Doktorska Nauk Spo\u0142ecznych UwB","url":"https:\/\/szkolydoktorskie.uwb.edu.pl\/ns\/","logo":{"@type":"ImageObject","inLanguage":"pl-PL","@id":"https:\/\/szkolydoktorskie.uwb.edu.pl\/ns\/#\/schema\/logo\/image\/","url":"https:\/\/szkolydoktorskie.uwb.edu.pl\/ns\/wp-content\/uploads\/sites\/2\/2021\/04\/cropped-NS-LOGO.png","contentUrl":"https:\/\/szkolydoktorskie.uwb.edu.pl\/ns\/wp-content\/uploads\/sites\/2\/2021\/04\/cropped-NS-LOGO.png","width":705,"height":188,"caption":"Szko\u0142a Doktorska Nauk Spo\u0142ecznych UwB"},"image":{"@id":"https:\/\/szkolydoktorskie.uwb.edu.pl\/ns\/#\/schema\/logo\/image\/"}}]}},"_links":{"self":[{"href":"https:\/\/szkolydoktorskie.uwb.edu.pl\/ns\/wp-json\/wp\/v2\/pages\/665","targetHints":{"allow":["GET"]}}],"collection":[{"href":"https:\/\/szkolydoktorskie.uwb.edu.pl\/ns\/wp-json\/wp\/v2\/pages"}],"about":[{"href":"https:\/\/szkolydoktorskie.uwb.edu.pl\/ns\/wp-json\/wp\/v2\/types\/page"}],"author":[{"embeddable":true,"href":"https:\/\/szkolydoktorskie.uwb.edu.pl\/ns\/wp-json\/wp\/v2\/users\/7"}],"replies":[{"embeddable":true,"href":"https:\/\/szkolydoktorskie.uwb.edu.pl\/ns\/wp-json\/wp\/v2\/comments?post=665"}],"version-history":[{"count":6,"href":"https:\/\/szkolydoktorskie.uwb.edu.pl\/ns\/wp-json\/wp\/v2\/pages\/665\/revisions"}],"predecessor-version":[{"id":2461,"href":"https:\/\/szkolydoktorskie.uwb.edu.pl\/ns\/wp-json\/wp\/v2\/pages\/665\/revisions\/2461"}],"wp:attachment":[{"href":"https:\/\/szkolydoktorskie.uwb.edu.pl\/ns\/wp-json\/wp\/v2\/media?parent=665"}],"curies":[{"name":"wp","href":"https:\/\/api.w.org\/{rel}","templated":true}]}}