{"id":660,"date":"2021-10-19T11:58:51","date_gmt":"2021-10-19T09:58:51","guid":{"rendered":"https:\/\/szkolydoktorskie.uwb.edu.pl\/ns\/?page_id=660"},"modified":"2024-03-22T13:44:10","modified_gmt":"2024-03-22T12:44:10","slug":"kuligowska-tyszka-adrian","status":"publish","type":"page","link":"https:\/\/szkolydoktorskie.uwb.edu.pl\/ns\/kuligowska-tyszka-adrian\/","title":{"rendered":"Kuligowska- Tyszka Adriana"},"content":{"rendered":"\n<figure class=\"wp-block-image size-large is-resized\"><img loading=\"lazy\" decoding=\"async\" width=\"2000\" height=\"2000\" src=\"https:\/\/szkolydoktorskie.uwb.edu.pl\/ns\/wp-content\/uploads\/sites\/2\/2021\/10\/2006145-Adriana-1-edited.jpg\" alt=\"\" class=\"wp-image-662\" style=\"width:237px;height:237px\" srcset=\"https:\/\/szkolydoktorskie.uwb.edu.pl\/ns\/wp-content\/uploads\/sites\/2\/2021\/10\/2006145-Adriana-1-edited.jpg 2000w, https:\/\/szkolydoktorskie.uwb.edu.pl\/ns\/wp-content\/uploads\/sites\/2\/2021\/10\/2006145-Adriana-1-edited-300x300.jpg 300w, https:\/\/szkolydoktorskie.uwb.edu.pl\/ns\/wp-content\/uploads\/sites\/2\/2021\/10\/2006145-Adriana-1-edited-1024x1024.jpg 1024w, https:\/\/szkolydoktorskie.uwb.edu.pl\/ns\/wp-content\/uploads\/sites\/2\/2021\/10\/2006145-Adriana-1-edited-150x150.jpg 150w, https:\/\/szkolydoktorskie.uwb.edu.pl\/ns\/wp-content\/uploads\/sites\/2\/2021\/10\/2006145-Adriana-1-edited-768x768.jpg 768w, https:\/\/szkolydoktorskie.uwb.edu.pl\/ns\/wp-content\/uploads\/sites\/2\/2021\/10\/2006145-Adriana-1-edited-1536x1536.jpg 1536w\" sizes=\"auto, (max-width: 2000px) 100vw, 2000px\" \/><\/figure>\n\n\n\n<p>                                                                     <\/p>\n\n\n\n<figure class=\"wp-block-table\"><table><tbody><tr><td><strong>Imi\u0119 i nazwisko doktoranta<\/strong><\/td><td><strong>Adriana Kuligowska-Tyszka<\/strong><\/td><\/tr><tr><td><strong>E-mail <\/strong><br><em>(w domenie UwB)<\/em><\/td><td>a.kuligowska@uwb.edu.pl<\/td><\/tr><tr><td><strong>ORCID<\/strong><\/td><td>0000-0003-3336-7020<\/td><\/tr><tr><td><strong>Temat rozprawy doktorskiej<\/strong><\/td><td>B\u0142\u0105d medyczny w zabiegach chirurgii plastycznej \u2013 wybrane aspekty prawnokarne i kryminologiczne<\/td><\/tr><tr><td><strong>Promotor<\/strong><\/td><td>Prof. dr hab. Ewa Monika Guzik-Makaruk<\/td><\/tr><tr><td><strong>Promotor pomocniczy<\/strong><\/td><td>Dr Ewelina Wojewoda<\/td><\/tr><tr><td><strong>Wydzia\u0142<\/strong> <strong>Katedra\/Zak\u0142ad<\/strong><\/td><td>Wydzia\u0142 Prawa, Katedra Prawa Karnego i Kryminologii<\/td><\/tr><tr><td><\/td><td><\/td><\/tr><tr><td><em>Artyku\u0142y naukowe w czasopismach<\/em><\/td><td>Cele zr\u00f3wnowa\u017conego rozwoju &#8211; wizja zmiany dla ca\u0142ej ludzko\u015bci, CONTEMPORARY TRENDS SHAPING THE GLOBAL WORLD, Lviv \u2013 Olsztyn 2020, ISBN: 978-617-7835-58-4.<br><br><em>Nowelizacja Kodeksu karnego w zakresie przest\u0119pstwa zgwa\u0142cenia<\/em>, Kortowski Przegl\u0105d Prawniczy, nr 4\/2020, Wydawnictwo Uniwersytetu Warmi\u0144sko-Mazurskiego, ISSN 2300-4673.<br><br><em>Medicl ethics in the age of pandemics \u2013 live of the individual in terms the legal and philosophical<\/em>, Global Studies Review, nr 3\/2020, ISSN 2707-9686.<br><br><em>Przest\u0119pstwo zgwa\u0142cenia osoby najbli\u017cszej \u2013 wybrane aspekty prawnokarne i kryminologiczne<\/em>, Prawo w Dzia\u0142aniu, nr 45\/2021,\u00a0 ISSN: 2657-4691 (wersja online), ISSN 2084-1906.<\/td><\/tr><tr><td><\/td><td><strong>Konferencje naukowe<\/strong><\/td><\/tr><tr><td><em>Wyst\u0105pienia na konferencjach naukowych<\/em><\/td><td>Referat pt. <em>Przest\u0119pstwo zgwa\u0142cenia \u2013 studium prawnokarne<\/em>, I Mi\u0119dzynarodowa Konfrontacja Naukowa \u201eAktualno\u015bci dychotomii prawa publicznego i prywatnego&#8221;, 13-14 maja 2019 r.Referat pt. <em>International Criminal Law \u2013 actually change in law<\/em>, International Scientific Conference DYNAMICS OF CHANGE<br>IN INTERNATIONAL RELATIONS, 16 wrze\u015bnia 2019 r.<br><br>Referat pt. <em>Sustainable development goals \u2013 a vision of humanity change<\/em>, International Scientific Conference CONTEMPORARY TRENDS SHAPING THE GLOBAL WORLD, 10 stycznia 2020 r.<br><br>Referat pt. <em>Patologie spo\u0142eczne jako czynniki wp\u0142ywaj\u0105ce na przest\u0119pczo\u015b\u0107 seksualn\u0105 \u2013 badania w\u0142asne dotycz\u0105ce przest\u0119pstwa zgwa\u0142cenia osoby najbli\u017csze<\/em>, Og\u00f3lnopolska Konferencja Naukowa &#8222;Patologie spo\u0142eczne we wsp\u00f3\u0142czesnym \u015bwiecie&#8221;, 12 czerwca 2020 r.<br><br>Referat pt. <em>Zgwa\u0142cenie osoby najbli\u017cszej \u2013 wybrane aspekty prawnokarne<br>i kryminologiczne. Studium przypadku<\/em>, III Og\u00f3lnopolskie Forum M\u0142odych Kryminolog\u00f3w, 23-25 wrze\u015bnia 2020 r.<br><br>Referat pt. <em>Rape &#8211; prevention of the phenomenon in acts of international law<\/em>, International Scientific Conference Current Visions and Revisions of Global World, 25 wrze\u015bnia 2020 r.Referat pt. <em>Dzieci jako ofiary przest\u0119pstwa zgwa\u0142cenia osoby najbli\u017cszej \u2013 studium prawne i kryminologiczne<\/em>,\u00a0 Wschodnie Forum Nauki,<br>27 lutego 2021 r.<br><br>Referat pt. <em>Polski przedsi\u0119biorca w obliczu pandemii COVID-19 &#8211; aspekty prawne<\/em>,<br>IV Forum Doktorant\u00f3w Nauk Ekonomicznych, 11 maja 2021 r. \u00a0<br><br><\/td><\/tr><tr><td><em>Organizacja konferencji<\/em><\/td><td>Cz\u0142onek Sekretariatu III Og\u00f3lnopolskie Forum M\u0142odych Kryminolog\u00f3w, 23-25 wrze\u015bnia 2020 r. \u00a0<\/td><\/tr><tr><td><\/td><td><strong>Granty<\/strong><\/td><\/tr><tr><td><strong>Udzia\u0142 <\/strong><br>(<em>granty zako\u0144czone)<\/em><\/td><td>Udzia\u0142 w mi\u0119dzynarodowym projekcie badawczym: Auswirkungen der Liberalisierung des Internethandels in Europa auf den Ph\u00e4nomenbereich der Arzneimittelkriminalit\u00e4t (ALPhA)\u201d, realizowanym na Wydziale Prawa UwB w latach 2014-2018. \u00a0<\/td><\/tr><tr><td><\/td><td><strong> Inne aktywno\u015bci\/osi\u0105gni\u0119cia naukowe Doktoranta<\/strong><\/td><\/tr><tr><td><\/td><td>Wyr\u00f3\u017cnienie pracy magisterskiej pt. <em>Zgwa\u0142cenie osoby najbli\u017cszej jako przyk\u0142ad typu kwalifikowanego przest\u0119pstwa<\/em> nagrod\u0105 im. Dr. Jana Zygmunta Robla przyznan\u0105 przez Kapitu\u0142\u0119 Instytutu Ekspertyz S\u0105dowych im. Prof. Dra Jana Sehna w Krakowie decyzj\u0105 z dnia 18 grudnia 2020 r.<br><br>Dyplom Dziekana Wydzia\u0142u Prawa za aktywn\u0105 dzia\u0142alno\u015b\u0107 w Kole Naukowym Prawa Karnego i Kryminologii w roku akademickim 2019\/2020\u00a0z dnia 22 grudnia 2020 r.<br><br>Cz\u0142onek Zarz\u0105du Krajowej Reprezentacji Doktorant\u00f3w 2021 \u2013 Koordynator ds. Prawnych.Przewodnicz\u0105ca Komisji Prawnej Krajowej Reprezentacji Doktorant\u00f3w.<br><br>Cz\u0142onek Rady Doktorant\u00f3w Szko\u0142y Doktorskiej Nauk Spo\u0142ecznych UwB.<br><br>Rzecznik Praw Doktoranta UwB<br><br>Wieloletni cz\u0142onek Ko\u0142a Naukowego Prawa Karnego i Kryminologii.Uczestnik II edycji Szko\u0142y lider\u00f3w programu Administracja pod kontrol\u0105 w 2021 r.<br><br><br>Warsztaty pt. <em>The Nature of Criminal Behavior: How Genomics and Biological Measuresare Impacting Criminology<\/em>, 11 stycznia 2021 r.<br><br>Warsztaty pt. <em>Efektywne Publikowanie Naukowe<\/em>, 10 i 17 listopada 2020 r. <br><br>Szkolenie pt. Efektywna wsp\u00f3\u0142praca w zespole, 2 pa\u017adziernika 2021 r.<br>Warsztaty pt. <em>The Nature of Criminal Behavior: How Genomics and Biological Measuresare Impacting Criminology<\/em>, 11 stycznia 2021 r.<br><br>Warsztaty pt. <em>Efektywne Publikowanie Naukowe<\/em>, 10 i 17 listopada 2020 r. <br><br>Szkolenie pt. Efektywna wsp\u00f3\u0142praca w zespole, 2 pa\u017adziernika 2021 r.<\/td><\/tr><\/tbody><\/table><\/figure>\n\n\n\n<p><\/p>\n","protected":false},"excerpt":{"rendered":"<p>Imi\u0119 i nazwisko doktoranta Adriana Kuligowska-Tyszka E-mail (w domenie UwB) a.kuligowska@uwb.edu.pl ORCID 0000-0003-3336-7020 Temat rozprawy doktorskiej B\u0142\u0105d medyczny w zabiegach chirurgii plastycznej \u2013 wybrane aspekty prawnokarne i kryminologiczne Promotor Prof.&hellip;<\/p>\n","protected":false},"author":7,"featured_media":0,"parent":0,"menu_order":0,"comment_status":"closed","ping_status":"closed","template":"","meta":{"footnotes":""},"class_list":["post-660","page","type-page","status-publish","hentry"],"yoast_head":"<!-- This site is optimized with the Yoast SEO plugin v27.4 - https:\/\/yoast.com\/product\/yoast-seo-wordpress\/ -->\n<title>Kuligowska- Tyszka Adriana - Szko\u0142a Doktorska Nauk Spo\u0142ecznych UwB<\/title>\n<meta name=\"robots\" content=\"index, follow, max-snippet:-1, max-image-preview:large, max-video-preview:-1\" \/>\n<link rel=\"canonical\" href=\"https:\/\/szkolydoktorskie.uwb.edu.pl\/ns\/kuligowska-tyszka-adrian\/\" \/>\n<meta property=\"og:locale\" content=\"pl_PL\" \/>\n<meta property=\"og:type\" content=\"article\" \/>\n<meta property=\"og:title\" content=\"Kuligowska- Tyszka Adriana - Szko\u0142a Doktorska Nauk Spo\u0142ecznych UwB\" \/>\n<meta property=\"og:description\" content=\"Imi\u0119 i nazwisko doktoranta Adriana Kuligowska-Tyszka E-mail (w domenie UwB) a.kuligowska@uwb.edu.pl ORCID 0000-0003-3336-7020 Temat rozprawy doktorskiej B\u0142\u0105d medyczny w zabiegach chirurgii plastycznej \u2013 wybrane aspekty prawnokarne i kryminologiczne Promotor Prof.&hellip;\" \/>\n<meta property=\"og:url\" content=\"https:\/\/szkolydoktorskie.uwb.edu.pl\/ns\/kuligowska-tyszka-adrian\/\" \/>\n<meta property=\"og:site_name\" content=\"Szko\u0142a Doktorska Nauk Spo\u0142ecznych UwB\" \/>\n<meta property=\"article:modified_time\" content=\"2024-03-22T12:44:10+00:00\" \/>\n<meta property=\"og:image\" content=\"https:\/\/szkolydoktorskie.uwb.edu.pl\/ns\/wp-content\/uploads\/sites\/2\/2021\/10\/2006145-Adriana-1-edited.jpg\" \/>\n<meta name=\"twitter:card\" content=\"summary_large_image\" \/>\n<meta name=\"twitter:label1\" content=\"Szacowany czas czytania\" \/>\n\t<meta name=\"twitter:data1\" content=\"4 minuty\" \/>\n<script type=\"application\/ld+json\" class=\"yoast-schema-graph\">{\"@context\":\"https:\\\/\\\/schema.org\",\"@graph\":[{\"@type\":\"WebPage\",\"@id\":\"https:\\\/\\\/szkolydoktorskie.uwb.edu.pl\\\/ns\\\/kuligowska-tyszka-adrian\\\/\",\"url\":\"https:\\\/\\\/szkolydoktorskie.uwb.edu.pl\\\/ns\\\/kuligowska-tyszka-adrian\\\/\",\"name\":\"Kuligowska- Tyszka Adriana - Szko\u0142a Doktorska Nauk Spo\u0142ecznych UwB\",\"isPartOf\":{\"@id\":\"https:\\\/\\\/szkolydoktorskie.uwb.edu.pl\\\/ns\\\/#website\"},\"primaryImageOfPage\":{\"@id\":\"https:\\\/\\\/szkolydoktorskie.uwb.edu.pl\\\/ns\\\/kuligowska-tyszka-adrian\\\/#primaryimage\"},\"image\":{\"@id\":\"https:\\\/\\\/szkolydoktorskie.uwb.edu.pl\\\/ns\\\/kuligowska-tyszka-adrian\\\/#primaryimage\"},\"thumbnailUrl\":\"https:\\\/\\\/szkolydoktorskie.uwb.edu.pl\\\/ns\\\/wp-content\\\/uploads\\\/sites\\\/2\\\/2021\\\/10\\\/2006145-Adriana-1-edited.jpg\",\"datePublished\":\"2021-10-19T09:58:51+00:00\",\"dateModified\":\"2024-03-22T12:44:10+00:00\",\"breadcrumb\":{\"@id\":\"https:\\\/\\\/szkolydoktorskie.uwb.edu.pl\\\/ns\\\/kuligowska-tyszka-adrian\\\/#breadcrumb\"},\"inLanguage\":\"pl-PL\",\"potentialAction\":[{\"@type\":\"ReadAction\",\"target\":[\"https:\\\/\\\/szkolydoktorskie.uwb.edu.pl\\\/ns\\\/kuligowska-tyszka-adrian\\\/\"]}]},{\"@type\":\"ImageObject\",\"inLanguage\":\"pl-PL\",\"@id\":\"https:\\\/\\\/szkolydoktorskie.uwb.edu.pl\\\/ns\\\/kuligowska-tyszka-adrian\\\/#primaryimage\",\"url\":\"https:\\\/\\\/szkolydoktorskie.uwb.edu.pl\\\/ns\\\/wp-content\\\/uploads\\\/sites\\\/2\\\/2021\\\/10\\\/2006145-Adriana-1-edited.jpg\",\"contentUrl\":\"https:\\\/\\\/szkolydoktorskie.uwb.edu.pl\\\/ns\\\/wp-content\\\/uploads\\\/sites\\\/2\\\/2021\\\/10\\\/2006145-Adriana-1-edited.jpg\",\"width\":2000,\"height\":2000},{\"@type\":\"BreadcrumbList\",\"@id\":\"https:\\\/\\\/szkolydoktorskie.uwb.edu.pl\\\/ns\\\/kuligowska-tyszka-adrian\\\/#breadcrumb\",\"itemListElement\":[{\"@type\":\"ListItem\",\"position\":1,\"name\":\"Strona g\u0142\u00f3wna\",\"item\":\"https:\\\/\\\/szkolydoktorskie.uwb.edu.pl\\\/ns\\\/\"},{\"@type\":\"ListItem\",\"position\":2,\"name\":\"Kuligowska- Tyszka Adriana\"}]},{\"@type\":\"WebSite\",\"@id\":\"https:\\\/\\\/szkolydoktorskie.uwb.edu.pl\\\/ns\\\/#website\",\"url\":\"https:\\\/\\\/szkolydoktorskie.uwb.edu.pl\\\/ns\\\/\",\"name\":\"Szko\u0142a Doktorska Nauk Spo\u0142ecznych UwB\",\"description\":\"Szko\u0142a Doktorska Nauk Spo\u0142ecznych UwB\",\"publisher\":{\"@id\":\"https:\\\/\\\/szkolydoktorskie.uwb.edu.pl\\\/ns\\\/#organization\"},\"potentialAction\":[{\"@type\":\"SearchAction\",\"target\":{\"@type\":\"EntryPoint\",\"urlTemplate\":\"https:\\\/\\\/szkolydoktorskie.uwb.edu.pl\\\/ns\\\/?s={search_term_string}\"},\"query-input\":{\"@type\":\"PropertyValueSpecification\",\"valueRequired\":true,\"valueName\":\"search_term_string\"}}],\"inLanguage\":\"pl-PL\"},{\"@type\":\"Organization\",\"@id\":\"https:\\\/\\\/szkolydoktorskie.uwb.edu.pl\\\/ns\\\/#organization\",\"name\":\"Szko\u0142a Doktorska Nauk Spo\u0142ecznych UwB\",\"url\":\"https:\\\/\\\/szkolydoktorskie.uwb.edu.pl\\\/ns\\\/\",\"logo\":{\"@type\":\"ImageObject\",\"inLanguage\":\"pl-PL\",\"@id\":\"https:\\\/\\\/szkolydoktorskie.uwb.edu.pl\\\/ns\\\/#\\\/schema\\\/logo\\\/image\\\/\",\"url\":\"https:\\\/\\\/szkolydoktorskie.uwb.edu.pl\\\/ns\\\/wp-content\\\/uploads\\\/sites\\\/2\\\/2021\\\/04\\\/cropped-NS-LOGO.png\",\"contentUrl\":\"https:\\\/\\\/szkolydoktorskie.uwb.edu.pl\\\/ns\\\/wp-content\\\/uploads\\\/sites\\\/2\\\/2021\\\/04\\\/cropped-NS-LOGO.png\",\"width\":705,\"height\":188,\"caption\":\"Szko\u0142a Doktorska Nauk Spo\u0142ecznych UwB\"},\"image\":{\"@id\":\"https:\\\/\\\/szkolydoktorskie.uwb.edu.pl\\\/ns\\\/#\\\/schema\\\/logo\\\/image\\\/\"}}]}<\/script>\n<!-- \/ Yoast SEO plugin. -->","yoast_head_json":{"title":"Kuligowska- Tyszka Adriana - Szko\u0142a Doktorska Nauk Spo\u0142ecznych UwB","robots":{"index":"index","follow":"follow","max-snippet":"max-snippet:-1","max-image-preview":"max-image-preview:large","max-video-preview":"max-video-preview:-1"},"canonical":"https:\/\/szkolydoktorskie.uwb.edu.pl\/ns\/kuligowska-tyszka-adrian\/","og_locale":"pl_PL","og_type":"article","og_title":"Kuligowska- Tyszka Adriana - Szko\u0142a Doktorska Nauk Spo\u0142ecznych UwB","og_description":"Imi\u0119 i nazwisko doktoranta Adriana Kuligowska-Tyszka E-mail (w domenie UwB) a.kuligowska@uwb.edu.pl ORCID 0000-0003-3336-7020 Temat rozprawy doktorskiej B\u0142\u0105d medyczny w zabiegach chirurgii plastycznej \u2013 wybrane aspekty prawnokarne i kryminologiczne Promotor Prof.&hellip;","og_url":"https:\/\/szkolydoktorskie.uwb.edu.pl\/ns\/kuligowska-tyszka-adrian\/","og_site_name":"Szko\u0142a Doktorska Nauk Spo\u0142ecznych UwB","article_modified_time":"2024-03-22T12:44:10+00:00","og_image":[{"url":"https:\/\/szkolydoktorskie.uwb.edu.pl\/ns\/wp-content\/uploads\/sites\/2\/2021\/10\/2006145-Adriana-1-edited.jpg","type":"","width":"","height":""}],"twitter_card":"summary_large_image","twitter_misc":{"Szacowany czas czytania":"4 minuty"},"schema":{"@context":"https:\/\/schema.org","@graph":[{"@type":"WebPage","@id":"https:\/\/szkolydoktorskie.uwb.edu.pl\/ns\/kuligowska-tyszka-adrian\/","url":"https:\/\/szkolydoktorskie.uwb.edu.pl\/ns\/kuligowska-tyszka-adrian\/","name":"Kuligowska- Tyszka Adriana - Szko\u0142a Doktorska Nauk Spo\u0142ecznych UwB","isPartOf":{"@id":"https:\/\/szkolydoktorskie.uwb.edu.pl\/ns\/#website"},"primaryImageOfPage":{"@id":"https:\/\/szkolydoktorskie.uwb.edu.pl\/ns\/kuligowska-tyszka-adrian\/#primaryimage"},"image":{"@id":"https:\/\/szkolydoktorskie.uwb.edu.pl\/ns\/kuligowska-tyszka-adrian\/#primaryimage"},"thumbnailUrl":"https:\/\/szkolydoktorskie.uwb.edu.pl\/ns\/wp-content\/uploads\/sites\/2\/2021\/10\/2006145-Adriana-1-edited.jpg","datePublished":"2021-10-19T09:58:51+00:00","dateModified":"2024-03-22T12:44:10+00:00","breadcrumb":{"@id":"https:\/\/szkolydoktorskie.uwb.edu.pl\/ns\/kuligowska-tyszka-adrian\/#breadcrumb"},"inLanguage":"pl-PL","potentialAction":[{"@type":"ReadAction","target":["https:\/\/szkolydoktorskie.uwb.edu.pl\/ns\/kuligowska-tyszka-adrian\/"]}]},{"@type":"ImageObject","inLanguage":"pl-PL","@id":"https:\/\/szkolydoktorskie.uwb.edu.pl\/ns\/kuligowska-tyszka-adrian\/#primaryimage","url":"https:\/\/szkolydoktorskie.uwb.edu.pl\/ns\/wp-content\/uploads\/sites\/2\/2021\/10\/2006145-Adriana-1-edited.jpg","contentUrl":"https:\/\/szkolydoktorskie.uwb.edu.pl\/ns\/wp-content\/uploads\/sites\/2\/2021\/10\/2006145-Adriana-1-edited.jpg","width":2000,"height":2000},{"@type":"BreadcrumbList","@id":"https:\/\/szkolydoktorskie.uwb.edu.pl\/ns\/kuligowska-tyszka-adrian\/#breadcrumb","itemListElement":[{"@type":"ListItem","position":1,"name":"Strona g\u0142\u00f3wna","item":"https:\/\/szkolydoktorskie.uwb.edu.pl\/ns\/"},{"@type":"ListItem","position":2,"name":"Kuligowska- Tyszka Adriana"}]},{"@type":"WebSite","@id":"https:\/\/szkolydoktorskie.uwb.edu.pl\/ns\/#website","url":"https:\/\/szkolydoktorskie.uwb.edu.pl\/ns\/","name":"Szko\u0142a Doktorska Nauk Spo\u0142ecznych UwB","description":"Szko\u0142a Doktorska Nauk Spo\u0142ecznych UwB","publisher":{"@id":"https:\/\/szkolydoktorskie.uwb.edu.pl\/ns\/#organization"},"potentialAction":[{"@type":"SearchAction","target":{"@type":"EntryPoint","urlTemplate":"https:\/\/szkolydoktorskie.uwb.edu.pl\/ns\/?s={search_term_string}"},"query-input":{"@type":"PropertyValueSpecification","valueRequired":true,"valueName":"search_term_string"}}],"inLanguage":"pl-PL"},{"@type":"Organization","@id":"https:\/\/szkolydoktorskie.uwb.edu.pl\/ns\/#organization","name":"Szko\u0142a Doktorska Nauk Spo\u0142ecznych UwB","url":"https:\/\/szkolydoktorskie.uwb.edu.pl\/ns\/","logo":{"@type":"ImageObject","inLanguage":"pl-PL","@id":"https:\/\/szkolydoktorskie.uwb.edu.pl\/ns\/#\/schema\/logo\/image\/","url":"https:\/\/szkolydoktorskie.uwb.edu.pl\/ns\/wp-content\/uploads\/sites\/2\/2021\/04\/cropped-NS-LOGO.png","contentUrl":"https:\/\/szkolydoktorskie.uwb.edu.pl\/ns\/wp-content\/uploads\/sites\/2\/2021\/04\/cropped-NS-LOGO.png","width":705,"height":188,"caption":"Szko\u0142a Doktorska Nauk Spo\u0142ecznych UwB"},"image":{"@id":"https:\/\/szkolydoktorskie.uwb.edu.pl\/ns\/#\/schema\/logo\/image\/"}}]}},"_links":{"self":[{"href":"https:\/\/szkolydoktorskie.uwb.edu.pl\/ns\/wp-json\/wp\/v2\/pages\/660","targetHints":{"allow":["GET"]}}],"collection":[{"href":"https:\/\/szkolydoktorskie.uwb.edu.pl\/ns\/wp-json\/wp\/v2\/pages"}],"about":[{"href":"https:\/\/szkolydoktorskie.uwb.edu.pl\/ns\/wp-json\/wp\/v2\/types\/page"}],"author":[{"embeddable":true,"href":"https:\/\/szkolydoktorskie.uwb.edu.pl\/ns\/wp-json\/wp\/v2\/users\/7"}],"replies":[{"embeddable":true,"href":"https:\/\/szkolydoktorskie.uwb.edu.pl\/ns\/wp-json\/wp\/v2\/comments?post=660"}],"version-history":[{"count":11,"href":"https:\/\/szkolydoktorskie.uwb.edu.pl\/ns\/wp-json\/wp\/v2\/pages\/660\/revisions"}],"predecessor-version":[{"id":2505,"href":"https:\/\/szkolydoktorskie.uwb.edu.pl\/ns\/wp-json\/wp\/v2\/pages\/660\/revisions\/2505"}],"wp:attachment":[{"href":"https:\/\/szkolydoktorskie.uwb.edu.pl\/ns\/wp-json\/wp\/v2\/media?parent=660"}],"curies":[{"name":"wp","href":"https:\/\/api.w.org\/{rel}","templated":true}]}}