{"id":650,"date":"2021-10-19T11:18:09","date_gmt":"2021-10-19T09:18:09","guid":{"rendered":"https:\/\/szkolydoktorskie.uwb.edu.pl\/ns\/?page_id=650"},"modified":"2024-03-22T13:23:33","modified_gmt":"2024-03-22T12:23:33","slug":"borkowski-mateusz","status":"publish","type":"page","link":"https:\/\/szkolydoktorskie.uwb.edu.pl\/ns\/borkowski-mateusz\/","title":{"rendered":"Borkowski Mateusz"},"content":{"rendered":"\n<figure class=\"wp-block-image size-large is-resized\"><img loading=\"lazy\" decoding=\"async\" width=\"1000\" height=\"1000\" src=\"https:\/\/szkolydoktorskie.uwb.edu.pl\/ns\/wp-content\/uploads\/sites\/2\/2021\/10\/DSC_8289-edited.jpg\" alt=\"\" class=\"wp-image-652\" style=\"width:295px;height:295px\" srcset=\"https:\/\/szkolydoktorskie.uwb.edu.pl\/ns\/wp-content\/uploads\/sites\/2\/2021\/10\/DSC_8289-edited.jpg 1000w, https:\/\/szkolydoktorskie.uwb.edu.pl\/ns\/wp-content\/uploads\/sites\/2\/2021\/10\/DSC_8289-edited-300x300.jpg 300w, https:\/\/szkolydoktorskie.uwb.edu.pl\/ns\/wp-content\/uploads\/sites\/2\/2021\/10\/DSC_8289-edited-150x150.jpg 150w, https:\/\/szkolydoktorskie.uwb.edu.pl\/ns\/wp-content\/uploads\/sites\/2\/2021\/10\/DSC_8289-edited-768x768.jpg 768w\" sizes=\"auto, (max-width: 1000px) 100vw, 1000px\" \/><\/figure>\n\n\n\n<p class=\"has-normal-font-size\">                                                          <\/p>\n\n\n\n<figure class=\"wp-block-table\"><table><tbody><tr><td><strong>Imi\u0119 i nazwisko doktoranta<\/strong><\/td><td><strong>Mateusz Borkowski <\/strong><\/td><\/tr><tr><td><strong>E-mail <\/strong><br><em>(w domenie UwB<\/em>)<\/td><td>m.borkowski@uwb.edu.pl<\/td><\/tr><tr><td><strong>ORCID<\/strong><\/td><td>0000-0003-0644-4764<\/td><\/tr><tr><td><strong>Temat rozprawy doktorskiej<\/strong><\/td><td>Instytucjonalne determinanty rozwoju gospodarczego na przyk\u0142adzie gospodarek UE w latach 2008-202X<\/td><\/tr><tr><td><strong>Promotor<\/strong><\/td><td>dr hab. Ewa Gruszewska, prof. UwB<\/td><\/tr><tr><td><strong>Promotor pomocniczy<\/strong><\/td><td>dr hab. Iwona Skrodzka<\/td><\/tr><tr><td><strong>Wydzia\u0142<\/strong> <strong>Katedra\/Zak\u0142ad<\/strong><\/td><td>Wydzia\u0142 Ekonomii i Finans\u00f3w <br>Katedra Ekonomii Politycznej <br>Zak\u0142ad Ekonomii Instytucjonalnej<\/td><\/tr><tr><td><\/td><td><strong>Publikacje naukowe<\/strong><\/td><\/tr><tr><td><em>Artyku\u0142y naukowe w czasopismach<\/em><\/td><td>Borkowski M., (2019),\u00a0Bezpiecze\u0144stwo ekonomiczne Szwecji na tle pa\u0144stw OECD, \u201eStudia Ekonomiczne. Zeszyty Naukowe Uniwersytetu Ekonomicznego w Katowicach\u201d, nr 379(17), s. 7-31. (5 pkt).\u00a0\u00a0\u00a0<br><br>Borkowski M., (2020),\u00a0Economic security of Polish Voivodeships.\u00a0Measuring the concept, \u201cStudia Prawno-Ekonomiczne\u201d, t. 114, ss. 195-216. (40 pkt).\u00a0\u00a0\u00a0<br><br>Borkowski M., (2020),\u00a0Institutions and Economic Development on the Example of OECD Countries, \u201cEastern European Journal of Transnational Relations\u201d, \u00a0Vol. 4 No. 2, s. 27-48. (70 pkt).\u00a0\u00a0\u00a0<br><br>Borkowski M., (2021),\u00a0The quality of formal institutional subsystems of OECD countries, \u201cEkonomia i Prawo. Economics and Law\u201d, Vol. 20, No. 1, s. 21-44. (70 pkt).\u00a0\u00a0\u00a0<br><br>Borkowski M., (2021),\u00a0Efektywno\u015b\u0107 w uj\u0119ciu mikro- i makroekonomicznym w my\u015bli ekonomicznej \u2014 przegl\u0105d teoretyczny, \u201cStudenckie Prace Prawnicze, Administratywistyczne i Ekonomiczne\u201d, t. 37, s. 77-92. (20 pkt).<\/td><\/tr><tr><td><\/td><td><strong>Inne aktywno\u015bci\/osi\u0105gni\u0119cia naukowe Doktoranta<\/strong><\/td><\/tr><tr><td><\/td><td>Udzia\u0142 w Mi\u0119dzynarodowej Szkole Letniej \u201e<em>Finance for five<\/em>\u201d zorganizowanej przez Uniwersytet w Bia\u0142ymstoku, Wydzia\u0142 Ekonomii i Zarz\u0105dzania, (9-20.09.2019) \u00a0 <br><br>Uczestniczenie w warsztatach: \u201e<em>Jak przeprowadzi\u0107 przegl\u0105d literatury z Web of Science<\/em>\u201d przygotowany przez p.\u00a0M.\u00a0Kapczy\u0144skiego, Clarivate, Web of Science (21.07.2020) \u00a0<br><br>Uczestniczenie w warsztatach: <em>\u201eElektroniczne \u017ar\u00f3d\u0142a informacji (Gdzie i jak szuka\u0107 informacji do pracy naukowej)\u201d<\/em> organizowanych przez Bibliotek\u0119 Uniwersyteck\u0105 im. Jerzego Giedroycia (28.10.2020) \u00a0 <br><br>Uczestniczenie w warsztatach: <em>\u201eEfektywne publikowanie naukowe\u201d<\/em> organizowanych przez Academya.com (10 i 17.11.2020) \u00a0 <br><br>Do\u0142\u0105czenie do Polskiego Towarzystwa Ekonomicznego (Oddzia\u0142 w Bia\u0142ymstoku) \u2013 cz\u0142onek zwyczajny (od 01.07.2021)<\/td><\/tr><\/tbody><\/table><\/figure>\n","protected":false},"excerpt":{"rendered":"<p>Imi\u0119 i nazwisko doktoranta Mateusz Borkowski E-mail (w domenie UwB) m.borkowski@uwb.edu.pl ORCID 0000-0003-0644-4764 Temat rozprawy doktorskiej Instytucjonalne determinanty rozwoju gospodarczego na przyk\u0142adzie gospodarek UE w latach 2008-202X Promotor dr hab.&hellip;<\/p>\n","protected":false},"author":7,"featured_media":0,"parent":0,"menu_order":0,"comment_status":"closed","ping_status":"closed","template":"","meta":{"footnotes":""},"class_list":["post-650","page","type-page","status-publish","hentry"],"yoast_head":"<!-- This site is optimized with the Yoast SEO plugin v27.4 - https:\/\/yoast.com\/product\/yoast-seo-wordpress\/ -->\n<title>Borkowski Mateusz - Szko\u0142a Doktorska Nauk Spo\u0142ecznych UwB<\/title>\n<meta name=\"robots\" content=\"index, follow, max-snippet:-1, max-image-preview:large, max-video-preview:-1\" \/>\n<link rel=\"canonical\" href=\"https:\/\/szkolydoktorskie.uwb.edu.pl\/ns\/borkowski-mateusz\/\" \/>\n<meta property=\"og:locale\" content=\"pl_PL\" \/>\n<meta property=\"og:type\" content=\"article\" \/>\n<meta property=\"og:title\" content=\"Borkowski Mateusz - Szko\u0142a Doktorska Nauk Spo\u0142ecznych UwB\" \/>\n<meta property=\"og:description\" content=\"Imi\u0119 i nazwisko doktoranta Mateusz Borkowski E-mail (w domenie UwB) m.borkowski@uwb.edu.pl ORCID 0000-0003-0644-4764 Temat rozprawy doktorskiej Instytucjonalne determinanty rozwoju gospodarczego na przyk\u0142adzie gospodarek UE w latach 2008-202X Promotor dr hab.&hellip;\" \/>\n<meta property=\"og:url\" content=\"https:\/\/szkolydoktorskie.uwb.edu.pl\/ns\/borkowski-mateusz\/\" \/>\n<meta property=\"og:site_name\" content=\"Szko\u0142a Doktorska Nauk Spo\u0142ecznych UwB\" \/>\n<meta property=\"article:modified_time\" content=\"2024-03-22T12:23:33+00:00\" \/>\n<meta property=\"og:image\" content=\"https:\/\/szkolydoktorskie.uwb.edu.pl\/ns\/wp-content\/uploads\/sites\/2\/2021\/10\/DSC_8289-edited.jpg\" \/>\n<meta name=\"twitter:card\" content=\"summary_large_image\" \/>\n<meta name=\"twitter:label1\" content=\"Szacowany czas czytania\" \/>\n\t<meta name=\"twitter:data1\" content=\"2 minuty\" \/>\n<script type=\"application\/ld+json\" class=\"yoast-schema-graph\">{\"@context\":\"https:\\\/\\\/schema.org\",\"@graph\":[{\"@type\":\"WebPage\",\"@id\":\"https:\\\/\\\/szkolydoktorskie.uwb.edu.pl\\\/ns\\\/borkowski-mateusz\\\/\",\"url\":\"https:\\\/\\\/szkolydoktorskie.uwb.edu.pl\\\/ns\\\/borkowski-mateusz\\\/\",\"name\":\"Borkowski Mateusz - Szko\u0142a Doktorska Nauk Spo\u0142ecznych UwB\",\"isPartOf\":{\"@id\":\"https:\\\/\\\/szkolydoktorskie.uwb.edu.pl\\\/ns\\\/#website\"},\"primaryImageOfPage\":{\"@id\":\"https:\\\/\\\/szkolydoktorskie.uwb.edu.pl\\\/ns\\\/borkowski-mateusz\\\/#primaryimage\"},\"image\":{\"@id\":\"https:\\\/\\\/szkolydoktorskie.uwb.edu.pl\\\/ns\\\/borkowski-mateusz\\\/#primaryimage\"},\"thumbnailUrl\":\"https:\\\/\\\/szkolydoktorskie.uwb.edu.pl\\\/ns\\\/wp-content\\\/uploads\\\/sites\\\/2\\\/2021\\\/10\\\/DSC_8289-edited.jpg\",\"datePublished\":\"2021-10-19T09:18:09+00:00\",\"dateModified\":\"2024-03-22T12:23:33+00:00\",\"breadcrumb\":{\"@id\":\"https:\\\/\\\/szkolydoktorskie.uwb.edu.pl\\\/ns\\\/borkowski-mateusz\\\/#breadcrumb\"},\"inLanguage\":\"pl-PL\",\"potentialAction\":[{\"@type\":\"ReadAction\",\"target\":[\"https:\\\/\\\/szkolydoktorskie.uwb.edu.pl\\\/ns\\\/borkowski-mateusz\\\/\"]}]},{\"@type\":\"ImageObject\",\"inLanguage\":\"pl-PL\",\"@id\":\"https:\\\/\\\/szkolydoktorskie.uwb.edu.pl\\\/ns\\\/borkowski-mateusz\\\/#primaryimage\",\"url\":\"https:\\\/\\\/szkolydoktorskie.uwb.edu.pl\\\/ns\\\/wp-content\\\/uploads\\\/sites\\\/2\\\/2021\\\/10\\\/DSC_8289-edited.jpg\",\"contentUrl\":\"https:\\\/\\\/szkolydoktorskie.uwb.edu.pl\\\/ns\\\/wp-content\\\/uploads\\\/sites\\\/2\\\/2021\\\/10\\\/DSC_8289-edited.jpg\",\"width\":1000,\"height\":1000},{\"@type\":\"BreadcrumbList\",\"@id\":\"https:\\\/\\\/szkolydoktorskie.uwb.edu.pl\\\/ns\\\/borkowski-mateusz\\\/#breadcrumb\",\"itemListElement\":[{\"@type\":\"ListItem\",\"position\":1,\"name\":\"Strona g\u0142\u00f3wna\",\"item\":\"https:\\\/\\\/szkolydoktorskie.uwb.edu.pl\\\/ns\\\/\"},{\"@type\":\"ListItem\",\"position\":2,\"name\":\"Borkowski Mateusz\"}]},{\"@type\":\"WebSite\",\"@id\":\"https:\\\/\\\/szkolydoktorskie.uwb.edu.pl\\\/ns\\\/#website\",\"url\":\"https:\\\/\\\/szkolydoktorskie.uwb.edu.pl\\\/ns\\\/\",\"name\":\"Szko\u0142a Doktorska Nauk Spo\u0142ecznych UwB\",\"description\":\"Szko\u0142a Doktorska Nauk Spo\u0142ecznych UwB\",\"publisher\":{\"@id\":\"https:\\\/\\\/szkolydoktorskie.uwb.edu.pl\\\/ns\\\/#organization\"},\"potentialAction\":[{\"@type\":\"SearchAction\",\"target\":{\"@type\":\"EntryPoint\",\"urlTemplate\":\"https:\\\/\\\/szkolydoktorskie.uwb.edu.pl\\\/ns\\\/?s={search_term_string}\"},\"query-input\":{\"@type\":\"PropertyValueSpecification\",\"valueRequired\":true,\"valueName\":\"search_term_string\"}}],\"inLanguage\":\"pl-PL\"},{\"@type\":\"Organization\",\"@id\":\"https:\\\/\\\/szkolydoktorskie.uwb.edu.pl\\\/ns\\\/#organization\",\"name\":\"Szko\u0142a Doktorska Nauk Spo\u0142ecznych UwB\",\"url\":\"https:\\\/\\\/szkolydoktorskie.uwb.edu.pl\\\/ns\\\/\",\"logo\":{\"@type\":\"ImageObject\",\"inLanguage\":\"pl-PL\",\"@id\":\"https:\\\/\\\/szkolydoktorskie.uwb.edu.pl\\\/ns\\\/#\\\/schema\\\/logo\\\/image\\\/\",\"url\":\"https:\\\/\\\/szkolydoktorskie.uwb.edu.pl\\\/ns\\\/wp-content\\\/uploads\\\/sites\\\/2\\\/2021\\\/04\\\/cropped-NS-LOGO.png\",\"contentUrl\":\"https:\\\/\\\/szkolydoktorskie.uwb.edu.pl\\\/ns\\\/wp-content\\\/uploads\\\/sites\\\/2\\\/2021\\\/04\\\/cropped-NS-LOGO.png\",\"width\":705,\"height\":188,\"caption\":\"Szko\u0142a Doktorska Nauk Spo\u0142ecznych UwB\"},\"image\":{\"@id\":\"https:\\\/\\\/szkolydoktorskie.uwb.edu.pl\\\/ns\\\/#\\\/schema\\\/logo\\\/image\\\/\"}}]}<\/script>\n<!-- \/ Yoast SEO plugin. -->","yoast_head_json":{"title":"Borkowski Mateusz - Szko\u0142a Doktorska Nauk Spo\u0142ecznych UwB","robots":{"index":"index","follow":"follow","max-snippet":"max-snippet:-1","max-image-preview":"max-image-preview:large","max-video-preview":"max-video-preview:-1"},"canonical":"https:\/\/szkolydoktorskie.uwb.edu.pl\/ns\/borkowski-mateusz\/","og_locale":"pl_PL","og_type":"article","og_title":"Borkowski Mateusz - Szko\u0142a Doktorska Nauk Spo\u0142ecznych UwB","og_description":"Imi\u0119 i nazwisko doktoranta Mateusz Borkowski E-mail (w domenie UwB) m.borkowski@uwb.edu.pl ORCID 0000-0003-0644-4764 Temat rozprawy doktorskiej Instytucjonalne determinanty rozwoju gospodarczego na przyk\u0142adzie gospodarek UE w latach 2008-202X Promotor dr hab.&hellip;","og_url":"https:\/\/szkolydoktorskie.uwb.edu.pl\/ns\/borkowski-mateusz\/","og_site_name":"Szko\u0142a Doktorska Nauk Spo\u0142ecznych UwB","article_modified_time":"2024-03-22T12:23:33+00:00","og_image":[{"url":"https:\/\/szkolydoktorskie.uwb.edu.pl\/ns\/wp-content\/uploads\/sites\/2\/2021\/10\/DSC_8289-edited.jpg","type":"","width":"","height":""}],"twitter_card":"summary_large_image","twitter_misc":{"Szacowany czas czytania":"2 minuty"},"schema":{"@context":"https:\/\/schema.org","@graph":[{"@type":"WebPage","@id":"https:\/\/szkolydoktorskie.uwb.edu.pl\/ns\/borkowski-mateusz\/","url":"https:\/\/szkolydoktorskie.uwb.edu.pl\/ns\/borkowski-mateusz\/","name":"Borkowski Mateusz - Szko\u0142a Doktorska Nauk Spo\u0142ecznych UwB","isPartOf":{"@id":"https:\/\/szkolydoktorskie.uwb.edu.pl\/ns\/#website"},"primaryImageOfPage":{"@id":"https:\/\/szkolydoktorskie.uwb.edu.pl\/ns\/borkowski-mateusz\/#primaryimage"},"image":{"@id":"https:\/\/szkolydoktorskie.uwb.edu.pl\/ns\/borkowski-mateusz\/#primaryimage"},"thumbnailUrl":"https:\/\/szkolydoktorskie.uwb.edu.pl\/ns\/wp-content\/uploads\/sites\/2\/2021\/10\/DSC_8289-edited.jpg","datePublished":"2021-10-19T09:18:09+00:00","dateModified":"2024-03-22T12:23:33+00:00","breadcrumb":{"@id":"https:\/\/szkolydoktorskie.uwb.edu.pl\/ns\/borkowski-mateusz\/#breadcrumb"},"inLanguage":"pl-PL","potentialAction":[{"@type":"ReadAction","target":["https:\/\/szkolydoktorskie.uwb.edu.pl\/ns\/borkowski-mateusz\/"]}]},{"@type":"ImageObject","inLanguage":"pl-PL","@id":"https:\/\/szkolydoktorskie.uwb.edu.pl\/ns\/borkowski-mateusz\/#primaryimage","url":"https:\/\/szkolydoktorskie.uwb.edu.pl\/ns\/wp-content\/uploads\/sites\/2\/2021\/10\/DSC_8289-edited.jpg","contentUrl":"https:\/\/szkolydoktorskie.uwb.edu.pl\/ns\/wp-content\/uploads\/sites\/2\/2021\/10\/DSC_8289-edited.jpg","width":1000,"height":1000},{"@type":"BreadcrumbList","@id":"https:\/\/szkolydoktorskie.uwb.edu.pl\/ns\/borkowski-mateusz\/#breadcrumb","itemListElement":[{"@type":"ListItem","position":1,"name":"Strona g\u0142\u00f3wna","item":"https:\/\/szkolydoktorskie.uwb.edu.pl\/ns\/"},{"@type":"ListItem","position":2,"name":"Borkowski Mateusz"}]},{"@type":"WebSite","@id":"https:\/\/szkolydoktorskie.uwb.edu.pl\/ns\/#website","url":"https:\/\/szkolydoktorskie.uwb.edu.pl\/ns\/","name":"Szko\u0142a Doktorska Nauk Spo\u0142ecznych UwB","description":"Szko\u0142a Doktorska Nauk Spo\u0142ecznych UwB","publisher":{"@id":"https:\/\/szkolydoktorskie.uwb.edu.pl\/ns\/#organization"},"potentialAction":[{"@type":"SearchAction","target":{"@type":"EntryPoint","urlTemplate":"https:\/\/szkolydoktorskie.uwb.edu.pl\/ns\/?s={search_term_string}"},"query-input":{"@type":"PropertyValueSpecification","valueRequired":true,"valueName":"search_term_string"}}],"inLanguage":"pl-PL"},{"@type":"Organization","@id":"https:\/\/szkolydoktorskie.uwb.edu.pl\/ns\/#organization","name":"Szko\u0142a Doktorska Nauk Spo\u0142ecznych UwB","url":"https:\/\/szkolydoktorskie.uwb.edu.pl\/ns\/","logo":{"@type":"ImageObject","inLanguage":"pl-PL","@id":"https:\/\/szkolydoktorskie.uwb.edu.pl\/ns\/#\/schema\/logo\/image\/","url":"https:\/\/szkolydoktorskie.uwb.edu.pl\/ns\/wp-content\/uploads\/sites\/2\/2021\/04\/cropped-NS-LOGO.png","contentUrl":"https:\/\/szkolydoktorskie.uwb.edu.pl\/ns\/wp-content\/uploads\/sites\/2\/2021\/04\/cropped-NS-LOGO.png","width":705,"height":188,"caption":"Szko\u0142a Doktorska Nauk Spo\u0142ecznych UwB"},"image":{"@id":"https:\/\/szkolydoktorskie.uwb.edu.pl\/ns\/#\/schema\/logo\/image\/"}}]}},"_links":{"self":[{"href":"https:\/\/szkolydoktorskie.uwb.edu.pl\/ns\/wp-json\/wp\/v2\/pages\/650","targetHints":{"allow":["GET"]}}],"collection":[{"href":"https:\/\/szkolydoktorskie.uwb.edu.pl\/ns\/wp-json\/wp\/v2\/pages"}],"about":[{"href":"https:\/\/szkolydoktorskie.uwb.edu.pl\/ns\/wp-json\/wp\/v2\/types\/page"}],"author":[{"embeddable":true,"href":"https:\/\/szkolydoktorskie.uwb.edu.pl\/ns\/wp-json\/wp\/v2\/users\/7"}],"replies":[{"embeddable":true,"href":"https:\/\/szkolydoktorskie.uwb.edu.pl\/ns\/wp-json\/wp\/v2\/comments?post=650"}],"version-history":[{"count":9,"href":"https:\/\/szkolydoktorskie.uwb.edu.pl\/ns\/wp-json\/wp\/v2\/pages\/650\/revisions"}],"predecessor-version":[{"id":2479,"href":"https:\/\/szkolydoktorskie.uwb.edu.pl\/ns\/wp-json\/wp\/v2\/pages\/650\/revisions\/2479"}],"wp:attachment":[{"href":"https:\/\/szkolydoktorskie.uwb.edu.pl\/ns\/wp-json\/wp\/v2\/media?parent=650"}],"curies":[{"name":"wp","href":"https:\/\/api.w.org\/{rel}","templated":true}]}}