{"id":625,"date":"2021-10-18T09:51:28","date_gmt":"2021-10-18T07:51:28","guid":{"rendered":"https:\/\/szkolydoktorskie.uwb.edu.pl\/ns\/?page_id=625"},"modified":"2024-03-22T14:15:14","modified_gmt":"2024-03-22T13:15:14","slug":"winckiewicz-monika","status":"publish","type":"page","link":"https:\/\/szkolydoktorskie.uwb.edu.pl\/ns\/winckiewicz-monika\/","title":{"rendered":"Winckiewicz Monika"},"content":{"rendered":"\n<p class=\"has-text-align-center has-normal-font-size\"><\/p>\n\n\n\n<figure class=\"wp-block-table\"><table><tbody><tr><td><strong>Imi\u0119 i nazwisko doktoranta<\/strong><\/td><td><strong>Monika Winckiewicz<\/strong><\/td><\/tr><tr><td><strong>E-mail <\/strong><br><em>(w domenie UwB)<\/em><\/td><td>m.winckiewicz@uwb.edu.pl<\/td><\/tr><tr><td><strong>ORCID<\/strong><\/td><td>0000-0001-57261787<\/td><\/tr><tr><td><strong>Temat rozprawy doktorskiej<\/strong><\/td><td>Procedury wcze\u015bniejszego dost\u0119pu do produkt\u00f3w leczniczych w sytuacjach kryzysowych w Polsce a procedura <em>compassionate use<\/em><\/td><\/tr><tr><td><strong>Promotor<\/strong><\/td><td>Prof. dr hab. Dariusz R. Kijowski<\/td><\/tr><tr><td><strong>Wydzia\u0142<\/strong> <strong>Katedra\/Zak\u0142ad<\/strong><\/td><td>Wydzia\u0142 Prawa UwB <br>Katedra Prawa i Post\u0119powania Administracyjnego<\/td><\/tr><tr><td><\/td><td><strong>Publikacje naukowe<\/strong><\/td><\/tr><tr><td><em>Monografie naukowe\/rozdzia\u0142y w monografiach<\/em><\/td><td>\u201e\u015amier\u0107 uczestnika bada\u0144 klinicznych \u2013 aspekty prawne i etyczne\u201d [w:] Memento Mori \u2013 w\u0105tki tanatologiczne w humanistyce i naukach spo\u0142ecznych, red. Krzpiet A., Medo\u0144 S., Wydawnictwo RYS, Pozna\u0144 2021, LICZBA PUNKT\u00d3W wg MNiSzW: 20\u00a0<br><br>\u201eZapobieganie, reagowanie i usuwanie skutk\u00f3w kl\u0119sk \u017cywio\u0142owych na terenie Rzeczpospolitej Polskiej w perspektywie nadchodz\u0105cych zmian klimatycznych.\u201d, [w:] \u201eZarz\u0105dzanie kryzysowe. Wymiar narodowy i mi\u0119dzynarodowy.\u201d, Wojskowa Akademia Techniczna, Warszawa 2020, LICZBA PUNKT\u00d3W wg MNiSzW: 20<br><br>\u201eUtrata przymiotu nieskazitelnego charakteru lub nieposzlakowanej opinii- zagadnienia wybrane\u201d, [w:] \u201eBadacze i ich wk\u0142ad w rozw\u00f3j nauki\u201d, 4intellect, Warszawa 2020, LICZBA PUNKT\u00d3W wg MNiSzW: 5\u00a0<br><br>\u201eBezpiecze\u0144stwo imprez masowych w uj\u0119ciu administracyjnoprawnym \u2013 studium prawnokryminologiczne\u201d, [w:] \u201eDylematy naukowe w r\u00f3\u017cnych dziedzinach, cz. 5.\u201d, 4intellect, Warszawa 2020, LICZBA PUNKT\u00d3W wg MNiSzW: 5<br><br>\u201ePrzest\u0119pczo\u015b\u0107 Stadionowa \u2013 studium prawnokryminologiczne\u201d, [w:] \u201eDylematy naukowe w r\u00f3\u017cnych dziedzinach, cz. 5.\u201d, 4intellect, Warszawa 2020, LICZBA PUNKT\u00d3W wg MNiSzW: 5\u00a0<br><br>\u201eSuplement diety a produkt leczniczy \u2013 zagadnienia wybrane\u201d, [w:] \u201eDylematy bada\u0144 naukowych w r\u00f3\u017cnych dziedzinach, cz. 4.\u201d, 4intellect, Warszawa 2019. <br><br>\u201ePrawnokarne aspekty przest\u0119pstwa o charakterze terrorystycznym\u201d [w:] \u201eDylematy bada\u0144 naukowych w r\u00f3\u017cnych dziedzinach, cz.4.\u201d, 4intellect, Warszawa 2019, LICZBA PUNKT\u00d3W wg MNiSzW: 5 <strong>\u00a0<\/strong><\/td><\/tr><tr><td><\/td><td><strong>Konferencje naukowe<\/strong><\/td><\/tr><tr><td><em>Wyst\u0105pienia na konferencjach naukowych<\/em><\/td><td>Og\u00f3lnopolska Konferencja Naukowa, \u201eNieodp\u0142atna pomoc prawna w dobie pandemii \u2013 wnioski de lege lata i de lege ferenda\u201d 22-23 kwietnia 2021 r. referat pt. \u201e<em>Zmiany w post\u0119powaniu administracyjnym w \u015bwietle art. 15 zzzzzn specustawy covidowej<\/em>\u201d;<br><br>Og\u00f3lnopolska Studencko-Doktorancka Konferencja Naukowa, \u201eAdministracja publiczna wobec potrzeb cz\u0142owieka\u201d 25 marca 2021 r., referat pt. \u201e<em>Zadania administracji publicznej w zakresie obowi\u0105zkowych szczepie\u0144 ochronnych \u2013 zagadnienia wybrane<\/em>\u201d;<br><br>Og\u00f3lnopolska Konferencja Naukowa \u201eA czy na pewno? Zagadnienia (nie)oczywiste i (nie)sporne w nauce, kulturze oraz sztuce\u201d 23-24 stycznia 2021 r., referat pt. \u201e<em>Obowi\u0105zkowe szczepienia ochronne- wolno\u015b\u0107 cz\u0142owieka a prawo do \u017cycia w spo\u0142ecze\u0144stwie wolnym od chor\u00f3b zaka\u017anych<\/em>\u201d;<br><br>Og\u00f3lnopolska Konferencja Naukowa \u201eGdy kres \u017cycia nadchodzi. \u015amier\u0107 w optyce nauk humanistycznych i spo\u0142ecznych\u201d 28-29 listopada 2020 r., referat pt. \u201e<em>\u015amier\u0107 uczestnika bada\u0144 klinicznych- aspekty prawne i etyczne<\/em>\u201d;<br><br>Og\u00f3lnopolska Konferencja Naukowa \u201eSamorz\u0105d terytorialny- wczoraj i dzi\u015b\u201d 25 listopada 2020 r., referat: \u201e<em>Kompetencje samorz\u0105du terytorialnego w procedurze przymusowego wykonywania obowi\u0105zku szkolnego i obowi\u0105zku nauki<\/em>\u201d;<br><br>Og\u00f3lnopolska Konferencja Naukowa pt. <em>Ludzie nauki- prezentacja tematyki badawczej lub przegl\u0105dowej cz. 9<\/em>., referat: <em>Utrata przymiotu nieskazitelnego charakteru lub nieposzlakowanej opinii- zagadnienia wybrane<\/em>, Warszawa 2020.<br><br>Og\u00f3lnopolska Konferencja Naukowa pt. <em>Ludzie nauki \u2013 prezentacja tematyki badawczej lub przegl\u0105dowej, cz. 7.<\/em>, referat: <em>Bezpiecze\u0144stwo imprez masowych w uj\u0119ciu administracyjnoprawnym- zagadnienia wybrane, <\/em>Warszawa 2020.<br><br>Og\u00f3lnopolska Konferencja Naukowa pt. <em>Ludzie nauki \u2013 prezentacja tematyki badawczej lub przegl\u0105dowej, cz.7<\/em>., referat:<em> Obowi\u0105zek meldunkowy jako obowi\u0105zek o charakterze informacyjnym- zagadnienia administracyjnoprawne<\/em>, Warszawa 2020.<br><br>Og\u00f3lnopolska Konferencja Naukowa pt. <em>Ludzie nauki \u2013 prezentacja tematyki badawczej lub przegl\u0105dowej, cz.6.<\/em>, referat: <em>Suplement diety a produkt leczniczy \u2013 zagadnienia wybrane, <\/em>Warszawa 2019.<br><br>Og\u00f3lnopolska Konferencja Naukowa pt. <em>Ludzie nauki \u2013 prezentacja tematyki badawczej lub przegl\u0105dowej, cz.6., <\/em>referat: <em>Wykorzystywanie zwierz\u0105t do cel\u00f3w rozrywkowych, widowiskowych i specjalnych nosz\u0105cych znamiona okrucie\u0144stwa- zagadnienia administracyjnoprawne, <\/em>Warszawa 2019.<br><br>Og\u00f3lnopolska Konferencja Naukowa pt. <em>Ludzie nauki \u2013 prezentacja tematyki badawczej lub przegl\u0105dowej, cz.6.<\/em>, referat: <em>Prawnokarne aspekty przest\u0119pstwa o charakterze terrorystycznym,, <\/em>Warszawa 2019. XXXI. <br><br>Og\u00f3lnopolska Konferencja Uniwersyteckich Poradni Prawnych, referat: <em>Umiej\u0119tno\u015bci psychologiczne w kontakcie z Klientem- z perspektywy pracownika sekretariatu Studenckiej Poradni Prawnej, <\/em>Bia\u0142ystok 2019.<\/td><\/tr><tr><td><\/td><td><strong>Inne aktywno\u015bci\/osi\u0105gni\u0119cia naukowe Doktoranta<\/strong><\/td><\/tr><tr><td><\/td><td>Cz\u0142onkostwo w Studenckiej Poradni Prawnej Pracowni Wydzia\u0142u Prawa Uniwersytetu w Bia\u0142ymstoku- sekcja wspieraj\u0105ca, od pa\u017adziernika 2020 \u2013 obecnie;<br><br>Organizacja Og\u00f3lnopolskiej Konferencji Naukowej \u201eNieodp\u0142atna pomoc prawna w dobie pandemii \u2013 wnioski de lege lata i de lege ferenda\u201d, Wydzia\u0142 Prawa Uniwersytetu w Bia\u0142ymstoku, 22-23 kwietnia 2021 r.;<br><br>Przeprowadzenie certyfikowanych warsztat\u00f3w dla cz\u0142onk\u00f3w Studenckiej Poradni Prawnej &#8211; Pracowni Wydzia\u0142u Prawa Uniwersytetu w Bia\u0142ymstoku pt. &#8222;Procedura humanitarnego stosowania leku (compassionate use)\u201d, 2 lutego 2021 r.;<br><br>Organizacja XXXI. Og\u00f3lnopolskiej Konferencji Uniwersyteckich Poradni Prawnych, 31.05 \u2013 01.06. 2019 r.,<br><br>Przeprowadzenie bloku zaj\u0119\u0107 z zakresu odpowiedzialno\u015bci nieletnich wed\u0142ug ustawy o post\u0119powaniu w sprawach nieletnich w ramach projektu Street Law \u2013 Prawo na co dzie\u0144 zorganizowanego przez Mi\u0119dzynarodowe Centrum Bada\u0144 i Ekspertyz Kryminologicznych Wydzia\u0142u Prawa Uniwersytetu w Bia\u0142ymstoku, 15.04.2019 r.<br><br>Cz\u0142onek Zarz\u0105du Studenckiej Poradni Prawnej Pracowni Wydzia\u0142u Prawa Uniwersytetu w Bia\u0142ymstoku w latach 2019-2020, funkcja Przewodnicz\u0105cego, <br><br>Cz\u0142onek Zarz\u0105du w Kole Naukowym Prawa Pracy w latach 2018-2020, funkcja sekretarza Ko\u0142a,<br><br>Cz\u0142onek zarz\u0105du w Kole Naukowym Prawa Ochrony \u015arodowiska w latach 2018-2020,<br><br>Cz\u0142onek Studenckiej Poradni Prawnej Uniwersytetu w Bia\u0142ymstoku w latach 2018-2020,<br><br>Cz\u0142onek Zarz\u0105du Studenckiego Ko\u0142a Historii Prawa w latach 2016-2018, funkcja skarbnika Ko\u0142a,<br><br>Organizacja Og\u00f3lnopolskiej Konferencji Naukowej pt. <em>Ludzie- Idee- Prawo sto lat od odzyskania niepodleg\u0142o\u015bci, <\/em>15.05-16.05 2018\u00a0r.,<br><br>Cz\u0142onek Interdyscyplinarnej Komisji Naukowej do Spraw Przemocy i Dyskryminacji w roku akademickim 2016-2017, \u00a0<\/td><\/tr><\/tbody><\/table><\/figure>\n","protected":false},"excerpt":{"rendered":"<p>Imi\u0119 i nazwisko doktoranta Monika Winckiewicz E-mail (w domenie UwB) m.winckiewicz@uwb.edu.pl ORCID 0000-0001-57261787 Temat rozprawy doktorskiej Procedury wcze\u015bniejszego dost\u0119pu do produkt\u00f3w leczniczych w sytuacjach kryzysowych w Polsce a procedura compassionate&hellip;<\/p>\n","protected":false},"author":7,"featured_media":0,"parent":0,"menu_order":0,"comment_status":"closed","ping_status":"closed","template":"","meta":{"footnotes":""},"class_list":["post-625","page","type-page","status-publish","hentry"],"yoast_head":"<!-- This site is optimized with the Yoast SEO plugin v27.4 - https:\/\/yoast.com\/product\/yoast-seo-wordpress\/ -->\n<title>Winckiewicz Monika - Szko\u0142a Doktorska Nauk Spo\u0142ecznych UwB<\/title>\n<meta name=\"robots\" content=\"index, follow, max-snippet:-1, max-image-preview:large, max-video-preview:-1\" \/>\n<link rel=\"canonical\" href=\"https:\/\/szkolydoktorskie.uwb.edu.pl\/ns\/winckiewicz-monika\/\" \/>\n<meta property=\"og:locale\" content=\"pl_PL\" \/>\n<meta property=\"og:type\" content=\"article\" \/>\n<meta property=\"og:title\" content=\"Winckiewicz Monika - Szko\u0142a Doktorska Nauk Spo\u0142ecznych UwB\" \/>\n<meta property=\"og:description\" content=\"Imi\u0119 i nazwisko doktoranta Monika Winckiewicz E-mail (w domenie UwB) m.winckiewicz@uwb.edu.pl ORCID 0000-0001-57261787 Temat rozprawy doktorskiej Procedury wcze\u015bniejszego dost\u0119pu do produkt\u00f3w leczniczych w sytuacjach kryzysowych w Polsce a procedura compassionate&hellip;\" \/>\n<meta property=\"og:url\" content=\"https:\/\/szkolydoktorskie.uwb.edu.pl\/ns\/winckiewicz-monika\/\" \/>\n<meta property=\"og:site_name\" content=\"Szko\u0142a Doktorska Nauk Spo\u0142ecznych UwB\" \/>\n<meta property=\"article:modified_time\" content=\"2024-03-22T13:15:14+00:00\" \/>\n<meta name=\"twitter:card\" content=\"summary_large_image\" \/>\n<meta name=\"twitter:label1\" content=\"Szacowany czas czytania\" \/>\n\t<meta name=\"twitter:data1\" content=\"6 minut\" \/>\n<script type=\"application\/ld+json\" class=\"yoast-schema-graph\">{\"@context\":\"https:\\\/\\\/schema.org\",\"@graph\":[{\"@type\":\"WebPage\",\"@id\":\"https:\\\/\\\/szkolydoktorskie.uwb.edu.pl\\\/ns\\\/winckiewicz-monika\\\/\",\"url\":\"https:\\\/\\\/szkolydoktorskie.uwb.edu.pl\\\/ns\\\/winckiewicz-monika\\\/\",\"name\":\"Winckiewicz Monika - Szko\u0142a Doktorska Nauk Spo\u0142ecznych UwB\",\"isPartOf\":{\"@id\":\"https:\\\/\\\/szkolydoktorskie.uwb.edu.pl\\\/ns\\\/#website\"},\"datePublished\":\"2021-10-18T07:51:28+00:00\",\"dateModified\":\"2024-03-22T13:15:14+00:00\",\"breadcrumb\":{\"@id\":\"https:\\\/\\\/szkolydoktorskie.uwb.edu.pl\\\/ns\\\/winckiewicz-monika\\\/#breadcrumb\"},\"inLanguage\":\"pl-PL\",\"potentialAction\":[{\"@type\":\"ReadAction\",\"target\":[\"https:\\\/\\\/szkolydoktorskie.uwb.edu.pl\\\/ns\\\/winckiewicz-monika\\\/\"]}]},{\"@type\":\"BreadcrumbList\",\"@id\":\"https:\\\/\\\/szkolydoktorskie.uwb.edu.pl\\\/ns\\\/winckiewicz-monika\\\/#breadcrumb\",\"itemListElement\":[{\"@type\":\"ListItem\",\"position\":1,\"name\":\"Strona g\u0142\u00f3wna\",\"item\":\"https:\\\/\\\/szkolydoktorskie.uwb.edu.pl\\\/ns\\\/\"},{\"@type\":\"ListItem\",\"position\":2,\"name\":\"Winckiewicz Monika\"}]},{\"@type\":\"WebSite\",\"@id\":\"https:\\\/\\\/szkolydoktorskie.uwb.edu.pl\\\/ns\\\/#website\",\"url\":\"https:\\\/\\\/szkolydoktorskie.uwb.edu.pl\\\/ns\\\/\",\"name\":\"Szko\u0142a Doktorska Nauk Spo\u0142ecznych UwB\",\"description\":\"Szko\u0142a Doktorska Nauk Spo\u0142ecznych UwB\",\"publisher\":{\"@id\":\"https:\\\/\\\/szkolydoktorskie.uwb.edu.pl\\\/ns\\\/#organization\"},\"potentialAction\":[{\"@type\":\"SearchAction\",\"target\":{\"@type\":\"EntryPoint\",\"urlTemplate\":\"https:\\\/\\\/szkolydoktorskie.uwb.edu.pl\\\/ns\\\/?s={search_term_string}\"},\"query-input\":{\"@type\":\"PropertyValueSpecification\",\"valueRequired\":true,\"valueName\":\"search_term_string\"}}],\"inLanguage\":\"pl-PL\"},{\"@type\":\"Organization\",\"@id\":\"https:\\\/\\\/szkolydoktorskie.uwb.edu.pl\\\/ns\\\/#organization\",\"name\":\"Szko\u0142a Doktorska Nauk Spo\u0142ecznych UwB\",\"url\":\"https:\\\/\\\/szkolydoktorskie.uwb.edu.pl\\\/ns\\\/\",\"logo\":{\"@type\":\"ImageObject\",\"inLanguage\":\"pl-PL\",\"@id\":\"https:\\\/\\\/szkolydoktorskie.uwb.edu.pl\\\/ns\\\/#\\\/schema\\\/logo\\\/image\\\/\",\"url\":\"https:\\\/\\\/szkolydoktorskie.uwb.edu.pl\\\/ns\\\/wp-content\\\/uploads\\\/sites\\\/2\\\/2021\\\/04\\\/cropped-NS-LOGO.png\",\"contentUrl\":\"https:\\\/\\\/szkolydoktorskie.uwb.edu.pl\\\/ns\\\/wp-content\\\/uploads\\\/sites\\\/2\\\/2021\\\/04\\\/cropped-NS-LOGO.png\",\"width\":705,\"height\":188,\"caption\":\"Szko\u0142a Doktorska Nauk Spo\u0142ecznych UwB\"},\"image\":{\"@id\":\"https:\\\/\\\/szkolydoktorskie.uwb.edu.pl\\\/ns\\\/#\\\/schema\\\/logo\\\/image\\\/\"}}]}<\/script>\n<!-- \/ Yoast SEO plugin. -->","yoast_head_json":{"title":"Winckiewicz Monika - Szko\u0142a Doktorska Nauk Spo\u0142ecznych UwB","robots":{"index":"index","follow":"follow","max-snippet":"max-snippet:-1","max-image-preview":"max-image-preview:large","max-video-preview":"max-video-preview:-1"},"canonical":"https:\/\/szkolydoktorskie.uwb.edu.pl\/ns\/winckiewicz-monika\/","og_locale":"pl_PL","og_type":"article","og_title":"Winckiewicz Monika - Szko\u0142a Doktorska Nauk Spo\u0142ecznych UwB","og_description":"Imi\u0119 i nazwisko doktoranta Monika Winckiewicz E-mail (w domenie UwB) m.winckiewicz@uwb.edu.pl ORCID 0000-0001-57261787 Temat rozprawy doktorskiej Procedury wcze\u015bniejszego dost\u0119pu do produkt\u00f3w leczniczych w sytuacjach kryzysowych w Polsce a procedura compassionate&hellip;","og_url":"https:\/\/szkolydoktorskie.uwb.edu.pl\/ns\/winckiewicz-monika\/","og_site_name":"Szko\u0142a Doktorska Nauk Spo\u0142ecznych UwB","article_modified_time":"2024-03-22T13:15:14+00:00","twitter_card":"summary_large_image","twitter_misc":{"Szacowany czas czytania":"6 minut"},"schema":{"@context":"https:\/\/schema.org","@graph":[{"@type":"WebPage","@id":"https:\/\/szkolydoktorskie.uwb.edu.pl\/ns\/winckiewicz-monika\/","url":"https:\/\/szkolydoktorskie.uwb.edu.pl\/ns\/winckiewicz-monika\/","name":"Winckiewicz Monika - Szko\u0142a Doktorska Nauk Spo\u0142ecznych UwB","isPartOf":{"@id":"https:\/\/szkolydoktorskie.uwb.edu.pl\/ns\/#website"},"datePublished":"2021-10-18T07:51:28+00:00","dateModified":"2024-03-22T13:15:14+00:00","breadcrumb":{"@id":"https:\/\/szkolydoktorskie.uwb.edu.pl\/ns\/winckiewicz-monika\/#breadcrumb"},"inLanguage":"pl-PL","potentialAction":[{"@type":"ReadAction","target":["https:\/\/szkolydoktorskie.uwb.edu.pl\/ns\/winckiewicz-monika\/"]}]},{"@type":"BreadcrumbList","@id":"https:\/\/szkolydoktorskie.uwb.edu.pl\/ns\/winckiewicz-monika\/#breadcrumb","itemListElement":[{"@type":"ListItem","position":1,"name":"Strona g\u0142\u00f3wna","item":"https:\/\/szkolydoktorskie.uwb.edu.pl\/ns\/"},{"@type":"ListItem","position":2,"name":"Winckiewicz Monika"}]},{"@type":"WebSite","@id":"https:\/\/szkolydoktorskie.uwb.edu.pl\/ns\/#website","url":"https:\/\/szkolydoktorskie.uwb.edu.pl\/ns\/","name":"Szko\u0142a Doktorska Nauk Spo\u0142ecznych UwB","description":"Szko\u0142a Doktorska Nauk Spo\u0142ecznych UwB","publisher":{"@id":"https:\/\/szkolydoktorskie.uwb.edu.pl\/ns\/#organization"},"potentialAction":[{"@type":"SearchAction","target":{"@type":"EntryPoint","urlTemplate":"https:\/\/szkolydoktorskie.uwb.edu.pl\/ns\/?s={search_term_string}"},"query-input":{"@type":"PropertyValueSpecification","valueRequired":true,"valueName":"search_term_string"}}],"inLanguage":"pl-PL"},{"@type":"Organization","@id":"https:\/\/szkolydoktorskie.uwb.edu.pl\/ns\/#organization","name":"Szko\u0142a Doktorska Nauk Spo\u0142ecznych UwB","url":"https:\/\/szkolydoktorskie.uwb.edu.pl\/ns\/","logo":{"@type":"ImageObject","inLanguage":"pl-PL","@id":"https:\/\/szkolydoktorskie.uwb.edu.pl\/ns\/#\/schema\/logo\/image\/","url":"https:\/\/szkolydoktorskie.uwb.edu.pl\/ns\/wp-content\/uploads\/sites\/2\/2021\/04\/cropped-NS-LOGO.png","contentUrl":"https:\/\/szkolydoktorskie.uwb.edu.pl\/ns\/wp-content\/uploads\/sites\/2\/2021\/04\/cropped-NS-LOGO.png","width":705,"height":188,"caption":"Szko\u0142a Doktorska Nauk Spo\u0142ecznych UwB"},"image":{"@id":"https:\/\/szkolydoktorskie.uwb.edu.pl\/ns\/#\/schema\/logo\/image\/"}}]}},"_links":{"self":[{"href":"https:\/\/szkolydoktorskie.uwb.edu.pl\/ns\/wp-json\/wp\/v2\/pages\/625","targetHints":{"allow":["GET"]}}],"collection":[{"href":"https:\/\/szkolydoktorskie.uwb.edu.pl\/ns\/wp-json\/wp\/v2\/pages"}],"about":[{"href":"https:\/\/szkolydoktorskie.uwb.edu.pl\/ns\/wp-json\/wp\/v2\/types\/page"}],"author":[{"embeddable":true,"href":"https:\/\/szkolydoktorskie.uwb.edu.pl\/ns\/wp-json\/wp\/v2\/users\/7"}],"replies":[{"embeddable":true,"href":"https:\/\/szkolydoktorskie.uwb.edu.pl\/ns\/wp-json\/wp\/v2\/comments?post=625"}],"version-history":[{"count":6,"href":"https:\/\/szkolydoktorskie.uwb.edu.pl\/ns\/wp-json\/wp\/v2\/pages\/625\/revisions"}],"predecessor-version":[{"id":2538,"href":"https:\/\/szkolydoktorskie.uwb.edu.pl\/ns\/wp-json\/wp\/v2\/pages\/625\/revisions\/2538"}],"wp:attachment":[{"href":"https:\/\/szkolydoktorskie.uwb.edu.pl\/ns\/wp-json\/wp\/v2\/media?parent=625"}],"curies":[{"name":"wp","href":"https:\/\/api.w.org\/{rel}","templated":true}]}}