{"id":619,"date":"2021-10-18T09:50:02","date_gmt":"2021-10-18T07:50:02","guid":{"rendered":"https:\/\/szkolydoktorskie.uwb.edu.pl\/ns\/?page_id=619"},"modified":"2024-03-22T13:31:57","modified_gmt":"2024-03-22T12:31:57","slug":"haponiuk-dorota","status":"publish","type":"page","link":"https:\/\/szkolydoktorskie.uwb.edu.pl\/ns\/haponiuk-dorota\/","title":{"rendered":"Dyszkiewicz Dorota"},"content":{"rendered":"\n<p><\/p>\n\n\n\n<figure class=\"wp-block-image size-large is-resized\"><a href=\"https:\/\/szkolydoktorskie.uwb.edu.pl\/ns\/wp-content\/uploads\/sites\/2\/2021\/10\/Haponiuk-D-1-edited.jpg\"><img loading=\"lazy\" decoding=\"async\" width=\"1446\" height=\"1446\" src=\"https:\/\/szkolydoktorskie.uwb.edu.pl\/ns\/wp-content\/uploads\/sites\/2\/2021\/10\/Haponiuk-D-1-edited.jpg\" alt=\"\" class=\"wp-image-622\" style=\"width:329px;height:329px\" srcset=\"https:\/\/szkolydoktorskie.uwb.edu.pl\/ns\/wp-content\/uploads\/sites\/2\/2021\/10\/Haponiuk-D-1-edited.jpg 1446w, https:\/\/szkolydoktorskie.uwb.edu.pl\/ns\/wp-content\/uploads\/sites\/2\/2021\/10\/Haponiuk-D-1-edited-300x300.jpg 300w, https:\/\/szkolydoktorskie.uwb.edu.pl\/ns\/wp-content\/uploads\/sites\/2\/2021\/10\/Haponiuk-D-1-edited-1024x1024.jpg 1024w, https:\/\/szkolydoktorskie.uwb.edu.pl\/ns\/wp-content\/uploads\/sites\/2\/2021\/10\/Haponiuk-D-1-edited-150x150.jpg 150w, https:\/\/szkolydoktorskie.uwb.edu.pl\/ns\/wp-content\/uploads\/sites\/2\/2021\/10\/Haponiuk-D-1-edited-768x768.jpg 768w\" sizes=\"auto, (max-width: 1446px) 100vw, 1446px\" \/><\/a><\/figure>\n\n\n\n<p class=\"has-text-align-center has-normal-font-size\"><\/p>\n\n\n\n<figure class=\"wp-block-table\"><table><tbody><tr><td><strong>Imi\u0119 i nazwisko doktoranta<\/strong><\/td><td><strong>Dorota Dyszkiewicz <\/strong><\/td><\/tr><tr><td><strong>E-mail <\/strong><br><em>(w domenie UwB)<\/em><\/td><td>d.haponiuk@uwb.edu.pl<\/td><\/tr><tr><td><strong>ORCID<\/strong><\/td><td>0000-0001-5681-9195<\/td><\/tr><tr><td><strong>Temat rozprawy doktorskiej<\/strong><\/td><td>O\u015bwiadczenie o odrzuceniu spadku w \u015bwietle zasady autonomii woli stron<\/td><\/tr><tr><td><strong>Promotor<\/strong><\/td><td>Prof. UwB dr hab. Adam Doliwa<\/td><\/tr><tr><td><strong>Wydzia\u0142<\/strong> <strong>Katedra\/Zak\u0142ad<\/strong><\/td><td>Wydzia\u0142 Prawa <br>Katedra Prawa Cywilnego i Handlowego <br>Zak\u0142ad Prawa Cywilnego<\/td><\/tr><tr><td><\/td><td><strong>Publikacje naukowe <\/strong><\/td><\/tr><tr><td><em>Artyku\u0142y naukowe w czasopismach<\/em><\/td><td>1. D. Haponiuk, <em>Uwagi o pracach nad polskim kodeksem zobowi\u0105za\u0144 z 1933 r. ze szczeg\u00f3lnym uwzgl\u0119dnieniem zasady s\u0142uszno\u015bci<\/em>, Miscellanea Historico \u2013 Iuridica 2018, Tom XVII, Z.1. (20 pkt) <br><br>2. D. Haponiuk, <em>Kontynuacja osobistej s\u0142u\u017cebno\u015bci mieszkania<\/em>, Zeszyty Cywilistyczne Lege Artis 2018, Tom VII. (5 pkt)<\/td><\/tr><tr><td><em>Monografie naukowe\/rozdzia\u0142y w monografiach<\/em><\/td><td>1. D. Haponiuk, <em>Problem dopuszczalno\u015bci roszczenia z tytu\u0142u z\u0142ego \u017cycia jako wyzwanie XXI wieku<\/em>, [w:] A. Koman (red.), A. Szyszka (red.), <em>Problemy Prawa w XXI wieku. Aspekty Teoretyczne i Praktyczne<\/em>, Kielce-Lublin 2020. (5 pkt) <br><br>2. D. Haponiuk, <em>Odpowiedzialno\u015b\u0107 odszkodowawcza podmiotu leczniczego lub lekarza w przypadku przyczynienia si\u0119 pacjenta do powstania szkody<\/em>, [w:] A. Rej-Kietla (red.), <em>Bezpiecze\u0144stwo pacjenta w podmiocie leczniczym<\/em>, Warszawa 2020. (5 pkt)<\/td><\/tr><tr><td><\/td><td><strong>Konferencje naukowe<\/strong><\/td><\/tr><tr><td><em>Wyst\u0105pienia na konferencjach naukowych<\/em><\/td><td>Mi\u0119dzynarodowa Konferencja Naukowa pt. \u201eContemporary problems and challenges of private law\u201d , wyst\u0105pienie pt. \u201eNew rules of inheritance \u2013 an assessment of proposed changes to the Polish law of inheritance\u201d Uniwersytet \u015al\u0105ski w Katowicach (21-22.10.2021 r.) \u00a0 <br><br>Og\u00f3lnopolska Konferencja Naukowa pt. \u201ePrawo cywilne i post\u0119powanie cywilne w Polsce i w Europie\u201d, wyst\u0105pienie pt. \u201eNowe zasady dziedziczenia \u2013 ocena proponowanych zmian w polskim prawie spadkowym\u201d Uniwersytet im. Adama Mickiewicza w Poznaniu (25.09.2021 r.) \u00a0 \u00a0 <br><br>II International Conference pt. \u201eEthical Problems In Law &amp; Politics\u201d, wyst\u0105pienie pt.\u201dEthical Controversies Related to The Institution of Incapacitation, with Particular Emphasis on The Declaration of Inheritance Rejection\u201d, Uniwersytet im. Adama Mickiewicza w Poznaniu (05.06.2021 r.) \u00a0 <br><br>Og\u00f3lnopolska Konferencja Naukowa pt. \u201eNieodp\u0142atna pomoc prawna w dobie pandemii \u2013 wnioski de lege lata i de lege ferenda\u201d, wyst\u0105pienie pt. \u201eOrganizacja rozpraw lub posiedze\u0144 w czasie COVID-19 \u2013 ocena proponowanych rozwi\u0105za\u0144, ze szczeg\u00f3lnym uwzgl\u0119dnieniem post\u0119powa\u0144 spadkowych\u201d, Studencka Poradnia Prawna Pracownia Wydzia\u0142u Prawa Uniwersytetu w Bia\u0142ymstoku (22-23.04.2021 r.) \u00a0 <br><br>I Og\u00f3lnopolska Konferencja Naukowa pt. \u201eKonstytucja gwarancj\u0105 praw w Polsce i USA\u201d, wyst\u0105pienie pt. \u201eZasada autonomii woli jako fundament podstawowych warto\u015bci i systemu prawnego RP\u201d, Uniwersytet Opolski (08.04.2021 r.) \u00a0 <br><br>Og\u00f3lnopolska Konferencja Naukowej pt. \u201eSpo\u0142eczne i prawne aspekty COVID-19\u201d, wyst\u0105pienie pt. \u201ePrawo do odszkodowania od Skarbu Pa\u0144stwa w przypadku og\u0142oszenia stanu nadzwyczajnego oraz jego nieobowi\u0105zywania \u2013 analiza por\u00f3wnawcza\u201d, Wydawnictwo Naukowe Think&amp;Make Institute Warszawa (17.04.2020 r.) \u00a0 <br><br>Og\u00f3lnopolska Konferencja Naukowa pt. \u201eOchrona danych osobowych w prawie prywatnym. Aktualne i przysz\u0142e wyzwania\u201d, wyst\u0105pienie pt. \u201eZgodna na przetwarzanie danych osobowych ma\u0142oletniego, ze szczeg\u00f3lnym uwzgl\u0119dnieniem danych osobowych zamieszczonych w Internecie\u201d, Uniwersytet im. Kardyna\u0142a Stefana Wyszy\u0144skiego w Warszawie (04.12.2019 r.) \u00a0 <br><br>Og\u00f3lnopolska Konferencja Naukowa pt. \u201eProblemy na styku sportu i prawa\u201d, wyst\u0105pienie pt. \u201eOdpowiedzialno\u015b\u0107 cywilnoprawna trenera i klubu wzgl\u0119dem zawodnika \u2013 zagadnienia og\u00f3lne\u201d, Uniwersytet w Bia\u0142ymstoku (24.05.2018 r.) \u00a0<br><br> Og\u00f3lnopolska Konferencja Naukowa \u201dLudzie-Idee-Prawo sto lat od odzyskania niepodleg\u0142o\u015bci\u201d, wyst\u0105pienie pt. \u201ePrace kodyfikacyjne nad Kodeksem Zobowi\u0105za\u0144 z 1933 r. oraz jego znaczenie w polskim prawie prywatnym\u201d, Uniwersytet w Bia\u0142ymstoku (15-16.05.2018 r.) \u00a0<\/td><\/tr><tr><td><\/td><td><strong>Inne aktywno\u015bci\/osi\u0105gni\u0119cia naukowe Doktoranta<\/strong><\/td><\/tr><tr><td><\/td><td>Laureatka nagrody \u201cAktywny Student 2018\/2019\u201d przyznawanej przez Kolegium Dzieka\u0144skie Wydzia\u0142u Prawa Uniwersytetu w Bia\u0142ymstoku \u00a0<br><br>Studencka Poradnia Prawna Pracownia Wydzia\u0142u Prawa Uniwersytetu w Bia\u0142ymstoku Sekcja Cywilna (2017-2019) \u00a0 <br><br>Wydzia\u0142owa Rada Samorz\u0105du Studenckiego Wydzia\u0142u Prawa Uniwersytetu w Bia\u0142ymstoku (2016-2018) <strong>\u00a0<\/strong> <br><br>Parlament Studencki Uniwersytetu w Bia\u0142ymstoku , w tym Komisja Prawna (2016-2018) \u00a0 <br><br>Ko\u0142o Nauk Cywilistycznych (2016-2019) <strong>\u00a0<\/strong> <strong>\u00a0<\/strong><\/td><\/tr><\/tbody><\/table><\/figure>\n\n\n\n<p><\/p>\n","protected":false},"excerpt":{"rendered":"<p>Imi\u0119 i nazwisko doktoranta Dorota Dyszkiewicz E-mail (w domenie UwB) d.haponiuk@uwb.edu.pl ORCID 0000-0001-5681-9195 Temat rozprawy doktorskiej O\u015bwiadczenie o odrzuceniu spadku w \u015bwietle zasady autonomii woli stron Promotor Prof. UwB dr&hellip;<\/p>\n","protected":false},"author":7,"featured_media":0,"parent":0,"menu_order":0,"comment_status":"closed","ping_status":"closed","template":"","meta":{"footnotes":""},"class_list":["post-619","page","type-page","status-publish","hentry"],"yoast_head":"<!-- This site is optimized with the Yoast SEO plugin v27.4 - https:\/\/yoast.com\/product\/yoast-seo-wordpress\/ -->\n<title>Dyszkiewicz Dorota - Szko\u0142a Doktorska Nauk Spo\u0142ecznych UwB<\/title>\n<meta name=\"robots\" content=\"index, follow, max-snippet:-1, max-image-preview:large, max-video-preview:-1\" \/>\n<link rel=\"canonical\" href=\"https:\/\/szkolydoktorskie.uwb.edu.pl\/ns\/haponiuk-dorota\/\" \/>\n<meta property=\"og:locale\" content=\"pl_PL\" \/>\n<meta property=\"og:type\" content=\"article\" \/>\n<meta property=\"og:title\" content=\"Dyszkiewicz Dorota - Szko\u0142a Doktorska Nauk Spo\u0142ecznych UwB\" \/>\n<meta property=\"og:description\" content=\"Imi\u0119 i nazwisko doktoranta Dorota Dyszkiewicz E-mail (w domenie UwB) d.haponiuk@uwb.edu.pl ORCID 0000-0001-5681-9195 Temat rozprawy doktorskiej O\u015bwiadczenie o odrzuceniu spadku w \u015bwietle zasady autonomii woli stron Promotor Prof. UwB dr&hellip;\" \/>\n<meta property=\"og:url\" content=\"https:\/\/szkolydoktorskie.uwb.edu.pl\/ns\/haponiuk-dorota\/\" \/>\n<meta property=\"og:site_name\" content=\"Szko\u0142a Doktorska Nauk Spo\u0142ecznych UwB\" \/>\n<meta property=\"article:modified_time\" content=\"2024-03-22T12:31:57+00:00\" \/>\n<meta property=\"og:image\" content=\"https:\/\/szkolydoktorskie.uwb.edu.pl\/ns\/wp-content\/uploads\/sites\/2\/2021\/10\/Haponiuk-D-1-edited.jpg\" \/>\n<meta name=\"twitter:card\" content=\"summary_large_image\" \/>\n<meta name=\"twitter:label1\" content=\"Szacowany czas czytania\" \/>\n\t<meta name=\"twitter:data1\" content=\"4 minuty\" \/>\n<script type=\"application\/ld+json\" class=\"yoast-schema-graph\">{\"@context\":\"https:\\\/\\\/schema.org\",\"@graph\":[{\"@type\":\"WebPage\",\"@id\":\"https:\\\/\\\/szkolydoktorskie.uwb.edu.pl\\\/ns\\\/haponiuk-dorota\\\/\",\"url\":\"https:\\\/\\\/szkolydoktorskie.uwb.edu.pl\\\/ns\\\/haponiuk-dorota\\\/\",\"name\":\"Dyszkiewicz Dorota - Szko\u0142a Doktorska Nauk Spo\u0142ecznych UwB\",\"isPartOf\":{\"@id\":\"https:\\\/\\\/szkolydoktorskie.uwb.edu.pl\\\/ns\\\/#website\"},\"primaryImageOfPage\":{\"@id\":\"https:\\\/\\\/szkolydoktorskie.uwb.edu.pl\\\/ns\\\/haponiuk-dorota\\\/#primaryimage\"},\"image\":{\"@id\":\"https:\\\/\\\/szkolydoktorskie.uwb.edu.pl\\\/ns\\\/haponiuk-dorota\\\/#primaryimage\"},\"thumbnailUrl\":\"https:\\\/\\\/szkolydoktorskie.uwb.edu.pl\\\/ns\\\/wp-content\\\/uploads\\\/sites\\\/2\\\/2021\\\/10\\\/Haponiuk-D-1-edited.jpg\",\"datePublished\":\"2021-10-18T07:50:02+00:00\",\"dateModified\":\"2024-03-22T12:31:57+00:00\",\"breadcrumb\":{\"@id\":\"https:\\\/\\\/szkolydoktorskie.uwb.edu.pl\\\/ns\\\/haponiuk-dorota\\\/#breadcrumb\"},\"inLanguage\":\"pl-PL\",\"potentialAction\":[{\"@type\":\"ReadAction\",\"target\":[\"https:\\\/\\\/szkolydoktorskie.uwb.edu.pl\\\/ns\\\/haponiuk-dorota\\\/\"]}]},{\"@type\":\"ImageObject\",\"inLanguage\":\"pl-PL\",\"@id\":\"https:\\\/\\\/szkolydoktorskie.uwb.edu.pl\\\/ns\\\/haponiuk-dorota\\\/#primaryimage\",\"url\":\"https:\\\/\\\/szkolydoktorskie.uwb.edu.pl\\\/ns\\\/wp-content\\\/uploads\\\/sites\\\/2\\\/2021\\\/10\\\/Haponiuk-D-1-edited.jpg\",\"contentUrl\":\"https:\\\/\\\/szkolydoktorskie.uwb.edu.pl\\\/ns\\\/wp-content\\\/uploads\\\/sites\\\/2\\\/2021\\\/10\\\/Haponiuk-D-1-edited.jpg\",\"width\":1446,\"height\":1446},{\"@type\":\"BreadcrumbList\",\"@id\":\"https:\\\/\\\/szkolydoktorskie.uwb.edu.pl\\\/ns\\\/haponiuk-dorota\\\/#breadcrumb\",\"itemListElement\":[{\"@type\":\"ListItem\",\"position\":1,\"name\":\"Strona g\u0142\u00f3wna\",\"item\":\"https:\\\/\\\/szkolydoktorskie.uwb.edu.pl\\\/ns\\\/\"},{\"@type\":\"ListItem\",\"position\":2,\"name\":\"Dyszkiewicz Dorota\"}]},{\"@type\":\"WebSite\",\"@id\":\"https:\\\/\\\/szkolydoktorskie.uwb.edu.pl\\\/ns\\\/#website\",\"url\":\"https:\\\/\\\/szkolydoktorskie.uwb.edu.pl\\\/ns\\\/\",\"name\":\"Szko\u0142a Doktorska Nauk Spo\u0142ecznych UwB\",\"description\":\"Szko\u0142a Doktorska Nauk Spo\u0142ecznych UwB\",\"publisher\":{\"@id\":\"https:\\\/\\\/szkolydoktorskie.uwb.edu.pl\\\/ns\\\/#organization\"},\"potentialAction\":[{\"@type\":\"SearchAction\",\"target\":{\"@type\":\"EntryPoint\",\"urlTemplate\":\"https:\\\/\\\/szkolydoktorskie.uwb.edu.pl\\\/ns\\\/?s={search_term_string}\"},\"query-input\":{\"@type\":\"PropertyValueSpecification\",\"valueRequired\":true,\"valueName\":\"search_term_string\"}}],\"inLanguage\":\"pl-PL\"},{\"@type\":\"Organization\",\"@id\":\"https:\\\/\\\/szkolydoktorskie.uwb.edu.pl\\\/ns\\\/#organization\",\"name\":\"Szko\u0142a Doktorska Nauk Spo\u0142ecznych UwB\",\"url\":\"https:\\\/\\\/szkolydoktorskie.uwb.edu.pl\\\/ns\\\/\",\"logo\":{\"@type\":\"ImageObject\",\"inLanguage\":\"pl-PL\",\"@id\":\"https:\\\/\\\/szkolydoktorskie.uwb.edu.pl\\\/ns\\\/#\\\/schema\\\/logo\\\/image\\\/\",\"url\":\"https:\\\/\\\/szkolydoktorskie.uwb.edu.pl\\\/ns\\\/wp-content\\\/uploads\\\/sites\\\/2\\\/2021\\\/04\\\/cropped-NS-LOGO.png\",\"contentUrl\":\"https:\\\/\\\/szkolydoktorskie.uwb.edu.pl\\\/ns\\\/wp-content\\\/uploads\\\/sites\\\/2\\\/2021\\\/04\\\/cropped-NS-LOGO.png\",\"width\":705,\"height\":188,\"caption\":\"Szko\u0142a Doktorska Nauk Spo\u0142ecznych UwB\"},\"image\":{\"@id\":\"https:\\\/\\\/szkolydoktorskie.uwb.edu.pl\\\/ns\\\/#\\\/schema\\\/logo\\\/image\\\/\"}}]}<\/script>\n<!-- \/ Yoast SEO plugin. -->","yoast_head_json":{"title":"Dyszkiewicz Dorota - Szko\u0142a Doktorska Nauk Spo\u0142ecznych UwB","robots":{"index":"index","follow":"follow","max-snippet":"max-snippet:-1","max-image-preview":"max-image-preview:large","max-video-preview":"max-video-preview:-1"},"canonical":"https:\/\/szkolydoktorskie.uwb.edu.pl\/ns\/haponiuk-dorota\/","og_locale":"pl_PL","og_type":"article","og_title":"Dyszkiewicz Dorota - Szko\u0142a Doktorska Nauk Spo\u0142ecznych UwB","og_description":"Imi\u0119 i nazwisko doktoranta Dorota Dyszkiewicz E-mail (w domenie UwB) d.haponiuk@uwb.edu.pl ORCID 0000-0001-5681-9195 Temat rozprawy doktorskiej O\u015bwiadczenie o odrzuceniu spadku w \u015bwietle zasady autonomii woli stron Promotor Prof. UwB dr&hellip;","og_url":"https:\/\/szkolydoktorskie.uwb.edu.pl\/ns\/haponiuk-dorota\/","og_site_name":"Szko\u0142a Doktorska Nauk Spo\u0142ecznych UwB","article_modified_time":"2024-03-22T12:31:57+00:00","og_image":[{"url":"https:\/\/szkolydoktorskie.uwb.edu.pl\/ns\/wp-content\/uploads\/sites\/2\/2021\/10\/Haponiuk-D-1-edited.jpg","type":"","width":"","height":""}],"twitter_card":"summary_large_image","twitter_misc":{"Szacowany czas czytania":"4 minuty"},"schema":{"@context":"https:\/\/schema.org","@graph":[{"@type":"WebPage","@id":"https:\/\/szkolydoktorskie.uwb.edu.pl\/ns\/haponiuk-dorota\/","url":"https:\/\/szkolydoktorskie.uwb.edu.pl\/ns\/haponiuk-dorota\/","name":"Dyszkiewicz Dorota - Szko\u0142a Doktorska Nauk Spo\u0142ecznych UwB","isPartOf":{"@id":"https:\/\/szkolydoktorskie.uwb.edu.pl\/ns\/#website"},"primaryImageOfPage":{"@id":"https:\/\/szkolydoktorskie.uwb.edu.pl\/ns\/haponiuk-dorota\/#primaryimage"},"image":{"@id":"https:\/\/szkolydoktorskie.uwb.edu.pl\/ns\/haponiuk-dorota\/#primaryimage"},"thumbnailUrl":"https:\/\/szkolydoktorskie.uwb.edu.pl\/ns\/wp-content\/uploads\/sites\/2\/2021\/10\/Haponiuk-D-1-edited.jpg","datePublished":"2021-10-18T07:50:02+00:00","dateModified":"2024-03-22T12:31:57+00:00","breadcrumb":{"@id":"https:\/\/szkolydoktorskie.uwb.edu.pl\/ns\/haponiuk-dorota\/#breadcrumb"},"inLanguage":"pl-PL","potentialAction":[{"@type":"ReadAction","target":["https:\/\/szkolydoktorskie.uwb.edu.pl\/ns\/haponiuk-dorota\/"]}]},{"@type":"ImageObject","inLanguage":"pl-PL","@id":"https:\/\/szkolydoktorskie.uwb.edu.pl\/ns\/haponiuk-dorota\/#primaryimage","url":"https:\/\/szkolydoktorskie.uwb.edu.pl\/ns\/wp-content\/uploads\/sites\/2\/2021\/10\/Haponiuk-D-1-edited.jpg","contentUrl":"https:\/\/szkolydoktorskie.uwb.edu.pl\/ns\/wp-content\/uploads\/sites\/2\/2021\/10\/Haponiuk-D-1-edited.jpg","width":1446,"height":1446},{"@type":"BreadcrumbList","@id":"https:\/\/szkolydoktorskie.uwb.edu.pl\/ns\/haponiuk-dorota\/#breadcrumb","itemListElement":[{"@type":"ListItem","position":1,"name":"Strona g\u0142\u00f3wna","item":"https:\/\/szkolydoktorskie.uwb.edu.pl\/ns\/"},{"@type":"ListItem","position":2,"name":"Dyszkiewicz Dorota"}]},{"@type":"WebSite","@id":"https:\/\/szkolydoktorskie.uwb.edu.pl\/ns\/#website","url":"https:\/\/szkolydoktorskie.uwb.edu.pl\/ns\/","name":"Szko\u0142a Doktorska Nauk Spo\u0142ecznych UwB","description":"Szko\u0142a Doktorska Nauk Spo\u0142ecznych UwB","publisher":{"@id":"https:\/\/szkolydoktorskie.uwb.edu.pl\/ns\/#organization"},"potentialAction":[{"@type":"SearchAction","target":{"@type":"EntryPoint","urlTemplate":"https:\/\/szkolydoktorskie.uwb.edu.pl\/ns\/?s={search_term_string}"},"query-input":{"@type":"PropertyValueSpecification","valueRequired":true,"valueName":"search_term_string"}}],"inLanguage":"pl-PL"},{"@type":"Organization","@id":"https:\/\/szkolydoktorskie.uwb.edu.pl\/ns\/#organization","name":"Szko\u0142a Doktorska Nauk Spo\u0142ecznych UwB","url":"https:\/\/szkolydoktorskie.uwb.edu.pl\/ns\/","logo":{"@type":"ImageObject","inLanguage":"pl-PL","@id":"https:\/\/szkolydoktorskie.uwb.edu.pl\/ns\/#\/schema\/logo\/image\/","url":"https:\/\/szkolydoktorskie.uwb.edu.pl\/ns\/wp-content\/uploads\/sites\/2\/2021\/04\/cropped-NS-LOGO.png","contentUrl":"https:\/\/szkolydoktorskie.uwb.edu.pl\/ns\/wp-content\/uploads\/sites\/2\/2021\/04\/cropped-NS-LOGO.png","width":705,"height":188,"caption":"Szko\u0142a Doktorska Nauk Spo\u0142ecznych UwB"},"image":{"@id":"https:\/\/szkolydoktorskie.uwb.edu.pl\/ns\/#\/schema\/logo\/image\/"}}]}},"_links":{"self":[{"href":"https:\/\/szkolydoktorskie.uwb.edu.pl\/ns\/wp-json\/wp\/v2\/pages\/619","targetHints":{"allow":["GET"]}}],"collection":[{"href":"https:\/\/szkolydoktorskie.uwb.edu.pl\/ns\/wp-json\/wp\/v2\/pages"}],"about":[{"href":"https:\/\/szkolydoktorskie.uwb.edu.pl\/ns\/wp-json\/wp\/v2\/types\/page"}],"author":[{"embeddable":true,"href":"https:\/\/szkolydoktorskie.uwb.edu.pl\/ns\/wp-json\/wp\/v2\/users\/7"}],"replies":[{"embeddable":true,"href":"https:\/\/szkolydoktorskie.uwb.edu.pl\/ns\/wp-json\/wp\/v2\/comments?post=619"}],"version-history":[{"count":8,"href":"https:\/\/szkolydoktorskie.uwb.edu.pl\/ns\/wp-json\/wp\/v2\/pages\/619\/revisions"}],"predecessor-version":[{"id":2490,"href":"https:\/\/szkolydoktorskie.uwb.edu.pl\/ns\/wp-json\/wp\/v2\/pages\/619\/revisions\/2490"}],"wp:attachment":[{"href":"https:\/\/szkolydoktorskie.uwb.edu.pl\/ns\/wp-json\/wp\/v2\/media?parent=619"}],"curies":[{"name":"wp","href":"https:\/\/api.w.org\/{rel}","templated":true}]}}