{"id":616,"date":"2021-10-18T09:46:05","date_gmt":"2021-10-18T07:46:05","guid":{"rendered":"https:\/\/szkolydoktorskie.uwb.edu.pl\/ns\/?page_id=616"},"modified":"2024-03-22T13:59:19","modified_gmt":"2024-03-22T12:59:19","slug":"solkiewicz-weronika","status":"publish","type":"page","link":"https:\/\/szkolydoktorskie.uwb.edu.pl\/ns\/solkiewicz-weronika\/","title":{"rendered":"So\u0142kiewicz Weronika"},"content":{"rendered":"\n<p class=\"has-text-align-center has-normal-font-size\"><\/p>\n\n\n\n<figure class=\"wp-block-table\"><table><tbody><tr><td><strong>Imi\u0119 i nazwisko doktoranta<\/strong><\/td><td><strong>Weronika So\u0142kiewicz<\/strong><\/td><\/tr><tr><td><strong>E-mail <\/strong><br><em>(w domenie UwB)<\/em><\/td><td>w.solkiewicz@uwb.edu.pl <\/td><\/tr><tr><td><strong>ORCID<\/strong><\/td><td>0000-0002-7590-2223<\/td><\/tr><tr><td><strong>Temat rozprawy doktorskiej<\/strong><\/td><td>Dzieci bez opieki w procedurze nadania statusu uchod\u017acy<\/td><\/tr><tr><td><strong>Promotor <\/strong><\/td><td>dr hab. Mieczys\u0142awa Zdanowicz, prof. UwB<\/td><\/tr><tr><td><strong>Wydzia\u0142<\/strong> <strong>Katedra\/Zak\u0142ad<\/strong><\/td><td>Wydzia\u0142 Prawa <\/td><\/tr><tr><td><\/td><td><strong>Publikacje naukowe<\/strong><\/td><\/tr><tr><td><em>Artyku\u0142y naukowe w czasopismach<\/em><\/td><td>A. Sawczenko, W. So\u0142kiewicz, <a href=\"https:\/\/repozytorium.ur.edu.pl\/handle\/item\/5961\">Tajemnica student\u00f3w prawa w zwi\u0105zku ze \u015bwiadczeniem pomocy prawnej i odbywaniem praktyk zawodowych<\/a>, Zeszyty Naukowe Uniwersytetu Rzeszowskiego. Seria Prawnicza. Prawo 29, 2020 (20 pkt)<\/td><\/tr><tr><td><em>Monografie naukowe\/rozdzia\u0142y w monografiach<\/em><\/td><td>A. Sawczenko, W. So\u0142kiewicz, Rola i funkcja Stra\u017cy Granicznej w procedurze udzielania ochrony mi\u0119dzynarodowej [w:] Formacje policyjne w zarz\u0105dzaniu kryzysowym i ochronie ludno\u015bci, K. \u015amia\u0142ek (red.), W. \u015amia\u0142ek (red.), Wojskowa Akademia Techniczna, Warszawa 2021 (20 pkt)<\/td><\/tr><tr><td><\/td><td><strong>Konferencje naukowe<\/strong><\/td><\/tr><tr><td><em>Wyst\u0105pienia na konferencjach naukowych<\/em><\/td><td>Og\u00f3lnopolska Konferencja Naukowa. Uchod\u017acy oraz mniejszo\u015bci narodowe i etniczne. Aspekty prawne, polityczne, ekonomiczne i spo\u0142eczne, 21 listopada 2020 r., referat pt. \u201eWybrane problemy prawne i praktyczne dotycz\u0105ce os\u00f3b wnioskuj\u0105cych o udzielenie ochrony mi\u0119dzynarodowej\u201d<br><br>Og\u00f3lnopolska Konferencja Naukowa. Wp\u0142yw prawa podatkowego na zatrudnienie &#8211; aspekty prawne i spo\u0142eczne, 27 listopada 2020 r., referat pt. \u201ePodatek dochodowy w Polsce a zatrudnianie cudzoziemc\u00f3w\u201d<br><br>Og\u00f3lnopolska Konferencja Naukowa. Gdy kres \u017cycia nadchodzi&#8230;, 28 listopada 2020 r., referat pt. \u201ePost\u0119powanie ze zw\u0142okami cudzoziemc\u00f3w w Polsce\u201d<br><br>II Og\u00f3lnopolski Zjazd K\u00f3\u0142 Historyczno-Prawnych, 10 grudnia 2020 r., referat pt. \u201eWsp\u00f3\u0142praca polsko-niemiecka w ramach strefy Schengen\u201d<br><br>II Og\u00f3lnopolska Konferencja Naukowa pt. Wsp\u00f3\u0142czesne wyzwania nauk penalnych, 11 grudnia 2020 r., referat pt. \u201eWsp\u00f3\u0142czesne wyzwania nauk penalnych wobec fikcyjnych ma\u0142\u017ce\u0144stw z cudzoziemcami\u201d<br><br>Og\u00f3lnopolska Konferencja Naukowa. Prezydent jako organ w\u0142adzy wykonawczej, 15 grudnia 2020 r., referat pt. \u201eNadanie obywatelstwa polskiego przez Prezydenta\u201dS. \u0141azuk, W. So\u0142kiewicz, <br><br>III Og\u00f3lnopolska Konferencja Naukowa Polityka spo\u0142eczna w XXI wieku. Sp\u00f3jno\u015b\u0107 w tr\u00f3jwymiarze, 17.12.2020 r., referat pt. \u201eWybrane aspekty nieodp\u0142atnego poradnictwa prawnego\u201d <br><br>Mi\u0119dzynarodowa Konferencja Naukowa. Wyzwania globalne. Do\u015bwiadczenia Europy \u015arodkowo-Wschodniej, 22 grudnia 2020 r., referat pt. \u201eWyzwania Polski zwi\u0105zane z przyjmowaniem uchod\u017ac\u00f3w z Europy Wschodniej\u201d<br><br>Og\u00f3lnopolska Konferencja Naukowa \u201eKobieta i prawo\u201d, konferencja og\u00f3lnopolska, 8 marca 2021 r., referat pt. \u201eSzczeg\u00f3lna sytuacja kobiet-uchod\u017aczy\u0144\u201d<br><br>Og\u00f3lnopolska Konferencja Naukowa \u201eNieodp\u0142atna pomoc prawna w dobie pandemii \u2013 wnioski <em>de lege lata <\/em>i <em>de lege ferenda<\/em>\u201d, 22-23 kwietnia 2021 r., referat pt. \u201eWp\u0142yw pandemii COVID-19 na ochron\u0119 praw os\u00f3b wnioskuj\u0105cych o nadania statusu uchod\u017acy w Polsce\u201d<\/td><\/tr><tr><td><\/td><td><strong>Inne aktywno\u015bci\/osi\u0105gni\u0119cia naukowe Doktoranta<\/strong><\/td><\/tr><tr><td><\/td><td>przeprowadzenie warsztat\u00f3w: Status uchod\u017acy \u2013 wybrane zagadnienia prawne, organizator: Studencka Poradnia Prawna Pracownia Wydzia\u0142u Prawa UwB, 15 grudnia 2020 r.<br><br>cz\u0142onkostwo w Studenckiej Poradni Prawnej Pracowni Wydzia\u0142u Prawa UwB \u2013 sekcja wspieraj\u0105ca<br><br>cz\u0142onkostwo w Radzie Doktorant\u00f3w Szko\u0142y Doktorskiej Nauk Spo\u0142ecznych UwB<br><br>cz\u0142onkostwo w Zespole do spraw jako\u015bci kszta\u0142cenia w Szkole Doktorskiej Nauk Spo\u0142ecznych UwB<br><br>cz\u0142onkostwo w Komisji Prawnej Krajowej Reprezentacji Doktorant\u00f3w<\/td><\/tr><\/tbody><\/table><\/figure>\n","protected":false},"excerpt":{"rendered":"<p>Imi\u0119 i nazwisko doktoranta Weronika So\u0142kiewicz E-mail (w domenie UwB) w.solkiewicz@uwb.edu.pl ORCID 0000-0002-7590-2223 Temat rozprawy doktorskiej Dzieci bez opieki w procedurze nadania statusu uchod\u017acy Promotor dr hab. Mieczys\u0142awa Zdanowicz, prof.&hellip;<\/p>\n","protected":false},"author":7,"featured_media":0,"parent":0,"menu_order":0,"comment_status":"closed","ping_status":"closed","template":"","meta":{"footnotes":""},"class_list":["post-616","page","type-page","status-publish","hentry"],"yoast_head":"<!-- This site is optimized with the Yoast SEO plugin v27.4 - https:\/\/yoast.com\/product\/yoast-seo-wordpress\/ -->\n<title>So\u0142kiewicz Weronika - Szko\u0142a Doktorska Nauk Spo\u0142ecznych UwB<\/title>\n<meta name=\"robots\" content=\"index, follow, max-snippet:-1, max-image-preview:large, max-video-preview:-1\" \/>\n<link rel=\"canonical\" href=\"https:\/\/szkolydoktorskie.uwb.edu.pl\/ns\/solkiewicz-weronika\/\" \/>\n<meta property=\"og:locale\" content=\"pl_PL\" \/>\n<meta property=\"og:type\" content=\"article\" \/>\n<meta property=\"og:title\" content=\"So\u0142kiewicz Weronika - Szko\u0142a Doktorska Nauk Spo\u0142ecznych UwB\" \/>\n<meta property=\"og:description\" content=\"Imi\u0119 i nazwisko doktoranta Weronika So\u0142kiewicz E-mail (w domenie UwB) w.solkiewicz@uwb.edu.pl ORCID 0000-0002-7590-2223 Temat rozprawy doktorskiej Dzieci bez opieki w procedurze nadania statusu uchod\u017acy Promotor dr hab. Mieczys\u0142awa Zdanowicz, prof.&hellip;\" \/>\n<meta property=\"og:url\" content=\"https:\/\/szkolydoktorskie.uwb.edu.pl\/ns\/solkiewicz-weronika\/\" \/>\n<meta property=\"og:site_name\" content=\"Szko\u0142a Doktorska Nauk Spo\u0142ecznych UwB\" \/>\n<meta property=\"article:modified_time\" content=\"2024-03-22T12:59:19+00:00\" \/>\n<meta name=\"twitter:card\" content=\"summary_large_image\" \/>\n<meta name=\"twitter:label1\" content=\"Szacowany czas czytania\" \/>\n\t<meta name=\"twitter:data1\" content=\"4 minuty\" \/>\n<script type=\"application\/ld+json\" class=\"yoast-schema-graph\">{\"@context\":\"https:\\\/\\\/schema.org\",\"@graph\":[{\"@type\":\"WebPage\",\"@id\":\"https:\\\/\\\/szkolydoktorskie.uwb.edu.pl\\\/ns\\\/solkiewicz-weronika\\\/\",\"url\":\"https:\\\/\\\/szkolydoktorskie.uwb.edu.pl\\\/ns\\\/solkiewicz-weronika\\\/\",\"name\":\"So\u0142kiewicz Weronika - Szko\u0142a Doktorska Nauk Spo\u0142ecznych UwB\",\"isPartOf\":{\"@id\":\"https:\\\/\\\/szkolydoktorskie.uwb.edu.pl\\\/ns\\\/#website\"},\"datePublished\":\"2021-10-18T07:46:05+00:00\",\"dateModified\":\"2024-03-22T12:59:19+00:00\",\"breadcrumb\":{\"@id\":\"https:\\\/\\\/szkolydoktorskie.uwb.edu.pl\\\/ns\\\/solkiewicz-weronika\\\/#breadcrumb\"},\"inLanguage\":\"pl-PL\",\"potentialAction\":[{\"@type\":\"ReadAction\",\"target\":[\"https:\\\/\\\/szkolydoktorskie.uwb.edu.pl\\\/ns\\\/solkiewicz-weronika\\\/\"]}]},{\"@type\":\"BreadcrumbList\",\"@id\":\"https:\\\/\\\/szkolydoktorskie.uwb.edu.pl\\\/ns\\\/solkiewicz-weronika\\\/#breadcrumb\",\"itemListElement\":[{\"@type\":\"ListItem\",\"position\":1,\"name\":\"Strona g\u0142\u00f3wna\",\"item\":\"https:\\\/\\\/szkolydoktorskie.uwb.edu.pl\\\/ns\\\/\"},{\"@type\":\"ListItem\",\"position\":2,\"name\":\"So\u0142kiewicz Weronika\"}]},{\"@type\":\"WebSite\",\"@id\":\"https:\\\/\\\/szkolydoktorskie.uwb.edu.pl\\\/ns\\\/#website\",\"url\":\"https:\\\/\\\/szkolydoktorskie.uwb.edu.pl\\\/ns\\\/\",\"name\":\"Szko\u0142a Doktorska Nauk Spo\u0142ecznych UwB\",\"description\":\"Szko\u0142a Doktorska Nauk Spo\u0142ecznych UwB\",\"publisher\":{\"@id\":\"https:\\\/\\\/szkolydoktorskie.uwb.edu.pl\\\/ns\\\/#organization\"},\"potentialAction\":[{\"@type\":\"SearchAction\",\"target\":{\"@type\":\"EntryPoint\",\"urlTemplate\":\"https:\\\/\\\/szkolydoktorskie.uwb.edu.pl\\\/ns\\\/?s={search_term_string}\"},\"query-input\":{\"@type\":\"PropertyValueSpecification\",\"valueRequired\":true,\"valueName\":\"search_term_string\"}}],\"inLanguage\":\"pl-PL\"},{\"@type\":\"Organization\",\"@id\":\"https:\\\/\\\/szkolydoktorskie.uwb.edu.pl\\\/ns\\\/#organization\",\"name\":\"Szko\u0142a Doktorska Nauk Spo\u0142ecznych UwB\",\"url\":\"https:\\\/\\\/szkolydoktorskie.uwb.edu.pl\\\/ns\\\/\",\"logo\":{\"@type\":\"ImageObject\",\"inLanguage\":\"pl-PL\",\"@id\":\"https:\\\/\\\/szkolydoktorskie.uwb.edu.pl\\\/ns\\\/#\\\/schema\\\/logo\\\/image\\\/\",\"url\":\"https:\\\/\\\/szkolydoktorskie.uwb.edu.pl\\\/ns\\\/wp-content\\\/uploads\\\/sites\\\/2\\\/2021\\\/04\\\/cropped-NS-LOGO.png\",\"contentUrl\":\"https:\\\/\\\/szkolydoktorskie.uwb.edu.pl\\\/ns\\\/wp-content\\\/uploads\\\/sites\\\/2\\\/2021\\\/04\\\/cropped-NS-LOGO.png\",\"width\":705,\"height\":188,\"caption\":\"Szko\u0142a Doktorska Nauk Spo\u0142ecznych UwB\"},\"image\":{\"@id\":\"https:\\\/\\\/szkolydoktorskie.uwb.edu.pl\\\/ns\\\/#\\\/schema\\\/logo\\\/image\\\/\"}}]}<\/script>\n<!-- \/ Yoast SEO plugin. -->","yoast_head_json":{"title":"So\u0142kiewicz Weronika - Szko\u0142a Doktorska Nauk Spo\u0142ecznych UwB","robots":{"index":"index","follow":"follow","max-snippet":"max-snippet:-1","max-image-preview":"max-image-preview:large","max-video-preview":"max-video-preview:-1"},"canonical":"https:\/\/szkolydoktorskie.uwb.edu.pl\/ns\/solkiewicz-weronika\/","og_locale":"pl_PL","og_type":"article","og_title":"So\u0142kiewicz Weronika - Szko\u0142a Doktorska Nauk Spo\u0142ecznych UwB","og_description":"Imi\u0119 i nazwisko doktoranta Weronika So\u0142kiewicz E-mail (w domenie UwB) w.solkiewicz@uwb.edu.pl ORCID 0000-0002-7590-2223 Temat rozprawy doktorskiej Dzieci bez opieki w procedurze nadania statusu uchod\u017acy Promotor dr hab. Mieczys\u0142awa Zdanowicz, prof.&hellip;","og_url":"https:\/\/szkolydoktorskie.uwb.edu.pl\/ns\/solkiewicz-weronika\/","og_site_name":"Szko\u0142a Doktorska Nauk Spo\u0142ecznych UwB","article_modified_time":"2024-03-22T12:59:19+00:00","twitter_card":"summary_large_image","twitter_misc":{"Szacowany czas czytania":"4 minuty"},"schema":{"@context":"https:\/\/schema.org","@graph":[{"@type":"WebPage","@id":"https:\/\/szkolydoktorskie.uwb.edu.pl\/ns\/solkiewicz-weronika\/","url":"https:\/\/szkolydoktorskie.uwb.edu.pl\/ns\/solkiewicz-weronika\/","name":"So\u0142kiewicz Weronika - Szko\u0142a Doktorska Nauk Spo\u0142ecznych UwB","isPartOf":{"@id":"https:\/\/szkolydoktorskie.uwb.edu.pl\/ns\/#website"},"datePublished":"2021-10-18T07:46:05+00:00","dateModified":"2024-03-22T12:59:19+00:00","breadcrumb":{"@id":"https:\/\/szkolydoktorskie.uwb.edu.pl\/ns\/solkiewicz-weronika\/#breadcrumb"},"inLanguage":"pl-PL","potentialAction":[{"@type":"ReadAction","target":["https:\/\/szkolydoktorskie.uwb.edu.pl\/ns\/solkiewicz-weronika\/"]}]},{"@type":"BreadcrumbList","@id":"https:\/\/szkolydoktorskie.uwb.edu.pl\/ns\/solkiewicz-weronika\/#breadcrumb","itemListElement":[{"@type":"ListItem","position":1,"name":"Strona g\u0142\u00f3wna","item":"https:\/\/szkolydoktorskie.uwb.edu.pl\/ns\/"},{"@type":"ListItem","position":2,"name":"So\u0142kiewicz Weronika"}]},{"@type":"WebSite","@id":"https:\/\/szkolydoktorskie.uwb.edu.pl\/ns\/#website","url":"https:\/\/szkolydoktorskie.uwb.edu.pl\/ns\/","name":"Szko\u0142a Doktorska Nauk Spo\u0142ecznych UwB","description":"Szko\u0142a Doktorska Nauk Spo\u0142ecznych UwB","publisher":{"@id":"https:\/\/szkolydoktorskie.uwb.edu.pl\/ns\/#organization"},"potentialAction":[{"@type":"SearchAction","target":{"@type":"EntryPoint","urlTemplate":"https:\/\/szkolydoktorskie.uwb.edu.pl\/ns\/?s={search_term_string}"},"query-input":{"@type":"PropertyValueSpecification","valueRequired":true,"valueName":"search_term_string"}}],"inLanguage":"pl-PL"},{"@type":"Organization","@id":"https:\/\/szkolydoktorskie.uwb.edu.pl\/ns\/#organization","name":"Szko\u0142a Doktorska Nauk Spo\u0142ecznych UwB","url":"https:\/\/szkolydoktorskie.uwb.edu.pl\/ns\/","logo":{"@type":"ImageObject","inLanguage":"pl-PL","@id":"https:\/\/szkolydoktorskie.uwb.edu.pl\/ns\/#\/schema\/logo\/image\/","url":"https:\/\/szkolydoktorskie.uwb.edu.pl\/ns\/wp-content\/uploads\/sites\/2\/2021\/04\/cropped-NS-LOGO.png","contentUrl":"https:\/\/szkolydoktorskie.uwb.edu.pl\/ns\/wp-content\/uploads\/sites\/2\/2021\/04\/cropped-NS-LOGO.png","width":705,"height":188,"caption":"Szko\u0142a Doktorska Nauk Spo\u0142ecznych UwB"},"image":{"@id":"https:\/\/szkolydoktorskie.uwb.edu.pl\/ns\/#\/schema\/logo\/image\/"}}]}},"_links":{"self":[{"href":"https:\/\/szkolydoktorskie.uwb.edu.pl\/ns\/wp-json\/wp\/v2\/pages\/616","targetHints":{"allow":["GET"]}}],"collection":[{"href":"https:\/\/szkolydoktorskie.uwb.edu.pl\/ns\/wp-json\/wp\/v2\/pages"}],"about":[{"href":"https:\/\/szkolydoktorskie.uwb.edu.pl\/ns\/wp-json\/wp\/v2\/types\/page"}],"author":[{"embeddable":true,"href":"https:\/\/szkolydoktorskie.uwb.edu.pl\/ns\/wp-json\/wp\/v2\/users\/7"}],"replies":[{"embeddable":true,"href":"https:\/\/szkolydoktorskie.uwb.edu.pl\/ns\/wp-json\/wp\/v2\/comments?post=616"}],"version-history":[{"count":4,"href":"https:\/\/szkolydoktorskie.uwb.edu.pl\/ns\/wp-json\/wp\/v2\/pages\/616\/revisions"}],"predecessor-version":[{"id":2520,"href":"https:\/\/szkolydoktorskie.uwb.edu.pl\/ns\/wp-json\/wp\/v2\/pages\/616\/revisions\/2520"}],"wp:attachment":[{"href":"https:\/\/szkolydoktorskie.uwb.edu.pl\/ns\/wp-json\/wp\/v2\/media?parent=616"}],"curies":[{"name":"wp","href":"https:\/\/api.w.org\/{rel}","templated":true}]}}