{"id":613,"date":"2021-10-18T09:39:49","date_gmt":"2021-10-18T07:39:49","guid":{"rendered":"https:\/\/szkolydoktorskie.uwb.edu.pl\/ns\/?page_id=613"},"modified":"2024-03-22T14:07:59","modified_gmt":"2024-03-22T13:07:59","slug":"topolski-patryk","status":"publish","type":"page","link":"https:\/\/szkolydoktorskie.uwb.edu.pl\/ns\/topolski-patryk\/","title":{"rendered":"Topolski Patryk"},"content":{"rendered":"\n<p class=\"has-text-align-center has-normal-font-size\"><\/p>\n\n\n\n<figure class=\"wp-block-table\"><table><tbody><tr><td><strong>Imi\u0119 i nazwisko doktoranta <\/strong><\/td><td><strong>Patryk Topolski <\/strong><\/td><\/tr><tr><td><strong>E-mail <\/strong><br><em>(w domenie UwB)<\/em><\/td><td>p.topolski@uwb.edu.pl<\/td><\/tr><tr><td><strong>Temat rozprawy doktorskiej<\/strong><\/td><td>\u015amieci kosmiczne \u2013 aspekty prawnomi\u0119dzynarodowe i instytucjonalne<\/td><\/tr><tr><td><strong>Promotor<\/strong><\/td><td>dr hab. Izabela Anna Kra\u015bnicka<\/td><\/tr><tr><td><strong>Wydzia\u0142<\/strong> <strong>Katedra\/Zak\u0142ad<\/strong><\/td><td>Wydzia\u0142 Prawa, <br>Katedra Prawa Mi\u0119dzynarodowego Publicznego i Europejskiego, <br>Zak\u0142ad Prawa Mi\u0119dzynarodowego Publicznego<\/td><\/tr><tr><td><\/td><td><strong>Publikacje naukowe<\/strong><\/td><\/tr><tr><td><em>Monografie naukowe\/rozdzia\u0142y w monografiach<\/em><\/td><td>P. Topolski, Bezpiecze\u0144stwo narodowe Rzeczypospolitej Polskiej w \u015bwietle polskiej i europejskiej polityki kosmicznej, (w:) Strategiczne priorytety bezpiecze\u0144stwa Rzeczypospolitej Polskiej u progu trzeciej dekady XXI w, Wydawnictwo WSE Stalowa Wola, Stalowa Wola 2021. 20 pkt<br><br>P. Topolski, M. Winckiewicz, Zapobieganie, reagowanie i usuwanie skutk\u00f3w kl\u0119sk \u017cywio\u0142owych na terenie Rzeczpospolitej a perspektywa nadchodz\u0105cych zmian klimatycznych, (w:) Zarz\u0105dzanie kryzysowe \u2013 wymiar narodowy i mi\u0119dzynarodowy, Wydawnictwo Wojskowej Akademii Technicznej, Warszawa 2020. 20 pkt<br><br>P. Topolski, M. Winckiewicz, Przest\u0119pczo\u015b\u0107 Stadionowa \u2013 studium prawnokryminologiczne (w:), Dylematy naukowe w r\u00f3\u017cnych dziedzinach cz. 5, Wydawnictwo 4intellect, Warszawa 2020. 5 pkt.<br><br>P. Topolski, M. Winckiewicz, Bezpiecze\u0144stwo imprez masowych w uj\u0119ciu administracyjnoprawnym, (w:) Dylematy naukowe w r\u00f3\u017cnych dziedzinach, cz. 5., Wydawnictwo 4intellect, Warszawa 2020. 5 pkt.<br><br>P. Topolski, Wp\u0142yw cyberprzest\u0119pczo\u015bci na funkcjonowanie pa\u0144stwa, (w:) Dylematy logistyki i bezpiecze\u0144stwa oczyma student\u00f3w., Wydawnictwo Wojskowej Akademii Technicznej, Warszawa 2019. 20 pkt.<br><br>P. Topolski, M. Winckiewicz, Prawnokarne aspekty przest\u0119pstwa o charakterze terrorystyczny (w:), Dylematy bada\u0144 naukowych w r\u00f3\u017cnych dziedzinach cz.4.,Wydawnictwo 4intellect, Warszawa 2019. 5 pkt &nbsp;<\/td><\/tr><tr><td><\/td><td><strong>Konferencje naukowe <\/strong><\/td><\/tr><tr><td><em>Wyst\u0105pienia na konferencjach naukowych<\/em><\/td><td>System nieodp\u0142atnej pomocy prawnej w Stanach Zjednoczonych \u2013 zagadnienia wybrane\u201d. Og\u00f3lnopolska Konferencja Naukowa \u201eNieodp\u0142atna pomoc prawa w dobie pandemii \u2013 wnioski de lege lata i de lege ferenda\u201d, Studencka Poradnia Prawa Pracownia Wydzia\u0142u Prawa UwB, Bia\u0142ystok 22-23.04.2021 r.<br><br>Nowy wy\u015bcig kosmiczny \u2013 szanse i zagro\u017cenia wynikaj\u0105ce z dzia\u0142alno\u015bci w przestrzeni kosmicznej w XXI w., Og\u00f3lnopolska Konferencja Naukowa \u201eInnowacje, kt\u00f3re zmieni\u0142y \u015bwiat\u201d, Uniwersytet Warszawski, Warszawa 9-10.01.2021.<br><br>Og\u00f3lnopolska Konferencja Naukowa \u201eGdy kres \u017cycia nadchodzi \u2013 \u015bmier\u0107 w perspektywie nauk humanistycznych i spo\u0142ecznych\u201d Uniwersytet Warszawski, Warszawa 28-29.11.2020.<br><br>Og\u00f3lnopolska Konferencja Naukowa &#8222;Ludzie nauki &#8211; prezentacja temat\u00f3w badawczych lub przegl\u0105dowych&#8221;, cz\u0119\u015b\u0107 7, referat: Polityka kosmiczna Unii Europejskiej w \u015bwietle mi\u0119dzynarodowego prawa kosmicznego, Warszawa 2020.<br><br>Og\u00f3lnopolska Konferencja Naukowa &#8222;Ludzie Nauki &#8211; prezentacja temat\u00f3w badawczych lub przegl\u0105dowych, cz. 7., referat: Przest\u0119pczo\u015b\u0107 stadionowa &#8211; studium prawne i kryminologiczne, Warszawa 2020.<br><br>Mi\u0119dzynarodowa Konferencja Naukowa pt. Aktualna dychotomia prawa publicznego i prywatnego, referat: Prawne i kryminologiczne aspekty przest\u0119pstwa szpiegostwa, Bia\u0142ystok 2019.<br><br>Og\u00f3lnopolska Konferencja Naukowa pt. Ludzie nauki &#8211; prezentacja temat\u00f3w badawczych lub przegl\u0105dowych, cz\u0119\u015b\u0107 7., referat: Prawne i kryminologiczne aspekty przest\u0119pstwa o charakterze terrorystycznym, Warszawa 2019.<br><br>Og\u00f3lnopolska Konferencja Naukowa pt. Ludzie nauki &#8211; prezentacja temat\u00f3w badawczych lub przegl\u0105dowych, cz. 6., referat: Suplement diety i produkt leczniczy &#8211; wybrane zagadnienia, Warszawa 2019.<br><br>Og\u00f3lnopolska Konferencja Naukowa &#8222;Ludzie Nauki &#8211; prezentacja temat\u00f3w bada\u0144 lub recenzji, cz. 6., referat: Przestrze\u0144 publiczna a przest\u0119pczo\u015b\u0107 o charakterze terrorystycznym &#8211; aspekty prawne i kryminologiczne, Warszawa 2019.<br><br>Og\u00f3lnopolska Konferencja Naukowa pt. Przest\u0119pczo\u015b\u0107 seksualna &#8211; aspekty prawne i kryminologiczne, referat: Profilowanie kryminologiczne sprawc\u00f3w przest\u0119pstw seksualnych, Bia\u0142ystok 2018. \u00a0<\/td><\/tr><tr><td><\/td><td><strong>Inne aktywno\u015bci\/osi\u0105gni\u0119cia naukowe Doktoranta<\/strong><\/td><\/tr><tr><td><\/td><td>Prezes Studenckiej Poradni Prawnej Pracowni Wydzia\u0142u Prawa Uniwersytetu w Bia\u0142ymstoku: na rok akademicki 2020\/2021.<br><br>Cz\u0142onek i przewodnicz\u0105cy sekcji prawa karnego w Studenckiej Poradni Prawnej Pracowni Wydzia\u0142u Prawa Uniwersytetu w Bia\u0142ymstoku<br><br>Przeprowadzenie szkolenia: Dzia\u0142alno\u015b\u0107 w przestrzeni kosmicznej \u2013 wst\u0119p do mi\u0119dzynarodowego prawa kosmicznego, Wydzia\u0142 Prawa UwB, 28.05.2021 r. <br><br>Uczestnictwo w szkoleniu pt. <em>Publikacja artyku\u0142u w monografii wieloautorskiej, <\/em>Warszawa, 28.03.2020 r.,<br><br>Uczestnictwo w szkoleniu pt.<em> Publikacja artyku\u0142u naukowego \u2013 r\u00f3\u017cnice w punktacji, <\/em>Warszawa, 28.03.2020 r.,<br><br>Uczestnictwo w szkoleniu dot. <em>Etyki prawniczej oraz Europejskiej Sieci Klinik Prawa (ENGLE), <\/em>Bia\u0142ystok, 06.03.2020 r.<\/td><\/tr><\/tbody><\/table><\/figure>\n","protected":false},"excerpt":{"rendered":"<p>Imi\u0119 i nazwisko doktoranta Patryk Topolski E-mail (w domenie UwB) p.topolski@uwb.edu.pl Temat rozprawy doktorskiej \u015amieci kosmiczne \u2013 aspekty prawnomi\u0119dzynarodowe i instytucjonalne Promotor dr hab. Izabela Anna Kra\u015bnicka Wydzia\u0142 Katedra\/Zak\u0142ad Wydzia\u0142&hellip;<\/p>\n","protected":false},"author":7,"featured_media":0,"parent":0,"menu_order":0,"comment_status":"closed","ping_status":"closed","template":"","meta":{"footnotes":""},"class_list":["post-613","page","type-page","status-publish","hentry"],"yoast_head":"<!-- This site is optimized with the Yoast SEO plugin v27.4 - https:\/\/yoast.com\/product\/yoast-seo-wordpress\/ -->\n<title>Topolski Patryk - Szko\u0142a Doktorska Nauk Spo\u0142ecznych UwB<\/title>\n<meta name=\"robots\" content=\"index, follow, max-snippet:-1, max-image-preview:large, max-video-preview:-1\" \/>\n<link rel=\"canonical\" href=\"https:\/\/szkolydoktorskie.uwb.edu.pl\/ns\/topolski-patryk\/\" \/>\n<meta property=\"og:locale\" content=\"pl_PL\" \/>\n<meta property=\"og:type\" content=\"article\" \/>\n<meta property=\"og:title\" content=\"Topolski Patryk - Szko\u0142a Doktorska Nauk Spo\u0142ecznych UwB\" \/>\n<meta property=\"og:description\" content=\"Imi\u0119 i nazwisko doktoranta Patryk Topolski E-mail (w domenie UwB) p.topolski@uwb.edu.pl Temat rozprawy doktorskiej \u015amieci kosmiczne \u2013 aspekty prawnomi\u0119dzynarodowe i instytucjonalne Promotor dr hab. Izabela Anna Kra\u015bnicka Wydzia\u0142 Katedra\/Zak\u0142ad Wydzia\u0142&hellip;\" \/>\n<meta property=\"og:url\" content=\"https:\/\/szkolydoktorskie.uwb.edu.pl\/ns\/topolski-patryk\/\" \/>\n<meta property=\"og:site_name\" content=\"Szko\u0142a Doktorska Nauk Spo\u0142ecznych UwB\" \/>\n<meta property=\"article:modified_time\" content=\"2024-03-22T13:07:59+00:00\" \/>\n<meta name=\"twitter:card\" content=\"summary_large_image\" \/>\n<meta name=\"twitter:label1\" content=\"Szacowany czas czytania\" \/>\n\t<meta name=\"twitter:data1\" content=\"4 minuty\" \/>\n<script type=\"application\/ld+json\" class=\"yoast-schema-graph\">{\"@context\":\"https:\\\/\\\/schema.org\",\"@graph\":[{\"@type\":\"WebPage\",\"@id\":\"https:\\\/\\\/szkolydoktorskie.uwb.edu.pl\\\/ns\\\/topolski-patryk\\\/\",\"url\":\"https:\\\/\\\/szkolydoktorskie.uwb.edu.pl\\\/ns\\\/topolski-patryk\\\/\",\"name\":\"Topolski Patryk - Szko\u0142a Doktorska Nauk Spo\u0142ecznych UwB\",\"isPartOf\":{\"@id\":\"https:\\\/\\\/szkolydoktorskie.uwb.edu.pl\\\/ns\\\/#website\"},\"datePublished\":\"2021-10-18T07:39:49+00:00\",\"dateModified\":\"2024-03-22T13:07:59+00:00\",\"breadcrumb\":{\"@id\":\"https:\\\/\\\/szkolydoktorskie.uwb.edu.pl\\\/ns\\\/topolski-patryk\\\/#breadcrumb\"},\"inLanguage\":\"pl-PL\",\"potentialAction\":[{\"@type\":\"ReadAction\",\"target\":[\"https:\\\/\\\/szkolydoktorskie.uwb.edu.pl\\\/ns\\\/topolski-patryk\\\/\"]}]},{\"@type\":\"BreadcrumbList\",\"@id\":\"https:\\\/\\\/szkolydoktorskie.uwb.edu.pl\\\/ns\\\/topolski-patryk\\\/#breadcrumb\",\"itemListElement\":[{\"@type\":\"ListItem\",\"position\":1,\"name\":\"Strona g\u0142\u00f3wna\",\"item\":\"https:\\\/\\\/szkolydoktorskie.uwb.edu.pl\\\/ns\\\/\"},{\"@type\":\"ListItem\",\"position\":2,\"name\":\"Topolski Patryk\"}]},{\"@type\":\"WebSite\",\"@id\":\"https:\\\/\\\/szkolydoktorskie.uwb.edu.pl\\\/ns\\\/#website\",\"url\":\"https:\\\/\\\/szkolydoktorskie.uwb.edu.pl\\\/ns\\\/\",\"name\":\"Szko\u0142a Doktorska Nauk Spo\u0142ecznych UwB\",\"description\":\"Szko\u0142a Doktorska Nauk Spo\u0142ecznych UwB\",\"publisher\":{\"@id\":\"https:\\\/\\\/szkolydoktorskie.uwb.edu.pl\\\/ns\\\/#organization\"},\"potentialAction\":[{\"@type\":\"SearchAction\",\"target\":{\"@type\":\"EntryPoint\",\"urlTemplate\":\"https:\\\/\\\/szkolydoktorskie.uwb.edu.pl\\\/ns\\\/?s={search_term_string}\"},\"query-input\":{\"@type\":\"PropertyValueSpecification\",\"valueRequired\":true,\"valueName\":\"search_term_string\"}}],\"inLanguage\":\"pl-PL\"},{\"@type\":\"Organization\",\"@id\":\"https:\\\/\\\/szkolydoktorskie.uwb.edu.pl\\\/ns\\\/#organization\",\"name\":\"Szko\u0142a Doktorska Nauk Spo\u0142ecznych UwB\",\"url\":\"https:\\\/\\\/szkolydoktorskie.uwb.edu.pl\\\/ns\\\/\",\"logo\":{\"@type\":\"ImageObject\",\"inLanguage\":\"pl-PL\",\"@id\":\"https:\\\/\\\/szkolydoktorskie.uwb.edu.pl\\\/ns\\\/#\\\/schema\\\/logo\\\/image\\\/\",\"url\":\"https:\\\/\\\/szkolydoktorskie.uwb.edu.pl\\\/ns\\\/wp-content\\\/uploads\\\/sites\\\/2\\\/2021\\\/04\\\/cropped-NS-LOGO.png\",\"contentUrl\":\"https:\\\/\\\/szkolydoktorskie.uwb.edu.pl\\\/ns\\\/wp-content\\\/uploads\\\/sites\\\/2\\\/2021\\\/04\\\/cropped-NS-LOGO.png\",\"width\":705,\"height\":188,\"caption\":\"Szko\u0142a Doktorska Nauk Spo\u0142ecznych UwB\"},\"image\":{\"@id\":\"https:\\\/\\\/szkolydoktorskie.uwb.edu.pl\\\/ns\\\/#\\\/schema\\\/logo\\\/image\\\/\"}}]}<\/script>\n<!-- \/ Yoast SEO plugin. -->","yoast_head_json":{"title":"Topolski Patryk - Szko\u0142a Doktorska Nauk Spo\u0142ecznych UwB","robots":{"index":"index","follow":"follow","max-snippet":"max-snippet:-1","max-image-preview":"max-image-preview:large","max-video-preview":"max-video-preview:-1"},"canonical":"https:\/\/szkolydoktorskie.uwb.edu.pl\/ns\/topolski-patryk\/","og_locale":"pl_PL","og_type":"article","og_title":"Topolski Patryk - Szko\u0142a Doktorska Nauk Spo\u0142ecznych UwB","og_description":"Imi\u0119 i nazwisko doktoranta Patryk Topolski E-mail (w domenie UwB) p.topolski@uwb.edu.pl Temat rozprawy doktorskiej \u015amieci kosmiczne \u2013 aspekty prawnomi\u0119dzynarodowe i instytucjonalne Promotor dr hab. Izabela Anna Kra\u015bnicka Wydzia\u0142 Katedra\/Zak\u0142ad Wydzia\u0142&hellip;","og_url":"https:\/\/szkolydoktorskie.uwb.edu.pl\/ns\/topolski-patryk\/","og_site_name":"Szko\u0142a Doktorska Nauk Spo\u0142ecznych UwB","article_modified_time":"2024-03-22T13:07:59+00:00","twitter_card":"summary_large_image","twitter_misc":{"Szacowany czas czytania":"4 minuty"},"schema":{"@context":"https:\/\/schema.org","@graph":[{"@type":"WebPage","@id":"https:\/\/szkolydoktorskie.uwb.edu.pl\/ns\/topolski-patryk\/","url":"https:\/\/szkolydoktorskie.uwb.edu.pl\/ns\/topolski-patryk\/","name":"Topolski Patryk - Szko\u0142a Doktorska Nauk Spo\u0142ecznych UwB","isPartOf":{"@id":"https:\/\/szkolydoktorskie.uwb.edu.pl\/ns\/#website"},"datePublished":"2021-10-18T07:39:49+00:00","dateModified":"2024-03-22T13:07:59+00:00","breadcrumb":{"@id":"https:\/\/szkolydoktorskie.uwb.edu.pl\/ns\/topolski-patryk\/#breadcrumb"},"inLanguage":"pl-PL","potentialAction":[{"@type":"ReadAction","target":["https:\/\/szkolydoktorskie.uwb.edu.pl\/ns\/topolski-patryk\/"]}]},{"@type":"BreadcrumbList","@id":"https:\/\/szkolydoktorskie.uwb.edu.pl\/ns\/topolski-patryk\/#breadcrumb","itemListElement":[{"@type":"ListItem","position":1,"name":"Strona g\u0142\u00f3wna","item":"https:\/\/szkolydoktorskie.uwb.edu.pl\/ns\/"},{"@type":"ListItem","position":2,"name":"Topolski Patryk"}]},{"@type":"WebSite","@id":"https:\/\/szkolydoktorskie.uwb.edu.pl\/ns\/#website","url":"https:\/\/szkolydoktorskie.uwb.edu.pl\/ns\/","name":"Szko\u0142a Doktorska Nauk Spo\u0142ecznych UwB","description":"Szko\u0142a Doktorska Nauk Spo\u0142ecznych UwB","publisher":{"@id":"https:\/\/szkolydoktorskie.uwb.edu.pl\/ns\/#organization"},"potentialAction":[{"@type":"SearchAction","target":{"@type":"EntryPoint","urlTemplate":"https:\/\/szkolydoktorskie.uwb.edu.pl\/ns\/?s={search_term_string}"},"query-input":{"@type":"PropertyValueSpecification","valueRequired":true,"valueName":"search_term_string"}}],"inLanguage":"pl-PL"},{"@type":"Organization","@id":"https:\/\/szkolydoktorskie.uwb.edu.pl\/ns\/#organization","name":"Szko\u0142a Doktorska Nauk Spo\u0142ecznych UwB","url":"https:\/\/szkolydoktorskie.uwb.edu.pl\/ns\/","logo":{"@type":"ImageObject","inLanguage":"pl-PL","@id":"https:\/\/szkolydoktorskie.uwb.edu.pl\/ns\/#\/schema\/logo\/image\/","url":"https:\/\/szkolydoktorskie.uwb.edu.pl\/ns\/wp-content\/uploads\/sites\/2\/2021\/04\/cropped-NS-LOGO.png","contentUrl":"https:\/\/szkolydoktorskie.uwb.edu.pl\/ns\/wp-content\/uploads\/sites\/2\/2021\/04\/cropped-NS-LOGO.png","width":705,"height":188,"caption":"Szko\u0142a Doktorska Nauk Spo\u0142ecznych UwB"},"image":{"@id":"https:\/\/szkolydoktorskie.uwb.edu.pl\/ns\/#\/schema\/logo\/image\/"}}]}},"_links":{"self":[{"href":"https:\/\/szkolydoktorskie.uwb.edu.pl\/ns\/wp-json\/wp\/v2\/pages\/613","targetHints":{"allow":["GET"]}}],"collection":[{"href":"https:\/\/szkolydoktorskie.uwb.edu.pl\/ns\/wp-json\/wp\/v2\/pages"}],"about":[{"href":"https:\/\/szkolydoktorskie.uwb.edu.pl\/ns\/wp-json\/wp\/v2\/types\/page"}],"author":[{"embeddable":true,"href":"https:\/\/szkolydoktorskie.uwb.edu.pl\/ns\/wp-json\/wp\/v2\/users\/7"}],"replies":[{"embeddable":true,"href":"https:\/\/szkolydoktorskie.uwb.edu.pl\/ns\/wp-json\/wp\/v2\/comments?post=613"}],"version-history":[{"count":7,"href":"https:\/\/szkolydoktorskie.uwb.edu.pl\/ns\/wp-json\/wp\/v2\/pages\/613\/revisions"}],"predecessor-version":[{"id":2529,"href":"https:\/\/szkolydoktorskie.uwb.edu.pl\/ns\/wp-json\/wp\/v2\/pages\/613\/revisions\/2529"}],"wp:attachment":[{"href":"https:\/\/szkolydoktorskie.uwb.edu.pl\/ns\/wp-json\/wp\/v2\/media?parent=613"}],"curies":[{"name":"wp","href":"https:\/\/api.w.org\/{rel}","templated":true}]}}