{"id":608,"date":"2021-10-18T09:35:02","date_gmt":"2021-10-18T07:35:02","guid":{"rendered":"https:\/\/szkolydoktorskie.uwb.edu.pl\/ns\/?page_id=608"},"modified":"2024-03-22T13:53:42","modified_gmt":"2024-03-22T12:53:42","slug":"pawelko-aleksandra","status":"publish","type":"page","link":"https:\/\/szkolydoktorskie.uwb.edu.pl\/ns\/pawelko-aleksandra\/","title":{"rendered":"Pawe\u0142ko Aleksandra"},"content":{"rendered":"\n<figure class=\"wp-block-image size-large is-resized\"><img loading=\"lazy\" decoding=\"async\" width=\"769\" height=\"1024\" src=\"https:\/\/szkolydoktorskie.uwb.edu.pl\/ns\/wp-content\/uploads\/sites\/2\/2023\/02\/Pawelko-A.-769x1024.jpg\" alt=\"\" class=\"wp-image-1619\" style=\"width:158px;height:210px\" srcset=\"https:\/\/szkolydoktorskie.uwb.edu.pl\/ns\/wp-content\/uploads\/sites\/2\/2023\/02\/Pawelko-A.-769x1024.jpg 769w, https:\/\/szkolydoktorskie.uwb.edu.pl\/ns\/wp-content\/uploads\/sites\/2\/2023\/02\/Pawelko-A.-225x300.jpg 225w, https:\/\/szkolydoktorskie.uwb.edu.pl\/ns\/wp-content\/uploads\/sites\/2\/2023\/02\/Pawelko-A.-768x1023.jpg 768w, https:\/\/szkolydoktorskie.uwb.edu.pl\/ns\/wp-content\/uploads\/sites\/2\/2023\/02\/Pawelko-A..jpg 1080w\" sizes=\"auto, (max-width: 769px) 100vw, 769px\" \/><\/figure>\n\n\n\n<p class=\"has-text-align-center\" style=\"font-size:30px\"><\/p>\n\n\n\n<figure class=\"wp-block-table\"><table><tbody><tr><td><strong>Imi\u0119 i nazwisko doktoranta<\/strong><\/td><td><strong>Aleksandra Pawe\u0142ko<\/strong><\/td><\/tr><tr><td><strong>E-mail <\/strong><br><em>(w domenie UwB)<\/em><\/td><td>a.pawelko@uwb.edu.pl<\/td><\/tr><tr><td><strong>ORCID<\/strong><\/td><td>0000-0001-8981-5801<\/td><\/tr><tr><td><strong>Temat rozprawy doktorskiej<\/strong><\/td><td>Znaczenie cywilnoprawnej ochrony prywatno\u015bci w obszarze us\u0142ug cyfrowych<\/td><\/tr><tr><td><strong>Promotor<\/strong><\/td><td>prof. dr hab. Adam Doliwa<\/td><\/tr><tr><td><strong>Wydzia\u0142<\/strong> <strong>Katedra\/Zak\u0142ad<\/strong><\/td><td>Wydzia\u0142 Prawa, Katedra Prawa Cywilnego i Rolnego <\/td><\/tr><tr><td><\/td><td><strong>Publikacje naukowe<\/strong><\/td><\/tr><tr><td><em>Artyku\u0142y naukowe w czasopismach<\/em><\/td><td>A. Pawe\u0142ko, <em>Life in a clean environment as a personal interest,<\/em> w:Ekonomia i \u015brodowisko, 73(2), s. 86-101, Bia\u0142ystok 2020<\/td><\/tr><tr><td><em>Monografie naukowe\/rozdzia\u0142y w monografiach<\/em><\/td><td>Autorstwo rozdzia\u0142u w monografii oraz rola redaktora monografii: A. Pawe\u0142ko, Prawo dziecka do obojga rodzic\u00f3w, w: W\u0142adza rodzicielska. Wybrane zagadnienia regulacji i praktyki prawnej, P. Grygu\u0107, K. Kury\u0142owicz, A. Pawe\u0142ko, E. Szachniewicz (red.), Temida 2, Bia\u0142ystok 2020. <br>&nbsp; <br>Autorstwo rozdzia\u0142u w monografii: A. Pawe\u0142ko, <em>Autonomia woli konsumenta w kontek\u015bcie praktyk typu dark patterns,<\/em> w: Wyzwania dla prawa konsumenckiego w wymiarze globalnym, regionalnym i lokalnym, M. Namys\u0142owska, K. Podg\u00f3rski, E. S\u0142ugocka-Krupa (red.), C.H. Beck, Warszawa 2022.<\/td><\/tr><tr><td><\/td><td><strong>Konferencje naukowe<\/strong><\/td><\/tr><tr><td><em>Wyst\u0105pienia na konferencjach naukowych<\/em><\/td><td>Referat pt. \u201ePlanowanie rozpraw \u2013 zasada czy wyj\u0105tek?\u201d podczas Og\u00f3lnopolskiej Konferencji Naukowej \u201eKrytycznie o polskim prawie. Analiza kontrowersyjnych regulacji prawnych XXI wieku\u201d zorganizowanej na Wydziale Prawa i Administracji Uniwersytetu Marii Curie-Sk\u0142odowskiej w Lublinie (29.01.2021 r.) &nbsp; <br><br>Referat pt. \u201ePrawo spadkowe a nowe technologie \u2013 koncepcja tzw. videotestamentu\u201d podczas II Og\u00f3lnopolskiej Konferencji Naukowej \u201eNowoczesne technologie w prawie. Teoria i praktyka\u201d zorganizowanej na Uniwersytecie Kardyna\u0142a Stefana Wyszy\u0144skiego w Warszawie (11.02.2021 r.) &nbsp; <br><br>Referat pt. \u201eNiezgodno\u015b\u0107 instytucji ubezw\u0142asnowolnienia z Konwencj\u0105 o prawach os\u00f3b niepe\u0142nosprawnych \u2013 sp\u00f3r o termin <em>legal capacity<\/em>\u201d podczas Og\u00f3lnopolskiej Konferencji Naukowej &#8222;Instytucja ubezw\u0142asnowolnienia w prawie cywilnym &#8211; forma pomocy czy wykluczenie?&#8221; zorganizowanej na Wydziale Prawa Uniwersytetu w Bia\u0142ymstoku (14.05.2021 r.) &nbsp; <br><br>Referat pt. \u201eAutonomia woli konsumenta w kontek\u015bcie praktyk <em>dark patterns\u201d <\/em>podczas VIII Mi\u0119dzynarodowej Konsumenckiej Konferencji Naukowej \u201eWyzwania dla prawa konsumenckiego w wymiarze globalnym, regionalnym i lokalnym\u201d zorganizowanej przez&nbsp; Wydzia\u0142 Prawa i Administracji Uniwersytetu \u0141\u00f3dzkiego i Stowarzyszenie Rzecznik\u00f3w Konsument\u00f3w (05 \u2013 06.10.2021 r.) &nbsp; <br><br>Referat pt. \u201eWp\u0142yw Karty Praw Podstawowych Unii Europejskiej na krajowe stosunki cywilnoprawne\u201d podczas I Og\u00f3lnopolskiej Konferencji Naukowej \u201eWp\u0142yw prawa obcego na polskie prawo prywatne\u201d zorganizowanej przez Ko\u0142o Naukowe Prawa Cywilnego \u201eLege Artis\u201d dzia\u0142aj\u0105ce przy Wydziale Prawa i Administracji Uniwersytetu Warszawskiego (05.05.2022 r) &nbsp; <br><br>Referat pt. \u201ePraktyki <em>dark patterns <\/em>a autonomia woli jednostki\u201d podczas I Og\u00f3lnopolskiej Konferencji Naukowej \u201eSzanse i wyzwania prawa nowych technologii w XXI w.\u201d zorganizowanej przez Ko\u0142o Naukowe <em>The European &amp; American Law<\/em> dzia\u0142aj\u0105ce przy Wydziale Prawa i Administracji Uniwersytetu Opolskiego (06.06.2022 r.) &nbsp; <br><br>Referat pt. \u201eZasada kontradyktoryjno\u015bci na gruncie post\u0119powania nieprocesowego\u201d podczas Og\u00f3lnopolskiej Konferencji Naukowej \u201eEwolucja post\u0119powania nieprocesowego\u201d zorganizowanej przez Studenckie Ko\u0142o Naukowe Prawnik\u00f3w Uniwersytetu Marii Curie-Sk\u0142odowskiej we wsp\u00f3\u0142pracy z Katedr\u0105 Post\u0119powania Cywilnego i Mi\u0119dzynarodowego Prawa Handlowego (10.06.2022 r.) &nbsp; <br>Referat pt. \u201eObligatoryjno\u015b\u0107 rozpraw zdalnych \u2013 studium przypadku\u201d podczas VI Seminarium M\u0142odych Procesualist\u00f3w Cywilnych zorganizowanego na Wydziale Prawa i Nauk Spo\u0142ecznych Uniwersytetu Jana Kochanowskiego w Kielcach (10.10.2022 r.)<\/td><\/tr><tr><td><\/td><td><strong>Inne aktywno\u015bci\/ osi\u0105gni\u0119cia naukowe Doktoranta<\/strong><\/td><\/tr><tr><td><\/td><td>Uko\u0144czenie studi\u00f3w podyplomowych \u201ePrawo w biznesie nowych technologii. Digitalizacja proces\u00f3w i us\u0142ug 21_22 na Uczelni \u0141azarskiego w Warszawie. &nbsp; <br><br>Udzia\u0142 w 4. edycji Letniej Szko\u0142y Analizy Danych i Metod Bada\u0144 Jako\u015bciowych, organizowanej przez CAQDAS TM Labratory Instytutu Socjologii Uniwersytetu Jagiello\u0144skiego, kt\u00f3ra odby\u0142a si\u0119 w dniach 6 wrze\u015bnia \u2013 11 wrze\u015bnia 2021 r. w Krakowie.<\/td><\/tr><\/tbody><\/table><\/figure>\n","protected":false},"excerpt":{"rendered":"<p>Imi\u0119 i nazwisko doktoranta Aleksandra Pawe\u0142ko E-mail (w domenie UwB) a.pawelko@uwb.edu.pl ORCID 0000-0001-8981-5801 Temat rozprawy doktorskiej Znaczenie cywilnoprawnej ochrony prywatno\u015bci w obszarze us\u0142ug cyfrowych Promotor prof. dr hab. Adam Doliwa&hellip;<\/p>\n","protected":false},"author":7,"featured_media":0,"parent":0,"menu_order":0,"comment_status":"closed","ping_status":"closed","template":"","meta":{"footnotes":""},"class_list":["post-608","page","type-page","status-publish","hentry"],"yoast_head":"<!-- This site is optimized with the Yoast SEO plugin v27.4 - https:\/\/yoast.com\/product\/yoast-seo-wordpress\/ -->\n<title>Pawe\u0142ko Aleksandra - Szko\u0142a Doktorska Nauk Spo\u0142ecznych UwB<\/title>\n<meta name=\"robots\" content=\"index, follow, max-snippet:-1, max-image-preview:large, max-video-preview:-1\" \/>\n<link rel=\"canonical\" href=\"https:\/\/szkolydoktorskie.uwb.edu.pl\/ns\/pawelko-aleksandra\/\" \/>\n<meta property=\"og:locale\" content=\"pl_PL\" \/>\n<meta property=\"og:type\" content=\"article\" \/>\n<meta property=\"og:title\" content=\"Pawe\u0142ko Aleksandra - Szko\u0142a Doktorska Nauk Spo\u0142ecznych UwB\" \/>\n<meta property=\"og:description\" content=\"Imi\u0119 i nazwisko doktoranta Aleksandra Pawe\u0142ko E-mail (w domenie UwB) a.pawelko@uwb.edu.pl ORCID 0000-0001-8981-5801 Temat rozprawy doktorskiej Znaczenie cywilnoprawnej ochrony prywatno\u015bci w obszarze us\u0142ug cyfrowych Promotor prof. dr hab. Adam Doliwa&hellip;\" \/>\n<meta property=\"og:url\" content=\"https:\/\/szkolydoktorskie.uwb.edu.pl\/ns\/pawelko-aleksandra\/\" \/>\n<meta property=\"og:site_name\" content=\"Szko\u0142a Doktorska Nauk Spo\u0142ecznych UwB\" \/>\n<meta property=\"article:modified_time\" content=\"2024-03-22T12:53:42+00:00\" \/>\n<meta property=\"og:image\" content=\"https:\/\/szkolydoktorskie.uwb.edu.pl\/ns\/wp-content\/uploads\/sites\/2\/2023\/02\/Pawelko-A.-769x1024.jpg\" \/>\n<meta name=\"twitter:card\" content=\"summary_large_image\" \/>\n<meta name=\"twitter:label1\" content=\"Szacowany czas czytania\" \/>\n\t<meta name=\"twitter:data1\" content=\"4 minuty\" \/>\n<script type=\"application\/ld+json\" class=\"yoast-schema-graph\">{\"@context\":\"https:\\\/\\\/schema.org\",\"@graph\":[{\"@type\":\"WebPage\",\"@id\":\"https:\\\/\\\/szkolydoktorskie.uwb.edu.pl\\\/ns\\\/pawelko-aleksandra\\\/\",\"url\":\"https:\\\/\\\/szkolydoktorskie.uwb.edu.pl\\\/ns\\\/pawelko-aleksandra\\\/\",\"name\":\"Pawe\u0142ko Aleksandra - Szko\u0142a Doktorska Nauk Spo\u0142ecznych UwB\",\"isPartOf\":{\"@id\":\"https:\\\/\\\/szkolydoktorskie.uwb.edu.pl\\\/ns\\\/#website\"},\"primaryImageOfPage\":{\"@id\":\"https:\\\/\\\/szkolydoktorskie.uwb.edu.pl\\\/ns\\\/pawelko-aleksandra\\\/#primaryimage\"},\"image\":{\"@id\":\"https:\\\/\\\/szkolydoktorskie.uwb.edu.pl\\\/ns\\\/pawelko-aleksandra\\\/#primaryimage\"},\"thumbnailUrl\":\"https:\\\/\\\/szkolydoktorskie.uwb.edu.pl\\\/ns\\\/wp-content\\\/uploads\\\/sites\\\/2\\\/2023\\\/02\\\/Pawelko-A.-769x1024.jpg\",\"datePublished\":\"2021-10-18T07:35:02+00:00\",\"dateModified\":\"2024-03-22T12:53:42+00:00\",\"breadcrumb\":{\"@id\":\"https:\\\/\\\/szkolydoktorskie.uwb.edu.pl\\\/ns\\\/pawelko-aleksandra\\\/#breadcrumb\"},\"inLanguage\":\"pl-PL\",\"potentialAction\":[{\"@type\":\"ReadAction\",\"target\":[\"https:\\\/\\\/szkolydoktorskie.uwb.edu.pl\\\/ns\\\/pawelko-aleksandra\\\/\"]}]},{\"@type\":\"ImageObject\",\"inLanguage\":\"pl-PL\",\"@id\":\"https:\\\/\\\/szkolydoktorskie.uwb.edu.pl\\\/ns\\\/pawelko-aleksandra\\\/#primaryimage\",\"url\":\"https:\\\/\\\/szkolydoktorskie.uwb.edu.pl\\\/ns\\\/wp-content\\\/uploads\\\/sites\\\/2\\\/2023\\\/02\\\/Pawelko-A..jpg\",\"contentUrl\":\"https:\\\/\\\/szkolydoktorskie.uwb.edu.pl\\\/ns\\\/wp-content\\\/uploads\\\/sites\\\/2\\\/2023\\\/02\\\/Pawelko-A..jpg\",\"width\":1080,\"height\":1438},{\"@type\":\"BreadcrumbList\",\"@id\":\"https:\\\/\\\/szkolydoktorskie.uwb.edu.pl\\\/ns\\\/pawelko-aleksandra\\\/#breadcrumb\",\"itemListElement\":[{\"@type\":\"ListItem\",\"position\":1,\"name\":\"Strona g\u0142\u00f3wna\",\"item\":\"https:\\\/\\\/szkolydoktorskie.uwb.edu.pl\\\/ns\\\/\"},{\"@type\":\"ListItem\",\"position\":2,\"name\":\"Pawe\u0142ko Aleksandra\"}]},{\"@type\":\"WebSite\",\"@id\":\"https:\\\/\\\/szkolydoktorskie.uwb.edu.pl\\\/ns\\\/#website\",\"url\":\"https:\\\/\\\/szkolydoktorskie.uwb.edu.pl\\\/ns\\\/\",\"name\":\"Szko\u0142a Doktorska Nauk Spo\u0142ecznych UwB\",\"description\":\"Szko\u0142a Doktorska Nauk Spo\u0142ecznych UwB\",\"publisher\":{\"@id\":\"https:\\\/\\\/szkolydoktorskie.uwb.edu.pl\\\/ns\\\/#organization\"},\"potentialAction\":[{\"@type\":\"SearchAction\",\"target\":{\"@type\":\"EntryPoint\",\"urlTemplate\":\"https:\\\/\\\/szkolydoktorskie.uwb.edu.pl\\\/ns\\\/?s={search_term_string}\"},\"query-input\":{\"@type\":\"PropertyValueSpecification\",\"valueRequired\":true,\"valueName\":\"search_term_string\"}}],\"inLanguage\":\"pl-PL\"},{\"@type\":\"Organization\",\"@id\":\"https:\\\/\\\/szkolydoktorskie.uwb.edu.pl\\\/ns\\\/#organization\",\"name\":\"Szko\u0142a Doktorska Nauk Spo\u0142ecznych UwB\",\"url\":\"https:\\\/\\\/szkolydoktorskie.uwb.edu.pl\\\/ns\\\/\",\"logo\":{\"@type\":\"ImageObject\",\"inLanguage\":\"pl-PL\",\"@id\":\"https:\\\/\\\/szkolydoktorskie.uwb.edu.pl\\\/ns\\\/#\\\/schema\\\/logo\\\/image\\\/\",\"url\":\"https:\\\/\\\/szkolydoktorskie.uwb.edu.pl\\\/ns\\\/wp-content\\\/uploads\\\/sites\\\/2\\\/2021\\\/04\\\/cropped-NS-LOGO.png\",\"contentUrl\":\"https:\\\/\\\/szkolydoktorskie.uwb.edu.pl\\\/ns\\\/wp-content\\\/uploads\\\/sites\\\/2\\\/2021\\\/04\\\/cropped-NS-LOGO.png\",\"width\":705,\"height\":188,\"caption\":\"Szko\u0142a Doktorska Nauk Spo\u0142ecznych UwB\"},\"image\":{\"@id\":\"https:\\\/\\\/szkolydoktorskie.uwb.edu.pl\\\/ns\\\/#\\\/schema\\\/logo\\\/image\\\/\"}}]}<\/script>\n<!-- \/ Yoast SEO plugin. -->","yoast_head_json":{"title":"Pawe\u0142ko Aleksandra - Szko\u0142a Doktorska Nauk Spo\u0142ecznych UwB","robots":{"index":"index","follow":"follow","max-snippet":"max-snippet:-1","max-image-preview":"max-image-preview:large","max-video-preview":"max-video-preview:-1"},"canonical":"https:\/\/szkolydoktorskie.uwb.edu.pl\/ns\/pawelko-aleksandra\/","og_locale":"pl_PL","og_type":"article","og_title":"Pawe\u0142ko Aleksandra - Szko\u0142a Doktorska Nauk Spo\u0142ecznych UwB","og_description":"Imi\u0119 i nazwisko doktoranta Aleksandra Pawe\u0142ko E-mail (w domenie UwB) a.pawelko@uwb.edu.pl ORCID 0000-0001-8981-5801 Temat rozprawy doktorskiej Znaczenie cywilnoprawnej ochrony prywatno\u015bci w obszarze us\u0142ug cyfrowych Promotor prof. dr hab. Adam Doliwa&hellip;","og_url":"https:\/\/szkolydoktorskie.uwb.edu.pl\/ns\/pawelko-aleksandra\/","og_site_name":"Szko\u0142a Doktorska Nauk Spo\u0142ecznych UwB","article_modified_time":"2024-03-22T12:53:42+00:00","og_image":[{"url":"https:\/\/szkolydoktorskie.uwb.edu.pl\/ns\/wp-content\/uploads\/sites\/2\/2023\/02\/Pawelko-A.-769x1024.jpg","type":"","width":"","height":""}],"twitter_card":"summary_large_image","twitter_misc":{"Szacowany czas czytania":"4 minuty"},"schema":{"@context":"https:\/\/schema.org","@graph":[{"@type":"WebPage","@id":"https:\/\/szkolydoktorskie.uwb.edu.pl\/ns\/pawelko-aleksandra\/","url":"https:\/\/szkolydoktorskie.uwb.edu.pl\/ns\/pawelko-aleksandra\/","name":"Pawe\u0142ko Aleksandra - Szko\u0142a Doktorska Nauk Spo\u0142ecznych UwB","isPartOf":{"@id":"https:\/\/szkolydoktorskie.uwb.edu.pl\/ns\/#website"},"primaryImageOfPage":{"@id":"https:\/\/szkolydoktorskie.uwb.edu.pl\/ns\/pawelko-aleksandra\/#primaryimage"},"image":{"@id":"https:\/\/szkolydoktorskie.uwb.edu.pl\/ns\/pawelko-aleksandra\/#primaryimage"},"thumbnailUrl":"https:\/\/szkolydoktorskie.uwb.edu.pl\/ns\/wp-content\/uploads\/sites\/2\/2023\/02\/Pawelko-A.-769x1024.jpg","datePublished":"2021-10-18T07:35:02+00:00","dateModified":"2024-03-22T12:53:42+00:00","breadcrumb":{"@id":"https:\/\/szkolydoktorskie.uwb.edu.pl\/ns\/pawelko-aleksandra\/#breadcrumb"},"inLanguage":"pl-PL","potentialAction":[{"@type":"ReadAction","target":["https:\/\/szkolydoktorskie.uwb.edu.pl\/ns\/pawelko-aleksandra\/"]}]},{"@type":"ImageObject","inLanguage":"pl-PL","@id":"https:\/\/szkolydoktorskie.uwb.edu.pl\/ns\/pawelko-aleksandra\/#primaryimage","url":"https:\/\/szkolydoktorskie.uwb.edu.pl\/ns\/wp-content\/uploads\/sites\/2\/2023\/02\/Pawelko-A..jpg","contentUrl":"https:\/\/szkolydoktorskie.uwb.edu.pl\/ns\/wp-content\/uploads\/sites\/2\/2023\/02\/Pawelko-A..jpg","width":1080,"height":1438},{"@type":"BreadcrumbList","@id":"https:\/\/szkolydoktorskie.uwb.edu.pl\/ns\/pawelko-aleksandra\/#breadcrumb","itemListElement":[{"@type":"ListItem","position":1,"name":"Strona g\u0142\u00f3wna","item":"https:\/\/szkolydoktorskie.uwb.edu.pl\/ns\/"},{"@type":"ListItem","position":2,"name":"Pawe\u0142ko Aleksandra"}]},{"@type":"WebSite","@id":"https:\/\/szkolydoktorskie.uwb.edu.pl\/ns\/#website","url":"https:\/\/szkolydoktorskie.uwb.edu.pl\/ns\/","name":"Szko\u0142a Doktorska Nauk Spo\u0142ecznych UwB","description":"Szko\u0142a Doktorska Nauk Spo\u0142ecznych UwB","publisher":{"@id":"https:\/\/szkolydoktorskie.uwb.edu.pl\/ns\/#organization"},"potentialAction":[{"@type":"SearchAction","target":{"@type":"EntryPoint","urlTemplate":"https:\/\/szkolydoktorskie.uwb.edu.pl\/ns\/?s={search_term_string}"},"query-input":{"@type":"PropertyValueSpecification","valueRequired":true,"valueName":"search_term_string"}}],"inLanguage":"pl-PL"},{"@type":"Organization","@id":"https:\/\/szkolydoktorskie.uwb.edu.pl\/ns\/#organization","name":"Szko\u0142a Doktorska Nauk Spo\u0142ecznych UwB","url":"https:\/\/szkolydoktorskie.uwb.edu.pl\/ns\/","logo":{"@type":"ImageObject","inLanguage":"pl-PL","@id":"https:\/\/szkolydoktorskie.uwb.edu.pl\/ns\/#\/schema\/logo\/image\/","url":"https:\/\/szkolydoktorskie.uwb.edu.pl\/ns\/wp-content\/uploads\/sites\/2\/2021\/04\/cropped-NS-LOGO.png","contentUrl":"https:\/\/szkolydoktorskie.uwb.edu.pl\/ns\/wp-content\/uploads\/sites\/2\/2021\/04\/cropped-NS-LOGO.png","width":705,"height":188,"caption":"Szko\u0142a Doktorska Nauk Spo\u0142ecznych UwB"},"image":{"@id":"https:\/\/szkolydoktorskie.uwb.edu.pl\/ns\/#\/schema\/logo\/image\/"}}]}},"_links":{"self":[{"href":"https:\/\/szkolydoktorskie.uwb.edu.pl\/ns\/wp-json\/wp\/v2\/pages\/608","targetHints":{"allow":["GET"]}}],"collection":[{"href":"https:\/\/szkolydoktorskie.uwb.edu.pl\/ns\/wp-json\/wp\/v2\/pages"}],"about":[{"href":"https:\/\/szkolydoktorskie.uwb.edu.pl\/ns\/wp-json\/wp\/v2\/types\/page"}],"author":[{"embeddable":true,"href":"https:\/\/szkolydoktorskie.uwb.edu.pl\/ns\/wp-json\/wp\/v2\/users\/7"}],"replies":[{"embeddable":true,"href":"https:\/\/szkolydoktorskie.uwb.edu.pl\/ns\/wp-json\/wp\/v2\/comments?post=608"}],"version-history":[{"count":8,"href":"https:\/\/szkolydoktorskie.uwb.edu.pl\/ns\/wp-json\/wp\/v2\/pages\/608\/revisions"}],"predecessor-version":[{"id":2515,"href":"https:\/\/szkolydoktorskie.uwb.edu.pl\/ns\/wp-json\/wp\/v2\/pages\/608\/revisions\/2515"}],"wp:attachment":[{"href":"https:\/\/szkolydoktorskie.uwb.edu.pl\/ns\/wp-json\/wp\/v2\/media?parent=608"}],"curies":[{"name":"wp","href":"https:\/\/api.w.org\/{rel}","templated":true}]}}