{"id":597,"date":"2021-10-18T09:24:54","date_gmt":"2021-10-18T07:24:54","guid":{"rendered":"https:\/\/szkolydoktorskie.uwb.edu.pl\/ns\/?page_id=597"},"modified":"2022-11-30T09:59:19","modified_gmt":"2022-11-30T08:59:19","slug":"sawicka-katarzyna","status":"publish","type":"page","link":"https:\/\/szkolydoktorskie.uwb.edu.pl\/ns\/sawicka-katarzyna\/","title":{"rendered":"Sawicka Katarzyna"},"content":{"rendered":"\n<figure class=\"wp-block-image size-full is-resized\"><img loading=\"lazy\" decoding=\"async\" src=\"https:\/\/szkolydoktorskie.uwb.edu.pl\/ns\/wp-content\/uploads\/sites\/2\/2021\/10\/Sawicka-K-1.jpg\" alt=\"\" class=\"wp-image-700\" width=\"181\" height=\"263\" srcset=\"https:\/\/szkolydoktorskie.uwb.edu.pl\/ns\/wp-content\/uploads\/sites\/2\/2021\/10\/Sawicka-K-1.jpg 348w, https:\/\/szkolydoktorskie.uwb.edu.pl\/ns\/wp-content\/uploads\/sites\/2\/2021\/10\/Sawicka-K-1-207x300.jpg 207w\" sizes=\"auto, (max-width: 181px) 100vw, 181px\" \/><\/figure>\n\n\n\n<p><\/p>\n\n\n\n<p class=\"has-text-align-center has-normal-font-size\"><strong><em>mgr Katarzyna Sawicka<\/em><\/strong><\/p>\n\n\n\n<p><\/p>\n\n\n\n<figure class=\"wp-block-table is-style-stripes\"><table><tbody><tr><td><\/td><td><\/td><\/tr><tr><td><strong>E-mail <\/strong><em>(w domenie UwB):<\/em><strong><\/strong><\/td><td>katarzyna.sawicka@uwb.edu.pl<\/td><\/tr><tr><td><strong>Kod ORCID<\/strong><\/td><td>https:\/\/orcid.org\/0000-0002-5957-2009<\/td><\/tr><tr><td><strong>Temat rozprawy doktorskiej<\/strong><\/td><td>Wykorzystanie \u015brodk\u00f3w unijnych a innowacyjno\u015b\u0107 przedsi\u0119biorstw wojew\u00f3dztwa podlaskiego. <strong>&nbsp;<\/strong><\/td><\/tr><tr><td><strong>Promotor<\/strong><\/td><td>dr hab. Joanna Prystrom<\/td><\/tr><tr><td><strong>Promotor pomocniczy<\/strong><\/td><td>dr Pawe\u0142 Jamr\u00f3z<\/td><\/tr><tr><td><strong>Wydzia\u0142<\/strong> <strong>Katedra\/Zak\u0142ad<\/strong><\/td><td>Wydzia\u0142 Ekonomii i Finans\u00f3w Katedra Ekonomii Politycznej \/ Zak\u0142ad Teorii Ekonomii<strong><\/strong><\/td><\/tr><tr><td><strong>Konsultacje<br><\/strong><strong><em>(<\/em><\/strong><em>je\u015bli doktorant prowadzi samodzielnie zaj\u0119cia w ramach praktyki zawodowej powinien wyznaczy\u0107 termin konsultacji w wymiarze 1 godziny tygodniowo).<br>Poda\u0107 dzie\u0144 tygodnia i godzin oraz form\u0119 (stacjonarne, zdalne \/komunikator)<\/em><\/td><td><strong>&#8211;<\/strong><\/td><\/tr><tr><td><strong>Dzia\u0142alno\u015b\u0107 naukowa doktoranta<\/strong> <em>(z ca\u0142ego okresu naukowego, a nie tylko z okresu kszta\u0142cenia w szkole doktorskiej, od najnowszych do najstarszych)<\/em><strong><\/strong><\/td><\/tr><tr><td><strong>Publikacje naukowe <\/strong>(poza danymi bibliograficznymi prosz\u0119 poda\u0107 liczb\u0119 punkt\u00f3w wg MNiSzW)<strong><\/strong><\/td><\/tr><tr><td><strong>A1. Artyku\u0142y naukowe w czasopismach<\/strong><\/td><td><em>Rozw\u00f3j rynku us\u0142ug leasingowych w Polsce w latach 2006-2014<\/em>, Czasopismo Przedsi\u0119biorstwo &amp; Finanse nr 3(14)-2016, Wydawnictwo Wy\u017cszej Szko\u0142y Finans\u00f3w i Zarz\u0105dzania w Bia\u0142ymstoku, Bia\u0142ystok 2016, ISSN 2084-1361; liczba punkt\u00f3w wg MNiSzW \u2013 8.<\/td><\/tr><tr><td><strong>A2. Monografie naukowe\/rozdzia\u0142y w monografiach<\/strong><\/td><td>&#8211;<\/td><\/tr><tr><td><strong>B. Konferencje naukowe<\/strong><\/td><\/tr><tr><td><strong>B1. Wyst\u0105pienia na konferencjach naukowych<\/strong><\/td><td>VII Og\u00f3lnopolska Studencka Konferencja Naukowa \u201eRachunkowo\u015b\u0107 Warta Poznania\u201d 2017, wyst\u0105pienie i prezentacja artyku\u0142u pt. \u201eRola raportowania spo\u0142ecznego w sprawozdawczo\u015bci przedsi\u0119biorstw\u201d. 26 \u2013 27 kwietnia 2016 roku, Wydzia\u0142 Nauk Ekonomicznych i Zarz\u0105dzania Uniwersytetu Miko\u0142aja Kopernika w Toruniu, XV Og\u00f3lnopolska Studencka Konferencja Adept\u00f3w Rachunkowo\u015bci OSKAR 2016, wyst\u0105pienie i prezentacja artyku\u0142u pt. \u201eRola rachunku koszt\u00f3w dzia\u0142a\u0144 w zarz\u0105dzaniu kosztami\u201d. &nbsp;<\/td><\/tr><tr><td><strong>C. Granty<\/strong><\/td><\/tr><tr><td><strong>C1. Udzia\u0142 <\/strong><em>( granty realizowane obecnie)<\/em><strong><\/strong><\/td><td>&#8211;<\/td><\/tr><tr><td><strong>C2. Udzia\u0142 <\/strong><em>(granty zako\u0144czone)<\/em><strong><\/strong><\/td><td>&#8211;<\/td><\/tr><tr><td><strong>D. Inna aktywno\u015b\u0107 naukowa <\/strong><em>(max. 5 aktywno\u015bci)<\/em><strong><\/strong><\/td><\/tr><tr><td><strong>D1. Inne aktywno\u015bci\/osi\u0105gni\u0119cia naukowe Doktoranta<\/strong><\/td><td>&#8211;<\/td><\/tr><\/tbody><\/table><\/figure>\n\n\n\n<p><\/p>\n\n\n\n<p><\/p>\n","protected":false},"excerpt":{"rendered":"<p>mgr Katarzyna Sawicka E-mail (w domenie UwB): katarzyna.sawicka@uwb.edu.pl Kod ORCID https:\/\/orcid.org\/0000-0002-5957-2009 Temat rozprawy doktorskiej Wykorzystanie \u015brodk\u00f3w unijnych a innowacyjno\u015b\u0107 przedsi\u0119biorstw wojew\u00f3dztwa podlaskiego. &nbsp; Promotor dr hab. Joanna Prystrom Promotor pomocniczy&hellip;<\/p>\n","protected":false},"author":7,"featured_media":0,"parent":0,"menu_order":0,"comment_status":"closed","ping_status":"closed","template":"","meta":{"footnotes":""},"class_list":["post-597","page","type-page","status-publish","hentry"],"yoast_head":"<!-- This site is optimized with the Yoast SEO plugin v27.5 - https:\/\/yoast.com\/product\/yoast-seo-wordpress\/ -->\n<title>Sawicka Katarzyna - Szko\u0142a Doktorska Nauk Spo\u0142ecznych UwB<\/title>\n<meta name=\"robots\" content=\"index, follow, max-snippet:-1, max-image-preview:large, max-video-preview:-1\" \/>\n<link rel=\"canonical\" href=\"https:\/\/szkolydoktorskie.uwb.edu.pl\/ns\/sawicka-katarzyna\/\" \/>\n<meta property=\"og:locale\" content=\"pl_PL\" \/>\n<meta property=\"og:type\" content=\"article\" \/>\n<meta property=\"og:title\" content=\"Sawicka Katarzyna - Szko\u0142a Doktorska Nauk Spo\u0142ecznych UwB\" \/>\n<meta property=\"og:description\" content=\"mgr Katarzyna Sawicka E-mail (w domenie UwB): katarzyna.sawicka@uwb.edu.pl Kod ORCID https:\/\/orcid.org\/0000-0002-5957-2009 Temat rozprawy doktorskiej Wykorzystanie \u015brodk\u00f3w unijnych a innowacyjno\u015b\u0107 przedsi\u0119biorstw wojew\u00f3dztwa podlaskiego. &nbsp; Promotor dr hab. Joanna Prystrom Promotor pomocniczy&hellip;\" \/>\n<meta property=\"og:url\" content=\"https:\/\/szkolydoktorskie.uwb.edu.pl\/ns\/sawicka-katarzyna\/\" \/>\n<meta property=\"og:site_name\" content=\"Szko\u0142a Doktorska Nauk Spo\u0142ecznych UwB\" \/>\n<meta property=\"article:modified_time\" content=\"2022-11-30T08:59:19+00:00\" \/>\n<meta property=\"og:image\" content=\"https:\/\/szkolydoktorskie.uwb.edu.pl\/ns\/wp-content\/uploads\/sites\/2\/2021\/10\/Sawicka-K-1.jpg\" \/>\n<meta name=\"twitter:card\" content=\"summary_large_image\" \/>\n<meta name=\"twitter:label1\" content=\"Szacowany czas czytania\" \/>\n\t<meta name=\"twitter:data1\" content=\"2 minuty\" \/>\n<script type=\"application\/ld+json\" class=\"yoast-schema-graph\">{\"@context\":\"https:\\\/\\\/schema.org\",\"@graph\":[{\"@type\":\"WebPage\",\"@id\":\"https:\\\/\\\/szkolydoktorskie.uwb.edu.pl\\\/ns\\\/sawicka-katarzyna\\\/\",\"url\":\"https:\\\/\\\/szkolydoktorskie.uwb.edu.pl\\\/ns\\\/sawicka-katarzyna\\\/\",\"name\":\"Sawicka Katarzyna - Szko\u0142a Doktorska Nauk Spo\u0142ecznych UwB\",\"isPartOf\":{\"@id\":\"https:\\\/\\\/szkolydoktorskie.uwb.edu.pl\\\/ns\\\/#website\"},\"primaryImageOfPage\":{\"@id\":\"https:\\\/\\\/szkolydoktorskie.uwb.edu.pl\\\/ns\\\/sawicka-katarzyna\\\/#primaryimage\"},\"image\":{\"@id\":\"https:\\\/\\\/szkolydoktorskie.uwb.edu.pl\\\/ns\\\/sawicka-katarzyna\\\/#primaryimage\"},\"thumbnailUrl\":\"https:\\\/\\\/szkolydoktorskie.uwb.edu.pl\\\/ns\\\/wp-content\\\/uploads\\\/sites\\\/2\\\/2021\\\/10\\\/Sawicka-K-1.jpg\",\"datePublished\":\"2021-10-18T07:24:54+00:00\",\"dateModified\":\"2022-11-30T08:59:19+00:00\",\"breadcrumb\":{\"@id\":\"https:\\\/\\\/szkolydoktorskie.uwb.edu.pl\\\/ns\\\/sawicka-katarzyna\\\/#breadcrumb\"},\"inLanguage\":\"pl-PL\",\"potentialAction\":[{\"@type\":\"ReadAction\",\"target\":[\"https:\\\/\\\/szkolydoktorskie.uwb.edu.pl\\\/ns\\\/sawicka-katarzyna\\\/\"]}]},{\"@type\":\"ImageObject\",\"inLanguage\":\"pl-PL\",\"@id\":\"https:\\\/\\\/szkolydoktorskie.uwb.edu.pl\\\/ns\\\/sawicka-katarzyna\\\/#primaryimage\",\"url\":\"https:\\\/\\\/szkolydoktorskie.uwb.edu.pl\\\/ns\\\/wp-content\\\/uploads\\\/sites\\\/2\\\/2021\\\/10\\\/Sawicka-K-1.jpg\",\"contentUrl\":\"https:\\\/\\\/szkolydoktorskie.uwb.edu.pl\\\/ns\\\/wp-content\\\/uploads\\\/sites\\\/2\\\/2021\\\/10\\\/Sawicka-K-1.jpg\",\"width\":348,\"height\":505},{\"@type\":\"BreadcrumbList\",\"@id\":\"https:\\\/\\\/szkolydoktorskie.uwb.edu.pl\\\/ns\\\/sawicka-katarzyna\\\/#breadcrumb\",\"itemListElement\":[{\"@type\":\"ListItem\",\"position\":1,\"name\":\"Strona g\u0142\u00f3wna\",\"item\":\"https:\\\/\\\/szkolydoktorskie.uwb.edu.pl\\\/ns\\\/\"},{\"@type\":\"ListItem\",\"position\":2,\"name\":\"Sawicka Katarzyna\"}]},{\"@type\":\"WebSite\",\"@id\":\"https:\\\/\\\/szkolydoktorskie.uwb.edu.pl\\\/ns\\\/#website\",\"url\":\"https:\\\/\\\/szkolydoktorskie.uwb.edu.pl\\\/ns\\\/\",\"name\":\"Szko\u0142a Doktorska Nauk Spo\u0142ecznych UwB\",\"description\":\"Szko\u0142a Doktorska Nauk Spo\u0142ecznych UwB\",\"publisher\":{\"@id\":\"https:\\\/\\\/szkolydoktorskie.uwb.edu.pl\\\/ns\\\/#organization\"},\"potentialAction\":[{\"@type\":\"SearchAction\",\"target\":{\"@type\":\"EntryPoint\",\"urlTemplate\":\"https:\\\/\\\/szkolydoktorskie.uwb.edu.pl\\\/ns\\\/?s={search_term_string}\"},\"query-input\":{\"@type\":\"PropertyValueSpecification\",\"valueRequired\":true,\"valueName\":\"search_term_string\"}}],\"inLanguage\":\"pl-PL\"},{\"@type\":\"Organization\",\"@id\":\"https:\\\/\\\/szkolydoktorskie.uwb.edu.pl\\\/ns\\\/#organization\",\"name\":\"Szko\u0142a Doktorska Nauk Spo\u0142ecznych UwB\",\"url\":\"https:\\\/\\\/szkolydoktorskie.uwb.edu.pl\\\/ns\\\/\",\"logo\":{\"@type\":\"ImageObject\",\"inLanguage\":\"pl-PL\",\"@id\":\"https:\\\/\\\/szkolydoktorskie.uwb.edu.pl\\\/ns\\\/#\\\/schema\\\/logo\\\/image\\\/\",\"url\":\"https:\\\/\\\/szkolydoktorskie.uwb.edu.pl\\\/ns\\\/wp-content\\\/uploads\\\/sites\\\/2\\\/2021\\\/04\\\/cropped-NS-LOGO.png\",\"contentUrl\":\"https:\\\/\\\/szkolydoktorskie.uwb.edu.pl\\\/ns\\\/wp-content\\\/uploads\\\/sites\\\/2\\\/2021\\\/04\\\/cropped-NS-LOGO.png\",\"width\":705,\"height\":188,\"caption\":\"Szko\u0142a Doktorska Nauk Spo\u0142ecznych UwB\"},\"image\":{\"@id\":\"https:\\\/\\\/szkolydoktorskie.uwb.edu.pl\\\/ns\\\/#\\\/schema\\\/logo\\\/image\\\/\"}}]}<\/script>\n<!-- \/ Yoast SEO plugin. -->","yoast_head_json":{"title":"Sawicka Katarzyna - Szko\u0142a Doktorska Nauk Spo\u0142ecznych UwB","robots":{"index":"index","follow":"follow","max-snippet":"max-snippet:-1","max-image-preview":"max-image-preview:large","max-video-preview":"max-video-preview:-1"},"canonical":"https:\/\/szkolydoktorskie.uwb.edu.pl\/ns\/sawicka-katarzyna\/","og_locale":"pl_PL","og_type":"article","og_title":"Sawicka Katarzyna - Szko\u0142a Doktorska Nauk Spo\u0142ecznych UwB","og_description":"mgr Katarzyna Sawicka E-mail (w domenie UwB): katarzyna.sawicka@uwb.edu.pl Kod ORCID https:\/\/orcid.org\/0000-0002-5957-2009 Temat rozprawy doktorskiej Wykorzystanie \u015brodk\u00f3w unijnych a innowacyjno\u015b\u0107 przedsi\u0119biorstw wojew\u00f3dztwa podlaskiego. &nbsp; Promotor dr hab. Joanna Prystrom Promotor pomocniczy&hellip;","og_url":"https:\/\/szkolydoktorskie.uwb.edu.pl\/ns\/sawicka-katarzyna\/","og_site_name":"Szko\u0142a Doktorska Nauk Spo\u0142ecznych UwB","article_modified_time":"2022-11-30T08:59:19+00:00","og_image":[{"url":"https:\/\/szkolydoktorskie.uwb.edu.pl\/ns\/wp-content\/uploads\/sites\/2\/2021\/10\/Sawicka-K-1.jpg","type":"","width":"","height":""}],"twitter_card":"summary_large_image","twitter_misc":{"Szacowany czas czytania":"2 minuty"},"schema":{"@context":"https:\/\/schema.org","@graph":[{"@type":"WebPage","@id":"https:\/\/szkolydoktorskie.uwb.edu.pl\/ns\/sawicka-katarzyna\/","url":"https:\/\/szkolydoktorskie.uwb.edu.pl\/ns\/sawicka-katarzyna\/","name":"Sawicka Katarzyna - Szko\u0142a Doktorska Nauk Spo\u0142ecznych UwB","isPartOf":{"@id":"https:\/\/szkolydoktorskie.uwb.edu.pl\/ns\/#website"},"primaryImageOfPage":{"@id":"https:\/\/szkolydoktorskie.uwb.edu.pl\/ns\/sawicka-katarzyna\/#primaryimage"},"image":{"@id":"https:\/\/szkolydoktorskie.uwb.edu.pl\/ns\/sawicka-katarzyna\/#primaryimage"},"thumbnailUrl":"https:\/\/szkolydoktorskie.uwb.edu.pl\/ns\/wp-content\/uploads\/sites\/2\/2021\/10\/Sawicka-K-1.jpg","datePublished":"2021-10-18T07:24:54+00:00","dateModified":"2022-11-30T08:59:19+00:00","breadcrumb":{"@id":"https:\/\/szkolydoktorskie.uwb.edu.pl\/ns\/sawicka-katarzyna\/#breadcrumb"},"inLanguage":"pl-PL","potentialAction":[{"@type":"ReadAction","target":["https:\/\/szkolydoktorskie.uwb.edu.pl\/ns\/sawicka-katarzyna\/"]}]},{"@type":"ImageObject","inLanguage":"pl-PL","@id":"https:\/\/szkolydoktorskie.uwb.edu.pl\/ns\/sawicka-katarzyna\/#primaryimage","url":"https:\/\/szkolydoktorskie.uwb.edu.pl\/ns\/wp-content\/uploads\/sites\/2\/2021\/10\/Sawicka-K-1.jpg","contentUrl":"https:\/\/szkolydoktorskie.uwb.edu.pl\/ns\/wp-content\/uploads\/sites\/2\/2021\/10\/Sawicka-K-1.jpg","width":348,"height":505},{"@type":"BreadcrumbList","@id":"https:\/\/szkolydoktorskie.uwb.edu.pl\/ns\/sawicka-katarzyna\/#breadcrumb","itemListElement":[{"@type":"ListItem","position":1,"name":"Strona g\u0142\u00f3wna","item":"https:\/\/szkolydoktorskie.uwb.edu.pl\/ns\/"},{"@type":"ListItem","position":2,"name":"Sawicka Katarzyna"}]},{"@type":"WebSite","@id":"https:\/\/szkolydoktorskie.uwb.edu.pl\/ns\/#website","url":"https:\/\/szkolydoktorskie.uwb.edu.pl\/ns\/","name":"Szko\u0142a Doktorska Nauk Spo\u0142ecznych UwB","description":"Szko\u0142a Doktorska Nauk Spo\u0142ecznych UwB","publisher":{"@id":"https:\/\/szkolydoktorskie.uwb.edu.pl\/ns\/#organization"},"potentialAction":[{"@type":"SearchAction","target":{"@type":"EntryPoint","urlTemplate":"https:\/\/szkolydoktorskie.uwb.edu.pl\/ns\/?s={search_term_string}"},"query-input":{"@type":"PropertyValueSpecification","valueRequired":true,"valueName":"search_term_string"}}],"inLanguage":"pl-PL"},{"@type":"Organization","@id":"https:\/\/szkolydoktorskie.uwb.edu.pl\/ns\/#organization","name":"Szko\u0142a Doktorska Nauk Spo\u0142ecznych UwB","url":"https:\/\/szkolydoktorskie.uwb.edu.pl\/ns\/","logo":{"@type":"ImageObject","inLanguage":"pl-PL","@id":"https:\/\/szkolydoktorskie.uwb.edu.pl\/ns\/#\/schema\/logo\/image\/","url":"https:\/\/szkolydoktorskie.uwb.edu.pl\/ns\/wp-content\/uploads\/sites\/2\/2021\/04\/cropped-NS-LOGO.png","contentUrl":"https:\/\/szkolydoktorskie.uwb.edu.pl\/ns\/wp-content\/uploads\/sites\/2\/2021\/04\/cropped-NS-LOGO.png","width":705,"height":188,"caption":"Szko\u0142a Doktorska Nauk Spo\u0142ecznych UwB"},"image":{"@id":"https:\/\/szkolydoktorskie.uwb.edu.pl\/ns\/#\/schema\/logo\/image\/"}}]}},"_links":{"self":[{"href":"https:\/\/szkolydoktorskie.uwb.edu.pl\/ns\/wp-json\/wp\/v2\/pages\/597","targetHints":{"allow":["GET"]}}],"collection":[{"href":"https:\/\/szkolydoktorskie.uwb.edu.pl\/ns\/wp-json\/wp\/v2\/pages"}],"about":[{"href":"https:\/\/szkolydoktorskie.uwb.edu.pl\/ns\/wp-json\/wp\/v2\/types\/page"}],"author":[{"embeddable":true,"href":"https:\/\/szkolydoktorskie.uwb.edu.pl\/ns\/wp-json\/wp\/v2\/users\/7"}],"replies":[{"embeddable":true,"href":"https:\/\/szkolydoktorskie.uwb.edu.pl\/ns\/wp-json\/wp\/v2\/comments?post=597"}],"version-history":[{"count":3,"href":"https:\/\/szkolydoktorskie.uwb.edu.pl\/ns\/wp-json\/wp\/v2\/pages\/597\/revisions"}],"predecessor-version":[{"id":701,"href":"https:\/\/szkolydoktorskie.uwb.edu.pl\/ns\/wp-json\/wp\/v2\/pages\/597\/revisions\/701"}],"wp:attachment":[{"href":"https:\/\/szkolydoktorskie.uwb.edu.pl\/ns\/wp-json\/wp\/v2\/media?parent=597"}],"curies":[{"name":"wp","href":"https:\/\/api.w.org\/{rel}","templated":true}]}}