{"id":587,"date":"2021-10-15T12:25:40","date_gmt":"2021-10-15T10:25:40","guid":{"rendered":"https:\/\/szkolydoktorskie.uwb.edu.pl\/ns\/?page_id=587"},"modified":"2024-03-22T13:17:19","modified_gmt":"2024-03-22T12:17:19","slug":"czygier-paulina","status":"publish","type":"page","link":"https:\/\/szkolydoktorskie.uwb.edu.pl\/ns\/czygier-paulina\/","title":{"rendered":"Czygier Paulina"},"content":{"rendered":"\n<figure class=\"wp-block-image size-large is-resized\"><img loading=\"lazy\" decoding=\"async\" width=\"2204\" height=\"2203\" src=\"https:\/\/szkolydoktorskie.uwb.edu.pl\/ns\/wp-content\/uploads\/sites\/2\/2021\/10\/20210929_172728-1-edited.jpg\" alt=\"\" class=\"wp-image-641\" style=\"width:219px;height:218px\" srcset=\"https:\/\/szkolydoktorskie.uwb.edu.pl\/ns\/wp-content\/uploads\/sites\/2\/2021\/10\/20210929_172728-1-edited.jpg 2204w, https:\/\/szkolydoktorskie.uwb.edu.pl\/ns\/wp-content\/uploads\/sites\/2\/2021\/10\/20210929_172728-1-edited-300x300.jpg 300w, https:\/\/szkolydoktorskie.uwb.edu.pl\/ns\/wp-content\/uploads\/sites\/2\/2021\/10\/20210929_172728-1-edited-1024x1024.jpg 1024w, https:\/\/szkolydoktorskie.uwb.edu.pl\/ns\/wp-content\/uploads\/sites\/2\/2021\/10\/20210929_172728-1-edited-150x150.jpg 150w, https:\/\/szkolydoktorskie.uwb.edu.pl\/ns\/wp-content\/uploads\/sites\/2\/2021\/10\/20210929_172728-1-edited-768x768.jpg 768w, https:\/\/szkolydoktorskie.uwb.edu.pl\/ns\/wp-content\/uploads\/sites\/2\/2021\/10\/20210929_172728-1-edited-1536x1536.jpg 1536w, https:\/\/szkolydoktorskie.uwb.edu.pl\/ns\/wp-content\/uploads\/sites\/2\/2021\/10\/20210929_172728-1-edited-2048x2048.jpg 2048w\" sizes=\"auto, (max-width: 2204px) 100vw, 2204px\" \/><\/figure>\n\n\n\n<p class=\"has-text-align-center has-medium-font-size\"><\/p>\n\n\n\n<figure class=\"wp-block-table\"><table><tbody><tr><td><strong>Imi\u0119 i nazwisko doktoranta<\/strong><\/td><td><strong>Paulina Czygier<\/strong><\/td><\/tr><tr><td><strong>E-mail <\/strong><br><em>(w domenie UwB)<\/em><\/td><td>p.boltruczyk@uwb.edu.p<strong>l<\/strong><\/td><\/tr><tr><td><strong>ORCID<\/strong><\/td><td>0000-0003-4313-2671<\/td><\/tr><tr><td><strong>Temat rozprawy doktorskiej<\/strong><\/td><td>Pedagogiczne konteksty kszta\u0142cenia dzieci polskich realizuj\u0105cych obowi\u0105zek szkolny (klasy I-III) w edukacji domowej <strong>\u00a0<\/strong><\/td><\/tr><tr><td><strong>Promotor<\/strong><\/td><td>dr hab. El\u017cbieta Jaszczyszyn, prof. UwB<\/td><\/tr><tr><td><strong>Promotor pomocniczy<\/strong><\/td><td>dr Emilia Jakubowska<\/td><\/tr><tr><td><strong>Wydzia\u0142<\/strong> <strong>Katedra\/Zak\u0142ad<\/strong><\/td><td>Wydzia\u0142 Nauk o Edukacji<br>Zak\u0142ad Pedagogiki Przedszkolnej i Wczesnoszkolnej<\/td><\/tr><tr><td><\/td><td><strong>Publikacje naukowe<\/strong><\/td><\/tr><tr><td><em>Monografie naukowe\/rozdzia\u0142y w monografiach<\/em><\/td><td>Bo\u0142truczyk P., <em>Rozwijanie kompetencji spo\u0142ecznych w\u015br\u00f3d uczni\u00f3w klas I-III realizuj\u0105cych obowi\u0105zek szkolny w edukacji domowej,<\/em> [w:] <em>Wielowymiarowo\u015b\u0107 Edukacji XXI Wieku, <\/em>Wydawnictwo Instytutu Kultury Regionalnej i Bada\u0144 Literackich im. Fr. Karpi\u0144skiego, Siedlce 2021 \u2013 20 punkt\u00f3w. <strong>\u00a0<\/strong> <br><br>Bo\u0142truczyk P., <em>Sposoby wykorzystania technologii cyfrowych przez uczni\u00f3w w ich samodzielnym procesie uczenia si\u0119\u201d, <\/em>[w:] <em>W meandrach cyfrowego \u015bwiata\u201d, <\/em>Wydawnictwo Uniwersytetu w Bia\u0142ymstoku, Bia\u0142ystok 2020 \u2013 20 punkt\u00f3w. \u00a0<br><br> Bo\u0142truczyk P., <em>Uwarunkowania efektywnego procesu uczenia si\u0119 w \u015bwietle opinii dziewi\u0119cio- i dwunastolatk\u00f3w, <\/em>[w:] Kuszak K. (red.), Ch\u0119ci\u0144ski R. (red.), <em>Od inspiracji ku przysz\u0142o\u015bci. Wybrane zagadnienia wsp\u00f3\u0142czesnej edukacji, <\/em>Wydawnictwo Uniwersytetu Adama Mickiewicza w Poznaniu, Pozna\u0144 2019 \u2013 20 punkt\u00f3w.<\/td><\/tr><tr><td><\/td><td><strong>Konferencje naukowe<\/strong><\/td><\/tr><tr><td><em>Wyst\u0105pienia na konferencjach naukowych<\/em><\/td><td>1. Prezentacja wynik\u00f3w bada\u0144 pilota\u017cowych podczas XIX Mi\u0119dzynarodowej Konferencji Naukowej, pt. \u201eWielowymiarowo\u015b\u0107 Edukacji XXI Wieku\u201d i wyg\u0142oszenie referatu nt. \u201eKszta\u0142towanie kompetencji spo\u0142ecznych u dzieci realizuj\u0105cych obowi\u0105zek szkolny w edukacji domowej\u201d, Siedlce 2021. \u00a0 <br><br>2. Czynny udzia\u0142 w Og\u00f3lnopolskiej Konferencji Naukowej pt. \u201eCyfrowy Wymiar Funkcjonowania Dziecka XXI Wieku\u201d i wyg\u0142oszenie referatu pt. \u201eOrganizacja samodzielnego procesu uczenia si\u0119 w zakresie edukacji multimedialnej\u201d, Bia\u0142ystok 2020. \u00a0 <br><br>3. Czynny udzia\u0142 w Og\u00f3lnopolskiej Konferencji Naukowej pt. \u201eScience and young researchers\u201d i prezentacja postera pt. \u201eInternet jako szansa czy zagro\u017cenie w procesie uczenia si\u0119?\u201d, \u0141\u00f3d\u017a 2020. \u00a0 <br><br>4. Czynny udzia\u0142 w Og\u00f3lnopolskiej Konferencji Naukowej pt. \u201eCz\u0142owiek wobec wyzwa\u0144 i zagro\u017ce\u0144 XXI wieku\u201d i wyg\u0142oszenie referatu pt. \u201eRodzice samotnie wychowuj\u0105cy dzieci i ich formy wsparcia w realizacji plan\u00f3w edukacyjnych dziecka\u201d, Olsztyn 2020. \u00a0 <br><br>5. Czynny udzia\u0142 w Og\u00f3lnopolskiej Konferencji Naukowej pt. \u201eWychowanie dzieci i m\u0142odzie\u017cy w \u015bwietle osi\u0105gni\u0119\u0107 nauk edukacyjnych i psychologicznych\u201d i wyg\u0142oszenie referatu pt. \u201eProces nauczania wczesnoszkolnego i szkolnego w \u015bwietle teorii konstruktywistycznej\u201d, Pozna\u0144 2019. \u00a0 <br><br>6. Czynny udzia\u0142 w Og\u00f3lnopolskiej Konferencji Naukowej, pt. \u201eFilmy, kt\u00f3re ka\u017cdy psycholog i pedagog obejrze\u0107 powinien\u201d i wyg\u0142oszenie referatu pt. \u201eNiepe\u0142nosprawny nie oznacza g\u0142upi\u201d, \u0141\u00f3d\u017a 2019<\/td><\/tr><tr><td><\/td><td><strong>Inne aktywno\u015bci\/osi\u0105gni\u0119cia naukowe Doktoranta<\/strong><\/td><\/tr><tr><td><\/td><td>1. Przynale\u017cno\u015b\u0107 do Komitetu Organizacyjnego i pe\u0142nienie funkcji sekretarza podczas organizacji Og\u00f3lnopolskiej Konferencji Naukowej \u201eCyfrowy Wymiar Funkcjonowania Dziecka XXI Wieku\u201d &#8211; Bia\u0142ystok 2020. <strong>\u00a0<\/strong> <br><br>2. Przeprowadzenie warsztat\u00f3w dla uczni\u00f3w pt. \u201eBezpieczny Internet!\u201d w ramach dzia\u0142alno\u015bci w Studenckim Kole Naukowym Socjologii Edukacji, Bia\u0142ystok 2020. <strong>\u00a0<\/strong> <br><br>3. Przeprowadzenie warsztat\u00f3w \u201eAgresja \u2013 jak sobie z ni\u0105 radzi\u0107? Naucz si\u0119 i przeka\u017c dalej!\u201d podczas XVII Podlaskiego Festiwalu Nauki i Sztuki, Bia\u0142ystok 2019. \u00a0<br>4. Przynale\u017cno\u015b\u0107 do Studenckiego Ko\u0142a Naukowego Socjologii Edukacji (Wydzia\u0142 Nauk o Edukacji UwB) i pe\u0142nienie funkcji prezesa ko\u0142a 2018-2020.<\/td><\/tr><\/tbody><\/table><\/figure>\n","protected":false},"excerpt":{"rendered":"<p>Imi\u0119 i nazwisko doktoranta Paulina Czygier E-mail (w domenie UwB) p.boltruczyk@uwb.edu.pl ORCID 0000-0003-4313-2671 Temat rozprawy doktorskiej Pedagogiczne konteksty kszta\u0142cenia dzieci polskich realizuj\u0105cych obowi\u0105zek szkolny (klasy I-III) w edukacji domowej \u00a0&hellip;<\/p>\n","protected":false},"author":7,"featured_media":0,"parent":0,"menu_order":0,"comment_status":"closed","ping_status":"closed","template":"","meta":{"footnotes":""},"class_list":["post-587","page","type-page","status-publish","hentry"],"yoast_head":"<!-- This site is optimized with the Yoast SEO plugin v27.4 - https:\/\/yoast.com\/product\/yoast-seo-wordpress\/ -->\n<title>Czygier Paulina - Szko\u0142a Doktorska Nauk Spo\u0142ecznych UwB<\/title>\n<meta name=\"robots\" content=\"index, follow, max-snippet:-1, max-image-preview:large, max-video-preview:-1\" \/>\n<link rel=\"canonical\" href=\"https:\/\/szkolydoktorskie.uwb.edu.pl\/ns\/czygier-paulina\/\" \/>\n<meta property=\"og:locale\" content=\"pl_PL\" \/>\n<meta property=\"og:type\" content=\"article\" \/>\n<meta property=\"og:title\" content=\"Czygier Paulina - Szko\u0142a Doktorska Nauk Spo\u0142ecznych UwB\" \/>\n<meta property=\"og:description\" content=\"Imi\u0119 i nazwisko doktoranta Paulina Czygier E-mail (w domenie UwB) p.boltruczyk@uwb.edu.pl ORCID 0000-0003-4313-2671 Temat rozprawy doktorskiej Pedagogiczne konteksty kszta\u0142cenia dzieci polskich realizuj\u0105cych obowi\u0105zek szkolny (klasy I-III) w edukacji domowej \u00a0&hellip;\" \/>\n<meta property=\"og:url\" content=\"https:\/\/szkolydoktorskie.uwb.edu.pl\/ns\/czygier-paulina\/\" \/>\n<meta property=\"og:site_name\" content=\"Szko\u0142a Doktorska Nauk Spo\u0142ecznych UwB\" \/>\n<meta property=\"article:modified_time\" content=\"2024-03-22T12:17:19+00:00\" \/>\n<meta property=\"og:image\" content=\"https:\/\/szkolydoktorskie.uwb.edu.pl\/ns\/wp-content\/uploads\/sites\/2\/2021\/10\/20210929_172728-1-edited.jpg\" \/>\n<meta name=\"twitter:card\" content=\"summary_large_image\" \/>\n<meta name=\"twitter:label1\" content=\"Szacowany czas czytania\" \/>\n\t<meta name=\"twitter:data1\" content=\"3 minuty\" \/>\n<script type=\"application\/ld+json\" class=\"yoast-schema-graph\">{\"@context\":\"https:\\\/\\\/schema.org\",\"@graph\":[{\"@type\":\"WebPage\",\"@id\":\"https:\\\/\\\/szkolydoktorskie.uwb.edu.pl\\\/ns\\\/czygier-paulina\\\/\",\"url\":\"https:\\\/\\\/szkolydoktorskie.uwb.edu.pl\\\/ns\\\/czygier-paulina\\\/\",\"name\":\"Czygier Paulina - Szko\u0142a Doktorska Nauk Spo\u0142ecznych UwB\",\"isPartOf\":{\"@id\":\"https:\\\/\\\/szkolydoktorskie.uwb.edu.pl\\\/ns\\\/#website\"},\"primaryImageOfPage\":{\"@id\":\"https:\\\/\\\/szkolydoktorskie.uwb.edu.pl\\\/ns\\\/czygier-paulina\\\/#primaryimage\"},\"image\":{\"@id\":\"https:\\\/\\\/szkolydoktorskie.uwb.edu.pl\\\/ns\\\/czygier-paulina\\\/#primaryimage\"},\"thumbnailUrl\":\"https:\\\/\\\/szkolydoktorskie.uwb.edu.pl\\\/ns\\\/wp-content\\\/uploads\\\/sites\\\/2\\\/2021\\\/10\\\/20210929_172728-1-edited.jpg\",\"datePublished\":\"2021-10-15T10:25:40+00:00\",\"dateModified\":\"2024-03-22T12:17:19+00:00\",\"breadcrumb\":{\"@id\":\"https:\\\/\\\/szkolydoktorskie.uwb.edu.pl\\\/ns\\\/czygier-paulina\\\/#breadcrumb\"},\"inLanguage\":\"pl-PL\",\"potentialAction\":[{\"@type\":\"ReadAction\",\"target\":[\"https:\\\/\\\/szkolydoktorskie.uwb.edu.pl\\\/ns\\\/czygier-paulina\\\/\"]}]},{\"@type\":\"ImageObject\",\"inLanguage\":\"pl-PL\",\"@id\":\"https:\\\/\\\/szkolydoktorskie.uwb.edu.pl\\\/ns\\\/czygier-paulina\\\/#primaryimage\",\"url\":\"https:\\\/\\\/szkolydoktorskie.uwb.edu.pl\\\/ns\\\/wp-content\\\/uploads\\\/sites\\\/2\\\/2021\\\/10\\\/20210929_172728-1-edited.jpg\",\"contentUrl\":\"https:\\\/\\\/szkolydoktorskie.uwb.edu.pl\\\/ns\\\/wp-content\\\/uploads\\\/sites\\\/2\\\/2021\\\/10\\\/20210929_172728-1-edited.jpg\",\"width\":2204,\"height\":2203},{\"@type\":\"BreadcrumbList\",\"@id\":\"https:\\\/\\\/szkolydoktorskie.uwb.edu.pl\\\/ns\\\/czygier-paulina\\\/#breadcrumb\",\"itemListElement\":[{\"@type\":\"ListItem\",\"position\":1,\"name\":\"Strona g\u0142\u00f3wna\",\"item\":\"https:\\\/\\\/szkolydoktorskie.uwb.edu.pl\\\/ns\\\/\"},{\"@type\":\"ListItem\",\"position\":2,\"name\":\"Czygier Paulina\"}]},{\"@type\":\"WebSite\",\"@id\":\"https:\\\/\\\/szkolydoktorskie.uwb.edu.pl\\\/ns\\\/#website\",\"url\":\"https:\\\/\\\/szkolydoktorskie.uwb.edu.pl\\\/ns\\\/\",\"name\":\"Szko\u0142a Doktorska Nauk Spo\u0142ecznych UwB\",\"description\":\"Szko\u0142a Doktorska Nauk Spo\u0142ecznych UwB\",\"publisher\":{\"@id\":\"https:\\\/\\\/szkolydoktorskie.uwb.edu.pl\\\/ns\\\/#organization\"},\"potentialAction\":[{\"@type\":\"SearchAction\",\"target\":{\"@type\":\"EntryPoint\",\"urlTemplate\":\"https:\\\/\\\/szkolydoktorskie.uwb.edu.pl\\\/ns\\\/?s={search_term_string}\"},\"query-input\":{\"@type\":\"PropertyValueSpecification\",\"valueRequired\":true,\"valueName\":\"search_term_string\"}}],\"inLanguage\":\"pl-PL\"},{\"@type\":\"Organization\",\"@id\":\"https:\\\/\\\/szkolydoktorskie.uwb.edu.pl\\\/ns\\\/#organization\",\"name\":\"Szko\u0142a Doktorska Nauk Spo\u0142ecznych UwB\",\"url\":\"https:\\\/\\\/szkolydoktorskie.uwb.edu.pl\\\/ns\\\/\",\"logo\":{\"@type\":\"ImageObject\",\"inLanguage\":\"pl-PL\",\"@id\":\"https:\\\/\\\/szkolydoktorskie.uwb.edu.pl\\\/ns\\\/#\\\/schema\\\/logo\\\/image\\\/\",\"url\":\"https:\\\/\\\/szkolydoktorskie.uwb.edu.pl\\\/ns\\\/wp-content\\\/uploads\\\/sites\\\/2\\\/2021\\\/04\\\/cropped-NS-LOGO.png\",\"contentUrl\":\"https:\\\/\\\/szkolydoktorskie.uwb.edu.pl\\\/ns\\\/wp-content\\\/uploads\\\/sites\\\/2\\\/2021\\\/04\\\/cropped-NS-LOGO.png\",\"width\":705,\"height\":188,\"caption\":\"Szko\u0142a Doktorska Nauk Spo\u0142ecznych UwB\"},\"image\":{\"@id\":\"https:\\\/\\\/szkolydoktorskie.uwb.edu.pl\\\/ns\\\/#\\\/schema\\\/logo\\\/image\\\/\"}}]}<\/script>\n<!-- \/ Yoast SEO plugin. -->","yoast_head_json":{"title":"Czygier Paulina - Szko\u0142a Doktorska Nauk Spo\u0142ecznych UwB","robots":{"index":"index","follow":"follow","max-snippet":"max-snippet:-1","max-image-preview":"max-image-preview:large","max-video-preview":"max-video-preview:-1"},"canonical":"https:\/\/szkolydoktorskie.uwb.edu.pl\/ns\/czygier-paulina\/","og_locale":"pl_PL","og_type":"article","og_title":"Czygier Paulina - Szko\u0142a Doktorska Nauk Spo\u0142ecznych UwB","og_description":"Imi\u0119 i nazwisko doktoranta Paulina Czygier E-mail (w domenie UwB) p.boltruczyk@uwb.edu.pl ORCID 0000-0003-4313-2671 Temat rozprawy doktorskiej Pedagogiczne konteksty kszta\u0142cenia dzieci polskich realizuj\u0105cych obowi\u0105zek szkolny (klasy I-III) w edukacji domowej \u00a0&hellip;","og_url":"https:\/\/szkolydoktorskie.uwb.edu.pl\/ns\/czygier-paulina\/","og_site_name":"Szko\u0142a Doktorska Nauk Spo\u0142ecznych UwB","article_modified_time":"2024-03-22T12:17:19+00:00","og_image":[{"url":"https:\/\/szkolydoktorskie.uwb.edu.pl\/ns\/wp-content\/uploads\/sites\/2\/2021\/10\/20210929_172728-1-edited.jpg","type":"","width":"","height":""}],"twitter_card":"summary_large_image","twitter_misc":{"Szacowany czas czytania":"3 minuty"},"schema":{"@context":"https:\/\/schema.org","@graph":[{"@type":"WebPage","@id":"https:\/\/szkolydoktorskie.uwb.edu.pl\/ns\/czygier-paulina\/","url":"https:\/\/szkolydoktorskie.uwb.edu.pl\/ns\/czygier-paulina\/","name":"Czygier Paulina - Szko\u0142a Doktorska Nauk Spo\u0142ecznych UwB","isPartOf":{"@id":"https:\/\/szkolydoktorskie.uwb.edu.pl\/ns\/#website"},"primaryImageOfPage":{"@id":"https:\/\/szkolydoktorskie.uwb.edu.pl\/ns\/czygier-paulina\/#primaryimage"},"image":{"@id":"https:\/\/szkolydoktorskie.uwb.edu.pl\/ns\/czygier-paulina\/#primaryimage"},"thumbnailUrl":"https:\/\/szkolydoktorskie.uwb.edu.pl\/ns\/wp-content\/uploads\/sites\/2\/2021\/10\/20210929_172728-1-edited.jpg","datePublished":"2021-10-15T10:25:40+00:00","dateModified":"2024-03-22T12:17:19+00:00","breadcrumb":{"@id":"https:\/\/szkolydoktorskie.uwb.edu.pl\/ns\/czygier-paulina\/#breadcrumb"},"inLanguage":"pl-PL","potentialAction":[{"@type":"ReadAction","target":["https:\/\/szkolydoktorskie.uwb.edu.pl\/ns\/czygier-paulina\/"]}]},{"@type":"ImageObject","inLanguage":"pl-PL","@id":"https:\/\/szkolydoktorskie.uwb.edu.pl\/ns\/czygier-paulina\/#primaryimage","url":"https:\/\/szkolydoktorskie.uwb.edu.pl\/ns\/wp-content\/uploads\/sites\/2\/2021\/10\/20210929_172728-1-edited.jpg","contentUrl":"https:\/\/szkolydoktorskie.uwb.edu.pl\/ns\/wp-content\/uploads\/sites\/2\/2021\/10\/20210929_172728-1-edited.jpg","width":2204,"height":2203},{"@type":"BreadcrumbList","@id":"https:\/\/szkolydoktorskie.uwb.edu.pl\/ns\/czygier-paulina\/#breadcrumb","itemListElement":[{"@type":"ListItem","position":1,"name":"Strona g\u0142\u00f3wna","item":"https:\/\/szkolydoktorskie.uwb.edu.pl\/ns\/"},{"@type":"ListItem","position":2,"name":"Czygier Paulina"}]},{"@type":"WebSite","@id":"https:\/\/szkolydoktorskie.uwb.edu.pl\/ns\/#website","url":"https:\/\/szkolydoktorskie.uwb.edu.pl\/ns\/","name":"Szko\u0142a Doktorska Nauk Spo\u0142ecznych UwB","description":"Szko\u0142a Doktorska Nauk Spo\u0142ecznych UwB","publisher":{"@id":"https:\/\/szkolydoktorskie.uwb.edu.pl\/ns\/#organization"},"potentialAction":[{"@type":"SearchAction","target":{"@type":"EntryPoint","urlTemplate":"https:\/\/szkolydoktorskie.uwb.edu.pl\/ns\/?s={search_term_string}"},"query-input":{"@type":"PropertyValueSpecification","valueRequired":true,"valueName":"search_term_string"}}],"inLanguage":"pl-PL"},{"@type":"Organization","@id":"https:\/\/szkolydoktorskie.uwb.edu.pl\/ns\/#organization","name":"Szko\u0142a Doktorska Nauk Spo\u0142ecznych UwB","url":"https:\/\/szkolydoktorskie.uwb.edu.pl\/ns\/","logo":{"@type":"ImageObject","inLanguage":"pl-PL","@id":"https:\/\/szkolydoktorskie.uwb.edu.pl\/ns\/#\/schema\/logo\/image\/","url":"https:\/\/szkolydoktorskie.uwb.edu.pl\/ns\/wp-content\/uploads\/sites\/2\/2021\/04\/cropped-NS-LOGO.png","contentUrl":"https:\/\/szkolydoktorskie.uwb.edu.pl\/ns\/wp-content\/uploads\/sites\/2\/2021\/04\/cropped-NS-LOGO.png","width":705,"height":188,"caption":"Szko\u0142a Doktorska Nauk Spo\u0142ecznych UwB"},"image":{"@id":"https:\/\/szkolydoktorskie.uwb.edu.pl\/ns\/#\/schema\/logo\/image\/"}}]}},"_links":{"self":[{"href":"https:\/\/szkolydoktorskie.uwb.edu.pl\/ns\/wp-json\/wp\/v2\/pages\/587","targetHints":{"allow":["GET"]}}],"collection":[{"href":"https:\/\/szkolydoktorskie.uwb.edu.pl\/ns\/wp-json\/wp\/v2\/pages"}],"about":[{"href":"https:\/\/szkolydoktorskie.uwb.edu.pl\/ns\/wp-json\/wp\/v2\/types\/page"}],"author":[{"embeddable":true,"href":"https:\/\/szkolydoktorskie.uwb.edu.pl\/ns\/wp-json\/wp\/v2\/users\/7"}],"replies":[{"embeddable":true,"href":"https:\/\/szkolydoktorskie.uwb.edu.pl\/ns\/wp-json\/wp\/v2\/comments?post=587"}],"version-history":[{"count":10,"href":"https:\/\/szkolydoktorskie.uwb.edu.pl\/ns\/wp-json\/wp\/v2\/pages\/587\/revisions"}],"predecessor-version":[{"id":2470,"href":"https:\/\/szkolydoktorskie.uwb.edu.pl\/ns\/wp-json\/wp\/v2\/pages\/587\/revisions\/2470"}],"wp:attachment":[{"href":"https:\/\/szkolydoktorskie.uwb.edu.pl\/ns\/wp-json\/wp\/v2\/media?parent=587"}],"curies":[{"name":"wp","href":"https:\/\/api.w.org\/{rel}","templated":true}]}}