{"id":5,"date":"2021-04-16T00:52:24","date_gmt":"2021-04-15T22:52:24","guid":{"rendered":"https:\/\/szkolydoktorskie.uwb.edu.pl\/ns\/?page_id=5"},"modified":"2021-06-09T14:03:37","modified_gmt":"2021-06-09T12:03:37","slug":"o-szkole","status":"publish","type":"page","link":"https:\/\/szkolydoktorskie.uwb.edu.pl\/ns\/o-szkole\/","title":{"rendered":"O szkole"},"content":{"rendered":"\n<p class=\"has-cyan-bluish-gray-background-color has-background has-medium-font-size\"><strong>Szko\u0142a Doktorska Nauk Spo\u0142ecznych UwB<\/strong><\/p>\n\n\n\n<p>Od roku akademickiego 2019\/2020 dotychczasowe studia doktoranckie zosta\u0142y zast\u0105pione kszta\u0142ceniem doktorant\u00f3w w nowych instytucjach &#8211;&nbsp;<strong>szko\u0142ach doktorskich.<\/strong>&nbsp;W wyniku reformy szkolnictwa wy\u017cszego wprowadzanej przepisami&nbsp;<em>Ustawy z dnia 20 lipca 2018 r. Prawo o szkolnictwie wy\u017cszym i nauce, czyli tzw. Ustawy 2.0<\/em>&nbsp;osoby zainteresowanie prowadzeniem bada\u0144 naukowych oraz uzyskaniem kwalifikacji III stopnia, czyli doktora, mog\u0105 aplikowa\u0107 do szk\u00f3\u0142 doktorskich.<\/p>\n\n\n\n<p>W Uniwersytecie w Bia\u0142ymstoku powo\u0142ano trzy&nbsp;szko\u0142y doktorskie w Uniwersytecie<br>w Bia\u0142ymstoku zgodnie z&nbsp;<em>Zarz\u0105dzeniem nr 8 Rektora UwB z dnia 27.03.2019 r. w sprawie utworzenia szk\u00f3\u0142 doktorskich:<\/em><\/p>\n\n\n\n<ul class=\"wp-block-list\"><li>Szko\u0142\u0119 Doktorsk\u0105 Nauk Humanistycznych;<\/li><li><strong>Szko\u0142\u0119 Doktorsk\u0105 Nauk Spo\u0142ecznych;<\/strong><\/li><li>Szko\u0142\u0119 Doktorsk\u0105 Nauk \u015acis\u0142ych i Przyrodniczych.<\/li><\/ul>\n\n\n\n<p><strong>Szko\u0142a Doktorska Nauk Spo\u0142ecznych<\/strong>&nbsp;<strong>UwB<\/strong>&nbsp;kszta\u0142ci doktorant\u00f3w w zakresie dyscyplin:<\/p>\n\n\n\n<ul class=\"wp-block-list\"><li><a href=\"https:\/\/irk.uwb.edu.pl\/katalog.php?op=info&amp;id=SDNS_EiF&amp;kategoria=studia_5\">Ekonomia i finanse&nbsp;<\/a><\/li><li><a href=\"https:\/\/irk.uwb.edu.pl\/katalog.php?op=info&amp;id=SDNS_NP&amp;kategoria=studia_5\">Nauki prawne&nbsp;<\/a><\/li><li><a href=\"https:\/\/irk.uwb.edu.pl\/katalog.php?op=info&amp;id=SDNS_NS&amp;kategoria=studia_5\">Nauki socjologiczne&nbsp;<\/a><\/li><li><a href=\"https:\/\/irk.uwb.edu.pl\/katalog.php?op=info&amp;id=SDNS_P&amp;kategoria=studia_5\">Pedagogika<\/a><\/li><\/ul>\n\n\n\n<p><strong>Organizacj\u0119 kszta\u0142cenia<\/strong>\u00a0w Szkole Doktorskiej Nauk Spo\u0142ecznych dzia\u0142aj\u0105cej na Uniwersytecie w Bia\u0142ymstoku okre\u015bla<strong>\u00a0<a rel=\"noreferrer noopener\" href=\"https:\/\/www.uwb.edu.pl\/uploads\/tiny\/PROMOCJA%202020\/zal-4-regulamin-sdns.pdf\" target=\"_blank\">Regulamin\u00a0<em>(Uchwa\u0142a Nr 2358 Senatu Uniwersytetu w Bia\u0142ymstoku z dnia 27 marca 2019 r. w sprawie Regulaminu Szko\u0142y Doktorskiej Nauk Spo\u0142ecznych Uniwersytetu w Bia\u0142ymstoku).<\/em><\/a><\/strong><\/p>\n\n\n\n<p><\/p>\n\n\n\n<h2 class=\"has-cyan-bluish-gray-background-color has-background has-medium-font-size wp-block-heading\"><strong>Wydzia\u0142y konstytuuj\u0105ce Szko\u0142\u0119 <\/strong>Doktorsk\u0105 <\/h2>\n\n\n\n<hr class=\"wp-block-separator\" \/>\n\n\n\n<p><em>Wydzia\u0142 Ekonomii i Finans\u00f3w UwB<\/em><br><a href=\"https:\/\/www.weif.uwb.edu.pl\/\">weif.uwb.edu.pl&nbsp;<\/a><\/p>\n\n\n\n<p><em>Wydzia\u0142 Prawa UwB<\/em><br><a href=\"http:\/\/prawo.uwb.edu.pl\/\">prawo.uwb.edu.pl<\/a><\/p>\n\n\n\n<p><em>Wydzia\u0142 Nauk o Edukacji UwB<\/em><br><a href=\"http:\/\/noe.uwb.edu.pl\/\">noe.uwb.edu.pl\/<\/a><\/p>\n\n\n\n<p><em>Instytut Socjologii UwB<\/em><br><a href=\"http:\/\/soc.uwb.edu.pl\/pl\/\">soc.uwb.edu.pl<\/a><\/p>\n","protected":false},"excerpt":{"rendered":"<p>Szko\u0142a Doktorska Nauk Spo\u0142ecznych UwB kszta\u0142ci doktorant\u00f3w w zakresie dyscyplin: Ekonomia i finanse, Nauki prawne, Nauki socjologiczne, Pedagogika<\/p>\n","protected":false},"author":1,"featured_media":191,"parent":0,"menu_order":0,"comment_status":"closed","ping_status":"closed","template":"","meta":{"footnotes":""},"class_list":["post-5","page","type-page","status-publish","has-post-thumbnail","hentry"],"yoast_head":"<!-- This site is optimized with the Yoast SEO plugin v27.3 - https:\/\/yoast.com\/product\/yoast-seo-wordpress\/ -->\n<title>O szkole - Szko\u0142a Doktorska Nauk Spo\u0142ecznych UwB<\/title>\n<meta name=\"robots\" content=\"index, follow, max-snippet:-1, max-image-preview:large, max-video-preview:-1\" \/>\n<link rel=\"canonical\" href=\"https:\/\/szkolydoktorskie.uwb.edu.pl\/ns\/o-szkole\/\" \/>\n<meta property=\"og:locale\" content=\"pl_PL\" \/>\n<meta property=\"og:type\" content=\"article\" \/>\n<meta property=\"og:title\" content=\"O szkole - Szko\u0142a Doktorska Nauk Spo\u0142ecznych UwB\" \/>\n<meta property=\"og:description\" content=\"Szko\u0142a Doktorska Nauk Spo\u0142ecznych UwB kszta\u0142ci doktorant\u00f3w w zakresie dyscyplin: Ekonomia i finanse, Nauki prawne, Nauki socjologiczne, Pedagogika\" \/>\n<meta property=\"og:url\" content=\"https:\/\/szkolydoktorskie.uwb.edu.pl\/ns\/o-szkole\/\" \/>\n<meta property=\"og:site_name\" content=\"Szko\u0142a Doktorska Nauk Spo\u0142ecznych UwB\" \/>\n<meta property=\"article:modified_time\" content=\"2021-06-09T12:03:37+00:00\" \/>\n<meta property=\"og:image\" content=\"https:\/\/szkolydoktorskie.uwb.edu.pl\/ns\/wp-content\/uploads\/sites\/2\/2021\/05\/1-1.png\" \/>\n\t<meta property=\"og:image:width\" content=\"1200\" \/>\n\t<meta property=\"og:image:height\" content=\"600\" \/>\n\t<meta property=\"og:image:type\" content=\"image\/png\" \/>\n<meta name=\"twitter:card\" content=\"summary_large_image\" \/>\n<meta name=\"twitter:label1\" content=\"Szacowany czas czytania\" \/>\n\t<meta name=\"twitter:data1\" content=\"1 minuta\" \/>\n<script type=\"application\/ld+json\" class=\"yoast-schema-graph\">{\"@context\":\"https:\\\/\\\/schema.org\",\"@graph\":[{\"@type\":\"WebPage\",\"@id\":\"https:\\\/\\\/szkolydoktorskie.uwb.edu.pl\\\/ns\\\/o-szkole\\\/\",\"url\":\"https:\\\/\\\/szkolydoktorskie.uwb.edu.pl\\\/ns\\\/o-szkole\\\/\",\"name\":\"O szkole - Szko\u0142a Doktorska Nauk Spo\u0142ecznych UwB\",\"isPartOf\":{\"@id\":\"https:\\\/\\\/szkolydoktorskie.uwb.edu.pl\\\/ns\\\/#website\"},\"primaryImageOfPage\":{\"@id\":\"https:\\\/\\\/szkolydoktorskie.uwb.edu.pl\\\/ns\\\/o-szkole\\\/#primaryimage\"},\"image\":{\"@id\":\"https:\\\/\\\/szkolydoktorskie.uwb.edu.pl\\\/ns\\\/o-szkole\\\/#primaryimage\"},\"thumbnailUrl\":\"https:\\\/\\\/szkolydoktorskie.uwb.edu.pl\\\/ns\\\/wp-content\\\/uploads\\\/sites\\\/2\\\/2021\\\/05\\\/1-1.png\",\"datePublished\":\"2021-04-15T22:52:24+00:00\",\"dateModified\":\"2021-06-09T12:03:37+00:00\",\"breadcrumb\":{\"@id\":\"https:\\\/\\\/szkolydoktorskie.uwb.edu.pl\\\/ns\\\/o-szkole\\\/#breadcrumb\"},\"inLanguage\":\"pl-PL\",\"potentialAction\":[{\"@type\":\"ReadAction\",\"target\":[\"https:\\\/\\\/szkolydoktorskie.uwb.edu.pl\\\/ns\\\/o-szkole\\\/\"]}]},{\"@type\":\"ImageObject\",\"inLanguage\":\"pl-PL\",\"@id\":\"https:\\\/\\\/szkolydoktorskie.uwb.edu.pl\\\/ns\\\/o-szkole\\\/#primaryimage\",\"url\":\"https:\\\/\\\/szkolydoktorskie.uwb.edu.pl\\\/ns\\\/wp-content\\\/uploads\\\/sites\\\/2\\\/2021\\\/05\\\/1-1.png\",\"contentUrl\":\"https:\\\/\\\/szkolydoktorskie.uwb.edu.pl\\\/ns\\\/wp-content\\\/uploads\\\/sites\\\/2\\\/2021\\\/05\\\/1-1.png\",\"width\":1200,\"height\":600},{\"@type\":\"BreadcrumbList\",\"@id\":\"https:\\\/\\\/szkolydoktorskie.uwb.edu.pl\\\/ns\\\/o-szkole\\\/#breadcrumb\",\"itemListElement\":[{\"@type\":\"ListItem\",\"position\":1,\"name\":\"Strona g\u0142\u00f3wna\",\"item\":\"https:\\\/\\\/szkolydoktorskie.uwb.edu.pl\\\/ns\\\/\"},{\"@type\":\"ListItem\",\"position\":2,\"name\":\"O szkole\"}]},{\"@type\":\"WebSite\",\"@id\":\"https:\\\/\\\/szkolydoktorskie.uwb.edu.pl\\\/ns\\\/#website\",\"url\":\"https:\\\/\\\/szkolydoktorskie.uwb.edu.pl\\\/ns\\\/\",\"name\":\"Szko\u0142a Doktorska Nauk Spo\u0142ecznych UwB\",\"description\":\"Szko\u0142a Doktorska Nauk Spo\u0142ecznych UwB\",\"publisher\":{\"@id\":\"https:\\\/\\\/szkolydoktorskie.uwb.edu.pl\\\/ns\\\/#organization\"},\"potentialAction\":[{\"@type\":\"SearchAction\",\"target\":{\"@type\":\"EntryPoint\",\"urlTemplate\":\"https:\\\/\\\/szkolydoktorskie.uwb.edu.pl\\\/ns\\\/?s={search_term_string}\"},\"query-input\":{\"@type\":\"PropertyValueSpecification\",\"valueRequired\":true,\"valueName\":\"search_term_string\"}}],\"inLanguage\":\"pl-PL\"},{\"@type\":\"Organization\",\"@id\":\"https:\\\/\\\/szkolydoktorskie.uwb.edu.pl\\\/ns\\\/#organization\",\"name\":\"Szko\u0142a Doktorska Nauk Spo\u0142ecznych UwB\",\"url\":\"https:\\\/\\\/szkolydoktorskie.uwb.edu.pl\\\/ns\\\/\",\"logo\":{\"@type\":\"ImageObject\",\"inLanguage\":\"pl-PL\",\"@id\":\"https:\\\/\\\/szkolydoktorskie.uwb.edu.pl\\\/ns\\\/#\\\/schema\\\/logo\\\/image\\\/\",\"url\":\"https:\\\/\\\/szkolydoktorskie.uwb.edu.pl\\\/ns\\\/wp-content\\\/uploads\\\/sites\\\/2\\\/2021\\\/04\\\/cropped-NS-LOGO.png\",\"contentUrl\":\"https:\\\/\\\/szkolydoktorskie.uwb.edu.pl\\\/ns\\\/wp-content\\\/uploads\\\/sites\\\/2\\\/2021\\\/04\\\/cropped-NS-LOGO.png\",\"width\":705,\"height\":188,\"caption\":\"Szko\u0142a Doktorska Nauk Spo\u0142ecznych UwB\"},\"image\":{\"@id\":\"https:\\\/\\\/szkolydoktorskie.uwb.edu.pl\\\/ns\\\/#\\\/schema\\\/logo\\\/image\\\/\"}}]}<\/script>\n<!-- \/ Yoast SEO plugin. -->","yoast_head_json":{"title":"O szkole - Szko\u0142a Doktorska Nauk Spo\u0142ecznych UwB","robots":{"index":"index","follow":"follow","max-snippet":"max-snippet:-1","max-image-preview":"max-image-preview:large","max-video-preview":"max-video-preview:-1"},"canonical":"https:\/\/szkolydoktorskie.uwb.edu.pl\/ns\/o-szkole\/","og_locale":"pl_PL","og_type":"article","og_title":"O szkole - Szko\u0142a Doktorska Nauk Spo\u0142ecznych UwB","og_description":"Szko\u0142a Doktorska Nauk Spo\u0142ecznych UwB kszta\u0142ci doktorant\u00f3w w zakresie dyscyplin: Ekonomia i finanse, Nauki prawne, Nauki socjologiczne, Pedagogika","og_url":"https:\/\/szkolydoktorskie.uwb.edu.pl\/ns\/o-szkole\/","og_site_name":"Szko\u0142a Doktorska Nauk Spo\u0142ecznych UwB","article_modified_time":"2021-06-09T12:03:37+00:00","og_image":[{"width":1200,"height":600,"url":"https:\/\/szkolydoktorskie.uwb.edu.pl\/ns\/wp-content\/uploads\/sites\/2\/2021\/05\/1-1.png","type":"image\/png"}],"twitter_card":"summary_large_image","twitter_misc":{"Szacowany czas czytania":"1 minuta"},"schema":{"@context":"https:\/\/schema.org","@graph":[{"@type":"WebPage","@id":"https:\/\/szkolydoktorskie.uwb.edu.pl\/ns\/o-szkole\/","url":"https:\/\/szkolydoktorskie.uwb.edu.pl\/ns\/o-szkole\/","name":"O szkole - Szko\u0142a Doktorska Nauk Spo\u0142ecznych UwB","isPartOf":{"@id":"https:\/\/szkolydoktorskie.uwb.edu.pl\/ns\/#website"},"primaryImageOfPage":{"@id":"https:\/\/szkolydoktorskie.uwb.edu.pl\/ns\/o-szkole\/#primaryimage"},"image":{"@id":"https:\/\/szkolydoktorskie.uwb.edu.pl\/ns\/o-szkole\/#primaryimage"},"thumbnailUrl":"https:\/\/szkolydoktorskie.uwb.edu.pl\/ns\/wp-content\/uploads\/sites\/2\/2021\/05\/1-1.png","datePublished":"2021-04-15T22:52:24+00:00","dateModified":"2021-06-09T12:03:37+00:00","breadcrumb":{"@id":"https:\/\/szkolydoktorskie.uwb.edu.pl\/ns\/o-szkole\/#breadcrumb"},"inLanguage":"pl-PL","potentialAction":[{"@type":"ReadAction","target":["https:\/\/szkolydoktorskie.uwb.edu.pl\/ns\/o-szkole\/"]}]},{"@type":"ImageObject","inLanguage":"pl-PL","@id":"https:\/\/szkolydoktorskie.uwb.edu.pl\/ns\/o-szkole\/#primaryimage","url":"https:\/\/szkolydoktorskie.uwb.edu.pl\/ns\/wp-content\/uploads\/sites\/2\/2021\/05\/1-1.png","contentUrl":"https:\/\/szkolydoktorskie.uwb.edu.pl\/ns\/wp-content\/uploads\/sites\/2\/2021\/05\/1-1.png","width":1200,"height":600},{"@type":"BreadcrumbList","@id":"https:\/\/szkolydoktorskie.uwb.edu.pl\/ns\/o-szkole\/#breadcrumb","itemListElement":[{"@type":"ListItem","position":1,"name":"Strona g\u0142\u00f3wna","item":"https:\/\/szkolydoktorskie.uwb.edu.pl\/ns\/"},{"@type":"ListItem","position":2,"name":"O szkole"}]},{"@type":"WebSite","@id":"https:\/\/szkolydoktorskie.uwb.edu.pl\/ns\/#website","url":"https:\/\/szkolydoktorskie.uwb.edu.pl\/ns\/","name":"Szko\u0142a Doktorska Nauk Spo\u0142ecznych UwB","description":"Szko\u0142a Doktorska Nauk Spo\u0142ecznych UwB","publisher":{"@id":"https:\/\/szkolydoktorskie.uwb.edu.pl\/ns\/#organization"},"potentialAction":[{"@type":"SearchAction","target":{"@type":"EntryPoint","urlTemplate":"https:\/\/szkolydoktorskie.uwb.edu.pl\/ns\/?s={search_term_string}"},"query-input":{"@type":"PropertyValueSpecification","valueRequired":true,"valueName":"search_term_string"}}],"inLanguage":"pl-PL"},{"@type":"Organization","@id":"https:\/\/szkolydoktorskie.uwb.edu.pl\/ns\/#organization","name":"Szko\u0142a Doktorska Nauk Spo\u0142ecznych UwB","url":"https:\/\/szkolydoktorskie.uwb.edu.pl\/ns\/","logo":{"@type":"ImageObject","inLanguage":"pl-PL","@id":"https:\/\/szkolydoktorskie.uwb.edu.pl\/ns\/#\/schema\/logo\/image\/","url":"https:\/\/szkolydoktorskie.uwb.edu.pl\/ns\/wp-content\/uploads\/sites\/2\/2021\/04\/cropped-NS-LOGO.png","contentUrl":"https:\/\/szkolydoktorskie.uwb.edu.pl\/ns\/wp-content\/uploads\/sites\/2\/2021\/04\/cropped-NS-LOGO.png","width":705,"height":188,"caption":"Szko\u0142a Doktorska Nauk Spo\u0142ecznych UwB"},"image":{"@id":"https:\/\/szkolydoktorskie.uwb.edu.pl\/ns\/#\/schema\/logo\/image\/"}}]}},"_links":{"self":[{"href":"https:\/\/szkolydoktorskie.uwb.edu.pl\/ns\/wp-json\/wp\/v2\/pages\/5","targetHints":{"allow":["GET"]}}],"collection":[{"href":"https:\/\/szkolydoktorskie.uwb.edu.pl\/ns\/wp-json\/wp\/v2\/pages"}],"about":[{"href":"https:\/\/szkolydoktorskie.uwb.edu.pl\/ns\/wp-json\/wp\/v2\/types\/page"}],"author":[{"embeddable":true,"href":"https:\/\/szkolydoktorskie.uwb.edu.pl\/ns\/wp-json\/wp\/v2\/users\/1"}],"replies":[{"embeddable":true,"href":"https:\/\/szkolydoktorskie.uwb.edu.pl\/ns\/wp-json\/wp\/v2\/comments?post=5"}],"version-history":[{"count":8,"href":"https:\/\/szkolydoktorskie.uwb.edu.pl\/ns\/wp-json\/wp\/v2\/pages\/5\/revisions"}],"predecessor-version":[{"id":349,"href":"https:\/\/szkolydoktorskie.uwb.edu.pl\/ns\/wp-json\/wp\/v2\/pages\/5\/revisions\/349"}],"wp:featuredmedia":[{"embeddable":true,"href":"https:\/\/szkolydoktorskie.uwb.edu.pl\/ns\/wp-json\/wp\/v2\/media\/191"}],"wp:attachment":[{"href":"https:\/\/szkolydoktorskie.uwb.edu.pl\/ns\/wp-json\/wp\/v2\/media?parent=5"}],"curies":[{"name":"wp","href":"https:\/\/api.w.org\/{rel}","templated":true}]}}