{"id":305,"date":"2021-06-09T11:15:14","date_gmt":"2021-06-09T09:15:14","guid":{"rendered":"https:\/\/szkolydoktorskie.uwb.edu.pl\/ns\/?page_id=305"},"modified":"2023-04-06T12:16:43","modified_gmt":"2023-04-06T10:16:43","slug":"2021-2022","status":"publish","type":"page","link":"https:\/\/szkolydoktorskie.uwb.edu.pl\/ns\/2021-2022\/","title":{"rendered":"2021\/2022"},"content":{"rendered":"\n<p class=\"has-cyan-bluish-gray-background-color has-background has-medium-font-size\"><strong>Lista rankingowa kandydat\u00f3w w rekrutacji do Szko\u0142y Doktorskiej Nauk Spo\u0142ecznych UwB na rok akademicki 2021\/2022 <\/strong><\/p>\n\n\n\n<p><a href=\"https:\/\/szkolydoktorskie.uwb.edu.pl\/ns\/wp-content\/uploads\/sites\/2\/2021\/09\/Lista-rankingowa_2021.pdf\">Lista rankingowa kandydat\u00f3w w rekrutacji do Szko\u0142y Doktorskiej Nauk Spo\u0142ecznych UwB na rok akademicki 2021\/2022 \/plik PDF\/<\/a><\/p>\n\n\n\n<p><\/p>\n\n\n\n<p class=\"has-black-color has-cyan-bluish-gray-background-color has-text-color has-background has-medium-font-size\"><strong>Terminy rozm\u00f3w kwalifikacyjnych &#8211; II ETAP post\u0119powania konkursowego<\/strong><\/p>\n\n\n\n<p> Terminy rozm\u00f3w kwalifikacyjnych &#8211; II ETAP post\u0119powania konkursowego:  <\/p>\n\n\n\n<figure class=\"wp-block-table\"><table><tbody><tr><td><strong>Dyscyplina<\/strong><\/td><td><strong>Data<\/strong><\/td><td><strong>Godziny<\/strong><\/td><\/tr><tr><td>Ekonomia i finanse<\/td><td>08.09.2021 r.<\/td><td>09.00-13.30<\/td><\/tr><tr><td>Nauki prawne<\/td><td>07.09.2021 r.<\/td><td>09.00-16.30<\/td><\/tr><tr><td>Nauki socjologiczne<\/td><td>06.09.2021 r.<\/td><td>13.00-15.00<\/td><\/tr><tr><td>Pedagogika<\/td><td>06.09.2021 r.<\/td><td>11.00-12.45<\/td><\/tr><\/tbody><\/table><\/figure>\n\n\n\n<p><\/p>\n\n\n\n<p class=\"has-black-color has-cyan-bluish-gray-background-color has-text-color has-background has-medium-font-size\"><strong>Terminarz dy\u017cur\u00f3w Komisji Rekrutacyjnej<\/strong><\/p>\n\n\n\n<p>W dniach <strong>16-27.08.2021 r<\/strong>. Komisja Rekrutacyjna dost\u0119pna b\u0119dzie wed\u0142ug nast\u0119puj\u0105cego <strong><a href=\"https:\/\/szkolydoktorskie.uwb.edu.pl\/ns\/wp-content\/uploads\/sites\/2\/2021\/06\/Harmonogram-dyzurow-Komisji-rekrutacyjnej_2021_SDNS.pdf\" data-type=\"URL\" data-id=\"https:\/\/szkolydoktorskie.uwb.edu.pl\/ns\/wp-content\/uploads\/sites\/2\/2021\/06\/Harmonogram-dyzurow-Komisji-rekrutacyjnej_2021_SDNS.pdf\">grafiku<\/a>.<\/strong><\/p>\n\n\n\n<p>Obowi\u0105zuje rezerwacja spotkania &#8211; <strong><a href=\"https:\/\/calendly.com\/rekrutacjasdns\/15min\" data-type=\"URL\" data-id=\"https:\/\/calendly.com\/rekrutacjasdns\/15min\">kliknij tu!<\/a><\/strong><\/p>\n\n\n\n<hr class=\"wp-block-separator has-css-opacity\" \/>\n\n\n\n<p class=\"has-cyan-bluish-gray-background-color has-background has-medium-font-size\"><strong>REKRUTACJA do SDNS UwB&nbsp; w roku akademickim 2021\/2022- spotkanie online, 25.06.2021 r.<\/strong><\/p>\n\n\n\n<p style=\"font-size:15px\">Szanowni Pa\u0144stwo,&nbsp;<\/p>\n\n\n\n<p style=\"font-size:15px\">serdecznie zapraszamy na spotkanie online w sprawie zasad i trybu rekrutacji do szk\u00f3\u0142 doktorskich w roku akademickim 2021\/2022.<\/p>\n\n\n\n<p style=\"font-size:15px\">Spotkanie odb\u0119dzie si\u0119&nbsp;<strong>25.06.2021 r. o godz. 17.00<\/strong>&nbsp;za po\u015brednictwem platformy Blackbord.<\/p>\n\n\n\n<p style=\"font-size:15px\">Obowi\u0105zuje rejestracja na spotkanie pod adresem:&nbsp;<a href=\"mailto:szkoladoktorska.ns@uwb.edu.pl\">szkoladoktorska.ns@uwb.edu.pl<\/a> (do dnia 25.06.2021 r., do godz. 15.00). <\/p>\n\n\n\n<p><\/p>\n\n\n\n<h2 class=\"wp-block-heading has-cyan-bluish-gray-background-color has-background has-medium-font-size\" id=\"rekrutacja-do-szkoly-doktorskiej-nauk-spolecznych-uwb-w-roku-akademickim-2021-2022-spotkanie-informacyjne-19-03-2021-r\"><strong>REKRUTACJA do Szko\u0142y Doktorskiej Nauk Spo\u0142ecznych UwB&nbsp; w roku akademickim 2021\/2022 <strong>\u2013 SPOTKANIE INFORMACYJNE, 19.03.2021 r.<\/strong><br><\/strong><\/h2>\n\n\n\n<p style=\"font-size:15px\">Szanowni Pa\u0144stwo,&nbsp;<\/p>\n\n\n\n<p style=\"font-size:15px\">serdecznie zapraszamy na spotkanie online w sprawie zasad i trybu rekrutacji do szk\u00f3\u0142 doktorskich w roku akademickim 2021\/2022.<\/p>\n\n\n\n<p style=\"font-size:15px\">Spotkanie odb\u0119dzie si\u0119&nbsp;<strong>19.03.2021 r. o godz. 17.00<\/strong>&nbsp;za po\u015brednictwem platformy Blackbord.<\/p>\n\n\n\n<p style=\"font-size:15px\">Obowi\u0105zuje rejestracja na spotkanie pod adresem:&nbsp;<a href=\"mailto:szkoladoktorska.ns@uwb.edu.pl\">szkoladoktorska.ns@uwb.edu.pl<\/a><\/p>\n\n\n\n<p style=\"font-size:18px\"><a href=\"https:\/\/uwb.edu.pl\/uploads\/tiny\/Spotkanie_rekrutacja_SDNS_19_03_2021_2.pdf\"><strong>MATERIA\u0141Y<\/strong><\/a><\/p>\n\n\n\n<p class=\"has-cyan-bluish-gray-background-color has-background\"><strong>Zasady i tryb rekrutacji do szk\u00f3\u0142 doktorskich w roku akademickim 2021\/2022<\/strong><\/p>\n\n\n\n<p style=\"font-size:15px\"><a href=\"https:\/\/uwb.edu.pl\/uploads\/tiny\/Nr_2826_-_w_sprawie_rekrutacji_do_szkol_doktorskich_1.pdf\"><strong>Uchwa\u0142a nr 2826 Senatu Uniwersytetu w Bia\u0142ymstoku z dnia 24 lutego 2021 r.&nbsp;<em>w sprawie zasad i trybu rekrutacji do szk\u00f3\u0142 doktorskich w roku akademickim 2021\/2022<\/em><\/strong><\/a><\/p>\n\n\n\n<p style=\"font-size:15px\"><a href=\"https:\/\/uwb.edu.pl\/uploads\/tiny\/Nr_2826_-_1_-_zal__Uchwala_rekrutacyjna_do_szkol_doktorskich_1.pdf\">Za\u0142\u0105cznik nr 1&nbsp;<strong>KWESTIONARIUSZ KANDYDATA<\/strong>&nbsp;do Szko\u0142y Doktorskiej Nauk Humanistycznych\/Szko\u0142y Doktorskiej Nauk Spo\u0142ecznych<\/a><\/p>\n\n\n\n<p style=\"font-size:12px\"><a href=\"https:\/\/uwb.edu.pl\/uploads\/tiny\/Kwestionariusz%20kandydata%20SDNS.docx\">Plik Word<\/a><\/p>\n\n\n\n<p style=\"font-size:15px\"><a href=\"https:\/\/uwb.edu.pl\/uploads\/tiny\/Nr_2826_-_3_-_zal__Uchwala_rekrutacyjna_do_szkol_doktorskich_1.pdf\">Za\u0142\u0105cznik nr 3&nbsp;<strong>POMYS\u0141 BADAWCZY<\/strong>&nbsp;przysz\u0142ej rozprawy doktorskiej<\/a><\/p>\n\n\n\n<p style=\"font-size:12px\"><a href=\"https:\/\/uwb.edu.pl\/uploads\/tiny\/pomys%20badawczy%20rozprawy.docx\">Plik Word<\/a><\/p>\n\n\n\n<p style=\"font-size:15px\"><a href=\"https:\/\/uwb.edu.pl\/uploads\/tiny\/Nr_2826_-_4_-_zal__Uchwala_rekrutacyjna_do_szkol_doktorskich_1.pdf\">Za\u0142\u0105cznik nr 4&nbsp;<strong>O\u015aWIADCZENIE PLANOWANEGO PROMOTORA<\/strong>&nbsp;o podj\u0119ciu si\u0119 opieki promotorskiej<\/a><\/p>\n\n\n\n<p style=\"font-size:12px\"><a href=\"https:\/\/uwb.edu.pl\/uploads\/tiny\/owiadczenie%20planowanego%20promotora.docx\">Plik Word<\/a><\/p>\n\n\n\n<p style=\"font-size:15px\"><a href=\"https:\/\/uwb.edu.pl\/uploads\/tiny\/Nr_2826_-_5_-_zal__Uchwala_rekrutacyjna_do_szkol_doktorskich.pdf\">Za\u0142\u0105cznik nr 5<strong>&nbsp;KRYTERIA REKRUTACJI<\/strong>&nbsp;DO SZKO\u0141Y DOKTORSKIEJ NAUK HUMANISTYCZNYCH I DO SZKO\u0141Y DOKTORSKIEJ NAUK SPO\u0141ECZNYCH<\/a><\/p>\n\n\n\n<p style=\"font-size:15px\"><a href=\"https:\/\/uwb.edu.pl\/uploads\/tiny\/20_-_liczba_miejsc_szkoly_doktorskie_2.pdf\">Zarz\u0105dzenie nr 20 Rektora Uniwersytetu w Bia\u0142ymstoku z dnia 2 marca 2021 r.&nbsp;<strong><em>w sprawie liczby miejsc w poszczeg\u00f3lnych szko\u0142ach doktorskich na rok akademicki 2021\/2022<\/em><\/strong><\/a><\/p>\n\n\n\n<p style=\"font-size:15px\"><a href=\"https:\/\/uwb.edu.pl\/uploads\/tiny\/19_-_harmonogram_szkoly_doktorskie.pdf\">Zarz\u0105dzenie nr 19 Rektora Uniwersytetu w Bia\u0142ymstoku z dnia 2 marca 2021 r.<\/a><strong><em><a href=\"https:\/\/uwb.edu.pl\/uploads\/tiny\/19_-_harmonogram_szkoly_doktorskie.pdf\">&nbsp;w sprawie szczeg\u00f3\u0142owego harmonogramu przeprowadzenia rekrutacji do szk\u00f3\u0142 doktorskich w roku akademickim 2021\/2022 w systemie Internetowej Rejestracji Kandydat\u00f3w<\/a><\/em><\/strong><\/p>\n\n\n\n<p style=\"font-size:15px\"><a href=\"https:\/\/szkolydoktorskie.uwb.edu.pl\/ns\/wp-content\/uploads\/sites\/2\/2021\/06\/SDNS_Komunikat-nr-1_2021.pdf\">Komunikat nr 1\/2021 Dyrektora Szko\u0142y Doktorskiej Nauk Spo\u0142ecznych Uniwersytetu w Bia\u0142ymstoku z dnia 08 kwietnia 2021 r. <strong><em>w sprawie og\u0142oszenia sk\u0142adu komisji rekrutacyjnej na rok akademicki 2021\/2022<\/em><\/strong><\/a><\/p>\n\n\n\n<p><\/p>\n\n\n\n<p class=\"has-cyan-bluish-gray-background-color has-background has-medium-font-size\"><strong>Listy potencjalnych promotor\u00f3w rozpraw doktorskich na rok akademicki 2021\/2022&nbsp;<\/strong><\/p>\n\n\n\n<p style=\"font-size:15px\"><a href=\"https:\/\/uwb.edu.pl\/uploads\/tiny\/SDNS_potencjalni%20promotorzy_2021_EKONOMIA%20i%20FINANSE.pdf\">Ekonomia i finanse<\/a><\/p>\n\n\n\n<p style=\"font-size:15px\"><a href=\"https:\/\/uwb.edu.pl\/uploads\/tiny\/SDNS_potencjalni%20promotorzy_2021_NAUKI%20PRAWNE.pdf\">Nauki prawne<\/a><\/p>\n\n\n\n<p style=\"font-size:15px\"><a href=\"https:\/\/uwb.edu.pl\/uploads\/tiny\/SDNS_potencjalni%20promotorzy_2021_NAUKI%20SOCJOLOGICZNE.pdf\">Nauki socjologiczne<\/a><\/p>\n\n\n\n<p style=\"font-size:15px\"><a href=\"https:\/\/uwb.edu.pl\/uploads\/tiny\/SDNS_potencjalni%20promotorzy_2021_PEDAGOGIKA_2.pdf\">Pedagogika<\/a>&nbsp;<\/p>\n\n\n\n<p><\/p>\n\n\n\n<p class=\"has-cyan-bluish-gray-background-color has-background has-medium-font-size\">Szko\u0142y doktorskie w systemie&nbsp;<strong>Internetowej Rejestracji Kandydat\u00f3w&nbsp;(IRK)<\/strong><\/p>\n\n\n\n<p style=\"font-size:15px\"><a href=\"https:\/\/irk-sd.uwb.edu.pl\/\" data-type=\"URL\" data-id=\"https:\/\/irk-sd.uwb.edu.pl\/\">Internetowa Rejestracja Kandydat\u00f3w (IRK) <\/a><\/p>\n\n\n\n<p><\/p>\n","protected":false},"excerpt":{"rendered":"<p>Lista rankingowa kandydat\u00f3w w rekrutacji do Szko\u0142y Doktorskiej Nauk Spo\u0142ecznych UwB na rok akademicki 2021\/2022 Lista rankingowa kandydat\u00f3w w rekrutacji do Szko\u0142y Doktorskiej Nauk Spo\u0142ecznych UwB na rok akademicki 2021\/2022&hellip;<\/p>\n","protected":false},"author":7,"featured_media":0,"parent":0,"menu_order":0,"comment_status":"closed","ping_status":"closed","template":"","meta":{"footnotes":""},"class_list":["post-305","page","type-page","status-publish","hentry"],"yoast_head":"<!-- This site is optimized with the Yoast SEO plugin v27.3 - https:\/\/yoast.com\/product\/yoast-seo-wordpress\/ -->\n<title>2021\/2022 - Szko\u0142a Doktorska Nauk Spo\u0142ecznych UwB<\/title>\n<meta name=\"robots\" content=\"index, follow, max-snippet:-1, max-image-preview:large, max-video-preview:-1\" \/>\n<link rel=\"canonical\" href=\"https:\/\/szkolydoktorskie.uwb.edu.pl\/ns\/2021-2022\/\" \/>\n<meta property=\"og:locale\" content=\"pl_PL\" \/>\n<meta property=\"og:type\" content=\"article\" \/>\n<meta property=\"og:title\" content=\"2021\/2022 - Szko\u0142a Doktorska Nauk Spo\u0142ecznych UwB\" \/>\n<meta property=\"og:description\" content=\"Lista rankingowa kandydat\u00f3w w rekrutacji do Szko\u0142y Doktorskiej Nauk Spo\u0142ecznych UwB na rok akademicki 2021\/2022 Lista rankingowa kandydat\u00f3w w rekrutacji do Szko\u0142y Doktorskiej Nauk Spo\u0142ecznych UwB na rok akademicki 2021\/2022&hellip;\" \/>\n<meta property=\"og:url\" content=\"https:\/\/szkolydoktorskie.uwb.edu.pl\/ns\/2021-2022\/\" \/>\n<meta property=\"og:site_name\" content=\"Szko\u0142a Doktorska Nauk Spo\u0142ecznych UwB\" \/>\n<meta property=\"article:modified_time\" content=\"2023-04-06T10:16:43+00:00\" \/>\n<meta name=\"twitter:card\" content=\"summary_large_image\" \/>\n<meta name=\"twitter:label1\" content=\"Szacowany czas czytania\" \/>\n\t<meta name=\"twitter:data1\" content=\"2 minuty\" \/>\n<script type=\"application\/ld+json\" class=\"yoast-schema-graph\">{\"@context\":\"https:\\\/\\\/schema.org\",\"@graph\":[{\"@type\":\"WebPage\",\"@id\":\"https:\\\/\\\/szkolydoktorskie.uwb.edu.pl\\\/ns\\\/2021-2022\\\/\",\"url\":\"https:\\\/\\\/szkolydoktorskie.uwb.edu.pl\\\/ns\\\/2021-2022\\\/\",\"name\":\"2021\\\/2022 - Szko\u0142a Doktorska Nauk Spo\u0142ecznych UwB\",\"isPartOf\":{\"@id\":\"https:\\\/\\\/szkolydoktorskie.uwb.edu.pl\\\/ns\\\/#website\"},\"datePublished\":\"2021-06-09T09:15:14+00:00\",\"dateModified\":\"2023-04-06T10:16:43+00:00\",\"breadcrumb\":{\"@id\":\"https:\\\/\\\/szkolydoktorskie.uwb.edu.pl\\\/ns\\\/2021-2022\\\/#breadcrumb\"},\"inLanguage\":\"pl-PL\",\"potentialAction\":[{\"@type\":\"ReadAction\",\"target\":[\"https:\\\/\\\/szkolydoktorskie.uwb.edu.pl\\\/ns\\\/2021-2022\\\/\"]}]},{\"@type\":\"BreadcrumbList\",\"@id\":\"https:\\\/\\\/szkolydoktorskie.uwb.edu.pl\\\/ns\\\/2021-2022\\\/#breadcrumb\",\"itemListElement\":[{\"@type\":\"ListItem\",\"position\":1,\"name\":\"Strona g\u0142\u00f3wna\",\"item\":\"https:\\\/\\\/szkolydoktorskie.uwb.edu.pl\\\/ns\\\/\"},{\"@type\":\"ListItem\",\"position\":2,\"name\":\"2021\\\/2022\"}]},{\"@type\":\"WebSite\",\"@id\":\"https:\\\/\\\/szkolydoktorskie.uwb.edu.pl\\\/ns\\\/#website\",\"url\":\"https:\\\/\\\/szkolydoktorskie.uwb.edu.pl\\\/ns\\\/\",\"name\":\"Szko\u0142a Doktorska Nauk Spo\u0142ecznych UwB\",\"description\":\"Szko\u0142a Doktorska Nauk Spo\u0142ecznych UwB\",\"publisher\":{\"@id\":\"https:\\\/\\\/szkolydoktorskie.uwb.edu.pl\\\/ns\\\/#organization\"},\"potentialAction\":[{\"@type\":\"SearchAction\",\"target\":{\"@type\":\"EntryPoint\",\"urlTemplate\":\"https:\\\/\\\/szkolydoktorskie.uwb.edu.pl\\\/ns\\\/?s={search_term_string}\"},\"query-input\":{\"@type\":\"PropertyValueSpecification\",\"valueRequired\":true,\"valueName\":\"search_term_string\"}}],\"inLanguage\":\"pl-PL\"},{\"@type\":\"Organization\",\"@id\":\"https:\\\/\\\/szkolydoktorskie.uwb.edu.pl\\\/ns\\\/#organization\",\"name\":\"Szko\u0142a Doktorska Nauk Spo\u0142ecznych UwB\",\"url\":\"https:\\\/\\\/szkolydoktorskie.uwb.edu.pl\\\/ns\\\/\",\"logo\":{\"@type\":\"ImageObject\",\"inLanguage\":\"pl-PL\",\"@id\":\"https:\\\/\\\/szkolydoktorskie.uwb.edu.pl\\\/ns\\\/#\\\/schema\\\/logo\\\/image\\\/\",\"url\":\"https:\\\/\\\/szkolydoktorskie.uwb.edu.pl\\\/ns\\\/wp-content\\\/uploads\\\/sites\\\/2\\\/2021\\\/04\\\/cropped-NS-LOGO.png\",\"contentUrl\":\"https:\\\/\\\/szkolydoktorskie.uwb.edu.pl\\\/ns\\\/wp-content\\\/uploads\\\/sites\\\/2\\\/2021\\\/04\\\/cropped-NS-LOGO.png\",\"width\":705,\"height\":188,\"caption\":\"Szko\u0142a Doktorska Nauk Spo\u0142ecznych UwB\"},\"image\":{\"@id\":\"https:\\\/\\\/szkolydoktorskie.uwb.edu.pl\\\/ns\\\/#\\\/schema\\\/logo\\\/image\\\/\"}}]}<\/script>\n<!-- \/ Yoast SEO plugin. -->","yoast_head_json":{"title":"2021\/2022 - Szko\u0142a Doktorska Nauk Spo\u0142ecznych UwB","robots":{"index":"index","follow":"follow","max-snippet":"max-snippet:-1","max-image-preview":"max-image-preview:large","max-video-preview":"max-video-preview:-1"},"canonical":"https:\/\/szkolydoktorskie.uwb.edu.pl\/ns\/2021-2022\/","og_locale":"pl_PL","og_type":"article","og_title":"2021\/2022 - Szko\u0142a Doktorska Nauk Spo\u0142ecznych UwB","og_description":"Lista rankingowa kandydat\u00f3w w rekrutacji do Szko\u0142y Doktorskiej Nauk Spo\u0142ecznych UwB na rok akademicki 2021\/2022 Lista rankingowa kandydat\u00f3w w rekrutacji do Szko\u0142y Doktorskiej Nauk Spo\u0142ecznych UwB na rok akademicki 2021\/2022&hellip;","og_url":"https:\/\/szkolydoktorskie.uwb.edu.pl\/ns\/2021-2022\/","og_site_name":"Szko\u0142a Doktorska Nauk Spo\u0142ecznych UwB","article_modified_time":"2023-04-06T10:16:43+00:00","twitter_card":"summary_large_image","twitter_misc":{"Szacowany czas czytania":"2 minuty"},"schema":{"@context":"https:\/\/schema.org","@graph":[{"@type":"WebPage","@id":"https:\/\/szkolydoktorskie.uwb.edu.pl\/ns\/2021-2022\/","url":"https:\/\/szkolydoktorskie.uwb.edu.pl\/ns\/2021-2022\/","name":"2021\/2022 - Szko\u0142a Doktorska Nauk Spo\u0142ecznych UwB","isPartOf":{"@id":"https:\/\/szkolydoktorskie.uwb.edu.pl\/ns\/#website"},"datePublished":"2021-06-09T09:15:14+00:00","dateModified":"2023-04-06T10:16:43+00:00","breadcrumb":{"@id":"https:\/\/szkolydoktorskie.uwb.edu.pl\/ns\/2021-2022\/#breadcrumb"},"inLanguage":"pl-PL","potentialAction":[{"@type":"ReadAction","target":["https:\/\/szkolydoktorskie.uwb.edu.pl\/ns\/2021-2022\/"]}]},{"@type":"BreadcrumbList","@id":"https:\/\/szkolydoktorskie.uwb.edu.pl\/ns\/2021-2022\/#breadcrumb","itemListElement":[{"@type":"ListItem","position":1,"name":"Strona g\u0142\u00f3wna","item":"https:\/\/szkolydoktorskie.uwb.edu.pl\/ns\/"},{"@type":"ListItem","position":2,"name":"2021\/2022"}]},{"@type":"WebSite","@id":"https:\/\/szkolydoktorskie.uwb.edu.pl\/ns\/#website","url":"https:\/\/szkolydoktorskie.uwb.edu.pl\/ns\/","name":"Szko\u0142a Doktorska Nauk Spo\u0142ecznych UwB","description":"Szko\u0142a Doktorska Nauk Spo\u0142ecznych UwB","publisher":{"@id":"https:\/\/szkolydoktorskie.uwb.edu.pl\/ns\/#organization"},"potentialAction":[{"@type":"SearchAction","target":{"@type":"EntryPoint","urlTemplate":"https:\/\/szkolydoktorskie.uwb.edu.pl\/ns\/?s={search_term_string}"},"query-input":{"@type":"PropertyValueSpecification","valueRequired":true,"valueName":"search_term_string"}}],"inLanguage":"pl-PL"},{"@type":"Organization","@id":"https:\/\/szkolydoktorskie.uwb.edu.pl\/ns\/#organization","name":"Szko\u0142a Doktorska Nauk Spo\u0142ecznych UwB","url":"https:\/\/szkolydoktorskie.uwb.edu.pl\/ns\/","logo":{"@type":"ImageObject","inLanguage":"pl-PL","@id":"https:\/\/szkolydoktorskie.uwb.edu.pl\/ns\/#\/schema\/logo\/image\/","url":"https:\/\/szkolydoktorskie.uwb.edu.pl\/ns\/wp-content\/uploads\/sites\/2\/2021\/04\/cropped-NS-LOGO.png","contentUrl":"https:\/\/szkolydoktorskie.uwb.edu.pl\/ns\/wp-content\/uploads\/sites\/2\/2021\/04\/cropped-NS-LOGO.png","width":705,"height":188,"caption":"Szko\u0142a Doktorska Nauk Spo\u0142ecznych UwB"},"image":{"@id":"https:\/\/szkolydoktorskie.uwb.edu.pl\/ns\/#\/schema\/logo\/image\/"}}]}},"_links":{"self":[{"href":"https:\/\/szkolydoktorskie.uwb.edu.pl\/ns\/wp-json\/wp\/v2\/pages\/305","targetHints":{"allow":["GET"]}}],"collection":[{"href":"https:\/\/szkolydoktorskie.uwb.edu.pl\/ns\/wp-json\/wp\/v2\/pages"}],"about":[{"href":"https:\/\/szkolydoktorskie.uwb.edu.pl\/ns\/wp-json\/wp\/v2\/types\/page"}],"author":[{"embeddable":true,"href":"https:\/\/szkolydoktorskie.uwb.edu.pl\/ns\/wp-json\/wp\/v2\/users\/7"}],"replies":[{"embeddable":true,"href":"https:\/\/szkolydoktorskie.uwb.edu.pl\/ns\/wp-json\/wp\/v2\/comments?post=305"}],"version-history":[{"count":14,"href":"https:\/\/szkolydoktorskie.uwb.edu.pl\/ns\/wp-json\/wp\/v2\/pages\/305\/revisions"}],"predecessor-version":[{"id":1859,"href":"https:\/\/szkolydoktorskie.uwb.edu.pl\/ns\/wp-json\/wp\/v2\/pages\/305\/revisions\/1859"}],"wp:attachment":[{"href":"https:\/\/szkolydoktorskie.uwb.edu.pl\/ns\/wp-json\/wp\/v2\/media?parent=305"}],"curies":[{"name":"wp","href":"https:\/\/api.w.org\/{rel}","templated":true}]}}