{"id":2638,"date":"2024-06-26T14:15:41","date_gmt":"2024-06-26T12:15:41","guid":{"rendered":"https:\/\/szkolydoktorskie.uwb.edu.pl\/ns\/?page_id=2638"},"modified":"2024-06-26T15:32:47","modified_gmt":"2024-06-26T13:32:47","slug":"zakonczenie-ksztalcenia-w-sd","status":"publish","type":"page","link":"https:\/\/szkolydoktorskie.uwb.edu.pl\/ns\/zakonczenie-ksztalcenia-w-sd\/","title":{"rendered":"Zako\u0144czenie kszta\u0142cenia w SDNS"},"content":{"rendered":"\n<p><\/p>\n\n\n\n<p class=\"has-cyan-bluish-gray-background-color has-background\" style=\"font-size:25px\"><strong>Podstawa prawna<\/strong><\/p>\n\n\n\n<p>Zgodnie z \u00a7 28 Regulaminu Szko\u0142y Doktorskiej Nauk Spo\u0142ecznych Uniwersytetu w Bia\u0142ymstoku stanowi\u0105cym za\u0142\u0105cznik do Uchwa\u0142y nr 3076 Senatu Uniwersytetu w Bia\u0142ymstoku <em>w sprawie uzgodnienia Regulaminu Szko\u0142y Doktorskiej Nauk Spo\u0142ecznych Uniwersytetu w Bia\u0142ymstoku <\/em>z dnia 29 czerwca 2022 r.:<\/p>\n\n\n\n<ol class=\"wp-block-list\">\n<li>Kszta\u0142cenie doktoranta ko\u0144czy si\u0119 z\u0142o\u017ceniem rozprawy doktorskiej. Rozpraw\u0119 doktorsk\u0105 doktorant sk\u0142ada dyrektorowi szko\u0142y doktorskiej.<\/li>\n\n\n\n<li>Prawa doktoranta wygasaj\u0105 z dniem z\u0142o\u017cenia rozprawy doktorskiej. <\/li>\n\n\n\n<li>Legitymacja doktoranta podlega zwrotowi z chwil\u0105 uko\u0144czenia kszta\u0142cenia.<\/li>\n<\/ol>\n\n\n\n<p class=\"has-cyan-bluish-gray-background-color has-background\" style=\"font-size:25px\"><strong>Wymogi formalne i tryb post\u0119powania<\/strong><\/p>\n\n\n\n<p class=\"has-pale-cyan-blue-background-color has-background\"><strong>Z\u0142o\u017cenie rozprawy doktorskiej w szkole doktorskiej<\/strong><\/p>\n\n\n\n<p>Doktorant przed z\u0142o\u017ceniem ostatecznej wersji rozprawy doktorskiej &#8211; sk\u0142ada sprawozdanie roczne wraz z opini\u0105 promotora z realizacji zaj\u0119\u0107 i IPB wraz z protoko\u0142em hospitacji \/doktoranci sk\u0142adaj\u0105cy rozpraw\u0119 doktorsk\u0105 na przed\u0142u\u017ceniu kszta\u0142cenia nie sk\u0142adaj\u0105 protoko\u0142u hospitacji zaj\u0119\u0107\/. <\/p>\n\n\n\n<p>Rozprawa doktorska powinna by\u0107 z\u0142o\u017cona do Sekretariatu Szko\u0142y Doktorskiej Nauk Spo\u0142ecznych <strong>w wersji papierowe<\/strong>j wraz <strong>z pozytywn\u0105 opini\u0105 promotora <\/strong>oraz kart\u0105 obiegow\u0105.<\/p>\n\n\n\n<p style=\"font-size:14px\">Rozprawa doktorska mo\u017ce by\u0107 z\u0142o\u017cona w oprawie twardej lub zbindowana. <\/p>\n\n\n\n<p><strong>Dyrektor Szko\u0142y Doktorskiej<\/strong> <strong>Nauk Spo\u0142ecznych <\/strong>na podstawie dokumentacji kszta\u0142cenia doktoranta w Szkole Doktorskiej (w tym sprawozda\u0144 rocznych z realizacji zaj\u0119\u0107 i IPB), z\u0142o\u017conej rozprawy doktorskiej wraz z opini\u0105 promotora <strong>dokonuje weryfikacji efekt\u00f3w uczenia si\u0119 dla kwalifikacji na poziomie 8 PRK<\/strong>.<\/p>\n\n\n\n<p><strong>W przypadku stwierdzenia uzyskania efekt\u00f3w uczenia si\u0119<\/strong> dla kwalifikacji na poziomie 8 PRK, <strong>doktorant otrzymuje za\u015bwiadczenie o uko\u0144czeniu kszta\u0142cenia<\/strong> w Szkole Doktorskiej Nauk Spo\u0142ecznych oraz uzyskania efekt\u00f3w uczenia si\u0119 dla kwalifikacji na poziomie 8 PRK.<\/p>\n\n\n\n<p><\/p>\n\n\n\n<p style=\"font-size:14px\"><a href=\"https:\/\/szkolydoktorskie.uwb.edu.pl\/ns\/wp-content\/uploads\/sites\/2\/2024\/04\/Zalacznik-nr-1_do-Komunikatu-nr-2_2024.docx\">Wz\u00f3r opinii promotora <\/a><\/p>\n\n\n\n<p style=\"font-size:14px\"><a href=\"https:\/\/szkolydoktorskie.uwb.edu.pl\/ns\/wp-content\/uploads\/sites\/2\/2023\/04\/32_-_Zaswiadczenie_o_ukonczeniu_ksztalcenia_w_szkole_doktorskiej.docx\">Wz\u00f3r za\u015bwiadczenia o uko\u0144czeniu kszta\u0142cenia <\/a><\/p>\n\n\n\n<p style=\"font-size:14px\"><a href=\"https:\/\/szkolydoktorskie.uwb.edu.pl\/ns\/wp-content\/uploads\/sites\/2\/2021\/12\/SDNS_Karta-obiegowa.docx\">Karta obiegowa<\/a><\/p>\n\n\n\n<p><\/p>\n\n\n\n<p class=\"has-pale-cyan-blue-background-color has-background\"><strong>Stypendium<\/strong><\/p>\n\n\n\n<p>W momencie z\u0142o\u017cenia rozprawy w szkole doktorskiej doktorant ko\u0144czy kszta\u0142cenia i traci prawo do otrzymywania stypendium doktoranckiego. Jednak zgodnie z art 209 ust. 8 ustawy <em>Prawo o szkolnictwie wy\u017cszym i nauce<\/em> doktorant, kt\u00f3ry <strong>z\u0142o\u017cy\u0142 rozpraw\u0119 doktorsk\u0105 w terminie wcze\u015bniejszym ni\u017c termin 4 lat<\/strong> od rozpocz\u0119cia kszta\u0142cenia, <strong>otrzymuje stypendium doktoranckie do dnia, w kt\u00f3rym up\u0142ywa termin uko\u0144czenia kszta\u0142cenia, jednak nie d\u0142u\u017cej ni\u017c przez 6 miesi\u0119cy<\/strong>.<\/p>\n\n\n\n<p style=\"font-size:15px\">W SDNS UwB wyp\u0142ata stypendium, dla os\u00f3b, kt\u00f3re ko\u0144cz\u0105 kszta\u0142cenie wcze\u015bniej jest jednorazowa i wyp\u0142acana w 25-tym dniu miesi\u0105ca ko\u0144cz\u0105cego kszta\u0142cenie lub w miesi\u0105cu nast\u0119puj\u0105cym po nim.<\/p>\n\n\n\n<p class=\"has-cyan-bluish-gray-background-color has-background\" style=\"font-size:25px\"><strong>Wszcz\u0119cie post\u0119powania o nadanie stopnia doktora<\/strong><\/p>\n\n\n\n<p>Z\u0142o\u017cenie rozprawy doktorskiej w szkole doktorskiej <strong>nie jest to\u017csame z wszcz\u0119ciem post\u0119powania o nadanie stopnia doktora<\/strong> okre\u015blonym w art. 189 ustawy <em>Prawo o szkolnictwie wy\u017cszym i nauce<\/em>.<\/p>\n\n\n\n<p>Oznacza to, \u017ce osoba b\u0119d\u0105ca absolwentem SDNS UwB, w celu wszcz\u0119cia post\u0119powania o nadanie stopnia doktora <strong>sk\u0142ada stosowne dokumenty w odpowiedniej Radzie Dyscypliny lub do Biura Rektora, je\u015bli nie powo\u0142ano w\u0142a\u015bciwej rady dyscypliny<\/strong> zgodnie z Uchwa\u0142\u0105 Nr 3269 Senatu Uniwersytetu w Bia\u0142ymstoku z dnia 27 wrze\u015bnia 2023 r. <em>w sprawie sposobu post\u0119powania w sprawie nadania stopnia doktora i wyr\u00f3\u017cniania rozpraw doktorskich<\/em>.<\/p>\n\n\n\n<p>Tre\u015b\u0107 uchwa\u0142y wraz z za\u0142\u0105cznikami dost\u0119pne s\u0105 w BIP UwB pod adresem: <a href=\"https:\/\/bip.uwb.edu.pl\/uwb\/stopnie-naukowe\/akty-prawne\/21567,AKTY-PRAWNE.html\">post\u0119powania awansowe<\/a><\/p>\n\n\n\n<p><strong>Post\u0119powanie dla absolwent\u00f3w SDNS UwB w Uniwersytecie w Bia\u0142ymstoku jest bezp\u0142atne. <\/strong><\/p>\n\n\n\n<p>W\u0142a\u015bciwe organy do z\u0142o\u017cenia wniosku o wszcz\u0119cie post\u0119powania w sprawie nadania stopnia doktora dla dyscyplin to: <\/p>\n\n\n\n<figure class=\"wp-block-table\"><table><tbody><tr><td><strong>Ekonomia i finanse<\/strong><\/td><td>Rada Dyscypliny Ekonomia i Finanse UwB<\/td><\/tr><tr><td><strong>Nauki socjologiczne <\/strong><\/td><td>Rektor Uniwersytetu w Bia\u0142ymstoku <\/td><\/tr><tr><td><strong>Nauki prawne<\/strong><\/td><td>Rada Dyscypliny Nauki Prawne <\/td><\/tr><tr><td><strong>Pedagogika<\/strong><\/td><td>Rada Dyscypliny Pedagogika <\/td><\/tr><\/tbody><\/table><\/figure>\n","protected":false},"excerpt":{"rendered":"<p>Podstawa prawna Zgodnie z \u00a7 28 Regulaminu Szko\u0142y Doktorskiej Nauk Spo\u0142ecznych Uniwersytetu w Bia\u0142ymstoku stanowi\u0105cym za\u0142\u0105cznik do Uchwa\u0142y nr 3076 Senatu Uniwersytetu w Bia\u0142ymstoku w sprawie uzgodnienia Regulaminu Szko\u0142y Doktorskiej&hellip;<\/p>\n","protected":false},"author":7,"featured_media":0,"parent":0,"menu_order":0,"comment_status":"closed","ping_status":"closed","template":"","meta":{"footnotes":""},"class_list":["post-2638","page","type-page","status-publish","hentry"],"yoast_head":"<!-- This site is optimized with the Yoast SEO plugin v27.4 - https:\/\/yoast.com\/product\/yoast-seo-wordpress\/ -->\n<title>Zako\u0144czenie kszta\u0142cenia w SDNS - Szko\u0142a Doktorska Nauk Spo\u0142ecznych UwB<\/title>\n<meta name=\"robots\" content=\"index, follow, max-snippet:-1, max-image-preview:large, max-video-preview:-1\" \/>\n<link rel=\"canonical\" href=\"https:\/\/szkolydoktorskie.uwb.edu.pl\/ns\/zakonczenie-ksztalcenia-w-sd\/\" \/>\n<meta property=\"og:locale\" content=\"pl_PL\" \/>\n<meta property=\"og:type\" content=\"article\" \/>\n<meta property=\"og:title\" content=\"Zako\u0144czenie kszta\u0142cenia w SDNS - Szko\u0142a Doktorska Nauk Spo\u0142ecznych UwB\" \/>\n<meta property=\"og:description\" content=\"Podstawa prawna Zgodnie z \u00a7 28 Regulaminu Szko\u0142y Doktorskiej Nauk Spo\u0142ecznych Uniwersytetu w Bia\u0142ymstoku stanowi\u0105cym za\u0142\u0105cznik do Uchwa\u0142y nr 3076 Senatu Uniwersytetu w Bia\u0142ymstoku w sprawie uzgodnienia Regulaminu Szko\u0142y Doktorskiej&hellip;\" \/>\n<meta property=\"og:url\" content=\"https:\/\/szkolydoktorskie.uwb.edu.pl\/ns\/zakonczenie-ksztalcenia-w-sd\/\" \/>\n<meta property=\"og:site_name\" content=\"Szko\u0142a Doktorska Nauk Spo\u0142ecznych UwB\" \/>\n<meta property=\"article:modified_time\" content=\"2024-06-26T13:32:47+00:00\" \/>\n<meta name=\"twitter:card\" content=\"summary_large_image\" \/>\n<meta name=\"twitter:label1\" content=\"Szacowany czas czytania\" \/>\n\t<meta name=\"twitter:data1\" content=\"3 minuty\" \/>\n<script type=\"application\/ld+json\" class=\"yoast-schema-graph\">{\"@context\":\"https:\\\/\\\/schema.org\",\"@graph\":[{\"@type\":\"WebPage\",\"@id\":\"https:\\\/\\\/szkolydoktorskie.uwb.edu.pl\\\/ns\\\/zakonczenie-ksztalcenia-w-sd\\\/\",\"url\":\"https:\\\/\\\/szkolydoktorskie.uwb.edu.pl\\\/ns\\\/zakonczenie-ksztalcenia-w-sd\\\/\",\"name\":\"Zako\u0144czenie kszta\u0142cenia w SDNS - Szko\u0142a Doktorska Nauk Spo\u0142ecznych UwB\",\"isPartOf\":{\"@id\":\"https:\\\/\\\/szkolydoktorskie.uwb.edu.pl\\\/ns\\\/#website\"},\"datePublished\":\"2024-06-26T12:15:41+00:00\",\"dateModified\":\"2024-06-26T13:32:47+00:00\",\"breadcrumb\":{\"@id\":\"https:\\\/\\\/szkolydoktorskie.uwb.edu.pl\\\/ns\\\/zakonczenie-ksztalcenia-w-sd\\\/#breadcrumb\"},\"inLanguage\":\"pl-PL\",\"potentialAction\":[{\"@type\":\"ReadAction\",\"target\":[\"https:\\\/\\\/szkolydoktorskie.uwb.edu.pl\\\/ns\\\/zakonczenie-ksztalcenia-w-sd\\\/\"]}]},{\"@type\":\"BreadcrumbList\",\"@id\":\"https:\\\/\\\/szkolydoktorskie.uwb.edu.pl\\\/ns\\\/zakonczenie-ksztalcenia-w-sd\\\/#breadcrumb\",\"itemListElement\":[{\"@type\":\"ListItem\",\"position\":1,\"name\":\"Strona g\u0142\u00f3wna\",\"item\":\"https:\\\/\\\/szkolydoktorskie.uwb.edu.pl\\\/ns\\\/\"},{\"@type\":\"ListItem\",\"position\":2,\"name\":\"Zako\u0144czenie kszta\u0142cenia w SDNS\"}]},{\"@type\":\"WebSite\",\"@id\":\"https:\\\/\\\/szkolydoktorskie.uwb.edu.pl\\\/ns\\\/#website\",\"url\":\"https:\\\/\\\/szkolydoktorskie.uwb.edu.pl\\\/ns\\\/\",\"name\":\"Szko\u0142a Doktorska Nauk Spo\u0142ecznych UwB\",\"description\":\"Szko\u0142a Doktorska Nauk Spo\u0142ecznych UwB\",\"publisher\":{\"@id\":\"https:\\\/\\\/szkolydoktorskie.uwb.edu.pl\\\/ns\\\/#organization\"},\"potentialAction\":[{\"@type\":\"SearchAction\",\"target\":{\"@type\":\"EntryPoint\",\"urlTemplate\":\"https:\\\/\\\/szkolydoktorskie.uwb.edu.pl\\\/ns\\\/?s={search_term_string}\"},\"query-input\":{\"@type\":\"PropertyValueSpecification\",\"valueRequired\":true,\"valueName\":\"search_term_string\"}}],\"inLanguage\":\"pl-PL\"},{\"@type\":\"Organization\",\"@id\":\"https:\\\/\\\/szkolydoktorskie.uwb.edu.pl\\\/ns\\\/#organization\",\"name\":\"Szko\u0142a Doktorska Nauk Spo\u0142ecznych UwB\",\"url\":\"https:\\\/\\\/szkolydoktorskie.uwb.edu.pl\\\/ns\\\/\",\"logo\":{\"@type\":\"ImageObject\",\"inLanguage\":\"pl-PL\",\"@id\":\"https:\\\/\\\/szkolydoktorskie.uwb.edu.pl\\\/ns\\\/#\\\/schema\\\/logo\\\/image\\\/\",\"url\":\"https:\\\/\\\/szkolydoktorskie.uwb.edu.pl\\\/ns\\\/wp-content\\\/uploads\\\/sites\\\/2\\\/2021\\\/04\\\/cropped-NS-LOGO.png\",\"contentUrl\":\"https:\\\/\\\/szkolydoktorskie.uwb.edu.pl\\\/ns\\\/wp-content\\\/uploads\\\/sites\\\/2\\\/2021\\\/04\\\/cropped-NS-LOGO.png\",\"width\":705,\"height\":188,\"caption\":\"Szko\u0142a Doktorska Nauk Spo\u0142ecznych UwB\"},\"image\":{\"@id\":\"https:\\\/\\\/szkolydoktorskie.uwb.edu.pl\\\/ns\\\/#\\\/schema\\\/logo\\\/image\\\/\"}}]}<\/script>\n<!-- \/ Yoast SEO plugin. -->","yoast_head_json":{"title":"Zako\u0144czenie kszta\u0142cenia w SDNS - Szko\u0142a Doktorska Nauk Spo\u0142ecznych UwB","robots":{"index":"index","follow":"follow","max-snippet":"max-snippet:-1","max-image-preview":"max-image-preview:large","max-video-preview":"max-video-preview:-1"},"canonical":"https:\/\/szkolydoktorskie.uwb.edu.pl\/ns\/zakonczenie-ksztalcenia-w-sd\/","og_locale":"pl_PL","og_type":"article","og_title":"Zako\u0144czenie kszta\u0142cenia w SDNS - Szko\u0142a Doktorska Nauk Spo\u0142ecznych UwB","og_description":"Podstawa prawna Zgodnie z \u00a7 28 Regulaminu Szko\u0142y Doktorskiej Nauk Spo\u0142ecznych Uniwersytetu w Bia\u0142ymstoku stanowi\u0105cym za\u0142\u0105cznik do Uchwa\u0142y nr 3076 Senatu Uniwersytetu w Bia\u0142ymstoku w sprawie uzgodnienia Regulaminu Szko\u0142y Doktorskiej&hellip;","og_url":"https:\/\/szkolydoktorskie.uwb.edu.pl\/ns\/zakonczenie-ksztalcenia-w-sd\/","og_site_name":"Szko\u0142a Doktorska Nauk Spo\u0142ecznych UwB","article_modified_time":"2024-06-26T13:32:47+00:00","twitter_card":"summary_large_image","twitter_misc":{"Szacowany czas czytania":"3 minuty"},"schema":{"@context":"https:\/\/schema.org","@graph":[{"@type":"WebPage","@id":"https:\/\/szkolydoktorskie.uwb.edu.pl\/ns\/zakonczenie-ksztalcenia-w-sd\/","url":"https:\/\/szkolydoktorskie.uwb.edu.pl\/ns\/zakonczenie-ksztalcenia-w-sd\/","name":"Zako\u0144czenie kszta\u0142cenia w SDNS - Szko\u0142a Doktorska Nauk Spo\u0142ecznych UwB","isPartOf":{"@id":"https:\/\/szkolydoktorskie.uwb.edu.pl\/ns\/#website"},"datePublished":"2024-06-26T12:15:41+00:00","dateModified":"2024-06-26T13:32:47+00:00","breadcrumb":{"@id":"https:\/\/szkolydoktorskie.uwb.edu.pl\/ns\/zakonczenie-ksztalcenia-w-sd\/#breadcrumb"},"inLanguage":"pl-PL","potentialAction":[{"@type":"ReadAction","target":["https:\/\/szkolydoktorskie.uwb.edu.pl\/ns\/zakonczenie-ksztalcenia-w-sd\/"]}]},{"@type":"BreadcrumbList","@id":"https:\/\/szkolydoktorskie.uwb.edu.pl\/ns\/zakonczenie-ksztalcenia-w-sd\/#breadcrumb","itemListElement":[{"@type":"ListItem","position":1,"name":"Strona g\u0142\u00f3wna","item":"https:\/\/szkolydoktorskie.uwb.edu.pl\/ns\/"},{"@type":"ListItem","position":2,"name":"Zako\u0144czenie kszta\u0142cenia w SDNS"}]},{"@type":"WebSite","@id":"https:\/\/szkolydoktorskie.uwb.edu.pl\/ns\/#website","url":"https:\/\/szkolydoktorskie.uwb.edu.pl\/ns\/","name":"Szko\u0142a Doktorska Nauk Spo\u0142ecznych UwB","description":"Szko\u0142a Doktorska Nauk Spo\u0142ecznych UwB","publisher":{"@id":"https:\/\/szkolydoktorskie.uwb.edu.pl\/ns\/#organization"},"potentialAction":[{"@type":"SearchAction","target":{"@type":"EntryPoint","urlTemplate":"https:\/\/szkolydoktorskie.uwb.edu.pl\/ns\/?s={search_term_string}"},"query-input":{"@type":"PropertyValueSpecification","valueRequired":true,"valueName":"search_term_string"}}],"inLanguage":"pl-PL"},{"@type":"Organization","@id":"https:\/\/szkolydoktorskie.uwb.edu.pl\/ns\/#organization","name":"Szko\u0142a Doktorska Nauk Spo\u0142ecznych UwB","url":"https:\/\/szkolydoktorskie.uwb.edu.pl\/ns\/","logo":{"@type":"ImageObject","inLanguage":"pl-PL","@id":"https:\/\/szkolydoktorskie.uwb.edu.pl\/ns\/#\/schema\/logo\/image\/","url":"https:\/\/szkolydoktorskie.uwb.edu.pl\/ns\/wp-content\/uploads\/sites\/2\/2021\/04\/cropped-NS-LOGO.png","contentUrl":"https:\/\/szkolydoktorskie.uwb.edu.pl\/ns\/wp-content\/uploads\/sites\/2\/2021\/04\/cropped-NS-LOGO.png","width":705,"height":188,"caption":"Szko\u0142a Doktorska Nauk Spo\u0142ecznych UwB"},"image":{"@id":"https:\/\/szkolydoktorskie.uwb.edu.pl\/ns\/#\/schema\/logo\/image\/"}}]}},"_links":{"self":[{"href":"https:\/\/szkolydoktorskie.uwb.edu.pl\/ns\/wp-json\/wp\/v2\/pages\/2638","targetHints":{"allow":["GET"]}}],"collection":[{"href":"https:\/\/szkolydoktorskie.uwb.edu.pl\/ns\/wp-json\/wp\/v2\/pages"}],"about":[{"href":"https:\/\/szkolydoktorskie.uwb.edu.pl\/ns\/wp-json\/wp\/v2\/types\/page"}],"author":[{"embeddable":true,"href":"https:\/\/szkolydoktorskie.uwb.edu.pl\/ns\/wp-json\/wp\/v2\/users\/7"}],"replies":[{"embeddable":true,"href":"https:\/\/szkolydoktorskie.uwb.edu.pl\/ns\/wp-json\/wp\/v2\/comments?post=2638"}],"version-history":[{"count":13,"href":"https:\/\/szkolydoktorskie.uwb.edu.pl\/ns\/wp-json\/wp\/v2\/pages\/2638\/revisions"}],"predecessor-version":[{"id":2663,"href":"https:\/\/szkolydoktorskie.uwb.edu.pl\/ns\/wp-json\/wp\/v2\/pages\/2638\/revisions\/2663"}],"wp:attachment":[{"href":"https:\/\/szkolydoktorskie.uwb.edu.pl\/ns\/wp-json\/wp\/v2\/media?parent=2638"}],"curies":[{"name":"wp","href":"https:\/\/api.w.org\/{rel}","templated":true}]}}