{"id":2408,"date":"2024-03-19T15:42:18","date_gmt":"2024-03-19T14:42:18","guid":{"rendered":"https:\/\/szkolydoktorskie.uwb.edu.pl\/ns\/?page_id=2408"},"modified":"2024-04-15T08:51:54","modified_gmt":"2024-04-15T06:51:54","slug":"zochowski-krzysztof","status":"publish","type":"page","link":"https:\/\/szkolydoktorskie.uwb.edu.pl\/ns\/zochowski-krzysztof\/","title":{"rendered":"\u017bochowski Krzysztof"},"content":{"rendered":"\n<figure class=\"wp-block-table\"><table><tbody><tr><td><strong>Imi\u0119 i nazwisko doktoranta<\/strong><\/td><td><strong>Krzysztof \u017bochowski <\/strong><\/td><\/tr><tr><td><strong>E-mail <\/strong><br><em>(w domenie UwB):<\/em><\/td><td>k.zochowski@uwb.edu.pl<\/td><\/tr><tr><td><strong>ORCID<\/strong><\/td><td>0000-0001-7060-1280<\/td><\/tr><tr><td><strong>Temat rozprawy doktorskiej<\/strong><\/td><td>Procedura cywilna w mi\u0119dzywojennej Polsce w pracach Eugeniusza Wa\u015bkowskiego<\/td><\/tr><tr><td><strong>Promotor<\/strong><\/td><td>dr hab. Marcin \u0141ysko, prof. UwB;&nbsp;&nbsp;&nbsp;&nbsp;&nbsp;&nbsp;&nbsp;&nbsp;&nbsp;&nbsp;&nbsp;&nbsp;&nbsp;&nbsp;&nbsp;&nbsp;&nbsp;&nbsp;&nbsp;&nbsp;&nbsp;&nbsp;&nbsp;&nbsp;&nbsp;&nbsp;&nbsp;&nbsp;&nbsp;&nbsp;<\/td><\/tr><tr><td><strong>Promotor pomocniczy<\/strong><\/td><td>dr Arkadiusz Bieli\u0144ski<\/td><\/tr><tr><td><strong>Wydzia\u0142<\/strong> <strong>Katedra\/Zak\u0142ad<\/strong><\/td><td>Wydzia\u0142 Prawa, Katedra Nauk Historyczno-Prawnych, Teorii i Filozofii Prawa oraz Komparatystyki Prawniczej, Pracownia Historii Prawa<\/td><\/tr><tr><td><\/td><td><strong><strong>Publikacje naukowe<\/strong><\/strong><\/td><\/tr><tr><td><em>Artyku\u0142y naukowe <\/em><br><em>w czasopismach<\/em><\/td><td><strong>1. <\/strong>K. \u017bochowski, <em>Zadanie adwokatury wed\u0142ug Eugeniusza Wa\u015bkowskiego<\/em>, Palestra 2022, nr 7\u20138, s. 215-234.<br><br><strong>2.<\/strong> K. \u017bochowski, <em>Wola dziecka ponad ustaw\u0105? Glosa krytyczna do Wyroku Trybuna\u0142u Konstytucyjnego z 22 czerwca 2022 r., sygn. akt SK 3\/20<\/em>, Miscellanea Historico-Iuridica 2023, T. XXII, z. 2, s. 603-622.<br><br><strong>3. <\/strong>K. \u017bochowski, <em>W\u0142adza symboliczna prawnik\u00f3w w uj\u0119ciu Pierre\u2019a Bourdieu<\/em>, Palestra 2024, nr 1\/2024, s. 7-19.<\/td><\/tr><tr><td><\/td><td><strong>Konferencje<\/strong><\/td><\/tr><tr><td><em>Wyst\u0105pienia na konferencjach naukowych<\/em><\/td><td>1<strong>.<\/strong> <strong>Og\u00f3lnopolska Konferencja Naukowa pt. \u201eMi\u0119dzy duchem a liter\u0105 \u2013 problematyka stosowania prawa w Polsce\u201d<\/strong> kt\u00f3ra odby\u0142a si\u0119 22 grudnia 2021 r. \u2013 referat \u201e<em>S\u0105d Najwy\u017cszy mi\u0119dzy liter\u0105 a duchem prawa na przyk\u0142adzie dw\u00f3ch rozstrzygni\u0119\u0107<\/em>\u201d<br><br>2.<strong> Og\u00f3lnopolska Konferencja Naukowa pt. \u201ePostpandemiczna rzeczywisto\u015b\u0107 &#8211; Jak Koronawirus zmieni\u0142 \u015bwiat?\u201d<\/strong> kt\u00f3ra odby\u0142a si\u0119 12 maja 2023 r. \u2013 referat \u201e<em>Klauzula rebus sic stantibus w praktyce um\u00f3w najmu powierzchni od jednostek sektora finans\u00f3w publicznych<\/em>\u201d<br><br>3. <strong>XVII Mi\u0119dzynarodowa Konferencja Naukowa z cyklu ,,Z dziej\u00f3w prawa&#8221; pt. \u201eEwolucja prawa cywilnego na przestrzeni wiek\u00f3w &#8211; Volenti non fit iniuria\u201d<\/strong>, kt\u00f3ra odby\u0142a si\u0119 25-27 maja 2023 r. \u2013 referat: \u201e<em>Procedura cywilna w mi\u0119dzywojennej Polsce w pracach Eugeniusza Wa\u015bkowskiego \u2013 przyczynek do bada\u0144<\/em>\u201d na Uniwersytecie Jagiello\u0144skim<br><br>4<strong>. XXIX Og\u00f3lnopolski zjazd historyk\u00f3w ustroju i prawa oraz doktryn polityczno-prawnych <\/strong>kt\u00f3ry odby\u0142 si\u0119 21-23 wrze\u015bnia 2023\u00a0r. \u2013 referat \u201e<em>Wk\u0142ad Eugeniusza Wa\u015bkowskiego w nauk\u0119 prawa post\u0119powania cywilnego w ocenie historyka i praktyka prawa\u201d<\/em><br><\/td><\/tr><\/tbody><\/table><\/figure>\n","protected":false},"excerpt":{"rendered":"<p>Imi\u0119 i nazwisko doktoranta Krzysztof \u017bochowski E-mail (w domenie UwB): k.zochowski@uwb.edu.pl ORCID 0000-0001-7060-1280 Temat rozprawy doktorskiej Procedura cywilna w mi\u0119dzywojennej Polsce w pracach Eugeniusza Wa\u015bkowskiego Promotor dr hab. Marcin \u0141ysko,&hellip;<\/p>\n","protected":false},"author":7,"featured_media":0,"parent":0,"menu_order":0,"comment_status":"closed","ping_status":"closed","template":"","meta":{"footnotes":""},"class_list":["post-2408","page","type-page","status-publish","hentry"],"yoast_head":"<!-- This site is optimized with the Yoast SEO plugin v27.4 - https:\/\/yoast.com\/product\/yoast-seo-wordpress\/ -->\n<title>\u017bochowski Krzysztof - Szko\u0142a Doktorska Nauk Spo\u0142ecznych UwB<\/title>\n<meta name=\"robots\" content=\"index, follow, max-snippet:-1, max-image-preview:large, max-video-preview:-1\" \/>\n<link rel=\"canonical\" href=\"https:\/\/szkolydoktorskie.uwb.edu.pl\/ns\/zochowski-krzysztof\/\" \/>\n<meta property=\"og:locale\" content=\"pl_PL\" \/>\n<meta property=\"og:type\" content=\"article\" \/>\n<meta property=\"og:title\" content=\"\u017bochowski Krzysztof - Szko\u0142a Doktorska Nauk Spo\u0142ecznych UwB\" \/>\n<meta property=\"og:description\" content=\"Imi\u0119 i nazwisko doktoranta Krzysztof \u017bochowski E-mail (w domenie UwB): k.zochowski@uwb.edu.pl ORCID 0000-0001-7060-1280 Temat rozprawy doktorskiej Procedura cywilna w mi\u0119dzywojennej Polsce w pracach Eugeniusza Wa\u015bkowskiego Promotor dr hab. Marcin \u0141ysko,&hellip;\" \/>\n<meta property=\"og:url\" content=\"https:\/\/szkolydoktorskie.uwb.edu.pl\/ns\/zochowski-krzysztof\/\" \/>\n<meta property=\"og:site_name\" content=\"Szko\u0142a Doktorska Nauk Spo\u0142ecznych UwB\" \/>\n<meta property=\"article:modified_time\" content=\"2024-04-15T06:51:54+00:00\" \/>\n<meta name=\"twitter:card\" content=\"summary_large_image\" \/>\n<meta name=\"twitter:label1\" content=\"Szacowany czas czytania\" \/>\n\t<meta name=\"twitter:data1\" content=\"2 minuty\" \/>\n<script type=\"application\/ld+json\" class=\"yoast-schema-graph\">{\"@context\":\"https:\\\/\\\/schema.org\",\"@graph\":[{\"@type\":\"WebPage\",\"@id\":\"https:\\\/\\\/szkolydoktorskie.uwb.edu.pl\\\/ns\\\/zochowski-krzysztof\\\/\",\"url\":\"https:\\\/\\\/szkolydoktorskie.uwb.edu.pl\\\/ns\\\/zochowski-krzysztof\\\/\",\"name\":\"\u017bochowski Krzysztof - Szko\u0142a Doktorska Nauk Spo\u0142ecznych UwB\",\"isPartOf\":{\"@id\":\"https:\\\/\\\/szkolydoktorskie.uwb.edu.pl\\\/ns\\\/#website\"},\"datePublished\":\"2024-03-19T14:42:18+00:00\",\"dateModified\":\"2024-04-15T06:51:54+00:00\",\"breadcrumb\":{\"@id\":\"https:\\\/\\\/szkolydoktorskie.uwb.edu.pl\\\/ns\\\/zochowski-krzysztof\\\/#breadcrumb\"},\"inLanguage\":\"pl-PL\",\"potentialAction\":[{\"@type\":\"ReadAction\",\"target\":[\"https:\\\/\\\/szkolydoktorskie.uwb.edu.pl\\\/ns\\\/zochowski-krzysztof\\\/\"]}]},{\"@type\":\"BreadcrumbList\",\"@id\":\"https:\\\/\\\/szkolydoktorskie.uwb.edu.pl\\\/ns\\\/zochowski-krzysztof\\\/#breadcrumb\",\"itemListElement\":[{\"@type\":\"ListItem\",\"position\":1,\"name\":\"Strona g\u0142\u00f3wna\",\"item\":\"https:\\\/\\\/szkolydoktorskie.uwb.edu.pl\\\/ns\\\/\"},{\"@type\":\"ListItem\",\"position\":2,\"name\":\"\u017bochowski Krzysztof\"}]},{\"@type\":\"WebSite\",\"@id\":\"https:\\\/\\\/szkolydoktorskie.uwb.edu.pl\\\/ns\\\/#website\",\"url\":\"https:\\\/\\\/szkolydoktorskie.uwb.edu.pl\\\/ns\\\/\",\"name\":\"Szko\u0142a Doktorska Nauk Spo\u0142ecznych UwB\",\"description\":\"Szko\u0142a Doktorska Nauk Spo\u0142ecznych UwB\",\"publisher\":{\"@id\":\"https:\\\/\\\/szkolydoktorskie.uwb.edu.pl\\\/ns\\\/#organization\"},\"potentialAction\":[{\"@type\":\"SearchAction\",\"target\":{\"@type\":\"EntryPoint\",\"urlTemplate\":\"https:\\\/\\\/szkolydoktorskie.uwb.edu.pl\\\/ns\\\/?s={search_term_string}\"},\"query-input\":{\"@type\":\"PropertyValueSpecification\",\"valueRequired\":true,\"valueName\":\"search_term_string\"}}],\"inLanguage\":\"pl-PL\"},{\"@type\":\"Organization\",\"@id\":\"https:\\\/\\\/szkolydoktorskie.uwb.edu.pl\\\/ns\\\/#organization\",\"name\":\"Szko\u0142a Doktorska Nauk Spo\u0142ecznych UwB\",\"url\":\"https:\\\/\\\/szkolydoktorskie.uwb.edu.pl\\\/ns\\\/\",\"logo\":{\"@type\":\"ImageObject\",\"inLanguage\":\"pl-PL\",\"@id\":\"https:\\\/\\\/szkolydoktorskie.uwb.edu.pl\\\/ns\\\/#\\\/schema\\\/logo\\\/image\\\/\",\"url\":\"https:\\\/\\\/szkolydoktorskie.uwb.edu.pl\\\/ns\\\/wp-content\\\/uploads\\\/sites\\\/2\\\/2021\\\/04\\\/cropped-NS-LOGO.png\",\"contentUrl\":\"https:\\\/\\\/szkolydoktorskie.uwb.edu.pl\\\/ns\\\/wp-content\\\/uploads\\\/sites\\\/2\\\/2021\\\/04\\\/cropped-NS-LOGO.png\",\"width\":705,\"height\":188,\"caption\":\"Szko\u0142a Doktorska Nauk Spo\u0142ecznych UwB\"},\"image\":{\"@id\":\"https:\\\/\\\/szkolydoktorskie.uwb.edu.pl\\\/ns\\\/#\\\/schema\\\/logo\\\/image\\\/\"}}]}<\/script>\n<!-- \/ Yoast SEO plugin. -->","yoast_head_json":{"title":"\u017bochowski Krzysztof - Szko\u0142a Doktorska Nauk Spo\u0142ecznych UwB","robots":{"index":"index","follow":"follow","max-snippet":"max-snippet:-1","max-image-preview":"max-image-preview:large","max-video-preview":"max-video-preview:-1"},"canonical":"https:\/\/szkolydoktorskie.uwb.edu.pl\/ns\/zochowski-krzysztof\/","og_locale":"pl_PL","og_type":"article","og_title":"\u017bochowski Krzysztof - Szko\u0142a Doktorska Nauk Spo\u0142ecznych UwB","og_description":"Imi\u0119 i nazwisko doktoranta Krzysztof \u017bochowski E-mail (w domenie UwB): k.zochowski@uwb.edu.pl ORCID 0000-0001-7060-1280 Temat rozprawy doktorskiej Procedura cywilna w mi\u0119dzywojennej Polsce w pracach Eugeniusza Wa\u015bkowskiego Promotor dr hab. Marcin \u0141ysko,&hellip;","og_url":"https:\/\/szkolydoktorskie.uwb.edu.pl\/ns\/zochowski-krzysztof\/","og_site_name":"Szko\u0142a Doktorska Nauk Spo\u0142ecznych UwB","article_modified_time":"2024-04-15T06:51:54+00:00","twitter_card":"summary_large_image","twitter_misc":{"Szacowany czas czytania":"2 minuty"},"schema":{"@context":"https:\/\/schema.org","@graph":[{"@type":"WebPage","@id":"https:\/\/szkolydoktorskie.uwb.edu.pl\/ns\/zochowski-krzysztof\/","url":"https:\/\/szkolydoktorskie.uwb.edu.pl\/ns\/zochowski-krzysztof\/","name":"\u017bochowski Krzysztof - Szko\u0142a Doktorska Nauk Spo\u0142ecznych UwB","isPartOf":{"@id":"https:\/\/szkolydoktorskie.uwb.edu.pl\/ns\/#website"},"datePublished":"2024-03-19T14:42:18+00:00","dateModified":"2024-04-15T06:51:54+00:00","breadcrumb":{"@id":"https:\/\/szkolydoktorskie.uwb.edu.pl\/ns\/zochowski-krzysztof\/#breadcrumb"},"inLanguage":"pl-PL","potentialAction":[{"@type":"ReadAction","target":["https:\/\/szkolydoktorskie.uwb.edu.pl\/ns\/zochowski-krzysztof\/"]}]},{"@type":"BreadcrumbList","@id":"https:\/\/szkolydoktorskie.uwb.edu.pl\/ns\/zochowski-krzysztof\/#breadcrumb","itemListElement":[{"@type":"ListItem","position":1,"name":"Strona g\u0142\u00f3wna","item":"https:\/\/szkolydoktorskie.uwb.edu.pl\/ns\/"},{"@type":"ListItem","position":2,"name":"\u017bochowski Krzysztof"}]},{"@type":"WebSite","@id":"https:\/\/szkolydoktorskie.uwb.edu.pl\/ns\/#website","url":"https:\/\/szkolydoktorskie.uwb.edu.pl\/ns\/","name":"Szko\u0142a Doktorska Nauk Spo\u0142ecznych UwB","description":"Szko\u0142a Doktorska Nauk Spo\u0142ecznych UwB","publisher":{"@id":"https:\/\/szkolydoktorskie.uwb.edu.pl\/ns\/#organization"},"potentialAction":[{"@type":"SearchAction","target":{"@type":"EntryPoint","urlTemplate":"https:\/\/szkolydoktorskie.uwb.edu.pl\/ns\/?s={search_term_string}"},"query-input":{"@type":"PropertyValueSpecification","valueRequired":true,"valueName":"search_term_string"}}],"inLanguage":"pl-PL"},{"@type":"Organization","@id":"https:\/\/szkolydoktorskie.uwb.edu.pl\/ns\/#organization","name":"Szko\u0142a Doktorska Nauk Spo\u0142ecznych UwB","url":"https:\/\/szkolydoktorskie.uwb.edu.pl\/ns\/","logo":{"@type":"ImageObject","inLanguage":"pl-PL","@id":"https:\/\/szkolydoktorskie.uwb.edu.pl\/ns\/#\/schema\/logo\/image\/","url":"https:\/\/szkolydoktorskie.uwb.edu.pl\/ns\/wp-content\/uploads\/sites\/2\/2021\/04\/cropped-NS-LOGO.png","contentUrl":"https:\/\/szkolydoktorskie.uwb.edu.pl\/ns\/wp-content\/uploads\/sites\/2\/2021\/04\/cropped-NS-LOGO.png","width":705,"height":188,"caption":"Szko\u0142a Doktorska Nauk Spo\u0142ecznych UwB"},"image":{"@id":"https:\/\/szkolydoktorskie.uwb.edu.pl\/ns\/#\/schema\/logo\/image\/"}}]}},"_links":{"self":[{"href":"https:\/\/szkolydoktorskie.uwb.edu.pl\/ns\/wp-json\/wp\/v2\/pages\/2408","targetHints":{"allow":["GET"]}}],"collection":[{"href":"https:\/\/szkolydoktorskie.uwb.edu.pl\/ns\/wp-json\/wp\/v2\/pages"}],"about":[{"href":"https:\/\/szkolydoktorskie.uwb.edu.pl\/ns\/wp-json\/wp\/v2\/types\/page"}],"author":[{"embeddable":true,"href":"https:\/\/szkolydoktorskie.uwb.edu.pl\/ns\/wp-json\/wp\/v2\/users\/7"}],"replies":[{"embeddable":true,"href":"https:\/\/szkolydoktorskie.uwb.edu.pl\/ns\/wp-json\/wp\/v2\/comments?post=2408"}],"version-history":[{"count":5,"href":"https:\/\/szkolydoktorskie.uwb.edu.pl\/ns\/wp-json\/wp\/v2\/pages\/2408\/revisions"}],"predecessor-version":[{"id":2589,"href":"https:\/\/szkolydoktorskie.uwb.edu.pl\/ns\/wp-json\/wp\/v2\/pages\/2408\/revisions\/2589"}],"wp:attachment":[{"href":"https:\/\/szkolydoktorskie.uwb.edu.pl\/ns\/wp-json\/wp\/v2\/media?parent=2408"}],"curies":[{"name":"wp","href":"https:\/\/api.w.org\/{rel}","templated":true}]}}