{"id":2366,"date":"2024-03-19T14:59:17","date_gmt":"2024-03-19T13:59:17","guid":{"rendered":"https:\/\/szkolydoktorskie.uwb.edu.pl\/ns\/?page_id=2366"},"modified":"2024-08-26T10:52:22","modified_gmt":"2024-08-26T08:52:22","slug":"2023-2024-4","status":"publish","type":"page","link":"https:\/\/szkolydoktorskie.uwb.edu.pl\/ns\/2023-2024-4\/","title":{"rendered":"2023\/2024"},"content":{"rendered":"\n<p class=\"has-cyan-bluish-gray-background-color has-background\" style=\"font-size:25px\"><strong>Ocena \u015br\u00f3dokresowa 2023\/2024<\/strong><\/p>\n\n\n\n<p class=\"has-pale-cyan-blue-background-color has-background\"><strong>Akty prawne <\/strong><\/p>\n\n\n\n<p style=\"font-size:16px\"><a href=\"https:\/\/szkolydoktorskie.uwb.edu.pl\/ns\/wp-content\/uploads\/sites\/2\/2022\/07\/40_-_zmieniajace_zarzadzenie_nr_52_z_2021.pdf\"><strong>Zarz\u0105dzenie nr 40 Rektora Uniwersytetu w Bia\u0142ymstoku z dnia 5 lipca 2022 r<\/strong>. zmieniaj\u0105ce Zarz\u0105dzenie nr 52 Rektora Uniwersytetu w Bia\u0142ymstoku z dnia 8 czerwca 2021 r. <em>w sprawie zasad organizacji pracy komisji do przeprowadzenia oceny \u015br\u00f3dokresowej doktorant\u00f3w szk\u00f3\u0142 doktorskich Uniwersytetu w Bia\u0142ymstoku<\/em><\/a><\/p>\n\n\n\n<p style=\"font-size:16px\"><a href=\"https:\/\/szkolydoktorskie.uwb.edu.pl\/ns\/wp-content\/uploads\/sites\/2\/2021\/06\/52_-_szkoly_doktorskie_ocena.pdf\"><strong>Zarz\u0105dzenie nr 52 Rektora Uniwersytetu w Bia\u0142ymstoku z dnia 8 czerwca 2021 r<\/strong>.<em> w sprawie zasad organizacji pracy komisji do przeprowadzenia oceny \u015br\u00f3dokresowej doktorant\u00f3w szk\u00f3\u0142 doktorskich Uniwersytetu w Bia\u0142ymstoku<\/em><\/a><\/p>\n\n\n\n<p><\/p>\n\n\n\n<p class=\"has-pale-cyan-blue-background-color has-background\"><strong>Komisja \u015br\u00f3dokresowa<\/strong><\/p>\n\n\n\n<p><a href=\"https:\/\/szkolydoktorskie.uwb.edu.pl\/ns\/wp-content\/uploads\/sites\/2\/2024\/05\/Decyzja_nr_6_Rektora_Uniwersytetu_w_Bialymstoku_z_dnia_21_maja_2024_r__w_sprawie_powolania_komisji_do_przeprowadzenia_oceny_srodokresowej_w_Szkole_Doktorskiej_Nauk_Spolecznych.pdf\">Decyzja nr 6 Rektora Uniwersytetu w Bia\u0142ymstoku z dnia 21 maja 2024 r. <em>w sprawie powo\u0142ania komisji do przeprowadzenia oceny \u015br\u00f3dokresowej w Szkole Doktorskiej Nauk Spo\u0142ecznych<\/em><\/a><\/p>\n\n\n\n<div class=\"wp-block-group\"><div class=\"wp-block-group__inner-container is-layout-constrained wp-block-group-is-layout-constrained\">\n<figure class=\"wp-block-table\"><table><tbody><tr><td><strong>Dyscyplina<\/strong><\/td><td><strong>Doktoranci<\/strong><\/td><td><strong>Doktoranci<\/strong><\/td><\/tr><tr><td><strong><em>Ekonomia i finanse<\/em><\/strong><\/td><td>mgr Natalia Trocka<\/td><td><\/td><\/tr><tr><td><\/td><td><strong>Komisja I<\/strong><\/td><td><strong>Komisja II<\/strong><\/td><\/tr><tr><td><strong><em>Nauki prawne<\/em><\/strong><\/td><td>mgr Piotr Betkowski<br>mgr Aleksandra Niczyporuk<br>mgr Magdalena Szorc<br>mgr Krzysztof \u017bochowski<\/td><td>mgr Katarzyna Krzywicka<br>mgr Wojciech Micha\u0142owski<br>mgr \u017baneta \u00d6zdemir<br>mgr \u0141ukasz So\u0142owiej<\/td><\/tr><tr><td><strong><em>Nauki socjologiczne<\/em><\/strong><\/td><td>mgr Micha\u0142 J. D\u0105browski<br>mgr Justyna J\u00f3zwowicz<br>mgr Emilia Wo\u0142yniec- Kurkowska<\/td><td><\/td><\/tr><tr><td><strong><em>Pedagogika<\/em><\/strong><\/td><td>mgr Hanna Halavina<\/td><td><\/td><\/tr><\/tbody><\/table><\/figure>\n<\/div><\/div>\n\n\n\n<p class=\"has-pale-cyan-blue-background-color has-background\"><strong>Terminy posiedze\u0144 komisji do spraw przeprowadzania ocen \u015br\u00f3dokresowych <\/strong><\/p>\n\n\n\n<figure class=\"wp-block-table\"><table><tbody><tr><td><strong>Dyscyplina<\/strong><\/td><td><strong>Data <\/strong><\/td><td><strong>Godzina<\/strong><\/td><td><strong>Miejsce<\/strong> <strong>posiedzenia<\/strong><\/td><\/tr><tr><td><strong>Ekonomia i finanse<\/strong><\/td><td>21.10.2024 r.<\/td><td>10.00<\/td><td>p. 233, SDNS<\/td><\/tr><tr><td><strong>Nauki prawne<\/strong><em> &#8211; komisja I<\/em><\/td><td>29.10.2024 r.<\/td><td>od godz. 09.30<\/td><td><\/td><\/tr><tr><td><strong>Nauki prawne <\/strong><em>&#8211; komisja<\/em><strong> <\/strong><em>II<\/em><\/td><td>25.10.2024 r.<\/td><td>od godz. 09.00<\/td><td>tryb hybrydowy<\/td><\/tr><tr><td><strong>Nauki socjologiczne<\/strong><\/td><td>30.10.2024 r. <\/td><td>od godz. 10.00 <\/td><td>tryb hybrydowy<\/td><\/tr><tr><td><strong>Pedagogika<\/strong><\/td><td>25.10.2024 r. <\/td><td><\/td><td><\/td><\/tr><\/tbody><\/table><\/figure>\n\n\n\n<p class=\"has-pale-cyan-blue-background-color has-background\"><strong>Wyniki ocen \u015br\u00f3dokresowych<\/strong><\/p>\n","protected":false},"excerpt":{"rendered":"<p>Ocena \u015br\u00f3dokresowa 2023\/2024 Akty prawne Zarz\u0105dzenie nr 40 Rektora Uniwersytetu w Bia\u0142ymstoku z dnia 5 lipca 2022 r. zmieniaj\u0105ce Zarz\u0105dzenie nr 52 Rektora Uniwersytetu w Bia\u0142ymstoku z dnia 8 czerwca&hellip;<\/p>\n","protected":false},"author":7,"featured_media":0,"parent":0,"menu_order":0,"comment_status":"closed","ping_status":"closed","template":"","meta":{"footnotes":""},"class_list":["post-2366","page","type-page","status-publish","hentry"],"yoast_head":"<!-- This site is optimized with the Yoast SEO plugin v27.3 - https:\/\/yoast.com\/product\/yoast-seo-wordpress\/ -->\n<title>2023\/2024 - Szko\u0142a Doktorska Nauk Spo\u0142ecznych UwB<\/title>\n<meta name=\"robots\" content=\"index, follow, max-snippet:-1, max-image-preview:large, max-video-preview:-1\" \/>\n<link rel=\"canonical\" href=\"https:\/\/szkolydoktorskie.uwb.edu.pl\/ns\/2023-2024-4\/\" \/>\n<meta property=\"og:locale\" content=\"pl_PL\" \/>\n<meta property=\"og:type\" content=\"article\" \/>\n<meta property=\"og:title\" content=\"2023\/2024 - Szko\u0142a Doktorska Nauk Spo\u0142ecznych UwB\" \/>\n<meta property=\"og:description\" content=\"Ocena \u015br\u00f3dokresowa 2023\/2024 Akty prawne Zarz\u0105dzenie nr 40 Rektora Uniwersytetu w Bia\u0142ymstoku z dnia 5 lipca 2022 r. zmieniaj\u0105ce Zarz\u0105dzenie nr 52 Rektora Uniwersytetu w Bia\u0142ymstoku z dnia 8 czerwca&hellip;\" \/>\n<meta property=\"og:url\" content=\"https:\/\/szkolydoktorskie.uwb.edu.pl\/ns\/2023-2024-4\/\" \/>\n<meta property=\"og:site_name\" content=\"Szko\u0142a Doktorska Nauk Spo\u0142ecznych UwB\" \/>\n<meta property=\"article:modified_time\" content=\"2024-08-26T08:52:22+00:00\" \/>\n<meta name=\"twitter:card\" content=\"summary_large_image\" \/>\n<meta name=\"twitter:label1\" content=\"Szacowany czas czytania\" \/>\n\t<meta name=\"twitter:data1\" content=\"2 minuty\" \/>\n<script type=\"application\/ld+json\" class=\"yoast-schema-graph\">{\"@context\":\"https:\\\/\\\/schema.org\",\"@graph\":[{\"@type\":\"WebPage\",\"@id\":\"https:\\\/\\\/szkolydoktorskie.uwb.edu.pl\\\/ns\\\/2023-2024-4\\\/\",\"url\":\"https:\\\/\\\/szkolydoktorskie.uwb.edu.pl\\\/ns\\\/2023-2024-4\\\/\",\"name\":\"2023\\\/2024 - Szko\u0142a Doktorska Nauk Spo\u0142ecznych UwB\",\"isPartOf\":{\"@id\":\"https:\\\/\\\/szkolydoktorskie.uwb.edu.pl\\\/ns\\\/#website\"},\"datePublished\":\"2024-03-19T13:59:17+00:00\",\"dateModified\":\"2024-08-26T08:52:22+00:00\",\"breadcrumb\":{\"@id\":\"https:\\\/\\\/szkolydoktorskie.uwb.edu.pl\\\/ns\\\/2023-2024-4\\\/#breadcrumb\"},\"inLanguage\":\"pl-PL\",\"potentialAction\":[{\"@type\":\"ReadAction\",\"target\":[\"https:\\\/\\\/szkolydoktorskie.uwb.edu.pl\\\/ns\\\/2023-2024-4\\\/\"]}]},{\"@type\":\"BreadcrumbList\",\"@id\":\"https:\\\/\\\/szkolydoktorskie.uwb.edu.pl\\\/ns\\\/2023-2024-4\\\/#breadcrumb\",\"itemListElement\":[{\"@type\":\"ListItem\",\"position\":1,\"name\":\"Strona g\u0142\u00f3wna\",\"item\":\"https:\\\/\\\/szkolydoktorskie.uwb.edu.pl\\\/ns\\\/\"},{\"@type\":\"ListItem\",\"position\":2,\"name\":\"2023\\\/2024\"}]},{\"@type\":\"WebSite\",\"@id\":\"https:\\\/\\\/szkolydoktorskie.uwb.edu.pl\\\/ns\\\/#website\",\"url\":\"https:\\\/\\\/szkolydoktorskie.uwb.edu.pl\\\/ns\\\/\",\"name\":\"Szko\u0142a Doktorska Nauk Spo\u0142ecznych UwB\",\"description\":\"Szko\u0142a Doktorska Nauk Spo\u0142ecznych UwB\",\"publisher\":{\"@id\":\"https:\\\/\\\/szkolydoktorskie.uwb.edu.pl\\\/ns\\\/#organization\"},\"potentialAction\":[{\"@type\":\"SearchAction\",\"target\":{\"@type\":\"EntryPoint\",\"urlTemplate\":\"https:\\\/\\\/szkolydoktorskie.uwb.edu.pl\\\/ns\\\/?s={search_term_string}\"},\"query-input\":{\"@type\":\"PropertyValueSpecification\",\"valueRequired\":true,\"valueName\":\"search_term_string\"}}],\"inLanguage\":\"pl-PL\"},{\"@type\":\"Organization\",\"@id\":\"https:\\\/\\\/szkolydoktorskie.uwb.edu.pl\\\/ns\\\/#organization\",\"name\":\"Szko\u0142a Doktorska Nauk Spo\u0142ecznych UwB\",\"url\":\"https:\\\/\\\/szkolydoktorskie.uwb.edu.pl\\\/ns\\\/\",\"logo\":{\"@type\":\"ImageObject\",\"inLanguage\":\"pl-PL\",\"@id\":\"https:\\\/\\\/szkolydoktorskie.uwb.edu.pl\\\/ns\\\/#\\\/schema\\\/logo\\\/image\\\/\",\"url\":\"https:\\\/\\\/szkolydoktorskie.uwb.edu.pl\\\/ns\\\/wp-content\\\/uploads\\\/sites\\\/2\\\/2021\\\/04\\\/cropped-NS-LOGO.png\",\"contentUrl\":\"https:\\\/\\\/szkolydoktorskie.uwb.edu.pl\\\/ns\\\/wp-content\\\/uploads\\\/sites\\\/2\\\/2021\\\/04\\\/cropped-NS-LOGO.png\",\"width\":705,\"height\":188,\"caption\":\"Szko\u0142a Doktorska Nauk Spo\u0142ecznych UwB\"},\"image\":{\"@id\":\"https:\\\/\\\/szkolydoktorskie.uwb.edu.pl\\\/ns\\\/#\\\/schema\\\/logo\\\/image\\\/\"}}]}<\/script>\n<!-- \/ Yoast SEO plugin. -->","yoast_head_json":{"title":"2023\/2024 - Szko\u0142a Doktorska Nauk Spo\u0142ecznych UwB","robots":{"index":"index","follow":"follow","max-snippet":"max-snippet:-1","max-image-preview":"max-image-preview:large","max-video-preview":"max-video-preview:-1"},"canonical":"https:\/\/szkolydoktorskie.uwb.edu.pl\/ns\/2023-2024-4\/","og_locale":"pl_PL","og_type":"article","og_title":"2023\/2024 - Szko\u0142a Doktorska Nauk Spo\u0142ecznych UwB","og_description":"Ocena \u015br\u00f3dokresowa 2023\/2024 Akty prawne Zarz\u0105dzenie nr 40 Rektora Uniwersytetu w Bia\u0142ymstoku z dnia 5 lipca 2022 r. zmieniaj\u0105ce Zarz\u0105dzenie nr 52 Rektora Uniwersytetu w Bia\u0142ymstoku z dnia 8 czerwca&hellip;","og_url":"https:\/\/szkolydoktorskie.uwb.edu.pl\/ns\/2023-2024-4\/","og_site_name":"Szko\u0142a Doktorska Nauk Spo\u0142ecznych UwB","article_modified_time":"2024-08-26T08:52:22+00:00","twitter_card":"summary_large_image","twitter_misc":{"Szacowany czas czytania":"2 minuty"},"schema":{"@context":"https:\/\/schema.org","@graph":[{"@type":"WebPage","@id":"https:\/\/szkolydoktorskie.uwb.edu.pl\/ns\/2023-2024-4\/","url":"https:\/\/szkolydoktorskie.uwb.edu.pl\/ns\/2023-2024-4\/","name":"2023\/2024 - Szko\u0142a Doktorska Nauk Spo\u0142ecznych UwB","isPartOf":{"@id":"https:\/\/szkolydoktorskie.uwb.edu.pl\/ns\/#website"},"datePublished":"2024-03-19T13:59:17+00:00","dateModified":"2024-08-26T08:52:22+00:00","breadcrumb":{"@id":"https:\/\/szkolydoktorskie.uwb.edu.pl\/ns\/2023-2024-4\/#breadcrumb"},"inLanguage":"pl-PL","potentialAction":[{"@type":"ReadAction","target":["https:\/\/szkolydoktorskie.uwb.edu.pl\/ns\/2023-2024-4\/"]}]},{"@type":"BreadcrumbList","@id":"https:\/\/szkolydoktorskie.uwb.edu.pl\/ns\/2023-2024-4\/#breadcrumb","itemListElement":[{"@type":"ListItem","position":1,"name":"Strona g\u0142\u00f3wna","item":"https:\/\/szkolydoktorskie.uwb.edu.pl\/ns\/"},{"@type":"ListItem","position":2,"name":"2023\/2024"}]},{"@type":"WebSite","@id":"https:\/\/szkolydoktorskie.uwb.edu.pl\/ns\/#website","url":"https:\/\/szkolydoktorskie.uwb.edu.pl\/ns\/","name":"Szko\u0142a Doktorska Nauk Spo\u0142ecznych UwB","description":"Szko\u0142a Doktorska Nauk Spo\u0142ecznych UwB","publisher":{"@id":"https:\/\/szkolydoktorskie.uwb.edu.pl\/ns\/#organization"},"potentialAction":[{"@type":"SearchAction","target":{"@type":"EntryPoint","urlTemplate":"https:\/\/szkolydoktorskie.uwb.edu.pl\/ns\/?s={search_term_string}"},"query-input":{"@type":"PropertyValueSpecification","valueRequired":true,"valueName":"search_term_string"}}],"inLanguage":"pl-PL"},{"@type":"Organization","@id":"https:\/\/szkolydoktorskie.uwb.edu.pl\/ns\/#organization","name":"Szko\u0142a Doktorska Nauk Spo\u0142ecznych UwB","url":"https:\/\/szkolydoktorskie.uwb.edu.pl\/ns\/","logo":{"@type":"ImageObject","inLanguage":"pl-PL","@id":"https:\/\/szkolydoktorskie.uwb.edu.pl\/ns\/#\/schema\/logo\/image\/","url":"https:\/\/szkolydoktorskie.uwb.edu.pl\/ns\/wp-content\/uploads\/sites\/2\/2021\/04\/cropped-NS-LOGO.png","contentUrl":"https:\/\/szkolydoktorskie.uwb.edu.pl\/ns\/wp-content\/uploads\/sites\/2\/2021\/04\/cropped-NS-LOGO.png","width":705,"height":188,"caption":"Szko\u0142a Doktorska Nauk Spo\u0142ecznych UwB"},"image":{"@id":"https:\/\/szkolydoktorskie.uwb.edu.pl\/ns\/#\/schema\/logo\/image\/"}}]}},"_links":{"self":[{"href":"https:\/\/szkolydoktorskie.uwb.edu.pl\/ns\/wp-json\/wp\/v2\/pages\/2366","targetHints":{"allow":["GET"]}}],"collection":[{"href":"https:\/\/szkolydoktorskie.uwb.edu.pl\/ns\/wp-json\/wp\/v2\/pages"}],"about":[{"href":"https:\/\/szkolydoktorskie.uwb.edu.pl\/ns\/wp-json\/wp\/v2\/types\/page"}],"author":[{"embeddable":true,"href":"https:\/\/szkolydoktorskie.uwb.edu.pl\/ns\/wp-json\/wp\/v2\/users\/7"}],"replies":[{"embeddable":true,"href":"https:\/\/szkolydoktorskie.uwb.edu.pl\/ns\/wp-json\/wp\/v2\/comments?post=2366"}],"version-history":[{"count":14,"href":"https:\/\/szkolydoktorskie.uwb.edu.pl\/ns\/wp-json\/wp\/v2\/pages\/2366\/revisions"}],"predecessor-version":[{"id":2697,"href":"https:\/\/szkolydoktorskie.uwb.edu.pl\/ns\/wp-json\/wp\/v2\/pages\/2366\/revisions\/2697"}],"wp:attachment":[{"href":"https:\/\/szkolydoktorskie.uwb.edu.pl\/ns\/wp-json\/wp\/v2\/media?parent=2366"}],"curies":[{"name":"wp","href":"https:\/\/api.w.org\/{rel}","templated":true}]}}