{"id":223,"date":"2021-05-27T10:53:50","date_gmt":"2021-05-27T08:53:50","guid":{"rendered":"https:\/\/szkolydoktorskie.uwb.edu.pl\/ns\/?page_id=223"},"modified":"2024-03-22T13:03:55","modified_gmt":"2024-03-22T12:03:55","slug":"rutkowska-izabela","status":"publish","type":"page","link":"https:\/\/szkolydoktorskie.uwb.edu.pl\/ns\/rutkowska-izabela\/","title":{"rendered":"Rutkowska Izabela"},"content":{"rendered":"\n<div class=\"wp-block-media-text alignwide is-stacked-on-mobile\" style=\"grid-template-columns:15% auto\"><figure class=\"wp-block-media-text__media\"><img loading=\"lazy\" decoding=\"async\" width=\"1024\" height=\"1024\" src=\"https:\/\/szkolydoktorskie.uwb.edu.pl\/ns\/wp-content\/uploads\/sites\/2\/2022\/01\/Izabela-Rutkowska-1024x1024.jpg\" alt=\"\" class=\"wp-image-817 size-full\" srcset=\"https:\/\/szkolydoktorskie.uwb.edu.pl\/ns\/wp-content\/uploads\/sites\/2\/2022\/01\/Izabela-Rutkowska-1024x1024.jpg 1024w, https:\/\/szkolydoktorskie.uwb.edu.pl\/ns\/wp-content\/uploads\/sites\/2\/2022\/01\/Izabela-Rutkowska-300x300.jpg 300w, https:\/\/szkolydoktorskie.uwb.edu.pl\/ns\/wp-content\/uploads\/sites\/2\/2022\/01\/Izabela-Rutkowska-150x150.jpg 150w, https:\/\/szkolydoktorskie.uwb.edu.pl\/ns\/wp-content\/uploads\/sites\/2\/2022\/01\/Izabela-Rutkowska-768x768.jpg 768w, https:\/\/szkolydoktorskie.uwb.edu.pl\/ns\/wp-content\/uploads\/sites\/2\/2022\/01\/Izabela-Rutkowska-1536x1536.jpg 1536w, https:\/\/szkolydoktorskie.uwb.edu.pl\/ns\/wp-content\/uploads\/sites\/2\/2022\/01\/Izabela-Rutkowska-2048x2048.jpg 2048w\" sizes=\"auto, (max-width: 1024px) 100vw, 1024px\" \/><\/figure><div class=\"wp-block-media-text__content\">\n<p class=\"has-large-font-size\"><\/p>\n<\/div><\/div>\n\n\n\n<figure class=\"wp-block-table\"><table><tbody><tr><td><strong>Imi\u0119 i nazwisko doktoranta<\/strong><\/td><td><strong>Izabela Rutkowska<\/strong><\/td><\/tr><tr><td><strong>E-mail <\/strong><br><em>(w domenie UwB)<\/em><\/td><td>i.rutkowska@uwb.edu.pl<\/td><\/tr><tr><td><strong>ORCID<\/strong><\/td><td>0000-0002-5165-2215<\/td><\/tr><tr><td><strong>Temat rozprawy doktorskiej<\/strong><\/td><td>Kapita\u0142 intelektualny a wyniki ekonomiczne sp\u00f3\u0142ek gie\u0142dowych sektora IT<\/td><\/tr><tr><td><strong>Promotor<\/strong><\/td><td>dr hab. Gra\u017cyna Michalczuk, prof. UwB<\/td><\/tr><tr><td><strong>Wydzia\u0142 <\/strong><br><strong>\/Katedra\/Zak\u0142ad<\/strong><\/td><td>Wydzia\u0142 Ekonomii i Finans\u00f3w<br>Katedra Finans\u00f3w<br>Zak\u0142ad Finans\u00f3w i Rachunkowo\u015bci<\/td><\/tr><tr><td><\/td><td><strong>Publikacje naukowe<\/strong><\/td><\/tr><tr><td><em>Artyku\u0142y naukowe w czasopismach<\/em><\/td><td>G. Michalczuk, I. Rutkowska, <em>Efektywno\u015b\u0107 kapita\u0142u intelektualnego bank\u00f3w notowanych na GPW w Warszawie<\/em>, \u201eMarketing i Rynek&#8221;, 2022, t. XXIX, nr 6\/2022, s. 25-36.<br><br>I. Rutkowska, <em>Impact of intellectual capital on financial ratios: evidence from Polish banks listed on the Warsaw Stock Exchange<\/em>, \u201eAkademia Zarz\u0105dzania\u201d \u2013 \u201eAcademy of Management \u2013 Quarterly Journal of the Faculty of Engineering Management\u201d, 2022, Volume 6, Issue 2, s. 44-68.<br><br>G. Michalczuk, U. Konarzewska, I. Rutkowska, <em>Efektywno\u015b\u0107 kapita\u0142u intelektualnego a wyniki sp\u00f3\u0142ek spo\u0142ecznie odpowiedzialnych indeksu WIG-Energia<\/em>, \u201eOptimum. Economic Studies\u201d, 2021, Nr 3(105), s. 15-32.<br><br>I. Rutkowska, <em>Management of human capital diversity in socially responsible companies<\/em>, \u201eZeszyty Naukowe Wy\u017cszej Szko\u0142y Humanitas Zarz\u0105dzanie\u201d, 2020, Tom 21, Nr 4, s. 197-210.<br><br>P. Muczy\u0144ski, I. Rutkowska, M. Zdunko, <em>Zastosowanie Power BI w zarz\u0105dzaniu przedsi\u0119biorstwem<\/em>, Horyzonty Controllingu 2019, P. Kozak (red.), DOM ORGANIZATORA, Towarzystwo Naukowe Organizacji i Kierownictwa, Toru\u0144, 2020, s. 115-127.<br><br>A. Dyhdalewicz, I. Rutkowska, <em>Specyfika ustalania wyniku finansowego podmiot\u00f3w leczniczych \u2013 studium przypadku<\/em>, \u201eAkademia Zarz\u0105dzania\u201d \u2013 \u201eAcademy of Management \u2013 Quarterly Journal of the Faculty of Engineering Management\u201d 2019, Volume 3, Issue 4, s. 51-72.<br><br>I. Rutkowska, <em>Kto stoi na stra\u017cy naszych oszcz\u0119dno\u015bci? Czyli systemy zabezpiecze\u0144 bankowo\u015bci elektronicznej<\/em>, \u201eMagazyn Forward\u201d, Nr 22 (04\/2018).<\/td><\/tr><tr><td><em>Monografie naukowe\/rozdzia\u0142y w monografiach<\/em><\/td><td><br>I. Rutkowska, <em>Znaczenie etyki zawodowej w rachunkowo\u015bci<\/em>, monografia naukowa \u2013 \u201eZastosowania rachunkowo\u015bci w przedsi\u0119biorstwach\u201d, Oficyna Wydawnicza Politechniki Rzeszowskiej, Rzesz\u00f3w 2019, s. 206-215. (20 pkt.)<\/td><\/tr><tr><td><\/td><td><strong>Wyst\u0105pienia konferencjach naukowych<\/strong><\/td><\/tr><tr><td><\/td><td>Wyst\u0105pienie pt<em>. Kapita\u0142 intelektualny a rentowno\u015b\u0107: dowody polskich sp\u00f3\u0142ek gie\u0142dowych indeksu WIG-Gry<\/em> w ramach IV Og\u00f3lnopolskiej Konferencji Naukowej Doktorant\u00f3w i M\u0142odych Pracownik\u00f3w Nauki \u2013 \u201eTr\u00f3jstyk IV \u2013 Ekonomia, Finanse, Zarz\u0105dzanie\u201d, 18-19.05.2023 r., Uniwersytet Ekonomiczny w Katowicach.<br><br>Wyst\u0105pienie pt. <em>Efektywno\u015b\u0107 kapita\u0142u intelektualnego a kondycja finansowa polskich bank\u00f3w notowanych na GPW w Warszawie <\/em>w ramach III Og\u00f3lnopolskiej Konferencji Naukowej Doktorant\u00f3w i M\u0142odych Pracownik\u00f3w Nauki \u2013 \u201eTr\u00f3jstyk \u2013 Ekonomia, Finanse, Zarz\u0105dzanie\u201d, 20.05.2022 r., Uniwersytet Ekonomiczny w Katowicach.<br><br>Wyst\u0105pienie pt. <em>Efektywno\u015b\u0107 kapita\u0142u intelektualnego bank\u00f3w spo\u0142ecznie odpowiedzialnych indeksu WIG-ESG <\/em>w ramach II Og\u00f3lnopolskiej Konferencji Naukowej Doktorant\u00f3w i M\u0142odych Pracownik\u00f3w Nauki \u2013 \u201eTr\u00f3jstyk \u2013 Ekonomia, Finanse, Zarz\u0105dzanie\u201d, 28.05.2021 r., Uniwersytet Ekonomiczny w Katowicach.<br>\u00a0<br>Wyst\u0105pienie pt.<em> The social dimension of sustainable development on the example of practices taken by socially responsible banks <\/em>w ramach XVI Mi\u0119dzynarodowej Naukowej Konferencji Internetowej Student\u00f3w i Doktorant\u00f3w \u201eEkonomia i zarz\u0105dzanie XXI wieku\u201d, 15-16.04.2021 r., Grodzie\u0144ski Uniwersytet Pa\u0144stwowy im. Janki Kupa\u0142y, Grodno, Bia\u0142oru\u015b.<br><em>\u00a0<\/em><br>Wyst\u0105pienie pt. <em>Ekonomiczne i spo\u0142eczne uwarunkowania rozwoju kapita\u0142u ludzkiego <\/em>w ramach III edycji Og\u00f3lnopolskiej e-Konferencji Naukowej \u201ee-Factory of Science\u201d, Fundacja Promovendi, 09.05.2020 r.<br>\u00a0<br>Wyst\u0105pienie pt.<em> Zastosowanie narz\u0119dzi Business Intelligence firmy Microsoft w zarz\u0105dzaniu przedsi\u0119biorstwem<\/em> w ramach II Og\u00f3lnopolskiej Konferencji Horyzonty Controllingu, Toru\u0144, maj 2019.<\/td><\/tr><tr><td><\/td><td><strong>Inne aktywno\u015bci\/osi\u0105gni\u0119cia naukowe Doktoranta<\/strong><\/td><\/tr><tr><td><\/td><td>Odbycie dwutygodniowego sta\u017cu naukowego w Katedrze Zarz\u0105dzania, Ekonomii i Finans\u00f3w na Wydziale In\u017cynierii Zarz\u0105dzania Politechniki Bia\u0142ostockiej pod opiek\u0105 dr hab. Zbigniewa Korzeba, prof. PB.<br><br>Cz\u0142onek zespo\u0142u ds. dzia\u0142a\u0144 proekologicznych powo\u0142anego 18.01.2021 r. decyzj\u0105 dziekan Wydzia\u0142u Ekonomii i Finans\u00f3w UwB prof. dr hab. Marzanny Poniatowicz. Wsp\u00f3\u0142tworzenie projektu EKO-Ekonomia.<br>\u00a0<br>Cz\u0142onek Ko\u0142a Naukowego Ekonomii Eksperymentalnej.<br>\u00a0<br>Odbycie 5miesi\u0119cznego sta\u017cu asystenckiego na Wydziale In\u017cynierii Zarz\u0105dzania Politechniki Bia\u0142ostockiej w Katedrze Finans\u00f3w i Rachunkowo\u015bci.<br>\u00a0<br>Otrzymanie Nagrody Santander Universidades dla najlepszej studentki studi\u00f3w stacjonarnych na Wydziale In\u017cynierii Zarz\u0105dzania Politechniki Bia\u0142ostockiej o specjalno\u015bci Rachunkowo\u015b\u0107 i zarz\u0105dzanie finansami ACCA.<br><br>Dzia\u0142alno\u015b\u0107 w Studenckim Kole Naukowym Finans\u00f3w i Rachunkowo\u015bci \u201eWinien-Ma\u201d<\/td><\/tr><\/tbody><\/table><\/figure>\n\n\n\n<p><\/p>\n","protected":false},"excerpt":{"rendered":"<p>Imi\u0119 i nazwisko doktoranta Izabela Rutkowska E-mail (w domenie UwB) i.rutkowska@uwb.edu.pl ORCID 0000-0002-5165-2215 Temat rozprawy doktorskiej Kapita\u0142 intelektualny a wyniki ekonomiczne sp\u00f3\u0142ek gie\u0142dowych sektora IT Promotor dr hab. Gra\u017cyna Michalczuk,&hellip;<\/p>\n","protected":false},"author":1,"featured_media":0,"parent":0,"menu_order":0,"comment_status":"closed","ping_status":"closed","template":"","meta":{"footnotes":""},"class_list":["post-223","page","type-page","status-publish","hentry"],"yoast_head":"<!-- This site is optimized with the Yoast SEO plugin v27.4 - https:\/\/yoast.com\/product\/yoast-seo-wordpress\/ -->\n<title>Rutkowska Izabela - Szko\u0142a Doktorska Nauk Spo\u0142ecznych UwB<\/title>\n<meta name=\"robots\" content=\"index, follow, max-snippet:-1, max-image-preview:large, max-video-preview:-1\" \/>\n<link rel=\"canonical\" href=\"https:\/\/szkolydoktorskie.uwb.edu.pl\/ns\/rutkowska-izabela\/\" \/>\n<meta property=\"og:locale\" content=\"pl_PL\" \/>\n<meta property=\"og:type\" content=\"article\" \/>\n<meta property=\"og:title\" content=\"Rutkowska Izabela - Szko\u0142a Doktorska Nauk Spo\u0142ecznych UwB\" \/>\n<meta property=\"og:description\" content=\"Imi\u0119 i nazwisko doktoranta Izabela Rutkowska E-mail (w domenie UwB) i.rutkowska@uwb.edu.pl ORCID 0000-0002-5165-2215 Temat rozprawy doktorskiej Kapita\u0142 intelektualny a wyniki ekonomiczne sp\u00f3\u0142ek gie\u0142dowych sektora IT Promotor dr hab. Gra\u017cyna Michalczuk,&hellip;\" \/>\n<meta property=\"og:url\" content=\"https:\/\/szkolydoktorskie.uwb.edu.pl\/ns\/rutkowska-izabela\/\" \/>\n<meta property=\"og:site_name\" content=\"Szko\u0142a Doktorska Nauk Spo\u0142ecznych UwB\" \/>\n<meta property=\"article:modified_time\" content=\"2024-03-22T12:03:55+00:00\" \/>\n<meta property=\"og:image\" content=\"https:\/\/szkolydoktorskie.uwb.edu.pl\/ns\/wp-content\/uploads\/sites\/2\/2022\/01\/Izabela-Rutkowska-1024x1024.jpg\" \/>\n<meta name=\"twitter:card\" content=\"summary_large_image\" \/>\n<meta name=\"twitter:label1\" content=\"Szacowany czas czytania\" \/>\n\t<meta name=\"twitter:data1\" content=\"4 minuty\" \/>\n<script type=\"application\/ld+json\" class=\"yoast-schema-graph\">{\"@context\":\"https:\\\/\\\/schema.org\",\"@graph\":[{\"@type\":\"WebPage\",\"@id\":\"https:\\\/\\\/szkolydoktorskie.uwb.edu.pl\\\/ns\\\/rutkowska-izabela\\\/\",\"url\":\"https:\\\/\\\/szkolydoktorskie.uwb.edu.pl\\\/ns\\\/rutkowska-izabela\\\/\",\"name\":\"Rutkowska Izabela - Szko\u0142a Doktorska Nauk Spo\u0142ecznych UwB\",\"isPartOf\":{\"@id\":\"https:\\\/\\\/szkolydoktorskie.uwb.edu.pl\\\/ns\\\/#website\"},\"primaryImageOfPage\":{\"@id\":\"https:\\\/\\\/szkolydoktorskie.uwb.edu.pl\\\/ns\\\/rutkowska-izabela\\\/#primaryimage\"},\"image\":{\"@id\":\"https:\\\/\\\/szkolydoktorskie.uwb.edu.pl\\\/ns\\\/rutkowska-izabela\\\/#primaryimage\"},\"thumbnailUrl\":\"https:\\\/\\\/szkolydoktorskie.uwb.edu.pl\\\/ns\\\/wp-content\\\/uploads\\\/sites\\\/2\\\/2022\\\/01\\\/Izabela-Rutkowska-1024x1024.jpg\",\"datePublished\":\"2021-05-27T08:53:50+00:00\",\"dateModified\":\"2024-03-22T12:03:55+00:00\",\"breadcrumb\":{\"@id\":\"https:\\\/\\\/szkolydoktorskie.uwb.edu.pl\\\/ns\\\/rutkowska-izabela\\\/#breadcrumb\"},\"inLanguage\":\"pl-PL\",\"potentialAction\":[{\"@type\":\"ReadAction\",\"target\":[\"https:\\\/\\\/szkolydoktorskie.uwb.edu.pl\\\/ns\\\/rutkowska-izabela\\\/\"]}]},{\"@type\":\"ImageObject\",\"inLanguage\":\"pl-PL\",\"@id\":\"https:\\\/\\\/szkolydoktorskie.uwb.edu.pl\\\/ns\\\/rutkowska-izabela\\\/#primaryimage\",\"url\":\"https:\\\/\\\/szkolydoktorskie.uwb.edu.pl\\\/ns\\\/wp-content\\\/uploads\\\/sites\\\/2\\\/2022\\\/01\\\/Izabela-Rutkowska-scaled.jpg\",\"contentUrl\":\"https:\\\/\\\/szkolydoktorskie.uwb.edu.pl\\\/ns\\\/wp-content\\\/uploads\\\/sites\\\/2\\\/2022\\\/01\\\/Izabela-Rutkowska-scaled.jpg\",\"width\":2560,\"height\":2560},{\"@type\":\"BreadcrumbList\",\"@id\":\"https:\\\/\\\/szkolydoktorskie.uwb.edu.pl\\\/ns\\\/rutkowska-izabela\\\/#breadcrumb\",\"itemListElement\":[{\"@type\":\"ListItem\",\"position\":1,\"name\":\"Strona g\u0142\u00f3wna\",\"item\":\"https:\\\/\\\/szkolydoktorskie.uwb.edu.pl\\\/ns\\\/\"},{\"@type\":\"ListItem\",\"position\":2,\"name\":\"Rutkowska Izabela\"}]},{\"@type\":\"WebSite\",\"@id\":\"https:\\\/\\\/szkolydoktorskie.uwb.edu.pl\\\/ns\\\/#website\",\"url\":\"https:\\\/\\\/szkolydoktorskie.uwb.edu.pl\\\/ns\\\/\",\"name\":\"Szko\u0142a Doktorska Nauk Spo\u0142ecznych UwB\",\"description\":\"Szko\u0142a Doktorska Nauk Spo\u0142ecznych UwB\",\"publisher\":{\"@id\":\"https:\\\/\\\/szkolydoktorskie.uwb.edu.pl\\\/ns\\\/#organization\"},\"potentialAction\":[{\"@type\":\"SearchAction\",\"target\":{\"@type\":\"EntryPoint\",\"urlTemplate\":\"https:\\\/\\\/szkolydoktorskie.uwb.edu.pl\\\/ns\\\/?s={search_term_string}\"},\"query-input\":{\"@type\":\"PropertyValueSpecification\",\"valueRequired\":true,\"valueName\":\"search_term_string\"}}],\"inLanguage\":\"pl-PL\"},{\"@type\":\"Organization\",\"@id\":\"https:\\\/\\\/szkolydoktorskie.uwb.edu.pl\\\/ns\\\/#organization\",\"name\":\"Szko\u0142a Doktorska Nauk Spo\u0142ecznych UwB\",\"url\":\"https:\\\/\\\/szkolydoktorskie.uwb.edu.pl\\\/ns\\\/\",\"logo\":{\"@type\":\"ImageObject\",\"inLanguage\":\"pl-PL\",\"@id\":\"https:\\\/\\\/szkolydoktorskie.uwb.edu.pl\\\/ns\\\/#\\\/schema\\\/logo\\\/image\\\/\",\"url\":\"https:\\\/\\\/szkolydoktorskie.uwb.edu.pl\\\/ns\\\/wp-content\\\/uploads\\\/sites\\\/2\\\/2021\\\/04\\\/cropped-NS-LOGO.png\",\"contentUrl\":\"https:\\\/\\\/szkolydoktorskie.uwb.edu.pl\\\/ns\\\/wp-content\\\/uploads\\\/sites\\\/2\\\/2021\\\/04\\\/cropped-NS-LOGO.png\",\"width\":705,\"height\":188,\"caption\":\"Szko\u0142a Doktorska Nauk Spo\u0142ecznych UwB\"},\"image\":{\"@id\":\"https:\\\/\\\/szkolydoktorskie.uwb.edu.pl\\\/ns\\\/#\\\/schema\\\/logo\\\/image\\\/\"}}]}<\/script>\n<!-- \/ Yoast SEO plugin. -->","yoast_head_json":{"title":"Rutkowska Izabela - Szko\u0142a Doktorska Nauk Spo\u0142ecznych UwB","robots":{"index":"index","follow":"follow","max-snippet":"max-snippet:-1","max-image-preview":"max-image-preview:large","max-video-preview":"max-video-preview:-1"},"canonical":"https:\/\/szkolydoktorskie.uwb.edu.pl\/ns\/rutkowska-izabela\/","og_locale":"pl_PL","og_type":"article","og_title":"Rutkowska Izabela - Szko\u0142a Doktorska Nauk Spo\u0142ecznych UwB","og_description":"Imi\u0119 i nazwisko doktoranta Izabela Rutkowska E-mail (w domenie UwB) i.rutkowska@uwb.edu.pl ORCID 0000-0002-5165-2215 Temat rozprawy doktorskiej Kapita\u0142 intelektualny a wyniki ekonomiczne sp\u00f3\u0142ek gie\u0142dowych sektora IT Promotor dr hab. Gra\u017cyna Michalczuk,&hellip;","og_url":"https:\/\/szkolydoktorskie.uwb.edu.pl\/ns\/rutkowska-izabela\/","og_site_name":"Szko\u0142a Doktorska Nauk Spo\u0142ecznych UwB","article_modified_time":"2024-03-22T12:03:55+00:00","og_image":[{"url":"https:\/\/szkolydoktorskie.uwb.edu.pl\/ns\/wp-content\/uploads\/sites\/2\/2022\/01\/Izabela-Rutkowska-1024x1024.jpg","type":"","width":"","height":""}],"twitter_card":"summary_large_image","twitter_misc":{"Szacowany czas czytania":"4 minuty"},"schema":{"@context":"https:\/\/schema.org","@graph":[{"@type":"WebPage","@id":"https:\/\/szkolydoktorskie.uwb.edu.pl\/ns\/rutkowska-izabela\/","url":"https:\/\/szkolydoktorskie.uwb.edu.pl\/ns\/rutkowska-izabela\/","name":"Rutkowska Izabela - Szko\u0142a Doktorska Nauk Spo\u0142ecznych UwB","isPartOf":{"@id":"https:\/\/szkolydoktorskie.uwb.edu.pl\/ns\/#website"},"primaryImageOfPage":{"@id":"https:\/\/szkolydoktorskie.uwb.edu.pl\/ns\/rutkowska-izabela\/#primaryimage"},"image":{"@id":"https:\/\/szkolydoktorskie.uwb.edu.pl\/ns\/rutkowska-izabela\/#primaryimage"},"thumbnailUrl":"https:\/\/szkolydoktorskie.uwb.edu.pl\/ns\/wp-content\/uploads\/sites\/2\/2022\/01\/Izabela-Rutkowska-1024x1024.jpg","datePublished":"2021-05-27T08:53:50+00:00","dateModified":"2024-03-22T12:03:55+00:00","breadcrumb":{"@id":"https:\/\/szkolydoktorskie.uwb.edu.pl\/ns\/rutkowska-izabela\/#breadcrumb"},"inLanguage":"pl-PL","potentialAction":[{"@type":"ReadAction","target":["https:\/\/szkolydoktorskie.uwb.edu.pl\/ns\/rutkowska-izabela\/"]}]},{"@type":"ImageObject","inLanguage":"pl-PL","@id":"https:\/\/szkolydoktorskie.uwb.edu.pl\/ns\/rutkowska-izabela\/#primaryimage","url":"https:\/\/szkolydoktorskie.uwb.edu.pl\/ns\/wp-content\/uploads\/sites\/2\/2022\/01\/Izabela-Rutkowska-scaled.jpg","contentUrl":"https:\/\/szkolydoktorskie.uwb.edu.pl\/ns\/wp-content\/uploads\/sites\/2\/2022\/01\/Izabela-Rutkowska-scaled.jpg","width":2560,"height":2560},{"@type":"BreadcrumbList","@id":"https:\/\/szkolydoktorskie.uwb.edu.pl\/ns\/rutkowska-izabela\/#breadcrumb","itemListElement":[{"@type":"ListItem","position":1,"name":"Strona g\u0142\u00f3wna","item":"https:\/\/szkolydoktorskie.uwb.edu.pl\/ns\/"},{"@type":"ListItem","position":2,"name":"Rutkowska Izabela"}]},{"@type":"WebSite","@id":"https:\/\/szkolydoktorskie.uwb.edu.pl\/ns\/#website","url":"https:\/\/szkolydoktorskie.uwb.edu.pl\/ns\/","name":"Szko\u0142a Doktorska Nauk Spo\u0142ecznych UwB","description":"Szko\u0142a Doktorska Nauk Spo\u0142ecznych UwB","publisher":{"@id":"https:\/\/szkolydoktorskie.uwb.edu.pl\/ns\/#organization"},"potentialAction":[{"@type":"SearchAction","target":{"@type":"EntryPoint","urlTemplate":"https:\/\/szkolydoktorskie.uwb.edu.pl\/ns\/?s={search_term_string}"},"query-input":{"@type":"PropertyValueSpecification","valueRequired":true,"valueName":"search_term_string"}}],"inLanguage":"pl-PL"},{"@type":"Organization","@id":"https:\/\/szkolydoktorskie.uwb.edu.pl\/ns\/#organization","name":"Szko\u0142a Doktorska Nauk Spo\u0142ecznych UwB","url":"https:\/\/szkolydoktorskie.uwb.edu.pl\/ns\/","logo":{"@type":"ImageObject","inLanguage":"pl-PL","@id":"https:\/\/szkolydoktorskie.uwb.edu.pl\/ns\/#\/schema\/logo\/image\/","url":"https:\/\/szkolydoktorskie.uwb.edu.pl\/ns\/wp-content\/uploads\/sites\/2\/2021\/04\/cropped-NS-LOGO.png","contentUrl":"https:\/\/szkolydoktorskie.uwb.edu.pl\/ns\/wp-content\/uploads\/sites\/2\/2021\/04\/cropped-NS-LOGO.png","width":705,"height":188,"caption":"Szko\u0142a Doktorska Nauk Spo\u0142ecznych UwB"},"image":{"@id":"https:\/\/szkolydoktorskie.uwb.edu.pl\/ns\/#\/schema\/logo\/image\/"}}]}},"_links":{"self":[{"href":"https:\/\/szkolydoktorskie.uwb.edu.pl\/ns\/wp-json\/wp\/v2\/pages\/223","targetHints":{"allow":["GET"]}}],"collection":[{"href":"https:\/\/szkolydoktorskie.uwb.edu.pl\/ns\/wp-json\/wp\/v2\/pages"}],"about":[{"href":"https:\/\/szkolydoktorskie.uwb.edu.pl\/ns\/wp-json\/wp\/v2\/types\/page"}],"author":[{"embeddable":true,"href":"https:\/\/szkolydoktorskie.uwb.edu.pl\/ns\/wp-json\/wp\/v2\/users\/1"}],"replies":[{"embeddable":true,"href":"https:\/\/szkolydoktorskie.uwb.edu.pl\/ns\/wp-json\/wp\/v2\/comments?post=223"}],"version-history":[{"count":13,"href":"https:\/\/szkolydoktorskie.uwb.edu.pl\/ns\/wp-json\/wp\/v2\/pages\/223\/revisions"}],"predecessor-version":[{"id":2452,"href":"https:\/\/szkolydoktorskie.uwb.edu.pl\/ns\/wp-json\/wp\/v2\/pages\/223\/revisions\/2452"}],"wp:attachment":[{"href":"https:\/\/szkolydoktorskie.uwb.edu.pl\/ns\/wp-json\/wp\/v2\/media?parent=223"}],"curies":[{"name":"wp","href":"https:\/\/api.w.org\/{rel}","templated":true}]}}