{"id":219,"date":"2021-05-27T10:53:35","date_gmt":"2021-05-27T08:53:35","guid":{"rendered":"https:\/\/szkolydoktorskie.uwb.edu.pl\/ns\/?page_id=219"},"modified":"2024-03-22T12:41:01","modified_gmt":"2024-03-22T11:41:01","slug":"lewandowska-aleksandra","status":"publish","type":"page","link":"https:\/\/szkolydoktorskie.uwb.edu.pl\/ns\/lewandowska-aleksandra\/","title":{"rendered":"Lewandowska Aleksandra"},"content":{"rendered":"\n<figure class=\"wp-block-table\"><table><tbody><tr><td><strong>Imi\u0119 i nazwisko <\/strong><\/td><td><strong>Aleksandra Lewandowska <\/strong><\/td><\/tr><tr><td><strong>E-mail<\/strong> <br>(w domenie UwB)<\/td><td>a.lewandowska@uwb.edu.pl<\/td><\/tr><tr><td><strong>ORCID<\/strong><\/td><td>0000-0002-7762-2890<\/td><\/tr><tr><td><strong>Temat rozprawy doktorskiej<\/strong><\/td><td>Neuroterapia w resocjalizacji. Za\u0142o\u017cenia teoretyczne \u2013 do\u015bwiadczenia praktyczne \u2013 perspektywy rozwoju metody<\/td><\/tr><tr><td><strong>Promotor<\/strong><\/td><td>Prof. zw. dr hab. Marek Konopczy\u0144ski<\/td><\/tr><tr><td><strong>Wydzia\u0142<\/strong><br><strong>\/Katedra\/Zak\u0142ad<\/strong><\/td><td>Wydzia\u0142 Nauk o Edukacji, <br>Katedra Pedagogiki Specjalnej i Dzia\u0142a\u0144 Tw\u00f3rczych, <br>Zak\u0142ad Tw\u00f3rczej Resocjalizacji<\/td><\/tr><tr><td><\/td><td><strong>Publikacje naukowe<\/strong><\/td><\/tr><tr><td><em>Artyku\u0142y naukowe w czasopismach<\/em><\/td><td>Lewandowska A., Miejsce neuronauki w pedagogice resocjalizacyjnej, Resocjalizacja Polska 2020, Nr 20\/2020, w druku. (70 pkt)<\/td><\/tr><tr><td><em>Monografie naukowe\/rozdzia\u0142y w monografiach<\/em><\/td><td>1. Lewandowska A.J., Presnarowicz \u0141., Neurodowody w s\u0105dzie \u2013 nowe wyzwanie prawa i kryminologii (w:) E.W. P\u0142ywaczewski, D. Dajnowicz-Piesiecka, E. Jurgielewicz-Delegacz (red.) Przest\u0119pczo\u015b\u0107 XXI wieku. Szanse i wyzwania dla kryminologii, Wolters Kluwer, Warszawa 2020, s. 260-273. (20 pkt)\u00b7&nbsp;&nbsp;&nbsp;<br>&nbsp;&nbsp; <br>2. Lewandowska A., Kryminologiczne aspekty przest\u0119pstw seksualnych: etiologia, wiktymologii, leczenie i resocjalizacja, (w:) B. Kmieciak (red.) Seksualno\u015b\u0107 i prawo, Think and Make, Warszawa 2020, s. 137-159. (5 pkt)<br><br>3. Lewandowska A., The use of evidence from neuroscience in criminal law (w:) S. E. Cheburanova (red.) Trends in the development of legal science and the practice of improving legal institutions in the conditions of shaping an innovative society, GrSU Y. Kupala, Grodno 2019, s. 208-211. (20 pkt)<br><br>4. Lewandowska A., Dowody neuronaukowe w \u015bwietle wybranych orzecze\u0144 s\u0105dowych w USA (w:) A. W\u00f3jcik (rec.) Orzecznictwo, kt\u00f3re wywiera wp\u0142ywy. Glosy i komentarze, Think&amp;Make, Warszawa 2018, s. 483-494. (5 pkt)<br><br>5. Lewandowska A., Society and crime \u2013 a global dimension (w:) S.E. Cheburanova, A.G. Avdey, A.M. Vartanyan, V.N. Vatyl, M.I. Ignatik, R.N. Klyuchko, T.J. Martynenko, V.V. Poniedzia\u0142ek (red.) Impact of legal systems for the sustainable development of societies, GrSU Y. Kupala, Grodno 2018, s. 172-181. (20 pkt)<\/td><\/tr><tr><td><\/td><td><strong>Konferencje naukowe<\/strong><\/td><\/tr><tr><td><em>Wyst\u0105pienia na konferencjach naukowych<\/em><\/td><td>1. Og\u00f3lnopolskie Forum M\u0142odych Kryminolog\u00f3w, wyst\u0105pienie pod tytu\u0142em \u201eClinical criminology&nbsp;<em>comeback<\/em>? Biopsychosocial Crimiology concept\u201d, Uniwersytet w Bia\u0142ymstoku (23-25.09.2020 r.);<br>2. Og\u00f3lnopolska Konferencja Naukowa \u201eAmerican Law, Culture &amp; Psychology\u201d, wyst\u0105pienie pod tytu\u0142em \u201eBiopsychosocial criminology: wsp\u00f3\u0142czesne tendencje bada\u0144\u201d, Uniwersytet im. Adama Mickiewicza w Poznaniu (online, 13.06.2020 r.);<br>3. Og\u00f3lnopolska Konferencja Naukowa pt. \u201ePatologie spo\u0142eczne we wsp\u00f3\u0142czesnym \u015bwiecie \u2013 aspekty prawne i kryminologiczne\u201d, wyst\u0105pienie pt. \u201ePotrzeba stymulacji w genezie zachowa\u0144 patologicznych\u201d, Uniwersytet w Bia\u0142ymstoku, (online, 12.06.2020 r.);<br>4. Og\u00f3lnopolska Konferencja Naukowa pt. \u201eAktualne problemy i wyzwania polskiej penitencjarystyki\u201d, wyst\u0105pienie pt. Sp\u00f3r o wykorzystywanie bada\u0144 neuronaukowych we wsp\u00f3\u0142czesnej resocjalizacji\u201d, Uniwersytet Kardyna\u0142a Stefana Wyszy\u0144skiego w Warszawie (online, 7.05.2020 r.)<br>5. Mi\u0119dzynarodowa Konferencja pt. \u201eLegal Clinics \u2013 Sight Into the Future\u201d, wyst\u0105pienie pt. \u201eAggressive client in Legal Clinic \u2013 dealing strategies\u201d, Po\u0142ocki Uniwersytet Pa\u0144stwowy (Bia\u0142oru\u015b) oraz Raoul Wallenberg Institute of Human Rights and Humanitarian Law (Szwecja), miejsce: Nowopo\u0142ock, Bia\u0142oru\u015b, (26-29.11.2019 r.)<br>6. 75. Zjazd Ameryka\u0144skiego Towarzystwa Kryminologicznego, wyst\u0105pienia pt.:<br>&#8211; \u201eThe use of neurofeedback training as the treatment of aggressive offenders\u201d,<br>&#8211; \u201eLife trajectories of violent juvenile offenders based on a survey of juveniles in a correctional facility\u201d,- poster pt. Bioelectric activity of the brain and its influence on the tendency to aggressive behavior\u201d,San Francisco, CA, USA (13-16.11.2019 r.);<br>7. Og\u00f3lnopolska Konferencja Naukowa \u201eCz\u0142owiek w obliczu prawa. 100-lecie wzajemnych do\u015bwiadcze\u0144 nauki i praktyki\u201d, wyst\u0105pienie pt. \u201e\u015awiadomo\u015b\u0107 nieletnich dotycz\u0105ca pope\u0142nionych przez nich czyn\u00f3w karalnych \u2013 wst\u0119p do bada\u0144\u201d, Uniwersytet Gda\u0144ski (24-25.20.2019 r.);<br>8. Kongres Kryminologiczny, wyst\u0105pienie pt. \u201eKryminologia biopsychospo\u0142eczna \u2013 istota \u0142\u0105czenia nauk o cz\u0142owieku na potrzeby wsp\u00f3\u0142czesnej kryminologii\u201d, Zak\u0142ad Kryminologii Instytutu Nauk Prawnych Polskiej Akademii Nauk, Polskie Towarzystwo Kryminologiczne im. prof. Stanis\u0142awa Batawii (25-26.09.2019 r.);\u00b7&nbsp;&nbsp;&nbsp;&nbsp;&nbsp;&nbsp;&nbsp;&nbsp; <br>9. Og\u00f3lnopolska Konferencja Naukowa \u201ePsychozjum\u201d, wyst\u0105pienie pt. \u201eAktywno\u015b\u0107 bioelektryczna m\u00f3zgu, a sk\u0142onno\u015bci do agresji\u201d, Uniwersytet im. Adama Mickiewicza w Poznaniu (7-8.06.2019 r.);\u00b7&nbsp;&nbsp;&nbsp;&nbsp;&nbsp;&nbsp;&nbsp;&nbsp; <br>10. IX Og\u00f3lnopolski Zjazd K\u00f3\u0142 Naukowych Kryminalistyki pt. \u201eKryminalistyka wczoraj, dzi\u015b i jutro\u201d, wyst\u0105pienie pt. \u201eFala P300 &#8211; wykrywacz k\u0142amstw czy predyktor zachowa\u0144 agresywnych?\u201d, Uniwersytet Warmi\u0144sko-Mazurski w Olsztynie (13-15.05.2019 r.);\u00b7&nbsp;&nbsp;&nbsp;&nbsp;&nbsp;&nbsp;&nbsp;&nbsp; 11. Og\u00f3lnopolska Konferencja Naukowa \u201eProces Karny Na Przestrzeni Lat\u201d, wyst\u0105pienie pt. \u201eEwolucja poj\u0119cia niepoczytalno\u015bci na przestrzeni lat\u201d, Uniwersytet w Bia\u0142ymstoku (8.05.2019 r.);\u00b7&nbsp;&nbsp;&nbsp;&nbsp;&nbsp;&nbsp;&nbsp;&nbsp; <br>12. Og\u00f3lnopolska Konferencja Naukowa \u201eOko w oko z adolescencj\u0105\u201d, wyst\u0105pienie pt. \u201eWp\u0142yw rozwoju neuropsychologicznego os\u00f3b w wieku dorastania na podejmowanie ryzykowych decyzji prowadz\u0105cych do pope\u0142nienia czynu zabronionego\u201d, Uniwersytet Marii Sk\u0142odowskiej-Curie (26.04.2019 r.);\u00b7&nbsp;&nbsp;&nbsp;&nbsp;&nbsp;&nbsp;&nbsp;&nbsp;<br>13. Og\u00f3lnopolska Konferencja Studenckich K\u00f3\u0142 Naukowych Psychiatrii oraz Psychiatrii Dzieci i M\u0142odzie\u017cy \u201ePo Drugiej Stronie Lustra\u201d, wyst\u0105pienie pt. \u201ePoziom t\u0119tna spoczynkowego a sk\u0142onno\u015bci do zachowa\u0144 aspo\u0142ecznych \u2013 analiza bada\u0144 przeprowadzonych z udzia\u0142em dzieci i m\u0142odzie\u017cy poni\u017cej 17 roku \u017cycia\u201d, Warszawski Uniwersytet Medyczny (13.04.2019 r.) \u2013 Nagroda za najlepsze wyst\u0105pienie;\u00b7&nbsp;&nbsp;&nbsp;&nbsp;&nbsp;&nbsp;&nbsp;&nbsp;<br>14. II Bia\u0142ostockie Forum Kognitywistyczne pt. \u201eRodzaje Umys\u0142\u00f3w\u201d, wyst\u0105pienie pt. \u201eUmys\u0142 prawniczy &#8211; analiza wybranych koncepcji i pr\u00f3ba zdefiniowania poj\u0119cia z perspektywy kognitywnej\u201d, Uniwersytet w Bia\u0142ymstoku (15-18.03.2019 r.);\u00b7&nbsp;&nbsp;&nbsp;&nbsp;&nbsp;&nbsp;&nbsp;&nbsp; <br>15. Og\u00f3lnopolska Konferencja Naukowa \u201eNowe Technologie i Rozw\u00f3j Spo\u0142ecze\u0144stwa Informacyjnego\u201d, wyst\u0105pienie pt. \u201eEtyka wykorzystywania dowod\u00f3w neuronaukowych w prawie karnym\u201d, Uniwersytet Warmi\u0144sko-Mazurski w Olsztynie (14.03.2019 r.);\u00b7&nbsp;&nbsp;&nbsp;&nbsp;&nbsp;&nbsp;&nbsp;&nbsp; <br>16. XXI Mi\u0119dzynarodowa Konferencja Naukowo-Praktyczna \u201eTendencje rozwoju nauki prawnej i praktyki doskonalenia prawnych instytucji w warunkach kszta\u0142towania innowacyjnego spo\u0142ecze\u0144stwa\u201d, wyst\u0105pienie pt. \u201eThe use of evidence from neuroscience in criminal law\u201d, Stanowy Uniwersytet im. Janki Kupa\u0142y w Grodnie (6-7.03.2019 r.);\u00b7&nbsp;&nbsp;&nbsp;&nbsp;&nbsp;&nbsp;&nbsp;<br>17. Og\u00f3lnopolska Konferencja Naukowa \u201eCzas na Umys\u0142\u201d, wyst\u0105pienie pt. \u201eAspekty neuroetyczne w kryminologii i naukach prawnych\u201d, Katolicki Uniwersytet Lubelski (28.02-1.03.2019 r.);\u00b7&nbsp;&nbsp;&nbsp;&nbsp;&nbsp;&nbsp;&nbsp;&nbsp; <br>18. Og\u00f3lnopolska Konferencja Naukowa \u201e24h kryminalistyki\u201d, wyst\u0105pienie pt. \u201eSerce prawd\u0119 ci powie \u2013 poziom t\u0119tna spoczynkowego a sk\u0142onno\u015bci do zachowa\u0144 aspo\u0142ecznych\u201d, Uniwersytet Wroc\u0142awski (14-15.12.2018 r.);\u00b7&nbsp;&nbsp;&nbsp;&nbsp;&nbsp;&nbsp;&nbsp;&nbsp; <br>19. III Konferencja Student\u00f3w i M\u0142odych Naukowc\u00f3w \u201ePsych-On\u201d, wyst\u0105pienie pt. \u201eTendencje psychopatyczne w okresie dzieci\u0144stwa, a sk\u0142onno\u015bci do pope\u0142niania przest\u0119pstw w doros\u0142o\u015bci \u2013 przypadek czy predyktor? (8.12.2018 r.);\u00b7&nbsp;&nbsp;&nbsp;&nbsp;&nbsp;&nbsp;&nbsp;&nbsp; <br>20. Og\u00f3lnopolska konferencja naukowa \u201ePrzest\u0119pczo\u015b\u0107 seksualna \u2013 aspekty prawne i kryminologiczne\u201d, wyst\u0105pienie pt. \u201eWybrane aspekty terapii zaburze\u0144 na tle seksualnym\u201d. Uniwersytet w Bia\u0142ymstoku (6.12.2018 r.);\u00b7&nbsp;&nbsp;&nbsp;&nbsp;&nbsp;&nbsp;&nbsp;&nbsp; <br>21. 74 Zjazd Ameryka\u0144skiego Towarzystwa Kryminologicznego, wyst\u0105pienie pt. \u201eNeurocriminology research in Poland\u201d, Atlanta, GA, USA (14-17.22.2018 r.);\u00b7&nbsp;&nbsp;&nbsp;&nbsp;&nbsp;&nbsp;&nbsp;&nbsp; Og\u00f3lnopolska Konferencja Naukowa \u201eBrainstorm\u201d, wyst\u0105pienie pt. \u201eZnane i mniej znane oblicza potencja\u0142u P300\u201d (20.10.2018 r.);\u00b7&nbsp;&nbsp;&nbsp;&nbsp;&nbsp;&nbsp;&nbsp;&nbsp; <br>21. I Studencko-Doktorancka Konferencja Naukowa \u201eEwaluacja i funkcje dialogu jako podstawowej formy rozwi\u0105zywania konflikt\u00f3w\u201d, referat pt. \u201eCzy mo\u017cemy by\u0107 niezdolni do dogadania si\u0119 z urodzenia &#8211; neuropsychologiczne aspekty mediacji\u201d, Uniwersytet im. Jana Kochanowskiego w Kielcach (18-19.10.2018 r.);\u00b7&nbsp;&nbsp;&nbsp;&nbsp;&nbsp;&nbsp;&nbsp;&nbsp; <br>22. Og\u00f3lnopolska Konferencja Naukowa \u201eMediacja w uj\u0119ciu interdyscyplinarnym\u201d, wyst\u0105pienie pt. \u201eCzynnik biologiczny w przebiegu mediacji \u2013 emocje, percepcja, zdolno\u015bci poznawcze\u201d, Uniwersytet im. Miko\u0142aja Kopernika w Toruniu (18.10.2018 r.);\u00b7&nbsp;&nbsp;&nbsp;&nbsp;&nbsp;&nbsp;&nbsp;&nbsp; <br>23. XX Mi\u0119dzynarodowa Konferencja Naukowo-Praktyczna \u201eNauka i praktyka prawnicza: dziedzictwo, status i perspektywy rozwoju\u201d, wyst\u0105pienie pt. \u201eNeuroscientific research in criminology and law development\u201d, Stanowy Uniwersytet im. Janki Kupa\u0142y w Grodnie (27-28.09.2018 r.);&nbsp;&nbsp;&nbsp;&nbsp;&nbsp;&nbsp; <br>24. Og\u00f3lnopolska Konferencja Naukowa \u201eNeuromania\u201d; wyst\u0105pienie pt. \u201eLegalna neuronauka, czyli jak badanie m\u00f3zgu mo\u017ce zmieni\u0107 wyrok. Neurodowody w procesie s\u0105dowym\u201d, Uniwersytet im. Miko\u0142aja Kopernika w Toruniu (2-4.06.2018 r.) \u2013 Nagroda za najlepsze wyst\u0105pienie;&nbsp;&nbsp;&nbsp;&nbsp;&nbsp;&nbsp;&nbsp; <br>25. Og\u00f3lnopolska Konferencja Naukowa \u201eProblemy na styku Sportu i Prawa\u201d, wyst\u0105pienie pt. \u201eDlaczego \u015brodki dopinguj\u0105ce s\u0105 w sporcie zakazane? Interdyscyplinarna analiza prawna i neurobiologiczna\u201d (24.05.2018 r.);<br>26. Konferencja Naukowa \u201cLudzie \u2013 Idee \u2013 Prawo \u2013 100 Lat Od Odzyskania Niepodleg\u0142o\u015bci\u201d, referat pt. \u201eHomo historicus \u2013 jak neurobiologia wp\u0142ywa na percepcj\u0119 i tworzenie historii?\u201d, Uniwersytet w Bia\u0142ymstoku (15-16.05.2018 r.);<br>27. VIII Og\u00f3lnopolski Zjazd K\u00f3\u0142 Naukowych Kryminalistyki ,,Rozw\u00f3j nauk penalnych z perspektywy bada\u0144 m\u0142odych naukowc\u00f3w&#8221;, wyst\u0105pienie pt. \u201eNeurokryminologia jako wschodz\u0105cy kierunek bada\u0144 kryminologicznych\u201d, publikacja w trakcie, Uniwersytet im. Jana Kochanowskiego w Kielcach (14-16.05.2018 r.);<br>28. Og\u00f3lnopolskie Forum M\u0142odych Kryminolog\u00f3w \u2013 \u201ePrzest\u0119pczo\u015b\u0107 XXI wieku \u2013 szanse i wyzwania dla kryminologii\u201d, wyst\u0105pienie pt. \u201eNeurodowody w s\u0105dzie \u2013 nowe wyzwanie kryminologii\u201d, publikacja w trakcie, Uniwersytet w Bia\u0142ymstoku (10-11.05.2018 r.);<br>29. XVIII Mi\u0119dzynarodowa Konferencja Naukowa \u201eOddzia\u0142ywanie system\u00f3w prawnych dla zr\u00f3wnowa\u017conego rozwoju spo\u0142ecze\u0144stw&#8221;, wyst\u0105pienie pt. \u201eSociety And Crime \u2013 Global Dimension\u201d, Stanowy Uniwersytet im. Janki Kupa\u0142y w Grodnie (27.04.2018 r.);<br>30. Og\u00f3lnopolska Konferencja \u201ePrzest\u0119pczo\u015b\u0107 Nieletnich \u2013 Aspekty Prawne i Kryminologiczne\u201d, wyst\u0105pienie pt.; \u201eAnatomia buntu, czyli jak m\u00f3zg nastolatka r\u00f3\u017cni si\u0119 od doros\u0142ego i co ma neuronauka do przest\u0119pczo\u015bci nieletnich?\u201d, Uniwersytet w Bia\u0142ymstoku (13.04.2018 r.);<br>31. Og\u00f3lnopolska Konferencja Naukowa \u201cWsp\u00f3\u0142czesne Problemy Polskiego Procesu Karnego, referat pt. &#8222;Neuronauka na sali s\u0105dowej &#8211; wybrane zagadnienia\u201d, Uniwersytet Kardyna\u0142a Stefana Wyszy\u0144skiego w Warszawie (6.04.2018 r.) \u2013 Nagroda za najlepsze wyst\u0105pienie;<br>32. Konferencja Naukowa \u201eCo Ty wiesz o zabijaniu \u2013 aspekty prawne i psychologiczne\u201d, wyst\u0105pienie pt. \u201eWrodzona wiktymno\u015b\u0107 \u2013 predyspozycje do stania si\u0119 ofiar\u0105 przest\u0119pstwa\u201d, Uniwersytet Kardyna\u0142a Stefana Wyszy\u0144skiego w Warszawie (28.03.2018 r.);<br>33. IV Og\u00f3lnopolska Studencka Konferencja Seksuologiczna, poster pt. \u201eNeurobiologiczne aspekty agresji i ich rola w kszta\u0142towaniu przest\u0119pstw na tle seksualnym\u201d, Uniwersytet Medyczny w Poznaniu (24-25.03.2018 r.);<br>34. VII Og\u00f3lnopolski Zjazd K\u00f3\u0142 Naukowych Kryminalistyki \u201eWsp\u00f3\u0142czesne problemy nauk penalnych z perspektywy m\u0142odych naukowc\u00f3w\u201d, wyst\u0105pienie pt. \u201ePotencja\u0142 wiktymogenny \u2013 predyspozycje do stania si\u0119 ofiar\u0105 przest\u0119pstwa\u201d, Uniwersytet w Bia\u0142ymstoku (10-12.05.2017 r.);<br>35. IX Krakowska Konferencja Psychologii S\u0105dowej, poster pt. \u201eProfilaktyka przest\u0119pczo\u015bci seksualnej &#8211; czy w og\u00f3le istnieje?\u201d, Uniwersytet Jagiello\u0144ski (26-27.11.2016 r.);<br>36. VI Og\u00f3lnopolski Zjazd K\u00f3\u0142 Naukowych Kryminalistyki \u201eZbrodnia jako manifest sprawcy\u201d, wyst\u0105pienie pt. \u201eMotywacja sprawc\u00f3w przest\u0119pstw seksualnych oraz przest\u0119pstw o pod\u0142o\u017cu seksualnym\u201d, Wy\u017csza Szko\u0142a Policji w Szczytnie (2-5.05.2016 r.);<br>37. I Studencko \u2013 Doktoranckie Warsztaty z Nauk o Poznaniu i Komunikacji &#8211; Kognikacja 2016, wyst\u0105pienie pt. \u201eWrodzona wiktymno\u015b\u0107 &#8211; predyspozycje do stania si\u0119 ofiar\u0105 przest\u0119pstwa\u201d, Uniwersytet Szczeci\u0144ski (6-9.03.2016 r.).<\/td><\/tr><tr><td><\/td><td><strong>Inne aktywno\u015bci\/osi\u0105gni\u0119cia naukowe Doktoranta<\/strong><\/td><\/tr><tr><td><\/td><td>\u00b7&nbsp;&nbsp;&nbsp;&nbsp;&nbsp; American Society of Criminology, Division of Biopsychosocial Criminology (cz\u0142onek);<br>\u00b7&nbsp;&nbsp;&nbsp;&nbsp;&nbsp; Ko\u0142o Naukowe Prawa Finansowego przy Wydziale Prawa Uniwersytetu w Bia\u0142ymstoku (wiceprezes);<br>\u00b7&nbsp;&nbsp;&nbsp;&nbsp;&nbsp; Organizacja konferencji i spotka\u0144 naukowych;<br>\u00b7&nbsp;&nbsp;&nbsp;&nbsp;&nbsp; Uczestnictwo w wyk\u0142adach i konferencjach specjalistycznych;<br>\u00b7&nbsp;&nbsp;&nbsp;&nbsp;&nbsp; Dzia\u0142alno\u015b\u0107 popularnonaukowa.<\/td><\/tr><\/tbody><\/table><\/figure>\n","protected":false},"excerpt":{"rendered":"<p>Imi\u0119 i nazwisko Aleksandra Lewandowska E-mail (w domenie UwB) a.lewandowska@uwb.edu.pl ORCID 0000-0002-7762-2890 Temat rozprawy doktorskiej Neuroterapia w resocjalizacji. Za\u0142o\u017cenia teoretyczne \u2013 do\u015bwiadczenia praktyczne \u2013 perspektywy rozwoju metody Promotor Prof. zw.&hellip;<\/p>\n","protected":false},"author":1,"featured_media":0,"parent":0,"menu_order":0,"comment_status":"closed","ping_status":"closed","template":"","meta":{"footnotes":""},"class_list":["post-219","page","type-page","status-publish","hentry"],"yoast_head":"<!-- This site is optimized with the Yoast SEO plugin v27.4 - https:\/\/yoast.com\/product\/yoast-seo-wordpress\/ -->\n<title>Lewandowska Aleksandra - Szko\u0142a Doktorska Nauk Spo\u0142ecznych UwB<\/title>\n<meta name=\"robots\" content=\"index, follow, max-snippet:-1, max-image-preview:large, max-video-preview:-1\" \/>\n<link rel=\"canonical\" href=\"https:\/\/szkolydoktorskie.uwb.edu.pl\/ns\/lewandowska-aleksandra\/\" \/>\n<meta property=\"og:locale\" content=\"pl_PL\" \/>\n<meta property=\"og:type\" content=\"article\" \/>\n<meta property=\"og:title\" content=\"Lewandowska Aleksandra - Szko\u0142a Doktorska Nauk Spo\u0142ecznych UwB\" \/>\n<meta property=\"og:description\" content=\"Imi\u0119 i nazwisko Aleksandra Lewandowska E-mail (w domenie UwB) a.lewandowska@uwb.edu.pl ORCID 0000-0002-7762-2890 Temat rozprawy doktorskiej Neuroterapia w resocjalizacji. Za\u0142o\u017cenia teoretyczne \u2013 do\u015bwiadczenia praktyczne \u2013 perspektywy rozwoju metody Promotor Prof. zw.&hellip;\" \/>\n<meta property=\"og:url\" content=\"https:\/\/szkolydoktorskie.uwb.edu.pl\/ns\/lewandowska-aleksandra\/\" \/>\n<meta property=\"og:site_name\" content=\"Szko\u0142a Doktorska Nauk Spo\u0142ecznych UwB\" \/>\n<meta property=\"article:modified_time\" content=\"2024-03-22T11:41:01+00:00\" \/>\n<meta name=\"twitter:card\" content=\"summary_large_image\" \/>\n<script type=\"application\/ld+json\" class=\"yoast-schema-graph\">{\"@context\":\"https:\\\/\\\/schema.org\",\"@graph\":[{\"@type\":\"WebPage\",\"@id\":\"https:\\\/\\\/szkolydoktorskie.uwb.edu.pl\\\/ns\\\/lewandowska-aleksandra\\\/\",\"url\":\"https:\\\/\\\/szkolydoktorskie.uwb.edu.pl\\\/ns\\\/lewandowska-aleksandra\\\/\",\"name\":\"Lewandowska Aleksandra - Szko\u0142a Doktorska Nauk Spo\u0142ecznych UwB\",\"isPartOf\":{\"@id\":\"https:\\\/\\\/szkolydoktorskie.uwb.edu.pl\\\/ns\\\/#website\"},\"datePublished\":\"2021-05-27T08:53:35+00:00\",\"dateModified\":\"2024-03-22T11:41:01+00:00\",\"breadcrumb\":{\"@id\":\"https:\\\/\\\/szkolydoktorskie.uwb.edu.pl\\\/ns\\\/lewandowska-aleksandra\\\/#breadcrumb\"},\"inLanguage\":\"pl-PL\",\"potentialAction\":[{\"@type\":\"ReadAction\",\"target\":[\"https:\\\/\\\/szkolydoktorskie.uwb.edu.pl\\\/ns\\\/lewandowska-aleksandra\\\/\"]}]},{\"@type\":\"BreadcrumbList\",\"@id\":\"https:\\\/\\\/szkolydoktorskie.uwb.edu.pl\\\/ns\\\/lewandowska-aleksandra\\\/#breadcrumb\",\"itemListElement\":[{\"@type\":\"ListItem\",\"position\":1,\"name\":\"Strona g\u0142\u00f3wna\",\"item\":\"https:\\\/\\\/szkolydoktorskie.uwb.edu.pl\\\/ns\\\/\"},{\"@type\":\"ListItem\",\"position\":2,\"name\":\"Lewandowska Aleksandra\"}]},{\"@type\":\"WebSite\",\"@id\":\"https:\\\/\\\/szkolydoktorskie.uwb.edu.pl\\\/ns\\\/#website\",\"url\":\"https:\\\/\\\/szkolydoktorskie.uwb.edu.pl\\\/ns\\\/\",\"name\":\"Szko\u0142a Doktorska Nauk Spo\u0142ecznych UwB\",\"description\":\"Szko\u0142a Doktorska Nauk Spo\u0142ecznych UwB\",\"publisher\":{\"@id\":\"https:\\\/\\\/szkolydoktorskie.uwb.edu.pl\\\/ns\\\/#organization\"},\"potentialAction\":[{\"@type\":\"SearchAction\",\"target\":{\"@type\":\"EntryPoint\",\"urlTemplate\":\"https:\\\/\\\/szkolydoktorskie.uwb.edu.pl\\\/ns\\\/?s={search_term_string}\"},\"query-input\":{\"@type\":\"PropertyValueSpecification\",\"valueRequired\":true,\"valueName\":\"search_term_string\"}}],\"inLanguage\":\"pl-PL\"},{\"@type\":\"Organization\",\"@id\":\"https:\\\/\\\/szkolydoktorskie.uwb.edu.pl\\\/ns\\\/#organization\",\"name\":\"Szko\u0142a Doktorska Nauk Spo\u0142ecznych UwB\",\"url\":\"https:\\\/\\\/szkolydoktorskie.uwb.edu.pl\\\/ns\\\/\",\"logo\":{\"@type\":\"ImageObject\",\"inLanguage\":\"pl-PL\",\"@id\":\"https:\\\/\\\/szkolydoktorskie.uwb.edu.pl\\\/ns\\\/#\\\/schema\\\/logo\\\/image\\\/\",\"url\":\"https:\\\/\\\/szkolydoktorskie.uwb.edu.pl\\\/ns\\\/wp-content\\\/uploads\\\/sites\\\/2\\\/2021\\\/04\\\/cropped-NS-LOGO.png\",\"contentUrl\":\"https:\\\/\\\/szkolydoktorskie.uwb.edu.pl\\\/ns\\\/wp-content\\\/uploads\\\/sites\\\/2\\\/2021\\\/04\\\/cropped-NS-LOGO.png\",\"width\":705,\"height\":188,\"caption\":\"Szko\u0142a Doktorska Nauk Spo\u0142ecznych UwB\"},\"image\":{\"@id\":\"https:\\\/\\\/szkolydoktorskie.uwb.edu.pl\\\/ns\\\/#\\\/schema\\\/logo\\\/image\\\/\"}}]}<\/script>\n<!-- \/ Yoast SEO plugin. -->","yoast_head_json":{"title":"Lewandowska Aleksandra - Szko\u0142a Doktorska Nauk Spo\u0142ecznych UwB","robots":{"index":"index","follow":"follow","max-snippet":"max-snippet:-1","max-image-preview":"max-image-preview:large","max-video-preview":"max-video-preview:-1"},"canonical":"https:\/\/szkolydoktorskie.uwb.edu.pl\/ns\/lewandowska-aleksandra\/","og_locale":"pl_PL","og_type":"article","og_title":"Lewandowska Aleksandra - Szko\u0142a Doktorska Nauk Spo\u0142ecznych UwB","og_description":"Imi\u0119 i nazwisko Aleksandra Lewandowska E-mail (w domenie UwB) a.lewandowska@uwb.edu.pl ORCID 0000-0002-7762-2890 Temat rozprawy doktorskiej Neuroterapia w resocjalizacji. Za\u0142o\u017cenia teoretyczne \u2013 do\u015bwiadczenia praktyczne \u2013 perspektywy rozwoju metody Promotor Prof. zw.&hellip;","og_url":"https:\/\/szkolydoktorskie.uwb.edu.pl\/ns\/lewandowska-aleksandra\/","og_site_name":"Szko\u0142a Doktorska Nauk Spo\u0142ecznych UwB","article_modified_time":"2024-03-22T11:41:01+00:00","twitter_card":"summary_large_image","schema":{"@context":"https:\/\/schema.org","@graph":[{"@type":"WebPage","@id":"https:\/\/szkolydoktorskie.uwb.edu.pl\/ns\/lewandowska-aleksandra\/","url":"https:\/\/szkolydoktorskie.uwb.edu.pl\/ns\/lewandowska-aleksandra\/","name":"Lewandowska Aleksandra - Szko\u0142a Doktorska Nauk Spo\u0142ecznych UwB","isPartOf":{"@id":"https:\/\/szkolydoktorskie.uwb.edu.pl\/ns\/#website"},"datePublished":"2021-05-27T08:53:35+00:00","dateModified":"2024-03-22T11:41:01+00:00","breadcrumb":{"@id":"https:\/\/szkolydoktorskie.uwb.edu.pl\/ns\/lewandowska-aleksandra\/#breadcrumb"},"inLanguage":"pl-PL","potentialAction":[{"@type":"ReadAction","target":["https:\/\/szkolydoktorskie.uwb.edu.pl\/ns\/lewandowska-aleksandra\/"]}]},{"@type":"BreadcrumbList","@id":"https:\/\/szkolydoktorskie.uwb.edu.pl\/ns\/lewandowska-aleksandra\/#breadcrumb","itemListElement":[{"@type":"ListItem","position":1,"name":"Strona g\u0142\u00f3wna","item":"https:\/\/szkolydoktorskie.uwb.edu.pl\/ns\/"},{"@type":"ListItem","position":2,"name":"Lewandowska Aleksandra"}]},{"@type":"WebSite","@id":"https:\/\/szkolydoktorskie.uwb.edu.pl\/ns\/#website","url":"https:\/\/szkolydoktorskie.uwb.edu.pl\/ns\/","name":"Szko\u0142a Doktorska Nauk Spo\u0142ecznych UwB","description":"Szko\u0142a Doktorska Nauk Spo\u0142ecznych UwB","publisher":{"@id":"https:\/\/szkolydoktorskie.uwb.edu.pl\/ns\/#organization"},"potentialAction":[{"@type":"SearchAction","target":{"@type":"EntryPoint","urlTemplate":"https:\/\/szkolydoktorskie.uwb.edu.pl\/ns\/?s={search_term_string}"},"query-input":{"@type":"PropertyValueSpecification","valueRequired":true,"valueName":"search_term_string"}}],"inLanguage":"pl-PL"},{"@type":"Organization","@id":"https:\/\/szkolydoktorskie.uwb.edu.pl\/ns\/#organization","name":"Szko\u0142a Doktorska Nauk Spo\u0142ecznych UwB","url":"https:\/\/szkolydoktorskie.uwb.edu.pl\/ns\/","logo":{"@type":"ImageObject","inLanguage":"pl-PL","@id":"https:\/\/szkolydoktorskie.uwb.edu.pl\/ns\/#\/schema\/logo\/image\/","url":"https:\/\/szkolydoktorskie.uwb.edu.pl\/ns\/wp-content\/uploads\/sites\/2\/2021\/04\/cropped-NS-LOGO.png","contentUrl":"https:\/\/szkolydoktorskie.uwb.edu.pl\/ns\/wp-content\/uploads\/sites\/2\/2021\/04\/cropped-NS-LOGO.png","width":705,"height":188,"caption":"Szko\u0142a Doktorska Nauk Spo\u0142ecznych UwB"},"image":{"@id":"https:\/\/szkolydoktorskie.uwb.edu.pl\/ns\/#\/schema\/logo\/image\/"}}]}},"_links":{"self":[{"href":"https:\/\/szkolydoktorskie.uwb.edu.pl\/ns\/wp-json\/wp\/v2\/pages\/219","targetHints":{"allow":["GET"]}}],"collection":[{"href":"https:\/\/szkolydoktorskie.uwb.edu.pl\/ns\/wp-json\/wp\/v2\/pages"}],"about":[{"href":"https:\/\/szkolydoktorskie.uwb.edu.pl\/ns\/wp-json\/wp\/v2\/types\/page"}],"author":[{"embeddable":true,"href":"https:\/\/szkolydoktorskie.uwb.edu.pl\/ns\/wp-json\/wp\/v2\/users\/1"}],"replies":[{"embeddable":true,"href":"https:\/\/szkolydoktorskie.uwb.edu.pl\/ns\/wp-json\/wp\/v2\/comments?post=219"}],"version-history":[{"count":11,"href":"https:\/\/szkolydoktorskie.uwb.edu.pl\/ns\/wp-json\/wp\/v2\/pages\/219\/revisions"}],"predecessor-version":[{"id":2448,"href":"https:\/\/szkolydoktorskie.uwb.edu.pl\/ns\/wp-json\/wp\/v2\/pages\/219\/revisions\/2448"}],"wp:attachment":[{"href":"https:\/\/szkolydoktorskie.uwb.edu.pl\/ns\/wp-json\/wp\/v2\/media?parent=219"}],"curies":[{"name":"wp","href":"https:\/\/api.w.org\/{rel}","templated":true}]}}