{"id":215,"date":"2021-05-27T10:53:18","date_gmt":"2021-05-27T08:53:18","guid":{"rendered":"https:\/\/szkolydoktorskie.uwb.edu.pl\/ns\/?page_id=215"},"modified":"2024-04-08T08:58:38","modified_gmt":"2024-04-08T06:58:38","slug":"kowalik-katarzyna","status":"publish","type":"page","link":"https:\/\/szkolydoktorskie.uwb.edu.pl\/ns\/kowalik-katarzyna\/","title":{"rendered":"Kowalik Katarzyna"},"content":{"rendered":"\n<figure class=\"wp-block-image size-large is-resized\"><img loading=\"lazy\" decoding=\"async\" width=\"937\" height=\"1024\" src=\"https:\/\/szkolydoktorskie.uwb.edu.pl\/ns\/wp-content\/uploads\/sites\/2\/2024\/04\/Kowalik-K-937x1024.jpg\" alt=\"\" class=\"wp-image-2571\" style=\"width:192px;height:auto\" srcset=\"https:\/\/szkolydoktorskie.uwb.edu.pl\/ns\/wp-content\/uploads\/sites\/2\/2024\/04\/Kowalik-K-937x1024.jpg 937w, https:\/\/szkolydoktorskie.uwb.edu.pl\/ns\/wp-content\/uploads\/sites\/2\/2024\/04\/Kowalik-K-275x300.jpg 275w, https:\/\/szkolydoktorskie.uwb.edu.pl\/ns\/wp-content\/uploads\/sites\/2\/2024\/04\/Kowalik-K-768x839.jpg 768w, https:\/\/szkolydoktorskie.uwb.edu.pl\/ns\/wp-content\/uploads\/sites\/2\/2024\/04\/Kowalik-K.jpg 1220w\" sizes=\"auto, (max-width: 937px) 100vw, 937px\" \/><\/figure>\n\n\n\n<figure class=\"wp-block-table\"><table><tbody><tr><td><strong>Imi\u0119 i nazwisko doktoranta<\/strong><\/td><td><strong>Katarzyna Kowalik<\/strong><\/td><\/tr><tr><td><strong>E-mail <\/strong><br>(<em>w domenie UwB<\/em>)<\/td><td>k.kowalik@uwb.edu.pl<\/td><\/tr><tr><td><strong>ORCID<\/strong><\/td><td>0000-0003-4578-8965<\/td><\/tr><tr><td><strong>Temat rozprawy doktorskiej <\/strong><\/td><td>Perspektywa prawna i filozoficzna istnienia obowi\u0105zku szczepie\u0144<\/td><\/tr><tr><td><strong>Promotor<\/strong><\/td><td>prof. dr hab. Agnieszka Malarewicz- Jakub\u00f3w<\/td><\/tr><tr><td><strong>Promotor pomocniczy <\/strong><\/td><td>dr Urszula Drozdowska<\/td><\/tr><tr><td><strong>Wydzia\u0142 Katedra\/Zak\u0142ad <\/strong><\/td><td>Wydzia\u0142 Prawa, Katedra Prawa Handlowego<\/td><\/tr><tr><td><\/td><td><strong>Publikacje naukowe <\/strong><\/td><\/tr><tr><td><em>Artyku\u0142y naukowe w czasopismach<\/em><\/td><td>1. D. Kowalik, K. Nowak, K. Kowalik, P. Gogacz ,, The Role of the Catholic Church against Changes and Threats to the Value of Work\u201d, Religions, 2023, 14(9), 1207; <a href=\"https:\/\/doi.org\/10.3390\/rel14091207\">https:\/\/doi.org\/10.3390\/rel14091207<\/a>, (100 pkt MNiSW)<br><br>2. K. Kowalik ,,Prawo do poufno\u015bci pacjenta w zawodzie ratownik medyczny\u201d, Edukacja Ustawiczna Doros\u0142ych 3\/2019, (40 pkt MNiSW).<br><br>3. K. Kowalik ,,Zmiany kszta\u0142cenia i pracy farmaceut\u00f3w w \u015bwietle praw pacjenta&#8221;, Edukacja Ustawiczna Doros\u0142ych 1(100)\/2018, (14 pkt MNiSW).<br><\/td><\/tr><tr><td><em>Monografie naukowe\/rozdzia\u0142y w monografiach<\/em><\/td><td>1. K. Kowalik ,,Dopuszczalno\u015b\u0107 szczepie\u0144 obowi\u0105zkowych w \u015bwietle Konstytucji Rzeczypospolitej Polskiej\u201d<br>Monografia autorska, wydawnictwo Temida2, Bia\u0142ystok 2021, (120 pkt MNiSW).<br><strong>&nbsp;<\/strong><br>2. K. Kowalik ,,Rekrutacja do szk\u00f3\u0142 doktorskich\u201d (w:) Status Doktorant\u00f3w w Ustawie 2.0, red. W. Kie\u0142basi\u0144ski, M. Dorochowicz, Toru\u0144 2022, (20 pkt MNiSW)<\/td><\/tr><tr><td><\/td><td><strong>Konferencje<\/strong><\/td><\/tr><tr><td><em>Wyst\u0105pienia na konferencjach naukowych<\/em><\/td><td>11 kwietnia 2018 r., Bia\u0142ystok, III Og\u00f3lnopolska Konferencja Naukowa Praw Pacjenta ,,Prawa pacjenta a wykonywanie zawod\u00f3w medycznych\u201d tytu\u0142 wyst\u0105pienia: ,,Uwarunkowania zawodowe farmaceuty i technika farmacji w \u015bwietle praw pacjenta\u201d.<br><br>6 czerwca 2018 r., Olsztyn, III Og\u00f3lnopolska Konferencja Naukowa ,,Wsp\u00f3\u0142czesne problemy prawa medycznego\u201d tytu\u0142 wyst\u0105pienia: ,,Wygaszenie kszta\u0142cenia w zawodzie technika farmaceutycznego- zagro\u017cenie czy brak zmian w realizacji praw pacjenta w aptece?\u201d.<br><br>12 grudnia 2018 r., Bia\u0142ystok, Konferencja Naukowa ,,Wolna wola w uj\u0119ciu prawnym, medycznym i filozoficznym\u201d, tytu\u0142 wyst\u0105pienia: ,,Autonomia woli jednostki w kontek\u015bcie prawa do godnej \u015bmierci\u201d.<br><br>7 maja 2019 r., \u0141\u00f3d\u017a, VII Og\u00f3lnopolskie Studencko- Doktoranckie Seminarium Naukowe ,,Kierunki rozwoju prawa administracyjnego\u201d, wyst\u0105pienie w panelu g\u0142\u00f3wnym: ,,Wa\u017cne interesy szczepionek- interes spo\u0142eczny i prywatny w kontek\u015bcie przymusu szczepie\u0144\u201d.<br><br>14 maja 2019 r., Bia\u0142ystok, I Mi\u0119dzynarodowa Konferencja Naukowa ,,Aktualno\u015bci dychotomii prawa publicznego i prywatnego\u201d, tytu\u0142 wyst\u0105pienia: ,,Kolizja czy fuzja?- Szczepienia w \u015bwietle prawa publicznego i prawa prywatnego\u201d.<br><br>31 maja 2019 r., Bia\u0142ystok, IV Og\u00f3lnopolska Konferencja Naukowa Praw Pacjenta ,,Prawo pacjenta do poufno\u015bci medycznej\u201d, tytu\u0142 wyst\u0105pienia: ,,Prawo do poufno\u015bci poza budynkiem szpitala- ratownik medyczny a obowi\u0105zek dochowania tajemnicy zwi\u0105zanych z pacjentem\u201d.<br><br>11 wrze\u015bnia 2020 r., Kazimierz Dolny, IV Letnia Szko\u0142a Kognitywistyki ,,Metafory Uciele\u015bnione\u201d, tytu\u0142 wyst\u0105pienia: ,,Medykalizacja jako forma kontroli&nbsp; spo\u0142ecznej\u201d.<br><br>6 lipca 2021 r., online, Og\u00f3lnopolska Konferencja Naukowa ,,Skutki epidemii\u201d tytu\u0142 wyst\u0105pienia: ,,Zaostrzenie dyskursu wobec szczepie\u0144 obowi\u0105zkowych jako skutek pandemii SarsCov2&#8243;. <br><br>11 czerwca 2022 r., online, Og\u00f3lnopolska Konferencja Naukowa ,,Innowacje w naukach spo\u0142ecznych i humanistycznych\u201d tytu\u0142 wyst\u0105pienia ,,Obowi\u0105zek szczepie\u0144 w aspekcie spo\u0142ecznym i prawnym\u201d.<br><br>21 kwietnia 2023 r., Bia\u0142ystok, Og\u00f3lnopolska Konferencja ,,Naukowe Forum Doktorant\u00f3w\u201d, tytu\u0142 wyst\u0105pienia ,,Obowi\u0105zek szczepie\u0144 w perspektywie teoretyczno- prawnej i dogmatyczno- prawnej\u201d.<br><br>12 maja 2023 r., Bia\u0142ystok, Og\u00f3lnopolska Konferencja Naukowa ,,Postpandemiczna rzeczywisto\u015b\u0107- Jak koronawirus zmieni\u0142 \u015bwiat\u201d, tytu\u0142 wyst\u0105pienia ,,Dobrowolnie czy przymusowo?- Sza\u0142 szczepie\u0144 na COVID-19 w perspektywie prawnej\u201d.<br><\/td><\/tr><tr><td><\/td><td><strong>Granty<\/strong><\/td><\/tr><tr><td><em>Granty <\/em><\/td><td>Udzia\u0142 w: Projekt \u201eLokalny Ambasador Praw Doktoranta\u201d organizowany przez Krajow\u0105 Reprezentacj\u0119 Doktorant\u00f3w ze \u015brodk\u00f3w Ministerstwa Edukacji i Nauki w ramach zadania publicznego \u201eOrganizowanie i animowanie dzia\u0142a\u0144 na rzecz \u015brodowiska akademickiego\u201d w 2021 r.<br>W charakterze Lokalnego Ambasadora Praw Doktoranta dla wojew\u00f3dztwa podlaskiego.<\/td><\/tr><tr><td><\/td><td><strong>Inna aktywno\u015b\u0107 naukowa<\/strong><\/td><\/tr><tr><td><em>Inne aktywno\u015bci\/osi\u0105gni\u0119cia naukowe Doktoranta<\/em><\/td><td><strong>Sta\u017c naukowy<\/strong><br>&nbsp;<br>11-24 pa\u017adziernika 2021- University of Ostrava<br>&nbsp;<br><strong>Zorganizowane Konferencje naukowe:<\/strong><br>&nbsp;<br>Og\u00f3lnopolska Konferencja ,,Naukowe Forum Doktorant\u00f3w\u201d, 21 kwietnia 2023r., Uniwersytet w Bia\u0142ymstoku<br>&nbsp;<br>Og\u00f3lnopolska Konferencja z cyklu Kobieta w prawie: Przemoc wobec kobiet, 8 marca 2023 r., Wydzia\u0142 Prawa UwB<br>&nbsp;<br>Og\u00f3lnopolska Konferencja z cyklu Kobieta w prawie: Kobieta cia\u0142o i psyche, 8 marca 2024 r., Wydzia\u0142 Prawa UwB<br>&nbsp;<br>Kongres Samorz\u0105d\u00f3w Szk\u00f3\u0142 Doktorskich, wydarzenie og\u00f3lnopolskie, 7- 8 stycznia 2022 r., online (wydarzenie wsp\u00f3\u0142organizowane)&nbsp;&nbsp;<br>&nbsp;<br><strong>Dzia\u0142alno\u015b\u0107 w strukturach Uniwersytetu<\/strong><br><strong>&nbsp;<\/strong><br>Od grudnia 2022 r. do grudnia 2023 r.:<br>Przewodnicz\u0105ca Rady Uczelnianej Samorz\u0105du Doktorant\u00f3w UwB<br>Cz\u0142onek Senatu UwB<br>&nbsp;<br>W latach 2020- 2023:<br>Cz\u0142onek Senackiej Komisji ds. Kszta\u0142cenia.<br>Cz\u0142onek Uczelnianego Zespo\u0142u ds. jako\u015bci kszta\u0142cenia.<br>Cz\u0142onek Komisji ds. Przeciwdzia\u0142ania Dyskryminacji UwB.<br>Cz\u0142onek Odwo\u0142awczej Komisji Stypendialnej ds. Doktorant\u00f3w.<br>Wiceprzewodnicz\u0105ca Rady Doktorant\u00f3w Szko\u0142y Doktorskiej Nauk Spo\u0142ecznych Uniwersytetu w Bia\u0142ymstoku.<br>Sekretarz Rady Uczelnianej Samorz\u0105du Doktorant\u00f3w.<br>Przewodnicz\u0105ca Komisji Kultury i Promocji przy Samorz\u0105dzie&nbsp;&nbsp;&nbsp;<br>&nbsp;<br><strong>Dzia\u0142alno\u015b\u0107 w organach og\u00f3lnopolskich:<\/strong><br><strong>&nbsp;<\/strong><br>Od 1 stycznia 2023r. &#8211; 31 grudnia 2024 r.<br>Cz\u0142onek Zarz\u0105du Krajowej Reprezentacji Doktorant\u00f3w<br>Przewodnicz\u0105ca Zespo\u0142u ds. komunikacji przy Krajowej Reprezentacji Doktorant\u00f3w<br>&nbsp;<br>2023-2024<br>Wiceprzewodnicz\u0105ca Doktoranckiego Forum Uniwersytet\u00f3w Polskich<br>Cz\u0142onek Zespo\u0142u doradczego ds. mikropo\u015bwiadcze\u0144 w obszarze szkolnictwa wy\u017cszego dzia\u0142aj\u0105cego przy Ministerstwie Edukacji i Nauki<\/td><\/tr><\/tbody><\/table><\/figure>\n\n\n\n<p><\/p>\n","protected":false},"excerpt":{"rendered":"<p>Imi\u0119 i nazwisko doktoranta Katarzyna Kowalik E-mail (w domenie UwB) k.kowalik@uwb.edu.pl ORCID 0000-0003-4578-8965 Temat rozprawy doktorskiej Perspektywa prawna i filozoficzna istnienia obowi\u0105zku szczepie\u0144 Promotor prof. dr hab. Agnieszka Malarewicz- Jakub\u00f3w&hellip;<\/p>\n","protected":false},"author":1,"featured_media":0,"parent":0,"menu_order":0,"comment_status":"closed","ping_status":"closed","template":"","meta":{"footnotes":""},"class_list":["post-215","page","type-page","status-publish","hentry"],"yoast_head":"<!-- This site is optimized with the Yoast SEO plugin v27.4 - https:\/\/yoast.com\/product\/yoast-seo-wordpress\/ -->\n<title>Kowalik Katarzyna - Szko\u0142a Doktorska Nauk Spo\u0142ecznych UwB<\/title>\n<meta name=\"robots\" content=\"index, follow, max-snippet:-1, max-image-preview:large, max-video-preview:-1\" \/>\n<link rel=\"canonical\" href=\"https:\/\/szkolydoktorskie.uwb.edu.pl\/ns\/kowalik-katarzyna\/\" \/>\n<meta property=\"og:locale\" content=\"pl_PL\" \/>\n<meta property=\"og:type\" content=\"article\" \/>\n<meta property=\"og:title\" content=\"Kowalik Katarzyna - Szko\u0142a Doktorska Nauk Spo\u0142ecznych UwB\" \/>\n<meta property=\"og:description\" content=\"Imi\u0119 i nazwisko doktoranta Katarzyna Kowalik E-mail (w domenie UwB) k.kowalik@uwb.edu.pl ORCID 0000-0003-4578-8965 Temat rozprawy doktorskiej Perspektywa prawna i filozoficzna istnienia obowi\u0105zku szczepie\u0144 Promotor prof. dr hab. Agnieszka Malarewicz- Jakub\u00f3w&hellip;\" \/>\n<meta property=\"og:url\" content=\"https:\/\/szkolydoktorskie.uwb.edu.pl\/ns\/kowalik-katarzyna\/\" \/>\n<meta property=\"og:site_name\" content=\"Szko\u0142a Doktorska Nauk Spo\u0142ecznych UwB\" \/>\n<meta property=\"article:modified_time\" content=\"2024-04-08T06:58:38+00:00\" \/>\n<meta property=\"og:image\" content=\"https:\/\/szkolydoktorskie.uwb.edu.pl\/ns\/wp-content\/uploads\/sites\/2\/2024\/04\/Kowalik-K-937x1024.jpg\" \/>\n<meta name=\"twitter:card\" content=\"summary_large_image\" \/>\n<meta name=\"twitter:label1\" content=\"Szacowany czas czytania\" \/>\n\t<meta name=\"twitter:data1\" content=\"5 minut\" \/>\n<script type=\"application\/ld+json\" class=\"yoast-schema-graph\">{\"@context\":\"https:\\\/\\\/schema.org\",\"@graph\":[{\"@type\":\"WebPage\",\"@id\":\"https:\\\/\\\/szkolydoktorskie.uwb.edu.pl\\\/ns\\\/kowalik-katarzyna\\\/\",\"url\":\"https:\\\/\\\/szkolydoktorskie.uwb.edu.pl\\\/ns\\\/kowalik-katarzyna\\\/\",\"name\":\"Kowalik Katarzyna - Szko\u0142a Doktorska Nauk Spo\u0142ecznych UwB\",\"isPartOf\":{\"@id\":\"https:\\\/\\\/szkolydoktorskie.uwb.edu.pl\\\/ns\\\/#website\"},\"primaryImageOfPage\":{\"@id\":\"https:\\\/\\\/szkolydoktorskie.uwb.edu.pl\\\/ns\\\/kowalik-katarzyna\\\/#primaryimage\"},\"image\":{\"@id\":\"https:\\\/\\\/szkolydoktorskie.uwb.edu.pl\\\/ns\\\/kowalik-katarzyna\\\/#primaryimage\"},\"thumbnailUrl\":\"https:\\\/\\\/szkolydoktorskie.uwb.edu.pl\\\/ns\\\/wp-content\\\/uploads\\\/sites\\\/2\\\/2024\\\/04\\\/Kowalik-K-937x1024.jpg\",\"datePublished\":\"2021-05-27T08:53:18+00:00\",\"dateModified\":\"2024-04-08T06:58:38+00:00\",\"breadcrumb\":{\"@id\":\"https:\\\/\\\/szkolydoktorskie.uwb.edu.pl\\\/ns\\\/kowalik-katarzyna\\\/#breadcrumb\"},\"inLanguage\":\"pl-PL\",\"potentialAction\":[{\"@type\":\"ReadAction\",\"target\":[\"https:\\\/\\\/szkolydoktorskie.uwb.edu.pl\\\/ns\\\/kowalik-katarzyna\\\/\"]}]},{\"@type\":\"ImageObject\",\"inLanguage\":\"pl-PL\",\"@id\":\"https:\\\/\\\/szkolydoktorskie.uwb.edu.pl\\\/ns\\\/kowalik-katarzyna\\\/#primaryimage\",\"url\":\"https:\\\/\\\/szkolydoktorskie.uwb.edu.pl\\\/ns\\\/wp-content\\\/uploads\\\/sites\\\/2\\\/2024\\\/04\\\/Kowalik-K.jpg\",\"contentUrl\":\"https:\\\/\\\/szkolydoktorskie.uwb.edu.pl\\\/ns\\\/wp-content\\\/uploads\\\/sites\\\/2\\\/2024\\\/04\\\/Kowalik-K.jpg\",\"width\":1220,\"height\":1333},{\"@type\":\"BreadcrumbList\",\"@id\":\"https:\\\/\\\/szkolydoktorskie.uwb.edu.pl\\\/ns\\\/kowalik-katarzyna\\\/#breadcrumb\",\"itemListElement\":[{\"@type\":\"ListItem\",\"position\":1,\"name\":\"Strona g\u0142\u00f3wna\",\"item\":\"https:\\\/\\\/szkolydoktorskie.uwb.edu.pl\\\/ns\\\/\"},{\"@type\":\"ListItem\",\"position\":2,\"name\":\"Kowalik Katarzyna\"}]},{\"@type\":\"WebSite\",\"@id\":\"https:\\\/\\\/szkolydoktorskie.uwb.edu.pl\\\/ns\\\/#website\",\"url\":\"https:\\\/\\\/szkolydoktorskie.uwb.edu.pl\\\/ns\\\/\",\"name\":\"Szko\u0142a Doktorska Nauk Spo\u0142ecznych UwB\",\"description\":\"Szko\u0142a Doktorska Nauk Spo\u0142ecznych UwB\",\"publisher\":{\"@id\":\"https:\\\/\\\/szkolydoktorskie.uwb.edu.pl\\\/ns\\\/#organization\"},\"potentialAction\":[{\"@type\":\"SearchAction\",\"target\":{\"@type\":\"EntryPoint\",\"urlTemplate\":\"https:\\\/\\\/szkolydoktorskie.uwb.edu.pl\\\/ns\\\/?s={search_term_string}\"},\"query-input\":{\"@type\":\"PropertyValueSpecification\",\"valueRequired\":true,\"valueName\":\"search_term_string\"}}],\"inLanguage\":\"pl-PL\"},{\"@type\":\"Organization\",\"@id\":\"https:\\\/\\\/szkolydoktorskie.uwb.edu.pl\\\/ns\\\/#organization\",\"name\":\"Szko\u0142a Doktorska Nauk Spo\u0142ecznych UwB\",\"url\":\"https:\\\/\\\/szkolydoktorskie.uwb.edu.pl\\\/ns\\\/\",\"logo\":{\"@type\":\"ImageObject\",\"inLanguage\":\"pl-PL\",\"@id\":\"https:\\\/\\\/szkolydoktorskie.uwb.edu.pl\\\/ns\\\/#\\\/schema\\\/logo\\\/image\\\/\",\"url\":\"https:\\\/\\\/szkolydoktorskie.uwb.edu.pl\\\/ns\\\/wp-content\\\/uploads\\\/sites\\\/2\\\/2021\\\/04\\\/cropped-NS-LOGO.png\",\"contentUrl\":\"https:\\\/\\\/szkolydoktorskie.uwb.edu.pl\\\/ns\\\/wp-content\\\/uploads\\\/sites\\\/2\\\/2021\\\/04\\\/cropped-NS-LOGO.png\",\"width\":705,\"height\":188,\"caption\":\"Szko\u0142a Doktorska Nauk Spo\u0142ecznych UwB\"},\"image\":{\"@id\":\"https:\\\/\\\/szkolydoktorskie.uwb.edu.pl\\\/ns\\\/#\\\/schema\\\/logo\\\/image\\\/\"}}]}<\/script>\n<!-- \/ Yoast SEO plugin. -->","yoast_head_json":{"title":"Kowalik Katarzyna - Szko\u0142a Doktorska Nauk Spo\u0142ecznych UwB","robots":{"index":"index","follow":"follow","max-snippet":"max-snippet:-1","max-image-preview":"max-image-preview:large","max-video-preview":"max-video-preview:-1"},"canonical":"https:\/\/szkolydoktorskie.uwb.edu.pl\/ns\/kowalik-katarzyna\/","og_locale":"pl_PL","og_type":"article","og_title":"Kowalik Katarzyna - Szko\u0142a Doktorska Nauk Spo\u0142ecznych UwB","og_description":"Imi\u0119 i nazwisko doktoranta Katarzyna Kowalik E-mail (w domenie UwB) k.kowalik@uwb.edu.pl ORCID 0000-0003-4578-8965 Temat rozprawy doktorskiej Perspektywa prawna i filozoficzna istnienia obowi\u0105zku szczepie\u0144 Promotor prof. dr hab. Agnieszka Malarewicz- Jakub\u00f3w&hellip;","og_url":"https:\/\/szkolydoktorskie.uwb.edu.pl\/ns\/kowalik-katarzyna\/","og_site_name":"Szko\u0142a Doktorska Nauk Spo\u0142ecznych UwB","article_modified_time":"2024-04-08T06:58:38+00:00","og_image":[{"url":"https:\/\/szkolydoktorskie.uwb.edu.pl\/ns\/wp-content\/uploads\/sites\/2\/2024\/04\/Kowalik-K-937x1024.jpg","type":"","width":"","height":""}],"twitter_card":"summary_large_image","twitter_misc":{"Szacowany czas czytania":"5 minut"},"schema":{"@context":"https:\/\/schema.org","@graph":[{"@type":"WebPage","@id":"https:\/\/szkolydoktorskie.uwb.edu.pl\/ns\/kowalik-katarzyna\/","url":"https:\/\/szkolydoktorskie.uwb.edu.pl\/ns\/kowalik-katarzyna\/","name":"Kowalik Katarzyna - Szko\u0142a Doktorska Nauk Spo\u0142ecznych UwB","isPartOf":{"@id":"https:\/\/szkolydoktorskie.uwb.edu.pl\/ns\/#website"},"primaryImageOfPage":{"@id":"https:\/\/szkolydoktorskie.uwb.edu.pl\/ns\/kowalik-katarzyna\/#primaryimage"},"image":{"@id":"https:\/\/szkolydoktorskie.uwb.edu.pl\/ns\/kowalik-katarzyna\/#primaryimage"},"thumbnailUrl":"https:\/\/szkolydoktorskie.uwb.edu.pl\/ns\/wp-content\/uploads\/sites\/2\/2024\/04\/Kowalik-K-937x1024.jpg","datePublished":"2021-05-27T08:53:18+00:00","dateModified":"2024-04-08T06:58:38+00:00","breadcrumb":{"@id":"https:\/\/szkolydoktorskie.uwb.edu.pl\/ns\/kowalik-katarzyna\/#breadcrumb"},"inLanguage":"pl-PL","potentialAction":[{"@type":"ReadAction","target":["https:\/\/szkolydoktorskie.uwb.edu.pl\/ns\/kowalik-katarzyna\/"]}]},{"@type":"ImageObject","inLanguage":"pl-PL","@id":"https:\/\/szkolydoktorskie.uwb.edu.pl\/ns\/kowalik-katarzyna\/#primaryimage","url":"https:\/\/szkolydoktorskie.uwb.edu.pl\/ns\/wp-content\/uploads\/sites\/2\/2024\/04\/Kowalik-K.jpg","contentUrl":"https:\/\/szkolydoktorskie.uwb.edu.pl\/ns\/wp-content\/uploads\/sites\/2\/2024\/04\/Kowalik-K.jpg","width":1220,"height":1333},{"@type":"BreadcrumbList","@id":"https:\/\/szkolydoktorskie.uwb.edu.pl\/ns\/kowalik-katarzyna\/#breadcrumb","itemListElement":[{"@type":"ListItem","position":1,"name":"Strona g\u0142\u00f3wna","item":"https:\/\/szkolydoktorskie.uwb.edu.pl\/ns\/"},{"@type":"ListItem","position":2,"name":"Kowalik Katarzyna"}]},{"@type":"WebSite","@id":"https:\/\/szkolydoktorskie.uwb.edu.pl\/ns\/#website","url":"https:\/\/szkolydoktorskie.uwb.edu.pl\/ns\/","name":"Szko\u0142a Doktorska Nauk Spo\u0142ecznych UwB","description":"Szko\u0142a Doktorska Nauk Spo\u0142ecznych UwB","publisher":{"@id":"https:\/\/szkolydoktorskie.uwb.edu.pl\/ns\/#organization"},"potentialAction":[{"@type":"SearchAction","target":{"@type":"EntryPoint","urlTemplate":"https:\/\/szkolydoktorskie.uwb.edu.pl\/ns\/?s={search_term_string}"},"query-input":{"@type":"PropertyValueSpecification","valueRequired":true,"valueName":"search_term_string"}}],"inLanguage":"pl-PL"},{"@type":"Organization","@id":"https:\/\/szkolydoktorskie.uwb.edu.pl\/ns\/#organization","name":"Szko\u0142a Doktorska Nauk Spo\u0142ecznych UwB","url":"https:\/\/szkolydoktorskie.uwb.edu.pl\/ns\/","logo":{"@type":"ImageObject","inLanguage":"pl-PL","@id":"https:\/\/szkolydoktorskie.uwb.edu.pl\/ns\/#\/schema\/logo\/image\/","url":"https:\/\/szkolydoktorskie.uwb.edu.pl\/ns\/wp-content\/uploads\/sites\/2\/2021\/04\/cropped-NS-LOGO.png","contentUrl":"https:\/\/szkolydoktorskie.uwb.edu.pl\/ns\/wp-content\/uploads\/sites\/2\/2021\/04\/cropped-NS-LOGO.png","width":705,"height":188,"caption":"Szko\u0142a Doktorska Nauk Spo\u0142ecznych UwB"},"image":{"@id":"https:\/\/szkolydoktorskie.uwb.edu.pl\/ns\/#\/schema\/logo\/image\/"}}]}},"_links":{"self":[{"href":"https:\/\/szkolydoktorskie.uwb.edu.pl\/ns\/wp-json\/wp\/v2\/pages\/215","targetHints":{"allow":["GET"]}}],"collection":[{"href":"https:\/\/szkolydoktorskie.uwb.edu.pl\/ns\/wp-json\/wp\/v2\/pages"}],"about":[{"href":"https:\/\/szkolydoktorskie.uwb.edu.pl\/ns\/wp-json\/wp\/v2\/types\/page"}],"author":[{"embeddable":true,"href":"https:\/\/szkolydoktorskie.uwb.edu.pl\/ns\/wp-json\/wp\/v2\/users\/1"}],"replies":[{"embeddable":true,"href":"https:\/\/szkolydoktorskie.uwb.edu.pl\/ns\/wp-json\/wp\/v2\/comments?post=215"}],"version-history":[{"count":10,"href":"https:\/\/szkolydoktorskie.uwb.edu.pl\/ns\/wp-json\/wp\/v2\/pages\/215\/revisions"}],"predecessor-version":[{"id":2573,"href":"https:\/\/szkolydoktorskie.uwb.edu.pl\/ns\/wp-json\/wp\/v2\/pages\/215\/revisions\/2573"}],"wp:attachment":[{"href":"https:\/\/szkolydoktorskie.uwb.edu.pl\/ns\/wp-json\/wp\/v2\/media?parent=215"}],"curies":[{"name":"wp","href":"https:\/\/api.w.org\/{rel}","templated":true}]}}