{"id":2133,"date":"2023-10-16T08:56:04","date_gmt":"2023-10-16T06:56:04","guid":{"rendered":"https:\/\/szkolydoktorskie.uwb.edu.pl\/ns\/?page_id=2133"},"modified":"2024-05-22T10:47:24","modified_gmt":"2024-05-22T08:47:24","slug":"hanna-halavina","status":"publish","type":"page","link":"https:\/\/szkolydoktorskie.uwb.edu.pl\/ns\/hanna-halavina\/","title":{"rendered":"Hanna Halavina"},"content":{"rendered":"\n<p><\/p>\n\n\n\n<figure class=\"wp-block-table\"><table><tbody><tr><td><strong>Imi\u0119 i nazwisko doktoranta:<\/strong><\/td><td><strong>Hanna Halavina <\/strong><\/td><\/tr><tr><td><strong>ORCID<\/strong><\/td><td>0000-0003-0789-5022<\/td><\/tr><tr><td><strong>E-mail <\/strong><em>(w domenie UwB):<\/em><\/td><td>h.halvina@uwb.edu.pl<\/td><\/tr><tr><td><strong>Temat rozprawy doktorskiej<\/strong><\/td><td>Dzia\u0142ania edukacyjne rodzic\u00f3w w kreowaniu to\u017csamo\u015bci j\u0119zykowej dziecka na przyk\u0142adzie obywateli Republiki Bia\u0142oru\u015b <\/td><\/tr><tr><td><strong>Promotor<\/strong><\/td><td>prof. dr hab. Jerzy Nikitorowicz <\/td><\/tr><tr><td><strong>Promotor pomocniczy <\/strong><\/td><td>dr Emilia \u017by\u0142kiewicz- P\u0142o\u0144ska<\/td><\/tr><tr><td><strong>Wydzia\u0142<\/strong> <strong>Katedra\/Zak\u0142ad<\/strong><\/td><td>Wydzia\u0142 Nauk o Edukacji <br>Katedra Edukacji Mi\u0119dzykulturowej i Elementarnej<br>Zak\u0142ad Studi\u00f3w Mi\u0119dzykulturowych i Regionalnych<\/td><\/tr><tr><td>\ufeff<\/td><td><strong>Publikacje naukowe<\/strong><\/td><\/tr><tr><td><em>Artyku\u0142y naukowe w czasopismach<\/em><\/td><td>1. History and Perspectives of Intercultural Dialog Between Poland and Belarus. Based on Biographies of Prominent People. <em>Culture and Education<\/em>, UwB, 2023<br><br>2. Wp\u0142yw pandemii COVID-19 na proces edukacji w Polsce i Bia\u0142orusi. W <em>Postpandemiczna rzeczywisto\u015b\u0107. Jak koronawirus zmieni\u0142 \u015bwiat?<\/em> red. nauk. Karol Ku\u017amicz, Karolina Wo\u017aniak, Kewin Konrad Bach; UwB, 2023<\/td><\/tr><tr><td>\ufeff<\/td><td><strong>Konferencje<\/strong><\/td><\/tr><tr><td><em>Wyst\u0105pienia na konferencjach naukowych<\/em><\/td><td>1.\u00a0\u00a0\u00a0\u00a0\u00a0 Wyst\u0105pienie na og\u00f3lnopolskiej konferencji naukowej \u201cPostpandemiczna rzeczywisto\u015b\u0107. Jak koronawirus zmieni\u0142 \u015bwiat\u201d 12.05.2023, Wydzia\u0142 Prawa UwB.<br><br>2.\u00a0\u00a0\u00a0\u00a0\u00a0 Wyst\u0105pienia na mi\u0119dzynarodowej konferencji naukowej \u201cJ\u0119zyk, literatura i kultura Bia\u0142orusi w Polsce i na \u015bwiecie, 01-02.06.2023,UW.<br><br>3. Wyst\u0105pienie na og\u00f3lnopolskiej konferencji naukowej \u201cDzieci, M\u0142odzie\u017c i doro\u015bli w kontek\u015bcie migracji, uchod\u017astwa i traumy wojennej \u2013 wyzwania i zadania edukacji\u201d 18-19.09.2023, UwB. <br><br>4. Wyst\u0105pienie na mi\u0119dzynarodowej konferencji naukowej \u201cJ\u0119zyk, literatura i kultura Bia\u0142orusi w Polsce i na \u015bwiecie, 23-24.03.2024,UW. <br><\/td><\/tr><tr><td>\ufeff<\/td><td><strong>Inna aktywno\u015b\u0107 naukowa<\/strong><\/td><\/tr><tr><td><em>Inne aktywno\u015bci\/osi\u0105gni\u0119cia naukowe Doktoranta<\/em><\/td><td><br>Certyfikat znajomo\u015bci j\u0119zyka polskiego jako obcego C1<br>&nbsp;<\/td><\/tr><\/tbody><\/table><\/figure>\n","protected":false},"excerpt":{"rendered":"<p>Imi\u0119 i nazwisko doktoranta: Hanna Halavina ORCID 0000-0003-0789-5022 E-mail (w domenie UwB): h.halvina@uwb.edu.pl Temat rozprawy doktorskiej Dzia\u0142ania edukacyjne rodzic\u00f3w w kreowaniu to\u017csamo\u015bci j\u0119zykowej dziecka na przyk\u0142adzie obywateli Republiki Bia\u0142oru\u015b Promotor&hellip;<\/p>\n","protected":false},"author":7,"featured_media":0,"parent":0,"menu_order":0,"comment_status":"closed","ping_status":"closed","template":"","meta":{"footnotes":""},"class_list":["post-2133","page","type-page","status-publish","hentry"],"yoast_head":"<!-- This site is optimized with the Yoast SEO plugin v27.4 - https:\/\/yoast.com\/product\/yoast-seo-wordpress\/ -->\n<title>Hanna Halavina - Szko\u0142a Doktorska Nauk Spo\u0142ecznych UwB<\/title>\n<meta name=\"robots\" content=\"index, follow, max-snippet:-1, max-image-preview:large, max-video-preview:-1\" \/>\n<link rel=\"canonical\" href=\"https:\/\/szkolydoktorskie.uwb.edu.pl\/ns\/hanna-halavina\/\" \/>\n<meta property=\"og:locale\" content=\"pl_PL\" \/>\n<meta property=\"og:type\" content=\"article\" \/>\n<meta property=\"og:title\" content=\"Hanna Halavina - Szko\u0142a Doktorska Nauk Spo\u0142ecznych UwB\" \/>\n<meta property=\"og:description\" content=\"Imi\u0119 i nazwisko doktoranta: Hanna Halavina ORCID 0000-0003-0789-5022 E-mail (w domenie UwB): h.halvina@uwb.edu.pl Temat rozprawy doktorskiej Dzia\u0142ania edukacyjne rodzic\u00f3w w kreowaniu to\u017csamo\u015bci j\u0119zykowej dziecka na przyk\u0142adzie obywateli Republiki Bia\u0142oru\u015b Promotor&hellip;\" \/>\n<meta property=\"og:url\" content=\"https:\/\/szkolydoktorskie.uwb.edu.pl\/ns\/hanna-halavina\/\" \/>\n<meta property=\"og:site_name\" content=\"Szko\u0142a Doktorska Nauk Spo\u0142ecznych UwB\" \/>\n<meta property=\"article:modified_time\" content=\"2024-05-22T08:47:24+00:00\" \/>\n<meta name=\"twitter:card\" content=\"summary_large_image\" \/>\n<meta name=\"twitter:label1\" content=\"Szacowany czas czytania\" \/>\n\t<meta name=\"twitter:data1\" content=\"2 minuty\" \/>\n<script type=\"application\/ld+json\" class=\"yoast-schema-graph\">{\"@context\":\"https:\\\/\\\/schema.org\",\"@graph\":[{\"@type\":\"WebPage\",\"@id\":\"https:\\\/\\\/szkolydoktorskie.uwb.edu.pl\\\/ns\\\/hanna-halavina\\\/\",\"url\":\"https:\\\/\\\/szkolydoktorskie.uwb.edu.pl\\\/ns\\\/hanna-halavina\\\/\",\"name\":\"Hanna Halavina - Szko\u0142a Doktorska Nauk Spo\u0142ecznych UwB\",\"isPartOf\":{\"@id\":\"https:\\\/\\\/szkolydoktorskie.uwb.edu.pl\\\/ns\\\/#website\"},\"datePublished\":\"2023-10-16T06:56:04+00:00\",\"dateModified\":\"2024-05-22T08:47:24+00:00\",\"breadcrumb\":{\"@id\":\"https:\\\/\\\/szkolydoktorskie.uwb.edu.pl\\\/ns\\\/hanna-halavina\\\/#breadcrumb\"},\"inLanguage\":\"pl-PL\",\"potentialAction\":[{\"@type\":\"ReadAction\",\"target\":[\"https:\\\/\\\/szkolydoktorskie.uwb.edu.pl\\\/ns\\\/hanna-halavina\\\/\"]}]},{\"@type\":\"BreadcrumbList\",\"@id\":\"https:\\\/\\\/szkolydoktorskie.uwb.edu.pl\\\/ns\\\/hanna-halavina\\\/#breadcrumb\",\"itemListElement\":[{\"@type\":\"ListItem\",\"position\":1,\"name\":\"Strona g\u0142\u00f3wna\",\"item\":\"https:\\\/\\\/szkolydoktorskie.uwb.edu.pl\\\/ns\\\/\"},{\"@type\":\"ListItem\",\"position\":2,\"name\":\"Hanna Halavina\"}]},{\"@type\":\"WebSite\",\"@id\":\"https:\\\/\\\/szkolydoktorskie.uwb.edu.pl\\\/ns\\\/#website\",\"url\":\"https:\\\/\\\/szkolydoktorskie.uwb.edu.pl\\\/ns\\\/\",\"name\":\"Szko\u0142a Doktorska Nauk Spo\u0142ecznych UwB\",\"description\":\"Szko\u0142a Doktorska Nauk Spo\u0142ecznych UwB\",\"publisher\":{\"@id\":\"https:\\\/\\\/szkolydoktorskie.uwb.edu.pl\\\/ns\\\/#organization\"},\"potentialAction\":[{\"@type\":\"SearchAction\",\"target\":{\"@type\":\"EntryPoint\",\"urlTemplate\":\"https:\\\/\\\/szkolydoktorskie.uwb.edu.pl\\\/ns\\\/?s={search_term_string}\"},\"query-input\":{\"@type\":\"PropertyValueSpecification\",\"valueRequired\":true,\"valueName\":\"search_term_string\"}}],\"inLanguage\":\"pl-PL\"},{\"@type\":\"Organization\",\"@id\":\"https:\\\/\\\/szkolydoktorskie.uwb.edu.pl\\\/ns\\\/#organization\",\"name\":\"Szko\u0142a Doktorska Nauk Spo\u0142ecznych UwB\",\"url\":\"https:\\\/\\\/szkolydoktorskie.uwb.edu.pl\\\/ns\\\/\",\"logo\":{\"@type\":\"ImageObject\",\"inLanguage\":\"pl-PL\",\"@id\":\"https:\\\/\\\/szkolydoktorskie.uwb.edu.pl\\\/ns\\\/#\\\/schema\\\/logo\\\/image\\\/\",\"url\":\"https:\\\/\\\/szkolydoktorskie.uwb.edu.pl\\\/ns\\\/wp-content\\\/uploads\\\/sites\\\/2\\\/2021\\\/04\\\/cropped-NS-LOGO.png\",\"contentUrl\":\"https:\\\/\\\/szkolydoktorskie.uwb.edu.pl\\\/ns\\\/wp-content\\\/uploads\\\/sites\\\/2\\\/2021\\\/04\\\/cropped-NS-LOGO.png\",\"width\":705,\"height\":188,\"caption\":\"Szko\u0142a Doktorska Nauk Spo\u0142ecznych UwB\"},\"image\":{\"@id\":\"https:\\\/\\\/szkolydoktorskie.uwb.edu.pl\\\/ns\\\/#\\\/schema\\\/logo\\\/image\\\/\"}}]}<\/script>\n<!-- \/ Yoast SEO plugin. -->","yoast_head_json":{"title":"Hanna Halavina - Szko\u0142a Doktorska Nauk Spo\u0142ecznych UwB","robots":{"index":"index","follow":"follow","max-snippet":"max-snippet:-1","max-image-preview":"max-image-preview:large","max-video-preview":"max-video-preview:-1"},"canonical":"https:\/\/szkolydoktorskie.uwb.edu.pl\/ns\/hanna-halavina\/","og_locale":"pl_PL","og_type":"article","og_title":"Hanna Halavina - Szko\u0142a Doktorska Nauk Spo\u0142ecznych UwB","og_description":"Imi\u0119 i nazwisko doktoranta: Hanna Halavina ORCID 0000-0003-0789-5022 E-mail (w domenie UwB): h.halvina@uwb.edu.pl Temat rozprawy doktorskiej Dzia\u0142ania edukacyjne rodzic\u00f3w w kreowaniu to\u017csamo\u015bci j\u0119zykowej dziecka na przyk\u0142adzie obywateli Republiki Bia\u0142oru\u015b Promotor&hellip;","og_url":"https:\/\/szkolydoktorskie.uwb.edu.pl\/ns\/hanna-halavina\/","og_site_name":"Szko\u0142a Doktorska Nauk Spo\u0142ecznych UwB","article_modified_time":"2024-05-22T08:47:24+00:00","twitter_card":"summary_large_image","twitter_misc":{"Szacowany czas czytania":"2 minuty"},"schema":{"@context":"https:\/\/schema.org","@graph":[{"@type":"WebPage","@id":"https:\/\/szkolydoktorskie.uwb.edu.pl\/ns\/hanna-halavina\/","url":"https:\/\/szkolydoktorskie.uwb.edu.pl\/ns\/hanna-halavina\/","name":"Hanna Halavina - Szko\u0142a Doktorska Nauk Spo\u0142ecznych UwB","isPartOf":{"@id":"https:\/\/szkolydoktorskie.uwb.edu.pl\/ns\/#website"},"datePublished":"2023-10-16T06:56:04+00:00","dateModified":"2024-05-22T08:47:24+00:00","breadcrumb":{"@id":"https:\/\/szkolydoktorskie.uwb.edu.pl\/ns\/hanna-halavina\/#breadcrumb"},"inLanguage":"pl-PL","potentialAction":[{"@type":"ReadAction","target":["https:\/\/szkolydoktorskie.uwb.edu.pl\/ns\/hanna-halavina\/"]}]},{"@type":"BreadcrumbList","@id":"https:\/\/szkolydoktorskie.uwb.edu.pl\/ns\/hanna-halavina\/#breadcrumb","itemListElement":[{"@type":"ListItem","position":1,"name":"Strona g\u0142\u00f3wna","item":"https:\/\/szkolydoktorskie.uwb.edu.pl\/ns\/"},{"@type":"ListItem","position":2,"name":"Hanna Halavina"}]},{"@type":"WebSite","@id":"https:\/\/szkolydoktorskie.uwb.edu.pl\/ns\/#website","url":"https:\/\/szkolydoktorskie.uwb.edu.pl\/ns\/","name":"Szko\u0142a Doktorska Nauk Spo\u0142ecznych UwB","description":"Szko\u0142a Doktorska Nauk Spo\u0142ecznych UwB","publisher":{"@id":"https:\/\/szkolydoktorskie.uwb.edu.pl\/ns\/#organization"},"potentialAction":[{"@type":"SearchAction","target":{"@type":"EntryPoint","urlTemplate":"https:\/\/szkolydoktorskie.uwb.edu.pl\/ns\/?s={search_term_string}"},"query-input":{"@type":"PropertyValueSpecification","valueRequired":true,"valueName":"search_term_string"}}],"inLanguage":"pl-PL"},{"@type":"Organization","@id":"https:\/\/szkolydoktorskie.uwb.edu.pl\/ns\/#organization","name":"Szko\u0142a Doktorska Nauk Spo\u0142ecznych UwB","url":"https:\/\/szkolydoktorskie.uwb.edu.pl\/ns\/","logo":{"@type":"ImageObject","inLanguage":"pl-PL","@id":"https:\/\/szkolydoktorskie.uwb.edu.pl\/ns\/#\/schema\/logo\/image\/","url":"https:\/\/szkolydoktorskie.uwb.edu.pl\/ns\/wp-content\/uploads\/sites\/2\/2021\/04\/cropped-NS-LOGO.png","contentUrl":"https:\/\/szkolydoktorskie.uwb.edu.pl\/ns\/wp-content\/uploads\/sites\/2\/2021\/04\/cropped-NS-LOGO.png","width":705,"height":188,"caption":"Szko\u0142a Doktorska Nauk Spo\u0142ecznych UwB"},"image":{"@id":"https:\/\/szkolydoktorskie.uwb.edu.pl\/ns\/#\/schema\/logo\/image\/"}}]}},"_links":{"self":[{"href":"https:\/\/szkolydoktorskie.uwb.edu.pl\/ns\/wp-json\/wp\/v2\/pages\/2133","targetHints":{"allow":["GET"]}}],"collection":[{"href":"https:\/\/szkolydoktorskie.uwb.edu.pl\/ns\/wp-json\/wp\/v2\/pages"}],"about":[{"href":"https:\/\/szkolydoktorskie.uwb.edu.pl\/ns\/wp-json\/wp\/v2\/types\/page"}],"author":[{"embeddable":true,"href":"https:\/\/szkolydoktorskie.uwb.edu.pl\/ns\/wp-json\/wp\/v2\/users\/7"}],"replies":[{"embeddable":true,"href":"https:\/\/szkolydoktorskie.uwb.edu.pl\/ns\/wp-json\/wp\/v2\/comments?post=2133"}],"version-history":[{"count":4,"href":"https:\/\/szkolydoktorskie.uwb.edu.pl\/ns\/wp-json\/wp\/v2\/pages\/2133\/revisions"}],"predecessor-version":[{"id":2602,"href":"https:\/\/szkolydoktorskie.uwb.edu.pl\/ns\/wp-json\/wp\/v2\/pages\/2133\/revisions\/2602"}],"wp:attachment":[{"href":"https:\/\/szkolydoktorskie.uwb.edu.pl\/ns\/wp-json\/wp\/v2\/media?parent=2133"}],"curies":[{"name":"wp","href":"https:\/\/api.w.org\/{rel}","templated":true}]}}