{"id":213,"date":"2021-05-27T10:53:12","date_gmt":"2021-05-27T08:53:12","guid":{"rendered":"https:\/\/szkolydoktorskie.uwb.edu.pl\/ns\/?page_id=213"},"modified":"2024-03-22T12:02:10","modified_gmt":"2024-03-22T11:02:10","slug":"gasowski-mateusz","status":"publish","type":"page","link":"https:\/\/szkolydoktorskie.uwb.edu.pl\/ns\/gasowski-mateusz\/","title":{"rendered":"G\u0105sowski Mateusz"},"content":{"rendered":"\n<div class=\"wp-block-media-text alignwide is-stacked-on-mobile\" style=\"grid-template-columns:15% auto\"><figure class=\"wp-block-media-text__media\"><img decoding=\"async\" src=\"https:\/\/uwb.edu.pl\/uploads\/tiny\/legitymacja%202.jpg\" alt=\"\" \/><\/figure><div class=\"wp-block-media-text__content\"><\/div><\/div>\n\n\n\n<figure class=\"wp-block-table\"><table><tbody><tr><td><strong>Imi\u0119 i nazwisko doktoranta <\/strong><\/td><td><strong>Mateusz G\u0105sowski<\/strong><\/td><\/tr><tr><td><strong>E-mail <\/strong><br>(w domenie UwB)<\/td><td>m.gasowski@uwb.edu.pl<\/td><\/tr><tr><td><strong>ORCID<\/strong><\/td><td>0000-0001-5650-9824<\/td><\/tr><tr><td><strong>Temat rozprawy doktorskiej <\/strong><\/td><td>Sterylizacja \u2013 wybrane aspekty prawnokarne i kryminologiczne<\/td><\/tr><tr><td><strong>Promotor<\/strong><\/td><td>prof. zw. dr hab. Ewa M. Guzik-Makaruk<\/td><\/tr><tr><td><strong>Promotor pomocniczy<\/strong><\/td><td>dr Ewelina Wojewoda<\/td><\/tr><tr><td><strong>Wydzia\u0142<\/strong><br><strong>Katedra\/Zak\u0142ad<\/strong><\/td><td>Wydzia\u0142 Prawa<br>Katedra Prawa Karnego i Kryminologii<br>Zak\u0142ad Prawa Karnego<\/td><\/tr><tr><td><\/td><td><strong>Publikacje naukowe<\/strong><\/td><\/tr><tr><td><em>Monografie naukowe\/rozdzia\u0142y w monografiach<\/em><\/td><td>1. M. G\u0105sowski, Cyberprzemoc w\u015br\u00f3d m\u0142odzie\u017cy szkolnej &#8211; uj\u0119cie kryminologiczne [w:] E.W. P\u0142ywaczewski, D. Dajnowicz-Piesiecka, E. Jurgielewicz-Delegacz (red.), Przest\u0119pczo\u015b\u0107 XXI wieku &#8211; szanse i wyzwania dla kryminologii, Warszawa 2020.\u00a0<br><br>2. P. Brzozowski, M. G\u0105sowski, M. \u0141ukaszewicz, M. Trochimowicz, Jako\u015b\u0107 kszta\u0142cenia na Uniwersytecie w Bia\u0142ymstoku \u2013 aspekty prawne i socjologiczne, Bia\u0142ystok 2018.\u00a0<br><br>3. M. G\u0105sowski, Przest\u0119pczo\u015b\u0107 nieletnich w wojew\u00f3dztwie podlaskim [w:] R Krajewski (red.), Post\u0119powania z nieletnimi i m\u0142odocianymi. Wybrane zagadnienia teorii i praktyki, Bydgoszcz 2017.<\/td><\/tr><tr><td><\/td><td><strong>Konferencje naukowe<\/strong><\/td><\/tr><tr><td><em>Wyst\u0105pienia na konferencjach naukowych<\/em><\/td><td>1.\u00a0\u00a0\u00a0\u00a0\u00a0\u00a0 III Og\u00f3lnopolskie Forum M\u0142odych Kryminolog\u00f3w, referat pt. \u201eProblem ciemnej liczby przest\u0119pstw w\u015br\u00f3d m\u0142odzie\u017cy szkolnej\u201d, Bia\u0142ystok, 23-25 wrze\u015bnia 2020 r.<br><br>2.\u00a0\u00a0\u00a0\u00a0\u00a0\u00a0 I Mi\u0119dzynarodowa Konferencja Naukowa nt: \u201eAktualno\u015bci dychotomii prawa publicznego i prywatnego\u201d, referat pt. \u201eKiedy dziecko zaczyna by\u0107 doros\u0142ym? Por\u00f3wnanie dolnej wiekowej granicy odpowiedzialno\u015bci w prawie karnym i cywilnym, Bia\u0142ystok, 13-13 maja 2019 r.<br><br>3.\u00a0\u00a0\u00a0\u00a0\u00a0\u00a0 Konferencja pt. \u201eDe\u00a0actu\u00a0et\u00a0visu\u00a0&#8211; wsp\u00f3\u0142czesne problemy nauk penalnych\u201d, referat pt. \u201eCzy ka\u017cdy przejaw\u00a0cyberprzeocy\u00a0jest przest\u0119pstwem? &#8211; prawnokarna analiza zjawiska cyberprzemocy\u201d, Bia\u0142ystok, 6-7 czerwca 2018 r.<br><br>4.\u00a0\u00a0\u00a0\u00a0\u00a0\u00a0 Og\u00f3lnopolska Konferencja Naukowa \u201eProblemy na styku Sportu i Prawa\u201d, referat pt. \u201eZakaz prowadzenia dzia\u0142alno\u015bci zwi\u0105zanej z wychowaniem, leczeniem, edukacj\u0105 ma\u0142oletnich lub operk\u0105 nad nimi w sporcie\u201d, Bia\u0142ystok, 24 maja 2018 r.<br><br>5.\u00a0\u00a0\u00a0\u00a0\u00a0\u00a0 II Og\u00f3lnopolskie Forum M\u0142odych Kryminolog\u00f3w, referat pt. \u201eCyberprzemoc w\u015br\u00f3d m\u0142odzie\u017cy szkolnej &#8211; uj\u0119cie kryminologiczne\u201d, Bia\u0142ystok, 10-11 maja 2018 r.<br><br>6.\u00a0\u00a0\u00a0\u00a0\u00a0\u00a0 Og\u00f3lnopolska Studencko-Doktorancka Konferencja Naukowa pt.\u00a0\u201e\u015arodki reakcji karnej na czyny\u00a0zabronione\u201d, referat pt.:\u00a0<em>\u201eProblematyka g\u00f3rnej granicy wymiaru kary wobec nieletnich sprawc\u00f3w przest\u0119pstw<\/em>\u201d, Bydgoszcz,\u00a013 marca 2018 r.\u00a0<br><br>7.\u00a0\u00a0\u00a0\u00a0\u00a0\u00a0 Og\u00f3lnopolska Konferencja Naukowa pt. \u201cKara za zab\u00f3jstwo &#8211; aspekty spo\u0142eczne i doktrynalne w r\u00f3\u017cnych porz\u0105dkach prawnych\u201d, referat pt.\u00a0<em>\u201eStarcie funkcji wychowawczej i sprawiedliwo\u015bciowej prawa karnego w przypadku karania nieletnich sprawc\u00f3w zab\u00f3jstw\u201d,\u00a0<\/em>Lublin, 15 grudnia 2017 r.<br><br>8.\u00a0\u00a0\u00a0\u00a0\u00a0 Og\u00f3lnopolska Konferencja Naokowa pt. \u201ePrawo wobec wyzwa\u0144 wsp\u00f3\u0142czesno\u015bci\u201d, referat pt. \u201eNamowa i pomoc do samob\u00f3jstwa jako przest\u0119pstwo pope\u0142niane przez Internet na przyk\u0142adzie blue whale challenge\u201d, Bia\u0142ystok, 14 wrze\u015bnia 2017 r.<br><br>9.\u00a0\u00a0\u00a0\u00a0\u00a0\u00a0 VII Og\u00f3lnopolski Zjazd K\u00f3\u0142 Naukowych Kryminalistyki \u201eWsp\u00f3\u0142czesne problemy nauk penalnych z perspektywy m\u0142odych naukowc\u00f3w\u201d, referat pt. \u201e\u015amier\u0107 na libacji alkoholowej \u2013 analiza odpowiedzialno\u015bci karnej nieletnich w oparciu o studiom przypadku sprawy Klaudii S.\u201d, Bia\u0142ystok, 10-12 maja 2017 r.<br><br>10.\u00a0\u00a0 Og\u00f3lnopolska Studencko-Doktorancka Konferencja Naukowa pt. \u201eNieletni i m\u0142odociani strawcy czyn\u00f3w zabronionych \u2013 aspekty prawne i spo\u0142eczne\u201d, referat pt. \u201ePrzest\u0119pczo\u015b\u0107 nieletnich w \u015bwietle przepis\u00f3w prawa oraz w perspektywie wojew\u00f3dztwa podlaskiego\u201d, Bydgoszcz, 9 maja 2017 r.<\/td><\/tr><tr><td><\/td><td><strong>Inne aktywno\u015bci\/osi\u0105gni\u0119cia naukowe Doktoranta<\/strong><\/td><\/tr><tr><td><\/td><td>Stypendium Ministra Nauki i Szkolnictwa Wy\u017cszego za wybitne osi\u0105gni\u0119cia na rok akademicki 2018\/2019<br><br>Wyjazd stypendialny w ramach programu Erasmus+ do\u00a0Universit\u00e0 degli Studi dell&#8217;Insubria (Como, W\u0142ochy) w semestrze zimowym roku akademickiego 2018\/2019<\/td><\/tr><\/tbody><\/table><\/figure>\n","protected":false},"excerpt":{"rendered":"<p>Imi\u0119 i nazwisko doktoranta Mateusz G\u0105sowski E-mail (w domenie UwB) m.gasowski@uwb.edu.pl ORCID 0000-0001-5650-9824 Temat rozprawy doktorskiej Sterylizacja \u2013 wybrane aspekty prawnokarne i kryminologiczne Promotor prof. zw. dr hab. Ewa M.&hellip;<\/p>\n","protected":false},"author":1,"featured_media":0,"parent":0,"menu_order":0,"comment_status":"closed","ping_status":"closed","template":"","meta":{"footnotes":""},"class_list":["post-213","page","type-page","status-publish","hentry"],"yoast_head":"<!-- This site is optimized with the Yoast SEO plugin v27.4 - https:\/\/yoast.com\/product\/yoast-seo-wordpress\/ -->\n<title>G\u0105sowski Mateusz - Szko\u0142a Doktorska Nauk Spo\u0142ecznych UwB<\/title>\n<meta name=\"robots\" content=\"index, follow, max-snippet:-1, max-image-preview:large, max-video-preview:-1\" \/>\n<link rel=\"canonical\" href=\"https:\/\/szkolydoktorskie.uwb.edu.pl\/ns\/gasowski-mateusz\/\" \/>\n<meta property=\"og:locale\" content=\"pl_PL\" \/>\n<meta property=\"og:type\" content=\"article\" \/>\n<meta property=\"og:title\" content=\"G\u0105sowski Mateusz - Szko\u0142a Doktorska Nauk Spo\u0142ecznych UwB\" \/>\n<meta property=\"og:description\" content=\"Imi\u0119 i nazwisko doktoranta Mateusz G\u0105sowski E-mail (w domenie UwB) m.gasowski@uwb.edu.pl ORCID 0000-0001-5650-9824 Temat rozprawy doktorskiej Sterylizacja \u2013 wybrane aspekty prawnokarne i kryminologiczne Promotor prof. zw. dr hab. Ewa M.&hellip;\" \/>\n<meta property=\"og:url\" content=\"https:\/\/szkolydoktorskie.uwb.edu.pl\/ns\/gasowski-mateusz\/\" \/>\n<meta property=\"og:site_name\" content=\"Szko\u0142a Doktorska Nauk Spo\u0142ecznych UwB\" \/>\n<meta property=\"article:modified_time\" content=\"2024-03-22T11:02:10+00:00\" \/>\n<meta property=\"og:image\" content=\"https:\/\/uwb.edu.pl\/uploads\/tiny\/legitymacja%202.jpg\" \/>\n<meta name=\"twitter:card\" content=\"summary_large_image\" \/>\n<meta name=\"twitter:label1\" content=\"Szacowany czas czytania\" \/>\n\t<meta name=\"twitter:data1\" content=\"4 minuty\" \/>\n<script type=\"application\/ld+json\" class=\"yoast-schema-graph\">{\"@context\":\"https:\\\/\\\/schema.org\",\"@graph\":[{\"@type\":\"WebPage\",\"@id\":\"https:\\\/\\\/szkolydoktorskie.uwb.edu.pl\\\/ns\\\/gasowski-mateusz\\\/\",\"url\":\"https:\\\/\\\/szkolydoktorskie.uwb.edu.pl\\\/ns\\\/gasowski-mateusz\\\/\",\"name\":\"G\u0105sowski Mateusz - Szko\u0142a Doktorska Nauk Spo\u0142ecznych UwB\",\"isPartOf\":{\"@id\":\"https:\\\/\\\/szkolydoktorskie.uwb.edu.pl\\\/ns\\\/#website\"},\"primaryImageOfPage\":{\"@id\":\"https:\\\/\\\/szkolydoktorskie.uwb.edu.pl\\\/ns\\\/gasowski-mateusz\\\/#primaryimage\"},\"image\":{\"@id\":\"https:\\\/\\\/szkolydoktorskie.uwb.edu.pl\\\/ns\\\/gasowski-mateusz\\\/#primaryimage\"},\"thumbnailUrl\":\"https:\\\/\\\/uwb.edu.pl\\\/uploads\\\/tiny\\\/legitymacja%202.jpg\",\"datePublished\":\"2021-05-27T08:53:12+00:00\",\"dateModified\":\"2024-03-22T11:02:10+00:00\",\"breadcrumb\":{\"@id\":\"https:\\\/\\\/szkolydoktorskie.uwb.edu.pl\\\/ns\\\/gasowski-mateusz\\\/#breadcrumb\"},\"inLanguage\":\"pl-PL\",\"potentialAction\":[{\"@type\":\"ReadAction\",\"target\":[\"https:\\\/\\\/szkolydoktorskie.uwb.edu.pl\\\/ns\\\/gasowski-mateusz\\\/\"]}]},{\"@type\":\"ImageObject\",\"inLanguage\":\"pl-PL\",\"@id\":\"https:\\\/\\\/szkolydoktorskie.uwb.edu.pl\\\/ns\\\/gasowski-mateusz\\\/#primaryimage\",\"url\":\"https:\\\/\\\/uwb.edu.pl\\\/uploads\\\/tiny\\\/legitymacja%202.jpg\",\"contentUrl\":\"https:\\\/\\\/uwb.edu.pl\\\/uploads\\\/tiny\\\/legitymacja%202.jpg\"},{\"@type\":\"BreadcrumbList\",\"@id\":\"https:\\\/\\\/szkolydoktorskie.uwb.edu.pl\\\/ns\\\/gasowski-mateusz\\\/#breadcrumb\",\"itemListElement\":[{\"@type\":\"ListItem\",\"position\":1,\"name\":\"Strona g\u0142\u00f3wna\",\"item\":\"https:\\\/\\\/szkolydoktorskie.uwb.edu.pl\\\/ns\\\/\"},{\"@type\":\"ListItem\",\"position\":2,\"name\":\"G\u0105sowski Mateusz\"}]},{\"@type\":\"WebSite\",\"@id\":\"https:\\\/\\\/szkolydoktorskie.uwb.edu.pl\\\/ns\\\/#website\",\"url\":\"https:\\\/\\\/szkolydoktorskie.uwb.edu.pl\\\/ns\\\/\",\"name\":\"Szko\u0142a Doktorska Nauk Spo\u0142ecznych UwB\",\"description\":\"Szko\u0142a Doktorska Nauk Spo\u0142ecznych UwB\",\"publisher\":{\"@id\":\"https:\\\/\\\/szkolydoktorskie.uwb.edu.pl\\\/ns\\\/#organization\"},\"potentialAction\":[{\"@type\":\"SearchAction\",\"target\":{\"@type\":\"EntryPoint\",\"urlTemplate\":\"https:\\\/\\\/szkolydoktorskie.uwb.edu.pl\\\/ns\\\/?s={search_term_string}\"},\"query-input\":{\"@type\":\"PropertyValueSpecification\",\"valueRequired\":true,\"valueName\":\"search_term_string\"}}],\"inLanguage\":\"pl-PL\"},{\"@type\":\"Organization\",\"@id\":\"https:\\\/\\\/szkolydoktorskie.uwb.edu.pl\\\/ns\\\/#organization\",\"name\":\"Szko\u0142a Doktorska Nauk Spo\u0142ecznych UwB\",\"url\":\"https:\\\/\\\/szkolydoktorskie.uwb.edu.pl\\\/ns\\\/\",\"logo\":{\"@type\":\"ImageObject\",\"inLanguage\":\"pl-PL\",\"@id\":\"https:\\\/\\\/szkolydoktorskie.uwb.edu.pl\\\/ns\\\/#\\\/schema\\\/logo\\\/image\\\/\",\"url\":\"https:\\\/\\\/szkolydoktorskie.uwb.edu.pl\\\/ns\\\/wp-content\\\/uploads\\\/sites\\\/2\\\/2021\\\/04\\\/cropped-NS-LOGO.png\",\"contentUrl\":\"https:\\\/\\\/szkolydoktorskie.uwb.edu.pl\\\/ns\\\/wp-content\\\/uploads\\\/sites\\\/2\\\/2021\\\/04\\\/cropped-NS-LOGO.png\",\"width\":705,\"height\":188,\"caption\":\"Szko\u0142a Doktorska Nauk Spo\u0142ecznych UwB\"},\"image\":{\"@id\":\"https:\\\/\\\/szkolydoktorskie.uwb.edu.pl\\\/ns\\\/#\\\/schema\\\/logo\\\/image\\\/\"}}]}<\/script>\n<!-- \/ Yoast SEO plugin. -->","yoast_head_json":{"title":"G\u0105sowski Mateusz - Szko\u0142a Doktorska Nauk Spo\u0142ecznych UwB","robots":{"index":"index","follow":"follow","max-snippet":"max-snippet:-1","max-image-preview":"max-image-preview:large","max-video-preview":"max-video-preview:-1"},"canonical":"https:\/\/szkolydoktorskie.uwb.edu.pl\/ns\/gasowski-mateusz\/","og_locale":"pl_PL","og_type":"article","og_title":"G\u0105sowski Mateusz - Szko\u0142a Doktorska Nauk Spo\u0142ecznych UwB","og_description":"Imi\u0119 i nazwisko doktoranta Mateusz G\u0105sowski E-mail (w domenie UwB) m.gasowski@uwb.edu.pl ORCID 0000-0001-5650-9824 Temat rozprawy doktorskiej Sterylizacja \u2013 wybrane aspekty prawnokarne i kryminologiczne Promotor prof. zw. dr hab. Ewa M.&hellip;","og_url":"https:\/\/szkolydoktorskie.uwb.edu.pl\/ns\/gasowski-mateusz\/","og_site_name":"Szko\u0142a Doktorska Nauk Spo\u0142ecznych UwB","article_modified_time":"2024-03-22T11:02:10+00:00","og_image":[{"url":"https:\/\/uwb.edu.pl\/uploads\/tiny\/legitymacja%202.jpg","type":"","width":"","height":""}],"twitter_card":"summary_large_image","twitter_misc":{"Szacowany czas czytania":"4 minuty"},"schema":{"@context":"https:\/\/schema.org","@graph":[{"@type":"WebPage","@id":"https:\/\/szkolydoktorskie.uwb.edu.pl\/ns\/gasowski-mateusz\/","url":"https:\/\/szkolydoktorskie.uwb.edu.pl\/ns\/gasowski-mateusz\/","name":"G\u0105sowski Mateusz - Szko\u0142a Doktorska Nauk Spo\u0142ecznych UwB","isPartOf":{"@id":"https:\/\/szkolydoktorskie.uwb.edu.pl\/ns\/#website"},"primaryImageOfPage":{"@id":"https:\/\/szkolydoktorskie.uwb.edu.pl\/ns\/gasowski-mateusz\/#primaryimage"},"image":{"@id":"https:\/\/szkolydoktorskie.uwb.edu.pl\/ns\/gasowski-mateusz\/#primaryimage"},"thumbnailUrl":"https:\/\/uwb.edu.pl\/uploads\/tiny\/legitymacja%202.jpg","datePublished":"2021-05-27T08:53:12+00:00","dateModified":"2024-03-22T11:02:10+00:00","breadcrumb":{"@id":"https:\/\/szkolydoktorskie.uwb.edu.pl\/ns\/gasowski-mateusz\/#breadcrumb"},"inLanguage":"pl-PL","potentialAction":[{"@type":"ReadAction","target":["https:\/\/szkolydoktorskie.uwb.edu.pl\/ns\/gasowski-mateusz\/"]}]},{"@type":"ImageObject","inLanguage":"pl-PL","@id":"https:\/\/szkolydoktorskie.uwb.edu.pl\/ns\/gasowski-mateusz\/#primaryimage","url":"https:\/\/uwb.edu.pl\/uploads\/tiny\/legitymacja%202.jpg","contentUrl":"https:\/\/uwb.edu.pl\/uploads\/tiny\/legitymacja%202.jpg"},{"@type":"BreadcrumbList","@id":"https:\/\/szkolydoktorskie.uwb.edu.pl\/ns\/gasowski-mateusz\/#breadcrumb","itemListElement":[{"@type":"ListItem","position":1,"name":"Strona g\u0142\u00f3wna","item":"https:\/\/szkolydoktorskie.uwb.edu.pl\/ns\/"},{"@type":"ListItem","position":2,"name":"G\u0105sowski Mateusz"}]},{"@type":"WebSite","@id":"https:\/\/szkolydoktorskie.uwb.edu.pl\/ns\/#website","url":"https:\/\/szkolydoktorskie.uwb.edu.pl\/ns\/","name":"Szko\u0142a Doktorska Nauk Spo\u0142ecznych UwB","description":"Szko\u0142a Doktorska Nauk Spo\u0142ecznych UwB","publisher":{"@id":"https:\/\/szkolydoktorskie.uwb.edu.pl\/ns\/#organization"},"potentialAction":[{"@type":"SearchAction","target":{"@type":"EntryPoint","urlTemplate":"https:\/\/szkolydoktorskie.uwb.edu.pl\/ns\/?s={search_term_string}"},"query-input":{"@type":"PropertyValueSpecification","valueRequired":true,"valueName":"search_term_string"}}],"inLanguage":"pl-PL"},{"@type":"Organization","@id":"https:\/\/szkolydoktorskie.uwb.edu.pl\/ns\/#organization","name":"Szko\u0142a Doktorska Nauk Spo\u0142ecznych UwB","url":"https:\/\/szkolydoktorskie.uwb.edu.pl\/ns\/","logo":{"@type":"ImageObject","inLanguage":"pl-PL","@id":"https:\/\/szkolydoktorskie.uwb.edu.pl\/ns\/#\/schema\/logo\/image\/","url":"https:\/\/szkolydoktorskie.uwb.edu.pl\/ns\/wp-content\/uploads\/sites\/2\/2021\/04\/cropped-NS-LOGO.png","contentUrl":"https:\/\/szkolydoktorskie.uwb.edu.pl\/ns\/wp-content\/uploads\/sites\/2\/2021\/04\/cropped-NS-LOGO.png","width":705,"height":188,"caption":"Szko\u0142a Doktorska Nauk Spo\u0142ecznych UwB"},"image":{"@id":"https:\/\/szkolydoktorskie.uwb.edu.pl\/ns\/#\/schema\/logo\/image\/"}}]}},"_links":{"self":[{"href":"https:\/\/szkolydoktorskie.uwb.edu.pl\/ns\/wp-json\/wp\/v2\/pages\/213","targetHints":{"allow":["GET"]}}],"collection":[{"href":"https:\/\/szkolydoktorskie.uwb.edu.pl\/ns\/wp-json\/wp\/v2\/pages"}],"about":[{"href":"https:\/\/szkolydoktorskie.uwb.edu.pl\/ns\/wp-json\/wp\/v2\/types\/page"}],"author":[{"embeddable":true,"href":"https:\/\/szkolydoktorskie.uwb.edu.pl\/ns\/wp-json\/wp\/v2\/users\/1"}],"replies":[{"embeddable":true,"href":"https:\/\/szkolydoktorskie.uwb.edu.pl\/ns\/wp-json\/wp\/v2\/comments?post=213"}],"version-history":[{"count":6,"href":"https:\/\/szkolydoktorskie.uwb.edu.pl\/ns\/wp-json\/wp\/v2\/pages\/213\/revisions"}],"predecessor-version":[{"id":2438,"href":"https:\/\/szkolydoktorskie.uwb.edu.pl\/ns\/wp-json\/wp\/v2\/pages\/213\/revisions\/2438"}],"wp:attachment":[{"href":"https:\/\/szkolydoktorskie.uwb.edu.pl\/ns\/wp-json\/wp\/v2\/media?parent=213"}],"curies":[{"name":"wp","href":"https:\/\/api.w.org\/{rel}","templated":true}]}}