{"id":211,"date":"2021-05-27T10:53:08","date_gmt":"2021-05-27T08:53:08","guid":{"rendered":"https:\/\/szkolydoktorskie.uwb.edu.pl\/ns\/?page_id=211"},"modified":"2024-03-25T16:07:28","modified_gmt":"2024-03-25T15:07:28","slug":"brzozowski-przemyslaw","status":"publish","type":"page","link":"https:\/\/szkolydoktorskie.uwb.edu.pl\/ns\/brzozowski-przemyslaw\/","title":{"rendered":"Brzozowski Przemys\u0142aw"},"content":{"rendered":"\n<div class=\"wp-block-media-text alignwide is-stacked-on-mobile\" style=\"grid-template-columns:15% auto\"><figure class=\"wp-block-media-text__media\"><img loading=\"lazy\" decoding=\"async\" width=\"684\" height=\"1024\" src=\"https:\/\/szkolydoktorskie.uwb.edu.pl\/ns\/wp-content\/uploads\/sites\/2\/2022\/10\/THB06726-684x1024.jpg\" alt=\"\" class=\"wp-image-1239 size-full\" srcset=\"https:\/\/szkolydoktorskie.uwb.edu.pl\/ns\/wp-content\/uploads\/sites\/2\/2022\/10\/THB06726-684x1024.jpg 684w, https:\/\/szkolydoktorskie.uwb.edu.pl\/ns\/wp-content\/uploads\/sites\/2\/2022\/10\/THB06726-200x300.jpg 200w, https:\/\/szkolydoktorskie.uwb.edu.pl\/ns\/wp-content\/uploads\/sites\/2\/2022\/10\/THB06726-768x1149.jpg 768w, https:\/\/szkolydoktorskie.uwb.edu.pl\/ns\/wp-content\/uploads\/sites\/2\/2022\/10\/THB06726-1027x1536.jpg 1027w, https:\/\/szkolydoktorskie.uwb.edu.pl\/ns\/wp-content\/uploads\/sites\/2\/2022\/10\/THB06726.jpg 1080w\" sizes=\"auto, (max-width: 684px) 100vw, 684px\" \/><\/figure><div class=\"wp-block-media-text__content\">\n<p class=\"has-large-font-size\"><\/p>\n<\/div><\/div>\n\n\n\n<figure class=\"wp-block-table is-style-stripes\"><table><tbody><tr><td><strong>E-mail&nbsp;<\/strong><em>:<\/em><\/td><td>p.brzozowski@uwb.edu.pl<\/td><\/tr><tr><td><\/td><td><\/td><\/tr><tr><td><strong>Kod ORCID<\/strong><\/td><td>https:\/\/orcid.org\/0000-0001-9166-5013<\/td><\/tr><tr><td><strong>Temat rozprawy doktorskiej<\/strong><\/td><td>Dopuszczalny zakres dzia\u0142alno\u015bci sp\u00f3\u0142ek z udzia\u0142em jednostek samorz\u0105du terytorialnego poza sfer\u0105 u\u017cyteczno\u015bci publicznej<\/td><\/tr><tr><td><strong>Promotor<\/strong><\/td><td>prof. dr hab. Agnieszka Malarewicz-Jakub\u00f3w<\/td><\/tr><tr><td><strong>Promotor pomocniczy<\/strong><\/td><td>&#8211;<\/td><\/tr><tr><td><strong>Wydzia\u0142<\/strong><br><strong>Katedra\/Zak\u0142ad<\/strong><\/td><td>Wydzia\u0142 Prawa<br>Katedra Prawa Cywilnego i Handlowego<\/td><\/tr><tr><td><strong>Konsultacje<\/strong><\/td><td><strong>&#8211;<\/strong><\/td><\/tr><tr><td><strong>Dzia\u0142alno\u015b\u0107 naukowa doktoranta<\/strong><\/td><\/tr><tr><td><strong>A.&nbsp;&nbsp;&nbsp;&nbsp;<\/strong><strong>Publikacje naukowe&nbsp;<\/strong><\/td><\/tr><tr><td><strong>A1. Artyku\u0142y naukowe w czasopismach<\/strong><\/td><td>1. Przemys\u0142aw Brzozowski, Magdalena Szorc, Wsp\u00f3\u0142praca administracji publicznej ze spo\u0142ecze\u0144stwem na przyk\u0142adzie funkcjonowania bud\u017cetu obywatelskiego, Studenckie Zeszyty Naukowe, Wydawnictwo Uniwersytetu Marii Curie-Sk\u0142odowskiej, Lublin 2018, Vol. XXI, No 37, ISSN: 1506-8285, p. 35.<br>2. Przemys\u0142aw Brzozowski, Cz\u0142onkostwo w radzie nadzorczej gminnej sp\u00f3\u0142ki prawa handlowego, Acta Scientifica Academiae Ostroviensis. Sectio A, Nauki Humanistyczne, Spo\u0142eczne i Techniczne, Wy\u017csza Szko\u0142a Biznesu i Przedsi\u0119biorczo\u015bci w Ostrowcu \u015aw., Ostrowiec \u015awi\u0119tokrzyski 2018, Nr 12(2)\/2018, ISSN: 2300-1739, p. 145.<br>3. Przemys\u0142aw Brzozowski,&nbsp;Obowi\u0105zek zap\u0142aty za akcje lub udzia\u0142y nienabyte przez uprawnionych pracownik\u00f3w w procedurze zbycia udzia\u0142\u00f3w sp\u00f3\u0142ki komunalnej \u2013 studium przypadku, Studia Prawno-Ekonomiczne, \u0141\u00f3d\u017a 2021, Tom 118 (2021), p. 11.<br>4. Przemys\u0142aw Brzozowski,&nbsp;Uproszczone po\u0142\u0105czenie sp\u00f3\u0142ek bez podwy\u017cszania kapita\u0142u zak\u0142adowego w \u015bwietle nowelizacji Kodeksu sp\u00f3\u0142ek handlowych, Przegl\u0105d Prawa Handlowego, Warszawa 2021, nr 7\/2021, p. 54.<br>5. Przemys\u0142aw Brzozowski, The competition between local government and entrepreneurs from the perspective of Pierre Bourdieu&#8217;s concept of capitals, Corvinus Journal of Sociology and Social Policy, Budapest 2022, vol. 13 (2022)1, p. 139.<br>6. Przemys\u0142aw Brzozowski, Legal Instruments for the Collaboration of Divided Cities with Polish Constituents in Municipal Services Management, Border Crossing, London 2022, 12(2), p. 97<br>7. A. Malarewicz-Jakub\u00f3w, P. Brzozowski, Skuteczno\u015b\u0107 nadzoru nad wykorzystaniem maj\u0105tku sp\u00f3\u0142ek komunalnych w Polsce, Studia Iuridica, Warszawa 2022, nr 95, p. 317.<\/td><\/tr><tr><td><strong>A2. Monografie naukowe\/rozdzia\u0142y w monografiach<\/strong><\/td><td>1. Przemys\u0142aw Brzozowski, Mateusz G\u0105sowski, Marta Maksimczuk, \u0421\u0440\u0430\u0432\u043d\u0438\u0442\u0435\u043b\u044c\u043d\u044b\u0439 \u0430\u043d\u0430\u043b\u0438\u0437 \u0443\u0433\u043e\u043b\u043e\u0432\u043d\u043e\u0439 \u043e\u0442\u0432\u0435\u0442\u0441\u0442\u0432\u0435\u043d\u043d\u043e\u0441\u0442\u0438 \u043d\u0435\u0441\u043e\u0432\u0435\u0440\u0448\u0435\u043d\u043d\u043e\u043b\u0435\u0442\u043d\u0438\u0445 \u0432 \u043f\u043e\u043b\u044c\u0448\u0435 \u0438 \u0443\u043a\u0440\u0430\u0438\u043d\u0435 (en. Comparative analysis of criminal liability of juveniles in Poland and Ukraine), w: \u0428\u043e\u0441\u0442\u0456 \u0425\u0430\u0440\u043a\u0456\u0432\u0441\u044c\u043a\u0456 \u043a\u0440\u0438\u043c\u0456\u043d\u0430\u043b\u044c\u043d\u043e-\u043f\u0440\u0430\u0432\u043e\u0432\u0456 \u0447\u0438\u0442\u0430\u043d\u043d\u044f &#8222;\u0423\u043a\u0440\u0430\u0457\u043d\u0430 \u043d\u0430 \u043a\u0440\u0438\u043c\u0456\u043d\u0430\u043b\u044c\u043d\u043e-\u043f\u0440\u0430\u0432\u043e\u0432\u0456\u0439 \u043a\u0430\u0440\u0442\u0456 \u0441\u0432\u0456\u0442\u0443, \u041f\u0440\u0430\u0432\u043e, Kharkiv 2017, ISBN: 978-966-937-264-2, p. 12.<br>2. Przemys\u0142aw Brzozowski, Mateusz G\u0105sowski, Maciej \u0141ukaszewicz, Michalina Trochimowicz, Jako\u015b\u0107 kszta\u0142cenia na Uniwersytecie w Bia\u0142ymstoku &#8211; aspekty prawne i socjologiczne, Temida 2, Bia\u0142ystok 2018, ISBN: 978-83-65696-06-9.<br>3. Przemys\u0142aw Brzozowski, Marta Maksimczuk, \u0420\u0430\u0437\u043c\u044b\u0448\u043b\u0435\u043d\u0438\u044f \u043d\u0430 \u0442\u0435\u043c\u0443 \u043e\u0440\u0433\u0430\u043d\u043e\u0432 \u0441\u043e\u043b\u0435\u0446\u0442\u0432\u0430 \u0432 \u0441\u043e\u0432\u0440\u0435\u043c\u0435\u043d\u043d\u043e\u0439 \u043f\u043e\u043b\u044c\u0448z (en. Reflections on the so\u0142ectwo in modern Poland), w: \u041d\u043e\u0432\u0435\u043b\u043b\u044b \u043f\u0440\u0430\u0432\u0430 \u0438 \u043f\u043e\u043b\u0438\u0442\u0438\u043a\u0438 2017. \u041c\u0430\u0442\u0435\u0440\u0438\u0430\u043b\u044b \u041c\u0435\u0436\u0434\u0443\u043d\u0430\u0440\u043e\u0434\u043d\u043e\u0439\u043d\u0430\u0443\u0447\u043d\u043e-\u043f\u0440\u0430\u043a\u0442\u0438\u0447\u0435\u0441\u043a\u043e\u0439 \u043a\u043e\u043d\u0444\u0435\u0440\u0435\u043d\u0446\u0438\u0438, \u0413\u0418\u042d\u0424\u041f\u0422, Gatchina 2018, ISBN: 978-5-94895-117-1, p. 52.<br>4. Przemys\u0142aw Brzozowski, \u015arodki karne zakazu zajmowania okre\u015blonego stanowiska, wykonywania okre\u015blonego zawodu lub prowadzenia okre\u015blonej dzia\u0142alno\u015bci gospodarczej, M. Kasprzak, A. Kili\u0144ska-P\u0119kacz, &#8222;\u015arodki reakcji karnej na czyny zabronione&#8221;, Wydawnictwo Naukowe Katedra, Gda\u0144sk 2018, ISBN: 978-83-66107-08-3, p. 23.<\/td><\/tr><tr><td><strong>B. Konferencje naukowe<\/strong><\/td><\/tr><tr><td><strong>B1. Wyst\u0105pienia na konferencjach naukowych<\/strong><\/td><td>1. 14.11.2017 r., Bia\u0142ystok, Og\u00f3lnopolska Konferencja Naukowa \u201ePrawo wobec wyzwa\u0144 wsp\u00f3\u0142czesno\u015bci\u201d, referat pt.: \u201eBlokada alkoholowa \u2013 rozwa\u017cania wok\u00f3\u0142 technologicznych rozwi\u0105za\u0144 w walce z prowadzeniem pojazd\u00f3w mechanicznych pod wp\u0142ywem alkoholu\u201d,<br>2. 20.02.2018 r., Pozna\u0144, Og\u00f3lnopolska Konferencja Naukowa \u201eTworzenie sp\u00f3\u0142ek handlowych\u201d, referat pt.: \u201eWybrane aspekty tworzenia sp\u00f3\u0142ek komandytowych z udzia\u0142em sp\u00f3\u0142ek z ograniczon\u0105 odpowiedzialno\u015bci\u0105 jako komplementariuszy\u201d,<br>3. 13.03.2018 r., Bydgoszcz, Og\u00f3lnopolska Studencko-Doktorancka Konferencja Naukowa pt. \u201e\u015arodki reakcji karnej na czyny zabronione\u201d, referat pt.: Zakaz zajmowania okre\u015blonego stanowiska, wykonywania okre\u015blonego zawodu lub prowadzenia okre\u015blonej dzia\u0142alno\u015bci gospodarczej, jako \u015brodek reakcji prawnokarnej\u201d,<br>4. 19.04.2018 r., Pozna\u0144, Og\u00f3lnopolska Konferencja Naukowa \u201ePrzes\u0142anki rozwi\u0105zania i likwidacji sp\u00f3\u0142ek prawa handlowego w systemach prawnych pa\u0144stw europejskich\u201d, referat pt.: \u201eOdpowiedzialno\u015b\u0107 za niezg\u0142oszenie wniosku o og\u0142oszenie upad\u0142o\u015bci sp\u00f3\u0142ki w systemach prawnych wybranych pa\u0144stw europejskich\u201d,<br>5. 21.05.2018 r., Bia\u0142ystok, Og\u00f3lnopolska Konferencja Naukowa: Cz\u0142owiek w Prawie Handlowym, referat pt.: \u201eCz\u0142onkostwo w radzie nadzorczej gminnej sp\u00f3\u0142ki prawa handlowego\u201d,<br>6. 20.05.2019 r., Bia\u0142ystok, V Og\u00f3lnopolska Konferencja Naukowa \u201eAspekty finansowe w prawie handlowym\u201d, referat pt.: \u201eObowi\u0105zek zap\u0142aty za tzw. \u201ereszt\u00f3wk\u0119\u201d w procedurze prywatyzacji sp\u00f3\u0142ki komunalnej\u201d,<br>7. 13-14.05.2019 r., Bia\u0142ystok, I Mi\u0119dzynarodowa Konferencja Naukowa \u201eAktualno\u015bci dychotomii prawa publicznego i prywatnego\u201d, referat pt.: \u201eRada nadzorcza w klasycznej sp\u00f3\u0142ce prawa handlowego i w sp\u00f3\u0142ce komunalnej\u201d,<br>8. 10-11.06.2019 r., Kielce, III Forum Doktorant\u00f3w Uniwersytetu Jana Kochanowskiego w Kielcach, poster pt.: \u201ePrywatyzacja sp\u00f3\u0142ek prawa handlowego z udzia\u0142em jednostek samorz\u0105du terytorialnego\u201d.&nbsp;<br>9. 17-19.11.2020 r.,&nbsp;IV Og\u00f3lnopolskie Forum Doktorant\u00f3w Uniwersytetu Jana Kochanowskiego w Kielcach, referat pt. \u201ePo\u0142\u0105czenie sp\u00f3\u0142ek bez podwy\u017cszania kapita\u0142u zak\u0142adowego&#8221;. <br>10. 13.05.2021 r., II Forum M\u0142odych Badaczy Prawa Handlowego. Prawo handlowe w XXI wieku \u2013 teoria i praktyka, referat pt. \u201ePo\u0142\u0105czenie sp\u00f3\u0142ek prawa handlowego bez podwy\u017cszania kapita\u0142u zak\u0142adowego w \u015bwietle nowelizacji Kodeksu sp\u00f3\u0142ek handlowych&#8221;.<br>11. 04.06.2022 r., Pozna\u0144, Og\u00f3lnopolska Konferencja Naukowa &#8222;Innowacje w naukach spo\u0142ecznych i humanistycznych&#8221;, referat pt. &#8222;Zakres dopuszczalnej dzia\u0142alno\u015bci jednostek samorz\u0105du terytorialnego w \u015bwietle wyzwa\u0144 XXI wieku&#8221;.<br>12. 19-21.09.2022 r., Bia\u0142ystok, XXI Doroczna Konferencja Mi\u0119dzynarodowego Centrum Bada\u0144 Finans\u00f3w Publicznych i Prawa Podatkowego, referat we wsp\u00f3\u0142autorstwie z prof. dr hab. Agnieszk\u0105 Malarewicz-Jakub\u00f3w pt. &#8222;Skuteczno\u015b\u0107 nadzoru nad wykorzystaniem maj\u0105tku sp\u00f3\u0142ek komunalnych w Polsce&#8221;.<\/td><\/tr><tr><td><strong>C. Granty<\/strong><\/td><\/tr><tr><td><strong>C1. Udzia\u0142&nbsp;<\/strong><em>( granty realizowane obecnie)<\/em><\/td><td>1. Prawa jednostki w sferze o\u015bwiaty i szkolnictwa wy\u017cszego w kontek\u015bcie reform edukacyjnych, 2017-obecnie, wykonawca, nr projektu: BMN-587, projekt finansowany z Ministerstwa Nauki i Szkolnictwa Wy\u017cszego w ramach dotacji celowej na prowadzenie bada\u0144 naukowych lub prac rozwojowych oraz zada\u0144 z nimi zwi\u0105zanych, s\u0142u\u017c\u0105cych rozwojowi m\u0142odych naukowc\u00f3w, kierownik projektu: mgr \u0141ukasz Kierznowski<br>2. Regionalna Inicjatywa Doskona\u0142o\u015bci dla nauk spo\u0142ecznych Uniwersytetu w Bia\u0142ymstoku, 2024- grant wewn\u0119trzny -wsparcie realizacji bada\u0144 naukowych <\/td><\/tr><tr><td><strong>C2. Udzia\u0142&nbsp;<\/strong><em>(granty zako\u0144czone)<\/em><\/td><td><strong>&#8211;<\/strong><\/td><\/tr><tr><td><strong>D. Inna aktywno\u015b\u0107 naukowa&nbsp;<\/strong><\/td><\/tr><tr><td><strong>D1. Inne aktywno\u015bci\/osi\u0105gni\u0119cia naukowe Doktoranta<\/strong><\/td><td>1. Projekt naukowo-badawczy pt.: &#8222;Badanie jako\u015bci kszta\u0142cenia na Uniwersytecie w Bia\u0142ymstoku&#8221;, 2017-2018,<br>2. Studencka Poradnia Prawna, Pracownia Wydzia\u0142u Prawa Uniwersytetu w Bia\u0142ymstoku, sekcje prawa ochrony \u015brodowiska i prawa cywilnego, 2017-2019,<br>3. Projekt naukowo-badawczy Ko\u0142a Naukowego Prawa Mi\u0119dzynarodowego i Europejskiego oraz Ko\u0142a Naukowego Student\u00f3w Ekonomii im. Friedricha von Hayeka, 2018<br>4. Wymiana studencka w ramach programu Erasmus+, Universit\u00e0 degli studi dell&#8217;Insubria, W\u0142ochy, 2018-2019,<br>5. Ko\u0142o Naukowe Prawa Mi\u0119dzynarodowego i Europejskiego, 2015-2019, Ko\u0142o Naukowe Prawa Handlowego, 2017-obecnie.<\/td><\/tr><\/tbody><\/table><\/figure>\n","protected":false},"excerpt":{"rendered":"<p>E-mail&nbsp;: p.brzozowski@uwb.edu.pl Kod ORCID https:\/\/orcid.org\/0000-0001-9166-5013 Temat rozprawy doktorskiej Dopuszczalny zakres dzia\u0142alno\u015bci sp\u00f3\u0142ek z udzia\u0142em jednostek samorz\u0105du terytorialnego poza sfer\u0105 u\u017cyteczno\u015bci publicznej Promotor prof. dr hab. Agnieszka Malarewicz-Jakub\u00f3w Promotor pomocniczy &#8211;&hellip;<\/p>\n","protected":false},"author":1,"featured_media":0,"parent":0,"menu_order":0,"comment_status":"closed","ping_status":"closed","template":"","meta":{"footnotes":""},"class_list":["post-211","page","type-page","status-publish","hentry"],"yoast_head":"<!-- This site is optimized with the Yoast SEO plugin v27.4 - https:\/\/yoast.com\/product\/yoast-seo-wordpress\/ -->\n<title>Brzozowski Przemys\u0142aw - Szko\u0142a Doktorska Nauk Spo\u0142ecznych UwB<\/title>\n<meta name=\"robots\" content=\"index, follow, max-snippet:-1, max-image-preview:large, max-video-preview:-1\" \/>\n<link rel=\"canonical\" href=\"https:\/\/szkolydoktorskie.uwb.edu.pl\/ns\/brzozowski-przemyslaw\/\" \/>\n<meta property=\"og:locale\" content=\"pl_PL\" \/>\n<meta property=\"og:type\" content=\"article\" \/>\n<meta property=\"og:title\" content=\"Brzozowski Przemys\u0142aw - Szko\u0142a Doktorska Nauk Spo\u0142ecznych UwB\" \/>\n<meta property=\"og:description\" content=\"E-mail&nbsp;: p.brzozowski@uwb.edu.pl Kod ORCID https:\/\/orcid.org\/0000-0001-9166-5013 Temat rozprawy doktorskiej Dopuszczalny zakres dzia\u0142alno\u015bci sp\u00f3\u0142ek z udzia\u0142em jednostek samorz\u0105du terytorialnego poza sfer\u0105 u\u017cyteczno\u015bci publicznej Promotor prof. dr hab. Agnieszka Malarewicz-Jakub\u00f3w Promotor pomocniczy &#8211;&hellip;\" \/>\n<meta property=\"og:url\" content=\"https:\/\/szkolydoktorskie.uwb.edu.pl\/ns\/brzozowski-przemyslaw\/\" \/>\n<meta property=\"og:site_name\" content=\"Szko\u0142a Doktorska Nauk Spo\u0142ecznych UwB\" \/>\n<meta property=\"article:modified_time\" content=\"2024-03-25T15:07:28+00:00\" \/>\n<meta property=\"og:image\" content=\"https:\/\/szkolydoktorskie.uwb.edu.pl\/ns\/wp-content\/uploads\/sites\/2\/2022\/10\/THB06726-684x1024.jpg\" \/>\n<meta name=\"twitter:card\" content=\"summary_large_image\" \/>\n<meta name=\"twitter:label1\" content=\"Szacowany czas czytania\" \/>\n\t<meta name=\"twitter:data1\" content=\"6 minut\" \/>\n<script type=\"application\/ld+json\" class=\"yoast-schema-graph\">{\"@context\":\"https:\\\/\\\/schema.org\",\"@graph\":[{\"@type\":\"WebPage\",\"@id\":\"https:\\\/\\\/szkolydoktorskie.uwb.edu.pl\\\/ns\\\/brzozowski-przemyslaw\\\/\",\"url\":\"https:\\\/\\\/szkolydoktorskie.uwb.edu.pl\\\/ns\\\/brzozowski-przemyslaw\\\/\",\"name\":\"Brzozowski Przemys\u0142aw - Szko\u0142a Doktorska Nauk Spo\u0142ecznych UwB\",\"isPartOf\":{\"@id\":\"https:\\\/\\\/szkolydoktorskie.uwb.edu.pl\\\/ns\\\/#website\"},\"primaryImageOfPage\":{\"@id\":\"https:\\\/\\\/szkolydoktorskie.uwb.edu.pl\\\/ns\\\/brzozowski-przemyslaw\\\/#primaryimage\"},\"image\":{\"@id\":\"https:\\\/\\\/szkolydoktorskie.uwb.edu.pl\\\/ns\\\/brzozowski-przemyslaw\\\/#primaryimage\"},\"thumbnailUrl\":\"https:\\\/\\\/szkolydoktorskie.uwb.edu.pl\\\/ns\\\/wp-content\\\/uploads\\\/sites\\\/2\\\/2022\\\/10\\\/THB06726-684x1024.jpg\",\"datePublished\":\"2021-05-27T08:53:08+00:00\",\"dateModified\":\"2024-03-25T15:07:28+00:00\",\"breadcrumb\":{\"@id\":\"https:\\\/\\\/szkolydoktorskie.uwb.edu.pl\\\/ns\\\/brzozowski-przemyslaw\\\/#breadcrumb\"},\"inLanguage\":\"pl-PL\",\"potentialAction\":[{\"@type\":\"ReadAction\",\"target\":[\"https:\\\/\\\/szkolydoktorskie.uwb.edu.pl\\\/ns\\\/brzozowski-przemyslaw\\\/\"]}]},{\"@type\":\"ImageObject\",\"inLanguage\":\"pl-PL\",\"@id\":\"https:\\\/\\\/szkolydoktorskie.uwb.edu.pl\\\/ns\\\/brzozowski-przemyslaw\\\/#primaryimage\",\"url\":\"https:\\\/\\\/szkolydoktorskie.uwb.edu.pl\\\/ns\\\/wp-content\\\/uploads\\\/sites\\\/2\\\/2022\\\/10\\\/THB06726.jpg\",\"contentUrl\":\"https:\\\/\\\/szkolydoktorskie.uwb.edu.pl\\\/ns\\\/wp-content\\\/uploads\\\/sites\\\/2\\\/2022\\\/10\\\/THB06726.jpg\",\"width\":1080,\"height\":1616},{\"@type\":\"BreadcrumbList\",\"@id\":\"https:\\\/\\\/szkolydoktorskie.uwb.edu.pl\\\/ns\\\/brzozowski-przemyslaw\\\/#breadcrumb\",\"itemListElement\":[{\"@type\":\"ListItem\",\"position\":1,\"name\":\"Strona g\u0142\u00f3wna\",\"item\":\"https:\\\/\\\/szkolydoktorskie.uwb.edu.pl\\\/ns\\\/\"},{\"@type\":\"ListItem\",\"position\":2,\"name\":\"Brzozowski Przemys\u0142aw\"}]},{\"@type\":\"WebSite\",\"@id\":\"https:\\\/\\\/szkolydoktorskie.uwb.edu.pl\\\/ns\\\/#website\",\"url\":\"https:\\\/\\\/szkolydoktorskie.uwb.edu.pl\\\/ns\\\/\",\"name\":\"Szko\u0142a Doktorska Nauk Spo\u0142ecznych UwB\",\"description\":\"Szko\u0142a Doktorska Nauk Spo\u0142ecznych UwB\",\"publisher\":{\"@id\":\"https:\\\/\\\/szkolydoktorskie.uwb.edu.pl\\\/ns\\\/#organization\"},\"potentialAction\":[{\"@type\":\"SearchAction\",\"target\":{\"@type\":\"EntryPoint\",\"urlTemplate\":\"https:\\\/\\\/szkolydoktorskie.uwb.edu.pl\\\/ns\\\/?s={search_term_string}\"},\"query-input\":{\"@type\":\"PropertyValueSpecification\",\"valueRequired\":true,\"valueName\":\"search_term_string\"}}],\"inLanguage\":\"pl-PL\"},{\"@type\":\"Organization\",\"@id\":\"https:\\\/\\\/szkolydoktorskie.uwb.edu.pl\\\/ns\\\/#organization\",\"name\":\"Szko\u0142a Doktorska Nauk Spo\u0142ecznych UwB\",\"url\":\"https:\\\/\\\/szkolydoktorskie.uwb.edu.pl\\\/ns\\\/\",\"logo\":{\"@type\":\"ImageObject\",\"inLanguage\":\"pl-PL\",\"@id\":\"https:\\\/\\\/szkolydoktorskie.uwb.edu.pl\\\/ns\\\/#\\\/schema\\\/logo\\\/image\\\/\",\"url\":\"https:\\\/\\\/szkolydoktorskie.uwb.edu.pl\\\/ns\\\/wp-content\\\/uploads\\\/sites\\\/2\\\/2021\\\/04\\\/cropped-NS-LOGO.png\",\"contentUrl\":\"https:\\\/\\\/szkolydoktorskie.uwb.edu.pl\\\/ns\\\/wp-content\\\/uploads\\\/sites\\\/2\\\/2021\\\/04\\\/cropped-NS-LOGO.png\",\"width\":705,\"height\":188,\"caption\":\"Szko\u0142a Doktorska Nauk Spo\u0142ecznych UwB\"},\"image\":{\"@id\":\"https:\\\/\\\/szkolydoktorskie.uwb.edu.pl\\\/ns\\\/#\\\/schema\\\/logo\\\/image\\\/\"}}]}<\/script>\n<!-- \/ Yoast SEO plugin. -->","yoast_head_json":{"title":"Brzozowski Przemys\u0142aw - Szko\u0142a Doktorska Nauk Spo\u0142ecznych UwB","robots":{"index":"index","follow":"follow","max-snippet":"max-snippet:-1","max-image-preview":"max-image-preview:large","max-video-preview":"max-video-preview:-1"},"canonical":"https:\/\/szkolydoktorskie.uwb.edu.pl\/ns\/brzozowski-przemyslaw\/","og_locale":"pl_PL","og_type":"article","og_title":"Brzozowski Przemys\u0142aw - Szko\u0142a Doktorska Nauk Spo\u0142ecznych UwB","og_description":"E-mail&nbsp;: p.brzozowski@uwb.edu.pl Kod ORCID https:\/\/orcid.org\/0000-0001-9166-5013 Temat rozprawy doktorskiej Dopuszczalny zakres dzia\u0142alno\u015bci sp\u00f3\u0142ek z udzia\u0142em jednostek samorz\u0105du terytorialnego poza sfer\u0105 u\u017cyteczno\u015bci publicznej Promotor prof. dr hab. Agnieszka Malarewicz-Jakub\u00f3w Promotor pomocniczy &#8211;&hellip;","og_url":"https:\/\/szkolydoktorskie.uwb.edu.pl\/ns\/brzozowski-przemyslaw\/","og_site_name":"Szko\u0142a Doktorska Nauk Spo\u0142ecznych UwB","article_modified_time":"2024-03-25T15:07:28+00:00","og_image":[{"url":"https:\/\/szkolydoktorskie.uwb.edu.pl\/ns\/wp-content\/uploads\/sites\/2\/2022\/10\/THB06726-684x1024.jpg","type":"","width":"","height":""}],"twitter_card":"summary_large_image","twitter_misc":{"Szacowany czas czytania":"6 minut"},"schema":{"@context":"https:\/\/schema.org","@graph":[{"@type":"WebPage","@id":"https:\/\/szkolydoktorskie.uwb.edu.pl\/ns\/brzozowski-przemyslaw\/","url":"https:\/\/szkolydoktorskie.uwb.edu.pl\/ns\/brzozowski-przemyslaw\/","name":"Brzozowski Przemys\u0142aw - Szko\u0142a Doktorska Nauk Spo\u0142ecznych UwB","isPartOf":{"@id":"https:\/\/szkolydoktorskie.uwb.edu.pl\/ns\/#website"},"primaryImageOfPage":{"@id":"https:\/\/szkolydoktorskie.uwb.edu.pl\/ns\/brzozowski-przemyslaw\/#primaryimage"},"image":{"@id":"https:\/\/szkolydoktorskie.uwb.edu.pl\/ns\/brzozowski-przemyslaw\/#primaryimage"},"thumbnailUrl":"https:\/\/szkolydoktorskie.uwb.edu.pl\/ns\/wp-content\/uploads\/sites\/2\/2022\/10\/THB06726-684x1024.jpg","datePublished":"2021-05-27T08:53:08+00:00","dateModified":"2024-03-25T15:07:28+00:00","breadcrumb":{"@id":"https:\/\/szkolydoktorskie.uwb.edu.pl\/ns\/brzozowski-przemyslaw\/#breadcrumb"},"inLanguage":"pl-PL","potentialAction":[{"@type":"ReadAction","target":["https:\/\/szkolydoktorskie.uwb.edu.pl\/ns\/brzozowski-przemyslaw\/"]}]},{"@type":"ImageObject","inLanguage":"pl-PL","@id":"https:\/\/szkolydoktorskie.uwb.edu.pl\/ns\/brzozowski-przemyslaw\/#primaryimage","url":"https:\/\/szkolydoktorskie.uwb.edu.pl\/ns\/wp-content\/uploads\/sites\/2\/2022\/10\/THB06726.jpg","contentUrl":"https:\/\/szkolydoktorskie.uwb.edu.pl\/ns\/wp-content\/uploads\/sites\/2\/2022\/10\/THB06726.jpg","width":1080,"height":1616},{"@type":"BreadcrumbList","@id":"https:\/\/szkolydoktorskie.uwb.edu.pl\/ns\/brzozowski-przemyslaw\/#breadcrumb","itemListElement":[{"@type":"ListItem","position":1,"name":"Strona g\u0142\u00f3wna","item":"https:\/\/szkolydoktorskie.uwb.edu.pl\/ns\/"},{"@type":"ListItem","position":2,"name":"Brzozowski Przemys\u0142aw"}]},{"@type":"WebSite","@id":"https:\/\/szkolydoktorskie.uwb.edu.pl\/ns\/#website","url":"https:\/\/szkolydoktorskie.uwb.edu.pl\/ns\/","name":"Szko\u0142a Doktorska Nauk Spo\u0142ecznych UwB","description":"Szko\u0142a Doktorska Nauk Spo\u0142ecznych UwB","publisher":{"@id":"https:\/\/szkolydoktorskie.uwb.edu.pl\/ns\/#organization"},"potentialAction":[{"@type":"SearchAction","target":{"@type":"EntryPoint","urlTemplate":"https:\/\/szkolydoktorskie.uwb.edu.pl\/ns\/?s={search_term_string}"},"query-input":{"@type":"PropertyValueSpecification","valueRequired":true,"valueName":"search_term_string"}}],"inLanguage":"pl-PL"},{"@type":"Organization","@id":"https:\/\/szkolydoktorskie.uwb.edu.pl\/ns\/#organization","name":"Szko\u0142a Doktorska Nauk Spo\u0142ecznych UwB","url":"https:\/\/szkolydoktorskie.uwb.edu.pl\/ns\/","logo":{"@type":"ImageObject","inLanguage":"pl-PL","@id":"https:\/\/szkolydoktorskie.uwb.edu.pl\/ns\/#\/schema\/logo\/image\/","url":"https:\/\/szkolydoktorskie.uwb.edu.pl\/ns\/wp-content\/uploads\/sites\/2\/2021\/04\/cropped-NS-LOGO.png","contentUrl":"https:\/\/szkolydoktorskie.uwb.edu.pl\/ns\/wp-content\/uploads\/sites\/2\/2021\/04\/cropped-NS-LOGO.png","width":705,"height":188,"caption":"Szko\u0142a Doktorska Nauk Spo\u0142ecznych UwB"},"image":{"@id":"https:\/\/szkolydoktorskie.uwb.edu.pl\/ns\/#\/schema\/logo\/image\/"}}]}},"_links":{"self":[{"href":"https:\/\/szkolydoktorskie.uwb.edu.pl\/ns\/wp-json\/wp\/v2\/pages\/211","targetHints":{"allow":["GET"]}}],"collection":[{"href":"https:\/\/szkolydoktorskie.uwb.edu.pl\/ns\/wp-json\/wp\/v2\/pages"}],"about":[{"href":"https:\/\/szkolydoktorskie.uwb.edu.pl\/ns\/wp-json\/wp\/v2\/types\/page"}],"author":[{"embeddable":true,"href":"https:\/\/szkolydoktorskie.uwb.edu.pl\/ns\/wp-json\/wp\/v2\/users\/1"}],"replies":[{"embeddable":true,"href":"https:\/\/szkolydoktorskie.uwb.edu.pl\/ns\/wp-json\/wp\/v2\/comments?post=211"}],"version-history":[{"count":10,"href":"https:\/\/szkolydoktorskie.uwb.edu.pl\/ns\/wp-json\/wp\/v2\/pages\/211\/revisions"}],"predecessor-version":[{"id":2553,"href":"https:\/\/szkolydoktorskie.uwb.edu.pl\/ns\/wp-json\/wp\/v2\/pages\/211\/revisions\/2553"}],"wp:attachment":[{"href":"https:\/\/szkolydoktorskie.uwb.edu.pl\/ns\/wp-json\/wp\/v2\/media?parent=211"}],"curies":[{"name":"wp","href":"https:\/\/api.w.org\/{rel}","templated":true}]}}