{"id":209,"date":"2021-05-27T10:52:57","date_gmt":"2021-05-27T08:52:57","guid":{"rendered":"https:\/\/szkolydoktorskie.uwb.edu.pl\/ns\/?page_id=209"},"modified":"2024-03-22T11:53:09","modified_gmt":"2024-03-22T10:53:09","slug":"arszulowicz-norbert","status":"publish","type":"page","link":"https:\/\/szkolydoktorskie.uwb.edu.pl\/ns\/arszulowicz-norbert\/","title":{"rendered":"Arszu\u0142owicz Norbert"},"content":{"rendered":"\n<figure class=\"wp-block-table\"><table><tbody><tr><td><strong>Imi\u0119 i nazwisko doktoranta<\/strong><\/td><td>Norbert Arszu\u0142owicz<\/td><\/tr><tr><td><strong>E-mai<\/strong>l <br>(w domenie UwB)<\/td><td>n.arszulowicz@uwb.edu.pl <\/td><\/tr><tr><td><strong>ORCID<\/strong><\/td><td>0000-0003-1520-8384<\/td><\/tr><tr><td><strong>Temat rozprawy doktorskiej<\/strong><\/td><td>Zasoby niematerialne jako czynnik przewagi konkurencyjnej przedsi\u0119biorstwa<\/td><\/tr><tr><td><strong>Promotor<\/strong><\/td><td>dr. hab. Dorota Per\u0142o, prof. UwB<\/td><\/tr><tr><td><strong>Promotor pomocniczy<\/strong><\/td><td>dr hab. Iwona Skrodzka<\/td><\/tr><tr><td><strong>Wydzia\u0142 \/Katedra\/Zak\u0142ad<\/strong><\/td><td>Wydzia\u0142 Ekonomii i Finans\u00f3w<br>Katedra Nauk o Przedsi\u0119biorstwie<br>Zak\u0142ad Metod Ilo\u015bciowych<\/td><\/tr><tr><td><\/td><td><strong>Publikacje naukowe <\/strong><\/td><\/tr><tr><td><em>Artyku\u0142y naukowe w czasopismach<\/em><\/td><td>N. Arszu\u0142owicz,&nbsp;<em>The concept of intellectual capital and its measurement using the VAIC method on the example of PKN ORLEN,<\/em>&nbsp;Optimum. Economic Studies 2019, nr 4(98), s. 97-111. (20 pkt.)<\/td><\/tr><tr><td><em>Monografie naukowe\/rozdzia\u0142y w monografiach<\/em><\/td><td>1.&nbsp;&nbsp;&nbsp;&nbsp;&nbsp; N. Arszulowicz,&nbsp;<em>Investments in R&amp;D as a determinant of innovation in the economy,&nbsp;<\/em>[w:]&nbsp;<em>Wsp\u00f3\u0142czesne problem ekonomiczne w badaniach m\u0142odych naukowc\u00f3w<\/em>, E. Gruszewska (red.), Wydawnictwo Uniwersytetu w Bia\u0142ymstoku, Bia\u0142ystok 2020, s. 91-107. (20 pkt.)<br><br>2.&nbsp;&nbsp;&nbsp;&nbsp;&nbsp; N. Arszu\u0142owicz,&nbsp;<em>Problematyka kapita\u0142u intelektualnego i jego pomiar za pomoc\u0105 metody CIV na przyk\u0142adzie przedsi\u0119biorstw z bran\u017cy paliwowej,<\/em>&nbsp;[w:]&nbsp;<em>Wsp\u00f3\u0142czesne zarz\u0105dzanie \u2013 Wyzwania i zagro\u017cenia XXI wieku<\/em>, Toru\u0144 2019. (20 pkt.)<br><br>3.&nbsp;&nbsp;&nbsp;&nbsp;&nbsp; N. Arszu\u0142owicz,&nbsp;<em>Rola satysfakcji klienta we wsp\u00f3\u0142czesnym przedsi\u0119biorstwie na przyk\u0142adzie przedsi\u0119biorstw w wojew\u00f3dztwie podlaskim,<\/em>&nbsp;[w:]&nbsp;<em>Ekonomia i finanse w XXI wieku. Wyzwania dla zglobalizowanego \u015bwiata.&nbsp;<\/em>(20 pkt.)<\/td><\/tr><tr><td><\/td><td><strong>Konferencje naukowe<\/strong><\/td><\/tr><tr><td><em>Wyst\u0105pienia na konferencjach naukowych<\/em><\/td><td>Wyst\u0105pienie pt.\u00a0<em>Investments in R&amp;D as a determinant of innovation in the economy\u00a0<\/em>w ramach III Konferencji naukowej z cyklu: \u201eWsp\u00f3\u0142czesne problemy ekonomiczne w badaniach m\u0142odych naukowc\u00f3w\u201d. Konferencja odby\u0142a si\u0119 24 maja 2019 r.<br><br>2.\u00a0\u00a0\u00a0\u00a0\u00a0 Wyst\u0105pienie pt.\u00a0<em>Polityka regionalna UE: dzi\u015b i jutro<\/em>\u00a0w ramach krajowej konferencji naukowej pt. Dzia\u0142ania w ramach wsp\u00f3\u0142pracy transgranicznej i mi\u0119dzynarodowej organizowanej przez Ko\u0142o Naukowe Ekonomii Mi\u0119dzynarodowej dzia\u0142aj\u0105ce na WEiZ UwB. Konferencja odby\u0142a si\u0119 5 kwietnia 2019 r.<br><br>3.\u00a0\u00a0\u00a0\u00a0\u00a0 Wyst\u0105pienie pt.\u00a0<em>Wsp\u00f3\u0142czesne systemy monetarne\u00a0<\/em>podczas konferencji on-line pt. Finanse i rachunkowo\u015b\u0107. Wyzwania XXI wieku, Laboratorium Wiedzy, 22.06.2020-26.06.2020 r.<\/td><\/tr><tr><td><\/td><td><strong>Inne aktywno\u015bci\/osi\u0105gni\u0119cia naukowe Doktoranta<\/strong><\/td><\/tr><tr><td><\/td><td>1.\u00a0\u00a0\u00a0\u00a0\u00a0 Laureat III Konkursu Polskiego Towarzystwa Ekonomicznego Oddzia\u0142 w Bia\u0142ymstoku na najlepsz\u0105 prac\u0119 magistersk\u0105\u00a0<strong>z zakresu dyscyplin: ekonomia i finanse oraz nauki o zarz\u0105dzaniu i jako\u015bci\u00a0<\/strong>za prac\u0119 &#8222;Zasoby niematerialne a warto\u015b\u0107 przedsi\u0119biorstwa na przyk\u0142adzie mikroprzedsi\u0119biorstw w wojew\u00f3dztwie podlaskim&#8221;. Promotorem pracy Pani dr Iwona Skrodzka, Uniwersytet w Bia\u0142ymstoku.<br><br>2.\u00a0\u00a0\u00a0\u00a0\u00a0 Organizacja krajowej konferencji naukowej pt.\u00a0<em>Dzia\u0142ania w ramach wsp\u00f3\u0142pracy transgranicznej i mi\u0119dzynarodowej<\/em>\u00a0przez Ko\u0142o Naukowe Ekonomii Mi\u0119dzynarodowej dzia\u0142aj\u0105ce na WEiZ UwB.<br><br>3.\u00a0\u00a0\u00a0\u00a0\u00a0 Prelekcja pt.\u00a0<em>Ekonomia zasob\u00f3w niematerialnych<\/em>\u00a0podczas wyjazdu szkoleniowo-integracyjnego \u201eLIDER 2019\u201d zorganizowanego przez Wydzia\u0142ow\u0105 Rad\u0119 Samorz\u0105du Studenckiego Wydzia\u0142 Prawa Uniwersytet w Bia\u0142ymstoku.<br>4.\u00a0\u00a0\u00a0\u00a0\u00a0 Udzia\u0142 w projekcie badawczym pt.\u00a0<em>Ekonomia i finanse XXI wieku. Wyzwania dla zglobalizowanego \u015bwiata<\/em>, Laboratorium Wiedzy.<br><br>5. \u00a0\u00a0Organizacja konkursu dla student\u00f3w Wydzia\u0142u Ekonomii i Finans\u00f3w, Uniwersytet w Bia\u0142ymstoku oraz Wydzia\u0142u In\u017cynierii Zarz\u0105dzania, Politechnika Bia\u0142ostocka pt.\u00a0<em>Wsp\u00f3\u0142praca mi\u0119dzynarodowa wojew\u00f3dztwa podlaskiego \u2013 Analiza SWOT<\/em>.\u00a0<\/td><\/tr><\/tbody><\/table><\/figure>\n","protected":false},"excerpt":{"rendered":"<p>Imi\u0119 i nazwisko doktoranta Norbert Arszu\u0142owicz E-mail (w domenie UwB) n.arszulowicz@uwb.edu.pl ORCID 0000-0003-1520-8384 Temat rozprawy doktorskiej Zasoby niematerialne jako czynnik przewagi konkurencyjnej przedsi\u0119biorstwa Promotor dr. hab. Dorota Per\u0142o, prof. UwB&hellip;<\/p>\n","protected":false},"author":1,"featured_media":0,"parent":0,"menu_order":0,"comment_status":"closed","ping_status":"closed","template":"","meta":{"footnotes":""},"class_list":["post-209","page","type-page","status-publish","hentry"],"yoast_head":"<!-- This site is optimized with the Yoast SEO plugin v27.4 - https:\/\/yoast.com\/product\/yoast-seo-wordpress\/ -->\n<title>Arszu\u0142owicz Norbert - Szko\u0142a Doktorska Nauk Spo\u0142ecznych UwB<\/title>\n<meta name=\"robots\" content=\"index, follow, max-snippet:-1, max-image-preview:large, max-video-preview:-1\" \/>\n<link rel=\"canonical\" href=\"https:\/\/szkolydoktorskie.uwb.edu.pl\/ns\/arszulowicz-norbert\/\" \/>\n<meta property=\"og:locale\" content=\"pl_PL\" \/>\n<meta property=\"og:type\" content=\"article\" \/>\n<meta property=\"og:title\" content=\"Arszu\u0142owicz Norbert - Szko\u0142a Doktorska Nauk Spo\u0142ecznych UwB\" \/>\n<meta property=\"og:description\" content=\"Imi\u0119 i nazwisko doktoranta Norbert Arszu\u0142owicz E-mail (w domenie UwB) n.arszulowicz@uwb.edu.pl ORCID 0000-0003-1520-8384 Temat rozprawy doktorskiej Zasoby niematerialne jako czynnik przewagi konkurencyjnej przedsi\u0119biorstwa Promotor dr. hab. Dorota Per\u0142o, prof. UwB&hellip;\" \/>\n<meta property=\"og:url\" content=\"https:\/\/szkolydoktorskie.uwb.edu.pl\/ns\/arszulowicz-norbert\/\" \/>\n<meta property=\"og:site_name\" content=\"Szko\u0142a Doktorska Nauk Spo\u0142ecznych UwB\" \/>\n<meta property=\"article:modified_time\" content=\"2024-03-22T10:53:09+00:00\" \/>\n<meta name=\"twitter:card\" content=\"summary_large_image\" \/>\n<meta name=\"twitter:label1\" content=\"Szacowany czas czytania\" \/>\n\t<meta name=\"twitter:data1\" content=\"3 minuty\" \/>\n<script type=\"application\/ld+json\" class=\"yoast-schema-graph\">{\"@context\":\"https:\\\/\\\/schema.org\",\"@graph\":[{\"@type\":\"WebPage\",\"@id\":\"https:\\\/\\\/szkolydoktorskie.uwb.edu.pl\\\/ns\\\/arszulowicz-norbert\\\/\",\"url\":\"https:\\\/\\\/szkolydoktorskie.uwb.edu.pl\\\/ns\\\/arszulowicz-norbert\\\/\",\"name\":\"Arszu\u0142owicz Norbert - Szko\u0142a Doktorska Nauk Spo\u0142ecznych UwB\",\"isPartOf\":{\"@id\":\"https:\\\/\\\/szkolydoktorskie.uwb.edu.pl\\\/ns\\\/#website\"},\"datePublished\":\"2021-05-27T08:52:57+00:00\",\"dateModified\":\"2024-03-22T10:53:09+00:00\",\"breadcrumb\":{\"@id\":\"https:\\\/\\\/szkolydoktorskie.uwb.edu.pl\\\/ns\\\/arszulowicz-norbert\\\/#breadcrumb\"},\"inLanguage\":\"pl-PL\",\"potentialAction\":[{\"@type\":\"ReadAction\",\"target\":[\"https:\\\/\\\/szkolydoktorskie.uwb.edu.pl\\\/ns\\\/arszulowicz-norbert\\\/\"]}]},{\"@type\":\"BreadcrumbList\",\"@id\":\"https:\\\/\\\/szkolydoktorskie.uwb.edu.pl\\\/ns\\\/arszulowicz-norbert\\\/#breadcrumb\",\"itemListElement\":[{\"@type\":\"ListItem\",\"position\":1,\"name\":\"Strona g\u0142\u00f3wna\",\"item\":\"https:\\\/\\\/szkolydoktorskie.uwb.edu.pl\\\/ns\\\/\"},{\"@type\":\"ListItem\",\"position\":2,\"name\":\"Arszu\u0142owicz Norbert\"}]},{\"@type\":\"WebSite\",\"@id\":\"https:\\\/\\\/szkolydoktorskie.uwb.edu.pl\\\/ns\\\/#website\",\"url\":\"https:\\\/\\\/szkolydoktorskie.uwb.edu.pl\\\/ns\\\/\",\"name\":\"Szko\u0142a Doktorska Nauk Spo\u0142ecznych UwB\",\"description\":\"Szko\u0142a Doktorska Nauk Spo\u0142ecznych UwB\",\"publisher\":{\"@id\":\"https:\\\/\\\/szkolydoktorskie.uwb.edu.pl\\\/ns\\\/#organization\"},\"potentialAction\":[{\"@type\":\"SearchAction\",\"target\":{\"@type\":\"EntryPoint\",\"urlTemplate\":\"https:\\\/\\\/szkolydoktorskie.uwb.edu.pl\\\/ns\\\/?s={search_term_string}\"},\"query-input\":{\"@type\":\"PropertyValueSpecification\",\"valueRequired\":true,\"valueName\":\"search_term_string\"}}],\"inLanguage\":\"pl-PL\"},{\"@type\":\"Organization\",\"@id\":\"https:\\\/\\\/szkolydoktorskie.uwb.edu.pl\\\/ns\\\/#organization\",\"name\":\"Szko\u0142a Doktorska Nauk Spo\u0142ecznych UwB\",\"url\":\"https:\\\/\\\/szkolydoktorskie.uwb.edu.pl\\\/ns\\\/\",\"logo\":{\"@type\":\"ImageObject\",\"inLanguage\":\"pl-PL\",\"@id\":\"https:\\\/\\\/szkolydoktorskie.uwb.edu.pl\\\/ns\\\/#\\\/schema\\\/logo\\\/image\\\/\",\"url\":\"https:\\\/\\\/szkolydoktorskie.uwb.edu.pl\\\/ns\\\/wp-content\\\/uploads\\\/sites\\\/2\\\/2021\\\/04\\\/cropped-NS-LOGO.png\",\"contentUrl\":\"https:\\\/\\\/szkolydoktorskie.uwb.edu.pl\\\/ns\\\/wp-content\\\/uploads\\\/sites\\\/2\\\/2021\\\/04\\\/cropped-NS-LOGO.png\",\"width\":705,\"height\":188,\"caption\":\"Szko\u0142a Doktorska Nauk Spo\u0142ecznych UwB\"},\"image\":{\"@id\":\"https:\\\/\\\/szkolydoktorskie.uwb.edu.pl\\\/ns\\\/#\\\/schema\\\/logo\\\/image\\\/\"}}]}<\/script>\n<!-- \/ Yoast SEO plugin. -->","yoast_head_json":{"title":"Arszu\u0142owicz Norbert - Szko\u0142a Doktorska Nauk Spo\u0142ecznych UwB","robots":{"index":"index","follow":"follow","max-snippet":"max-snippet:-1","max-image-preview":"max-image-preview:large","max-video-preview":"max-video-preview:-1"},"canonical":"https:\/\/szkolydoktorskie.uwb.edu.pl\/ns\/arszulowicz-norbert\/","og_locale":"pl_PL","og_type":"article","og_title":"Arszu\u0142owicz Norbert - Szko\u0142a Doktorska Nauk Spo\u0142ecznych UwB","og_description":"Imi\u0119 i nazwisko doktoranta Norbert Arszu\u0142owicz E-mail (w domenie UwB) n.arszulowicz@uwb.edu.pl ORCID 0000-0003-1520-8384 Temat rozprawy doktorskiej Zasoby niematerialne jako czynnik przewagi konkurencyjnej przedsi\u0119biorstwa Promotor dr. hab. Dorota Per\u0142o, prof. UwB&hellip;","og_url":"https:\/\/szkolydoktorskie.uwb.edu.pl\/ns\/arszulowicz-norbert\/","og_site_name":"Szko\u0142a Doktorska Nauk Spo\u0142ecznych UwB","article_modified_time":"2024-03-22T10:53:09+00:00","twitter_card":"summary_large_image","twitter_misc":{"Szacowany czas czytania":"3 minuty"},"schema":{"@context":"https:\/\/schema.org","@graph":[{"@type":"WebPage","@id":"https:\/\/szkolydoktorskie.uwb.edu.pl\/ns\/arszulowicz-norbert\/","url":"https:\/\/szkolydoktorskie.uwb.edu.pl\/ns\/arszulowicz-norbert\/","name":"Arszu\u0142owicz Norbert - Szko\u0142a Doktorska Nauk Spo\u0142ecznych UwB","isPartOf":{"@id":"https:\/\/szkolydoktorskie.uwb.edu.pl\/ns\/#website"},"datePublished":"2021-05-27T08:52:57+00:00","dateModified":"2024-03-22T10:53:09+00:00","breadcrumb":{"@id":"https:\/\/szkolydoktorskie.uwb.edu.pl\/ns\/arszulowicz-norbert\/#breadcrumb"},"inLanguage":"pl-PL","potentialAction":[{"@type":"ReadAction","target":["https:\/\/szkolydoktorskie.uwb.edu.pl\/ns\/arszulowicz-norbert\/"]}]},{"@type":"BreadcrumbList","@id":"https:\/\/szkolydoktorskie.uwb.edu.pl\/ns\/arszulowicz-norbert\/#breadcrumb","itemListElement":[{"@type":"ListItem","position":1,"name":"Strona g\u0142\u00f3wna","item":"https:\/\/szkolydoktorskie.uwb.edu.pl\/ns\/"},{"@type":"ListItem","position":2,"name":"Arszu\u0142owicz Norbert"}]},{"@type":"WebSite","@id":"https:\/\/szkolydoktorskie.uwb.edu.pl\/ns\/#website","url":"https:\/\/szkolydoktorskie.uwb.edu.pl\/ns\/","name":"Szko\u0142a Doktorska Nauk Spo\u0142ecznych UwB","description":"Szko\u0142a Doktorska Nauk Spo\u0142ecznych UwB","publisher":{"@id":"https:\/\/szkolydoktorskie.uwb.edu.pl\/ns\/#organization"},"potentialAction":[{"@type":"SearchAction","target":{"@type":"EntryPoint","urlTemplate":"https:\/\/szkolydoktorskie.uwb.edu.pl\/ns\/?s={search_term_string}"},"query-input":{"@type":"PropertyValueSpecification","valueRequired":true,"valueName":"search_term_string"}}],"inLanguage":"pl-PL"},{"@type":"Organization","@id":"https:\/\/szkolydoktorskie.uwb.edu.pl\/ns\/#organization","name":"Szko\u0142a Doktorska Nauk Spo\u0142ecznych UwB","url":"https:\/\/szkolydoktorskie.uwb.edu.pl\/ns\/","logo":{"@type":"ImageObject","inLanguage":"pl-PL","@id":"https:\/\/szkolydoktorskie.uwb.edu.pl\/ns\/#\/schema\/logo\/image\/","url":"https:\/\/szkolydoktorskie.uwb.edu.pl\/ns\/wp-content\/uploads\/sites\/2\/2021\/04\/cropped-NS-LOGO.png","contentUrl":"https:\/\/szkolydoktorskie.uwb.edu.pl\/ns\/wp-content\/uploads\/sites\/2\/2021\/04\/cropped-NS-LOGO.png","width":705,"height":188,"caption":"Szko\u0142a Doktorska Nauk Spo\u0142ecznych UwB"},"image":{"@id":"https:\/\/szkolydoktorskie.uwb.edu.pl\/ns\/#\/schema\/logo\/image\/"}}]}},"_links":{"self":[{"href":"https:\/\/szkolydoktorskie.uwb.edu.pl\/ns\/wp-json\/wp\/v2\/pages\/209","targetHints":{"allow":["GET"]}}],"collection":[{"href":"https:\/\/szkolydoktorskie.uwb.edu.pl\/ns\/wp-json\/wp\/v2\/pages"}],"about":[{"href":"https:\/\/szkolydoktorskie.uwb.edu.pl\/ns\/wp-json\/wp\/v2\/types\/page"}],"author":[{"embeddable":true,"href":"https:\/\/szkolydoktorskie.uwb.edu.pl\/ns\/wp-json\/wp\/v2\/users\/1"}],"replies":[{"embeddable":true,"href":"https:\/\/szkolydoktorskie.uwb.edu.pl\/ns\/wp-json\/wp\/v2\/comments?post=209"}],"version-history":[{"count":7,"href":"https:\/\/szkolydoktorskie.uwb.edu.pl\/ns\/wp-json\/wp\/v2\/pages\/209\/revisions"}],"predecessor-version":[{"id":2433,"href":"https:\/\/szkolydoktorskie.uwb.edu.pl\/ns\/wp-json\/wp\/v2\/pages\/209\/revisions\/2433"}],"wp:attachment":[{"href":"https:\/\/szkolydoktorskie.uwb.edu.pl\/ns\/wp-json\/wp\/v2\/media?parent=209"}],"curies":[{"name":"wp","href":"https:\/\/api.w.org\/{rel}","templated":true}]}}