{"id":207,"date":"2021-05-27T10:52:37","date_gmt":"2021-05-27T08:52:37","guid":{"rendered":"https:\/\/szkolydoktorskie.uwb.edu.pl\/ns\/?page_id=207"},"modified":"2024-03-20T13:07:22","modified_gmt":"2024-03-20T12:07:22","slug":"alimowski-maciej","status":"publish","type":"page","link":"https:\/\/szkolydoktorskie.uwb.edu.pl\/ns\/alimowski-maciej\/","title":{"rendered":"Alimowski Maciej"},"content":{"rendered":"\n<figure class=\"wp-block-image size-large is-resized\"><img loading=\"lazy\" decoding=\"async\" width=\"1706\" height=\"2560\" src=\"https:\/\/szkolydoktorskie.uwb.edu.pl\/ns\/wp-content\/uploads\/sites\/2\/2021\/12\/MA_zdjecie-1-edited-scaled.jpg\" alt=\"\" class=\"wp-image-791\" style=\"width:295px\" srcset=\"https:\/\/szkolydoktorskie.uwb.edu.pl\/ns\/wp-content\/uploads\/sites\/2\/2021\/12\/MA_zdjecie-1-edited-scaled.jpg 1706w, https:\/\/szkolydoktorskie.uwb.edu.pl\/ns\/wp-content\/uploads\/sites\/2\/2021\/12\/MA_zdjecie-1-edited-200x300.jpg 200w, https:\/\/szkolydoktorskie.uwb.edu.pl\/ns\/wp-content\/uploads\/sites\/2\/2021\/12\/MA_zdjecie-1-edited-682x1024.jpg 682w, https:\/\/szkolydoktorskie.uwb.edu.pl\/ns\/wp-content\/uploads\/sites\/2\/2021\/12\/MA_zdjecie-1-edited-768x1153.jpg 768w, https:\/\/szkolydoktorskie.uwb.edu.pl\/ns\/wp-content\/uploads\/sites\/2\/2021\/12\/MA_zdjecie-1-edited-1023x1536.jpg 1023w, https:\/\/szkolydoktorskie.uwb.edu.pl\/ns\/wp-content\/uploads\/sites\/2\/2021\/12\/MA_zdjecie-1-edited-1365x2048.jpg 1365w\" sizes=\"auto, (max-width: 1706px) 100vw, 1706px\" \/><figcaption class=\"wp-element-caption\">                                                                  <strong><em> <\/em><\/strong><\/figcaption><\/figure>\n\n\n\n<figure class=\"wp-block-table\"><table><tbody><tr><td><strong>Imi\u0119 i nazwisko doktoranta <\/strong><\/td><td><strong>Maciej Alimowski<\/strong><\/td><\/tr><tr><td><strong>E-mail <\/strong><br>(w domenie UwB)<\/td><td>m.alimowski@uwb.edu.pl<\/td><\/tr><tr><td><strong>ORCID<\/strong><\/td><td>0000-0003-0290-4217<\/td><\/tr><tr><td><strong>Temat rozprawy doktorskiej <\/strong><\/td><td>Polityczne cykle bud\u017cetowe w samorz\u0105dzie gminnym w Polsce w okresie wybor\u00f3w bezpo\u015brednich organu wykonawczego &#8211; wybrane przejawy i efekty wyborcze<\/td><\/tr><tr><td><strong>Promotor <\/strong><\/td><td>dr hab. Jan Poleszczuk, prof. UwB<\/td><\/tr><tr><td><strong>Wydzia\u0142<\/strong><br><strong>Katedra\/Zak\u0142ad<\/strong><\/td><td>Wydzia\u0142 Socjologii<\/td><\/tr><tr><td><\/td><td><strong>Publikacje naukowe<\/strong><\/td><\/tr><tr><td><em>Artyku\u0142y naukowe w czasopismach<\/em><\/td><td>So\u0142omacha, Sebastian, Pawe\u0142 Sowa, \u0141ukasz Kiszkiel, Piotr Pawe\u0142 Laskowski, Maciej Alimowski, \u0141ukasz Szczerbi\u0144ski, Andrzej Szpak, Anna Moniuszko-Malinowska i Karol Kami\u0144ski. &#8222;Patient\u2019s Perspective of Telemedicine in Poland\u2014A Two-Year Pandemic Picture.&#8221; <em>International Journal of Environmental Research and Public Health<\/em> 20, no. 1 (2022): 115. DOI: 10.3390\/ijerph20010115. (140 punkt\u00f3w MEiN z 01.12.2021).<br><strong>\u00a0<\/strong><br>Bartnicki, S\u0142awomir i Maciej Alimowski. \u201eW poszukiwaniu demograficznych efekt\u00f3w rz\u0105dowego programu \u2018Rodzina 500 Plus\u2019 za pomoc\u0105 Bayesowskich Strukturalnych Szereg\u00f3w Czasowych\u201d. <em>Studia Socjologiczne<\/em> 1 (244) (2022): 193-219. DOI:\u00a0 10.24425\/sts.2022.140601. (70 punkt\u00f3w MEiN z 01.12.2021).<br>\u00a0<br>G\u00f3recki, A. Maciej, S\u0142awomir Bartnicki i Maciej Alimowski. \u201eLocal voting at local elections revisited: 'Friends and neighbors voting\u2019 at mayoral elections in rural Poland\u201d. Political Geography, no. 8 (2021): 102109. DOI: 10.1016\/j.polgeo.2021.102559. (140 punkt\u00f3w MEiN z 01.12.2021).<br>\u00a0<br>Bartnicki, S\u0142awomir, Maciej Alimowski i Maciej A. G\u00f3recki. \u201eThe anomalous electoral advantage: Evidence from over 17,000 mayoral candidacies in Poland.\u201d <em>European Journal of Political Economy<\/em> (2021): 102109. DOI: 10.1016\/j.ejpoleco.2021.102109. (100 punkt\u00f3w MEiN z 01.12.2021).<br>\u00a0<br>Sowa, Pawe\u0142, \u0141ukasz Kiszkiel, Piotr Pawe\u0142 Laskowski, Maciej Alimowski, \u0141ukasz Szczerbi\u0144ski, Marlena Paniczko, Anna Moniuszko-Malinowska i Karol Kami\u0144ski. \u201eCOVID-19 vaccine hesitancy in Poland\u2014multifactorial impact trajectories.\u201d <em>Vaccines<\/em> 9, no. 8 (2021): 876. DOI: 10.3390\/vaccines9080876. (140 punkt\u00f3w MEiN z 01.12.2021).<\/td><\/tr><tr><td><\/td><td><strong>Konferencje naukowe<\/strong><\/td><\/tr><tr><td><em>Wyst\u0105pienia na konferencjach naukowych<\/em><\/td><td>Metodologiczne Inspiracje 2021. 23.09.2021. Referat pt. \u201eOcena efekt\u00f3w zmian wprowadzonych w kodeksie wyborczym w zakresie organizacji wybor\u00f3w organ\u00f3w wykonawczych gmin w 2018 roku &#8211; analiza kontrfaktyczna z zastosowaniem metody syntetycznej jednostki kontrolnej (SCM)\u201d wraz ze S\u0142awomirem Bartnickim, Maciejem A. G\u00f3reckim i Micha\u0142em Pierzgalskim.<br><br>Analityczne wyzwania III. 13.01.2021.\u00a0 Poster pt. \u201eG\u0142osowanie przyjacielsko s\u0105siedzkie na podstawie wybor\u00f3w organu wykonawczego w 2018 roku w gminach wiejskich w Polsce\u201d wraz ze S\u0142awomirem Bartnickim i Maciejem A. G\u00f3reckim.<br><br>II Warsztat Ilo\u015bciowych Bada\u0144 Politycznych. 19.05.2023. Referat pt. \u201eKszta\u0142t cyklu wydatkowego a p\u0142e\u0107 rz\u0105dz\u0105cych na stanowiskach wykonawczych gmin w Polsce po 2002 roku\u201d.<br><strong>\u00a0<\/strong><br>XVIII Og\u00f3lnopolski Zjazd Socjologiczny. 17.09.2022. Referat pt.\u201eRz\u0105dowy program \u201eRodzina 500 plus\u201d jako przyk\u0142ad ideologicznego cyklu bud\u017cetowego: efekty wyborcze dla wybor\u00f3w parlamentarnych w 2019 roku i wybor\u00f3w organu wykonawczego gmin w 2018 roku\u201d.<br>\u00a0<br>Metodologiczne Inspiracje 2021. 23.09.2021. Referat pt. \u201eOcena efekt\u00f3w zmian wprowadzonych w kodeksie wyborczym w zakresie organizacji wybor\u00f3w organ\u00f3w wykonawczych gmin w 2018 roku \u2013 analiza kontrfaktyczna z zastosowaniem metody syntetycznej jednostki kontrolnej (SCM)\u201d wraz ze S\u0142awomirem Bartnickim, Maciejem A. G\u00f3reckim i Micha\u0142em Pierzgalskim.<br>\u00a0<br>Analityczne wyzwania III. 13.01.2021.\u00a0 Poster pt. \u201eG\u0142osowanie przyjacielsko s\u0105siedzkie na podstawie wybor\u00f3w organu wykonawczego w 2018 roku w gminach wiejskich w Polsce\u201d wraz ze S\u0142awomirem Bartnickim i Maciejem A. G\u00f3reckim.<br>\u00a0<br>Analityczne wyzwania III. 13.01.2021. Poster pt. \u201eRz\u0105dowy program \u201cRodzina 500 plus\u201d: efekty wyborcze dla wybor\u00f3w parlamentarnych w 2019 roku i wybor\u00f3w organu wykonawczego gmin w 2018 roku\u201d wraz ze S\u0142awomirem Bartnickim.<br>\u00a0<br>XVII Og\u00f3lnopolski Zjazd Socjologiczny. 11.09.2019. Referat pt. \u201ePomiary bod\u017aca i jego zak\u0142\u00f3ce\u0144 przy u\u017cyciu metody quasi-eksperymentalnej (RDD) na du\u017cych strumieniach danych\u201d wraz ze S\u0142awomirem Bartnickim.<br>\u00a0<br>Metodologiczne Inspiracje 2018. 25.09.2018. Referat pt. \u201eMo\u017cliwo\u015bci wykorzystania regresji nieci\u0105g\u0142ej (Regression Discontinuity Design) w analizach zjawiska incumbency advantage w wyborach bezpo\u015brednich do gminnej egzekutywy w Polsce\u201d wraz ze S\u0142awomirem Bartnickim.<\/td><\/tr><tr><td><\/td><td><strong>Granty<\/strong><\/td><\/tr><tr><td>Udzia\u0142<strong>\u00a0<\/strong><em>( granty realizowane obecnie)<\/em><\/td><td>OPUS: 2020\/37\/B\/NZ7\/03380, \u201eKoniec pocz\u0105tku czy pocz\u0105tek ko\u0144ca? Kr\u00f3tko i d\u0142ugoterminowe trajektorie zdrowotnych i psychospo\u0142ecznych efekt\u00f3w pandemii COVID-19.\u201d, kierownik: prof. dr hab. Karol Kami\u0144ski.<\/td><\/tr><tr><td><em>Udzia\u0142<\/em><strong>\u00a0<\/strong><em>(granty zako\u0144czone)<\/em><\/td><td>TANGO: TANGO-IV-A\/0048\/2019, \u201eNarz\u0119dzie przewiduj\u0105ce wyniki wybor\u00f3w organ\u00f3w wykonawczych gmin\u201d, kierownik: dr S\u0142awomir Bartnicki.<\/td><\/tr><tr><td><\/td><td><strong>Inne aktywno\u015bci\/osi\u0105gni\u0119cia naukowe Doktoranta<\/strong><\/td><\/tr><tr><td><\/td><td>Dzia\u0142alno\u015b\u0107 jako sekretarz w Uczelnianej Komisji Wyborczej Samorz\u0105du Doktorant\u00f3w UwB.<br><br>PTS Oddzia\u0142 Bia\u0142ostocki. 25.06.2020. Referat pt. \u201eRz\u0105dowy program \u2018Rodzina 500 plus\u2019: efekty wyborcze dla wybor\u00f3w parlamentarnych w 2019 roku i wybor\u00f3w organu wykonawczego gmin w 2018 roku\u201d wsp\u00f3lnie ze S\u0142awomirem Bartnickim.<\/td><\/tr><\/tbody><\/table><\/figure>\n","protected":false},"excerpt":{"rendered":"<p>Imi\u0119 i nazwisko doktoranta Maciej Alimowski E-mail (w domenie UwB) m.alimowski@uwb.edu.pl ORCID 0000-0003-0290-4217 Temat rozprawy doktorskiej Polityczne cykle bud\u017cetowe w samorz\u0105dzie gminnym w Polsce w okresie wybor\u00f3w bezpo\u015brednich organu wykonawczego&hellip;<\/p>\n","protected":false},"author":1,"featured_media":0,"parent":0,"menu_order":0,"comment_status":"closed","ping_status":"closed","template":"","meta":{"footnotes":""},"class_list":["post-207","page","type-page","status-publish","hentry"],"yoast_head":"<!-- This site is optimized with the Yoast SEO plugin v27.4 - https:\/\/yoast.com\/product\/yoast-seo-wordpress\/ -->\n<title>Alimowski Maciej - Szko\u0142a Doktorska Nauk Spo\u0142ecznych UwB<\/title>\n<meta name=\"robots\" content=\"index, follow, max-snippet:-1, max-image-preview:large, max-video-preview:-1\" \/>\n<link rel=\"canonical\" href=\"https:\/\/szkolydoktorskie.uwb.edu.pl\/ns\/alimowski-maciej\/\" \/>\n<meta property=\"og:locale\" content=\"pl_PL\" \/>\n<meta property=\"og:type\" content=\"article\" \/>\n<meta property=\"og:title\" content=\"Alimowski Maciej - Szko\u0142a Doktorska Nauk Spo\u0142ecznych UwB\" \/>\n<meta property=\"og:description\" content=\"Imi\u0119 i nazwisko doktoranta Maciej Alimowski E-mail (w domenie UwB) m.alimowski@uwb.edu.pl ORCID 0000-0003-0290-4217 Temat rozprawy doktorskiej Polityczne cykle bud\u017cetowe w samorz\u0105dzie gminnym w Polsce w okresie wybor\u00f3w bezpo\u015brednich organu wykonawczego&hellip;\" \/>\n<meta property=\"og:url\" content=\"https:\/\/szkolydoktorskie.uwb.edu.pl\/ns\/alimowski-maciej\/\" \/>\n<meta property=\"og:site_name\" content=\"Szko\u0142a Doktorska Nauk Spo\u0142ecznych UwB\" \/>\n<meta property=\"article:modified_time\" content=\"2024-03-20T12:07:22+00:00\" \/>\n<meta property=\"og:image\" content=\"https:\/\/szkolydoktorskie.uwb.edu.pl\/ns\/wp-content\/uploads\/sites\/2\/2021\/12\/MA_zdjecie-1-edited-scaled.jpg\" \/>\n<meta name=\"twitter:card\" content=\"summary_large_image\" \/>\n<meta name=\"twitter:label1\" content=\"Szacowany czas czytania\" \/>\n\t<meta name=\"twitter:data1\" content=\"4 minuty\" \/>\n<script type=\"application\/ld+json\" class=\"yoast-schema-graph\">{\"@context\":\"https:\\\/\\\/schema.org\",\"@graph\":[{\"@type\":\"WebPage\",\"@id\":\"https:\\\/\\\/szkolydoktorskie.uwb.edu.pl\\\/ns\\\/alimowski-maciej\\\/\",\"url\":\"https:\\\/\\\/szkolydoktorskie.uwb.edu.pl\\\/ns\\\/alimowski-maciej\\\/\",\"name\":\"Alimowski Maciej - Szko\u0142a Doktorska Nauk Spo\u0142ecznych UwB\",\"isPartOf\":{\"@id\":\"https:\\\/\\\/szkolydoktorskie.uwb.edu.pl\\\/ns\\\/#website\"},\"primaryImageOfPage\":{\"@id\":\"https:\\\/\\\/szkolydoktorskie.uwb.edu.pl\\\/ns\\\/alimowski-maciej\\\/#primaryimage\"},\"image\":{\"@id\":\"https:\\\/\\\/szkolydoktorskie.uwb.edu.pl\\\/ns\\\/alimowski-maciej\\\/#primaryimage\"},\"thumbnailUrl\":\"https:\\\/\\\/szkolydoktorskie.uwb.edu.pl\\\/ns\\\/wp-content\\\/uploads\\\/sites\\\/2\\\/2021\\\/12\\\/MA_zdjecie-1-edited-scaled.jpg\",\"datePublished\":\"2021-05-27T08:52:37+00:00\",\"dateModified\":\"2024-03-20T12:07:22+00:00\",\"breadcrumb\":{\"@id\":\"https:\\\/\\\/szkolydoktorskie.uwb.edu.pl\\\/ns\\\/alimowski-maciej\\\/#breadcrumb\"},\"inLanguage\":\"pl-PL\",\"potentialAction\":[{\"@type\":\"ReadAction\",\"target\":[\"https:\\\/\\\/szkolydoktorskie.uwb.edu.pl\\\/ns\\\/alimowski-maciej\\\/\"]}]},{\"@type\":\"ImageObject\",\"inLanguage\":\"pl-PL\",\"@id\":\"https:\\\/\\\/szkolydoktorskie.uwb.edu.pl\\\/ns\\\/alimowski-maciej\\\/#primaryimage\",\"url\":\"https:\\\/\\\/szkolydoktorskie.uwb.edu.pl\\\/ns\\\/wp-content\\\/uploads\\\/sites\\\/2\\\/2021\\\/12\\\/MA_zdjecie-1-edited-scaled.jpg\",\"contentUrl\":\"https:\\\/\\\/szkolydoktorskie.uwb.edu.pl\\\/ns\\\/wp-content\\\/uploads\\\/sites\\\/2\\\/2021\\\/12\\\/MA_zdjecie-1-edited-scaled.jpg\",\"width\":1706,\"height\":2560},{\"@type\":\"BreadcrumbList\",\"@id\":\"https:\\\/\\\/szkolydoktorskie.uwb.edu.pl\\\/ns\\\/alimowski-maciej\\\/#breadcrumb\",\"itemListElement\":[{\"@type\":\"ListItem\",\"position\":1,\"name\":\"Strona g\u0142\u00f3wna\",\"item\":\"https:\\\/\\\/szkolydoktorskie.uwb.edu.pl\\\/ns\\\/\"},{\"@type\":\"ListItem\",\"position\":2,\"name\":\"Alimowski Maciej\"}]},{\"@type\":\"WebSite\",\"@id\":\"https:\\\/\\\/szkolydoktorskie.uwb.edu.pl\\\/ns\\\/#website\",\"url\":\"https:\\\/\\\/szkolydoktorskie.uwb.edu.pl\\\/ns\\\/\",\"name\":\"Szko\u0142a Doktorska Nauk Spo\u0142ecznych UwB\",\"description\":\"Szko\u0142a Doktorska Nauk Spo\u0142ecznych UwB\",\"publisher\":{\"@id\":\"https:\\\/\\\/szkolydoktorskie.uwb.edu.pl\\\/ns\\\/#organization\"},\"potentialAction\":[{\"@type\":\"SearchAction\",\"target\":{\"@type\":\"EntryPoint\",\"urlTemplate\":\"https:\\\/\\\/szkolydoktorskie.uwb.edu.pl\\\/ns\\\/?s={search_term_string}\"},\"query-input\":{\"@type\":\"PropertyValueSpecification\",\"valueRequired\":true,\"valueName\":\"search_term_string\"}}],\"inLanguage\":\"pl-PL\"},{\"@type\":\"Organization\",\"@id\":\"https:\\\/\\\/szkolydoktorskie.uwb.edu.pl\\\/ns\\\/#organization\",\"name\":\"Szko\u0142a Doktorska Nauk Spo\u0142ecznych UwB\",\"url\":\"https:\\\/\\\/szkolydoktorskie.uwb.edu.pl\\\/ns\\\/\",\"logo\":{\"@type\":\"ImageObject\",\"inLanguage\":\"pl-PL\",\"@id\":\"https:\\\/\\\/szkolydoktorskie.uwb.edu.pl\\\/ns\\\/#\\\/schema\\\/logo\\\/image\\\/\",\"url\":\"https:\\\/\\\/szkolydoktorskie.uwb.edu.pl\\\/ns\\\/wp-content\\\/uploads\\\/sites\\\/2\\\/2021\\\/04\\\/cropped-NS-LOGO.png\",\"contentUrl\":\"https:\\\/\\\/szkolydoktorskie.uwb.edu.pl\\\/ns\\\/wp-content\\\/uploads\\\/sites\\\/2\\\/2021\\\/04\\\/cropped-NS-LOGO.png\",\"width\":705,\"height\":188,\"caption\":\"Szko\u0142a Doktorska Nauk Spo\u0142ecznych UwB\"},\"image\":{\"@id\":\"https:\\\/\\\/szkolydoktorskie.uwb.edu.pl\\\/ns\\\/#\\\/schema\\\/logo\\\/image\\\/\"}}]}<\/script>\n<!-- \/ Yoast SEO plugin. -->","yoast_head_json":{"title":"Alimowski Maciej - Szko\u0142a Doktorska Nauk Spo\u0142ecznych UwB","robots":{"index":"index","follow":"follow","max-snippet":"max-snippet:-1","max-image-preview":"max-image-preview:large","max-video-preview":"max-video-preview:-1"},"canonical":"https:\/\/szkolydoktorskie.uwb.edu.pl\/ns\/alimowski-maciej\/","og_locale":"pl_PL","og_type":"article","og_title":"Alimowski Maciej - Szko\u0142a Doktorska Nauk Spo\u0142ecznych UwB","og_description":"Imi\u0119 i nazwisko doktoranta Maciej Alimowski E-mail (w domenie UwB) m.alimowski@uwb.edu.pl ORCID 0000-0003-0290-4217 Temat rozprawy doktorskiej Polityczne cykle bud\u017cetowe w samorz\u0105dzie gminnym w Polsce w okresie wybor\u00f3w bezpo\u015brednich organu wykonawczego&hellip;","og_url":"https:\/\/szkolydoktorskie.uwb.edu.pl\/ns\/alimowski-maciej\/","og_site_name":"Szko\u0142a Doktorska Nauk Spo\u0142ecznych UwB","article_modified_time":"2024-03-20T12:07:22+00:00","og_image":[{"url":"https:\/\/szkolydoktorskie.uwb.edu.pl\/ns\/wp-content\/uploads\/sites\/2\/2021\/12\/MA_zdjecie-1-edited-scaled.jpg","type":"","width":"","height":""}],"twitter_card":"summary_large_image","twitter_misc":{"Szacowany czas czytania":"4 minuty"},"schema":{"@context":"https:\/\/schema.org","@graph":[{"@type":"WebPage","@id":"https:\/\/szkolydoktorskie.uwb.edu.pl\/ns\/alimowski-maciej\/","url":"https:\/\/szkolydoktorskie.uwb.edu.pl\/ns\/alimowski-maciej\/","name":"Alimowski Maciej - Szko\u0142a Doktorska Nauk Spo\u0142ecznych UwB","isPartOf":{"@id":"https:\/\/szkolydoktorskie.uwb.edu.pl\/ns\/#website"},"primaryImageOfPage":{"@id":"https:\/\/szkolydoktorskie.uwb.edu.pl\/ns\/alimowski-maciej\/#primaryimage"},"image":{"@id":"https:\/\/szkolydoktorskie.uwb.edu.pl\/ns\/alimowski-maciej\/#primaryimage"},"thumbnailUrl":"https:\/\/szkolydoktorskie.uwb.edu.pl\/ns\/wp-content\/uploads\/sites\/2\/2021\/12\/MA_zdjecie-1-edited-scaled.jpg","datePublished":"2021-05-27T08:52:37+00:00","dateModified":"2024-03-20T12:07:22+00:00","breadcrumb":{"@id":"https:\/\/szkolydoktorskie.uwb.edu.pl\/ns\/alimowski-maciej\/#breadcrumb"},"inLanguage":"pl-PL","potentialAction":[{"@type":"ReadAction","target":["https:\/\/szkolydoktorskie.uwb.edu.pl\/ns\/alimowski-maciej\/"]}]},{"@type":"ImageObject","inLanguage":"pl-PL","@id":"https:\/\/szkolydoktorskie.uwb.edu.pl\/ns\/alimowski-maciej\/#primaryimage","url":"https:\/\/szkolydoktorskie.uwb.edu.pl\/ns\/wp-content\/uploads\/sites\/2\/2021\/12\/MA_zdjecie-1-edited-scaled.jpg","contentUrl":"https:\/\/szkolydoktorskie.uwb.edu.pl\/ns\/wp-content\/uploads\/sites\/2\/2021\/12\/MA_zdjecie-1-edited-scaled.jpg","width":1706,"height":2560},{"@type":"BreadcrumbList","@id":"https:\/\/szkolydoktorskie.uwb.edu.pl\/ns\/alimowski-maciej\/#breadcrumb","itemListElement":[{"@type":"ListItem","position":1,"name":"Strona g\u0142\u00f3wna","item":"https:\/\/szkolydoktorskie.uwb.edu.pl\/ns\/"},{"@type":"ListItem","position":2,"name":"Alimowski Maciej"}]},{"@type":"WebSite","@id":"https:\/\/szkolydoktorskie.uwb.edu.pl\/ns\/#website","url":"https:\/\/szkolydoktorskie.uwb.edu.pl\/ns\/","name":"Szko\u0142a Doktorska Nauk Spo\u0142ecznych UwB","description":"Szko\u0142a Doktorska Nauk Spo\u0142ecznych UwB","publisher":{"@id":"https:\/\/szkolydoktorskie.uwb.edu.pl\/ns\/#organization"},"potentialAction":[{"@type":"SearchAction","target":{"@type":"EntryPoint","urlTemplate":"https:\/\/szkolydoktorskie.uwb.edu.pl\/ns\/?s={search_term_string}"},"query-input":{"@type":"PropertyValueSpecification","valueRequired":true,"valueName":"search_term_string"}}],"inLanguage":"pl-PL"},{"@type":"Organization","@id":"https:\/\/szkolydoktorskie.uwb.edu.pl\/ns\/#organization","name":"Szko\u0142a Doktorska Nauk Spo\u0142ecznych UwB","url":"https:\/\/szkolydoktorskie.uwb.edu.pl\/ns\/","logo":{"@type":"ImageObject","inLanguage":"pl-PL","@id":"https:\/\/szkolydoktorskie.uwb.edu.pl\/ns\/#\/schema\/logo\/image\/","url":"https:\/\/szkolydoktorskie.uwb.edu.pl\/ns\/wp-content\/uploads\/sites\/2\/2021\/04\/cropped-NS-LOGO.png","contentUrl":"https:\/\/szkolydoktorskie.uwb.edu.pl\/ns\/wp-content\/uploads\/sites\/2\/2021\/04\/cropped-NS-LOGO.png","width":705,"height":188,"caption":"Szko\u0142a Doktorska Nauk Spo\u0142ecznych UwB"},"image":{"@id":"https:\/\/szkolydoktorskie.uwb.edu.pl\/ns\/#\/schema\/logo\/image\/"}}]}},"_links":{"self":[{"href":"https:\/\/szkolydoktorskie.uwb.edu.pl\/ns\/wp-json\/wp\/v2\/pages\/207","targetHints":{"allow":["GET"]}}],"collection":[{"href":"https:\/\/szkolydoktorskie.uwb.edu.pl\/ns\/wp-json\/wp\/v2\/pages"}],"about":[{"href":"https:\/\/szkolydoktorskie.uwb.edu.pl\/ns\/wp-json\/wp\/v2\/types\/page"}],"author":[{"embeddable":true,"href":"https:\/\/szkolydoktorskie.uwb.edu.pl\/ns\/wp-json\/wp\/v2\/users\/1"}],"replies":[{"embeddable":true,"href":"https:\/\/szkolydoktorskie.uwb.edu.pl\/ns\/wp-json\/wp\/v2\/comments?post=207"}],"version-history":[{"count":10,"href":"https:\/\/szkolydoktorskie.uwb.edu.pl\/ns\/wp-json\/wp\/v2\/pages\/207\/revisions"}],"predecessor-version":[{"id":2426,"href":"https:\/\/szkolydoktorskie.uwb.edu.pl\/ns\/wp-json\/wp\/v2\/pages\/207\/revisions\/2426"}],"wp:attachment":[{"href":"https:\/\/szkolydoktorskie.uwb.edu.pl\/ns\/wp-json\/wp\/v2\/media?parent=207"}],"curies":[{"name":"wp","href":"https:\/\/api.w.org\/{rel}","templated":true}]}}