{"id":1832,"date":"2023-04-06T11:48:40","date_gmt":"2023-04-06T09:48:40","guid":{"rendered":"https:\/\/szkolydoktorskie.uwb.edu.pl\/ns\/?page_id=1832"},"modified":"2023-10-31T08:27:51","modified_gmt":"2023-10-31T07:27:51","slug":"2022-2023-3","status":"publish","type":"page","link":"https:\/\/szkolydoktorskie.uwb.edu.pl\/ns\/2022-2023-3\/","title":{"rendered":"2022\/2023"},"content":{"rendered":"\n<p class=\"has-cyan-bluish-gray-background-color has-background\" style=\"font-size:25px\"><strong>Ocena \u015br\u00f3dokresowa 2022\/2023<\/strong><\/p>\n\n\n\n<p class=\"has-pale-cyan-blue-background-color has-background\"><strong>Akty prawne<\/strong><\/p>\n\n\n\n<p><a href=\"https:\/\/szkolydoktorskie.uwb.edu.pl\/ns\/wp-content\/uploads\/sites\/2\/2022\/07\/40_-_zmieniajace_zarzadzenie_nr_52_z_2021.pdf\">Zarz\u0105dzenie nr 40 Rektora Uniwersytetu w Bia\u0142ymstoku z dnia 5 lipca 2022 r. zmieniaj\u0105ce Zarz\u0105dzenie nr 52 Rektora Uniwersytetu w Bia\u0142ymstoku z dnia 8 czerwca 2021 r. <em>w sprawie zasad organizacji pracy komisji do przeprowadzenia oceny \u015br\u00f3dokresowej doktorant\u00f3w szk\u00f3\u0142 doktorskich Uniwersytetu w Bia\u0142ymstoku<\/em><\/a><\/p>\n\n\n\n<p><a href=\"https:\/\/szkolydoktorskie.uwb.edu.pl\/ns\/wp-content\/uploads\/sites\/2\/2021\/06\/52_-_szkoly_doktorskie_ocena.pdf\">Zarz\u0105dzenie nr 52 Rektora Uniwersytetu w Bia\u0142ymstoku z dnia 8 czerwca 2021 r.<em> w sprawie zasad organizacji pracy komisji do przeprowadzenia oceny \u015br\u00f3dokresowej doktorant\u00f3w szk\u00f3\u0142 doktorskich Uniwersytetu w Bia\u0142ymstoku<\/em><\/a><\/p>\n\n\n\n<p class=\"has-pale-cyan-blue-background-color has-background\"><strong>Komisja \u015br\u00f3dokresowa<\/strong><\/p>\n\n\n\n<p><\/p>\n\n\n\n<p><a href=\"https:\/\/szkolydoktorskie.uwb.edu.pl\/ns\/wp-content\/uploads\/sites\/2\/2023\/07\/11_-_komisja_do_przeprowadzenia_oceny_srodokresowej_w_Szkole_Doktorskiej_Nauk_Spolecznych.pdf\">Decyzja nr 11 Rektora Uniwersytetu w Bia\u0142ymstoku z dnia 11 lipca 2023 r. w sprawie powo\u0142ania komisji do przeprowadzenia oceny \u015br\u00f3dokresowej w Szkole Doktorskiej Nauk Spo\u0142ecznych<\/a><\/p>\n\n\n\n<figure class=\"wp-block-table\"><table><tbody><tr><td><strong>Dyscyplina<\/strong><\/td><td colspan=\"2\"><strong>Doktoranci<\/strong><\/td><\/tr><tr><td><strong><em>Ekonomia i finanse<\/em><\/strong><\/td><td colspan=\"2\">Mgr Krzysztof Rajtarski <br>Mgr Natalia Rudnicka <br>Mgr Katarzyna Sawicka<\/td><\/tr><tr><td rowspan=\"2\"><strong><em>Nauki prawne<\/em><\/strong><\/td><td><strong>Komisja I<\/strong><\/td><td><strong>Komisja II<\/strong><\/td><\/tr><tr><td>Mgr Wojciech D\u0105br\u00f3wka <br>Mgr Micha\u0142 Koniecko <br>mgr \u0141ukasz Nasiadka <br>Mgr \u0141ukasz Sowul <br>Mgr Paulina Wity\u0144ska<\/td><td>Mgr Kewin Bach <br>Mgr Ewa \u0141api\u0144ska <br>Mgr Micha\u0142 Stokowski <br>Mgr Mateusz U\u0142anowicz<\/td><\/tr><tr><td><strong><em>Nauki socjologiczne<\/em><\/strong><\/td><td colspan=\"2\">Mgr Klaudia Komar <br>Mgr Pawe\u0142 Staniurski<\/td><\/tr><tr><td><strong><em>Pedagogika<\/em><\/strong><\/td><td colspan=\"2\">Mgr Jolanta Ambro\u017cewicz <br>Mgr Urszula Ekstowicz <br>Mgr Anna \u0141ukasiak <br>Mgr Piotr Wi\u0119c\u0142awski<\/td><\/tr><\/tbody><\/table><\/figure>\n\n\n\n<p><\/p>\n\n\n\n<p class=\"has-pale-cyan-blue-background-color has-background\"><strong>Terminy posiedze\u0144 komisji do spraw przeprowadzania ocen \u015br\u00f3dokresowych <\/strong><\/p>\n\n\n\n<figure class=\"wp-block-table\"><table><tbody><tr><td><strong>Dyscyplina<\/strong><\/td><td><strong>Data <\/strong><\/td><td><strong>Godzina<\/strong><\/td><td><strong>Miejsce posiedzenia<\/strong><\/td><\/tr><tr><td><strong>Ekonomia i finanse<\/strong><\/td><td>20.10.2023 r.<\/td><td>09:00<\/td><td>Wydzia\u0142 Ekonomii i Finans\u00f3w<br>ul. Warszawska 63, Bia\u0142ystok, <br>p. 233 <\/td><\/tr><tr><td><strong>Nauki prawne<\/strong><em> &#8211; komisja I<\/em><\/td><td>26.10.2023 r. <\/td><td>09.00<\/td><td>Wydzia\u0142 Ekonomii i Finans\u00f3w<br>ul. Warszawska 63, Bia\u0142ystok, <br>p. 233 <br>tryb hybrydowy <\/td><\/tr><tr><td><strong>Nauki prawne <\/strong><em>&#8211; komisja<\/em><strong> <\/strong><em>II<\/em><\/td><td>24.10.2023<\/td><td>11.00<\/td><td>Wydzia\u0142 Prawa, <br>ul. A.Mickiewicza 1, <br>p. 319.<\/td><\/tr><tr><td><strong>Nauki socjologiczne<\/strong><\/td><td>25.10.2023 r. <\/td><td>12.00<\/td><td>Instytut Socjologii <br>Plac NZS 1, p. <br>tryb hybrydowy <\/td><\/tr><tr><td><strong>Pedagogika<\/strong><\/td><td>27.10.2023 r. <\/td><td>11.00<\/td><td>Wydzia\u0142 Nauk o Edukacji <br>ul. \u015awierkowa 20 <br>p. A3<\/td><\/tr><\/tbody><\/table><\/figure>\n\n\n\n<p><\/p>\n\n\n\n<p class=\"has-pale-cyan-blue-background-color has-background\"><strong>Wyniki ocen \u015br\u00f3dokresowych<\/strong><\/p>\n\n\n\n<p><a href=\"https:\/\/szkolydoktorskie.uwb.edu.pl\/ns\/wp-content\/uploads\/sites\/2\/2023\/10\/Wyniki-oceny-srodokresowej_2023.pdf\">Wyniki ocen \u015br\u00f3dokresowych <\/a><\/p>\n","protected":false},"excerpt":{"rendered":"<p>Ocena \u015br\u00f3dokresowa 2022\/2023 Akty prawne Zarz\u0105dzenie nr 40 Rektora Uniwersytetu w Bia\u0142ymstoku z dnia 5 lipca 2022 r. zmieniaj\u0105ce Zarz\u0105dzenie nr 52 Rektora Uniwersytetu w Bia\u0142ymstoku z dnia 8 czerwca&hellip;<\/p>\n","protected":false},"author":7,"featured_media":0,"parent":0,"menu_order":0,"comment_status":"closed","ping_status":"closed","template":"","meta":{"footnotes":""},"class_list":["post-1832","page","type-page","status-publish","hentry"],"yoast_head":"<!-- This site is optimized with the Yoast SEO plugin v27.4 - https:\/\/yoast.com\/product\/yoast-seo-wordpress\/ -->\n<title>2022\/2023 - Szko\u0142a Doktorska Nauk Spo\u0142ecznych UwB<\/title>\n<meta name=\"robots\" content=\"index, follow, max-snippet:-1, max-image-preview:large, max-video-preview:-1\" \/>\n<link rel=\"canonical\" href=\"https:\/\/szkolydoktorskie.uwb.edu.pl\/ns\/2022-2023-3\/\" \/>\n<meta property=\"og:locale\" content=\"pl_PL\" \/>\n<meta property=\"og:type\" content=\"article\" \/>\n<meta property=\"og:title\" content=\"2022\/2023 - Szko\u0142a Doktorska Nauk Spo\u0142ecznych UwB\" \/>\n<meta property=\"og:description\" content=\"Ocena \u015br\u00f3dokresowa 2022\/2023 Akty prawne Zarz\u0105dzenie nr 40 Rektora Uniwersytetu w Bia\u0142ymstoku z dnia 5 lipca 2022 r. zmieniaj\u0105ce Zarz\u0105dzenie nr 52 Rektora Uniwersytetu w Bia\u0142ymstoku z dnia 8 czerwca&hellip;\" \/>\n<meta property=\"og:url\" content=\"https:\/\/szkolydoktorskie.uwb.edu.pl\/ns\/2022-2023-3\/\" \/>\n<meta property=\"og:site_name\" content=\"Szko\u0142a Doktorska Nauk Spo\u0142ecznych UwB\" \/>\n<meta property=\"article:modified_time\" content=\"2023-10-31T07:27:51+00:00\" \/>\n<meta name=\"twitter:card\" content=\"summary_large_image\" \/>\n<meta name=\"twitter:label1\" content=\"Szacowany czas czytania\" \/>\n\t<meta name=\"twitter:data1\" content=\"1 minuta\" \/>\n<script type=\"application\/ld+json\" class=\"yoast-schema-graph\">{\"@context\":\"https:\\\/\\\/schema.org\",\"@graph\":[{\"@type\":\"WebPage\",\"@id\":\"https:\\\/\\\/szkolydoktorskie.uwb.edu.pl\\\/ns\\\/2022-2023-3\\\/\",\"url\":\"https:\\\/\\\/szkolydoktorskie.uwb.edu.pl\\\/ns\\\/2022-2023-3\\\/\",\"name\":\"2022\\\/2023 - Szko\u0142a Doktorska Nauk Spo\u0142ecznych UwB\",\"isPartOf\":{\"@id\":\"https:\\\/\\\/szkolydoktorskie.uwb.edu.pl\\\/ns\\\/#website\"},\"datePublished\":\"2023-04-06T09:48:40+00:00\",\"dateModified\":\"2023-10-31T07:27:51+00:00\",\"breadcrumb\":{\"@id\":\"https:\\\/\\\/szkolydoktorskie.uwb.edu.pl\\\/ns\\\/2022-2023-3\\\/#breadcrumb\"},\"inLanguage\":\"pl-PL\",\"potentialAction\":[{\"@type\":\"ReadAction\",\"target\":[\"https:\\\/\\\/szkolydoktorskie.uwb.edu.pl\\\/ns\\\/2022-2023-3\\\/\"]}]},{\"@type\":\"BreadcrumbList\",\"@id\":\"https:\\\/\\\/szkolydoktorskie.uwb.edu.pl\\\/ns\\\/2022-2023-3\\\/#breadcrumb\",\"itemListElement\":[{\"@type\":\"ListItem\",\"position\":1,\"name\":\"Strona g\u0142\u00f3wna\",\"item\":\"https:\\\/\\\/szkolydoktorskie.uwb.edu.pl\\\/ns\\\/\"},{\"@type\":\"ListItem\",\"position\":2,\"name\":\"2022\\\/2023\"}]},{\"@type\":\"WebSite\",\"@id\":\"https:\\\/\\\/szkolydoktorskie.uwb.edu.pl\\\/ns\\\/#website\",\"url\":\"https:\\\/\\\/szkolydoktorskie.uwb.edu.pl\\\/ns\\\/\",\"name\":\"Szko\u0142a Doktorska Nauk Spo\u0142ecznych UwB\",\"description\":\"Szko\u0142a Doktorska Nauk Spo\u0142ecznych UwB\",\"publisher\":{\"@id\":\"https:\\\/\\\/szkolydoktorskie.uwb.edu.pl\\\/ns\\\/#organization\"},\"potentialAction\":[{\"@type\":\"SearchAction\",\"target\":{\"@type\":\"EntryPoint\",\"urlTemplate\":\"https:\\\/\\\/szkolydoktorskie.uwb.edu.pl\\\/ns\\\/?s={search_term_string}\"},\"query-input\":{\"@type\":\"PropertyValueSpecification\",\"valueRequired\":true,\"valueName\":\"search_term_string\"}}],\"inLanguage\":\"pl-PL\"},{\"@type\":\"Organization\",\"@id\":\"https:\\\/\\\/szkolydoktorskie.uwb.edu.pl\\\/ns\\\/#organization\",\"name\":\"Szko\u0142a Doktorska Nauk Spo\u0142ecznych UwB\",\"url\":\"https:\\\/\\\/szkolydoktorskie.uwb.edu.pl\\\/ns\\\/\",\"logo\":{\"@type\":\"ImageObject\",\"inLanguage\":\"pl-PL\",\"@id\":\"https:\\\/\\\/szkolydoktorskie.uwb.edu.pl\\\/ns\\\/#\\\/schema\\\/logo\\\/image\\\/\",\"url\":\"https:\\\/\\\/szkolydoktorskie.uwb.edu.pl\\\/ns\\\/wp-content\\\/uploads\\\/sites\\\/2\\\/2021\\\/04\\\/cropped-NS-LOGO.png\",\"contentUrl\":\"https:\\\/\\\/szkolydoktorskie.uwb.edu.pl\\\/ns\\\/wp-content\\\/uploads\\\/sites\\\/2\\\/2021\\\/04\\\/cropped-NS-LOGO.png\",\"width\":705,\"height\":188,\"caption\":\"Szko\u0142a Doktorska Nauk Spo\u0142ecznych UwB\"},\"image\":{\"@id\":\"https:\\\/\\\/szkolydoktorskie.uwb.edu.pl\\\/ns\\\/#\\\/schema\\\/logo\\\/image\\\/\"}}]}<\/script>\n<!-- \/ Yoast SEO plugin. -->","yoast_head_json":{"title":"2022\/2023 - Szko\u0142a Doktorska Nauk Spo\u0142ecznych UwB","robots":{"index":"index","follow":"follow","max-snippet":"max-snippet:-1","max-image-preview":"max-image-preview:large","max-video-preview":"max-video-preview:-1"},"canonical":"https:\/\/szkolydoktorskie.uwb.edu.pl\/ns\/2022-2023-3\/","og_locale":"pl_PL","og_type":"article","og_title":"2022\/2023 - Szko\u0142a Doktorska Nauk Spo\u0142ecznych UwB","og_description":"Ocena \u015br\u00f3dokresowa 2022\/2023 Akty prawne Zarz\u0105dzenie nr 40 Rektora Uniwersytetu w Bia\u0142ymstoku z dnia 5 lipca 2022 r. zmieniaj\u0105ce Zarz\u0105dzenie nr 52 Rektora Uniwersytetu w Bia\u0142ymstoku z dnia 8 czerwca&hellip;","og_url":"https:\/\/szkolydoktorskie.uwb.edu.pl\/ns\/2022-2023-3\/","og_site_name":"Szko\u0142a Doktorska Nauk Spo\u0142ecznych UwB","article_modified_time":"2023-10-31T07:27:51+00:00","twitter_card":"summary_large_image","twitter_misc":{"Szacowany czas czytania":"1 minuta"},"schema":{"@context":"https:\/\/schema.org","@graph":[{"@type":"WebPage","@id":"https:\/\/szkolydoktorskie.uwb.edu.pl\/ns\/2022-2023-3\/","url":"https:\/\/szkolydoktorskie.uwb.edu.pl\/ns\/2022-2023-3\/","name":"2022\/2023 - Szko\u0142a Doktorska Nauk Spo\u0142ecznych UwB","isPartOf":{"@id":"https:\/\/szkolydoktorskie.uwb.edu.pl\/ns\/#website"},"datePublished":"2023-04-06T09:48:40+00:00","dateModified":"2023-10-31T07:27:51+00:00","breadcrumb":{"@id":"https:\/\/szkolydoktorskie.uwb.edu.pl\/ns\/2022-2023-3\/#breadcrumb"},"inLanguage":"pl-PL","potentialAction":[{"@type":"ReadAction","target":["https:\/\/szkolydoktorskie.uwb.edu.pl\/ns\/2022-2023-3\/"]}]},{"@type":"BreadcrumbList","@id":"https:\/\/szkolydoktorskie.uwb.edu.pl\/ns\/2022-2023-3\/#breadcrumb","itemListElement":[{"@type":"ListItem","position":1,"name":"Strona g\u0142\u00f3wna","item":"https:\/\/szkolydoktorskie.uwb.edu.pl\/ns\/"},{"@type":"ListItem","position":2,"name":"2022\/2023"}]},{"@type":"WebSite","@id":"https:\/\/szkolydoktorskie.uwb.edu.pl\/ns\/#website","url":"https:\/\/szkolydoktorskie.uwb.edu.pl\/ns\/","name":"Szko\u0142a Doktorska Nauk Spo\u0142ecznych UwB","description":"Szko\u0142a Doktorska Nauk Spo\u0142ecznych UwB","publisher":{"@id":"https:\/\/szkolydoktorskie.uwb.edu.pl\/ns\/#organization"},"potentialAction":[{"@type":"SearchAction","target":{"@type":"EntryPoint","urlTemplate":"https:\/\/szkolydoktorskie.uwb.edu.pl\/ns\/?s={search_term_string}"},"query-input":{"@type":"PropertyValueSpecification","valueRequired":true,"valueName":"search_term_string"}}],"inLanguage":"pl-PL"},{"@type":"Organization","@id":"https:\/\/szkolydoktorskie.uwb.edu.pl\/ns\/#organization","name":"Szko\u0142a Doktorska Nauk Spo\u0142ecznych UwB","url":"https:\/\/szkolydoktorskie.uwb.edu.pl\/ns\/","logo":{"@type":"ImageObject","inLanguage":"pl-PL","@id":"https:\/\/szkolydoktorskie.uwb.edu.pl\/ns\/#\/schema\/logo\/image\/","url":"https:\/\/szkolydoktorskie.uwb.edu.pl\/ns\/wp-content\/uploads\/sites\/2\/2021\/04\/cropped-NS-LOGO.png","contentUrl":"https:\/\/szkolydoktorskie.uwb.edu.pl\/ns\/wp-content\/uploads\/sites\/2\/2021\/04\/cropped-NS-LOGO.png","width":705,"height":188,"caption":"Szko\u0142a Doktorska Nauk Spo\u0142ecznych UwB"},"image":{"@id":"https:\/\/szkolydoktorskie.uwb.edu.pl\/ns\/#\/schema\/logo\/image\/"}}]}},"_links":{"self":[{"href":"https:\/\/szkolydoktorskie.uwb.edu.pl\/ns\/wp-json\/wp\/v2\/pages\/1832","targetHints":{"allow":["GET"]}}],"collection":[{"href":"https:\/\/szkolydoktorskie.uwb.edu.pl\/ns\/wp-json\/wp\/v2\/pages"}],"about":[{"href":"https:\/\/szkolydoktorskie.uwb.edu.pl\/ns\/wp-json\/wp\/v2\/types\/page"}],"author":[{"embeddable":true,"href":"https:\/\/szkolydoktorskie.uwb.edu.pl\/ns\/wp-json\/wp\/v2\/users\/7"}],"replies":[{"embeddable":true,"href":"https:\/\/szkolydoktorskie.uwb.edu.pl\/ns\/wp-json\/wp\/v2\/comments?post=1832"}],"version-history":[{"count":24,"href":"https:\/\/szkolydoktorskie.uwb.edu.pl\/ns\/wp-json\/wp\/v2\/pages\/1832\/revisions"}],"predecessor-version":[{"id":2169,"href":"https:\/\/szkolydoktorskie.uwb.edu.pl\/ns\/wp-json\/wp\/v2\/pages\/1832\/revisions\/2169"}],"wp:attachment":[{"href":"https:\/\/szkolydoktorskie.uwb.edu.pl\/ns\/wp-json\/wp\/v2\/media?parent=1832"}],"curies":[{"name":"wp","href":"https:\/\/api.w.org\/{rel}","templated":true}]}}