{"id":1799,"date":"2023-04-06T11:32:04","date_gmt":"2023-04-06T09:32:04","guid":{"rendered":"https:\/\/szkolydoktorskie.uwb.edu.pl\/ns\/?page_id=1799"},"modified":"2023-04-06T11:41:46","modified_gmt":"2023-04-06T09:41:46","slug":"konferencja-naukowe-forum-doktorantow","status":"publish","type":"page","link":"https:\/\/szkolydoktorskie.uwb.edu.pl\/ns\/konferencja-naukowe-forum-doktorantow\/","title":{"rendered":"Konferencja &#8211; Naukowe Forum Doktorant\u00f3w"},"content":{"rendered":"\n<p class=\"has-cyan-bluish-gray-background-color has-background\" style=\"font-size:18px\"><strong>Og\u00f3lnopolska Konferencja ,,Naukowe Forum Doktorant\u00f3w<\/strong>&#8222;<\/p>\n\n\n\n<p>Inicjatyw\u0105 Zarz\u0105du RUSD UwB kadencji 2022\/2023 powsta\u0142o wydarzenie naukowe Og\u00f3lnopolska Konferencja ,,Naukowe Forum Doktorant\u00f3w\u201d. Wydarzenie towarzyszy Dniom Jako\u015bci Kszta\u0142cenia UwB.<\/p>\n\n\n\n<p>Celem Wydarzenia jest w szczeg\u00f3lno\u015bci: maksymalizacja jako\u015bci kszta\u0142cenia doktorant\u00f3w, wsparcie \u015bcie\u017cek naukowych doktorant\u00f3w, wyposa\u017cenie doktorant\u00f3w w dodatkowe kompetencje, mo\u017cliwo\u015b\u0107 zaprezentowania przez doktorant\u00f3w wynik\u00f3w swoich bada\u0144 na forum og\u00f3lnopolskim, integracja naukowa \u015brodowiska doktorant\u00f3w, stworzenie mo\u017cliwo\u015bci dyskusji interdyscyplinarnej pomi\u0119dzy doktorantami.<\/p>\n\n\n\n<p>Podczas Konferencji obecni b\u0119d\u0105 eksperci (kt\u00f3rych panel szkoleniowy otworzy obrady) i Komitet Naukowy, b\u0119d\u0105 si\u0119 oni przys\u0142uchiwa\u0107 wyst\u0105pieniom doktorant\u00f3w (w kolejnych panelach) na temat ich prac doktorskich i dawa\u0107 feedback.<\/p>\n\n\n\n<p><strong>Panel ekspercki Konferencji w roku 2023:<\/strong><\/p>\n\n\n\n<p>Wojciech Kie\u0142basi\u0144ski: Przewody doktorskie i post\u0119powania w sprawie nadania stopnia doktora<\/p>\n\n\n\n<p>Przemys\u0142aw Mroczkowski: Udzia\u0142 doktorant\u00f3w w ewaluacji szko\u0142y doktorskiej<\/p>\n\n\n\n<p>Micha\u0142 Pietruszewski: Popularyzacja nauki: czy doktorat to dobry mem?<\/p>\n\n\n\n<p>Adam Olszewski: Dofinansowanie bada\u0144 z grant\u00f3w NCN i jak je ugry\u017a\u0107?<\/p>\n\n\n\n<p>Julia Milewicz: Interdyscyplinarno\u015b\u0107 bada\u0144 naukowych &#8211; wyzwania i dylematy<\/p>\n\n\n\n<p>Aleksandra Lewandowska: Wsp\u00f3\u0142praca mi\u0119dzynarodowa w rozwoju \u015bcie\u017cki naukowej doktoranta<\/p>\n\n\n\n<p><strong>Komitet Naukowy:<\/strong><\/p>\n\n\n\n<p>Dyrektor Szko\u0142y Doktorskiej Nauk Spo\u0142ecznych dr hab. Ewa Gruszewska, prof. UwB<\/p>\n\n\n\n<p>Dyrektor Szko\u0142y Doktorskiej Nauk Humanistycznych dr hab. Anna Nosek, prof. UwB<\/p>\n\n\n\n<p>Dyrektor Szko\u0142y Doktorskiej Nauk \u015acis\u0142ych i Przyrodniczych dr hab. Monika Naumowicz, prof. UwB<\/p>\n\n\n\n<p><strong>Link do strony Wydarzenia<\/strong>: <a href=\"https:\/\/fb.me\/e\/3EeXXe7Jz\">https:\/\/fb.me\/e\/3EeXXe7Jz<\/a><\/p>\n\n\n\n<p><\/p>\n","protected":false},"excerpt":{"rendered":"<p>Og\u00f3lnopolska Konferencja ,,Naukowe Forum Doktorant\u00f3w&#8222; Inicjatyw\u0105 Zarz\u0105du RUSD UwB kadencji 2022\/2023 powsta\u0142o wydarzenie naukowe Og\u00f3lnopolska Konferencja ,,Naukowe Forum Doktorant\u00f3w\u201d. Wydarzenie towarzyszy Dniom Jako\u015bci Kszta\u0142cenia UwB. Celem Wydarzenia jest w szczeg\u00f3lno\u015bci:&hellip;<\/p>\n","protected":false},"author":7,"featured_media":0,"parent":0,"menu_order":0,"comment_status":"closed","ping_status":"closed","template":"","meta":{"footnotes":""},"class_list":["post-1799","page","type-page","status-publish","hentry"],"yoast_head":"<!-- This site is optimized with the Yoast SEO plugin v27.3 - https:\/\/yoast.com\/product\/yoast-seo-wordpress\/ -->\n<title>Konferencja - Naukowe Forum Doktorant\u00f3w - Szko\u0142a Doktorska Nauk Spo\u0142ecznych UwB<\/title>\n<meta name=\"robots\" content=\"index, follow, max-snippet:-1, max-image-preview:large, max-video-preview:-1\" \/>\n<link rel=\"canonical\" href=\"https:\/\/szkolydoktorskie.uwb.edu.pl\/ns\/konferencja-naukowe-forum-doktorantow\/\" \/>\n<meta property=\"og:locale\" content=\"pl_PL\" \/>\n<meta property=\"og:type\" content=\"article\" \/>\n<meta property=\"og:title\" content=\"Konferencja - Naukowe Forum Doktorant\u00f3w - Szko\u0142a Doktorska Nauk Spo\u0142ecznych UwB\" \/>\n<meta property=\"og:description\" content=\"Og\u00f3lnopolska Konferencja ,,Naukowe Forum Doktorant\u00f3w&#8222; Inicjatyw\u0105 Zarz\u0105du RUSD UwB kadencji 2022\/2023 powsta\u0142o wydarzenie naukowe Og\u00f3lnopolska Konferencja ,,Naukowe Forum Doktorant\u00f3w\u201d. Wydarzenie towarzyszy Dniom Jako\u015bci Kszta\u0142cenia UwB. Celem Wydarzenia jest w szczeg\u00f3lno\u015bci:&hellip;\" \/>\n<meta property=\"og:url\" content=\"https:\/\/szkolydoktorskie.uwb.edu.pl\/ns\/konferencja-naukowe-forum-doktorantow\/\" \/>\n<meta property=\"og:site_name\" content=\"Szko\u0142a Doktorska Nauk Spo\u0142ecznych UwB\" \/>\n<meta property=\"article:modified_time\" content=\"2023-04-06T09:41:46+00:00\" \/>\n<meta name=\"twitter:card\" content=\"summary_large_image\" \/>\n<meta name=\"twitter:label1\" content=\"Szacowany czas czytania\" \/>\n\t<meta name=\"twitter:data1\" content=\"1 minuta\" \/>\n<script type=\"application\/ld+json\" class=\"yoast-schema-graph\">{\"@context\":\"https:\\\/\\\/schema.org\",\"@graph\":[{\"@type\":\"WebPage\",\"@id\":\"https:\\\/\\\/szkolydoktorskie.uwb.edu.pl\\\/ns\\\/konferencja-naukowe-forum-doktorantow\\\/\",\"url\":\"https:\\\/\\\/szkolydoktorskie.uwb.edu.pl\\\/ns\\\/konferencja-naukowe-forum-doktorantow\\\/\",\"name\":\"Konferencja - Naukowe Forum Doktorant\u00f3w - Szko\u0142a Doktorska Nauk Spo\u0142ecznych UwB\",\"isPartOf\":{\"@id\":\"https:\\\/\\\/szkolydoktorskie.uwb.edu.pl\\\/ns\\\/#website\"},\"datePublished\":\"2023-04-06T09:32:04+00:00\",\"dateModified\":\"2023-04-06T09:41:46+00:00\",\"breadcrumb\":{\"@id\":\"https:\\\/\\\/szkolydoktorskie.uwb.edu.pl\\\/ns\\\/konferencja-naukowe-forum-doktorantow\\\/#breadcrumb\"},\"inLanguage\":\"pl-PL\",\"potentialAction\":[{\"@type\":\"ReadAction\",\"target\":[\"https:\\\/\\\/szkolydoktorskie.uwb.edu.pl\\\/ns\\\/konferencja-naukowe-forum-doktorantow\\\/\"]}]},{\"@type\":\"BreadcrumbList\",\"@id\":\"https:\\\/\\\/szkolydoktorskie.uwb.edu.pl\\\/ns\\\/konferencja-naukowe-forum-doktorantow\\\/#breadcrumb\",\"itemListElement\":[{\"@type\":\"ListItem\",\"position\":1,\"name\":\"Strona g\u0142\u00f3wna\",\"item\":\"https:\\\/\\\/szkolydoktorskie.uwb.edu.pl\\\/ns\\\/\"},{\"@type\":\"ListItem\",\"position\":2,\"name\":\"Konferencja &#8211; Naukowe Forum Doktorant\u00f3w\"}]},{\"@type\":\"WebSite\",\"@id\":\"https:\\\/\\\/szkolydoktorskie.uwb.edu.pl\\\/ns\\\/#website\",\"url\":\"https:\\\/\\\/szkolydoktorskie.uwb.edu.pl\\\/ns\\\/\",\"name\":\"Szko\u0142a Doktorska Nauk Spo\u0142ecznych UwB\",\"description\":\"Szko\u0142a Doktorska Nauk Spo\u0142ecznych UwB\",\"publisher\":{\"@id\":\"https:\\\/\\\/szkolydoktorskie.uwb.edu.pl\\\/ns\\\/#organization\"},\"potentialAction\":[{\"@type\":\"SearchAction\",\"target\":{\"@type\":\"EntryPoint\",\"urlTemplate\":\"https:\\\/\\\/szkolydoktorskie.uwb.edu.pl\\\/ns\\\/?s={search_term_string}\"},\"query-input\":{\"@type\":\"PropertyValueSpecification\",\"valueRequired\":true,\"valueName\":\"search_term_string\"}}],\"inLanguage\":\"pl-PL\"},{\"@type\":\"Organization\",\"@id\":\"https:\\\/\\\/szkolydoktorskie.uwb.edu.pl\\\/ns\\\/#organization\",\"name\":\"Szko\u0142a Doktorska Nauk Spo\u0142ecznych UwB\",\"url\":\"https:\\\/\\\/szkolydoktorskie.uwb.edu.pl\\\/ns\\\/\",\"logo\":{\"@type\":\"ImageObject\",\"inLanguage\":\"pl-PL\",\"@id\":\"https:\\\/\\\/szkolydoktorskie.uwb.edu.pl\\\/ns\\\/#\\\/schema\\\/logo\\\/image\\\/\",\"url\":\"https:\\\/\\\/szkolydoktorskie.uwb.edu.pl\\\/ns\\\/wp-content\\\/uploads\\\/sites\\\/2\\\/2021\\\/04\\\/cropped-NS-LOGO.png\",\"contentUrl\":\"https:\\\/\\\/szkolydoktorskie.uwb.edu.pl\\\/ns\\\/wp-content\\\/uploads\\\/sites\\\/2\\\/2021\\\/04\\\/cropped-NS-LOGO.png\",\"width\":705,\"height\":188,\"caption\":\"Szko\u0142a Doktorska Nauk Spo\u0142ecznych UwB\"},\"image\":{\"@id\":\"https:\\\/\\\/szkolydoktorskie.uwb.edu.pl\\\/ns\\\/#\\\/schema\\\/logo\\\/image\\\/\"}}]}<\/script>\n<!-- \/ Yoast SEO plugin. -->","yoast_head_json":{"title":"Konferencja - Naukowe Forum Doktorant\u00f3w - Szko\u0142a Doktorska Nauk Spo\u0142ecznych UwB","robots":{"index":"index","follow":"follow","max-snippet":"max-snippet:-1","max-image-preview":"max-image-preview:large","max-video-preview":"max-video-preview:-1"},"canonical":"https:\/\/szkolydoktorskie.uwb.edu.pl\/ns\/konferencja-naukowe-forum-doktorantow\/","og_locale":"pl_PL","og_type":"article","og_title":"Konferencja - Naukowe Forum Doktorant\u00f3w - Szko\u0142a Doktorska Nauk Spo\u0142ecznych UwB","og_description":"Og\u00f3lnopolska Konferencja ,,Naukowe Forum Doktorant\u00f3w&#8222; Inicjatyw\u0105 Zarz\u0105du RUSD UwB kadencji 2022\/2023 powsta\u0142o wydarzenie naukowe Og\u00f3lnopolska Konferencja ,,Naukowe Forum Doktorant\u00f3w\u201d. Wydarzenie towarzyszy Dniom Jako\u015bci Kszta\u0142cenia UwB. Celem Wydarzenia jest w szczeg\u00f3lno\u015bci:&hellip;","og_url":"https:\/\/szkolydoktorskie.uwb.edu.pl\/ns\/konferencja-naukowe-forum-doktorantow\/","og_site_name":"Szko\u0142a Doktorska Nauk Spo\u0142ecznych UwB","article_modified_time":"2023-04-06T09:41:46+00:00","twitter_card":"summary_large_image","twitter_misc":{"Szacowany czas czytania":"1 minuta"},"schema":{"@context":"https:\/\/schema.org","@graph":[{"@type":"WebPage","@id":"https:\/\/szkolydoktorskie.uwb.edu.pl\/ns\/konferencja-naukowe-forum-doktorantow\/","url":"https:\/\/szkolydoktorskie.uwb.edu.pl\/ns\/konferencja-naukowe-forum-doktorantow\/","name":"Konferencja - Naukowe Forum Doktorant\u00f3w - Szko\u0142a Doktorska Nauk Spo\u0142ecznych UwB","isPartOf":{"@id":"https:\/\/szkolydoktorskie.uwb.edu.pl\/ns\/#website"},"datePublished":"2023-04-06T09:32:04+00:00","dateModified":"2023-04-06T09:41:46+00:00","breadcrumb":{"@id":"https:\/\/szkolydoktorskie.uwb.edu.pl\/ns\/konferencja-naukowe-forum-doktorantow\/#breadcrumb"},"inLanguage":"pl-PL","potentialAction":[{"@type":"ReadAction","target":["https:\/\/szkolydoktorskie.uwb.edu.pl\/ns\/konferencja-naukowe-forum-doktorantow\/"]}]},{"@type":"BreadcrumbList","@id":"https:\/\/szkolydoktorskie.uwb.edu.pl\/ns\/konferencja-naukowe-forum-doktorantow\/#breadcrumb","itemListElement":[{"@type":"ListItem","position":1,"name":"Strona g\u0142\u00f3wna","item":"https:\/\/szkolydoktorskie.uwb.edu.pl\/ns\/"},{"@type":"ListItem","position":2,"name":"Konferencja &#8211; Naukowe Forum Doktorant\u00f3w"}]},{"@type":"WebSite","@id":"https:\/\/szkolydoktorskie.uwb.edu.pl\/ns\/#website","url":"https:\/\/szkolydoktorskie.uwb.edu.pl\/ns\/","name":"Szko\u0142a Doktorska Nauk Spo\u0142ecznych UwB","description":"Szko\u0142a Doktorska Nauk Spo\u0142ecznych UwB","publisher":{"@id":"https:\/\/szkolydoktorskie.uwb.edu.pl\/ns\/#organization"},"potentialAction":[{"@type":"SearchAction","target":{"@type":"EntryPoint","urlTemplate":"https:\/\/szkolydoktorskie.uwb.edu.pl\/ns\/?s={search_term_string}"},"query-input":{"@type":"PropertyValueSpecification","valueRequired":true,"valueName":"search_term_string"}}],"inLanguage":"pl-PL"},{"@type":"Organization","@id":"https:\/\/szkolydoktorskie.uwb.edu.pl\/ns\/#organization","name":"Szko\u0142a Doktorska Nauk Spo\u0142ecznych UwB","url":"https:\/\/szkolydoktorskie.uwb.edu.pl\/ns\/","logo":{"@type":"ImageObject","inLanguage":"pl-PL","@id":"https:\/\/szkolydoktorskie.uwb.edu.pl\/ns\/#\/schema\/logo\/image\/","url":"https:\/\/szkolydoktorskie.uwb.edu.pl\/ns\/wp-content\/uploads\/sites\/2\/2021\/04\/cropped-NS-LOGO.png","contentUrl":"https:\/\/szkolydoktorskie.uwb.edu.pl\/ns\/wp-content\/uploads\/sites\/2\/2021\/04\/cropped-NS-LOGO.png","width":705,"height":188,"caption":"Szko\u0142a Doktorska Nauk Spo\u0142ecznych UwB"},"image":{"@id":"https:\/\/szkolydoktorskie.uwb.edu.pl\/ns\/#\/schema\/logo\/image\/"}}]}},"_links":{"self":[{"href":"https:\/\/szkolydoktorskie.uwb.edu.pl\/ns\/wp-json\/wp\/v2\/pages\/1799","targetHints":{"allow":["GET"]}}],"collection":[{"href":"https:\/\/szkolydoktorskie.uwb.edu.pl\/ns\/wp-json\/wp\/v2\/pages"}],"about":[{"href":"https:\/\/szkolydoktorskie.uwb.edu.pl\/ns\/wp-json\/wp\/v2\/types\/page"}],"author":[{"embeddable":true,"href":"https:\/\/szkolydoktorskie.uwb.edu.pl\/ns\/wp-json\/wp\/v2\/users\/7"}],"replies":[{"embeddable":true,"href":"https:\/\/szkolydoktorskie.uwb.edu.pl\/ns\/wp-json\/wp\/v2\/comments?post=1799"}],"version-history":[{"count":2,"href":"https:\/\/szkolydoktorskie.uwb.edu.pl\/ns\/wp-json\/wp\/v2\/pages\/1799\/revisions"}],"predecessor-version":[{"id":1803,"href":"https:\/\/szkolydoktorskie.uwb.edu.pl\/ns\/wp-json\/wp\/v2\/pages\/1799\/revisions\/1803"}],"wp:attachment":[{"href":"https:\/\/szkolydoktorskie.uwb.edu.pl\/ns\/wp-json\/wp\/v2\/media?parent=1799"}],"curies":[{"name":"wp","href":"https:\/\/api.w.org\/{rel}","templated":true}]}}