{"id":1793,"date":"2023-04-06T11:29:45","date_gmt":"2023-04-06T09:29:45","guid":{"rendered":"https:\/\/szkolydoktorskie.uwb.edu.pl\/ns\/?page_id=1793"},"modified":"2024-01-29T10:19:48","modified_gmt":"2024-01-29T09:19:48","slug":"aplauz-konkurs-rusd","status":"publish","type":"page","link":"https:\/\/szkolydoktorskie.uwb.edu.pl\/ns\/aplauz-konkurs-rusd\/","title":{"rendered":"APLAUZ-konkurs RUSD"},"content":{"rendered":"\n<p class=\"has-cyan-bluish-gray-background-color has-background\" style=\"font-size:18px\"><strong><strong>APLAUZ konkurs na dofinansowanie dzia\u0142alno\u015bci doktorant\u00f3w ze \u015brodk\u00f3w RUSD UwB<\/strong><\/strong> <\/p>\n\n\n\n<p><strong>Czym jest APLAUZ?<\/strong><\/p>\n\n\n\n<p>Jest to konkurs na dofinansowanie dzia\u0142alno\u015bci&nbsp; Doktorant\u00f3w Uniwersytetu w Bia\u0142ymstoku finansowany z bud\u017cetu Rady Uczelnianej Samorz\u0105du Doktorant\u00f3w UwB.<\/p>\n\n\n\n<p><strong>Kto mo\u017ce wnioskowa\u0107 o dofinansowanie?<\/strong><\/p>\n\n\n\n<p>Dofinansowania w ramach konkursu APLAUZ s\u0105 przyznawane doktorantom, grupom doktorant\u00f3w, organizacjom doktoranckim lub studenckim zarejestrowanym na Uniwersytecie, dzia\u0142aj\u0105cym na Uniwersytecie stowarzyszeniom zrzeszaj\u0105cym doktorant\u00f3w lub student\u00f3w.<\/p>\n\n\n\n<p><strong>Jakie przedsi\u0119wzi\u0119cia mog\u0105 zosta\u0107 dofinansowane?<\/strong><\/p>\n\n\n\n<p>Przedsi\u0119wzi\u0119cia o charakterze:<\/p>\n\n\n\n<p>1. naukowym lub edukacyjnym (np. udzia\u0142 w konferencjach, sta\u017ce, projekty naukowe itp.),<\/p>\n\n\n\n<p>2. kulturalnym,<\/p>\n\n\n\n<p>3. integracyjnym,<\/p>\n\n\n\n<p>4. sportowym,<\/p>\n\n\n\n<p>5. samorz\u0105dowym.<\/p>\n\n\n\n<p><strong>Jaka jest kwota przyznawanych dofinansowa\u0144?<\/strong><\/p>\n\n\n\n<p>\u0141\u0105czna kwota przeznaczona na konkurs wynosi 5.000 z\u0142. Suma kwot przyznanego dofinansowania dla jednego podmiotu wnioskuj\u0105cego w danym roku kalendarzowym (czyli w 2024 r. w konkursach APLAUZ VII APLAUZ VIII i APLAUZ IX) nie mo\u017ce przekroczy\u0107 wysoko\u015bci 1000 z\u0142otych.<\/p>\n\n\n\n<p><strong>Gdzie mam z\u0142o\u017cy\u0107 wniosek?<\/strong><\/p>\n\n\n\n<p>Wype\u0142niony wniosek nale\u017cy z\u0142o\u017cy\u0107 osobi\u015bcie w Dziale Spraw Studenckich (ul. \u015awierkowa 20B, p. 16) oraz jednocze\u015bnie przes\u0142a\u0107 na adres e-mail: <a href=\"mailto:rusd@uwb.edu.pl\">rusd@uwb.edu.pl<\/a>.<\/p>\n\n\n\n<p><strong>Kiedy mam z\u0142o\u017cy\u0107 sprawozdanie ?<\/strong><\/p>\n\n\n\n<p>Sprawozdanie z przedsi\u0119wzi\u0119cia, na kt\u00f3re zosta\u0142o przyznane dofinansowanie, nale\u017cy z\u0142o\u017cy\u0107 w ci\u0105gu 14 dni od zako\u0144czenia przedsi\u0119wzi\u0119cia, jednak nie p\u00f3\u017aniej ni\u017c do 21 grudnia.<\/p>\n\n\n\n<p><strong>Gdzie mam z\u0142o\u017cy\u0107 sprawozdanie?<\/strong><\/p>\n\n\n\n<p>Wype\u0142nione sprawozdanie nale\u017cy z\u0142o\u017cy\u0107 osobi\u015bcie w&nbsp; Dziale Spraw Studenckich (ul. \u015awierkowa 20B, p. 16) oraz jednocze\u015bnie przesy\u0142a\u0107&nbsp; zeskanowane na adres e-mail: <a href=\"mailto:rusd@uwb.edu.pl\">rusd@uwb.edu.pl<\/a>.<\/p>\n\n\n\n<p><strong>Gdzie mam szuka\u0107 dodatkowych informacji?<\/strong> Wszystkie informacje dotycz\u0105ce konkursu APLAUZ znajduj\u0105 si\u0119 w tre\u015bci regulaminu Regulamin przyznawania dofinansowa\u0144 ze \u015brodk\u00f3w Rady Uczelnianej Samorz\u0105du Doktorant\u00f3w UwB.<\/p>\n\n\n\n<p><a href=\"https:\/\/szkolydoktorskie.uwb.edu.pl\/ns\/wp-content\/uploads\/sites\/2\/2023\/04\/Tekst-jednolity-Regulaminu-przyznawania-dofinansowania-ze-rodk\u02c7w-RUSD-UwB-2023.pdf\">Regulamin <\/a><\/p>\n\n\n\n<p><a href=\"https:\/\/szkolydoktorskie.uwb.edu.pl\/ns\/wp-content\/uploads\/sites\/2\/2023\/04\/Zacznik-nr-1-wniosek.docx\">Za\u0142\u0105cznik nr 1 &#8211; wniosek <\/a><\/p>\n\n\n\n<p><a href=\"https:\/\/szkolydoktorskie.uwb.edu.pl\/ns\/wp-content\/uploads\/sites\/2\/2023\/04\/Zacznik-nr-2-sprawozdanie.docx\">Za\u0142\u0105cznik nr 2 &#8211; sprawozdanie <\/a><\/p>\n\n\n\n<p><\/p>\n","protected":false},"excerpt":{"rendered":"<p>APLAUZ konkurs na dofinansowanie dzia\u0142alno\u015bci doktorant\u00f3w ze \u015brodk\u00f3w RUSD UwB Czym jest APLAUZ? Jest to konkurs na dofinansowanie dzia\u0142alno\u015bci&nbsp; Doktorant\u00f3w Uniwersytetu w Bia\u0142ymstoku finansowany z bud\u017cetu Rady Uczelnianej Samorz\u0105du Doktorant\u00f3w&hellip;<\/p>\n","protected":false},"author":7,"featured_media":0,"parent":0,"menu_order":0,"comment_status":"closed","ping_status":"closed","template":"","meta":{"footnotes":""},"class_list":["post-1793","page","type-page","status-publish","hentry"],"yoast_head":"<!-- This site is optimized with the Yoast SEO plugin v27.3 - https:\/\/yoast.com\/product\/yoast-seo-wordpress\/ -->\n<title>APLAUZ-konkurs RUSD - Szko\u0142a Doktorska Nauk Spo\u0142ecznych UwB<\/title>\n<meta name=\"robots\" content=\"index, follow, max-snippet:-1, max-image-preview:large, max-video-preview:-1\" \/>\n<link rel=\"canonical\" href=\"https:\/\/szkolydoktorskie.uwb.edu.pl\/ns\/aplauz-konkurs-rusd\/\" \/>\n<meta property=\"og:locale\" content=\"pl_PL\" \/>\n<meta property=\"og:type\" content=\"article\" \/>\n<meta property=\"og:title\" content=\"APLAUZ-konkurs RUSD - Szko\u0142a Doktorska Nauk Spo\u0142ecznych UwB\" \/>\n<meta property=\"og:description\" content=\"APLAUZ konkurs na dofinansowanie dzia\u0142alno\u015bci doktorant\u00f3w ze \u015brodk\u00f3w RUSD UwB Czym jest APLAUZ? Jest to konkurs na dofinansowanie dzia\u0142alno\u015bci&nbsp; Doktorant\u00f3w Uniwersytetu w Bia\u0142ymstoku finansowany z bud\u017cetu Rady Uczelnianej Samorz\u0105du Doktorant\u00f3w&hellip;\" \/>\n<meta property=\"og:url\" content=\"https:\/\/szkolydoktorskie.uwb.edu.pl\/ns\/aplauz-konkurs-rusd\/\" \/>\n<meta property=\"og:site_name\" content=\"Szko\u0142a Doktorska Nauk Spo\u0142ecznych UwB\" \/>\n<meta property=\"article:modified_time\" content=\"2024-01-29T09:19:48+00:00\" \/>\n<meta name=\"twitter:card\" content=\"summary_large_image\" \/>\n<meta name=\"twitter:label1\" content=\"Szacowany czas czytania\" \/>\n\t<meta name=\"twitter:data1\" content=\"2 minuty\" \/>\n<script type=\"application\/ld+json\" class=\"yoast-schema-graph\">{\"@context\":\"https:\\\/\\\/schema.org\",\"@graph\":[{\"@type\":\"WebPage\",\"@id\":\"https:\\\/\\\/szkolydoktorskie.uwb.edu.pl\\\/ns\\\/aplauz-konkurs-rusd\\\/\",\"url\":\"https:\\\/\\\/szkolydoktorskie.uwb.edu.pl\\\/ns\\\/aplauz-konkurs-rusd\\\/\",\"name\":\"APLAUZ-konkurs RUSD - Szko\u0142a Doktorska Nauk Spo\u0142ecznych UwB\",\"isPartOf\":{\"@id\":\"https:\\\/\\\/szkolydoktorskie.uwb.edu.pl\\\/ns\\\/#website\"},\"datePublished\":\"2023-04-06T09:29:45+00:00\",\"dateModified\":\"2024-01-29T09:19:48+00:00\",\"breadcrumb\":{\"@id\":\"https:\\\/\\\/szkolydoktorskie.uwb.edu.pl\\\/ns\\\/aplauz-konkurs-rusd\\\/#breadcrumb\"},\"inLanguage\":\"pl-PL\",\"potentialAction\":[{\"@type\":\"ReadAction\",\"target\":[\"https:\\\/\\\/szkolydoktorskie.uwb.edu.pl\\\/ns\\\/aplauz-konkurs-rusd\\\/\"]}]},{\"@type\":\"BreadcrumbList\",\"@id\":\"https:\\\/\\\/szkolydoktorskie.uwb.edu.pl\\\/ns\\\/aplauz-konkurs-rusd\\\/#breadcrumb\",\"itemListElement\":[{\"@type\":\"ListItem\",\"position\":1,\"name\":\"Strona g\u0142\u00f3wna\",\"item\":\"https:\\\/\\\/szkolydoktorskie.uwb.edu.pl\\\/ns\\\/\"},{\"@type\":\"ListItem\",\"position\":2,\"name\":\"APLAUZ-konkurs RUSD\"}]},{\"@type\":\"WebSite\",\"@id\":\"https:\\\/\\\/szkolydoktorskie.uwb.edu.pl\\\/ns\\\/#website\",\"url\":\"https:\\\/\\\/szkolydoktorskie.uwb.edu.pl\\\/ns\\\/\",\"name\":\"Szko\u0142a Doktorska Nauk Spo\u0142ecznych UwB\",\"description\":\"Szko\u0142a Doktorska Nauk Spo\u0142ecznych UwB\",\"publisher\":{\"@id\":\"https:\\\/\\\/szkolydoktorskie.uwb.edu.pl\\\/ns\\\/#organization\"},\"potentialAction\":[{\"@type\":\"SearchAction\",\"target\":{\"@type\":\"EntryPoint\",\"urlTemplate\":\"https:\\\/\\\/szkolydoktorskie.uwb.edu.pl\\\/ns\\\/?s={search_term_string}\"},\"query-input\":{\"@type\":\"PropertyValueSpecification\",\"valueRequired\":true,\"valueName\":\"search_term_string\"}}],\"inLanguage\":\"pl-PL\"},{\"@type\":\"Organization\",\"@id\":\"https:\\\/\\\/szkolydoktorskie.uwb.edu.pl\\\/ns\\\/#organization\",\"name\":\"Szko\u0142a Doktorska Nauk Spo\u0142ecznych UwB\",\"url\":\"https:\\\/\\\/szkolydoktorskie.uwb.edu.pl\\\/ns\\\/\",\"logo\":{\"@type\":\"ImageObject\",\"inLanguage\":\"pl-PL\",\"@id\":\"https:\\\/\\\/szkolydoktorskie.uwb.edu.pl\\\/ns\\\/#\\\/schema\\\/logo\\\/image\\\/\",\"url\":\"https:\\\/\\\/szkolydoktorskie.uwb.edu.pl\\\/ns\\\/wp-content\\\/uploads\\\/sites\\\/2\\\/2021\\\/04\\\/cropped-NS-LOGO.png\",\"contentUrl\":\"https:\\\/\\\/szkolydoktorskie.uwb.edu.pl\\\/ns\\\/wp-content\\\/uploads\\\/sites\\\/2\\\/2021\\\/04\\\/cropped-NS-LOGO.png\",\"width\":705,\"height\":188,\"caption\":\"Szko\u0142a Doktorska Nauk Spo\u0142ecznych UwB\"},\"image\":{\"@id\":\"https:\\\/\\\/szkolydoktorskie.uwb.edu.pl\\\/ns\\\/#\\\/schema\\\/logo\\\/image\\\/\"}}]}<\/script>\n<!-- \/ Yoast SEO plugin. -->","yoast_head_json":{"title":"APLAUZ-konkurs RUSD - Szko\u0142a Doktorska Nauk Spo\u0142ecznych UwB","robots":{"index":"index","follow":"follow","max-snippet":"max-snippet:-1","max-image-preview":"max-image-preview:large","max-video-preview":"max-video-preview:-1"},"canonical":"https:\/\/szkolydoktorskie.uwb.edu.pl\/ns\/aplauz-konkurs-rusd\/","og_locale":"pl_PL","og_type":"article","og_title":"APLAUZ-konkurs RUSD - Szko\u0142a Doktorska Nauk Spo\u0142ecznych UwB","og_description":"APLAUZ konkurs na dofinansowanie dzia\u0142alno\u015bci doktorant\u00f3w ze \u015brodk\u00f3w RUSD UwB Czym jest APLAUZ? Jest to konkurs na dofinansowanie dzia\u0142alno\u015bci&nbsp; Doktorant\u00f3w Uniwersytetu w Bia\u0142ymstoku finansowany z bud\u017cetu Rady Uczelnianej Samorz\u0105du Doktorant\u00f3w&hellip;","og_url":"https:\/\/szkolydoktorskie.uwb.edu.pl\/ns\/aplauz-konkurs-rusd\/","og_site_name":"Szko\u0142a Doktorska Nauk Spo\u0142ecznych UwB","article_modified_time":"2024-01-29T09:19:48+00:00","twitter_card":"summary_large_image","twitter_misc":{"Szacowany czas czytania":"2 minuty"},"schema":{"@context":"https:\/\/schema.org","@graph":[{"@type":"WebPage","@id":"https:\/\/szkolydoktorskie.uwb.edu.pl\/ns\/aplauz-konkurs-rusd\/","url":"https:\/\/szkolydoktorskie.uwb.edu.pl\/ns\/aplauz-konkurs-rusd\/","name":"APLAUZ-konkurs RUSD - Szko\u0142a Doktorska Nauk Spo\u0142ecznych UwB","isPartOf":{"@id":"https:\/\/szkolydoktorskie.uwb.edu.pl\/ns\/#website"},"datePublished":"2023-04-06T09:29:45+00:00","dateModified":"2024-01-29T09:19:48+00:00","breadcrumb":{"@id":"https:\/\/szkolydoktorskie.uwb.edu.pl\/ns\/aplauz-konkurs-rusd\/#breadcrumb"},"inLanguage":"pl-PL","potentialAction":[{"@type":"ReadAction","target":["https:\/\/szkolydoktorskie.uwb.edu.pl\/ns\/aplauz-konkurs-rusd\/"]}]},{"@type":"BreadcrumbList","@id":"https:\/\/szkolydoktorskie.uwb.edu.pl\/ns\/aplauz-konkurs-rusd\/#breadcrumb","itemListElement":[{"@type":"ListItem","position":1,"name":"Strona g\u0142\u00f3wna","item":"https:\/\/szkolydoktorskie.uwb.edu.pl\/ns\/"},{"@type":"ListItem","position":2,"name":"APLAUZ-konkurs RUSD"}]},{"@type":"WebSite","@id":"https:\/\/szkolydoktorskie.uwb.edu.pl\/ns\/#website","url":"https:\/\/szkolydoktorskie.uwb.edu.pl\/ns\/","name":"Szko\u0142a Doktorska Nauk Spo\u0142ecznych UwB","description":"Szko\u0142a Doktorska Nauk Spo\u0142ecznych UwB","publisher":{"@id":"https:\/\/szkolydoktorskie.uwb.edu.pl\/ns\/#organization"},"potentialAction":[{"@type":"SearchAction","target":{"@type":"EntryPoint","urlTemplate":"https:\/\/szkolydoktorskie.uwb.edu.pl\/ns\/?s={search_term_string}"},"query-input":{"@type":"PropertyValueSpecification","valueRequired":true,"valueName":"search_term_string"}}],"inLanguage":"pl-PL"},{"@type":"Organization","@id":"https:\/\/szkolydoktorskie.uwb.edu.pl\/ns\/#organization","name":"Szko\u0142a Doktorska Nauk Spo\u0142ecznych UwB","url":"https:\/\/szkolydoktorskie.uwb.edu.pl\/ns\/","logo":{"@type":"ImageObject","inLanguage":"pl-PL","@id":"https:\/\/szkolydoktorskie.uwb.edu.pl\/ns\/#\/schema\/logo\/image\/","url":"https:\/\/szkolydoktorskie.uwb.edu.pl\/ns\/wp-content\/uploads\/sites\/2\/2021\/04\/cropped-NS-LOGO.png","contentUrl":"https:\/\/szkolydoktorskie.uwb.edu.pl\/ns\/wp-content\/uploads\/sites\/2\/2021\/04\/cropped-NS-LOGO.png","width":705,"height":188,"caption":"Szko\u0142a Doktorska Nauk Spo\u0142ecznych UwB"},"image":{"@id":"https:\/\/szkolydoktorskie.uwb.edu.pl\/ns\/#\/schema\/logo\/image\/"}}]}},"_links":{"self":[{"href":"https:\/\/szkolydoktorskie.uwb.edu.pl\/ns\/wp-json\/wp\/v2\/pages\/1793","targetHints":{"allow":["GET"]}}],"collection":[{"href":"https:\/\/szkolydoktorskie.uwb.edu.pl\/ns\/wp-json\/wp\/v2\/pages"}],"about":[{"href":"https:\/\/szkolydoktorskie.uwb.edu.pl\/ns\/wp-json\/wp\/v2\/types\/page"}],"author":[{"embeddable":true,"href":"https:\/\/szkolydoktorskie.uwb.edu.pl\/ns\/wp-json\/wp\/v2\/users\/7"}],"replies":[{"embeddable":true,"href":"https:\/\/szkolydoktorskie.uwb.edu.pl\/ns\/wp-json\/wp\/v2\/comments?post=1793"}],"version-history":[{"count":3,"href":"https:\/\/szkolydoktorskie.uwb.edu.pl\/ns\/wp-json\/wp\/v2\/pages\/1793\/revisions"}],"predecessor-version":[{"id":2290,"href":"https:\/\/szkolydoktorskie.uwb.edu.pl\/ns\/wp-json\/wp\/v2\/pages\/1793\/revisions\/2290"}],"wp:attachment":[{"href":"https:\/\/szkolydoktorskie.uwb.edu.pl\/ns\/wp-json\/wp\/v2\/media?parent=1793"}],"curies":[{"name":"wp","href":"https:\/\/api.w.org\/{rel}","templated":true}]}}