{"id":1787,"date":"2023-04-06T11:27:51","date_gmt":"2023-04-06T09:27:51","guid":{"rendered":"https:\/\/szkolydoktorskie.uwb.edu.pl\/ns\/?page_id=1787"},"modified":"2023-12-15T09:23:07","modified_gmt":"2023-12-15T08:23:07","slug":"rzecznik-praw-doktoranta","status":"publish","type":"page","link":"https:\/\/szkolydoktorskie.uwb.edu.pl\/ns\/rzecznik-praw-doktoranta\/","title":{"rendered":"Rzecznik Praw Doktoranta"},"content":{"rendered":"\n<p class=\"has-cyan-bluish-gray-background-color has-background has-medium-font-size\"><strong>Rzecznik Praw Doktoranta<\/strong><\/p>\n\n\n\n<p>Rzecznik Praw Doktoranta UwB, stoi na stra\u017cy praw doktoranta wynikaj\u0105cych z akt\u00f3w prawa powszechnie obowi\u0105zuj\u0105cego oraz akt\u00f3w prawa zak\u0142adowego w sprawach dotycz\u0105cych ochrony praw doktoranta. Rzecznik bada, czy wskutek dzia\u0142ania lub zaniechania organ\u00f3w, organizacji lub instytucji, zobowi\u0105zanych do przestrzegania i realizacji tych praw, nie nast\u0105pi\u0142o naruszenie prawa, a tak\u017ce zasad wsp\u00f3\u0142\u017cycia i sprawiedliwo\u015bci spo\u0142ecznej. Rzecznik ma prawo wyst\u0119powania za zgod\u0105 zainteresowanego w jego imieniu wobec w\u0142adz podmiotu prowadz\u0105cego studia doktoranckie lub szko\u0142\u0119 doktorsk\u0105. Dzia\u0142ania Rzecznika dzia\u0142a maj\u0105 na celu, w szczeg\u00f3lno\u015bci: udzielanie doktorantom wsparcia prawnego z zakresu ustawy o szkolnictwie wy\u017cszym i nauce; podejmowanie mediacji i dzia\u0142a\u0144 wyja\u015bniaj\u0105cych w sprawach indywidualnych; analizowanie, monitorowanie i wspieranie przestrzegania praw doktoranta na Uniwersytecie w Bia\u0142ymstoku.<\/p>\n\n\n\n<p><strong>Link do strony Rzecznik Praw Doktoranta<\/strong>: <a href=\"https:\/\/www.facebook.com\/RPDUWB\">https:\/\/www.facebook.com\/RPDUWB<\/a><\/p>\n\n\n\n<p><strong>Rzecznik Praw Doktoranta UwB kadencji 2023\/2024<\/strong><\/p>\n\n\n\n<p>mgr \u0141ukasz So\u0142owiej <em>(Szko\u0142a Doktorska Nauk Spo\u0142ecznych)<\/em><\/p>\n\n\n\n<p><a href=\"mailto:a.lewandowska@uwb.edu.pl\">l.solowiej@uwb.edu.pl<\/a><\/p>\n","protected":false},"excerpt":{"rendered":"<p>Rzecznik Praw Doktoranta Rzecznik Praw Doktoranta UwB, stoi na stra\u017cy praw doktoranta wynikaj\u0105cych z akt\u00f3w prawa powszechnie obowi\u0105zuj\u0105cego oraz akt\u00f3w prawa zak\u0142adowego w sprawach dotycz\u0105cych ochrony praw doktoranta. Rzecznik bada,&hellip;<\/p>\n","protected":false},"author":7,"featured_media":0,"parent":0,"menu_order":0,"comment_status":"closed","ping_status":"closed","template":"","meta":{"footnotes":""},"class_list":["post-1787","page","type-page","status-publish","hentry"],"yoast_head":"<!-- This site is optimized with the Yoast SEO plugin v27.3 - https:\/\/yoast.com\/product\/yoast-seo-wordpress\/ -->\n<title>Rzecznik Praw Doktoranta - Szko\u0142a Doktorska Nauk Spo\u0142ecznych UwB<\/title>\n<meta name=\"robots\" content=\"index, follow, max-snippet:-1, max-image-preview:large, max-video-preview:-1\" \/>\n<link rel=\"canonical\" href=\"https:\/\/szkolydoktorskie.uwb.edu.pl\/ns\/rzecznik-praw-doktoranta\/\" \/>\n<meta property=\"og:locale\" content=\"pl_PL\" \/>\n<meta property=\"og:type\" content=\"article\" \/>\n<meta property=\"og:title\" content=\"Rzecznik Praw Doktoranta - Szko\u0142a Doktorska Nauk Spo\u0142ecznych UwB\" \/>\n<meta property=\"og:description\" content=\"Rzecznik Praw Doktoranta Rzecznik Praw Doktoranta UwB, stoi na stra\u017cy praw doktoranta wynikaj\u0105cych z akt\u00f3w prawa powszechnie obowi\u0105zuj\u0105cego oraz akt\u00f3w prawa zak\u0142adowego w sprawach dotycz\u0105cych ochrony praw doktoranta. Rzecznik bada,&hellip;\" \/>\n<meta property=\"og:url\" content=\"https:\/\/szkolydoktorskie.uwb.edu.pl\/ns\/rzecznik-praw-doktoranta\/\" \/>\n<meta property=\"og:site_name\" content=\"Szko\u0142a Doktorska Nauk Spo\u0142ecznych UwB\" \/>\n<meta property=\"article:modified_time\" content=\"2023-12-15T08:23:07+00:00\" \/>\n<meta name=\"twitter:card\" content=\"summary_large_image\" \/>\n<meta name=\"twitter:label1\" content=\"Szacowany czas czytania\" \/>\n\t<meta name=\"twitter:data1\" content=\"1 minuta\" \/>\n<script type=\"application\/ld+json\" class=\"yoast-schema-graph\">{\"@context\":\"https:\\\/\\\/schema.org\",\"@graph\":[{\"@type\":\"WebPage\",\"@id\":\"https:\\\/\\\/szkolydoktorskie.uwb.edu.pl\\\/ns\\\/rzecznik-praw-doktoranta\\\/\",\"url\":\"https:\\\/\\\/szkolydoktorskie.uwb.edu.pl\\\/ns\\\/rzecznik-praw-doktoranta\\\/\",\"name\":\"Rzecznik Praw Doktoranta - Szko\u0142a Doktorska Nauk Spo\u0142ecznych UwB\",\"isPartOf\":{\"@id\":\"https:\\\/\\\/szkolydoktorskie.uwb.edu.pl\\\/ns\\\/#website\"},\"datePublished\":\"2023-04-06T09:27:51+00:00\",\"dateModified\":\"2023-12-15T08:23:07+00:00\",\"breadcrumb\":{\"@id\":\"https:\\\/\\\/szkolydoktorskie.uwb.edu.pl\\\/ns\\\/rzecznik-praw-doktoranta\\\/#breadcrumb\"},\"inLanguage\":\"pl-PL\",\"potentialAction\":[{\"@type\":\"ReadAction\",\"target\":[\"https:\\\/\\\/szkolydoktorskie.uwb.edu.pl\\\/ns\\\/rzecznik-praw-doktoranta\\\/\"]}]},{\"@type\":\"BreadcrumbList\",\"@id\":\"https:\\\/\\\/szkolydoktorskie.uwb.edu.pl\\\/ns\\\/rzecznik-praw-doktoranta\\\/#breadcrumb\",\"itemListElement\":[{\"@type\":\"ListItem\",\"position\":1,\"name\":\"Strona g\u0142\u00f3wna\",\"item\":\"https:\\\/\\\/szkolydoktorskie.uwb.edu.pl\\\/ns\\\/\"},{\"@type\":\"ListItem\",\"position\":2,\"name\":\"Rzecznik Praw Doktoranta\"}]},{\"@type\":\"WebSite\",\"@id\":\"https:\\\/\\\/szkolydoktorskie.uwb.edu.pl\\\/ns\\\/#website\",\"url\":\"https:\\\/\\\/szkolydoktorskie.uwb.edu.pl\\\/ns\\\/\",\"name\":\"Szko\u0142a Doktorska Nauk Spo\u0142ecznych UwB\",\"description\":\"Szko\u0142a Doktorska Nauk Spo\u0142ecznych UwB\",\"publisher\":{\"@id\":\"https:\\\/\\\/szkolydoktorskie.uwb.edu.pl\\\/ns\\\/#organization\"},\"potentialAction\":[{\"@type\":\"SearchAction\",\"target\":{\"@type\":\"EntryPoint\",\"urlTemplate\":\"https:\\\/\\\/szkolydoktorskie.uwb.edu.pl\\\/ns\\\/?s={search_term_string}\"},\"query-input\":{\"@type\":\"PropertyValueSpecification\",\"valueRequired\":true,\"valueName\":\"search_term_string\"}}],\"inLanguage\":\"pl-PL\"},{\"@type\":\"Organization\",\"@id\":\"https:\\\/\\\/szkolydoktorskie.uwb.edu.pl\\\/ns\\\/#organization\",\"name\":\"Szko\u0142a Doktorska Nauk Spo\u0142ecznych UwB\",\"url\":\"https:\\\/\\\/szkolydoktorskie.uwb.edu.pl\\\/ns\\\/\",\"logo\":{\"@type\":\"ImageObject\",\"inLanguage\":\"pl-PL\",\"@id\":\"https:\\\/\\\/szkolydoktorskie.uwb.edu.pl\\\/ns\\\/#\\\/schema\\\/logo\\\/image\\\/\",\"url\":\"https:\\\/\\\/szkolydoktorskie.uwb.edu.pl\\\/ns\\\/wp-content\\\/uploads\\\/sites\\\/2\\\/2021\\\/04\\\/cropped-NS-LOGO.png\",\"contentUrl\":\"https:\\\/\\\/szkolydoktorskie.uwb.edu.pl\\\/ns\\\/wp-content\\\/uploads\\\/sites\\\/2\\\/2021\\\/04\\\/cropped-NS-LOGO.png\",\"width\":705,\"height\":188,\"caption\":\"Szko\u0142a Doktorska Nauk Spo\u0142ecznych UwB\"},\"image\":{\"@id\":\"https:\\\/\\\/szkolydoktorskie.uwb.edu.pl\\\/ns\\\/#\\\/schema\\\/logo\\\/image\\\/\"}}]}<\/script>\n<!-- \/ Yoast SEO plugin. -->","yoast_head_json":{"title":"Rzecznik Praw Doktoranta - Szko\u0142a Doktorska Nauk Spo\u0142ecznych UwB","robots":{"index":"index","follow":"follow","max-snippet":"max-snippet:-1","max-image-preview":"max-image-preview:large","max-video-preview":"max-video-preview:-1"},"canonical":"https:\/\/szkolydoktorskie.uwb.edu.pl\/ns\/rzecznik-praw-doktoranta\/","og_locale":"pl_PL","og_type":"article","og_title":"Rzecznik Praw Doktoranta - Szko\u0142a Doktorska Nauk Spo\u0142ecznych UwB","og_description":"Rzecznik Praw Doktoranta Rzecznik Praw Doktoranta UwB, stoi na stra\u017cy praw doktoranta wynikaj\u0105cych z akt\u00f3w prawa powszechnie obowi\u0105zuj\u0105cego oraz akt\u00f3w prawa zak\u0142adowego w sprawach dotycz\u0105cych ochrony praw doktoranta. Rzecznik bada,&hellip;","og_url":"https:\/\/szkolydoktorskie.uwb.edu.pl\/ns\/rzecznik-praw-doktoranta\/","og_site_name":"Szko\u0142a Doktorska Nauk Spo\u0142ecznych UwB","article_modified_time":"2023-12-15T08:23:07+00:00","twitter_card":"summary_large_image","twitter_misc":{"Szacowany czas czytania":"1 minuta"},"schema":{"@context":"https:\/\/schema.org","@graph":[{"@type":"WebPage","@id":"https:\/\/szkolydoktorskie.uwb.edu.pl\/ns\/rzecznik-praw-doktoranta\/","url":"https:\/\/szkolydoktorskie.uwb.edu.pl\/ns\/rzecznik-praw-doktoranta\/","name":"Rzecznik Praw Doktoranta - Szko\u0142a Doktorska Nauk Spo\u0142ecznych UwB","isPartOf":{"@id":"https:\/\/szkolydoktorskie.uwb.edu.pl\/ns\/#website"},"datePublished":"2023-04-06T09:27:51+00:00","dateModified":"2023-12-15T08:23:07+00:00","breadcrumb":{"@id":"https:\/\/szkolydoktorskie.uwb.edu.pl\/ns\/rzecznik-praw-doktoranta\/#breadcrumb"},"inLanguage":"pl-PL","potentialAction":[{"@type":"ReadAction","target":["https:\/\/szkolydoktorskie.uwb.edu.pl\/ns\/rzecznik-praw-doktoranta\/"]}]},{"@type":"BreadcrumbList","@id":"https:\/\/szkolydoktorskie.uwb.edu.pl\/ns\/rzecznik-praw-doktoranta\/#breadcrumb","itemListElement":[{"@type":"ListItem","position":1,"name":"Strona g\u0142\u00f3wna","item":"https:\/\/szkolydoktorskie.uwb.edu.pl\/ns\/"},{"@type":"ListItem","position":2,"name":"Rzecznik Praw Doktoranta"}]},{"@type":"WebSite","@id":"https:\/\/szkolydoktorskie.uwb.edu.pl\/ns\/#website","url":"https:\/\/szkolydoktorskie.uwb.edu.pl\/ns\/","name":"Szko\u0142a Doktorska Nauk Spo\u0142ecznych UwB","description":"Szko\u0142a Doktorska Nauk Spo\u0142ecznych UwB","publisher":{"@id":"https:\/\/szkolydoktorskie.uwb.edu.pl\/ns\/#organization"},"potentialAction":[{"@type":"SearchAction","target":{"@type":"EntryPoint","urlTemplate":"https:\/\/szkolydoktorskie.uwb.edu.pl\/ns\/?s={search_term_string}"},"query-input":{"@type":"PropertyValueSpecification","valueRequired":true,"valueName":"search_term_string"}}],"inLanguage":"pl-PL"},{"@type":"Organization","@id":"https:\/\/szkolydoktorskie.uwb.edu.pl\/ns\/#organization","name":"Szko\u0142a Doktorska Nauk Spo\u0142ecznych UwB","url":"https:\/\/szkolydoktorskie.uwb.edu.pl\/ns\/","logo":{"@type":"ImageObject","inLanguage":"pl-PL","@id":"https:\/\/szkolydoktorskie.uwb.edu.pl\/ns\/#\/schema\/logo\/image\/","url":"https:\/\/szkolydoktorskie.uwb.edu.pl\/ns\/wp-content\/uploads\/sites\/2\/2021\/04\/cropped-NS-LOGO.png","contentUrl":"https:\/\/szkolydoktorskie.uwb.edu.pl\/ns\/wp-content\/uploads\/sites\/2\/2021\/04\/cropped-NS-LOGO.png","width":705,"height":188,"caption":"Szko\u0142a Doktorska Nauk Spo\u0142ecznych UwB"},"image":{"@id":"https:\/\/szkolydoktorskie.uwb.edu.pl\/ns\/#\/schema\/logo\/image\/"}}]}},"_links":{"self":[{"href":"https:\/\/szkolydoktorskie.uwb.edu.pl\/ns\/wp-json\/wp\/v2\/pages\/1787","targetHints":{"allow":["GET"]}}],"collection":[{"href":"https:\/\/szkolydoktorskie.uwb.edu.pl\/ns\/wp-json\/wp\/v2\/pages"}],"about":[{"href":"https:\/\/szkolydoktorskie.uwb.edu.pl\/ns\/wp-json\/wp\/v2\/types\/page"}],"author":[{"embeddable":true,"href":"https:\/\/szkolydoktorskie.uwb.edu.pl\/ns\/wp-json\/wp\/v2\/users\/7"}],"replies":[{"embeddable":true,"href":"https:\/\/szkolydoktorskie.uwb.edu.pl\/ns\/wp-json\/wp\/v2\/comments?post=1787"}],"version-history":[{"count":3,"href":"https:\/\/szkolydoktorskie.uwb.edu.pl\/ns\/wp-json\/wp\/v2\/pages\/1787\/revisions"}],"predecessor-version":[{"id":2241,"href":"https:\/\/szkolydoktorskie.uwb.edu.pl\/ns\/wp-json\/wp\/v2\/pages\/1787\/revisions\/2241"}],"wp:attachment":[{"href":"https:\/\/szkolydoktorskie.uwb.edu.pl\/ns\/wp-json\/wp\/v2\/media?parent=1787"}],"curies":[{"name":"wp","href":"https:\/\/api.w.org\/{rel}","templated":true}]}}