{"id":1766,"date":"2023-04-06T11:11:18","date_gmt":"2023-04-06T09:11:18","guid":{"rendered":"https:\/\/szkolydoktorskie.uwb.edu.pl\/ns\/?page_id=1766"},"modified":"2023-12-15T09:20:31","modified_gmt":"2023-12-15T08:20:31","slug":"organy-dzialajace-przy-rusd","status":"publish","type":"page","link":"https:\/\/szkolydoktorskie.uwb.edu.pl\/ns\/organy-dzialajace-przy-rusd\/","title":{"rendered":"Organy dzia\u0142aj\u0105ce przy RUSD"},"content":{"rendered":"\n<p class=\"has-pale-cyan-blue-background-color has-background\" style=\"font-size:18px\"><strong>Organy dzia\u0142aj\u0105ce przy Radzie Uczelnianej Samorz\u0105du Doktorant\u00f3w<\/strong><\/p>\n\n\n\n<p>Przy Radzie Uczelnianej Samorz\u0105du Doktorant\u00f3w od 2020 roku dzia\u0142aj\u0105 trzy komisje. Komisja Wyborcza, ds. Nauki i Komisja ds. Kultury i Promocji.<\/p>\n\n\n\n<p><strong>Komisja Wyborcza<\/strong> przeprowadza wybory we wszystkich jednostkach samorz\u0105du i dba o ich prawid\u0142owy przebieg a tak\u017ce stwierdza wa\u017cno\u015b\u0107 wybor\u00f3w.<\/p>\n\n\n\n<p><strong>Komisja ds. Nauki<\/strong> analizuje obowi\u0105zuj\u0105ce przepisy, rekonstruuje regulaminy, opracowuje zasady w przydzielaniu dofinansowa\u0144, opiniuje wnioski o przyznanie dofinansowa\u0144 na dzia\u0142alno\u015bci naukowe.<\/p>\n\n\n\n<p><strong>Komisja ds. Kultury i Promocji<\/strong> zajmuje si\u0119 organizacj\u0105 wydarze\u0144 kulturalnych w ramach samorz\u0105du, promuje konkursy o dofinansowania naukowe, promuje samorz\u0105d, sporz\u0105dza ankiety na temat jako\u015bci kszta\u0142cenia, dba o zapewnianie doktorantom wszystkich potrzebnych zasob\u00f3w.<\/p>\n\n\n\n<p><strong>Przewodnicz\u0105cy ww. Komisji:<\/strong><\/p>\n\n\n\n<p><strong>mgr Dorota Haponiuk<\/strong>&#8211; Komisja Wyborcza<\/p>\n\n\n\n<p><strong>mgr Dariusz Kiejza<\/strong>&#8211; Komisja ds. Nauki<\/p>\n\n\n\n<p><strong>mgr Patrycja Wilczewska<\/strong>&#8211; Komisja ds. Kultury i Promocji<\/p>\n","protected":false},"excerpt":{"rendered":"<p>Organy dzia\u0142aj\u0105ce przy Radzie Uczelnianej Samorz\u0105du Doktorant\u00f3w Przy Radzie Uczelnianej Samorz\u0105du Doktorant\u00f3w od 2020 roku dzia\u0142aj\u0105 trzy komisje. Komisja Wyborcza, ds. Nauki i Komisja ds. Kultury i Promocji. Komisja Wyborcza&hellip;<\/p>\n","protected":false},"author":7,"featured_media":0,"parent":0,"menu_order":0,"comment_status":"closed","ping_status":"closed","template":"","meta":{"footnotes":""},"class_list":["post-1766","page","type-page","status-publish","hentry"],"yoast_head":"<!-- This site is optimized with the Yoast SEO plugin v27.3 - https:\/\/yoast.com\/product\/yoast-seo-wordpress\/ -->\n<title>Organy dzia\u0142aj\u0105ce przy RUSD - Szko\u0142a Doktorska Nauk Spo\u0142ecznych UwB<\/title>\n<meta name=\"robots\" content=\"index, follow, max-snippet:-1, max-image-preview:large, max-video-preview:-1\" \/>\n<link rel=\"canonical\" href=\"https:\/\/szkolydoktorskie.uwb.edu.pl\/ns\/organy-dzialajace-przy-rusd\/\" \/>\n<meta property=\"og:locale\" content=\"pl_PL\" \/>\n<meta property=\"og:type\" content=\"article\" \/>\n<meta property=\"og:title\" content=\"Organy dzia\u0142aj\u0105ce przy RUSD - Szko\u0142a Doktorska Nauk Spo\u0142ecznych UwB\" \/>\n<meta property=\"og:description\" content=\"Organy dzia\u0142aj\u0105ce przy Radzie Uczelnianej Samorz\u0105du Doktorant\u00f3w Przy Radzie Uczelnianej Samorz\u0105du Doktorant\u00f3w od 2020 roku dzia\u0142aj\u0105 trzy komisje. Komisja Wyborcza, ds. Nauki i Komisja ds. Kultury i Promocji. Komisja Wyborcza&hellip;\" \/>\n<meta property=\"og:url\" content=\"https:\/\/szkolydoktorskie.uwb.edu.pl\/ns\/organy-dzialajace-przy-rusd\/\" \/>\n<meta property=\"og:site_name\" content=\"Szko\u0142a Doktorska Nauk Spo\u0142ecznych UwB\" \/>\n<meta property=\"article:modified_time\" content=\"2023-12-15T08:20:31+00:00\" \/>\n<meta name=\"twitter:card\" content=\"summary_large_image\" \/>\n<meta name=\"twitter:label1\" content=\"Szacowany czas czytania\" \/>\n\t<meta name=\"twitter:data1\" content=\"1 minuta\" \/>\n<script type=\"application\/ld+json\" class=\"yoast-schema-graph\">{\"@context\":\"https:\\\/\\\/schema.org\",\"@graph\":[{\"@type\":\"WebPage\",\"@id\":\"https:\\\/\\\/szkolydoktorskie.uwb.edu.pl\\\/ns\\\/organy-dzialajace-przy-rusd\\\/\",\"url\":\"https:\\\/\\\/szkolydoktorskie.uwb.edu.pl\\\/ns\\\/organy-dzialajace-przy-rusd\\\/\",\"name\":\"Organy dzia\u0142aj\u0105ce przy RUSD - Szko\u0142a Doktorska Nauk Spo\u0142ecznych UwB\",\"isPartOf\":{\"@id\":\"https:\\\/\\\/szkolydoktorskie.uwb.edu.pl\\\/ns\\\/#website\"},\"datePublished\":\"2023-04-06T09:11:18+00:00\",\"dateModified\":\"2023-12-15T08:20:31+00:00\",\"breadcrumb\":{\"@id\":\"https:\\\/\\\/szkolydoktorskie.uwb.edu.pl\\\/ns\\\/organy-dzialajace-przy-rusd\\\/#breadcrumb\"},\"inLanguage\":\"pl-PL\",\"potentialAction\":[{\"@type\":\"ReadAction\",\"target\":[\"https:\\\/\\\/szkolydoktorskie.uwb.edu.pl\\\/ns\\\/organy-dzialajace-przy-rusd\\\/\"]}]},{\"@type\":\"BreadcrumbList\",\"@id\":\"https:\\\/\\\/szkolydoktorskie.uwb.edu.pl\\\/ns\\\/organy-dzialajace-przy-rusd\\\/#breadcrumb\",\"itemListElement\":[{\"@type\":\"ListItem\",\"position\":1,\"name\":\"Strona g\u0142\u00f3wna\",\"item\":\"https:\\\/\\\/szkolydoktorskie.uwb.edu.pl\\\/ns\\\/\"},{\"@type\":\"ListItem\",\"position\":2,\"name\":\"Organy dzia\u0142aj\u0105ce przy RUSD\"}]},{\"@type\":\"WebSite\",\"@id\":\"https:\\\/\\\/szkolydoktorskie.uwb.edu.pl\\\/ns\\\/#website\",\"url\":\"https:\\\/\\\/szkolydoktorskie.uwb.edu.pl\\\/ns\\\/\",\"name\":\"Szko\u0142a Doktorska Nauk Spo\u0142ecznych UwB\",\"description\":\"Szko\u0142a Doktorska Nauk Spo\u0142ecznych UwB\",\"publisher\":{\"@id\":\"https:\\\/\\\/szkolydoktorskie.uwb.edu.pl\\\/ns\\\/#organization\"},\"potentialAction\":[{\"@type\":\"SearchAction\",\"target\":{\"@type\":\"EntryPoint\",\"urlTemplate\":\"https:\\\/\\\/szkolydoktorskie.uwb.edu.pl\\\/ns\\\/?s={search_term_string}\"},\"query-input\":{\"@type\":\"PropertyValueSpecification\",\"valueRequired\":true,\"valueName\":\"search_term_string\"}}],\"inLanguage\":\"pl-PL\"},{\"@type\":\"Organization\",\"@id\":\"https:\\\/\\\/szkolydoktorskie.uwb.edu.pl\\\/ns\\\/#organization\",\"name\":\"Szko\u0142a Doktorska Nauk Spo\u0142ecznych UwB\",\"url\":\"https:\\\/\\\/szkolydoktorskie.uwb.edu.pl\\\/ns\\\/\",\"logo\":{\"@type\":\"ImageObject\",\"inLanguage\":\"pl-PL\",\"@id\":\"https:\\\/\\\/szkolydoktorskie.uwb.edu.pl\\\/ns\\\/#\\\/schema\\\/logo\\\/image\\\/\",\"url\":\"https:\\\/\\\/szkolydoktorskie.uwb.edu.pl\\\/ns\\\/wp-content\\\/uploads\\\/sites\\\/2\\\/2021\\\/04\\\/cropped-NS-LOGO.png\",\"contentUrl\":\"https:\\\/\\\/szkolydoktorskie.uwb.edu.pl\\\/ns\\\/wp-content\\\/uploads\\\/sites\\\/2\\\/2021\\\/04\\\/cropped-NS-LOGO.png\",\"width\":705,\"height\":188,\"caption\":\"Szko\u0142a Doktorska Nauk Spo\u0142ecznych UwB\"},\"image\":{\"@id\":\"https:\\\/\\\/szkolydoktorskie.uwb.edu.pl\\\/ns\\\/#\\\/schema\\\/logo\\\/image\\\/\"}}]}<\/script>\n<!-- \/ Yoast SEO plugin. -->","yoast_head_json":{"title":"Organy dzia\u0142aj\u0105ce przy RUSD - Szko\u0142a Doktorska Nauk Spo\u0142ecznych UwB","robots":{"index":"index","follow":"follow","max-snippet":"max-snippet:-1","max-image-preview":"max-image-preview:large","max-video-preview":"max-video-preview:-1"},"canonical":"https:\/\/szkolydoktorskie.uwb.edu.pl\/ns\/organy-dzialajace-przy-rusd\/","og_locale":"pl_PL","og_type":"article","og_title":"Organy dzia\u0142aj\u0105ce przy RUSD - Szko\u0142a Doktorska Nauk Spo\u0142ecznych UwB","og_description":"Organy dzia\u0142aj\u0105ce przy Radzie Uczelnianej Samorz\u0105du Doktorant\u00f3w Przy Radzie Uczelnianej Samorz\u0105du Doktorant\u00f3w od 2020 roku dzia\u0142aj\u0105 trzy komisje. Komisja Wyborcza, ds. Nauki i Komisja ds. Kultury i Promocji. Komisja Wyborcza&hellip;","og_url":"https:\/\/szkolydoktorskie.uwb.edu.pl\/ns\/organy-dzialajace-przy-rusd\/","og_site_name":"Szko\u0142a Doktorska Nauk Spo\u0142ecznych UwB","article_modified_time":"2023-12-15T08:20:31+00:00","twitter_card":"summary_large_image","twitter_misc":{"Szacowany czas czytania":"1 minuta"},"schema":{"@context":"https:\/\/schema.org","@graph":[{"@type":"WebPage","@id":"https:\/\/szkolydoktorskie.uwb.edu.pl\/ns\/organy-dzialajace-przy-rusd\/","url":"https:\/\/szkolydoktorskie.uwb.edu.pl\/ns\/organy-dzialajace-przy-rusd\/","name":"Organy dzia\u0142aj\u0105ce przy RUSD - Szko\u0142a Doktorska Nauk Spo\u0142ecznych UwB","isPartOf":{"@id":"https:\/\/szkolydoktorskie.uwb.edu.pl\/ns\/#website"},"datePublished":"2023-04-06T09:11:18+00:00","dateModified":"2023-12-15T08:20:31+00:00","breadcrumb":{"@id":"https:\/\/szkolydoktorskie.uwb.edu.pl\/ns\/organy-dzialajace-przy-rusd\/#breadcrumb"},"inLanguage":"pl-PL","potentialAction":[{"@type":"ReadAction","target":["https:\/\/szkolydoktorskie.uwb.edu.pl\/ns\/organy-dzialajace-przy-rusd\/"]}]},{"@type":"BreadcrumbList","@id":"https:\/\/szkolydoktorskie.uwb.edu.pl\/ns\/organy-dzialajace-przy-rusd\/#breadcrumb","itemListElement":[{"@type":"ListItem","position":1,"name":"Strona g\u0142\u00f3wna","item":"https:\/\/szkolydoktorskie.uwb.edu.pl\/ns\/"},{"@type":"ListItem","position":2,"name":"Organy dzia\u0142aj\u0105ce przy RUSD"}]},{"@type":"WebSite","@id":"https:\/\/szkolydoktorskie.uwb.edu.pl\/ns\/#website","url":"https:\/\/szkolydoktorskie.uwb.edu.pl\/ns\/","name":"Szko\u0142a Doktorska Nauk Spo\u0142ecznych UwB","description":"Szko\u0142a Doktorska Nauk Spo\u0142ecznych UwB","publisher":{"@id":"https:\/\/szkolydoktorskie.uwb.edu.pl\/ns\/#organization"},"potentialAction":[{"@type":"SearchAction","target":{"@type":"EntryPoint","urlTemplate":"https:\/\/szkolydoktorskie.uwb.edu.pl\/ns\/?s={search_term_string}"},"query-input":{"@type":"PropertyValueSpecification","valueRequired":true,"valueName":"search_term_string"}}],"inLanguage":"pl-PL"},{"@type":"Organization","@id":"https:\/\/szkolydoktorskie.uwb.edu.pl\/ns\/#organization","name":"Szko\u0142a Doktorska Nauk Spo\u0142ecznych UwB","url":"https:\/\/szkolydoktorskie.uwb.edu.pl\/ns\/","logo":{"@type":"ImageObject","inLanguage":"pl-PL","@id":"https:\/\/szkolydoktorskie.uwb.edu.pl\/ns\/#\/schema\/logo\/image\/","url":"https:\/\/szkolydoktorskie.uwb.edu.pl\/ns\/wp-content\/uploads\/sites\/2\/2021\/04\/cropped-NS-LOGO.png","contentUrl":"https:\/\/szkolydoktorskie.uwb.edu.pl\/ns\/wp-content\/uploads\/sites\/2\/2021\/04\/cropped-NS-LOGO.png","width":705,"height":188,"caption":"Szko\u0142a Doktorska Nauk Spo\u0142ecznych UwB"},"image":{"@id":"https:\/\/szkolydoktorskie.uwb.edu.pl\/ns\/#\/schema\/logo\/image\/"}}]}},"_links":{"self":[{"href":"https:\/\/szkolydoktorskie.uwb.edu.pl\/ns\/wp-json\/wp\/v2\/pages\/1766","targetHints":{"allow":["GET"]}}],"collection":[{"href":"https:\/\/szkolydoktorskie.uwb.edu.pl\/ns\/wp-json\/wp\/v2\/pages"}],"about":[{"href":"https:\/\/szkolydoktorskie.uwb.edu.pl\/ns\/wp-json\/wp\/v2\/types\/page"}],"author":[{"embeddable":true,"href":"https:\/\/szkolydoktorskie.uwb.edu.pl\/ns\/wp-json\/wp\/v2\/users\/7"}],"replies":[{"embeddable":true,"href":"https:\/\/szkolydoktorskie.uwb.edu.pl\/ns\/wp-json\/wp\/v2\/comments?post=1766"}],"version-history":[{"count":3,"href":"https:\/\/szkolydoktorskie.uwb.edu.pl\/ns\/wp-json\/wp\/v2\/pages\/1766\/revisions"}],"predecessor-version":[{"id":2239,"href":"https:\/\/szkolydoktorskie.uwb.edu.pl\/ns\/wp-json\/wp\/v2\/pages\/1766\/revisions\/2239"}],"wp:attachment":[{"href":"https:\/\/szkolydoktorskie.uwb.edu.pl\/ns\/wp-json\/wp\/v2\/media?parent=1766"}],"curies":[{"name":"wp","href":"https:\/\/api.w.org\/{rel}","templated":true}]}}