{"id":1759,"date":"2023-04-06T11:02:45","date_gmt":"2023-04-06T09:02:45","guid":{"rendered":"https:\/\/szkolydoktorskie.uwb.edu.pl\/ns\/?page_id=1759"},"modified":"2023-12-15T09:19:16","modified_gmt":"2023-12-15T08:19:16","slug":"rada-uczelniana-samorzadu-doktorantow-uwb","status":"publish","type":"page","link":"https:\/\/szkolydoktorskie.uwb.edu.pl\/ns\/rada-uczelniana-samorzadu-doktorantow-uwb\/","title":{"rendered":"Rada Uczelniana Samorz\u0105du Doktorant\u00f3w UwB"},"content":{"rendered":"\n<p class=\"has-pale-cyan-blue-background-color has-background\"><strong>Rada Uczelniana Samorz\u0105du Doktorant\u00f3w UwB<\/strong><\/p>\n\n\n\n<p>Rada Uczelniana Samorz\u0105du Doktorant\u00f3w dzia\u0142aj\u0105ca przy Uniwersytecie w Bia\u0142ymstoku ma za zadanie dba\u0107 o prawa i obowi\u0105zki doktorant\u00f3w. Stoi tak\u017ce na stra\u017cy przestrzegania obowi\u0105zuj\u0105cego na Uniwersytecie prawa i przyczynia si\u0119 do polepszenia jako\u015bci kszta\u0142cenia. Z uwagi na swoj\u0105 specyfik\u0119, RUSD dzia\u0142a na rzecz zar\u00f3wno jako\u015bci kszta\u0142cenia student\u00f3w, jak r\u00f3wnie\u017c jako\u015bci kszta\u0142cenia doktorant\u00f3w, promowania bada\u0144 i naukowo\u015bci. Samorz\u0105d doktorant\u00f3w posiada swoich przedstawicieli w r\u00f3\u017cnych jednostkach dzia\u0142aj\u0105cych przy UwB.<\/p>\n\n\n\n<p>Rada Uczelniana Samorz\u0105du Doktorant\u00f3w powstaje z przedstawicieli z trzech Rad Doktorant\u00f3w Szk\u00f3\u0142 Doktorskich (RDSD) i Rady Doktorant\u00f3w Studi\u00f3w Doktoranckich. W sk\u0142ad ka\u017cdej Rady Doktorant\u00f3w Szko\u0142y Doktorskiej wchodzi 8 doktorant\u00f3w z danej Szko\u0142y Doktorskiej, w\u015br\u00f3d tych os\u00f3b musz\u0105 si\u0119 znale\u017a\u0107 przedstawiciele ka\u017cdej dyscypliny, w kt\u00f3rej dana Szko\u0142a prowadzi kszta\u0142cenie. Wszystkie trzy RDSD wraz z Rad\u0105 Doktorant\u00f3w Studi\u00f3w Doktoranckich tworz\u0105 Rad\u0119 Uczelnian\u0105 Samorz\u0105du Doktorant\u00f3w (RUSD).<\/p>\n\n\n\n<p><strong>Kontakt:<\/strong> <a href=\"mailto:rusd@uwb.edu.pl\">rusd@uwb.edu.pl<\/a><\/p>\n\n\n\n<p><strong>Sk\u0142ad Zarz\u0105du Rady Uczelnianej Samorz\u0105du Doktorant\u00f3w UwB<\/strong><\/p>\n\n\n\n<p>PRZEWODNICZ\u0104CA <strong>mgr Wioleta Lewandowska <\/strong><\/p>\n\n\n\n<p><em>\u00a0\u00a0\u00a0\u00a0\u00a0\u00a0\u00a0\u00a0\u00a0\u00a0\u00a0\u00a0\u00a0\u00a0\u00a0\u00a0\u00a0\u00a0\u00a0\u00a0\u00a0\u00a0\u00a0\u00a0\u00a0\u00a0\u00a0\u00a0\u00a0\u00a0\u00a0\u00a0\u00a0\u00a0\u00a0\u00a0\u00a0 Szko\u0142a Doktorska Nauk <\/em>\u015acis\u0142ych i Przyrodniczych <\/p>\n\n\n\n<p>                                      <em>w.lewandowska@uwb.edu.pl<\/em><\/p>\n\n\n\n<p>WICEPRZEWODNICZ\u0104CA <strong>mgr Sandra Chmielewska<\/strong><\/p>\n\n\n\n<p><em>&nbsp;&nbsp;&nbsp;&nbsp;&nbsp;&nbsp;&nbsp;&nbsp;&nbsp;&nbsp;&nbsp;&nbsp;&nbsp;&nbsp;&nbsp;&nbsp;&nbsp;&nbsp;&nbsp;&nbsp;&nbsp;&nbsp;&nbsp;&nbsp;&nbsp;&nbsp;&nbsp;&nbsp;&nbsp;&nbsp;&nbsp;&nbsp;&nbsp;&nbsp;&nbsp;&nbsp;&nbsp; Szko\u0142a Doktorska Nauk \u015acis\u0142ych i Przyrodniczych<\/em><\/p>\n\n\n\n<p>                                      <em>s.chmielewska@uwb.edu.pl<\/em><\/p>\n\n\n\n<p>SEKRETARZ <strong>mgr Maciej Kwiatkowski <\/strong><\/p>\n\n\n\n<p><em>\u00a0\u00a0\u00a0\u00a0\u00a0\u00a0\u00a0\u00a0\u00a0\u00a0\u00a0\u00a0\u00a0\u00a0\u00a0\u00a0\u00a0\u00a0\u00a0\u00a0\u00a0\u00a0\u00a0\u00a0\u00a0\u00a0\u00a0\u00a0\u00a0\u00a0\u00a0\u00a0\u00a0\u00a0\u00a0\u00a0 Szko\u0142a Doktorska Nauk <\/em>Humanistycznych <\/p>\n\n\n\n<p>                                     <em>m.kwiatkowski@uwb.edu.pl<\/em><\/p>\n\n\n\n<p>CZ\u0141ONEK ZARZ\u0104DU <strong>mgr Patrycja Wilczewska<\/strong><\/p>\n\n\n\n<p>&nbsp;&nbsp;&nbsp;&nbsp;&nbsp;&nbsp;&nbsp;&nbsp;&nbsp;&nbsp;&nbsp;&nbsp;&nbsp;&nbsp;&nbsp;&nbsp;&nbsp;&nbsp;&nbsp;&nbsp;&nbsp;&nbsp;&nbsp;&nbsp;&nbsp;&nbsp;&nbsp;&nbsp;&nbsp;&nbsp;&nbsp;&nbsp; <em>Szko\u0142a Doktorska Nauk \u015acis\u0142ych i Przyrodniczych<\/em><\/p>\n\n\n\n<p>                                 <em>p.wilczewska@uwb.edu.pl<\/em><\/p>\n\n\n\n<p>CZ\u0141ONEK ZARZ\u0104DU <strong>mgr Kewin K. Bach <\/strong><\/p>\n\n\n\n<p><em>\u00a0\u00a0\u00a0\u00a0\u00a0\u00a0\u00a0\u00a0\u00a0\u00a0\u00a0\u00a0\u00a0\u00a0\u00a0\u00a0\u00a0\u00a0\u00a0\u00a0\u00a0\u00a0\u00a0\u00a0\u00a0\u00a0\u00a0\u00a0\u00a0\u00a0\u00a0\u00a0\u00a0 Szko\u0142a Doktorska Nauk <\/em>Spo\u0142ecznych <\/p>\n\n\n\n<p>                                  <em>k.bach@uwb.edu.pl<\/em><\/p>\n\n\n\n<p>CZ\u0141ONEK ZARZ\u0104DU <strong>mgr Dariusz Kiejza <\/strong><\/p>\n\n\n\n<p>&nbsp;&nbsp;&nbsp;&nbsp;&nbsp;&nbsp;&nbsp;&nbsp;&nbsp;&nbsp;&nbsp;&nbsp;&nbsp;&nbsp;&nbsp;&nbsp;&nbsp;&nbsp;&nbsp;&nbsp;&nbsp;&nbsp;&nbsp;&nbsp;&nbsp;&nbsp;&nbsp;&nbsp;&nbsp;&nbsp;&nbsp;&nbsp; <em>Szko\u0142a Doktorska Nauk \u015acis\u0142ych i Przyrodniczych<\/em><\/p>\n\n\n\n<p>                                 <em>d.kiejza@uwb.edu.pl<\/em><\/p>\n","protected":false},"excerpt":{"rendered":"<p>Rada Uczelniana Samorz\u0105du Doktorant\u00f3w UwB Rada Uczelniana Samorz\u0105du Doktorant\u00f3w dzia\u0142aj\u0105ca przy Uniwersytecie w Bia\u0142ymstoku ma za zadanie dba\u0107 o prawa i obowi\u0105zki doktorant\u00f3w. Stoi tak\u017ce na stra\u017cy przestrzegania obowi\u0105zuj\u0105cego na&hellip;<\/p>\n","protected":false},"author":7,"featured_media":0,"parent":0,"menu_order":0,"comment_status":"closed","ping_status":"closed","template":"","meta":{"footnotes":""},"class_list":["post-1759","page","type-page","status-publish","hentry"],"yoast_head":"<!-- This site is optimized with the Yoast SEO plugin v27.3 - https:\/\/yoast.com\/product\/yoast-seo-wordpress\/ -->\n<title>Rada Uczelniana Samorz\u0105du Doktorant\u00f3w UwB - Szko\u0142a Doktorska Nauk Spo\u0142ecznych UwB<\/title>\n<meta name=\"robots\" content=\"index, follow, max-snippet:-1, max-image-preview:large, max-video-preview:-1\" \/>\n<link rel=\"canonical\" href=\"https:\/\/szkolydoktorskie.uwb.edu.pl\/ns\/rada-uczelniana-samorzadu-doktorantow-uwb\/\" \/>\n<meta property=\"og:locale\" content=\"pl_PL\" \/>\n<meta property=\"og:type\" content=\"article\" \/>\n<meta property=\"og:title\" content=\"Rada Uczelniana Samorz\u0105du Doktorant\u00f3w UwB - Szko\u0142a Doktorska Nauk Spo\u0142ecznych UwB\" \/>\n<meta property=\"og:description\" content=\"Rada Uczelniana Samorz\u0105du Doktorant\u00f3w UwB Rada Uczelniana Samorz\u0105du Doktorant\u00f3w dzia\u0142aj\u0105ca przy Uniwersytecie w Bia\u0142ymstoku ma za zadanie dba\u0107 o prawa i obowi\u0105zki doktorant\u00f3w. Stoi tak\u017ce na stra\u017cy przestrzegania obowi\u0105zuj\u0105cego na&hellip;\" \/>\n<meta property=\"og:url\" content=\"https:\/\/szkolydoktorskie.uwb.edu.pl\/ns\/rada-uczelniana-samorzadu-doktorantow-uwb\/\" \/>\n<meta property=\"og:site_name\" content=\"Szko\u0142a Doktorska Nauk Spo\u0142ecznych UwB\" \/>\n<meta property=\"article:modified_time\" content=\"2023-12-15T08:19:16+00:00\" \/>\n<meta name=\"twitter:card\" content=\"summary_large_image\" \/>\n<meta name=\"twitter:label1\" content=\"Szacowany czas czytania\" \/>\n\t<meta name=\"twitter:data1\" content=\"2 minuty\" \/>\n<script type=\"application\/ld+json\" class=\"yoast-schema-graph\">{\"@context\":\"https:\\\/\\\/schema.org\",\"@graph\":[{\"@type\":\"WebPage\",\"@id\":\"https:\\\/\\\/szkolydoktorskie.uwb.edu.pl\\\/ns\\\/rada-uczelniana-samorzadu-doktorantow-uwb\\\/\",\"url\":\"https:\\\/\\\/szkolydoktorskie.uwb.edu.pl\\\/ns\\\/rada-uczelniana-samorzadu-doktorantow-uwb\\\/\",\"name\":\"Rada Uczelniana Samorz\u0105du Doktorant\u00f3w UwB - Szko\u0142a Doktorska Nauk Spo\u0142ecznych UwB\",\"isPartOf\":{\"@id\":\"https:\\\/\\\/szkolydoktorskie.uwb.edu.pl\\\/ns\\\/#website\"},\"datePublished\":\"2023-04-06T09:02:45+00:00\",\"dateModified\":\"2023-12-15T08:19:16+00:00\",\"breadcrumb\":{\"@id\":\"https:\\\/\\\/szkolydoktorskie.uwb.edu.pl\\\/ns\\\/rada-uczelniana-samorzadu-doktorantow-uwb\\\/#breadcrumb\"},\"inLanguage\":\"pl-PL\",\"potentialAction\":[{\"@type\":\"ReadAction\",\"target\":[\"https:\\\/\\\/szkolydoktorskie.uwb.edu.pl\\\/ns\\\/rada-uczelniana-samorzadu-doktorantow-uwb\\\/\"]}]},{\"@type\":\"BreadcrumbList\",\"@id\":\"https:\\\/\\\/szkolydoktorskie.uwb.edu.pl\\\/ns\\\/rada-uczelniana-samorzadu-doktorantow-uwb\\\/#breadcrumb\",\"itemListElement\":[{\"@type\":\"ListItem\",\"position\":1,\"name\":\"Strona g\u0142\u00f3wna\",\"item\":\"https:\\\/\\\/szkolydoktorskie.uwb.edu.pl\\\/ns\\\/\"},{\"@type\":\"ListItem\",\"position\":2,\"name\":\"Rada Uczelniana Samorz\u0105du Doktorant\u00f3w UwB\"}]},{\"@type\":\"WebSite\",\"@id\":\"https:\\\/\\\/szkolydoktorskie.uwb.edu.pl\\\/ns\\\/#website\",\"url\":\"https:\\\/\\\/szkolydoktorskie.uwb.edu.pl\\\/ns\\\/\",\"name\":\"Szko\u0142a Doktorska Nauk Spo\u0142ecznych UwB\",\"description\":\"Szko\u0142a Doktorska Nauk Spo\u0142ecznych UwB\",\"publisher\":{\"@id\":\"https:\\\/\\\/szkolydoktorskie.uwb.edu.pl\\\/ns\\\/#organization\"},\"potentialAction\":[{\"@type\":\"SearchAction\",\"target\":{\"@type\":\"EntryPoint\",\"urlTemplate\":\"https:\\\/\\\/szkolydoktorskie.uwb.edu.pl\\\/ns\\\/?s={search_term_string}\"},\"query-input\":{\"@type\":\"PropertyValueSpecification\",\"valueRequired\":true,\"valueName\":\"search_term_string\"}}],\"inLanguage\":\"pl-PL\"},{\"@type\":\"Organization\",\"@id\":\"https:\\\/\\\/szkolydoktorskie.uwb.edu.pl\\\/ns\\\/#organization\",\"name\":\"Szko\u0142a Doktorska Nauk Spo\u0142ecznych UwB\",\"url\":\"https:\\\/\\\/szkolydoktorskie.uwb.edu.pl\\\/ns\\\/\",\"logo\":{\"@type\":\"ImageObject\",\"inLanguage\":\"pl-PL\",\"@id\":\"https:\\\/\\\/szkolydoktorskie.uwb.edu.pl\\\/ns\\\/#\\\/schema\\\/logo\\\/image\\\/\",\"url\":\"https:\\\/\\\/szkolydoktorskie.uwb.edu.pl\\\/ns\\\/wp-content\\\/uploads\\\/sites\\\/2\\\/2021\\\/04\\\/cropped-NS-LOGO.png\",\"contentUrl\":\"https:\\\/\\\/szkolydoktorskie.uwb.edu.pl\\\/ns\\\/wp-content\\\/uploads\\\/sites\\\/2\\\/2021\\\/04\\\/cropped-NS-LOGO.png\",\"width\":705,\"height\":188,\"caption\":\"Szko\u0142a Doktorska Nauk Spo\u0142ecznych UwB\"},\"image\":{\"@id\":\"https:\\\/\\\/szkolydoktorskie.uwb.edu.pl\\\/ns\\\/#\\\/schema\\\/logo\\\/image\\\/\"}}]}<\/script>\n<!-- \/ Yoast SEO plugin. -->","yoast_head_json":{"title":"Rada Uczelniana Samorz\u0105du Doktorant\u00f3w UwB - Szko\u0142a Doktorska Nauk Spo\u0142ecznych UwB","robots":{"index":"index","follow":"follow","max-snippet":"max-snippet:-1","max-image-preview":"max-image-preview:large","max-video-preview":"max-video-preview:-1"},"canonical":"https:\/\/szkolydoktorskie.uwb.edu.pl\/ns\/rada-uczelniana-samorzadu-doktorantow-uwb\/","og_locale":"pl_PL","og_type":"article","og_title":"Rada Uczelniana Samorz\u0105du Doktorant\u00f3w UwB - Szko\u0142a Doktorska Nauk Spo\u0142ecznych UwB","og_description":"Rada Uczelniana Samorz\u0105du Doktorant\u00f3w UwB Rada Uczelniana Samorz\u0105du Doktorant\u00f3w dzia\u0142aj\u0105ca przy Uniwersytecie w Bia\u0142ymstoku ma za zadanie dba\u0107 o prawa i obowi\u0105zki doktorant\u00f3w. Stoi tak\u017ce na stra\u017cy przestrzegania obowi\u0105zuj\u0105cego na&hellip;","og_url":"https:\/\/szkolydoktorskie.uwb.edu.pl\/ns\/rada-uczelniana-samorzadu-doktorantow-uwb\/","og_site_name":"Szko\u0142a Doktorska Nauk Spo\u0142ecznych UwB","article_modified_time":"2023-12-15T08:19:16+00:00","twitter_card":"summary_large_image","twitter_misc":{"Szacowany czas czytania":"2 minuty"},"schema":{"@context":"https:\/\/schema.org","@graph":[{"@type":"WebPage","@id":"https:\/\/szkolydoktorskie.uwb.edu.pl\/ns\/rada-uczelniana-samorzadu-doktorantow-uwb\/","url":"https:\/\/szkolydoktorskie.uwb.edu.pl\/ns\/rada-uczelniana-samorzadu-doktorantow-uwb\/","name":"Rada Uczelniana Samorz\u0105du Doktorant\u00f3w UwB - Szko\u0142a Doktorska Nauk Spo\u0142ecznych UwB","isPartOf":{"@id":"https:\/\/szkolydoktorskie.uwb.edu.pl\/ns\/#website"},"datePublished":"2023-04-06T09:02:45+00:00","dateModified":"2023-12-15T08:19:16+00:00","breadcrumb":{"@id":"https:\/\/szkolydoktorskie.uwb.edu.pl\/ns\/rada-uczelniana-samorzadu-doktorantow-uwb\/#breadcrumb"},"inLanguage":"pl-PL","potentialAction":[{"@type":"ReadAction","target":["https:\/\/szkolydoktorskie.uwb.edu.pl\/ns\/rada-uczelniana-samorzadu-doktorantow-uwb\/"]}]},{"@type":"BreadcrumbList","@id":"https:\/\/szkolydoktorskie.uwb.edu.pl\/ns\/rada-uczelniana-samorzadu-doktorantow-uwb\/#breadcrumb","itemListElement":[{"@type":"ListItem","position":1,"name":"Strona g\u0142\u00f3wna","item":"https:\/\/szkolydoktorskie.uwb.edu.pl\/ns\/"},{"@type":"ListItem","position":2,"name":"Rada Uczelniana Samorz\u0105du Doktorant\u00f3w UwB"}]},{"@type":"WebSite","@id":"https:\/\/szkolydoktorskie.uwb.edu.pl\/ns\/#website","url":"https:\/\/szkolydoktorskie.uwb.edu.pl\/ns\/","name":"Szko\u0142a Doktorska Nauk Spo\u0142ecznych UwB","description":"Szko\u0142a Doktorska Nauk Spo\u0142ecznych UwB","publisher":{"@id":"https:\/\/szkolydoktorskie.uwb.edu.pl\/ns\/#organization"},"potentialAction":[{"@type":"SearchAction","target":{"@type":"EntryPoint","urlTemplate":"https:\/\/szkolydoktorskie.uwb.edu.pl\/ns\/?s={search_term_string}"},"query-input":{"@type":"PropertyValueSpecification","valueRequired":true,"valueName":"search_term_string"}}],"inLanguage":"pl-PL"},{"@type":"Organization","@id":"https:\/\/szkolydoktorskie.uwb.edu.pl\/ns\/#organization","name":"Szko\u0142a Doktorska Nauk Spo\u0142ecznych UwB","url":"https:\/\/szkolydoktorskie.uwb.edu.pl\/ns\/","logo":{"@type":"ImageObject","inLanguage":"pl-PL","@id":"https:\/\/szkolydoktorskie.uwb.edu.pl\/ns\/#\/schema\/logo\/image\/","url":"https:\/\/szkolydoktorskie.uwb.edu.pl\/ns\/wp-content\/uploads\/sites\/2\/2021\/04\/cropped-NS-LOGO.png","contentUrl":"https:\/\/szkolydoktorskie.uwb.edu.pl\/ns\/wp-content\/uploads\/sites\/2\/2021\/04\/cropped-NS-LOGO.png","width":705,"height":188,"caption":"Szko\u0142a Doktorska Nauk Spo\u0142ecznych UwB"},"image":{"@id":"https:\/\/szkolydoktorskie.uwb.edu.pl\/ns\/#\/schema\/logo\/image\/"}}]}},"_links":{"self":[{"href":"https:\/\/szkolydoktorskie.uwb.edu.pl\/ns\/wp-json\/wp\/v2\/pages\/1759","targetHints":{"allow":["GET"]}}],"collection":[{"href":"https:\/\/szkolydoktorskie.uwb.edu.pl\/ns\/wp-json\/wp\/v2\/pages"}],"about":[{"href":"https:\/\/szkolydoktorskie.uwb.edu.pl\/ns\/wp-json\/wp\/v2\/types\/page"}],"author":[{"embeddable":true,"href":"https:\/\/szkolydoktorskie.uwb.edu.pl\/ns\/wp-json\/wp\/v2\/users\/7"}],"replies":[{"embeddable":true,"href":"https:\/\/szkolydoktorskie.uwb.edu.pl\/ns\/wp-json\/wp\/v2\/comments?post=1759"}],"version-history":[{"count":3,"href":"https:\/\/szkolydoktorskie.uwb.edu.pl\/ns\/wp-json\/wp\/v2\/pages\/1759\/revisions"}],"predecessor-version":[{"id":2238,"href":"https:\/\/szkolydoktorskie.uwb.edu.pl\/ns\/wp-json\/wp\/v2\/pages\/1759\/revisions\/2238"}],"wp:attachment":[{"href":"https:\/\/szkolydoktorskie.uwb.edu.pl\/ns\/wp-json\/wp\/v2\/media?parent=1759"}],"curies":[{"name":"wp","href":"https:\/\/api.w.org\/{rel}","templated":true}]}}