{"id":1579,"date":"2023-01-26T15:00:17","date_gmt":"2023-01-26T14:00:17","guid":{"rendered":"https:\/\/szkolydoktorskie.uwb.edu.pl\/ns\/?page_id=1579"},"modified":"2023-09-14T13:11:12","modified_gmt":"2023-09-14T11:11:12","slug":"2023-2024","status":"publish","type":"page","link":"https:\/\/szkolydoktorskie.uwb.edu.pl\/ns\/2023-2024\/","title":{"rendered":"2023\/2024"},"content":{"rendered":"\n<p class=\"has-pale-cyan-blue-background-color has-background\"><strong>Lista rankingowa kandydat\u00f3w w rekrutacji do Szko\u0142y Doktorskiej Nauk Spo\u0142ecznych UwB na rok akademicki 2023\/2024<\/strong><\/p>\n\n\n\n<p><a href=\"https:\/\/szkolydoktorskie.uwb.edu.pl\/ns\/wp-content\/uploads\/sites\/2\/2023\/09\/Lista-rankingowa_2023.pdf\">Lista rankingowa kandydat\u00f3w w rekrutacji do Szko\u0142y Doktorskiej Nauk Spo\u0142ecznych UwB na rok akademicki 2023\/2024<\/a><\/p>\n\n\n\n<p class=\"has-pale-cyan-blue-background-color has-background\"><strong>Zasady i tryb rekrutacji do szk\u00f3\u0142 doktorskich w roku akademickim 2023\/2024<\/strong><\/p>\n\n\n\n<p>Uchwa\u0142a \u2013<a href=\"https:\/\/szkolydoktorskie.uwb.edu.pl\/ns\/wp-content\/uploads\/sites\/2\/2023\/01\/Nr_3131_-_zasad_i_trybu_rekrutacji_do_szkol_doktorskich.pdf\"> Uchwa\u0142a nr 3131 Senatu Uniwersytetu w Bia\u0142ymstoku z dnia 25 stycznia 2023 r. w sprawie zasad i trybu rekrutacji do szk\u00f3\u0142 doktorskich w roku akademickim 2023\/2024<\/a><\/p>\n\n\n\n<p>Za\u0142\u0105cznik nr 1 \u2013 <a href=\"https:\/\/szkolydoktorskie.uwb.edu.pl\/ns\/wp-content\/uploads\/sites\/2\/2023\/01\/Nr_3131_-_Zalacznik_nr_1_kwestionariusz.docx\">Kwestionariusz kandydata<\/a><\/p>\n\n\n\n<p>Za\u0142\u0105cznik nr 3 \u2013 <a href=\"https:\/\/szkolydoktorskie.uwb.edu.pl\/ns\/wp-content\/uploads\/sites\/2\/2023\/01\/Nr_3131_-_Zalacznik_nr_3_pomysl_badawczy.docx\">Pomys\u0142 badawczy przysz\u0142ej rozprawy doktorskiej<\/a><\/p>\n\n\n\n<p>Za\u0142\u0105cznik nr 4 \u2013 <a href=\"https:\/\/szkolydoktorskie.uwb.edu.pl\/ns\/wp-content\/uploads\/sites\/2\/2023\/01\/Nr_3131_-_Zalacznik_nr_4_oswiadczenie.docx\">O\u015bwiadczenie planowanego promotora o podj\u0119ciu si\u0119 opieki promotorskiej<\/a><\/p>\n\n\n\n<p>Za\u0142\u0105cznik nr 5- <a href=\"https:\/\/szkolydoktorskie.uwb.edu.pl\/ns\/wp-content\/uploads\/sites\/2\/2023\/01\/Nr_3131_-_Zalacznik_nr_5_kryteria.docx\">Kryteria rekrutacji do Szko\u0142y Doktorskiej Nauk Humanistycznych i do Szko\u0142y Doktorskiej Nauk Spo\u0142ecznych<\/a><\/p>\n\n\n\n<p class=\"has-pale-cyan-blue-background-color has-background\"><strong>Harmonogram rekrutacji 2023\/2024<\/strong><\/p>\n\n\n\n<p><a href=\"https:\/\/szkolydoktorskie.uwb.edu.pl\/ns\/wp-content\/uploads\/sites\/2\/2023\/02\/14_-_harmonogram_szkoly_doktorskie.pdf\">Harmonogram<\/a><\/p>\n\n\n\n<p class=\"has-pale-cyan-blue-background-color has-background\"><strong>Limit przyj\u0119\u0107 2023\/2024<\/strong><\/p>\n\n\n\n<p><a href=\"https:\/\/szkolydoktorskie.uwb.edu.pl\/ns\/wp-content\/uploads\/sites\/2\/2023\/02\/13_-_limity_przyje___szkoly_doktorskie.pdf\">Limit przyj\u0119\u0107 <\/a><\/p>\n\n\n\n<p class=\"has-pale-cyan-blue-background-color has-background\">Szko\u0142y doktorskie w systemie&nbsp;<strong>Internetowej Rejestracji Kandydat\u00f3w&nbsp;(IRK)<\/strong><\/p>\n\n\n\n<p><a href=\"https:\/\/irk2.uwb.edu.pl\/pl\/offer\/SD2023\/\">Internetowa rejestracja kandydat\u00f3w (IRK)<\/a> <\/p>\n\n\n\n<p class=\"has-pale-cyan-blue-background-color has-background\"><strong>Listy potencjalnych promotor\u00f3w rozpraw doktorskich na rok akademicki 2023\/2024&nbsp;<\/strong><\/p>\n\n\n\n<p><a href=\"https:\/\/szkolydoktorskie.uwb.edu.pl\/ns\/wp-content\/uploads\/sites\/2\/2023\/03\/SDNS_potencjalni-promotorzy_2023-EKONOMIA-I-FINANSE.pdf\">Ekonomia i finanse <\/a><\/p>\n\n\n\n<p><a href=\"https:\/\/szkolydoktorskie.uwb.edu.pl\/ns\/wp-content\/uploads\/sites\/2\/2023\/03\/SDNS_potencjalni-promotorzy_2023_NAUKI-PRAWNE.pdf\">Nauki prawne <\/a><\/p>\n\n\n\n<p><a href=\"https:\/\/szkolydoktorskie.uwb.edu.pl\/ns\/wp-content\/uploads\/sites\/2\/2023\/03\/SDNS_potencjalni-promotorzy_2023-NAUKI-SOCJOLOGICZNE.pdf\">Nauki socjologiczne <\/a><\/p>\n\n\n\n<p><a href=\"https:\/\/szkolydoktorskie.uwb.edu.pl\/ns\/wp-content\/uploads\/sites\/2\/2023\/03\/SDNS_potencjalni-promotorzy_2023_PEDAGOGIKA.pdf\">Pedagogika<\/a><\/p>\n\n\n\n<p class=\"has-pale-cyan-blue-background-color has-background\"><strong>Komisja rekrutacyjna 2023\/2024<\/strong><\/p>\n\n\n\n<p><a href=\"https:\/\/szkolydoktorskie.uwb.edu.pl\/ns\/wp-content\/uploads\/sites\/2\/2023\/03\/Komunikat-nr-1_2023-Komisja-rekrutacyjna.pdf\">Sk\u0142ad <\/a><\/p>\n\n\n\n<p class=\"has-pale-cyan-blue-background-color has-background\"><strong>Harmonogram dy\u017cur\u00f3w Komisji Rekrutacyjnej w dniach 03-31.07.2023 r.<\/strong><\/p>\n\n\n\n<p><a href=\"https:\/\/szkolydoktorskie.uwb.edu.pl\/ns\/wp-content\/uploads\/sites\/2\/2023\/07\/Harmonogram-dyzurow-Komisji-rekrutacyjnej_2023_SDNS.pdf\">Dy\u017cury <\/a><\/p>\n\n\n\n<p class=\"has-pale-cyan-blue-background-color has-background\"><strong>Spotkania informacyjne<\/strong> <strong>2023\/2024<\/strong><\/p>\n\n\n\n<p><strong>19 czerwiec 2023 r., godz. 14.30 &#8211; on-line<\/strong><\/p>\n\n\n\n<figure class=\"wp-block-image size-large\"><img loading=\"lazy\" decoding=\"async\" width=\"1024\" height=\"576\" src=\"https:\/\/szkolydoktorskie.uwb.edu.pl\/ns\/wp-content\/uploads\/sites\/2\/2023\/05\/Grafika_rekrutacja_19.06.2023-r-1-1024x576.jpg\" alt=\"\" class=\"wp-image-1923\" srcset=\"https:\/\/szkolydoktorskie.uwb.edu.pl\/ns\/wp-content\/uploads\/sites\/2\/2023\/05\/Grafika_rekrutacja_19.06.2023-r-1-1024x576.jpg 1024w, https:\/\/szkolydoktorskie.uwb.edu.pl\/ns\/wp-content\/uploads\/sites\/2\/2023\/05\/Grafika_rekrutacja_19.06.2023-r-1-300x169.jpg 300w, https:\/\/szkolydoktorskie.uwb.edu.pl\/ns\/wp-content\/uploads\/sites\/2\/2023\/05\/Grafika_rekrutacja_19.06.2023-r-1-768x432.jpg 768w, https:\/\/szkolydoktorskie.uwb.edu.pl\/ns\/wp-content\/uploads\/sites\/2\/2023\/05\/Grafika_rekrutacja_19.06.2023-r-1.jpg 1280w\" sizes=\"auto, (max-width: 1024px) 100vw, 1024px\" \/><\/figure>\n\n\n\n<p><\/p>\n\n\n\n<ul class=\"wp-block-list\">\n<li><strong>22 marzec 2023 r. godz. 16.00 &#8211; on-line <\/strong>\n<ul class=\"wp-block-list\">\n<li><img loading=\"lazy\" decoding=\"async\" width=\"1280\" height=\"720\" class=\"wp-image-1664\" style=\"width: 750px\" src=\"https:\/\/szkolydoktorskie.uwb.edu.pl\/ns\/wp-content\/uploads\/sites\/2\/2023\/02\/Grafika_rekrutacja_22.03.2023-r..jpg\" alt=\"\" srcset=\"https:\/\/szkolydoktorskie.uwb.edu.pl\/ns\/wp-content\/uploads\/sites\/2\/2023\/02\/Grafika_rekrutacja_22.03.2023-r..jpg 1280w, https:\/\/szkolydoktorskie.uwb.edu.pl\/ns\/wp-content\/uploads\/sites\/2\/2023\/02\/Grafika_rekrutacja_22.03.2023-r.-300x169.jpg 300w, https:\/\/szkolydoktorskie.uwb.edu.pl\/ns\/wp-content\/uploads\/sites\/2\/2023\/02\/Grafika_rekrutacja_22.03.2023-r.-1024x576.jpg 1024w, https:\/\/szkolydoktorskie.uwb.edu.pl\/ns\/wp-content\/uploads\/sites\/2\/2023\/02\/Grafika_rekrutacja_22.03.2023-r.-768x432.jpg 768w\" sizes=\"auto, (max-width: 1280px) 100vw, 1280px\" \/><\/li>\n<\/ul>\n<\/li>\n\n\n\n<li><\/li>\n<\/ul>\n","protected":false},"excerpt":{"rendered":"<p>Lista rankingowa kandydat\u00f3w w rekrutacji do Szko\u0142y Doktorskiej Nauk Spo\u0142ecznych UwB na rok akademicki 2023\/2024 Lista rankingowa kandydat\u00f3w w rekrutacji do Szko\u0142y Doktorskiej Nauk Spo\u0142ecznych UwB na rok akademicki 2023\/2024&hellip;<\/p>\n","protected":false},"author":7,"featured_media":0,"parent":0,"menu_order":0,"comment_status":"closed","ping_status":"closed","template":"","meta":{"footnotes":""},"class_list":["post-1579","page","type-page","status-publish","hentry"],"yoast_head":"<!-- This site is optimized with the Yoast SEO plugin v27.3 - https:\/\/yoast.com\/product\/yoast-seo-wordpress\/ -->\n<title>2023\/2024 - Szko\u0142a Doktorska Nauk Spo\u0142ecznych UwB<\/title>\n<meta name=\"robots\" content=\"index, follow, max-snippet:-1, max-image-preview:large, max-video-preview:-1\" \/>\n<link rel=\"canonical\" href=\"https:\/\/szkolydoktorskie.uwb.edu.pl\/ns\/2023-2024\/\" \/>\n<meta property=\"og:locale\" content=\"pl_PL\" \/>\n<meta property=\"og:type\" content=\"article\" \/>\n<meta property=\"og:title\" content=\"2023\/2024 - Szko\u0142a Doktorska Nauk Spo\u0142ecznych UwB\" \/>\n<meta property=\"og:description\" content=\"Lista rankingowa kandydat\u00f3w w rekrutacji do Szko\u0142y Doktorskiej Nauk Spo\u0142ecznych UwB na rok akademicki 2023\/2024 Lista rankingowa kandydat\u00f3w w rekrutacji do Szko\u0142y Doktorskiej Nauk Spo\u0142ecznych UwB na rok akademicki 2023\/2024&hellip;\" \/>\n<meta property=\"og:url\" content=\"https:\/\/szkolydoktorskie.uwb.edu.pl\/ns\/2023-2024\/\" \/>\n<meta property=\"og:site_name\" content=\"Szko\u0142a Doktorska Nauk Spo\u0142ecznych UwB\" \/>\n<meta property=\"article:modified_time\" content=\"2023-09-14T11:11:12+00:00\" \/>\n<meta property=\"og:image\" content=\"https:\/\/szkolydoktorskie.uwb.edu.pl\/ns\/wp-content\/uploads\/sites\/2\/2023\/05\/Grafika_rekrutacja_19.06.2023-r-1-1024x576.jpg\" \/>\n<meta name=\"twitter:card\" content=\"summary_large_image\" \/>\n<meta name=\"twitter:label1\" content=\"Szacowany czas czytania\" \/>\n\t<meta name=\"twitter:data1\" content=\"1 minuta\" \/>\n<script type=\"application\/ld+json\" class=\"yoast-schema-graph\">{\"@context\":\"https:\\\/\\\/schema.org\",\"@graph\":[{\"@type\":\"WebPage\",\"@id\":\"https:\\\/\\\/szkolydoktorskie.uwb.edu.pl\\\/ns\\\/2023-2024\\\/\",\"url\":\"https:\\\/\\\/szkolydoktorskie.uwb.edu.pl\\\/ns\\\/2023-2024\\\/\",\"name\":\"2023\\\/2024 - Szko\u0142a Doktorska Nauk Spo\u0142ecznych UwB\",\"isPartOf\":{\"@id\":\"https:\\\/\\\/szkolydoktorskie.uwb.edu.pl\\\/ns\\\/#website\"},\"primaryImageOfPage\":{\"@id\":\"https:\\\/\\\/szkolydoktorskie.uwb.edu.pl\\\/ns\\\/2023-2024\\\/#primaryimage\"},\"image\":{\"@id\":\"https:\\\/\\\/szkolydoktorskie.uwb.edu.pl\\\/ns\\\/2023-2024\\\/#primaryimage\"},\"thumbnailUrl\":\"https:\\\/\\\/szkolydoktorskie.uwb.edu.pl\\\/ns\\\/wp-content\\\/uploads\\\/sites\\\/2\\\/2023\\\/05\\\/Grafika_rekrutacja_19.06.2023-r-1-1024x576.jpg\",\"datePublished\":\"2023-01-26T14:00:17+00:00\",\"dateModified\":\"2023-09-14T11:11:12+00:00\",\"breadcrumb\":{\"@id\":\"https:\\\/\\\/szkolydoktorskie.uwb.edu.pl\\\/ns\\\/2023-2024\\\/#breadcrumb\"},\"inLanguage\":\"pl-PL\",\"potentialAction\":[{\"@type\":\"ReadAction\",\"target\":[\"https:\\\/\\\/szkolydoktorskie.uwb.edu.pl\\\/ns\\\/2023-2024\\\/\"]}]},{\"@type\":\"ImageObject\",\"inLanguage\":\"pl-PL\",\"@id\":\"https:\\\/\\\/szkolydoktorskie.uwb.edu.pl\\\/ns\\\/2023-2024\\\/#primaryimage\",\"url\":\"https:\\\/\\\/szkolydoktorskie.uwb.edu.pl\\\/ns\\\/wp-content\\\/uploads\\\/sites\\\/2\\\/2023\\\/05\\\/Grafika_rekrutacja_19.06.2023-r-1.jpg\",\"contentUrl\":\"https:\\\/\\\/szkolydoktorskie.uwb.edu.pl\\\/ns\\\/wp-content\\\/uploads\\\/sites\\\/2\\\/2023\\\/05\\\/Grafika_rekrutacja_19.06.2023-r-1.jpg\",\"width\":1280,\"height\":720},{\"@type\":\"BreadcrumbList\",\"@id\":\"https:\\\/\\\/szkolydoktorskie.uwb.edu.pl\\\/ns\\\/2023-2024\\\/#breadcrumb\",\"itemListElement\":[{\"@type\":\"ListItem\",\"position\":1,\"name\":\"Strona g\u0142\u00f3wna\",\"item\":\"https:\\\/\\\/szkolydoktorskie.uwb.edu.pl\\\/ns\\\/\"},{\"@type\":\"ListItem\",\"position\":2,\"name\":\"2023\\\/2024\"}]},{\"@type\":\"WebSite\",\"@id\":\"https:\\\/\\\/szkolydoktorskie.uwb.edu.pl\\\/ns\\\/#website\",\"url\":\"https:\\\/\\\/szkolydoktorskie.uwb.edu.pl\\\/ns\\\/\",\"name\":\"Szko\u0142a Doktorska Nauk Spo\u0142ecznych UwB\",\"description\":\"Szko\u0142a Doktorska Nauk Spo\u0142ecznych UwB\",\"publisher\":{\"@id\":\"https:\\\/\\\/szkolydoktorskie.uwb.edu.pl\\\/ns\\\/#organization\"},\"potentialAction\":[{\"@type\":\"SearchAction\",\"target\":{\"@type\":\"EntryPoint\",\"urlTemplate\":\"https:\\\/\\\/szkolydoktorskie.uwb.edu.pl\\\/ns\\\/?s={search_term_string}\"},\"query-input\":{\"@type\":\"PropertyValueSpecification\",\"valueRequired\":true,\"valueName\":\"search_term_string\"}}],\"inLanguage\":\"pl-PL\"},{\"@type\":\"Organization\",\"@id\":\"https:\\\/\\\/szkolydoktorskie.uwb.edu.pl\\\/ns\\\/#organization\",\"name\":\"Szko\u0142a Doktorska Nauk Spo\u0142ecznych UwB\",\"url\":\"https:\\\/\\\/szkolydoktorskie.uwb.edu.pl\\\/ns\\\/\",\"logo\":{\"@type\":\"ImageObject\",\"inLanguage\":\"pl-PL\",\"@id\":\"https:\\\/\\\/szkolydoktorskie.uwb.edu.pl\\\/ns\\\/#\\\/schema\\\/logo\\\/image\\\/\",\"url\":\"https:\\\/\\\/szkolydoktorskie.uwb.edu.pl\\\/ns\\\/wp-content\\\/uploads\\\/sites\\\/2\\\/2021\\\/04\\\/cropped-NS-LOGO.png\",\"contentUrl\":\"https:\\\/\\\/szkolydoktorskie.uwb.edu.pl\\\/ns\\\/wp-content\\\/uploads\\\/sites\\\/2\\\/2021\\\/04\\\/cropped-NS-LOGO.png\",\"width\":705,\"height\":188,\"caption\":\"Szko\u0142a Doktorska Nauk Spo\u0142ecznych UwB\"},\"image\":{\"@id\":\"https:\\\/\\\/szkolydoktorskie.uwb.edu.pl\\\/ns\\\/#\\\/schema\\\/logo\\\/image\\\/\"}}]}<\/script>\n<!-- \/ Yoast SEO plugin. -->","yoast_head_json":{"title":"2023\/2024 - Szko\u0142a Doktorska Nauk Spo\u0142ecznych UwB","robots":{"index":"index","follow":"follow","max-snippet":"max-snippet:-1","max-image-preview":"max-image-preview:large","max-video-preview":"max-video-preview:-1"},"canonical":"https:\/\/szkolydoktorskie.uwb.edu.pl\/ns\/2023-2024\/","og_locale":"pl_PL","og_type":"article","og_title":"2023\/2024 - Szko\u0142a Doktorska Nauk Spo\u0142ecznych UwB","og_description":"Lista rankingowa kandydat\u00f3w w rekrutacji do Szko\u0142y Doktorskiej Nauk Spo\u0142ecznych UwB na rok akademicki 2023\/2024 Lista rankingowa kandydat\u00f3w w rekrutacji do Szko\u0142y Doktorskiej Nauk Spo\u0142ecznych UwB na rok akademicki 2023\/2024&hellip;","og_url":"https:\/\/szkolydoktorskie.uwb.edu.pl\/ns\/2023-2024\/","og_site_name":"Szko\u0142a Doktorska Nauk Spo\u0142ecznych UwB","article_modified_time":"2023-09-14T11:11:12+00:00","og_image":[{"url":"https:\/\/szkolydoktorskie.uwb.edu.pl\/ns\/wp-content\/uploads\/sites\/2\/2023\/05\/Grafika_rekrutacja_19.06.2023-r-1-1024x576.jpg","type":"","width":"","height":""}],"twitter_card":"summary_large_image","twitter_misc":{"Szacowany czas czytania":"1 minuta"},"schema":{"@context":"https:\/\/schema.org","@graph":[{"@type":"WebPage","@id":"https:\/\/szkolydoktorskie.uwb.edu.pl\/ns\/2023-2024\/","url":"https:\/\/szkolydoktorskie.uwb.edu.pl\/ns\/2023-2024\/","name":"2023\/2024 - Szko\u0142a Doktorska Nauk Spo\u0142ecznych UwB","isPartOf":{"@id":"https:\/\/szkolydoktorskie.uwb.edu.pl\/ns\/#website"},"primaryImageOfPage":{"@id":"https:\/\/szkolydoktorskie.uwb.edu.pl\/ns\/2023-2024\/#primaryimage"},"image":{"@id":"https:\/\/szkolydoktorskie.uwb.edu.pl\/ns\/2023-2024\/#primaryimage"},"thumbnailUrl":"https:\/\/szkolydoktorskie.uwb.edu.pl\/ns\/wp-content\/uploads\/sites\/2\/2023\/05\/Grafika_rekrutacja_19.06.2023-r-1-1024x576.jpg","datePublished":"2023-01-26T14:00:17+00:00","dateModified":"2023-09-14T11:11:12+00:00","breadcrumb":{"@id":"https:\/\/szkolydoktorskie.uwb.edu.pl\/ns\/2023-2024\/#breadcrumb"},"inLanguage":"pl-PL","potentialAction":[{"@type":"ReadAction","target":["https:\/\/szkolydoktorskie.uwb.edu.pl\/ns\/2023-2024\/"]}]},{"@type":"ImageObject","inLanguage":"pl-PL","@id":"https:\/\/szkolydoktorskie.uwb.edu.pl\/ns\/2023-2024\/#primaryimage","url":"https:\/\/szkolydoktorskie.uwb.edu.pl\/ns\/wp-content\/uploads\/sites\/2\/2023\/05\/Grafika_rekrutacja_19.06.2023-r-1.jpg","contentUrl":"https:\/\/szkolydoktorskie.uwb.edu.pl\/ns\/wp-content\/uploads\/sites\/2\/2023\/05\/Grafika_rekrutacja_19.06.2023-r-1.jpg","width":1280,"height":720},{"@type":"BreadcrumbList","@id":"https:\/\/szkolydoktorskie.uwb.edu.pl\/ns\/2023-2024\/#breadcrumb","itemListElement":[{"@type":"ListItem","position":1,"name":"Strona g\u0142\u00f3wna","item":"https:\/\/szkolydoktorskie.uwb.edu.pl\/ns\/"},{"@type":"ListItem","position":2,"name":"2023\/2024"}]},{"@type":"WebSite","@id":"https:\/\/szkolydoktorskie.uwb.edu.pl\/ns\/#website","url":"https:\/\/szkolydoktorskie.uwb.edu.pl\/ns\/","name":"Szko\u0142a Doktorska Nauk Spo\u0142ecznych UwB","description":"Szko\u0142a Doktorska Nauk Spo\u0142ecznych UwB","publisher":{"@id":"https:\/\/szkolydoktorskie.uwb.edu.pl\/ns\/#organization"},"potentialAction":[{"@type":"SearchAction","target":{"@type":"EntryPoint","urlTemplate":"https:\/\/szkolydoktorskie.uwb.edu.pl\/ns\/?s={search_term_string}"},"query-input":{"@type":"PropertyValueSpecification","valueRequired":true,"valueName":"search_term_string"}}],"inLanguage":"pl-PL"},{"@type":"Organization","@id":"https:\/\/szkolydoktorskie.uwb.edu.pl\/ns\/#organization","name":"Szko\u0142a Doktorska Nauk Spo\u0142ecznych UwB","url":"https:\/\/szkolydoktorskie.uwb.edu.pl\/ns\/","logo":{"@type":"ImageObject","inLanguage":"pl-PL","@id":"https:\/\/szkolydoktorskie.uwb.edu.pl\/ns\/#\/schema\/logo\/image\/","url":"https:\/\/szkolydoktorskie.uwb.edu.pl\/ns\/wp-content\/uploads\/sites\/2\/2021\/04\/cropped-NS-LOGO.png","contentUrl":"https:\/\/szkolydoktorskie.uwb.edu.pl\/ns\/wp-content\/uploads\/sites\/2\/2021\/04\/cropped-NS-LOGO.png","width":705,"height":188,"caption":"Szko\u0142a Doktorska Nauk Spo\u0142ecznych UwB"},"image":{"@id":"https:\/\/szkolydoktorskie.uwb.edu.pl\/ns\/#\/schema\/logo\/image\/"}}]}},"_links":{"self":[{"href":"https:\/\/szkolydoktorskie.uwb.edu.pl\/ns\/wp-json\/wp\/v2\/pages\/1579","targetHints":{"allow":["GET"]}}],"collection":[{"href":"https:\/\/szkolydoktorskie.uwb.edu.pl\/ns\/wp-json\/wp\/v2\/pages"}],"about":[{"href":"https:\/\/szkolydoktorskie.uwb.edu.pl\/ns\/wp-json\/wp\/v2\/types\/page"}],"author":[{"embeddable":true,"href":"https:\/\/szkolydoktorskie.uwb.edu.pl\/ns\/wp-json\/wp\/v2\/users\/7"}],"replies":[{"embeddable":true,"href":"https:\/\/szkolydoktorskie.uwb.edu.pl\/ns\/wp-json\/wp\/v2\/comments?post=1579"}],"version-history":[{"count":21,"href":"https:\/\/szkolydoktorskie.uwb.edu.pl\/ns\/wp-json\/wp\/v2\/pages\/1579\/revisions"}],"predecessor-version":[{"id":2044,"href":"https:\/\/szkolydoktorskie.uwb.edu.pl\/ns\/wp-json\/wp\/v2\/pages\/1579\/revisions\/2044"}],"wp:attachment":[{"href":"https:\/\/szkolydoktorskie.uwb.edu.pl\/ns\/wp-json\/wp\/v2\/media?parent=1579"}],"curies":[{"name":"wp","href":"https:\/\/api.w.org\/{rel}","templated":true}]}}