{"id":1425,"date":"2022-11-30T09:26:07","date_gmt":"2022-11-30T08:26:07","guid":{"rendered":"https:\/\/szkolydoktorskie.uwb.edu.pl\/ns\/?page_id=1425"},"modified":"2023-10-10T09:24:14","modified_gmt":"2023-10-10T07:24:14","slug":"wieclawski-piotr","status":"publish","type":"page","link":"https:\/\/szkolydoktorskie.uwb.edu.pl\/ns\/wieclawski-piotr\/","title":{"rendered":"Wi\u0119c\u0142awski Piotr"},"content":{"rendered":"\n<figure class=\"wp-block-table\"><table><tbody><tr><td><strong>Imi\u0119 i nazwisko doktoranta:<\/strong><\/td><td><strong>&nbsp;Piotr Wi\u0119c\u0142awski<\/strong><\/td><\/tr><tr><td><strong>ORCID<\/strong><\/td><td>0000-0002-4612-8312<\/td><\/tr><tr><td><strong>E-mail <\/strong><em>(w domenie UwB):<\/em><strong><\/strong><\/td><td><strong>&nbsp;<\/strong>p.wieclawski@uwb.edu.pl<\/td><\/tr><tr><td><strong>Temat rozprawy doktorskiej<\/strong><\/td><td><em>Ojcostwo w do\u015bwiadczeniach wychowank\u00f3w plac\u00f3wek resocjalizacyjnych<\/em><\/td><\/tr><tr><td><strong>Promotor<\/strong><\/td><td><strong>&nbsp;<\/strong>dr hab. Krzysztof Sawicki, prof. UwB<\/td><\/tr><tr><td><strong>Promotor pomocniczy<\/strong><\/td><td><strong>&nbsp;<\/strong>dr Mariusz Dobija\u0144ski<\/td><\/tr><tr><td><strong>Wydzia\u0142<\/strong> <strong>Katedra\/Zak\u0142ad<\/strong><\/td><td>Wydzia\u0142 Nauk o Edukacji<br>Katedra Pedagogiki Specjalnej i Dzia\u0142a\u0144 Tw\u00f3rczych<br>Zak\u0142ad Tw\u00f3rczej Resocjalizacji<\/td><\/tr><tr><td><\/td><td><strong>Publikacje naukowe<\/strong><\/td><\/tr><tr><td><em>Artyku\u0142y naukowe w czasopismach<\/em><\/td><td>1. Wi\u0119c\u0142awski, P. (2022). Indywidualne do\u015bwiadczenie pracy w warunkach ogniska wirusa SARS-CoV-2 \u2013 badania partycypacyjne w Domu Pomocy Spo\u0142ecznej w Choroszczy. <em>Kultura \u2013 Spo\u0142ecze\u0144stwo \u2013 Edukacja<\/em> nr 1(21), pp. 215\u2013229<br><\/td><\/tr><tr><td><em>Monografie naukowe\/rozdzia\u0142y w monografiach<\/em><\/td><td>1.&nbsp;&nbsp;&nbsp;&nbsp;&nbsp; Wi\u0119c\u0142awski P., Nowak, J., Markowska, N. (2022). Edukacja w Zak\u0142adzie Poprawczym w Bia\u0142ymstoku. Sawicki K., Markowska-Manista, U. (red.). <em>Zak\u0142ad Poprawczy w&nbsp;Bia\u0142ymstoku w systemie resocjalizacji z&nbsp;perspektywy zespo\u0142owych bada\u0144 terenowych<\/em>, s. 141-173<br><br>2. Wi\u0119c\u0142awski P., Wiszowata-Parfieniuk J. (2022). Proces usamodzielnienia i&nbsp;readaptacja spo\u0142eczna wychowank\u00f3w hostelu. Sawicki K., Markowska-Manista, U. (red.). <em>Zak\u0142ad Poprawczy w&nbsp;Bia\u0142ymstoku w&nbsp;systemie resocjalizacji z&nbsp;perspektywy zespo\u0142owych bada\u0144 terenowych<\/em>, s. 203-239<\/td><\/tr><tr><td><\/td><td><strong>Konferencje<\/strong><\/td><\/tr><tr><td><em>Wyst\u0105pienia na konferencjach naukowych<\/em><\/td><td>1. Wyg\u0142oszenie referatu podczas V Jubileuszowej Mi\u0119dzynarodowej Konferencji Naukowej pt. \u201eSpo\u0142eczna dzia\u0142alno\u015b\u0107 na rzecz wi\u0119\u017ani\u00f3w i&nbsp;ich rodzin\u201d, organizowanej przez Uniwersytet Kardyna\u0142a Stefana Wyszy\u0144skiego w&nbsp;Warszawie w&nbsp;dniu 20.02.2023 r. Referat nosi\u0142 tytu\u0142: <em>Ojcostwo jako trajektoryjne do\u015bwiadczenie by\u0142ych wi\u0119\u017ani\u00f3w<\/em><br><br>2. Wyg\u0142oszenie referatu podczas III Og\u00f3lnopolskiej Konferencji Parentologicznej organizowanej przez Wydzia\u0142 Psychologii i&nbsp;Kognitywistyki Uniwersytetu im. Adama Mickiewicza w Poznaniu w dniach 21-22.06.2023 r. Referat nosi\u0142 tytu\u0142: <em>Ojcostwo jako trajektoryjne do\u015bwiadczenie by\u0142ych wi\u0119\u017ani\u00f3w<\/em><br><\/td><\/tr><tr><td><\/td><td><strong>Inna aktywno\u015b\u0107 naukowa<\/strong><\/td><\/tr><tr><td><em>Inne aktywno\u015bci\/osi\u0105gni\u0119cia naukowe Doktora<\/em><\/td><td>1.&nbsp;&nbsp;&nbsp;&nbsp;&nbsp; Prowadzenie zaj\u0119\u0107 dydaktycznych przygotowuj\u0105cych do mi\u0119dzynarodowej Szko\u0142y Letniej w&nbsp;Bia\u0142ymstoku w ramach programu \u201eSP YOUNG \u2013 Social Professions for Supporting Youth in a European Solidarity Context\u201d Erasmus+ (marzec-czerwiec 2022 r.)<br><br>2.&nbsp;&nbsp;&nbsp;&nbsp;&nbsp; Prowadzenie zaj\u0119\u0107 w mi\u0119dzynarodowej Szkole Letniej w Bia\u0142ymstoku w ramach programu \u201eSP YOUNG \u2013 Social Professions for Supporting Youth in a Europeand Solidarity Context\u201d Erasmus+ (25.06-05.07.2022 r.)<br><br>3.&nbsp;&nbsp;&nbsp;&nbsp;&nbsp; Wsp\u00f3\u0142organizacja og\u00f3lnopolskiej konferencji \u201eWolontariat drog\u0105 do praworz\u0105dno\u015bci. Metody tw\u00f3rczej resocjalizacji\u201d (17.11.2022 r.)<br><br>4.&nbsp;&nbsp;&nbsp;&nbsp;&nbsp; Wsp\u00f3\u0142organizacja spotkania z&nbsp;przedstawicielami i wychowankami M\u0142odzie\u017cowego O\u015brodka Wychowawczego w Goni\u0105dzu oraz podpisanie porozumienia mi\u0119dzy Wydzia\u0142em Nauk o Edukacji UwB a&nbsp;MOW Goni\u0105dz (24.03.2022 r.)<br><br>5.&nbsp;&nbsp;&nbsp;&nbsp;&nbsp; Wyst\u0105pienie promuj\u0105ce monografi\u0119 naukow\u0105 na kanale \u201eAkademickie Zacisze\u201d prowadzonym przez prof. dr. hab. Romana Lepperta (26.10.2022 r.)<br><br>6.&nbsp;&nbsp;&nbsp;&nbsp;&nbsp; Nawi\u0105zanie wsp\u00f3\u0142pracy z&nbsp;mi\u0119dzynarodow\u0105 organizacj\u0105 non-profit Youth Organisations for Drug Action (YODA) (marzec-maj 2023 r.)<br>Wyst\u0105pienie podczas 32. sesji Komisji ds. Zapobiegania Przest\u0119pczo\u015bci i&nbsp;Wymiaru Sprawiedliwo\u015bci w Sprawach Karnych (CCPCJ) organizowanej przez Organizacj\u0119 Narod\u00f3w Zjednoczonych w Wiedniu, Austria (22-26.05.2023 r.)<br><\/td><\/tr><\/tbody><\/table><\/figure>\n","protected":false},"excerpt":{"rendered":"<p>Imi\u0119 i nazwisko doktoranta: &nbsp;Piotr Wi\u0119c\u0142awski ORCID 0000-0002-4612-8312 E-mail (w domenie UwB): &nbsp;p.wieclawski@uwb.edu.pl Temat rozprawy doktorskiej Ojcostwo w do\u015bwiadczeniach wychowank\u00f3w plac\u00f3wek resocjalizacyjnych Promotor &nbsp;dr hab. Krzysztof Sawicki, prof. UwB Promotor&hellip;<\/p>\n","protected":false},"author":7,"featured_media":0,"parent":0,"menu_order":0,"comment_status":"closed","ping_status":"closed","template":"","meta":{"footnotes":""},"class_list":["post-1425","page","type-page","status-publish","hentry"],"yoast_head":"<!-- This site is optimized with the Yoast SEO plugin v27.4 - https:\/\/yoast.com\/product\/yoast-seo-wordpress\/ -->\n<title>Wi\u0119c\u0142awski Piotr - Szko\u0142a Doktorska Nauk Spo\u0142ecznych UwB<\/title>\n<meta name=\"robots\" content=\"index, follow, max-snippet:-1, max-image-preview:large, max-video-preview:-1\" \/>\n<link rel=\"canonical\" href=\"https:\/\/szkolydoktorskie.uwb.edu.pl\/ns\/wieclawski-piotr\/\" \/>\n<meta property=\"og:locale\" content=\"pl_PL\" \/>\n<meta property=\"og:type\" content=\"article\" \/>\n<meta property=\"og:title\" content=\"Wi\u0119c\u0142awski Piotr - Szko\u0142a Doktorska Nauk Spo\u0142ecznych UwB\" \/>\n<meta property=\"og:description\" content=\"Imi\u0119 i nazwisko doktoranta: &nbsp;Piotr Wi\u0119c\u0142awski ORCID 0000-0002-4612-8312 E-mail (w domenie UwB): &nbsp;p.wieclawski@uwb.edu.pl Temat rozprawy doktorskiej Ojcostwo w do\u015bwiadczeniach wychowank\u00f3w plac\u00f3wek resocjalizacyjnych Promotor &nbsp;dr hab. Krzysztof Sawicki, prof. UwB Promotor&hellip;\" \/>\n<meta property=\"og:url\" content=\"https:\/\/szkolydoktorskie.uwb.edu.pl\/ns\/wieclawski-piotr\/\" \/>\n<meta property=\"og:site_name\" content=\"Szko\u0142a Doktorska Nauk Spo\u0142ecznych UwB\" \/>\n<meta property=\"article:modified_time\" content=\"2023-10-10T07:24:14+00:00\" \/>\n<meta name=\"twitter:card\" content=\"summary_large_image\" \/>\n<meta name=\"twitter:label1\" content=\"Szacowany czas czytania\" \/>\n\t<meta name=\"twitter:data1\" content=\"1 minuta\" \/>\n<script type=\"application\/ld+json\" class=\"yoast-schema-graph\">{\"@context\":\"https:\\\/\\\/schema.org\",\"@graph\":[{\"@type\":\"WebPage\",\"@id\":\"https:\\\/\\\/szkolydoktorskie.uwb.edu.pl\\\/ns\\\/wieclawski-piotr\\\/\",\"url\":\"https:\\\/\\\/szkolydoktorskie.uwb.edu.pl\\\/ns\\\/wieclawski-piotr\\\/\",\"name\":\"Wi\u0119c\u0142awski Piotr - Szko\u0142a Doktorska Nauk Spo\u0142ecznych UwB\",\"isPartOf\":{\"@id\":\"https:\\\/\\\/szkolydoktorskie.uwb.edu.pl\\\/ns\\\/#website\"},\"datePublished\":\"2022-11-30T08:26:07+00:00\",\"dateModified\":\"2023-10-10T07:24:14+00:00\",\"breadcrumb\":{\"@id\":\"https:\\\/\\\/szkolydoktorskie.uwb.edu.pl\\\/ns\\\/wieclawski-piotr\\\/#breadcrumb\"},\"inLanguage\":\"pl-PL\",\"potentialAction\":[{\"@type\":\"ReadAction\",\"target\":[\"https:\\\/\\\/szkolydoktorskie.uwb.edu.pl\\\/ns\\\/wieclawski-piotr\\\/\"]}]},{\"@type\":\"BreadcrumbList\",\"@id\":\"https:\\\/\\\/szkolydoktorskie.uwb.edu.pl\\\/ns\\\/wieclawski-piotr\\\/#breadcrumb\",\"itemListElement\":[{\"@type\":\"ListItem\",\"position\":1,\"name\":\"Strona g\u0142\u00f3wna\",\"item\":\"https:\\\/\\\/szkolydoktorskie.uwb.edu.pl\\\/ns\\\/\"},{\"@type\":\"ListItem\",\"position\":2,\"name\":\"Wi\u0119c\u0142awski Piotr\"}]},{\"@type\":\"WebSite\",\"@id\":\"https:\\\/\\\/szkolydoktorskie.uwb.edu.pl\\\/ns\\\/#website\",\"url\":\"https:\\\/\\\/szkolydoktorskie.uwb.edu.pl\\\/ns\\\/\",\"name\":\"Szko\u0142a Doktorska Nauk Spo\u0142ecznych UwB\",\"description\":\"Szko\u0142a Doktorska Nauk Spo\u0142ecznych UwB\",\"publisher\":{\"@id\":\"https:\\\/\\\/szkolydoktorskie.uwb.edu.pl\\\/ns\\\/#organization\"},\"potentialAction\":[{\"@type\":\"SearchAction\",\"target\":{\"@type\":\"EntryPoint\",\"urlTemplate\":\"https:\\\/\\\/szkolydoktorskie.uwb.edu.pl\\\/ns\\\/?s={search_term_string}\"},\"query-input\":{\"@type\":\"PropertyValueSpecification\",\"valueRequired\":true,\"valueName\":\"search_term_string\"}}],\"inLanguage\":\"pl-PL\"},{\"@type\":\"Organization\",\"@id\":\"https:\\\/\\\/szkolydoktorskie.uwb.edu.pl\\\/ns\\\/#organization\",\"name\":\"Szko\u0142a Doktorska Nauk Spo\u0142ecznych UwB\",\"url\":\"https:\\\/\\\/szkolydoktorskie.uwb.edu.pl\\\/ns\\\/\",\"logo\":{\"@type\":\"ImageObject\",\"inLanguage\":\"pl-PL\",\"@id\":\"https:\\\/\\\/szkolydoktorskie.uwb.edu.pl\\\/ns\\\/#\\\/schema\\\/logo\\\/image\\\/\",\"url\":\"https:\\\/\\\/szkolydoktorskie.uwb.edu.pl\\\/ns\\\/wp-content\\\/uploads\\\/sites\\\/2\\\/2021\\\/04\\\/cropped-NS-LOGO.png\",\"contentUrl\":\"https:\\\/\\\/szkolydoktorskie.uwb.edu.pl\\\/ns\\\/wp-content\\\/uploads\\\/sites\\\/2\\\/2021\\\/04\\\/cropped-NS-LOGO.png\",\"width\":705,\"height\":188,\"caption\":\"Szko\u0142a Doktorska Nauk Spo\u0142ecznych UwB\"},\"image\":{\"@id\":\"https:\\\/\\\/szkolydoktorskie.uwb.edu.pl\\\/ns\\\/#\\\/schema\\\/logo\\\/image\\\/\"}}]}<\/script>\n<!-- \/ Yoast SEO plugin. -->","yoast_head_json":{"title":"Wi\u0119c\u0142awski Piotr - Szko\u0142a Doktorska Nauk Spo\u0142ecznych UwB","robots":{"index":"index","follow":"follow","max-snippet":"max-snippet:-1","max-image-preview":"max-image-preview:large","max-video-preview":"max-video-preview:-1"},"canonical":"https:\/\/szkolydoktorskie.uwb.edu.pl\/ns\/wieclawski-piotr\/","og_locale":"pl_PL","og_type":"article","og_title":"Wi\u0119c\u0142awski Piotr - Szko\u0142a Doktorska Nauk Spo\u0142ecznych UwB","og_description":"Imi\u0119 i nazwisko doktoranta: &nbsp;Piotr Wi\u0119c\u0142awski ORCID 0000-0002-4612-8312 E-mail (w domenie UwB): &nbsp;p.wieclawski@uwb.edu.pl Temat rozprawy doktorskiej Ojcostwo w do\u015bwiadczeniach wychowank\u00f3w plac\u00f3wek resocjalizacyjnych Promotor &nbsp;dr hab. Krzysztof Sawicki, prof. UwB Promotor&hellip;","og_url":"https:\/\/szkolydoktorskie.uwb.edu.pl\/ns\/wieclawski-piotr\/","og_site_name":"Szko\u0142a Doktorska Nauk Spo\u0142ecznych UwB","article_modified_time":"2023-10-10T07:24:14+00:00","twitter_card":"summary_large_image","twitter_misc":{"Szacowany czas czytania":"1 minuta"},"schema":{"@context":"https:\/\/schema.org","@graph":[{"@type":"WebPage","@id":"https:\/\/szkolydoktorskie.uwb.edu.pl\/ns\/wieclawski-piotr\/","url":"https:\/\/szkolydoktorskie.uwb.edu.pl\/ns\/wieclawski-piotr\/","name":"Wi\u0119c\u0142awski Piotr - Szko\u0142a Doktorska Nauk Spo\u0142ecznych UwB","isPartOf":{"@id":"https:\/\/szkolydoktorskie.uwb.edu.pl\/ns\/#website"},"datePublished":"2022-11-30T08:26:07+00:00","dateModified":"2023-10-10T07:24:14+00:00","breadcrumb":{"@id":"https:\/\/szkolydoktorskie.uwb.edu.pl\/ns\/wieclawski-piotr\/#breadcrumb"},"inLanguage":"pl-PL","potentialAction":[{"@type":"ReadAction","target":["https:\/\/szkolydoktorskie.uwb.edu.pl\/ns\/wieclawski-piotr\/"]}]},{"@type":"BreadcrumbList","@id":"https:\/\/szkolydoktorskie.uwb.edu.pl\/ns\/wieclawski-piotr\/#breadcrumb","itemListElement":[{"@type":"ListItem","position":1,"name":"Strona g\u0142\u00f3wna","item":"https:\/\/szkolydoktorskie.uwb.edu.pl\/ns\/"},{"@type":"ListItem","position":2,"name":"Wi\u0119c\u0142awski Piotr"}]},{"@type":"WebSite","@id":"https:\/\/szkolydoktorskie.uwb.edu.pl\/ns\/#website","url":"https:\/\/szkolydoktorskie.uwb.edu.pl\/ns\/","name":"Szko\u0142a Doktorska Nauk Spo\u0142ecznych UwB","description":"Szko\u0142a Doktorska Nauk Spo\u0142ecznych UwB","publisher":{"@id":"https:\/\/szkolydoktorskie.uwb.edu.pl\/ns\/#organization"},"potentialAction":[{"@type":"SearchAction","target":{"@type":"EntryPoint","urlTemplate":"https:\/\/szkolydoktorskie.uwb.edu.pl\/ns\/?s={search_term_string}"},"query-input":{"@type":"PropertyValueSpecification","valueRequired":true,"valueName":"search_term_string"}}],"inLanguage":"pl-PL"},{"@type":"Organization","@id":"https:\/\/szkolydoktorskie.uwb.edu.pl\/ns\/#organization","name":"Szko\u0142a Doktorska Nauk Spo\u0142ecznych UwB","url":"https:\/\/szkolydoktorskie.uwb.edu.pl\/ns\/","logo":{"@type":"ImageObject","inLanguage":"pl-PL","@id":"https:\/\/szkolydoktorskie.uwb.edu.pl\/ns\/#\/schema\/logo\/image\/","url":"https:\/\/szkolydoktorskie.uwb.edu.pl\/ns\/wp-content\/uploads\/sites\/2\/2021\/04\/cropped-NS-LOGO.png","contentUrl":"https:\/\/szkolydoktorskie.uwb.edu.pl\/ns\/wp-content\/uploads\/sites\/2\/2021\/04\/cropped-NS-LOGO.png","width":705,"height":188,"caption":"Szko\u0142a Doktorska Nauk Spo\u0142ecznych UwB"},"image":{"@id":"https:\/\/szkolydoktorskie.uwb.edu.pl\/ns\/#\/schema\/logo\/image\/"}}]}},"_links":{"self":[{"href":"https:\/\/szkolydoktorskie.uwb.edu.pl\/ns\/wp-json\/wp\/v2\/pages\/1425","targetHints":{"allow":["GET"]}}],"collection":[{"href":"https:\/\/szkolydoktorskie.uwb.edu.pl\/ns\/wp-json\/wp\/v2\/pages"}],"about":[{"href":"https:\/\/szkolydoktorskie.uwb.edu.pl\/ns\/wp-json\/wp\/v2\/types\/page"}],"author":[{"embeddable":true,"href":"https:\/\/szkolydoktorskie.uwb.edu.pl\/ns\/wp-json\/wp\/v2\/users\/7"}],"replies":[{"embeddable":true,"href":"https:\/\/szkolydoktorskie.uwb.edu.pl\/ns\/wp-json\/wp\/v2\/comments?post=1425"}],"version-history":[{"count":4,"href":"https:\/\/szkolydoktorskie.uwb.edu.pl\/ns\/wp-json\/wp\/v2\/pages\/1425\/revisions"}],"predecessor-version":[{"id":2077,"href":"https:\/\/szkolydoktorskie.uwb.edu.pl\/ns\/wp-json\/wp\/v2\/pages\/1425\/revisions\/2077"}],"wp:attachment":[{"href":"https:\/\/szkolydoktorskie.uwb.edu.pl\/ns\/wp-json\/wp\/v2\/media?parent=1425"}],"curies":[{"name":"wp","href":"https:\/\/api.w.org\/{rel}","templated":true}]}}