{"id":1422,"date":"2022-11-30T09:24:08","date_gmt":"2022-11-30T08:24:08","guid":{"rendered":"https:\/\/szkolydoktorskie.uwb.edu.pl\/ns\/?page_id=1422"},"modified":"2023-10-18T08:40:18","modified_gmt":"2023-10-18T06:40:18","slug":"ulanowicz-mateusz","status":"publish","type":"page","link":"https:\/\/szkolydoktorskie.uwb.edu.pl\/ns\/ulanowicz-mateusz\/","title":{"rendered":"U\u0142anowicz Mateusz"},"content":{"rendered":"\n<figure class=\"wp-block-table\"><table><tbody><tr><td><strong>Imi\u0119 i nazwisko doktoranta:<\/strong><\/td><td><strong>&nbsp;Mateusz U\u0142anowicz<\/strong><\/td><\/tr><tr><td><strong>ORCID<\/strong><\/td><td>0000-0002-5970-9378<\/td><\/tr><tr><td><strong>E-mail <\/strong><em>(w domenie UwB):<\/em><strong><\/strong><\/td><td><strong>&nbsp;<\/strong>m.ulanowicz@uwb.edu.pl<\/td><\/tr><tr><td><strong>Temat rozprawy doktorskiej<\/strong><\/td><td><em>Prywatnoprawne aspekty dzia\u0142alno\u015bci gospodarczej hrabiego Karola Brzostowskiego <\/em><\/td><\/tr><tr><td><strong>Promotor<\/strong><\/td><td><strong>&nbsp;<\/strong>dr hab. Piotr Fiedorczyk, prof. UwB<\/td><\/tr><tr><td><strong>Promotor pomocniczy<\/strong><\/td><td><strong>&nbsp;<\/strong>&#8211;<\/td><\/tr><tr><td><strong>Wydzia\u0142<\/strong> <strong>Katedra\/Zak\u0142ad<\/strong><\/td><td>Wydzia\u0142 Prawa<br>Katedra Nauk Historyczno-Prawnych, Teorii i Filozofii Prawa oraz Komparatystyki Prawniczej<br>Pracownia Historii Prawa<\/td><\/tr><tr><td><\/td><td><strong>Publikacje naukowe<\/strong><\/td><\/tr><tr><td><em>Artyku\u0142y naukowe <\/em><br><em>w czasopismach<\/em><\/td><td>1. U\u0142anowicz M., <em>Burzliwe posiedzenie s\u0105du pokoju w Sztabinie na tle okupacji Suwalszczyzny przez Niemc\u00f3w w latach 1915-1919<\/em>, Miscellanea Historico \u2013 Iuridica, t. 19, z. 2, Bia\u0142ystok 2020, s. 81-95.<br><br>2. U\u0142anowicz M., <em>Karol Brzostowski i jego Instytucja Rolno-Fabryczna Sztabi\u0144ska<\/em>, Miscellanea Historico \u2013 Iuridica, t. 20, z. 1, Bialystok 2021, s. 155-176.<br><br>3. U\u0142anowicz M., <em>Dzia\u0142alno\u015b\u0107 parlamentarna Micha\u0142a \u0141azarskiego (1928-1939),<\/em> Miscellanea Historico \u2013 Iuridica, t. 20, z. 1, Bialystok 2021, s. 187-218.<br><br>4. U\u0142anowicz M., <em>J\u00f3zef Zmitrowicz &#8211; wybitny dzia\u0142acz spo\u0142eczny w Bia\u0142ymstoku w latach 1916-1921, <\/em>Miscellanea Historico \u2013 Iuridica, t. 21, z. 2, Bia\u0142ystok 2022, s. 91-127.<br><\/td><\/tr><tr><td><em>Monografie naukowe\/rozdzia\u0142y w monografiach<\/em><\/td><td>1. U\u0142anowicz M., <em>Proces Rity Gorgonowej &#8211; najs\u0142ynniejsze post\u0119powanie karne II Rzeczypospolitej : czy skazano w\u0142a\u015bciw\u0105 osob\u0119?, <\/em>[w:] <em>Dyskursy (nie)oczywisto\u015bci: zagadnienia pewno\u015bci, niekwestionowalno\u015bci oraz bezsporno\u015bci w nauce, sztuce i kulturze<\/em>, red. Zieli\u0144ska A., Jask\u00f3\u0142ka K., Pozna\u0144 2022, s. 27-39.<br><br>2. U\u0142anowicz M., <em>Udzia\u0142 Konrada Berezowskiego, J\u00f3zefa Rosenzweiga oraz Stanis\u0142awa Czerwi\u0144skiego w pracach, dotycz\u0105cych prawa wykrocze\u0144, w ramach Sekcji Prawa Karnego Komisji Kodyfikacyjnej II Rzeczpospolitej<\/em>, [w:] <em>Prawo wykrocze\u0144 w Polsce: do\u015bwiadczenia i perspektywy<\/em>, red. Janikowski J., Kara\u017aniewicz J., Krajewski R., Bydgoszcz 2022, s. 161-171.\u00a0<br><\/td><\/tr><tr><td><\/td><td><strong>Konferencje<\/strong><\/td><\/tr><tr><td><em>Wyst\u0105pienia na konferencjach naukowych<\/em><\/td><td>1. Og\u00f3lnopolska Konferencja Naukowa \u201ePrawo wykrocze\u0144 w Polsce. Do\u015bwiadczenia i perspektywy\u201d, zorganizowana 9.12.2021 r. w Instytucie Prawa i Ekonomii Uniwersytetu Kazimierza Wielkiego w Bydgoszczy \u2013 wyg\u0142oszenie referatu\u00a0 \u201eUdzia\u0142 Konrada Berezowskiego, J\u00f3zefa Rosenzweiga oraz Stanis\u0142awa Czerwi\u0144skiego w pracach, dotycz\u0105cych prawa wykrocze\u0144, w ramach Sekcji Prawa Karnego Komisji Kodyfikacyjnej II Rzeczypospolitej\u201d;<br><br>2. Og\u00f3lnopolska Konferencja Naukowa \u201ePoparcie, pochwa\u0142a, wsparcie\u201d, zorganizowana 11.02.2022 r. przez Centrum Us\u0142ug, Edukacji, Terapii i Zdrowia \u2013 wyg\u0142oszenie referatu \u201ePochwa\u0142a idei unifikacji oraz kodyfikacji prawa w II Rzeczypospolitej \u2013 prace nad powo\u0142aniem Komisji Kodyfikacyjnej w Sejmie Ustawodawczym\u201d;<br><br>3. Og\u00f3lnopolska Konferencja Naukowa \u201eKobiety w polityce \u2013 polityka kobiet\u201d, zorganizowana 22.03.2022 r. przez Wydzia\u0142 Humanistyczny Politechniki Koszali\u0144skiej, Katedr\u0119 Prawa i Integracji Europejskiej Akademii im. Jakuba z Parady\u017ca w Gorzowie Wielkopolskim oraz Po\u0142tawski Pa\u0144stwowy Uniwersytet Rolniczy \u2013 wyg\u0142oszenie referatu \u201eUdzia\u0142 kobiet w sprawowaniu wymiaru sprawiedliwo\u015bci w II RP\u201d;<br><br>4. IV Og\u00f3lnopolski Zjazd K\u00f3\u0142 Historyczno \u2013 Prawnych pt. \u201eJednostka a pa\u0144stwo w rozwoju dziejowym\u201d, zorganizowany w dniach 20-21 maja 2022 r. przez Katedr\u0119 Powszechnej Historii Pa\u0144stwa i Prawa UJ, Zak\u0142ad Historii Prawa Polskiego UJ oraz Ko\u0142o Naukowe Historii Pa\u0144stwa i Prawa TBSP UJ \u2013 wyg\u0142oszenie referatu \u201eWp\u0142yw zamachu majowego na funkcjonowanie Najwy\u017cszego Trybuna\u0142u Administracyjnego\u201d;<br><br>5. Og\u00f3lnopolska Konferencja Naukowa \u201ePrzemiany oraz dziedzictwo systemu prawnego Polski Ludowej \u2013 uj\u0119cie filozoficzno i historycznoprawne\u201d, zorganizowana w dniach 2-3.12.2022 r. na Wydziale Prawa UwB przez Studenckie Ko\u0142o Filozofii Prawa oraz Studenckie Ko\u0142o Historii Prawa \u2013 wyg\u0142oszenie referatu \u201ePrawne oraz polityczne przyczyny uchylenia dekretu Rady Ministr\u00f3w z 6 wrze\u015bnia 1951 r. o obszarach szczeg\u00f3lnie wa\u017cnych dla obrony kraju\u201d;<br><\/td><\/tr><tr><td><\/td><td><strong>Inna aktywno\u015b\u0107 naukowa<\/strong><\/td><\/tr><tr><td><em>Inne aktywno\u015bci\/osi\u0105gni\u0119cia naukowe Doktoranta<\/em><\/td><td>1. Otrzymanie stypendium Towarzystwa Historyczno \u2013 Literackiego w Pary\u017cu, kt\u00f3rego efektem by\u0142a realizacja w dniach 13-23.09.2022 r. kwerendy archiwalnej w Bibliotece Polskiej w Pary\u017cu;<br><br>2. Odbycie sta\u017cu naukowego na Uniwersytecie Wile\u0144skim w dniach 20.03-02.04.2023 r.;<\/td><\/tr><\/tbody><\/table><\/figure>\n","protected":false},"excerpt":{"rendered":"<p>Imi\u0119 i nazwisko doktoranta: &nbsp;Mateusz U\u0142anowicz ORCID 0000-0002-5970-9378 E-mail (w domenie UwB): &nbsp;m.ulanowicz@uwb.edu.pl Temat rozprawy doktorskiej Prywatnoprawne aspekty dzia\u0142alno\u015bci gospodarczej hrabiego Karola Brzostowskiego Promotor &nbsp;dr hab. Piotr Fiedorczyk, prof. UwB&hellip;<\/p>\n","protected":false},"author":7,"featured_media":0,"parent":0,"menu_order":0,"comment_status":"closed","ping_status":"closed","template":"","meta":{"footnotes":""},"class_list":["post-1422","page","type-page","status-publish","hentry"],"yoast_head":"<!-- This site is optimized with the Yoast SEO plugin v27.4 - https:\/\/yoast.com\/product\/yoast-seo-wordpress\/ -->\n<title>U\u0142anowicz Mateusz - Szko\u0142a Doktorska Nauk Spo\u0142ecznych UwB<\/title>\n<meta name=\"robots\" content=\"index, follow, max-snippet:-1, max-image-preview:large, max-video-preview:-1\" \/>\n<link rel=\"canonical\" href=\"https:\/\/szkolydoktorskie.uwb.edu.pl\/ns\/ulanowicz-mateusz\/\" \/>\n<meta property=\"og:locale\" content=\"pl_PL\" \/>\n<meta property=\"og:type\" content=\"article\" \/>\n<meta property=\"og:title\" content=\"U\u0142anowicz Mateusz - Szko\u0142a Doktorska Nauk Spo\u0142ecznych UwB\" \/>\n<meta property=\"og:description\" content=\"Imi\u0119 i nazwisko doktoranta: &nbsp;Mateusz U\u0142anowicz ORCID 0000-0002-5970-9378 E-mail (w domenie UwB): &nbsp;m.ulanowicz@uwb.edu.pl Temat rozprawy doktorskiej Prywatnoprawne aspekty dzia\u0142alno\u015bci gospodarczej hrabiego Karola Brzostowskiego Promotor &nbsp;dr hab. Piotr Fiedorczyk, prof. UwB&hellip;\" \/>\n<meta property=\"og:url\" content=\"https:\/\/szkolydoktorskie.uwb.edu.pl\/ns\/ulanowicz-mateusz\/\" \/>\n<meta property=\"og:site_name\" content=\"Szko\u0142a Doktorska Nauk Spo\u0142ecznych UwB\" \/>\n<meta property=\"article:modified_time\" content=\"2023-10-18T06:40:18+00:00\" \/>\n<meta name=\"twitter:card\" content=\"summary_large_image\" \/>\n<meta name=\"twitter:label1\" content=\"Szacowany czas czytania\" \/>\n\t<meta name=\"twitter:data1\" content=\"1 minuta\" \/>\n<script type=\"application\/ld+json\" class=\"yoast-schema-graph\">{\"@context\":\"https:\\\/\\\/schema.org\",\"@graph\":[{\"@type\":\"WebPage\",\"@id\":\"https:\\\/\\\/szkolydoktorskie.uwb.edu.pl\\\/ns\\\/ulanowicz-mateusz\\\/\",\"url\":\"https:\\\/\\\/szkolydoktorskie.uwb.edu.pl\\\/ns\\\/ulanowicz-mateusz\\\/\",\"name\":\"U\u0142anowicz Mateusz - Szko\u0142a Doktorska Nauk Spo\u0142ecznych UwB\",\"isPartOf\":{\"@id\":\"https:\\\/\\\/szkolydoktorskie.uwb.edu.pl\\\/ns\\\/#website\"},\"datePublished\":\"2022-11-30T08:24:08+00:00\",\"dateModified\":\"2023-10-18T06:40:18+00:00\",\"breadcrumb\":{\"@id\":\"https:\\\/\\\/szkolydoktorskie.uwb.edu.pl\\\/ns\\\/ulanowicz-mateusz\\\/#breadcrumb\"},\"inLanguage\":\"pl-PL\",\"potentialAction\":[{\"@type\":\"ReadAction\",\"target\":[\"https:\\\/\\\/szkolydoktorskie.uwb.edu.pl\\\/ns\\\/ulanowicz-mateusz\\\/\"]}]},{\"@type\":\"BreadcrumbList\",\"@id\":\"https:\\\/\\\/szkolydoktorskie.uwb.edu.pl\\\/ns\\\/ulanowicz-mateusz\\\/#breadcrumb\",\"itemListElement\":[{\"@type\":\"ListItem\",\"position\":1,\"name\":\"Strona g\u0142\u00f3wna\",\"item\":\"https:\\\/\\\/szkolydoktorskie.uwb.edu.pl\\\/ns\\\/\"},{\"@type\":\"ListItem\",\"position\":2,\"name\":\"U\u0142anowicz Mateusz\"}]},{\"@type\":\"WebSite\",\"@id\":\"https:\\\/\\\/szkolydoktorskie.uwb.edu.pl\\\/ns\\\/#website\",\"url\":\"https:\\\/\\\/szkolydoktorskie.uwb.edu.pl\\\/ns\\\/\",\"name\":\"Szko\u0142a Doktorska Nauk Spo\u0142ecznych UwB\",\"description\":\"Szko\u0142a Doktorska Nauk Spo\u0142ecznych UwB\",\"publisher\":{\"@id\":\"https:\\\/\\\/szkolydoktorskie.uwb.edu.pl\\\/ns\\\/#organization\"},\"potentialAction\":[{\"@type\":\"SearchAction\",\"target\":{\"@type\":\"EntryPoint\",\"urlTemplate\":\"https:\\\/\\\/szkolydoktorskie.uwb.edu.pl\\\/ns\\\/?s={search_term_string}\"},\"query-input\":{\"@type\":\"PropertyValueSpecification\",\"valueRequired\":true,\"valueName\":\"search_term_string\"}}],\"inLanguage\":\"pl-PL\"},{\"@type\":\"Organization\",\"@id\":\"https:\\\/\\\/szkolydoktorskie.uwb.edu.pl\\\/ns\\\/#organization\",\"name\":\"Szko\u0142a Doktorska Nauk Spo\u0142ecznych UwB\",\"url\":\"https:\\\/\\\/szkolydoktorskie.uwb.edu.pl\\\/ns\\\/\",\"logo\":{\"@type\":\"ImageObject\",\"inLanguage\":\"pl-PL\",\"@id\":\"https:\\\/\\\/szkolydoktorskie.uwb.edu.pl\\\/ns\\\/#\\\/schema\\\/logo\\\/image\\\/\",\"url\":\"https:\\\/\\\/szkolydoktorskie.uwb.edu.pl\\\/ns\\\/wp-content\\\/uploads\\\/sites\\\/2\\\/2021\\\/04\\\/cropped-NS-LOGO.png\",\"contentUrl\":\"https:\\\/\\\/szkolydoktorskie.uwb.edu.pl\\\/ns\\\/wp-content\\\/uploads\\\/sites\\\/2\\\/2021\\\/04\\\/cropped-NS-LOGO.png\",\"width\":705,\"height\":188,\"caption\":\"Szko\u0142a Doktorska Nauk Spo\u0142ecznych UwB\"},\"image\":{\"@id\":\"https:\\\/\\\/szkolydoktorskie.uwb.edu.pl\\\/ns\\\/#\\\/schema\\\/logo\\\/image\\\/\"}}]}<\/script>\n<!-- \/ Yoast SEO plugin. -->","yoast_head_json":{"title":"U\u0142anowicz Mateusz - Szko\u0142a Doktorska Nauk Spo\u0142ecznych UwB","robots":{"index":"index","follow":"follow","max-snippet":"max-snippet:-1","max-image-preview":"max-image-preview:large","max-video-preview":"max-video-preview:-1"},"canonical":"https:\/\/szkolydoktorskie.uwb.edu.pl\/ns\/ulanowicz-mateusz\/","og_locale":"pl_PL","og_type":"article","og_title":"U\u0142anowicz Mateusz - Szko\u0142a Doktorska Nauk Spo\u0142ecznych UwB","og_description":"Imi\u0119 i nazwisko doktoranta: &nbsp;Mateusz U\u0142anowicz ORCID 0000-0002-5970-9378 E-mail (w domenie UwB): &nbsp;m.ulanowicz@uwb.edu.pl Temat rozprawy doktorskiej Prywatnoprawne aspekty dzia\u0142alno\u015bci gospodarczej hrabiego Karola Brzostowskiego Promotor &nbsp;dr hab. Piotr Fiedorczyk, prof. UwB&hellip;","og_url":"https:\/\/szkolydoktorskie.uwb.edu.pl\/ns\/ulanowicz-mateusz\/","og_site_name":"Szko\u0142a Doktorska Nauk Spo\u0142ecznych UwB","article_modified_time":"2023-10-18T06:40:18+00:00","twitter_card":"summary_large_image","twitter_misc":{"Szacowany czas czytania":"1 minuta"},"schema":{"@context":"https:\/\/schema.org","@graph":[{"@type":"WebPage","@id":"https:\/\/szkolydoktorskie.uwb.edu.pl\/ns\/ulanowicz-mateusz\/","url":"https:\/\/szkolydoktorskie.uwb.edu.pl\/ns\/ulanowicz-mateusz\/","name":"U\u0142anowicz Mateusz - Szko\u0142a Doktorska Nauk Spo\u0142ecznych UwB","isPartOf":{"@id":"https:\/\/szkolydoktorskie.uwb.edu.pl\/ns\/#website"},"datePublished":"2022-11-30T08:24:08+00:00","dateModified":"2023-10-18T06:40:18+00:00","breadcrumb":{"@id":"https:\/\/szkolydoktorskie.uwb.edu.pl\/ns\/ulanowicz-mateusz\/#breadcrumb"},"inLanguage":"pl-PL","potentialAction":[{"@type":"ReadAction","target":["https:\/\/szkolydoktorskie.uwb.edu.pl\/ns\/ulanowicz-mateusz\/"]}]},{"@type":"BreadcrumbList","@id":"https:\/\/szkolydoktorskie.uwb.edu.pl\/ns\/ulanowicz-mateusz\/#breadcrumb","itemListElement":[{"@type":"ListItem","position":1,"name":"Strona g\u0142\u00f3wna","item":"https:\/\/szkolydoktorskie.uwb.edu.pl\/ns\/"},{"@type":"ListItem","position":2,"name":"U\u0142anowicz Mateusz"}]},{"@type":"WebSite","@id":"https:\/\/szkolydoktorskie.uwb.edu.pl\/ns\/#website","url":"https:\/\/szkolydoktorskie.uwb.edu.pl\/ns\/","name":"Szko\u0142a Doktorska Nauk Spo\u0142ecznych UwB","description":"Szko\u0142a Doktorska Nauk Spo\u0142ecznych UwB","publisher":{"@id":"https:\/\/szkolydoktorskie.uwb.edu.pl\/ns\/#organization"},"potentialAction":[{"@type":"SearchAction","target":{"@type":"EntryPoint","urlTemplate":"https:\/\/szkolydoktorskie.uwb.edu.pl\/ns\/?s={search_term_string}"},"query-input":{"@type":"PropertyValueSpecification","valueRequired":true,"valueName":"search_term_string"}}],"inLanguage":"pl-PL"},{"@type":"Organization","@id":"https:\/\/szkolydoktorskie.uwb.edu.pl\/ns\/#organization","name":"Szko\u0142a Doktorska Nauk Spo\u0142ecznych UwB","url":"https:\/\/szkolydoktorskie.uwb.edu.pl\/ns\/","logo":{"@type":"ImageObject","inLanguage":"pl-PL","@id":"https:\/\/szkolydoktorskie.uwb.edu.pl\/ns\/#\/schema\/logo\/image\/","url":"https:\/\/szkolydoktorskie.uwb.edu.pl\/ns\/wp-content\/uploads\/sites\/2\/2021\/04\/cropped-NS-LOGO.png","contentUrl":"https:\/\/szkolydoktorskie.uwb.edu.pl\/ns\/wp-content\/uploads\/sites\/2\/2021\/04\/cropped-NS-LOGO.png","width":705,"height":188,"caption":"Szko\u0142a Doktorska Nauk Spo\u0142ecznych UwB"},"image":{"@id":"https:\/\/szkolydoktorskie.uwb.edu.pl\/ns\/#\/schema\/logo\/image\/"}}]}},"_links":{"self":[{"href":"https:\/\/szkolydoktorskie.uwb.edu.pl\/ns\/wp-json\/wp\/v2\/pages\/1422","targetHints":{"allow":["GET"]}}],"collection":[{"href":"https:\/\/szkolydoktorskie.uwb.edu.pl\/ns\/wp-json\/wp\/v2\/pages"}],"about":[{"href":"https:\/\/szkolydoktorskie.uwb.edu.pl\/ns\/wp-json\/wp\/v2\/types\/page"}],"author":[{"embeddable":true,"href":"https:\/\/szkolydoktorskie.uwb.edu.pl\/ns\/wp-json\/wp\/v2\/users\/7"}],"replies":[{"embeddable":true,"href":"https:\/\/szkolydoktorskie.uwb.edu.pl\/ns\/wp-json\/wp\/v2\/comments?post=1422"}],"version-history":[{"count":7,"href":"https:\/\/szkolydoktorskie.uwb.edu.pl\/ns\/wp-json\/wp\/v2\/pages\/1422\/revisions"}],"predecessor-version":[{"id":2152,"href":"https:\/\/szkolydoktorskie.uwb.edu.pl\/ns\/wp-json\/wp\/v2\/pages\/1422\/revisions\/2152"}],"wp:attachment":[{"href":"https:\/\/szkolydoktorskie.uwb.edu.pl\/ns\/wp-json\/wp\/v2\/media?parent=1422"}],"curies":[{"name":"wp","href":"https:\/\/api.w.org\/{rel}","templated":true}]}}