{"id":1419,"date":"2022-11-30T09:21:01","date_gmt":"2022-11-30T08:21:01","guid":{"rendered":"https:\/\/szkolydoktorskie.uwb.edu.pl\/ns\/?page_id=1419"},"modified":"2024-01-03T09:48:37","modified_gmt":"2024-01-03T08:48:37","slug":"stokowski-michal-pawel","status":"publish","type":"page","link":"https:\/\/szkolydoktorskie.uwb.edu.pl\/ns\/stokowski-michal-pawel\/","title":{"rendered":"Stokowski Micha\u0142 Pawe\u0142"},"content":{"rendered":"\n<figure class=\"wp-block-gallery has-nested-images columns-default is-cropped wp-block-gallery-1 is-layout-flex wp-block-gallery-is-layout-flex\">\n<figure class=\"wp-block-image size-large\"><img loading=\"lazy\" decoding=\"async\" width=\"1024\" height=\"682\" data-id=\"2249\" src=\"https:\/\/szkolydoktorskie.uwb.edu.pl\/ns\/wp-content\/uploads\/sites\/2\/2024\/01\/Stokowski_Michal_JDR_VisitScholar_Lovewigs2023_15167271-1024x682.jpg\" alt=\"\" class=\"wp-image-2249\" \/><\/figure>\n<\/figure>\n\n\n\n<div class=\"wp-block-group\"><div class=\"wp-block-group__inner-container is-layout-constrained wp-block-group-is-layout-constrained\">\n<figure class=\"wp-block-table\"><table><tbody><tr><td><strong>Imi\u0119 i nazwisko doktoranta:<\/strong><\/td><td><strong>Micha\u0142 Pawe\u0142 Stokowski &nbsp;<\/strong><\/td><\/tr><tr><td><strong>E-mail <\/strong><em>(w domenie UwB):<\/em><strong><\/strong><\/td><td><strong>&nbsp;<\/strong>m.stokowski@uwb.edu.pl<\/td><\/tr><tr><td><strong>Temat rozprawy doktorskiej<\/strong><\/td><td><em>Dekret Polskiego Komitety Wyzwolenia Narodowego z dnia 31 sierpnia 1944 r. o wymiarze kary dla faszystowsko-hitlerowskich zbrodniarzy winnych zab\u00f3jstw i zn\u0119cania si\u0119 nad ludno\u015bci\u0105 cywiln\u0105 i je\u0144cami oraz dla zdrajc\u00f3w Narodu Polskiego w orzecznictwie s\u0105d\u00f3w \u00f3wczesnego wojew\u00f3dztwa bia\u0142ostockiego<\/em><\/td><\/tr><tr><td><strong>Promotor<\/strong><\/td><td><strong>&nbsp;<\/strong>dr hab. Piotr Fiedorczyk, prof. UwB<\/td><\/tr><tr><td><strong>Promotor pomocniczy<\/strong><\/td><td><strong>&nbsp;<\/strong>&#8211;<\/td><\/tr><tr><td><strong>Wydzia\u0142<\/strong> <strong>Katedra\/Zak\u0142ad<\/strong><\/td><td>Wydzia\u0142 Prawa<br>Katedra Nauk Historyczno-Prawnych, Teorii i Filozofii Prawa oraz Komparatystyki Prawniczej<br>Pracownia Historii Prawa<\/td><\/tr><tr><td><\/td><td><strong>Publikacje naukowe<\/strong><\/td><\/tr><tr><td><em>Artyku\u0142y naukowe w czasopismach<\/em><\/td><td>1. Stokowski, M. (2021). Odpowiedzialno\u015b\u0107 Skarbu Pa\u0144stwa za przej\u0119cie nieruchomo\u015bci rolnych na mocy dekretu PKWN z 6 wrze\u015bnia 1944 roku o przeprowadzeniu reformy rolnej na przyk\u0142adzie maj\u0105tku Lubowicz Wielki. <em>Miscellanea Historico-Iuridica<\/em>, 19(2), s. 383\u2013403.<br><br>2. Stokowski, M. (2021). Z bada\u0144 nad bia\u0142ostockim epizodem w biografii Rafa\u0142a Lemkina. <em>Miscellanea Historico-Iuridica<\/em>, 20(1), s. 177\u2013186.<br><br>3. Stokowski, M. (2022). Powstanie i kulisy uchwalenia ustawy przechodniej z dnia 18 maja 1921 r. do Ustawy Konstytucyjnej z dnia 17 marca 1921 r. w sprawie czasowej organizacji w\u0142adzy zwierzchniej Rzeczypospolitej. Miscellanea Historico-Iuridica, 20(2), s. 57-69.<br><br>4. Stokowski, M. (2023). Projekt ustawy o nadzwyczajnych \u015brodkach dzia\u0142ania w interesie ochrony obywateli i pa\u0144stwa z 1981 r. Przyczynek do genezy stanu wojennego. <em>Miscellanea Historico-Iuridica<\/em>, 22(2), s. 373-396.<br><\/td><\/tr><tr><td><\/td><td><strong>Konferencje<\/strong><\/td><\/tr><tr><td><em>Wyst\u0105pienia na konferencjach naukowych<\/em><\/td><td>1. IV Og\u00f3lnopolski Zjazd K\u00f3\u0142 Historyczno-prawnych, zorganizowany na Uniwersytecie Jagiello\u0144skim w dniu , wyg\u0142oszenie referatu pt. <em>Powstanie i kulisy uchwalenia ustawy przechodniej z dnia 18 maja 1921 r. do Ustawy Konstytucyjnej z dnia 17 marca 1921 r. w sprawie czasowej organizacji w\u0142adzy zwierzchniej Rzeczypospolitej<\/em>.<br>&nbsp;<br>2. Udzia\u0142 w XVI Mi\u0119dzynarodowej Konferencji Naukowej z cyklu \u201eZ dziej\u00f3w prawa\u201d pt. Ewolucja prawa karnego na przestrzeni wiek\u00f3w \u2013 Malorum poena praesidium est bonis, zorganizowanej na Uniwersytecie Jagiello\u0144skim w dniu wyg\u0142oszenie referatu pt. <em>Geneza Stanu Wojennego<\/em>.<br>&nbsp;<br>3. Udzia\u0142 w Og\u00f3lnopolskiej Konferencji Naukowej \u201ePrzemiany i dziedzictwo systemu prawnego Polski Ludowej\u201d, zorganizowanej na Uniwersytecie w Bia\u0142ymstoku, wyg\u0142oszenie referatu pt. <em>Studia nad dekretem o wymiarze kary dla faszystowsko-hitlerowskich zbrodniarzy winnych zab\u00f3jstw i zn\u0119cania si\u0119 na ludno\u015bci\u0105 cywiln\u0105 i je\u0144cami oraz dla zdrajc\u00f3w Narodu Polskiego<\/em>.<br>&nbsp;<br>4. Udzia\u0142 w XVII Mi\u0119dzynarodowej Konferencji Naukowej z cyklu \u201eZ dziej\u00f3w prawa\u201d pt. Ewolucja prawa cywilnego na przestrzeni wiek\u00f3w &#8211; Volenti non fit iniuria, zorganizowanej na Uniwersytecie Jagiello\u0144skim, wyg\u0142oszenie referatu pt. <em>Kwestia indemnizacji za wyw\u0142aszczenie nieruchomo\u015bci rolnych na podstawie dekretu o reformie rolnej<\/em>.<br>&nbsp;<br>5. Udzia\u0142 w XXIX Og\u00f3lnopolskim Zje\u017adzie Historyk\u00f3w Ustroju i Prawa oraz Doktryn Polityczno-Prawnych pt. \u201eZnaczenie historii prawa dla wsp\u00f3\u0142czesnego dyskursu prawniczego\u201d zorganizowanym na Uniwersytecie Miko\u0142aja Kopernika w Toruniu, wyg\u0142oszenie referatu pt. <em>Odpowiedzialno\u015b\u0107 Skarbu Pa\u0144stwa za przej\u0119cie nieruchomo\u015bci rolnych na mocy dekretu PKWN z 6 wrze\u015bnia 1944 r. o przeprowadzeniu reformy rolnej na przyk\u0142adzie maj\u0105tku Lubowicz Wielki<\/em>.<\/td><\/tr><tr><td><\/td><td><strong>Inna aktywno\u015b\u0107 naukowa<\/strong><\/td><\/tr><tr><td><em>Inne aktywno\u015bci\/osi\u0105gni\u0119cia naukowe Doktoranta<\/em><\/td><td>W okresie 21 sierpnia -21 grudnia 2023 r. visiting scholar na Syracuse University \u2013 College of Law (Stany Zjednoczone) po\u0142\u0105czony z realizacj\u0105 sta\u017cu naukowego.<\/td><\/tr><\/tbody><\/table><\/figure>\n\n\n\n<p><\/p>\n<\/div><\/div>\n","protected":false},"excerpt":{"rendered":"<p>Imi\u0119 i nazwisko doktoranta: Micha\u0142 Pawe\u0142 Stokowski &nbsp; E-mail (w domenie UwB): &nbsp;m.stokowski@uwb.edu.pl Temat rozprawy doktorskiej Dekret Polskiego Komitety Wyzwolenia Narodowego z dnia 31 sierpnia 1944 r. o wymiarze kary&hellip;<\/p>\n","protected":false},"author":7,"featured_media":0,"parent":0,"menu_order":0,"comment_status":"closed","ping_status":"closed","template":"","meta":{"footnotes":""},"class_list":["post-1419","page","type-page","status-publish","hentry"],"yoast_head":"<!-- This site is optimized with the Yoast SEO plugin v27.4 - https:\/\/yoast.com\/product\/yoast-seo-wordpress\/ -->\n<title>Stokowski Micha\u0142 Pawe\u0142 - Szko\u0142a Doktorska Nauk Spo\u0142ecznych UwB<\/title>\n<meta name=\"robots\" content=\"index, follow, max-snippet:-1, max-image-preview:large, max-video-preview:-1\" \/>\n<link rel=\"canonical\" href=\"https:\/\/szkolydoktorskie.uwb.edu.pl\/ns\/stokowski-michal-pawel\/\" \/>\n<meta property=\"og:locale\" content=\"pl_PL\" \/>\n<meta property=\"og:type\" content=\"article\" \/>\n<meta property=\"og:title\" content=\"Stokowski Micha\u0142 Pawe\u0142 - Szko\u0142a Doktorska Nauk Spo\u0142ecznych UwB\" \/>\n<meta property=\"og:description\" content=\"Imi\u0119 i nazwisko doktoranta: Micha\u0142 Pawe\u0142 Stokowski &nbsp; E-mail (w domenie UwB): &nbsp;m.stokowski@uwb.edu.pl Temat rozprawy doktorskiej Dekret Polskiego Komitety Wyzwolenia Narodowego z dnia 31 sierpnia 1944 r. o wymiarze kary&hellip;\" \/>\n<meta property=\"og:url\" content=\"https:\/\/szkolydoktorskie.uwb.edu.pl\/ns\/stokowski-michal-pawel\/\" \/>\n<meta property=\"og:site_name\" content=\"Szko\u0142a Doktorska Nauk Spo\u0142ecznych UwB\" \/>\n<meta property=\"article:modified_time\" content=\"2024-01-03T08:48:37+00:00\" \/>\n<meta property=\"og:image\" content=\"https:\/\/szkolydoktorskie.uwb.edu.pl\/ns\/wp-content\/uploads\/sites\/2\/2024\/01\/Stokowski_Michal_JDR_VisitScholar_Lovewigs2023_15167271-1024x682.jpg\" \/>\n<meta name=\"twitter:card\" content=\"summary_large_image\" \/>\n<meta name=\"twitter:label1\" content=\"Szacowany czas czytania\" \/>\n\t<meta name=\"twitter:data1\" content=\"3 minuty\" \/>\n<script type=\"application\/ld+json\" class=\"yoast-schema-graph\">{\"@context\":\"https:\\\/\\\/schema.org\",\"@graph\":[{\"@type\":\"WebPage\",\"@id\":\"https:\\\/\\\/szkolydoktorskie.uwb.edu.pl\\\/ns\\\/stokowski-michal-pawel\\\/\",\"url\":\"https:\\\/\\\/szkolydoktorskie.uwb.edu.pl\\\/ns\\\/stokowski-michal-pawel\\\/\",\"name\":\"Stokowski Micha\u0142 Pawe\u0142 - Szko\u0142a Doktorska Nauk Spo\u0142ecznych UwB\",\"isPartOf\":{\"@id\":\"https:\\\/\\\/szkolydoktorskie.uwb.edu.pl\\\/ns\\\/#website\"},\"primaryImageOfPage\":{\"@id\":\"https:\\\/\\\/szkolydoktorskie.uwb.edu.pl\\\/ns\\\/stokowski-michal-pawel\\\/#primaryimage\"},\"image\":{\"@id\":\"https:\\\/\\\/szkolydoktorskie.uwb.edu.pl\\\/ns\\\/stokowski-michal-pawel\\\/#primaryimage\"},\"thumbnailUrl\":\"https:\\\/\\\/szkolydoktorskie.uwb.edu.pl\\\/ns\\\/wp-content\\\/uploads\\\/sites\\\/2\\\/2024\\\/01\\\/Stokowski_Michal_JDR_VisitScholar_Lovewigs2023_15167271-1024x682.jpg\",\"datePublished\":\"2022-11-30T08:21:01+00:00\",\"dateModified\":\"2024-01-03T08:48:37+00:00\",\"breadcrumb\":{\"@id\":\"https:\\\/\\\/szkolydoktorskie.uwb.edu.pl\\\/ns\\\/stokowski-michal-pawel\\\/#breadcrumb\"},\"inLanguage\":\"pl-PL\",\"potentialAction\":[{\"@type\":\"ReadAction\",\"target\":[\"https:\\\/\\\/szkolydoktorskie.uwb.edu.pl\\\/ns\\\/stokowski-michal-pawel\\\/\"]}]},{\"@type\":\"ImageObject\",\"inLanguage\":\"pl-PL\",\"@id\":\"https:\\\/\\\/szkolydoktorskie.uwb.edu.pl\\\/ns\\\/stokowski-michal-pawel\\\/#primaryimage\",\"url\":\"https:\\\/\\\/szkolydoktorskie.uwb.edu.pl\\\/ns\\\/wp-content\\\/uploads\\\/sites\\\/2\\\/2024\\\/01\\\/Stokowski_Michal_JDR_VisitScholar_Lovewigs2023_15167271-scaled-e1704267755816.jpg\",\"contentUrl\":\"https:\\\/\\\/szkolydoktorskie.uwb.edu.pl\\\/ns\\\/wp-content\\\/uploads\\\/sites\\\/2\\\/2024\\\/01\\\/Stokowski_Michal_JDR_VisitScholar_Lovewigs2023_15167271-scaled-e1704267755816.jpg\",\"width\":1000,\"height\":666},{\"@type\":\"BreadcrumbList\",\"@id\":\"https:\\\/\\\/szkolydoktorskie.uwb.edu.pl\\\/ns\\\/stokowski-michal-pawel\\\/#breadcrumb\",\"itemListElement\":[{\"@type\":\"ListItem\",\"position\":1,\"name\":\"Strona g\u0142\u00f3wna\",\"item\":\"https:\\\/\\\/szkolydoktorskie.uwb.edu.pl\\\/ns\\\/\"},{\"@type\":\"ListItem\",\"position\":2,\"name\":\"Stokowski Micha\u0142 Pawe\u0142\"}]},{\"@type\":\"WebSite\",\"@id\":\"https:\\\/\\\/szkolydoktorskie.uwb.edu.pl\\\/ns\\\/#website\",\"url\":\"https:\\\/\\\/szkolydoktorskie.uwb.edu.pl\\\/ns\\\/\",\"name\":\"Szko\u0142a Doktorska Nauk Spo\u0142ecznych UwB\",\"description\":\"Szko\u0142a Doktorska Nauk Spo\u0142ecznych UwB\",\"publisher\":{\"@id\":\"https:\\\/\\\/szkolydoktorskie.uwb.edu.pl\\\/ns\\\/#organization\"},\"potentialAction\":[{\"@type\":\"SearchAction\",\"target\":{\"@type\":\"EntryPoint\",\"urlTemplate\":\"https:\\\/\\\/szkolydoktorskie.uwb.edu.pl\\\/ns\\\/?s={search_term_string}\"},\"query-input\":{\"@type\":\"PropertyValueSpecification\",\"valueRequired\":true,\"valueName\":\"search_term_string\"}}],\"inLanguage\":\"pl-PL\"},{\"@type\":\"Organization\",\"@id\":\"https:\\\/\\\/szkolydoktorskie.uwb.edu.pl\\\/ns\\\/#organization\",\"name\":\"Szko\u0142a Doktorska Nauk Spo\u0142ecznych UwB\",\"url\":\"https:\\\/\\\/szkolydoktorskie.uwb.edu.pl\\\/ns\\\/\",\"logo\":{\"@type\":\"ImageObject\",\"inLanguage\":\"pl-PL\",\"@id\":\"https:\\\/\\\/szkolydoktorskie.uwb.edu.pl\\\/ns\\\/#\\\/schema\\\/logo\\\/image\\\/\",\"url\":\"https:\\\/\\\/szkolydoktorskie.uwb.edu.pl\\\/ns\\\/wp-content\\\/uploads\\\/sites\\\/2\\\/2021\\\/04\\\/cropped-NS-LOGO.png\",\"contentUrl\":\"https:\\\/\\\/szkolydoktorskie.uwb.edu.pl\\\/ns\\\/wp-content\\\/uploads\\\/sites\\\/2\\\/2021\\\/04\\\/cropped-NS-LOGO.png\",\"width\":705,\"height\":188,\"caption\":\"Szko\u0142a Doktorska Nauk Spo\u0142ecznych UwB\"},\"image\":{\"@id\":\"https:\\\/\\\/szkolydoktorskie.uwb.edu.pl\\\/ns\\\/#\\\/schema\\\/logo\\\/image\\\/\"}}]}<\/script>\n<!-- \/ Yoast SEO plugin. -->","yoast_head_json":{"title":"Stokowski Micha\u0142 Pawe\u0142 - Szko\u0142a Doktorska Nauk Spo\u0142ecznych UwB","robots":{"index":"index","follow":"follow","max-snippet":"max-snippet:-1","max-image-preview":"max-image-preview:large","max-video-preview":"max-video-preview:-1"},"canonical":"https:\/\/szkolydoktorskie.uwb.edu.pl\/ns\/stokowski-michal-pawel\/","og_locale":"pl_PL","og_type":"article","og_title":"Stokowski Micha\u0142 Pawe\u0142 - Szko\u0142a Doktorska Nauk Spo\u0142ecznych UwB","og_description":"Imi\u0119 i nazwisko doktoranta: Micha\u0142 Pawe\u0142 Stokowski &nbsp; E-mail (w domenie UwB): &nbsp;m.stokowski@uwb.edu.pl Temat rozprawy doktorskiej Dekret Polskiego Komitety Wyzwolenia Narodowego z dnia 31 sierpnia 1944 r. o wymiarze kary&hellip;","og_url":"https:\/\/szkolydoktorskie.uwb.edu.pl\/ns\/stokowski-michal-pawel\/","og_site_name":"Szko\u0142a Doktorska Nauk Spo\u0142ecznych UwB","article_modified_time":"2024-01-03T08:48:37+00:00","og_image":[{"url":"https:\/\/szkolydoktorskie.uwb.edu.pl\/ns\/wp-content\/uploads\/sites\/2\/2024\/01\/Stokowski_Michal_JDR_VisitScholar_Lovewigs2023_15167271-1024x682.jpg","type":"","width":"","height":""}],"twitter_card":"summary_large_image","twitter_misc":{"Szacowany czas czytania":"3 minuty"},"schema":{"@context":"https:\/\/schema.org","@graph":[{"@type":"WebPage","@id":"https:\/\/szkolydoktorskie.uwb.edu.pl\/ns\/stokowski-michal-pawel\/","url":"https:\/\/szkolydoktorskie.uwb.edu.pl\/ns\/stokowski-michal-pawel\/","name":"Stokowski Micha\u0142 Pawe\u0142 - Szko\u0142a Doktorska Nauk Spo\u0142ecznych UwB","isPartOf":{"@id":"https:\/\/szkolydoktorskie.uwb.edu.pl\/ns\/#website"},"primaryImageOfPage":{"@id":"https:\/\/szkolydoktorskie.uwb.edu.pl\/ns\/stokowski-michal-pawel\/#primaryimage"},"image":{"@id":"https:\/\/szkolydoktorskie.uwb.edu.pl\/ns\/stokowski-michal-pawel\/#primaryimage"},"thumbnailUrl":"https:\/\/szkolydoktorskie.uwb.edu.pl\/ns\/wp-content\/uploads\/sites\/2\/2024\/01\/Stokowski_Michal_JDR_VisitScholar_Lovewigs2023_15167271-1024x682.jpg","datePublished":"2022-11-30T08:21:01+00:00","dateModified":"2024-01-03T08:48:37+00:00","breadcrumb":{"@id":"https:\/\/szkolydoktorskie.uwb.edu.pl\/ns\/stokowski-michal-pawel\/#breadcrumb"},"inLanguage":"pl-PL","potentialAction":[{"@type":"ReadAction","target":["https:\/\/szkolydoktorskie.uwb.edu.pl\/ns\/stokowski-michal-pawel\/"]}]},{"@type":"ImageObject","inLanguage":"pl-PL","@id":"https:\/\/szkolydoktorskie.uwb.edu.pl\/ns\/stokowski-michal-pawel\/#primaryimage","url":"https:\/\/szkolydoktorskie.uwb.edu.pl\/ns\/wp-content\/uploads\/sites\/2\/2024\/01\/Stokowski_Michal_JDR_VisitScholar_Lovewigs2023_15167271-scaled-e1704267755816.jpg","contentUrl":"https:\/\/szkolydoktorskie.uwb.edu.pl\/ns\/wp-content\/uploads\/sites\/2\/2024\/01\/Stokowski_Michal_JDR_VisitScholar_Lovewigs2023_15167271-scaled-e1704267755816.jpg","width":1000,"height":666},{"@type":"BreadcrumbList","@id":"https:\/\/szkolydoktorskie.uwb.edu.pl\/ns\/stokowski-michal-pawel\/#breadcrumb","itemListElement":[{"@type":"ListItem","position":1,"name":"Strona g\u0142\u00f3wna","item":"https:\/\/szkolydoktorskie.uwb.edu.pl\/ns\/"},{"@type":"ListItem","position":2,"name":"Stokowski Micha\u0142 Pawe\u0142"}]},{"@type":"WebSite","@id":"https:\/\/szkolydoktorskie.uwb.edu.pl\/ns\/#website","url":"https:\/\/szkolydoktorskie.uwb.edu.pl\/ns\/","name":"Szko\u0142a Doktorska Nauk Spo\u0142ecznych UwB","description":"Szko\u0142a Doktorska Nauk Spo\u0142ecznych UwB","publisher":{"@id":"https:\/\/szkolydoktorskie.uwb.edu.pl\/ns\/#organization"},"potentialAction":[{"@type":"SearchAction","target":{"@type":"EntryPoint","urlTemplate":"https:\/\/szkolydoktorskie.uwb.edu.pl\/ns\/?s={search_term_string}"},"query-input":{"@type":"PropertyValueSpecification","valueRequired":true,"valueName":"search_term_string"}}],"inLanguage":"pl-PL"},{"@type":"Organization","@id":"https:\/\/szkolydoktorskie.uwb.edu.pl\/ns\/#organization","name":"Szko\u0142a Doktorska Nauk Spo\u0142ecznych UwB","url":"https:\/\/szkolydoktorskie.uwb.edu.pl\/ns\/","logo":{"@type":"ImageObject","inLanguage":"pl-PL","@id":"https:\/\/szkolydoktorskie.uwb.edu.pl\/ns\/#\/schema\/logo\/image\/","url":"https:\/\/szkolydoktorskie.uwb.edu.pl\/ns\/wp-content\/uploads\/sites\/2\/2021\/04\/cropped-NS-LOGO.png","contentUrl":"https:\/\/szkolydoktorskie.uwb.edu.pl\/ns\/wp-content\/uploads\/sites\/2\/2021\/04\/cropped-NS-LOGO.png","width":705,"height":188,"caption":"Szko\u0142a Doktorska Nauk Spo\u0142ecznych UwB"},"image":{"@id":"https:\/\/szkolydoktorskie.uwb.edu.pl\/ns\/#\/schema\/logo\/image\/"}}]}},"_links":{"self":[{"href":"https:\/\/szkolydoktorskie.uwb.edu.pl\/ns\/wp-json\/wp\/v2\/pages\/1419","targetHints":{"allow":["GET"]}}],"collection":[{"href":"https:\/\/szkolydoktorskie.uwb.edu.pl\/ns\/wp-json\/wp\/v2\/pages"}],"about":[{"href":"https:\/\/szkolydoktorskie.uwb.edu.pl\/ns\/wp-json\/wp\/v2\/types\/page"}],"author":[{"embeddable":true,"href":"https:\/\/szkolydoktorskie.uwb.edu.pl\/ns\/wp-json\/wp\/v2\/users\/7"}],"replies":[{"embeddable":true,"href":"https:\/\/szkolydoktorskie.uwb.edu.pl\/ns\/wp-json\/wp\/v2\/comments?post=1419"}],"version-history":[{"count":6,"href":"https:\/\/szkolydoktorskie.uwb.edu.pl\/ns\/wp-json\/wp\/v2\/pages\/1419\/revisions"}],"predecessor-version":[{"id":2257,"href":"https:\/\/szkolydoktorskie.uwb.edu.pl\/ns\/wp-json\/wp\/v2\/pages\/1419\/revisions\/2257"}],"wp:attachment":[{"href":"https:\/\/szkolydoktorskie.uwb.edu.pl\/ns\/wp-json\/wp\/v2\/media?parent=1419"}],"curies":[{"name":"wp","href":"https:\/\/api.w.org\/{rel}","templated":true}]}}