{"id":1417,"date":"2022-11-30T09:19:00","date_gmt":"2022-11-30T08:19:00","guid":{"rendered":"https:\/\/szkolydoktorskie.uwb.edu.pl\/ns\/?page_id=1417"},"modified":"2022-11-30T09:19:00","modified_gmt":"2022-11-30T08:19:00","slug":"staniurski-pawel","status":"publish","type":"page","link":"https:\/\/szkolydoktorskie.uwb.edu.pl\/ns\/staniurski-pawel\/","title":{"rendered":"Staniurski Pawe\u0142"},"content":{"rendered":"\n<figure class=\"wp-block-table\"><table><tbody><tr><td><strong>Imi\u0119 i nazwisko doktoranta:<\/strong><\/td><td><strong>\u00a0Pawe\u0142 Staniurski <\/strong><\/td><\/tr><tr><td><strong>E-mail <\/strong><em>(w domenie UwB):<\/em><strong><\/strong><\/td><td><strong>\u00a0<\/strong>p.staniurski@uwb.edu.pl<\/td><\/tr><tr><td><strong>Temat rozprawy doktorskiej<\/strong><\/td><td><em>Obraz kobiecej awangardy &#8222;Solidarno\u015bci&#8221; i jej historycznej roli, przedstawiony w dyskursie polskich elit symbolicznych po roku 1989<\/em><\/td><\/tr><tr><td><strong>Promotor<\/strong><\/td><td><strong>\u00a0<\/strong>dr hab. Ma\u0142gorzata Bie\u0144kowska, prof. UwB<\/td><\/tr><tr><td><strong>Promotor pomocniczy<\/strong><\/td><td><strong>\u00a0<\/strong>&#8211;<\/td><\/tr><tr><td><strong>Wydzia\u0142<\/strong> <strong>Katedra\/Zak\u0142ad<\/strong><\/td><td>Instytut Socjologii<br>Zak\u0142ad Socjologii Kultury<\/td><\/tr><\/tbody><\/table><\/figure>\n","protected":false},"excerpt":{"rendered":"<p>Imi\u0119 i nazwisko doktoranta: \u00a0Pawe\u0142 Staniurski E-mail (w domenie UwB): \u00a0p.staniurski@uwb.edu.pl Temat rozprawy doktorskiej Obraz kobiecej awangardy &#8222;Solidarno\u015bci&#8221; i jej historycznej roli, przedstawiony w dyskursie polskich elit symbolicznych po roku&hellip;<\/p>\n","protected":false},"author":7,"featured_media":0,"parent":0,"menu_order":0,"comment_status":"closed","ping_status":"closed","template":"","meta":{"footnotes":""},"class_list":["post-1417","page","type-page","status-publish","hentry"],"yoast_head":"<!-- This site is optimized with the Yoast SEO plugin v27.4 - https:\/\/yoast.com\/product\/yoast-seo-wordpress\/ -->\n<title>Staniurski Pawe\u0142 - Szko\u0142a Doktorska Nauk Spo\u0142ecznych UwB<\/title>\n<meta name=\"robots\" content=\"index, follow, max-snippet:-1, max-image-preview:large, max-video-preview:-1\" \/>\n<link rel=\"canonical\" href=\"https:\/\/szkolydoktorskie.uwb.edu.pl\/ns\/staniurski-pawel\/\" \/>\n<meta property=\"og:locale\" content=\"pl_PL\" \/>\n<meta property=\"og:type\" content=\"article\" \/>\n<meta property=\"og:title\" content=\"Staniurski Pawe\u0142 - Szko\u0142a Doktorska Nauk Spo\u0142ecznych UwB\" \/>\n<meta property=\"og:description\" content=\"Imi\u0119 i nazwisko doktoranta: \u00a0Pawe\u0142 Staniurski E-mail (w domenie UwB): \u00a0p.staniurski@uwb.edu.pl Temat rozprawy doktorskiej Obraz kobiecej awangardy &#8222;Solidarno\u015bci&#8221; i jej historycznej roli, przedstawiony w dyskursie polskich elit symbolicznych po roku&hellip;\" \/>\n<meta property=\"og:url\" content=\"https:\/\/szkolydoktorskie.uwb.edu.pl\/ns\/staniurski-pawel\/\" \/>\n<meta property=\"og:site_name\" content=\"Szko\u0142a Doktorska Nauk Spo\u0142ecznych UwB\" \/>\n<meta name=\"twitter:card\" content=\"summary_large_image\" \/>\n<meta name=\"twitter:label1\" content=\"Szacowany czas czytania\" \/>\n\t<meta name=\"twitter:data1\" content=\"1 minuta\" \/>\n<script type=\"application\/ld+json\" class=\"yoast-schema-graph\">{\"@context\":\"https:\\\/\\\/schema.org\",\"@graph\":[{\"@type\":\"WebPage\",\"@id\":\"https:\\\/\\\/szkolydoktorskie.uwb.edu.pl\\\/ns\\\/staniurski-pawel\\\/\",\"url\":\"https:\\\/\\\/szkolydoktorskie.uwb.edu.pl\\\/ns\\\/staniurski-pawel\\\/\",\"name\":\"Staniurski Pawe\u0142 - Szko\u0142a Doktorska Nauk Spo\u0142ecznych UwB\",\"isPartOf\":{\"@id\":\"https:\\\/\\\/szkolydoktorskie.uwb.edu.pl\\\/ns\\\/#website\"},\"datePublished\":\"2022-11-30T08:19:00+00:00\",\"breadcrumb\":{\"@id\":\"https:\\\/\\\/szkolydoktorskie.uwb.edu.pl\\\/ns\\\/staniurski-pawel\\\/#breadcrumb\"},\"inLanguage\":\"pl-PL\",\"potentialAction\":[{\"@type\":\"ReadAction\",\"target\":[\"https:\\\/\\\/szkolydoktorskie.uwb.edu.pl\\\/ns\\\/staniurski-pawel\\\/\"]}]},{\"@type\":\"BreadcrumbList\",\"@id\":\"https:\\\/\\\/szkolydoktorskie.uwb.edu.pl\\\/ns\\\/staniurski-pawel\\\/#breadcrumb\",\"itemListElement\":[{\"@type\":\"ListItem\",\"position\":1,\"name\":\"Strona g\u0142\u00f3wna\",\"item\":\"https:\\\/\\\/szkolydoktorskie.uwb.edu.pl\\\/ns\\\/\"},{\"@type\":\"ListItem\",\"position\":2,\"name\":\"Staniurski Pawe\u0142\"}]},{\"@type\":\"WebSite\",\"@id\":\"https:\\\/\\\/szkolydoktorskie.uwb.edu.pl\\\/ns\\\/#website\",\"url\":\"https:\\\/\\\/szkolydoktorskie.uwb.edu.pl\\\/ns\\\/\",\"name\":\"Szko\u0142a Doktorska Nauk Spo\u0142ecznych UwB\",\"description\":\"Szko\u0142a Doktorska Nauk Spo\u0142ecznych UwB\",\"publisher\":{\"@id\":\"https:\\\/\\\/szkolydoktorskie.uwb.edu.pl\\\/ns\\\/#organization\"},\"potentialAction\":[{\"@type\":\"SearchAction\",\"target\":{\"@type\":\"EntryPoint\",\"urlTemplate\":\"https:\\\/\\\/szkolydoktorskie.uwb.edu.pl\\\/ns\\\/?s={search_term_string}\"},\"query-input\":{\"@type\":\"PropertyValueSpecification\",\"valueRequired\":true,\"valueName\":\"search_term_string\"}}],\"inLanguage\":\"pl-PL\"},{\"@type\":\"Organization\",\"@id\":\"https:\\\/\\\/szkolydoktorskie.uwb.edu.pl\\\/ns\\\/#organization\",\"name\":\"Szko\u0142a Doktorska Nauk Spo\u0142ecznych UwB\",\"url\":\"https:\\\/\\\/szkolydoktorskie.uwb.edu.pl\\\/ns\\\/\",\"logo\":{\"@type\":\"ImageObject\",\"inLanguage\":\"pl-PL\",\"@id\":\"https:\\\/\\\/szkolydoktorskie.uwb.edu.pl\\\/ns\\\/#\\\/schema\\\/logo\\\/image\\\/\",\"url\":\"https:\\\/\\\/szkolydoktorskie.uwb.edu.pl\\\/ns\\\/wp-content\\\/uploads\\\/sites\\\/2\\\/2021\\\/04\\\/cropped-NS-LOGO.png\",\"contentUrl\":\"https:\\\/\\\/szkolydoktorskie.uwb.edu.pl\\\/ns\\\/wp-content\\\/uploads\\\/sites\\\/2\\\/2021\\\/04\\\/cropped-NS-LOGO.png\",\"width\":705,\"height\":188,\"caption\":\"Szko\u0142a Doktorska Nauk Spo\u0142ecznych UwB\"},\"image\":{\"@id\":\"https:\\\/\\\/szkolydoktorskie.uwb.edu.pl\\\/ns\\\/#\\\/schema\\\/logo\\\/image\\\/\"}}]}<\/script>\n<!-- \/ Yoast SEO plugin. -->","yoast_head_json":{"title":"Staniurski Pawe\u0142 - Szko\u0142a Doktorska Nauk Spo\u0142ecznych UwB","robots":{"index":"index","follow":"follow","max-snippet":"max-snippet:-1","max-image-preview":"max-image-preview:large","max-video-preview":"max-video-preview:-1"},"canonical":"https:\/\/szkolydoktorskie.uwb.edu.pl\/ns\/staniurski-pawel\/","og_locale":"pl_PL","og_type":"article","og_title":"Staniurski Pawe\u0142 - Szko\u0142a Doktorska Nauk Spo\u0142ecznych UwB","og_description":"Imi\u0119 i nazwisko doktoranta: \u00a0Pawe\u0142 Staniurski E-mail (w domenie UwB): \u00a0p.staniurski@uwb.edu.pl Temat rozprawy doktorskiej Obraz kobiecej awangardy &#8222;Solidarno\u015bci&#8221; i jej historycznej roli, przedstawiony w dyskursie polskich elit symbolicznych po roku&hellip;","og_url":"https:\/\/szkolydoktorskie.uwb.edu.pl\/ns\/staniurski-pawel\/","og_site_name":"Szko\u0142a Doktorska Nauk Spo\u0142ecznych UwB","twitter_card":"summary_large_image","twitter_misc":{"Szacowany czas czytania":"1 minuta"},"schema":{"@context":"https:\/\/schema.org","@graph":[{"@type":"WebPage","@id":"https:\/\/szkolydoktorskie.uwb.edu.pl\/ns\/staniurski-pawel\/","url":"https:\/\/szkolydoktorskie.uwb.edu.pl\/ns\/staniurski-pawel\/","name":"Staniurski Pawe\u0142 - Szko\u0142a Doktorska Nauk Spo\u0142ecznych UwB","isPartOf":{"@id":"https:\/\/szkolydoktorskie.uwb.edu.pl\/ns\/#website"},"datePublished":"2022-11-30T08:19:00+00:00","breadcrumb":{"@id":"https:\/\/szkolydoktorskie.uwb.edu.pl\/ns\/staniurski-pawel\/#breadcrumb"},"inLanguage":"pl-PL","potentialAction":[{"@type":"ReadAction","target":["https:\/\/szkolydoktorskie.uwb.edu.pl\/ns\/staniurski-pawel\/"]}]},{"@type":"BreadcrumbList","@id":"https:\/\/szkolydoktorskie.uwb.edu.pl\/ns\/staniurski-pawel\/#breadcrumb","itemListElement":[{"@type":"ListItem","position":1,"name":"Strona g\u0142\u00f3wna","item":"https:\/\/szkolydoktorskie.uwb.edu.pl\/ns\/"},{"@type":"ListItem","position":2,"name":"Staniurski Pawe\u0142"}]},{"@type":"WebSite","@id":"https:\/\/szkolydoktorskie.uwb.edu.pl\/ns\/#website","url":"https:\/\/szkolydoktorskie.uwb.edu.pl\/ns\/","name":"Szko\u0142a Doktorska Nauk Spo\u0142ecznych UwB","description":"Szko\u0142a Doktorska Nauk Spo\u0142ecznych UwB","publisher":{"@id":"https:\/\/szkolydoktorskie.uwb.edu.pl\/ns\/#organization"},"potentialAction":[{"@type":"SearchAction","target":{"@type":"EntryPoint","urlTemplate":"https:\/\/szkolydoktorskie.uwb.edu.pl\/ns\/?s={search_term_string}"},"query-input":{"@type":"PropertyValueSpecification","valueRequired":true,"valueName":"search_term_string"}}],"inLanguage":"pl-PL"},{"@type":"Organization","@id":"https:\/\/szkolydoktorskie.uwb.edu.pl\/ns\/#organization","name":"Szko\u0142a Doktorska Nauk Spo\u0142ecznych UwB","url":"https:\/\/szkolydoktorskie.uwb.edu.pl\/ns\/","logo":{"@type":"ImageObject","inLanguage":"pl-PL","@id":"https:\/\/szkolydoktorskie.uwb.edu.pl\/ns\/#\/schema\/logo\/image\/","url":"https:\/\/szkolydoktorskie.uwb.edu.pl\/ns\/wp-content\/uploads\/sites\/2\/2021\/04\/cropped-NS-LOGO.png","contentUrl":"https:\/\/szkolydoktorskie.uwb.edu.pl\/ns\/wp-content\/uploads\/sites\/2\/2021\/04\/cropped-NS-LOGO.png","width":705,"height":188,"caption":"Szko\u0142a Doktorska Nauk Spo\u0142ecznych UwB"},"image":{"@id":"https:\/\/szkolydoktorskie.uwb.edu.pl\/ns\/#\/schema\/logo\/image\/"}}]}},"_links":{"self":[{"href":"https:\/\/szkolydoktorskie.uwb.edu.pl\/ns\/wp-json\/wp\/v2\/pages\/1417","targetHints":{"allow":["GET"]}}],"collection":[{"href":"https:\/\/szkolydoktorskie.uwb.edu.pl\/ns\/wp-json\/wp\/v2\/pages"}],"about":[{"href":"https:\/\/szkolydoktorskie.uwb.edu.pl\/ns\/wp-json\/wp\/v2\/types\/page"}],"author":[{"embeddable":true,"href":"https:\/\/szkolydoktorskie.uwb.edu.pl\/ns\/wp-json\/wp\/v2\/users\/7"}],"replies":[{"embeddable":true,"href":"https:\/\/szkolydoktorskie.uwb.edu.pl\/ns\/wp-json\/wp\/v2\/comments?post=1417"}],"version-history":[{"count":1,"href":"https:\/\/szkolydoktorskie.uwb.edu.pl\/ns\/wp-json\/wp\/v2\/pages\/1417\/revisions"}],"predecessor-version":[{"id":1418,"href":"https:\/\/szkolydoktorskie.uwb.edu.pl\/ns\/wp-json\/wp\/v2\/pages\/1417\/revisions\/1418"}],"wp:attachment":[{"href":"https:\/\/szkolydoktorskie.uwb.edu.pl\/ns\/wp-json\/wp\/v2\/media?parent=1417"}],"curies":[{"name":"wp","href":"https:\/\/api.w.org\/{rel}","templated":true}]}}