{"id":1407,"date":"2022-11-30T09:09:36","date_gmt":"2022-11-30T08:09:36","guid":{"rendered":"https:\/\/szkolydoktorskie.uwb.edu.pl\/ns\/?page_id=1407"},"modified":"2023-10-05T10:15:26","modified_gmt":"2023-10-05T08:15:26","slug":"lukasiak-anna","status":"publish","type":"page","link":"https:\/\/szkolydoktorskie.uwb.edu.pl\/ns\/lukasiak-anna\/","title":{"rendered":"\u0141ukasiak Anna"},"content":{"rendered":"\n<div class=\"wp-block-group\"><div class=\"wp-block-group__inner-container is-layout-constrained wp-block-group-is-layout-constrained\">\n<figure class=\"wp-block-table\"><table><tbody><tr><td><strong>Imi\u0119 i nazwisko doktoranta:<\/strong><\/td><td><strong>Anna \u0141ukasiak&nbsp;<\/strong><\/td><\/tr><tr><td><strong>ORCID<\/strong><\/td><td>0000-0002-0978-5719<\/td><\/tr><tr><td><strong>E-mail <\/strong><em>(w domenie UwB):<\/em><strong><\/strong><\/td><td><strong>&nbsp;<\/strong>a.lukasiak@uwb.edu.pl<\/td><\/tr><tr><td><strong>Temat rozprawy doktorskiej<\/strong><\/td><td><em>Potencja\u0142 resocjalizacyjny gier komputerowych na przyk\u0142adzie gry &#8222;This War of Mine&#8221; &#8211; analiza empiryczna<\/em><\/td><\/tr><tr><td><strong>Promotor<\/strong><\/td><td><strong>&nbsp;<\/strong>prof. dr hab. Marek Konopczy\u0144ski <\/td><\/tr><tr><td><strong>Promotor pomocniczy<\/strong><\/td><td><strong>&nbsp;<\/strong>dr Remigiusz Kopoczek <\/td><\/tr><tr><td><strong>Wydzia\u0142<\/strong> <strong>Katedra\/Zak\u0142ad<\/strong><\/td><td>Wydzia\u0142 Nauk o Edukacji<br>Katedra Pedagogiki Specjalnej i Dzia\u0142a\u0144 Tw\u00f3rczych<br>Zak\u0142ad Tw\u00f3rczej Resocjalizacji<\/td><\/tr><tr><td><\/td><td><strong>Publikacje naukowe<\/strong><\/td><\/tr><tr><td><em>Artyku\u0142y naukowe w czasopismach<\/em><\/td><td>\u0141ukasiak A., Nowak J. (2021). <em>Romantyzowanie przest\u0119pc\u00f3w przez cybersubkultury m\u0142odzie\u017cowe \u2013 og\u00f3lne wprowadzenie do problematyki<\/em>. Problemy Opieku\u0144czo-Wychowawcze, nr 10, tom 605,<br>s. 3-16.<\/td><\/tr><tr><td><em>Monografie naukowe\/rozdzia\u0142y w monografiach<\/em><\/td><td>1.\u00a0\u00a0\u00a0\u00a0\u00a0 \u0141ukasiak A., Nowak J. (2020). <em>Przypadek Fritza Haarmanna \u2013 Historia \u201eRze\u017anika z Hanoweru\u201d<\/em>.\u00a0 Krzpiet A. (red.). Po mrocznej stronie. Nauki humanistyczno-spo\u0142eczne w obliczu morderstw i strachu. Fundacja \u201edzie\u0144 dobry! kolektyw kultury\u201d, Siemanowice \u015al\u0105skie, s. 221-232.<br>\u00a0<br>2. \u0141ukasiak A., Nowak J. (2022) <em>Charakterystyka pobytu wychowank\u00f3w w Izbie Przej\u015bciowej w Zak\u0142adzie Poprawczym w Bia\u0142ymstoku<\/em>. Sawicki K., Manista-Markowska U. (red.). Zak\u0142ad Poprawczy w Bia\u0142ymstoku w systemie resocjalizacji. Z perspektywy zespo\u0142owych bada\u0144 terenowych. Temida 2, Bia\u0142ystok, s. 39-61.<\/td><\/tr><tr><td><\/td><td><strong>Konferencje <\/strong><\/td><\/tr><tr><td><em>Wyst\u0105pienia na konferencjach naukowych<\/em><\/td><td>1.&nbsp;&nbsp;&nbsp;&nbsp;&nbsp; Wyg\u0142oszenie referatu podczas Og\u00f3lnopolskiej Konferencji Naukowej \u201eHistorie z \u017cycia odebrane, czyli wszystko co zabiera nam zabijanie, mordowanie oraz czasu przemijanie\u201d na Wydziale \u201eArtes Liberales\u201d Uniwersytetu Warszawskiego w Warszawie w dn. 22-23 lutego 2020 r. Referat nosi\u0142 tytu\u0142 <em>\u201ePrzypadek Fritza Haarmanna \u2013 historia \u201eRze\u017anika z Hanoweru\u201d, <\/em>zosta\u0142 wyg\u0142oszony w j\u0119zyku polskim.<br>&nbsp;<br>2. Wyg\u0142oszenie referatu podczas I Og\u00f3lnopolskiego Kongresu Edukacyjnego Student\u00f3w i Doktorant\u00f3w &#8222;Innymi oczami. M\u0142ode Badaczki i Badacze o sobie, \u015bwiecie spo\u0142ecznym i swoich relacjach ze \u015bwiatem na Wydziale Studi\u00f3w Edukacyjnych Uniwersytetu im. Adama Mickiewicza w Poznaniu w dn. 20-21.04.2023 r. Referat nosi\u0142 tytu\u0142 <em>\u201ePotencja\u0142 resocjalizacyjny gier wideo na przyk\u0142adzie gry This War of Mine\u201d<\/em>, zosta\u0142 wyg\u0142oszony w j\u0119zyku polskim.<\/td><\/tr><tr><td><\/td><td><strong>Inna aktywno\u015b\u0107 naukowa<\/strong><\/td><\/tr><tr><td><em>Inne aktywno\u015bci\/osi\u0105gni\u0119cia naukowe Doktoranta<\/em><\/td><td><br>1.&nbsp;&nbsp;&nbsp;&nbsp;&nbsp; Prowadzenie zaj\u0119\u0107 dydaktycznych przygotowuj\u0105cych do mi\u0119dzynarodowej Szko\u0142y Letniej w Bia\u0142ymstoku w ramach programu \u201eSP YOUNG &#8211; Social Professions for Supporting Youth in a European Solidarity Context\u201d Erasmus+ (marzec-czerwiec 2022 r.)<br>&nbsp;<br>2.&nbsp;&nbsp;&nbsp;&nbsp;&nbsp; Prowadzenie zaj\u0119\u0107 w mi\u0119dzynarodowej Szkole Letniej w Bia\u0142ymstoku w ramach programu \u201eSP YOUNG &#8211; Social Professions for Supporting Youth in a Europeand Solidarity Context\u201d Erasmus+ (25.06-05.07.2022 r.)<br>&nbsp;<br>3.&nbsp;&nbsp;&nbsp;&nbsp;&nbsp; Praca przy organizacji og\u00f3lnopolskiej konferencji \u201eWolontariat drog\u0105 do praworz\u0105dno\u015bci. Metody tw\u00f3rczej resocjalizacji\u201d (17.11.2022 r.)<br>&nbsp;<br>4.&nbsp;&nbsp;&nbsp;&nbsp;&nbsp; Wsp\u00f3\u0142organizacja spotkania z przedstawicielami i wychowankami M\u0142odzie\u017cowego O\u015brodka Wychowawczego w Goni\u0105dzu oraz podpisanie porozumienia mi\u0119dzy Wydzia\u0142em Nauk o Edukacji UwB a MOW Goni\u0105dz (24.03.2022 r.)<br>&nbsp;<br>5.&nbsp;&nbsp;&nbsp;&nbsp;&nbsp; Wyst\u0105pienie promuj\u0105ce monografi\u0119 naukow\u0105 na kanale \u201eAkademickie Zacisze\u201d prowadzonym przez prof. dr. hab. Romana Lepperta (26.10.2022 r.)<br>&nbsp;<br>6.&nbsp;&nbsp;&nbsp;&nbsp;&nbsp; Nawi\u0105zanie wsp\u00f3\u0142pracy z mi\u0119dzynarodow\u0105 organizacj\u0105 non-profit Youth Organisations for Drug Action (YODA) (marzec-maj 2023 r.)<br>&nbsp;<br>7.&nbsp;&nbsp;&nbsp;&nbsp;&nbsp; Wyst\u0105pienie podczas 32. sesji Komisji ds. Zapobiegania Przest\u0119pczo\u015bci i Wymiaru Sprawiedliwo\u015bci w Sprawach Karnych (CCPCJ) organizowanej przez Organizacj\u0119 Narod\u00f3w Zjednoczonych w Wiedniu, Austria (22-26.05.2023 r.)<br>&nbsp;<\/td><\/tr><\/tbody><\/table><\/figure>\n<\/div><\/div>\n","protected":false},"excerpt":{"rendered":"<p>Imi\u0119 i nazwisko doktoranta: Anna \u0141ukasiak&nbsp; ORCID 0000-0002-0978-5719 E-mail (w domenie UwB): &nbsp;a.lukasiak@uwb.edu.pl Temat rozprawy doktorskiej Potencja\u0142 resocjalizacyjny gier komputerowych na przyk\u0142adzie gry &#8222;This War of Mine&#8221; &#8211; analiza empiryczna&hellip;<\/p>\n","protected":false},"author":7,"featured_media":0,"parent":0,"menu_order":0,"comment_status":"closed","ping_status":"closed","template":"","meta":{"footnotes":""},"class_list":["post-1407","page","type-page","status-publish","hentry"],"yoast_head":"<!-- This site is optimized with the Yoast SEO plugin v27.4 - https:\/\/yoast.com\/product\/yoast-seo-wordpress\/ -->\n<title>\u0141ukasiak Anna - Szko\u0142a Doktorska Nauk Spo\u0142ecznych UwB<\/title>\n<meta name=\"robots\" content=\"index, follow, max-snippet:-1, max-image-preview:large, max-video-preview:-1\" \/>\n<link rel=\"canonical\" href=\"https:\/\/szkolydoktorskie.uwb.edu.pl\/ns\/lukasiak-anna\/\" \/>\n<meta property=\"og:locale\" content=\"pl_PL\" \/>\n<meta property=\"og:type\" content=\"article\" \/>\n<meta property=\"og:title\" content=\"\u0141ukasiak Anna - Szko\u0142a Doktorska Nauk Spo\u0142ecznych UwB\" \/>\n<meta property=\"og:description\" content=\"Imi\u0119 i nazwisko doktoranta: Anna \u0141ukasiak&nbsp; ORCID 0000-0002-0978-5719 E-mail (w domenie UwB): &nbsp;a.lukasiak@uwb.edu.pl Temat rozprawy doktorskiej Potencja\u0142 resocjalizacyjny gier komputerowych na przyk\u0142adzie gry &#8222;This War of Mine&#8221; &#8211; analiza empiryczna&hellip;\" \/>\n<meta property=\"og:url\" content=\"https:\/\/szkolydoktorskie.uwb.edu.pl\/ns\/lukasiak-anna\/\" \/>\n<meta property=\"og:site_name\" content=\"Szko\u0142a Doktorska Nauk Spo\u0142ecznych UwB\" \/>\n<meta property=\"article:modified_time\" content=\"2023-10-05T08:15:26+00:00\" \/>\n<meta name=\"twitter:card\" content=\"summary_large_image\" \/>\n<meta name=\"twitter:label1\" content=\"Szacowany czas czytania\" \/>\n\t<meta name=\"twitter:data1\" content=\"1 minuta\" \/>\n<script type=\"application\/ld+json\" class=\"yoast-schema-graph\">{\"@context\":\"https:\\\/\\\/schema.org\",\"@graph\":[{\"@type\":\"WebPage\",\"@id\":\"https:\\\/\\\/szkolydoktorskie.uwb.edu.pl\\\/ns\\\/lukasiak-anna\\\/\",\"url\":\"https:\\\/\\\/szkolydoktorskie.uwb.edu.pl\\\/ns\\\/lukasiak-anna\\\/\",\"name\":\"\u0141ukasiak Anna - Szko\u0142a Doktorska Nauk Spo\u0142ecznych UwB\",\"isPartOf\":{\"@id\":\"https:\\\/\\\/szkolydoktorskie.uwb.edu.pl\\\/ns\\\/#website\"},\"datePublished\":\"2022-11-30T08:09:36+00:00\",\"dateModified\":\"2023-10-05T08:15:26+00:00\",\"breadcrumb\":{\"@id\":\"https:\\\/\\\/szkolydoktorskie.uwb.edu.pl\\\/ns\\\/lukasiak-anna\\\/#breadcrumb\"},\"inLanguage\":\"pl-PL\",\"potentialAction\":[{\"@type\":\"ReadAction\",\"target\":[\"https:\\\/\\\/szkolydoktorskie.uwb.edu.pl\\\/ns\\\/lukasiak-anna\\\/\"]}]},{\"@type\":\"BreadcrumbList\",\"@id\":\"https:\\\/\\\/szkolydoktorskie.uwb.edu.pl\\\/ns\\\/lukasiak-anna\\\/#breadcrumb\",\"itemListElement\":[{\"@type\":\"ListItem\",\"position\":1,\"name\":\"Strona g\u0142\u00f3wna\",\"item\":\"https:\\\/\\\/szkolydoktorskie.uwb.edu.pl\\\/ns\\\/\"},{\"@type\":\"ListItem\",\"position\":2,\"name\":\"\u0141ukasiak Anna\"}]},{\"@type\":\"WebSite\",\"@id\":\"https:\\\/\\\/szkolydoktorskie.uwb.edu.pl\\\/ns\\\/#website\",\"url\":\"https:\\\/\\\/szkolydoktorskie.uwb.edu.pl\\\/ns\\\/\",\"name\":\"Szko\u0142a Doktorska Nauk Spo\u0142ecznych UwB\",\"description\":\"Szko\u0142a Doktorska Nauk Spo\u0142ecznych UwB\",\"publisher\":{\"@id\":\"https:\\\/\\\/szkolydoktorskie.uwb.edu.pl\\\/ns\\\/#organization\"},\"potentialAction\":[{\"@type\":\"SearchAction\",\"target\":{\"@type\":\"EntryPoint\",\"urlTemplate\":\"https:\\\/\\\/szkolydoktorskie.uwb.edu.pl\\\/ns\\\/?s={search_term_string}\"},\"query-input\":{\"@type\":\"PropertyValueSpecification\",\"valueRequired\":true,\"valueName\":\"search_term_string\"}}],\"inLanguage\":\"pl-PL\"},{\"@type\":\"Organization\",\"@id\":\"https:\\\/\\\/szkolydoktorskie.uwb.edu.pl\\\/ns\\\/#organization\",\"name\":\"Szko\u0142a Doktorska Nauk Spo\u0142ecznych UwB\",\"url\":\"https:\\\/\\\/szkolydoktorskie.uwb.edu.pl\\\/ns\\\/\",\"logo\":{\"@type\":\"ImageObject\",\"inLanguage\":\"pl-PL\",\"@id\":\"https:\\\/\\\/szkolydoktorskie.uwb.edu.pl\\\/ns\\\/#\\\/schema\\\/logo\\\/image\\\/\",\"url\":\"https:\\\/\\\/szkolydoktorskie.uwb.edu.pl\\\/ns\\\/wp-content\\\/uploads\\\/sites\\\/2\\\/2021\\\/04\\\/cropped-NS-LOGO.png\",\"contentUrl\":\"https:\\\/\\\/szkolydoktorskie.uwb.edu.pl\\\/ns\\\/wp-content\\\/uploads\\\/sites\\\/2\\\/2021\\\/04\\\/cropped-NS-LOGO.png\",\"width\":705,\"height\":188,\"caption\":\"Szko\u0142a Doktorska Nauk Spo\u0142ecznych UwB\"},\"image\":{\"@id\":\"https:\\\/\\\/szkolydoktorskie.uwb.edu.pl\\\/ns\\\/#\\\/schema\\\/logo\\\/image\\\/\"}}]}<\/script>\n<!-- \/ Yoast SEO plugin. -->","yoast_head_json":{"title":"\u0141ukasiak Anna - Szko\u0142a Doktorska Nauk Spo\u0142ecznych UwB","robots":{"index":"index","follow":"follow","max-snippet":"max-snippet:-1","max-image-preview":"max-image-preview:large","max-video-preview":"max-video-preview:-1"},"canonical":"https:\/\/szkolydoktorskie.uwb.edu.pl\/ns\/lukasiak-anna\/","og_locale":"pl_PL","og_type":"article","og_title":"\u0141ukasiak Anna - Szko\u0142a Doktorska Nauk Spo\u0142ecznych UwB","og_description":"Imi\u0119 i nazwisko doktoranta: Anna \u0141ukasiak&nbsp; ORCID 0000-0002-0978-5719 E-mail (w domenie UwB): &nbsp;a.lukasiak@uwb.edu.pl Temat rozprawy doktorskiej Potencja\u0142 resocjalizacyjny gier komputerowych na przyk\u0142adzie gry &#8222;This War of Mine&#8221; &#8211; analiza empiryczna&hellip;","og_url":"https:\/\/szkolydoktorskie.uwb.edu.pl\/ns\/lukasiak-anna\/","og_site_name":"Szko\u0142a Doktorska Nauk Spo\u0142ecznych UwB","article_modified_time":"2023-10-05T08:15:26+00:00","twitter_card":"summary_large_image","twitter_misc":{"Szacowany czas czytania":"1 minuta"},"schema":{"@context":"https:\/\/schema.org","@graph":[{"@type":"WebPage","@id":"https:\/\/szkolydoktorskie.uwb.edu.pl\/ns\/lukasiak-anna\/","url":"https:\/\/szkolydoktorskie.uwb.edu.pl\/ns\/lukasiak-anna\/","name":"\u0141ukasiak Anna - Szko\u0142a Doktorska Nauk Spo\u0142ecznych UwB","isPartOf":{"@id":"https:\/\/szkolydoktorskie.uwb.edu.pl\/ns\/#website"},"datePublished":"2022-11-30T08:09:36+00:00","dateModified":"2023-10-05T08:15:26+00:00","breadcrumb":{"@id":"https:\/\/szkolydoktorskie.uwb.edu.pl\/ns\/lukasiak-anna\/#breadcrumb"},"inLanguage":"pl-PL","potentialAction":[{"@type":"ReadAction","target":["https:\/\/szkolydoktorskie.uwb.edu.pl\/ns\/lukasiak-anna\/"]}]},{"@type":"BreadcrumbList","@id":"https:\/\/szkolydoktorskie.uwb.edu.pl\/ns\/lukasiak-anna\/#breadcrumb","itemListElement":[{"@type":"ListItem","position":1,"name":"Strona g\u0142\u00f3wna","item":"https:\/\/szkolydoktorskie.uwb.edu.pl\/ns\/"},{"@type":"ListItem","position":2,"name":"\u0141ukasiak Anna"}]},{"@type":"WebSite","@id":"https:\/\/szkolydoktorskie.uwb.edu.pl\/ns\/#website","url":"https:\/\/szkolydoktorskie.uwb.edu.pl\/ns\/","name":"Szko\u0142a Doktorska Nauk Spo\u0142ecznych UwB","description":"Szko\u0142a Doktorska Nauk Spo\u0142ecznych UwB","publisher":{"@id":"https:\/\/szkolydoktorskie.uwb.edu.pl\/ns\/#organization"},"potentialAction":[{"@type":"SearchAction","target":{"@type":"EntryPoint","urlTemplate":"https:\/\/szkolydoktorskie.uwb.edu.pl\/ns\/?s={search_term_string}"},"query-input":{"@type":"PropertyValueSpecification","valueRequired":true,"valueName":"search_term_string"}}],"inLanguage":"pl-PL"},{"@type":"Organization","@id":"https:\/\/szkolydoktorskie.uwb.edu.pl\/ns\/#organization","name":"Szko\u0142a Doktorska Nauk Spo\u0142ecznych UwB","url":"https:\/\/szkolydoktorskie.uwb.edu.pl\/ns\/","logo":{"@type":"ImageObject","inLanguage":"pl-PL","@id":"https:\/\/szkolydoktorskie.uwb.edu.pl\/ns\/#\/schema\/logo\/image\/","url":"https:\/\/szkolydoktorskie.uwb.edu.pl\/ns\/wp-content\/uploads\/sites\/2\/2021\/04\/cropped-NS-LOGO.png","contentUrl":"https:\/\/szkolydoktorskie.uwb.edu.pl\/ns\/wp-content\/uploads\/sites\/2\/2021\/04\/cropped-NS-LOGO.png","width":705,"height":188,"caption":"Szko\u0142a Doktorska Nauk Spo\u0142ecznych UwB"},"image":{"@id":"https:\/\/szkolydoktorskie.uwb.edu.pl\/ns\/#\/schema\/logo\/image\/"}}]}},"_links":{"self":[{"href":"https:\/\/szkolydoktorskie.uwb.edu.pl\/ns\/wp-json\/wp\/v2\/pages\/1407","targetHints":{"allow":["GET"]}}],"collection":[{"href":"https:\/\/szkolydoktorskie.uwb.edu.pl\/ns\/wp-json\/wp\/v2\/pages"}],"about":[{"href":"https:\/\/szkolydoktorskie.uwb.edu.pl\/ns\/wp-json\/wp\/v2\/types\/page"}],"author":[{"embeddable":true,"href":"https:\/\/szkolydoktorskie.uwb.edu.pl\/ns\/wp-json\/wp\/v2\/users\/7"}],"replies":[{"embeddable":true,"href":"https:\/\/szkolydoktorskie.uwb.edu.pl\/ns\/wp-json\/wp\/v2\/comments?post=1407"}],"version-history":[{"count":4,"href":"https:\/\/szkolydoktorskie.uwb.edu.pl\/ns\/wp-json\/wp\/v2\/pages\/1407\/revisions"}],"predecessor-version":[{"id":2061,"href":"https:\/\/szkolydoktorskie.uwb.edu.pl\/ns\/wp-json\/wp\/v2\/pages\/1407\/revisions\/2061"}],"wp:attachment":[{"href":"https:\/\/szkolydoktorskie.uwb.edu.pl\/ns\/wp-json\/wp\/v2\/media?parent=1407"}],"curies":[{"name":"wp","href":"https:\/\/api.w.org\/{rel}","templated":true}]}}