{"id":1357,"date":"2022-11-28T16:03:25","date_gmt":"2022-11-28T15:03:25","guid":{"rendered":"https:\/\/szkolydoktorskie.uwb.edu.pl\/ns\/?page_id=1357"},"modified":"2022-11-28T16:13:13","modified_gmt":"2022-11-28T15:13:13","slug":"promotorzy","status":"publish","type":"page","link":"https:\/\/szkolydoktorskie.uwb.edu.pl\/ns\/promotorzy\/","title":{"rendered":"Promotor"},"content":{"rendered":"\n<p class=\"has-pale-cyan-blue-background-color has-background\"><strong>Wykaz promotor\u00f3w 2022\/2023<\/strong><\/p>\n\n\n\n<p><a href=\"https:\/\/szkolydoktorskie.uwb.edu.pl\/ns\/wp-content\/uploads\/sites\/2\/2022\/11\/SDNS_promotorzy_2022_wykaz.pdf\">Wykaz promotor\u00f3w 2022\/2023<\/a><\/p>\n\n\n\n<p class=\"has-pale-cyan-blue-background-color has-background\"><strong>Obowi\u0105zki promotor\u00f3w <\/strong><\/p>\n\n\n\n<p class=\"has-cyan-bluish-gray-background-color has-background\"><strong>Obowi\u0105zki promotora <\/strong><\/p>\n\n\n\n<p><strong>Obowi\u0105zki promotora \u00a7 25 ust. 4 Regulaminu SDNS<\/strong><\/p>\n\n\n\n<p>4. Do obowi\u0105zk\u00f3w promotora nale\u017cy w szczeg\u00f3lno\u015bci:<\/p>\n\n\n\n<p>1) uzgadnianie z doktorantem indywidualnego planu badawczego ze wskazaniem element\u00f3w podlegaj\u0105cych ocenie \u015br\u00f3dokresowej z zachowaniem zasady zr\u00f3wnowa\u017conego nak\u0142adu pracy badawczej na poszczeg\u00f3lne lata,<\/p>\n\n\n\n<p>2) sporz\u0105dzanie opinii dotycz\u0105cej realizacji indywidualnego planu badawczego doktoranta, w tym jego aktywno\u015bci naukowej oraz dydaktycznej. Opinie te sporz\u0105dzane s\u0105 po ka\u017cdym semestrze kszta\u0142cenia, z tym \u017ce opinie roczne s\u0105 wpisywane do sprawozda\u0144 doktorant\u00f3w. Wz\u00f3r sprawozdania rocznego, sprawozdania \u015br\u00f3dokresowego i opinii promotora sporz\u0105dza dyrektor,<\/p>\n\n\n\n<p>3) zatwierdzanie i opiniowanie sprawozda\u0144 rocznych i sprawozdania \u015br\u00f3dokresowego doktoranta,<\/p>\n\n\n\n<p>4) wspieranie rozwoju naukowego doktoranta, g\u0142\u00f3wnie w zakresie aktywno\u015bci publikacyjnej, grantowej, konferencyjnej i sta\u017cowej oraz dydaktycznej,<\/p>\n\n\n\n<p>5) pomoc w organizacji sta\u017cu naukowego i poszukiwaniu \u017ar\u00f3de\u0142 finansowania aktywno\u015bci naukowej,<\/p>\n\n\n\n<p>6) ustalenie, maj\u0105c na uwadze obszar bada\u0144 doktoranta, w porozumieniu z kierownikiem jednostki oraz dyrektorem, zaj\u0119\u0107 do samodzielnego prowadzenia lub uczestnictwa w prowadzeniu w ramach praktyk zawodowych,<\/p>\n\n\n\n<p>7) udzielanie wskaz\u00f3wek metodycznych i merytorycznych wspomagaj\u0105cych aktywno\u015b\u0107 dydaktyczn\u0105 doktoranta,<\/p>\n\n\n\n<p>8) monitorowanie post\u0119p\u00f3w bada\u0144 doktoranta oraz jego zaanga\u017cowania w realizacj\u0119 zada\u0144 wynikaj\u0105cych z indywidualnego planu badawczego,<\/p>\n\n\n\n<p>9) opiniowanie wniosk\u00f3w doktoranta dotycz\u0105cych realizacji programu kszta\u0142cenia oraz indywidualnego planu badawczego,<\/p>\n\n\n\n<p>10) w przypadku niewywi\u0105zywania si\u0119 doktoranta z obowi\u0105zk\u00f3w niezw\u0142oczne informowanie dyrektora o zaistnieniu przes\u0142anki do skre\u015blenia z listy doktorant\u00f3w,<\/p>\n\n\n\n<p>11) z\u0142o\u017cenie wniosku do rektora o wszcz\u0119cie post\u0119powania dyscyplinarnego w przypadku stwierdzenia naruszenia przez doktoranta praw w\u0142asno\u015bci intelektualnej lub post\u0119powania doktoranta niezgodnego z zasadami rzetelno\u015bci w badaniach naukowych, z tre\u015bci\u0105 \u015blubowania, regulaminem szko\u0142y doktorskiej, zasadami etyki naukowej, oraz innymi przepisami obowi\u0105zuj\u0105cymi w Uniwersytecie w Bia\u0142ymstoku.<\/p>\n\n\n\n<p>12) okre\u015blenie obowi\u0105zk\u00f3w promotora pomocniczego.<\/p>\n\n\n\n<p class=\"has-cyan-bluish-gray-background-color has-background\"><strong>Wyznaczenie promotora<\/strong><\/p>\n\n\n\n<p>\u00a7 26 Regulaminu SDNS<\/p>\n\n\n\n<p class=\"has-cyan-bluish-gray-background-color has-background\"><strong>Liczba doktorant\u00f3w pod opiek\u0105 jednego promotora <\/strong><\/p>\n\n\n\n<p><strong>Liczba doktorant\u00f3w pod opiek\u0105 jednego promotora:\u00a0 \u00a7 27 Regulaminu SDNS<\/strong><\/p>\n\n\n\n<p>1. W szkole doktorskiej ta sama osoba nie mo\u017ce by\u0107 jednocze\u015bnie promotorem wi\u0119cej ni\u017c czterech doktorant\u00f3w, z czego przynajmniej dw\u00f3ch doktorant\u00f3w musi by\u0107 po pozytywnej ocenie \u015br\u00f3dokresowej.<\/p>\n\n\n\n<p>2. Pod opiek\u0105 promotora pomocniczego mo\u017ce pozostawa\u0107 nie wi\u0119cej ni\u017c dw\u00f3ch doktorant\u00f3w.<\/p>\n\n\n\n<p class=\"has-cyan-bluish-gray-background-color has-background\"><strong>Wzory opinii promotora, sprawozdania rocznego i \u015br\u00f3dokresowego doktoranta, indywidualnego plany badawczego <\/strong><\/p>\n\n\n\n<p>Wzory opinii promotora, sprawozdania rocznego i \u015br\u00f3dokresowego doktoranta, indywidualnego plany badawczego znajduj\u0105 si\u0119 w zak\u0142adce: <a href=\"https:\/\/szkolydoktorskie.uwb.edu.pl\/ns\/druki\/\">https:\/\/szkolydoktorskie.uwb.edu.pl\/ns\/druki\/<\/a><\/p>\n\n\n\n<p class=\"has-pale-cyan-blue-background-color has-background\"><strong>Spotkania z promotorami <\/strong><\/p>\n\n\n\n<p>Terminy spotka\u0144 Dyrektora SDNS z promotorami w roku akademickim 2022\/2023: <\/p>\n\n\n\n<p><strong>28.11.2022 r.<\/strong> w godz. 13.30-15.00<\/p>\n\n\n\n<p><strong>05.12.2022 r.<\/strong> w  godz. 13.30-15.00<\/p>\n\n\n\n<p><strong>12.12.2022 r.<\/strong> w  godz. 13.30-15.00<\/p>\n","protected":false},"excerpt":{"rendered":"<p>Wykaz promotor\u00f3w 2022\/2023 Wykaz promotor\u00f3w 2022\/2023 Obowi\u0105zki promotor\u00f3w Obowi\u0105zki promotora Obowi\u0105zki promotora \u00a7 25 ust. 4 Regulaminu SDNS 4. Do obowi\u0105zk\u00f3w promotora nale\u017cy w szczeg\u00f3lno\u015bci: 1) uzgadnianie z doktorantem indywidualnego&hellip;<\/p>\n","protected":false},"author":7,"featured_media":0,"parent":0,"menu_order":0,"comment_status":"closed","ping_status":"closed","template":"","meta":{"footnotes":""},"class_list":["post-1357","page","type-page","status-publish","hentry"],"yoast_head":"<!-- This site is optimized with the Yoast SEO plugin v27.5 - https:\/\/yoast.com\/product\/yoast-seo-wordpress\/ -->\n<title>Promotor - Szko\u0142a Doktorska Nauk Spo\u0142ecznych UwB<\/title>\n<meta name=\"robots\" content=\"index, follow, max-snippet:-1, max-image-preview:large, max-video-preview:-1\" \/>\n<link rel=\"canonical\" href=\"https:\/\/szkolydoktorskie.uwb.edu.pl\/ns\/promotorzy\/\" \/>\n<meta property=\"og:locale\" content=\"pl_PL\" \/>\n<meta property=\"og:type\" content=\"article\" \/>\n<meta property=\"og:title\" content=\"Promotor - Szko\u0142a Doktorska Nauk Spo\u0142ecznych UwB\" \/>\n<meta property=\"og:description\" content=\"Wykaz promotor\u00f3w 2022\/2023 Wykaz promotor\u00f3w 2022\/2023 Obowi\u0105zki promotor\u00f3w Obowi\u0105zki promotora Obowi\u0105zki promotora \u00a7 25 ust. 4 Regulaminu SDNS 4. Do obowi\u0105zk\u00f3w promotora nale\u017cy w szczeg\u00f3lno\u015bci: 1) uzgadnianie z doktorantem indywidualnego&hellip;\" \/>\n<meta property=\"og:url\" content=\"https:\/\/szkolydoktorskie.uwb.edu.pl\/ns\/promotorzy\/\" \/>\n<meta property=\"og:site_name\" content=\"Szko\u0142a Doktorska Nauk Spo\u0142ecznych UwB\" \/>\n<meta property=\"article:modified_time\" content=\"2022-11-28T15:13:13+00:00\" \/>\n<meta name=\"twitter:card\" content=\"summary_large_image\" \/>\n<meta name=\"twitter:label1\" content=\"Szacowany czas czytania\" \/>\n\t<meta name=\"twitter:data1\" content=\"2 minuty\" \/>\n<script type=\"application\/ld+json\" class=\"yoast-schema-graph\">{\"@context\":\"https:\\\/\\\/schema.org\",\"@graph\":[{\"@type\":\"WebPage\",\"@id\":\"https:\\\/\\\/szkolydoktorskie.uwb.edu.pl\\\/ns\\\/promotorzy\\\/\",\"url\":\"https:\\\/\\\/szkolydoktorskie.uwb.edu.pl\\\/ns\\\/promotorzy\\\/\",\"name\":\"Promotor - Szko\u0142a Doktorska Nauk Spo\u0142ecznych UwB\",\"isPartOf\":{\"@id\":\"https:\\\/\\\/szkolydoktorskie.uwb.edu.pl\\\/ns\\\/#website\"},\"datePublished\":\"2022-11-28T15:03:25+00:00\",\"dateModified\":\"2022-11-28T15:13:13+00:00\",\"breadcrumb\":{\"@id\":\"https:\\\/\\\/szkolydoktorskie.uwb.edu.pl\\\/ns\\\/promotorzy\\\/#breadcrumb\"},\"inLanguage\":\"pl-PL\",\"potentialAction\":[{\"@type\":\"ReadAction\",\"target\":[\"https:\\\/\\\/szkolydoktorskie.uwb.edu.pl\\\/ns\\\/promotorzy\\\/\"]}]},{\"@type\":\"BreadcrumbList\",\"@id\":\"https:\\\/\\\/szkolydoktorskie.uwb.edu.pl\\\/ns\\\/promotorzy\\\/#breadcrumb\",\"itemListElement\":[{\"@type\":\"ListItem\",\"position\":1,\"name\":\"Strona g\u0142\u00f3wna\",\"item\":\"https:\\\/\\\/szkolydoktorskie.uwb.edu.pl\\\/ns\\\/\"},{\"@type\":\"ListItem\",\"position\":2,\"name\":\"Promotor\"}]},{\"@type\":\"WebSite\",\"@id\":\"https:\\\/\\\/szkolydoktorskie.uwb.edu.pl\\\/ns\\\/#website\",\"url\":\"https:\\\/\\\/szkolydoktorskie.uwb.edu.pl\\\/ns\\\/\",\"name\":\"Szko\u0142a Doktorska Nauk Spo\u0142ecznych UwB\",\"description\":\"Szko\u0142a Doktorska Nauk Spo\u0142ecznych UwB\",\"publisher\":{\"@id\":\"https:\\\/\\\/szkolydoktorskie.uwb.edu.pl\\\/ns\\\/#organization\"},\"potentialAction\":[{\"@type\":\"SearchAction\",\"target\":{\"@type\":\"EntryPoint\",\"urlTemplate\":\"https:\\\/\\\/szkolydoktorskie.uwb.edu.pl\\\/ns\\\/?s={search_term_string}\"},\"query-input\":{\"@type\":\"PropertyValueSpecification\",\"valueRequired\":true,\"valueName\":\"search_term_string\"}}],\"inLanguage\":\"pl-PL\"},{\"@type\":\"Organization\",\"@id\":\"https:\\\/\\\/szkolydoktorskie.uwb.edu.pl\\\/ns\\\/#organization\",\"name\":\"Szko\u0142a Doktorska Nauk Spo\u0142ecznych UwB\",\"url\":\"https:\\\/\\\/szkolydoktorskie.uwb.edu.pl\\\/ns\\\/\",\"logo\":{\"@type\":\"ImageObject\",\"inLanguage\":\"pl-PL\",\"@id\":\"https:\\\/\\\/szkolydoktorskie.uwb.edu.pl\\\/ns\\\/#\\\/schema\\\/logo\\\/image\\\/\",\"url\":\"https:\\\/\\\/szkolydoktorskie.uwb.edu.pl\\\/ns\\\/wp-content\\\/uploads\\\/sites\\\/2\\\/2021\\\/04\\\/cropped-NS-LOGO.png\",\"contentUrl\":\"https:\\\/\\\/szkolydoktorskie.uwb.edu.pl\\\/ns\\\/wp-content\\\/uploads\\\/sites\\\/2\\\/2021\\\/04\\\/cropped-NS-LOGO.png\",\"width\":705,\"height\":188,\"caption\":\"Szko\u0142a Doktorska Nauk Spo\u0142ecznych UwB\"},\"image\":{\"@id\":\"https:\\\/\\\/szkolydoktorskie.uwb.edu.pl\\\/ns\\\/#\\\/schema\\\/logo\\\/image\\\/\"}}]}<\/script>\n<!-- \/ Yoast SEO plugin. -->","yoast_head_json":{"title":"Promotor - Szko\u0142a Doktorska Nauk Spo\u0142ecznych UwB","robots":{"index":"index","follow":"follow","max-snippet":"max-snippet:-1","max-image-preview":"max-image-preview:large","max-video-preview":"max-video-preview:-1"},"canonical":"https:\/\/szkolydoktorskie.uwb.edu.pl\/ns\/promotorzy\/","og_locale":"pl_PL","og_type":"article","og_title":"Promotor - Szko\u0142a Doktorska Nauk Spo\u0142ecznych UwB","og_description":"Wykaz promotor\u00f3w 2022\/2023 Wykaz promotor\u00f3w 2022\/2023 Obowi\u0105zki promotor\u00f3w Obowi\u0105zki promotora Obowi\u0105zki promotora \u00a7 25 ust. 4 Regulaminu SDNS 4. Do obowi\u0105zk\u00f3w promotora nale\u017cy w szczeg\u00f3lno\u015bci: 1) uzgadnianie z doktorantem indywidualnego&hellip;","og_url":"https:\/\/szkolydoktorskie.uwb.edu.pl\/ns\/promotorzy\/","og_site_name":"Szko\u0142a Doktorska Nauk Spo\u0142ecznych UwB","article_modified_time":"2022-11-28T15:13:13+00:00","twitter_card":"summary_large_image","twitter_misc":{"Szacowany czas czytania":"2 minuty"},"schema":{"@context":"https:\/\/schema.org","@graph":[{"@type":"WebPage","@id":"https:\/\/szkolydoktorskie.uwb.edu.pl\/ns\/promotorzy\/","url":"https:\/\/szkolydoktorskie.uwb.edu.pl\/ns\/promotorzy\/","name":"Promotor - Szko\u0142a Doktorska Nauk Spo\u0142ecznych UwB","isPartOf":{"@id":"https:\/\/szkolydoktorskie.uwb.edu.pl\/ns\/#website"},"datePublished":"2022-11-28T15:03:25+00:00","dateModified":"2022-11-28T15:13:13+00:00","breadcrumb":{"@id":"https:\/\/szkolydoktorskie.uwb.edu.pl\/ns\/promotorzy\/#breadcrumb"},"inLanguage":"pl-PL","potentialAction":[{"@type":"ReadAction","target":["https:\/\/szkolydoktorskie.uwb.edu.pl\/ns\/promotorzy\/"]}]},{"@type":"BreadcrumbList","@id":"https:\/\/szkolydoktorskie.uwb.edu.pl\/ns\/promotorzy\/#breadcrumb","itemListElement":[{"@type":"ListItem","position":1,"name":"Strona g\u0142\u00f3wna","item":"https:\/\/szkolydoktorskie.uwb.edu.pl\/ns\/"},{"@type":"ListItem","position":2,"name":"Promotor"}]},{"@type":"WebSite","@id":"https:\/\/szkolydoktorskie.uwb.edu.pl\/ns\/#website","url":"https:\/\/szkolydoktorskie.uwb.edu.pl\/ns\/","name":"Szko\u0142a Doktorska Nauk Spo\u0142ecznych UwB","description":"Szko\u0142a Doktorska Nauk Spo\u0142ecznych UwB","publisher":{"@id":"https:\/\/szkolydoktorskie.uwb.edu.pl\/ns\/#organization"},"potentialAction":[{"@type":"SearchAction","target":{"@type":"EntryPoint","urlTemplate":"https:\/\/szkolydoktorskie.uwb.edu.pl\/ns\/?s={search_term_string}"},"query-input":{"@type":"PropertyValueSpecification","valueRequired":true,"valueName":"search_term_string"}}],"inLanguage":"pl-PL"},{"@type":"Organization","@id":"https:\/\/szkolydoktorskie.uwb.edu.pl\/ns\/#organization","name":"Szko\u0142a Doktorska Nauk Spo\u0142ecznych UwB","url":"https:\/\/szkolydoktorskie.uwb.edu.pl\/ns\/","logo":{"@type":"ImageObject","inLanguage":"pl-PL","@id":"https:\/\/szkolydoktorskie.uwb.edu.pl\/ns\/#\/schema\/logo\/image\/","url":"https:\/\/szkolydoktorskie.uwb.edu.pl\/ns\/wp-content\/uploads\/sites\/2\/2021\/04\/cropped-NS-LOGO.png","contentUrl":"https:\/\/szkolydoktorskie.uwb.edu.pl\/ns\/wp-content\/uploads\/sites\/2\/2021\/04\/cropped-NS-LOGO.png","width":705,"height":188,"caption":"Szko\u0142a Doktorska Nauk Spo\u0142ecznych UwB"},"image":{"@id":"https:\/\/szkolydoktorskie.uwb.edu.pl\/ns\/#\/schema\/logo\/image\/"}}]}},"_links":{"self":[{"href":"https:\/\/szkolydoktorskie.uwb.edu.pl\/ns\/wp-json\/wp\/v2\/pages\/1357","targetHints":{"allow":["GET"]}}],"collection":[{"href":"https:\/\/szkolydoktorskie.uwb.edu.pl\/ns\/wp-json\/wp\/v2\/pages"}],"about":[{"href":"https:\/\/szkolydoktorskie.uwb.edu.pl\/ns\/wp-json\/wp\/v2\/types\/page"}],"author":[{"embeddable":true,"href":"https:\/\/szkolydoktorskie.uwb.edu.pl\/ns\/wp-json\/wp\/v2\/users\/7"}],"replies":[{"embeddable":true,"href":"https:\/\/szkolydoktorskie.uwb.edu.pl\/ns\/wp-json\/wp\/v2\/comments?post=1357"}],"version-history":[{"count":7,"href":"https:\/\/szkolydoktorskie.uwb.edu.pl\/ns\/wp-json\/wp\/v2\/pages\/1357\/revisions"}],"predecessor-version":[{"id":1371,"href":"https:\/\/szkolydoktorskie.uwb.edu.pl\/ns\/wp-json\/wp\/v2\/pages\/1357\/revisions\/1371"}],"wp:attachment":[{"href":"https:\/\/szkolydoktorskie.uwb.edu.pl\/ns\/wp-json\/wp\/v2\/media?parent=1357"}],"curies":[{"name":"wp","href":"https:\/\/api.w.org\/{rel}","templated":true}]}}