{"id":13,"date":"2021-04-16T00:53:54","date_gmt":"2021-04-15T22:53:54","guid":{"rendered":"https:\/\/szkolydoktorskie.uwb.edu.pl\/ns\/?page_id=13"},"modified":"2023-11-23T13:50:46","modified_gmt":"2023-11-23T12:50:46","slug":"jakosc-ksztalcenia","status":"publish","type":"page","link":"https:\/\/szkolydoktorskie.uwb.edu.pl\/ns\/jakosc-ksztalcenia\/","title":{"rendered":"Jako\u015b\u0107 Kszta\u0142cenia"},"content":{"rendered":"\n<p><a href=\"\/Users\/Karolina\/Downloads\/1_-_Zespol_ds__jakosci_Ksztalcenia.pdf\">Decyzja nr 1 Rektora Uniwersytetu w Bia\u0142ymstoku z dnia 3 stycznia 2020 r. w sprawie powo\u0142ania Uczelnianego Zespo\u0142u ds. Jako\u015bci Kszta\u0142cenia<\/a><\/p>\n\n\n\n<p class=\"has-cyan-bluish-gray-background-color has-background has-medium-font-size\"><strong>ZESP\u00d3\u0141 ds. Jako\u015bci Kszta\u0142cenia SDNS <\/strong><\/p>\n\n\n\n<p class=\"has-normal-font-size\"><strong><em>Dr hab. Ewa Gruszewska, prof. UwB<\/em><\/strong> <\/p>\n\n\n\n<p class=\"has-normal-font-size\">        <em>\u2013 Dyrektor Szko\u0142y Doktorskiej Nauk Spo\u0142ecznych Uniwersytet w Bia\u0142ymstoku&nbsp;<\/em><\/p>\n\n\n\n<p><strong><em>Prof. dr hab. Agnieszka Malarewicz- Jakub\u00f3w<\/em><\/strong> <br>        <em>\u2013 Przewodnicz\u0105ca Zespo\u0142u ds. Jako\u015bci Kszta\u0142cenia, Przedstawiciel dyscypliny nauki prawne<\/em><\/p>\n\n\n\n<p><strong><em>Prof. dr hab. Jerzy Nikitorowicz<\/em><\/strong><\/p>\n\n\n\n<p>        <em>&#8211; Przedstawiciel dyscypliny pedagogika<\/em><\/p>\n\n\n\n<p><strong><em>Dr hab. Renata Przygodzka, prof. UwB<\/em><\/strong><\/p>\n\n\n\n<p>        <em>&#8211; Przedstawiciel dyscypliny ekonomia i finanse<\/em><\/p>\n\n\n\n<p><strong><em>Dr hab. Konrad Talmont- Kami\u0144ski, prof. UwB<\/em><\/strong><\/p>\n\n\n\n<p>        <em>&#8211; Przedstawiciel dyscypliny nauki socjologiczne<\/em><\/p>\n\n\n\n<p><strong><em>Mgr Weronika So\u0142kiewicz<\/em><\/strong><\/p>\n\n\n\n<p>      <em>&#8211; Przedstawiciel doktorant\u00f3w<\/em><\/p>\n\n\n\n<p class=\"has-cyan-bluish-gray-background-color has-background has-medium-font-size\"><strong>SPRAWOZDANIA z dzia\u0142ania systemu zapewniania jako\u015bci kszta\u0142cenia<\/strong><\/p>\n\n\n\n<p class=\"has-pale-cyan-blue-background-color has-background\"><strong>2022\/2023<\/strong><\/p>\n\n\n\n<p><a href=\"https:\/\/szkolydoktorskie.uwb.edu.pl\/ns\/wp-content\/uploads\/sites\/2\/2023\/11\/Sprawozdanie-SDNS-2022_2023.pdf\">Sprawozdanie z dzia\u0142ania systemu zapewniania jako\u015bci kszta\u0142cenia w Szkole Doktorskiej Nauk Spo\u0142ecznych UwB w roku akademickim 2022\/2023<\/a><\/p>\n\n\n\n<p class=\"has-pale-cyan-blue-background-color has-background\"><strong>2021\/2022<\/strong><\/p>\n\n\n\n<p><a href=\"https:\/\/szkolydoktorskie.uwb.edu.pl\/ns\/wp-content\/uploads\/sites\/2\/2022\/12\/SDNS_Sprawozdanie-z-dzialania-systemu-zapewnienia-jakosci-ksztalcenia_2022-NEW.pdf\">Sprawozdanie z dzia\u0142ania systemu zapewniania jako\u015bci kszta\u0142cenia w Szkole Doktorskiej Nauk Spo\u0142ecznych UwB w roku akademickim 2021\/2022<\/a><\/p>\n\n\n\n<p class=\"has-pale-cyan-blue-background-color has-background\"><strong>2020\/2021<\/strong><\/p>\n\n\n\n<p><a href=\"https:\/\/szkolydoktorskie.uwb.edu.pl\/ns\/wp-content\/uploads\/sites\/2\/2021\/12\/SDNS_Sprawozdanie-z-dzialania-systemu-zapewnienia-jakosci-ksztalcenia_2021small.pdf\">Sprawozdanie z dzia\u0142ania systemu zapewniania jako\u015bci kszta\u0142cenia w Szkole Doktorskiej Nauk Spo\u0142ecznych UwB w roku akademickim 2020\/2021 <\/a><\/p>\n\n\n\n<p class=\"has-pale-cyan-blue-background-color has-background\" style=\"font-size:20px\"><strong>2019\/2020<\/strong><\/p>\n\n\n\n<p><a href=\"https:\/\/uwb.edu.pl\/uploads\/tiny\/SDNS_Sprawozdanie%20z%20dzia%C5%82ania%20systemu%20zapewnienia%20jako%C5%9Bci%20kszta%C5%82cenia_2020.pdf\">Sprawozdanie z dzia\u0142ania systemu zapewniania jako\u015bci kszta\u0142cenia w Szkole Doktorskiej Nauk Spo\u0142ecznych UwB w roku akademickim 2019\/2020<\/a><\/p>\n\n\n\n<p><\/p>\n","protected":false},"excerpt":{"rendered":"<p>Decyzja nr 1 Rektora Uniwersytetu w Bia\u0142ymstoku z dnia 3 stycznia 2020 r. w sprawie powo\u0142ania Uczelnianego Zespo\u0142u ds. Jako\u015bci Kszta\u0142cenia ZESP\u00d3\u0141 ds. Jako\u015bci Kszta\u0142cenia SDNS Dr hab. Ewa Gruszewska,&hellip;<\/p>\n","protected":false},"author":1,"featured_media":0,"parent":0,"menu_order":0,"comment_status":"closed","ping_status":"closed","template":"","meta":{"footnotes":""},"class_list":["post-13","page","type-page","status-publish","hentry"],"yoast_head":"<!-- This site is optimized with the Yoast SEO plugin v27.3 - https:\/\/yoast.com\/product\/yoast-seo-wordpress\/ -->\n<title>Jako\u015b\u0107 Kszta\u0142cenia - Szko\u0142a Doktorska Nauk Spo\u0142ecznych UwB<\/title>\n<meta name=\"robots\" content=\"index, follow, max-snippet:-1, max-image-preview:large, max-video-preview:-1\" \/>\n<link rel=\"canonical\" href=\"https:\/\/szkolydoktorskie.uwb.edu.pl\/ns\/jakosc-ksztalcenia\/\" \/>\n<meta property=\"og:locale\" content=\"pl_PL\" \/>\n<meta property=\"og:type\" content=\"article\" \/>\n<meta property=\"og:title\" content=\"Jako\u015b\u0107 Kszta\u0142cenia - Szko\u0142a Doktorska Nauk Spo\u0142ecznych UwB\" \/>\n<meta property=\"og:description\" content=\"Decyzja nr 1 Rektora Uniwersytetu w Bia\u0142ymstoku z dnia 3 stycznia 2020 r. w sprawie powo\u0142ania Uczelnianego Zespo\u0142u ds. Jako\u015bci Kszta\u0142cenia ZESP\u00d3\u0141 ds. Jako\u015bci Kszta\u0142cenia SDNS Dr hab. Ewa Gruszewska,&hellip;\" \/>\n<meta property=\"og:url\" content=\"https:\/\/szkolydoktorskie.uwb.edu.pl\/ns\/jakosc-ksztalcenia\/\" \/>\n<meta property=\"og:site_name\" content=\"Szko\u0142a Doktorska Nauk Spo\u0142ecznych UwB\" \/>\n<meta property=\"article:modified_time\" content=\"2023-11-23T12:50:46+00:00\" \/>\n<meta name=\"twitter:card\" content=\"summary_large_image\" \/>\n<meta name=\"twitter:label1\" content=\"Szacowany czas czytania\" \/>\n\t<meta name=\"twitter:data1\" content=\"2 minuty\" \/>\n<script type=\"application\/ld+json\" class=\"yoast-schema-graph\">{\"@context\":\"https:\\\/\\\/schema.org\",\"@graph\":[{\"@type\":\"WebPage\",\"@id\":\"https:\\\/\\\/szkolydoktorskie.uwb.edu.pl\\\/ns\\\/jakosc-ksztalcenia\\\/\",\"url\":\"https:\\\/\\\/szkolydoktorskie.uwb.edu.pl\\\/ns\\\/jakosc-ksztalcenia\\\/\",\"name\":\"Jako\u015b\u0107 Kszta\u0142cenia - Szko\u0142a Doktorska Nauk Spo\u0142ecznych UwB\",\"isPartOf\":{\"@id\":\"https:\\\/\\\/szkolydoktorskie.uwb.edu.pl\\\/ns\\\/#website\"},\"datePublished\":\"2021-04-15T22:53:54+00:00\",\"dateModified\":\"2023-11-23T12:50:46+00:00\",\"breadcrumb\":{\"@id\":\"https:\\\/\\\/szkolydoktorskie.uwb.edu.pl\\\/ns\\\/jakosc-ksztalcenia\\\/#breadcrumb\"},\"inLanguage\":\"pl-PL\",\"potentialAction\":[{\"@type\":\"ReadAction\",\"target\":[\"https:\\\/\\\/szkolydoktorskie.uwb.edu.pl\\\/ns\\\/jakosc-ksztalcenia\\\/\"]}]},{\"@type\":\"BreadcrumbList\",\"@id\":\"https:\\\/\\\/szkolydoktorskie.uwb.edu.pl\\\/ns\\\/jakosc-ksztalcenia\\\/#breadcrumb\",\"itemListElement\":[{\"@type\":\"ListItem\",\"position\":1,\"name\":\"Strona g\u0142\u00f3wna\",\"item\":\"https:\\\/\\\/szkolydoktorskie.uwb.edu.pl\\\/ns\\\/\"},{\"@type\":\"ListItem\",\"position\":2,\"name\":\"Jako\u015b\u0107 Kszta\u0142cenia\"}]},{\"@type\":\"WebSite\",\"@id\":\"https:\\\/\\\/szkolydoktorskie.uwb.edu.pl\\\/ns\\\/#website\",\"url\":\"https:\\\/\\\/szkolydoktorskie.uwb.edu.pl\\\/ns\\\/\",\"name\":\"Szko\u0142a Doktorska Nauk Spo\u0142ecznych UwB\",\"description\":\"Szko\u0142a Doktorska Nauk Spo\u0142ecznych UwB\",\"publisher\":{\"@id\":\"https:\\\/\\\/szkolydoktorskie.uwb.edu.pl\\\/ns\\\/#organization\"},\"potentialAction\":[{\"@type\":\"SearchAction\",\"target\":{\"@type\":\"EntryPoint\",\"urlTemplate\":\"https:\\\/\\\/szkolydoktorskie.uwb.edu.pl\\\/ns\\\/?s={search_term_string}\"},\"query-input\":{\"@type\":\"PropertyValueSpecification\",\"valueRequired\":true,\"valueName\":\"search_term_string\"}}],\"inLanguage\":\"pl-PL\"},{\"@type\":\"Organization\",\"@id\":\"https:\\\/\\\/szkolydoktorskie.uwb.edu.pl\\\/ns\\\/#organization\",\"name\":\"Szko\u0142a Doktorska Nauk Spo\u0142ecznych UwB\",\"url\":\"https:\\\/\\\/szkolydoktorskie.uwb.edu.pl\\\/ns\\\/\",\"logo\":{\"@type\":\"ImageObject\",\"inLanguage\":\"pl-PL\",\"@id\":\"https:\\\/\\\/szkolydoktorskie.uwb.edu.pl\\\/ns\\\/#\\\/schema\\\/logo\\\/image\\\/\",\"url\":\"https:\\\/\\\/szkolydoktorskie.uwb.edu.pl\\\/ns\\\/wp-content\\\/uploads\\\/sites\\\/2\\\/2021\\\/04\\\/cropped-NS-LOGO.png\",\"contentUrl\":\"https:\\\/\\\/szkolydoktorskie.uwb.edu.pl\\\/ns\\\/wp-content\\\/uploads\\\/sites\\\/2\\\/2021\\\/04\\\/cropped-NS-LOGO.png\",\"width\":705,\"height\":188,\"caption\":\"Szko\u0142a Doktorska Nauk Spo\u0142ecznych UwB\"},\"image\":{\"@id\":\"https:\\\/\\\/szkolydoktorskie.uwb.edu.pl\\\/ns\\\/#\\\/schema\\\/logo\\\/image\\\/\"}}]}<\/script>\n<!-- \/ Yoast SEO plugin. -->","yoast_head_json":{"title":"Jako\u015b\u0107 Kszta\u0142cenia - Szko\u0142a Doktorska Nauk Spo\u0142ecznych UwB","robots":{"index":"index","follow":"follow","max-snippet":"max-snippet:-1","max-image-preview":"max-image-preview:large","max-video-preview":"max-video-preview:-1"},"canonical":"https:\/\/szkolydoktorskie.uwb.edu.pl\/ns\/jakosc-ksztalcenia\/","og_locale":"pl_PL","og_type":"article","og_title":"Jako\u015b\u0107 Kszta\u0142cenia - Szko\u0142a Doktorska Nauk Spo\u0142ecznych UwB","og_description":"Decyzja nr 1 Rektora Uniwersytetu w Bia\u0142ymstoku z dnia 3 stycznia 2020 r. w sprawie powo\u0142ania Uczelnianego Zespo\u0142u ds. Jako\u015bci Kszta\u0142cenia ZESP\u00d3\u0141 ds. Jako\u015bci Kszta\u0142cenia SDNS Dr hab. Ewa Gruszewska,&hellip;","og_url":"https:\/\/szkolydoktorskie.uwb.edu.pl\/ns\/jakosc-ksztalcenia\/","og_site_name":"Szko\u0142a Doktorska Nauk Spo\u0142ecznych UwB","article_modified_time":"2023-11-23T12:50:46+00:00","twitter_card":"summary_large_image","twitter_misc":{"Szacowany czas czytania":"2 minuty"},"schema":{"@context":"https:\/\/schema.org","@graph":[{"@type":"WebPage","@id":"https:\/\/szkolydoktorskie.uwb.edu.pl\/ns\/jakosc-ksztalcenia\/","url":"https:\/\/szkolydoktorskie.uwb.edu.pl\/ns\/jakosc-ksztalcenia\/","name":"Jako\u015b\u0107 Kszta\u0142cenia - Szko\u0142a Doktorska Nauk Spo\u0142ecznych UwB","isPartOf":{"@id":"https:\/\/szkolydoktorskie.uwb.edu.pl\/ns\/#website"},"datePublished":"2021-04-15T22:53:54+00:00","dateModified":"2023-11-23T12:50:46+00:00","breadcrumb":{"@id":"https:\/\/szkolydoktorskie.uwb.edu.pl\/ns\/jakosc-ksztalcenia\/#breadcrumb"},"inLanguage":"pl-PL","potentialAction":[{"@type":"ReadAction","target":["https:\/\/szkolydoktorskie.uwb.edu.pl\/ns\/jakosc-ksztalcenia\/"]}]},{"@type":"BreadcrumbList","@id":"https:\/\/szkolydoktorskie.uwb.edu.pl\/ns\/jakosc-ksztalcenia\/#breadcrumb","itemListElement":[{"@type":"ListItem","position":1,"name":"Strona g\u0142\u00f3wna","item":"https:\/\/szkolydoktorskie.uwb.edu.pl\/ns\/"},{"@type":"ListItem","position":2,"name":"Jako\u015b\u0107 Kszta\u0142cenia"}]},{"@type":"WebSite","@id":"https:\/\/szkolydoktorskie.uwb.edu.pl\/ns\/#website","url":"https:\/\/szkolydoktorskie.uwb.edu.pl\/ns\/","name":"Szko\u0142a Doktorska Nauk Spo\u0142ecznych UwB","description":"Szko\u0142a Doktorska Nauk Spo\u0142ecznych UwB","publisher":{"@id":"https:\/\/szkolydoktorskie.uwb.edu.pl\/ns\/#organization"},"potentialAction":[{"@type":"SearchAction","target":{"@type":"EntryPoint","urlTemplate":"https:\/\/szkolydoktorskie.uwb.edu.pl\/ns\/?s={search_term_string}"},"query-input":{"@type":"PropertyValueSpecification","valueRequired":true,"valueName":"search_term_string"}}],"inLanguage":"pl-PL"},{"@type":"Organization","@id":"https:\/\/szkolydoktorskie.uwb.edu.pl\/ns\/#organization","name":"Szko\u0142a Doktorska Nauk Spo\u0142ecznych UwB","url":"https:\/\/szkolydoktorskie.uwb.edu.pl\/ns\/","logo":{"@type":"ImageObject","inLanguage":"pl-PL","@id":"https:\/\/szkolydoktorskie.uwb.edu.pl\/ns\/#\/schema\/logo\/image\/","url":"https:\/\/szkolydoktorskie.uwb.edu.pl\/ns\/wp-content\/uploads\/sites\/2\/2021\/04\/cropped-NS-LOGO.png","contentUrl":"https:\/\/szkolydoktorskie.uwb.edu.pl\/ns\/wp-content\/uploads\/sites\/2\/2021\/04\/cropped-NS-LOGO.png","width":705,"height":188,"caption":"Szko\u0142a Doktorska Nauk Spo\u0142ecznych UwB"},"image":{"@id":"https:\/\/szkolydoktorskie.uwb.edu.pl\/ns\/#\/schema\/logo\/image\/"}}]}},"_links":{"self":[{"href":"https:\/\/szkolydoktorskie.uwb.edu.pl\/ns\/wp-json\/wp\/v2\/pages\/13","targetHints":{"allow":["GET"]}}],"collection":[{"href":"https:\/\/szkolydoktorskie.uwb.edu.pl\/ns\/wp-json\/wp\/v2\/pages"}],"about":[{"href":"https:\/\/szkolydoktorskie.uwb.edu.pl\/ns\/wp-json\/wp\/v2\/types\/page"}],"author":[{"embeddable":true,"href":"https:\/\/szkolydoktorskie.uwb.edu.pl\/ns\/wp-json\/wp\/v2\/users\/1"}],"replies":[{"embeddable":true,"href":"https:\/\/szkolydoktorskie.uwb.edu.pl\/ns\/wp-json\/wp\/v2\/comments?post=13"}],"version-history":[{"count":14,"href":"https:\/\/szkolydoktorskie.uwb.edu.pl\/ns\/wp-json\/wp\/v2\/pages\/13\/revisions"}],"predecessor-version":[{"id":2198,"href":"https:\/\/szkolydoktorskie.uwb.edu.pl\/ns\/wp-json\/wp\/v2\/pages\/13\/revisions\/2198"}],"wp:attachment":[{"href":"https:\/\/szkolydoktorskie.uwb.edu.pl\/ns\/wp-json\/wp\/v2\/media?parent=13"}],"curies":[{"name":"wp","href":"https:\/\/api.w.org\/{rel}","templated":true}]}}