{"id":7,"date":"2021-04-16T00:53:16","date_gmt":"2021-04-15T22:53:16","guid":{"rendered":"https:\/\/szkolydoktorskie.uwb.edu.pl\/ns\/?page_id=7"},"modified":"2022-03-08T08:41:37","modified_gmt":"2022-03-08T07:41:37","slug":"dyrektor-i-sekretariat-szkoly","status":"publish","type":"page","link":"https:\/\/szkolydoktorskie.uwb.edu.pl\/nh\/dyrektor-i-sekretariat-szkoly\/","title":{"rendered":"Dyrektor i Sekretariat Szko\u0142y"},"content":{"rendered":"\n<hr class=\"wp-block-separator\" \/>\n\n\n\n<p><strong>DYREKTOR SZKO\u0141Y<\/strong> <\/p>\n\n\n\n<div class=\"wp-block-media-text alignwide is-stacked-on-mobile\" style=\"grid-template-columns:23% auto\"><figure class=\"wp-block-media-text__media\"><img loading=\"lazy\" decoding=\"async\" width=\"438\" height=\"540\" src=\"https:\/\/szkolydoktorskie.uwb.edu.pl\/nh\/wp-content\/uploads\/sites\/3\/2022\/03\/Zdjecie-A.-Nosek-1.jpg\" alt=\"\" class=\"wp-image-584 size-full\" srcset=\"https:\/\/szkolydoktorskie.uwb.edu.pl\/nh\/wp-content\/uploads\/sites\/3\/2022\/03\/Zdjecie-A.-Nosek-1.jpg 438w, https:\/\/szkolydoktorskie.uwb.edu.pl\/nh\/wp-content\/uploads\/sites\/3\/2022\/03\/Zdjecie-A.-Nosek-1-243x300.jpg 243w\" sizes=\"auto, (max-width: 438px) 100vw, 438px\" \/><\/figure><div class=\"wp-block-media-text__content\">\n<p><strong>DYREKTOR SZKO\u0141Y <\/strong><\/p>\n\n\n\n<p><strong><a href=\"https:\/\/szkolydoktorskie.uwb.edu.pl\/nh\/wp-content\/uploads\/sites\/3\/2022\/03\/popr.-A.-Nosek-Profil-badawczy-publikacje-naukowe.pdf\">dr hab. Anna Nosek, prof. UwB<\/a><\/strong><\/p>\n\n\n\n<p><\/p>\n\n\n\n<p><\/p>\n\n\n\n<p><\/p>\n\n\n\n<p><\/p>\n\n\n\n<p><\/p>\n\n\n\n<p><\/p>\n<\/div><\/div>\n\n\n\n<p><\/p>\n\n\n\n<p><\/p>\n\n\n\n<p><\/p>\n\n\n\n<p><\/p>\n\n\n\n<p><\/p>\n\n\n\n<pre class=\"wp-block-preformatted\"><\/pre>\n\n\n\n<div class=\"wp-block-media-text alignwide is-stacked-on-mobile is-vertically-aligned-top\" style=\"grid-template-columns:22% auto\"><figure class=\"wp-block-media-text__media\"><img loading=\"lazy\" decoding=\"async\" width=\"1828\" height=\"2560\" src=\"https:\/\/szkolydoktorskie.uwb.edu.pl\/nh\/wp-content\/uploads\/sites\/3\/2021\/05\/M2A4777_v1_kadr-II-scaled.jpg\" alt=\"\" class=\"wp-image-160 size-full\" srcset=\"https:\/\/szkolydoktorskie.uwb.edu.pl\/nh\/wp-content\/uploads\/sites\/3\/2021\/05\/M2A4777_v1_kadr-II-scaled.jpg 1828w, https:\/\/szkolydoktorskie.uwb.edu.pl\/nh\/wp-content\/uploads\/sites\/3\/2021\/05\/M2A4777_v1_kadr-II-214x300.jpg 214w, https:\/\/szkolydoktorskie.uwb.edu.pl\/nh\/wp-content\/uploads\/sites\/3\/2021\/05\/M2A4777_v1_kadr-II-731x1024.jpg 731w, https:\/\/szkolydoktorskie.uwb.edu.pl\/nh\/wp-content\/uploads\/sites\/3\/2021\/05\/M2A4777_v1_kadr-II-768x1075.jpg 768w, https:\/\/szkolydoktorskie.uwb.edu.pl\/nh\/wp-content\/uploads\/sites\/3\/2021\/05\/M2A4777_v1_kadr-II-1097x1536.jpg 1097w, https:\/\/szkolydoktorskie.uwb.edu.pl\/nh\/wp-content\/uploads\/sites\/3\/2021\/05\/M2A4777_v1_kadr-II-1463x2048.jpg 1463w\" sizes=\"auto, (max-width: 1828px) 100vw, 1828px\" \/><\/figure><div class=\"wp-block-media-text__content\">\n<p>                                   <strong>DYREKTOR SZKO\u0141Y<\/strong> <\/p>\n\n\n\n<p><strong> funkcja sprawowana w okresie od 01.10.2019 <\/strong><br><strong>do 28.02.2022<\/strong><\/p>\n\n\n\n<p>                          <strong><a href=\"https:\/\/szkolydoktorskie.uwb.edu.pl\/nh\/wp-content\/uploads\/sites\/3\/2021\/08\/U.-Sokolska-Informacja-o-dyrektorze-Szkoly.pdf\">prof. dr hab. Urszula Sok\u00f3lska<\/a><\/strong><\/p>\n\n\n\n<p><\/p>\n\n\n\n<p><\/p>\n\n\n\n<p><\/p>\n<\/div><\/div>\n\n\n\n<div class=\"wp-block-media-text alignwide is-stacked-on-mobile is-vertically-aligned-center\" style=\"grid-template-columns:22% auto\"><figure class=\"wp-block-media-text__media\"><img loading=\"lazy\" decoding=\"async\" width=\"768\" height=\"1024\" src=\"https:\/\/szkolydoktorskie.uwb.edu.pl\/nh\/wp-content\/uploads\/sites\/3\/2021\/06\/Skrodzka-Anna-zdjecie-768x1024.jpg\" alt=\"\" class=\"wp-image-210 size-full\" srcset=\"https:\/\/szkolydoktorskie.uwb.edu.pl\/nh\/wp-content\/uploads\/sites\/3\/2021\/06\/Skrodzka-Anna-zdjecie-768x1024.jpg 768w, https:\/\/szkolydoktorskie.uwb.edu.pl\/nh\/wp-content\/uploads\/sites\/3\/2021\/06\/Skrodzka-Anna-zdjecie-225x300.jpg 225w, https:\/\/szkolydoktorskie.uwb.edu.pl\/nh\/wp-content\/uploads\/sites\/3\/2021\/06\/Skrodzka-Anna-zdjecie-1152x1536.jpg 1152w, https:\/\/szkolydoktorskie.uwb.edu.pl\/nh\/wp-content\/uploads\/sites\/3\/2021\/06\/Skrodzka-Anna-zdjecie-1536x2048.jpg 1536w, https:\/\/szkolydoktorskie.uwb.edu.pl\/nh\/wp-content\/uploads\/sites\/3\/2021\/06\/Skrodzka-Anna-zdjecie-scaled.jpg 1920w\" sizes=\"auto, (max-width: 768px) 100vw, 768px\" \/><\/figure><div class=\"wp-block-media-text__content\">\n<p>                                       <strong>SEKRETARIAT<\/strong><\/p>\n\n\n\n<p><strong>mgr Anna Skrodzka<\/strong><\/p>\n\n\n\n<p><\/p>\n\n\n\n<p><\/p>\n\n\n\n<p><\/p>\n<\/div><\/div>\n\n\n\n<p><\/p>\n","protected":false},"excerpt":{"rendered":"<p>DYREKTOR SZKO\u0141Y DYREKTOR SZKO\u0141Y dr hab. Anna Nosek, prof. UwB DYREKTOR SZKO\u0141Y funkcja sprawowana w okresie od 01.10.2019 do 28.02.2022 prof. dr hab. Urszula Sok\u00f3lska SEKRETARIAT mgr Anna Skrodzka<\/p>\n","protected":false},"author":1,"featured_media":0,"parent":0,"menu_order":0,"comment_status":"closed","ping_status":"closed","template":"","meta":{"footnotes":""},"class_list":["post-7","page","type-page","status-publish","hentry"],"yoast_head":"<!-- This site is optimized with the Yoast SEO plugin v27.4 - https:\/\/yoast.com\/product\/yoast-seo-wordpress\/ -->\n<title>Dyrektor i Sekretariat Szko\u0142y - Szko\u0142a Doktorska Nauk Humanistycznych UwB<\/title>\n<meta name=\"robots\" content=\"index, follow, max-snippet:-1, max-image-preview:large, max-video-preview:-1\" \/>\n<link rel=\"canonical\" href=\"https:\/\/szkolydoktorskie.uwb.edu.pl\/nh\/dyrektor-i-sekretariat-szkoly\/\" \/>\n<meta property=\"og:locale\" content=\"pl_PL\" \/>\n<meta property=\"og:type\" content=\"article\" \/>\n<meta property=\"og:title\" content=\"Dyrektor i Sekretariat Szko\u0142y - Szko\u0142a Doktorska Nauk Humanistycznych UwB\" \/>\n<meta property=\"og:description\" content=\"DYREKTOR SZKO\u0141Y DYREKTOR SZKO\u0141Y dr hab. Anna Nosek, prof. UwB DYREKTOR SZKO\u0141Y funkcja sprawowana w okresie od 01.10.2019 do 28.02.2022 prof. dr hab. Urszula Sok\u00f3lska SEKRETARIAT mgr Anna Skrodzka\" \/>\n<meta property=\"og:url\" content=\"https:\/\/szkolydoktorskie.uwb.edu.pl\/nh\/dyrektor-i-sekretariat-szkoly\/\" \/>\n<meta property=\"og:site_name\" content=\"Szko\u0142a Doktorska Nauk Humanistycznych UwB\" \/>\n<meta property=\"article:modified_time\" content=\"2022-03-08T07:41:37+00:00\" \/>\n<meta property=\"og:image\" content=\"https:\/\/szkolydoktorskie.uwb.edu.pl\/nh\/wp-content\/uploads\/sites\/3\/2022\/03\/Zdjecie-A.-Nosek-1.jpg\" \/>\n<meta name=\"twitter:card\" content=\"summary_large_image\" \/>\n<meta name=\"twitter:label1\" content=\"Szacowany czas czytania\" \/>\n\t<meta name=\"twitter:data1\" content=\"1 minuta\" \/>\n<script type=\"application\/ld+json\" class=\"yoast-schema-graph\">{\"@context\":\"https:\\\/\\\/schema.org\",\"@graph\":[{\"@type\":\"WebPage\",\"@id\":\"https:\\\/\\\/szkolydoktorskie.uwb.edu.pl\\\/nh\\\/dyrektor-i-sekretariat-szkoly\\\/\",\"url\":\"https:\\\/\\\/szkolydoktorskie.uwb.edu.pl\\\/nh\\\/dyrektor-i-sekretariat-szkoly\\\/\",\"name\":\"Dyrektor i Sekretariat Szko\u0142y - Szko\u0142a Doktorska Nauk Humanistycznych UwB\",\"isPartOf\":{\"@id\":\"https:\\\/\\\/szkolydoktorskie.uwb.edu.pl\\\/nh\\\/#website\"},\"primaryImageOfPage\":{\"@id\":\"https:\\\/\\\/szkolydoktorskie.uwb.edu.pl\\\/nh\\\/dyrektor-i-sekretariat-szkoly\\\/#primaryimage\"},\"image\":{\"@id\":\"https:\\\/\\\/szkolydoktorskie.uwb.edu.pl\\\/nh\\\/dyrektor-i-sekretariat-szkoly\\\/#primaryimage\"},\"thumbnailUrl\":\"https:\\\/\\\/szkolydoktorskie.uwb.edu.pl\\\/nh\\\/wp-content\\\/uploads\\\/sites\\\/3\\\/2022\\\/03\\\/Zdjecie-A.-Nosek-1.jpg\",\"datePublished\":\"2021-04-15T22:53:16+00:00\",\"dateModified\":\"2022-03-08T07:41:37+00:00\",\"breadcrumb\":{\"@id\":\"https:\\\/\\\/szkolydoktorskie.uwb.edu.pl\\\/nh\\\/dyrektor-i-sekretariat-szkoly\\\/#breadcrumb\"},\"inLanguage\":\"pl-PL\",\"potentialAction\":[{\"@type\":\"ReadAction\",\"target\":[\"https:\\\/\\\/szkolydoktorskie.uwb.edu.pl\\\/nh\\\/dyrektor-i-sekretariat-szkoly\\\/\"]}]},{\"@type\":\"ImageObject\",\"inLanguage\":\"pl-PL\",\"@id\":\"https:\\\/\\\/szkolydoktorskie.uwb.edu.pl\\\/nh\\\/dyrektor-i-sekretariat-szkoly\\\/#primaryimage\",\"url\":\"https:\\\/\\\/szkolydoktorskie.uwb.edu.pl\\\/nh\\\/wp-content\\\/uploads\\\/sites\\\/3\\\/2022\\\/03\\\/Zdjecie-A.-Nosek-1.jpg\",\"contentUrl\":\"https:\\\/\\\/szkolydoktorskie.uwb.edu.pl\\\/nh\\\/wp-content\\\/uploads\\\/sites\\\/3\\\/2022\\\/03\\\/Zdjecie-A.-Nosek-1.jpg\",\"width\":438,\"height\":540},{\"@type\":\"BreadcrumbList\",\"@id\":\"https:\\\/\\\/szkolydoktorskie.uwb.edu.pl\\\/nh\\\/dyrektor-i-sekretariat-szkoly\\\/#breadcrumb\",\"itemListElement\":[{\"@type\":\"ListItem\",\"position\":1,\"name\":\"Strona g\u0142\u00f3wna\",\"item\":\"https:\\\/\\\/szkolydoktorskie.uwb.edu.pl\\\/nh\\\/\"},{\"@type\":\"ListItem\",\"position\":2,\"name\":\"Dyrektor i Sekretariat Szko\u0142y\"}]},{\"@type\":\"WebSite\",\"@id\":\"https:\\\/\\\/szkolydoktorskie.uwb.edu.pl\\\/nh\\\/#website\",\"url\":\"https:\\\/\\\/szkolydoktorskie.uwb.edu.pl\\\/nh\\\/\",\"name\":\"Szko\u0142a Doktorska Nauk Humanistycznych UwB\",\"description\":\"Szko\u0142a Doktorska Nauk Humanistycznych UwB\",\"publisher\":{\"@id\":\"https:\\\/\\\/szkolydoktorskie.uwb.edu.pl\\\/nh\\\/#organization\"},\"potentialAction\":[{\"@type\":\"SearchAction\",\"target\":{\"@type\":\"EntryPoint\",\"urlTemplate\":\"https:\\\/\\\/szkolydoktorskie.uwb.edu.pl\\\/nh\\\/?s={search_term_string}\"},\"query-input\":{\"@type\":\"PropertyValueSpecification\",\"valueRequired\":true,\"valueName\":\"search_term_string\"}}],\"inLanguage\":\"pl-PL\"},{\"@type\":\"Organization\",\"@id\":\"https:\\\/\\\/szkolydoktorskie.uwb.edu.pl\\\/nh\\\/#organization\",\"name\":\"Szko\u0142a Doktorska Nauk Humanistycznych UwB\",\"url\":\"https:\\\/\\\/szkolydoktorskie.uwb.edu.pl\\\/nh\\\/\",\"logo\":{\"@type\":\"ImageObject\",\"inLanguage\":\"pl-PL\",\"@id\":\"https:\\\/\\\/szkolydoktorskie.uwb.edu.pl\\\/nh\\\/#\\\/schema\\\/logo\\\/image\\\/\",\"url\":\"https:\\\/\\\/szkolydoktorskie.uwb.edu.pl\\\/nh\\\/wp-content\\\/uploads\\\/sites\\\/3\\\/2021\\\/04\\\/cropped-SH-LOGO.png\",\"contentUrl\":\"https:\\\/\\\/szkolydoktorskie.uwb.edu.pl\\\/nh\\\/wp-content\\\/uploads\\\/sites\\\/3\\\/2021\\\/04\\\/cropped-SH-LOGO.png\",\"width\":705,\"height\":188,\"caption\":\"Szko\u0142a Doktorska Nauk Humanistycznych UwB\"},\"image\":{\"@id\":\"https:\\\/\\\/szkolydoktorskie.uwb.edu.pl\\\/nh\\\/#\\\/schema\\\/logo\\\/image\\\/\"}}]}<\/script>\n<!-- \/ Yoast SEO plugin. -->","yoast_head_json":{"title":"Dyrektor i Sekretariat Szko\u0142y - Szko\u0142a Doktorska Nauk Humanistycznych UwB","robots":{"index":"index","follow":"follow","max-snippet":"max-snippet:-1","max-image-preview":"max-image-preview:large","max-video-preview":"max-video-preview:-1"},"canonical":"https:\/\/szkolydoktorskie.uwb.edu.pl\/nh\/dyrektor-i-sekretariat-szkoly\/","og_locale":"pl_PL","og_type":"article","og_title":"Dyrektor i Sekretariat Szko\u0142y - Szko\u0142a Doktorska Nauk Humanistycznych UwB","og_description":"DYREKTOR SZKO\u0141Y DYREKTOR SZKO\u0141Y dr hab. Anna Nosek, prof. UwB DYREKTOR SZKO\u0141Y funkcja sprawowana w okresie od 01.10.2019 do 28.02.2022 prof. dr hab. Urszula Sok\u00f3lska SEKRETARIAT mgr Anna Skrodzka","og_url":"https:\/\/szkolydoktorskie.uwb.edu.pl\/nh\/dyrektor-i-sekretariat-szkoly\/","og_site_name":"Szko\u0142a Doktorska Nauk Humanistycznych UwB","article_modified_time":"2022-03-08T07:41:37+00:00","og_image":[{"url":"https:\/\/szkolydoktorskie.uwb.edu.pl\/nh\/wp-content\/uploads\/sites\/3\/2022\/03\/Zdjecie-A.-Nosek-1.jpg","type":"","width":"","height":""}],"twitter_card":"summary_large_image","twitter_misc":{"Szacowany czas czytania":"1 minuta"},"schema":{"@context":"https:\/\/schema.org","@graph":[{"@type":"WebPage","@id":"https:\/\/szkolydoktorskie.uwb.edu.pl\/nh\/dyrektor-i-sekretariat-szkoly\/","url":"https:\/\/szkolydoktorskie.uwb.edu.pl\/nh\/dyrektor-i-sekretariat-szkoly\/","name":"Dyrektor i Sekretariat Szko\u0142y - Szko\u0142a Doktorska Nauk Humanistycznych UwB","isPartOf":{"@id":"https:\/\/szkolydoktorskie.uwb.edu.pl\/nh\/#website"},"primaryImageOfPage":{"@id":"https:\/\/szkolydoktorskie.uwb.edu.pl\/nh\/dyrektor-i-sekretariat-szkoly\/#primaryimage"},"image":{"@id":"https:\/\/szkolydoktorskie.uwb.edu.pl\/nh\/dyrektor-i-sekretariat-szkoly\/#primaryimage"},"thumbnailUrl":"https:\/\/szkolydoktorskie.uwb.edu.pl\/nh\/wp-content\/uploads\/sites\/3\/2022\/03\/Zdjecie-A.-Nosek-1.jpg","datePublished":"2021-04-15T22:53:16+00:00","dateModified":"2022-03-08T07:41:37+00:00","breadcrumb":{"@id":"https:\/\/szkolydoktorskie.uwb.edu.pl\/nh\/dyrektor-i-sekretariat-szkoly\/#breadcrumb"},"inLanguage":"pl-PL","potentialAction":[{"@type":"ReadAction","target":["https:\/\/szkolydoktorskie.uwb.edu.pl\/nh\/dyrektor-i-sekretariat-szkoly\/"]}]},{"@type":"ImageObject","inLanguage":"pl-PL","@id":"https:\/\/szkolydoktorskie.uwb.edu.pl\/nh\/dyrektor-i-sekretariat-szkoly\/#primaryimage","url":"https:\/\/szkolydoktorskie.uwb.edu.pl\/nh\/wp-content\/uploads\/sites\/3\/2022\/03\/Zdjecie-A.-Nosek-1.jpg","contentUrl":"https:\/\/szkolydoktorskie.uwb.edu.pl\/nh\/wp-content\/uploads\/sites\/3\/2022\/03\/Zdjecie-A.-Nosek-1.jpg","width":438,"height":540},{"@type":"BreadcrumbList","@id":"https:\/\/szkolydoktorskie.uwb.edu.pl\/nh\/dyrektor-i-sekretariat-szkoly\/#breadcrumb","itemListElement":[{"@type":"ListItem","position":1,"name":"Strona g\u0142\u00f3wna","item":"https:\/\/szkolydoktorskie.uwb.edu.pl\/nh\/"},{"@type":"ListItem","position":2,"name":"Dyrektor i Sekretariat Szko\u0142y"}]},{"@type":"WebSite","@id":"https:\/\/szkolydoktorskie.uwb.edu.pl\/nh\/#website","url":"https:\/\/szkolydoktorskie.uwb.edu.pl\/nh\/","name":"Szko\u0142a Doktorska Nauk Humanistycznych UwB","description":"Szko\u0142a Doktorska Nauk Humanistycznych UwB","publisher":{"@id":"https:\/\/szkolydoktorskie.uwb.edu.pl\/nh\/#organization"},"potentialAction":[{"@type":"SearchAction","target":{"@type":"EntryPoint","urlTemplate":"https:\/\/szkolydoktorskie.uwb.edu.pl\/nh\/?s={search_term_string}"},"query-input":{"@type":"PropertyValueSpecification","valueRequired":true,"valueName":"search_term_string"}}],"inLanguage":"pl-PL"},{"@type":"Organization","@id":"https:\/\/szkolydoktorskie.uwb.edu.pl\/nh\/#organization","name":"Szko\u0142a Doktorska Nauk Humanistycznych UwB","url":"https:\/\/szkolydoktorskie.uwb.edu.pl\/nh\/","logo":{"@type":"ImageObject","inLanguage":"pl-PL","@id":"https:\/\/szkolydoktorskie.uwb.edu.pl\/nh\/#\/schema\/logo\/image\/","url":"https:\/\/szkolydoktorskie.uwb.edu.pl\/nh\/wp-content\/uploads\/sites\/3\/2021\/04\/cropped-SH-LOGO.png","contentUrl":"https:\/\/szkolydoktorskie.uwb.edu.pl\/nh\/wp-content\/uploads\/sites\/3\/2021\/04\/cropped-SH-LOGO.png","width":705,"height":188,"caption":"Szko\u0142a Doktorska Nauk Humanistycznych UwB"},"image":{"@id":"https:\/\/szkolydoktorskie.uwb.edu.pl\/nh\/#\/schema\/logo\/image\/"}}]}},"_links":{"self":[{"href":"https:\/\/szkolydoktorskie.uwb.edu.pl\/nh\/wp-json\/wp\/v2\/pages\/7","targetHints":{"allow":["GET"]}}],"collection":[{"href":"https:\/\/szkolydoktorskie.uwb.edu.pl\/nh\/wp-json\/wp\/v2\/pages"}],"about":[{"href":"https:\/\/szkolydoktorskie.uwb.edu.pl\/nh\/wp-json\/wp\/v2\/types\/page"}],"author":[{"embeddable":true,"href":"https:\/\/szkolydoktorskie.uwb.edu.pl\/nh\/wp-json\/wp\/v2\/users\/1"}],"replies":[{"embeddable":true,"href":"https:\/\/szkolydoktorskie.uwb.edu.pl\/nh\/wp-json\/wp\/v2\/comments?post=7"}],"version-history":[{"count":14,"href":"https:\/\/szkolydoktorskie.uwb.edu.pl\/nh\/wp-json\/wp\/v2\/pages\/7\/revisions"}],"predecessor-version":[{"id":620,"href":"https:\/\/szkolydoktorskie.uwb.edu.pl\/nh\/wp-json\/wp\/v2\/pages\/7\/revisions\/620"}],"wp:attachment":[{"href":"https:\/\/szkolydoktorskie.uwb.edu.pl\/nh\/wp-json\/wp\/v2\/media?parent=7"}],"curies":[{"name":"wp","href":"https:\/\/api.w.org\/{rel}","templated":true}]}}