{"id":483,"date":"2022-02-10T12:36:30","date_gmt":"2022-02-10T11:36:30","guid":{"rendered":"https:\/\/szkolydoktorskie.uwb.edu.pl\/nh\/?page_id=483"},"modified":"2024-02-29T10:33:24","modified_gmt":"2024-02-29T09:33:24","slug":"rozklady-zajec","status":"publish","type":"page","link":"https:\/\/szkolydoktorskie.uwb.edu.pl\/nh\/rozklady-zajec\/","title":{"rendered":"Rozk\u0142ady zaj\u0119\u0107"},"content":{"rendered":"\n<p class=\"has-pale-cyan-blue-background-color has-background\"><strong>2023\/2024<\/strong><\/p>\n\n\n\n<p><strong>SEMESTR LETNI<\/strong><\/p>\n\n\n\n<p><a href=\"https:\/\/szkolydoktorskie.uwb.edu.pl\/nh\/wp-content\/uploads\/sites\/3\/2024\/02\/SDNH-rozklad-zajec-sem.-letni-1.pdf\">Rozk\u0142ad zaj\u0119\u0107<\/a><\/p>\n\n\n\n<p><\/p>\n\n\n\n<p><strong>SEMESTR ZIMOWY<\/strong><\/p>\n\n\n\n<p><strong>Uwaga doktoranci I roku<\/strong> &#8211; szkolenie <strong>BHP<\/strong> odb\u0119dzie si\u0119 <strong>19.10.2023<\/strong> w godz. <strong>15.00-18.15<\/strong> w sali <strong>201<\/strong> w budynku Wydzia\u0142u Ekonomii i Finans\u00f3w i Instytutu Zarz\u0105dzania<\/p>\n\n\n\n<p><\/p>\n\n\n\n<p>Zaj\u0119cia w dn. 20.10.2023 r. z &#8222;<strong>Komunikowani w dyskursie naukowym<\/strong>&#8221; odb\u0119d\u0105 si\u0119 w p. 142.<\/p>\n\n\n\n<p>Zaj\u0119cia w dn. 20.10.2023 r. z &#8222;<strong>Form finansowania nauk humanistycznych<\/strong>&#8221; odb\u0119d\u0105 si\u0119 w s. 91<\/p>\n\n\n\n<p>Zaj\u0119cia z przedmiotu &#8222;<strong>Komercjalizacja bada\u0144 naukowych<\/strong>&#8221; odb\u0119d\u0105 si\u0119 w budynku Wydzia\u0142u Chemii (Kampus), s. 2044.<\/p>\n\n\n\n<p><a href=\"https:\/\/szkolydoktorskie.uwb.edu.pl\/nh\/wp-content\/uploads\/sites\/3\/2023\/11\/SDNH-s.-zimowy-F-2023_24.pdf\">Filozofia<\/a><\/p>\n\n\n\n<p><a href=\"https:\/\/szkolydoktorskie.uwb.edu.pl\/nh\/wp-content\/uploads\/sites\/3\/2023\/10\/SDNH-s.-zimowy-H-2023_24.docx\">Historia<\/a><\/p>\n\n\n\n<p>II rok &#8211; zaj\u0119cia z &#8222;<strong>Komercjalizacji bada\u0144 naukowych<\/strong>&#8221; odb\u0119d\u0105 si\u0119 w s. 2044 na W. Chemii (Kampus)<\/p>\n\n\n\n<p>I rok &#8211; Zaj\u0119cia z przedmiotu &#8222;<strong>J\u0119zyk obcy<\/strong>&#8221; z prof. Drozdowskim b\u0119d\u0105 si\u0119 odbywa\u0142y w nast\u0119puj\u0105cych terminach:<br>8.11.2023,<br>15.11.2023,<br>22.11.2023,<br>13.12.2023,<br>17.01.2024 w godz. 15.00-16.30 w sa. 2002 W. Chemii, Kampus UwB (a nie w pi\u0105tki, jak w rozk\u0142adzie).<\/p>\n\n\n\n<p><\/p>\n\n\n\n<p><a href=\"https:\/\/szkolydoktorskie.uwb.edu.pl\/nh\/wp-content\/uploads\/sites\/3\/2023\/10\/SDNH-s.-zimowy-J-2023_24.docx\">J\u0119zykoznawstwo<\/a><\/p>\n\n\n\n<p><a href=\"https:\/\/szkolydoktorskie.uwb.edu.pl\/nh\/wp-content\/uploads\/sites\/3\/2023\/10\/SDNH-s.-zimowy-L-2023_24.docx\">Literaturoznawstwo<\/a><\/p>\n\n\n\n<p><a href=\"https:\/\/szkolydoktorskie.uwb.edu.pl\/nh\/wp-content\/uploads\/sites\/3\/2024\/01\/Seminaria-w-SDNH-terminy-2023_24.docx.pdf\">Terminy seminari\u00f3w<\/a><\/p>\n\n\n\n<p>I i II rok studi\u00f3w<\/p>\n\n\n\n<p><\/p>\n\n\n\n<p class=\"has-black-color has-text-color\"><a href=\"https:\/\/szkolydoktorskie.uwb.edu.pl\/nh\/wp-content\/uploads\/sites\/3\/2023\/10\/Terminy-zajec_umiejetnosci-miekkie_2023.pdf\"><strong><mark class=\"has-inline-color has-vivid-red-color\">Przedmioty realizowane w ramach &#8222;Umiej\u0119tno\u015bci mi\u0119kkich&#8221;<\/mark><\/strong><\/a><\/p>\n\n\n\n<p>Uwaga!<\/p>\n\n\n\n<p><strong>Komunikacja mi\u0119dzykulturowa<\/strong> &#8211; dr hab. M. Bie\u0144kowska, prof. UwB:<\/p>\n\n\n\n<p>zaj\u0119cia z 23.11.2023 przeniesione na <strong>30.11.2023<\/strong> r. z sali 46 do s. <strong>125<\/strong><\/p>\n\n\n\n<p><strong>Komunikowanie w dyskursie naukowym<\/strong> &#8211; prof. dr hab. E. Awramiuk zmiana sali z 46 na <strong>108a<\/strong><\/p>\n\n\n\n<p>III i IV rok studi\u00f3w <\/p>\n\n\n\n<p class=\"has-black-color has-text-color\"><a href=\"https:\/\/szkolydoktorskie.uwb.edu.pl\/nh\/wp-content\/uploads\/sites\/3\/2023\/10\/Terminy-zajec_przedmioty_spoza_dyscypliny-2023.pdf\"><strong><mark class=\"has-inline-color has-vivid-green-cyan-color\">Przedmioty spoza dyscypliny<\/mark><\/strong><\/a><\/p>\n\n\n\n<p class=\"has-pale-cyan-blue-background-color has-background\"><strong>2022\/2023 <\/strong><\/p>\n\n\n\n<p><strong>SEMESTR LETNI<\/strong><\/p>\n\n\n\n<p><a href=\"https:\/\/szkolydoktorskie.uwb.edu.pl\/nh\/wp-content\/uploads\/sites\/3\/2023\/02\/SDNH-filozofia-rozklad-zajec-sem.-letni-2022_23.pdf\">Filozofia<\/a><\/p>\n\n\n\n<p><a href=\"https:\/\/szkolydoktorskie.uwb.edu.pl\/nh\/wp-content\/uploads\/sites\/3\/2023\/03\/SDNH-historia-rozklad-zajec-sem.-letni-2022_23-2.pdf\">Historia<\/a><\/p>\n\n\n\n<p><a href=\"https:\/\/szkolydoktorskie.uwb.edu.pl\/nh\/wp-content\/uploads\/sites\/3\/2023\/03\/SDNH-jezykoznawstwo-rozklad-zajec-sem.-letni-2022_23-1.pdf\">J\u0119zykoznawstwo<\/a><\/p>\n\n\n\n<p><a href=\"https:\/\/szkolydoktorskie.uwb.edu.pl\/nh\/wp-content\/uploads\/sites\/3\/2023\/03\/SDNH-literaturoznawstwo-rozklad-zajec-sem.-letni-2022_23-1.pdf\">Literaturoznawstwo<\/a><\/p>\n\n\n\n<p>Terminy seminari\u00f3w b\u0119d\u0105 sukcesywnie uzupe\u0142niane, ewentualnie prosz\u0119 kontaktowa\u0107 si\u0119 bezpo\u015brednio z promotorami.<\/p>\n\n\n\n<p><\/p>\n\n\n\n<p>________________________________________________<\/p>\n\n\n\n<p><strong>SEMESTR ZIMOWY<\/strong><\/p>\n\n\n\n<p>I rok  &#8211; uwaga &#8211; zmiana sali!<\/p>\n\n\n\n<p><strong>&#8222;Prawo autorskie i ochrona w\u0142asno\u015bci intelektualnej<\/strong>&#8221; z prof. Sie\u0144czy\u0142o-Chlabicz sala zosta\u0142a zmieniona na 2001, w kampusie na Wydziale Chemii.<\/p>\n\n\n\n<p><\/p>\n\n\n\n<p>II rok (wszystkie dyscypliny SDNH) &#8211; uwaga!<\/p>\n\n\n\n<p>Przedmiot <strong>&#8222;Komercjalizacji bada\u0144 naukowych&#8221;<\/strong> odb\u0119d\u0105 si\u0119 15.12.2022 w godz. 15-19. w s. 2044 na W. Chemii<\/p>\n\n\n\n<p><\/p>\n\n\n\n<p><a href=\"https:\/\/szkolydoktorskie.uwb.edu.pl\/nh\/wp-content\/uploads\/sites\/3\/2022\/10\/SDNH-filozofia-rozklad-zajec-sem.-zimowy-2022_23.pdf\"><strong>Filozofia<\/strong><\/a><\/p>\n\n\n\n<p><a href=\"https:\/\/szkolydoktorskie.uwb.edu.pl\/nh\/wp-content\/uploads\/sites\/3\/2022\/10\/SDNH-historia-rozklad-zajec-sem.-zimowy-2022_23.pdf\"><strong>Historia<\/strong><\/a><\/p>\n\n\n\n<p><strong><a href=\"https:\/\/szkolydoktorskie.uwb.edu.pl\/nh\/wp-content\/uploads\/sites\/3\/2022\/12\/SDNH-jezykoznawstwo-rozklad-zajec-sem.-zimowy-2022_23.pdf\">J\u0119zykoznawstwo<\/a><\/strong><\/p>\n\n\n\n<p><strong><a href=\"https:\/\/szkolydoktorskie.uwb.edu.pl\/nh\/wp-content\/uploads\/sites\/3\/2022\/10\/SDNH-literaturoznawstwo-rozklad-zajec-sem.-zimowy-2022_23-1.pdf\">Literaturoznawstwo<\/a><\/strong><\/p>\n\n\n\n<p><a href=\"https:\/\/szkolydoktorskie.uwb.edu.pl\/nh\/wp-content\/uploads\/sites\/3\/2022\/10\/Terminy-zajec_umiejetnosci-miekkie_2022_calosc1.pdf\">Terminy przedmiot\u00f3w w ramach umiej\u0119tno\u015bci mi\u0119kkich<\/a><\/p>\n\n\n\n<p>__________________________________________________________<\/p>\n\n\n\n<p>2021\/2022 semestr letni<\/p>\n\n\n\n<p><a href=\"https:\/\/szkolydoktorskie.uwb.edu.pl\/nh\/wp-content\/uploads\/sites\/3\/2022\/03\/Filozofia-sem-letni-2021_22.pdf\">Filozofia<\/a><\/p>\n\n\n\n<p><a href=\"https:\/\/szkolydoktorskie.uwb.edu.pl\/nh\/wp-content\/uploads\/sites\/3\/2022\/03\/Historia-sem-letni-2021_22-1.pdf\">Historia<\/a><\/p>\n\n\n\n<p><a href=\"https:\/\/szkolydoktorskie.uwb.edu.pl\/nh\/wp-content\/uploads\/sites\/3\/2022\/02\/Jezykoznawstwo-sem-letni-2021_22.pdf\">J\u0119zykoznawstwo<\/a><\/p>\n\n\n\n<p><a href=\"https:\/\/szkolydoktorskie.uwb.edu.pl\/nh\/wp-content\/uploads\/sites\/3\/2022\/03\/Literaturoznawstwo-sem-letni-2021_22.pdf\">Literaturoznawstwo<\/a><\/p>\n\n\n\n<p><\/p>\n\n\n\n<p>2021\/2022 semestr zimowy<\/p>\n\n\n\n<p><\/p>\n","protected":false},"excerpt":{"rendered":"<p>2023\/2024 SEMESTR LETNI Rozk\u0142ad zaj\u0119\u0107 SEMESTR ZIMOWY Uwaga doktoranci I roku &#8211; szkolenie BHP odb\u0119dzie si\u0119 19.10.2023 w godz. 15.00-18.15 w sali 201 w budynku Wydzia\u0142u Ekonomii i Finans\u00f3w i&hellip;<\/p>\n","protected":false},"author":5,"featured_media":0,"parent":0,"menu_order":0,"comment_status":"closed","ping_status":"closed","template":"","meta":{"footnotes":""},"class_list":["post-483","page","type-page","status-publish","hentry"],"yoast_head":"<!-- This site is optimized with the Yoast SEO plugin v27.4 - https:\/\/yoast.com\/product\/yoast-seo-wordpress\/ -->\n<title>Rozk\u0142ady zaj\u0119\u0107 - Szko\u0142a Doktorska Nauk Humanistycznych UwB<\/title>\n<meta name=\"robots\" content=\"index, follow, max-snippet:-1, max-image-preview:large, max-video-preview:-1\" \/>\n<link rel=\"canonical\" href=\"https:\/\/szkolydoktorskie.uwb.edu.pl\/nh\/rozklady-zajec\/\" \/>\n<meta property=\"og:locale\" content=\"pl_PL\" \/>\n<meta property=\"og:type\" content=\"article\" \/>\n<meta property=\"og:title\" content=\"Rozk\u0142ady zaj\u0119\u0107 - Szko\u0142a Doktorska Nauk Humanistycznych UwB\" \/>\n<meta property=\"og:description\" content=\"2023\/2024 SEMESTR LETNI Rozk\u0142ad zaj\u0119\u0107 SEMESTR ZIMOWY Uwaga doktoranci I roku &#8211; szkolenie BHP odb\u0119dzie si\u0119 19.10.2023 w godz. 15.00-18.15 w sali 201 w budynku Wydzia\u0142u Ekonomii i Finans\u00f3w i&hellip;\" \/>\n<meta property=\"og:url\" content=\"https:\/\/szkolydoktorskie.uwb.edu.pl\/nh\/rozklady-zajec\/\" \/>\n<meta property=\"og:site_name\" content=\"Szko\u0142a Doktorska Nauk Humanistycznych UwB\" \/>\n<meta property=\"article:modified_time\" content=\"2024-02-29T09:33:24+00:00\" \/>\n<meta name=\"twitter:card\" content=\"summary_large_image\" \/>\n<meta name=\"twitter:label1\" content=\"Szacowany czas czytania\" \/>\n\t<meta name=\"twitter:data1\" content=\"2 minuty\" \/>\n<script type=\"application\/ld+json\" class=\"yoast-schema-graph\">{\"@context\":\"https:\\\/\\\/schema.org\",\"@graph\":[{\"@type\":\"WebPage\",\"@id\":\"https:\\\/\\\/szkolydoktorskie.uwb.edu.pl\\\/nh\\\/rozklady-zajec\\\/\",\"url\":\"https:\\\/\\\/szkolydoktorskie.uwb.edu.pl\\\/nh\\\/rozklady-zajec\\\/\",\"name\":\"Rozk\u0142ady zaj\u0119\u0107 - Szko\u0142a Doktorska Nauk Humanistycznych UwB\",\"isPartOf\":{\"@id\":\"https:\\\/\\\/szkolydoktorskie.uwb.edu.pl\\\/nh\\\/#website\"},\"datePublished\":\"2022-02-10T11:36:30+00:00\",\"dateModified\":\"2024-02-29T09:33:24+00:00\",\"breadcrumb\":{\"@id\":\"https:\\\/\\\/szkolydoktorskie.uwb.edu.pl\\\/nh\\\/rozklady-zajec\\\/#breadcrumb\"},\"inLanguage\":\"pl-PL\",\"potentialAction\":[{\"@type\":\"ReadAction\",\"target\":[\"https:\\\/\\\/szkolydoktorskie.uwb.edu.pl\\\/nh\\\/rozklady-zajec\\\/\"]}]},{\"@type\":\"BreadcrumbList\",\"@id\":\"https:\\\/\\\/szkolydoktorskie.uwb.edu.pl\\\/nh\\\/rozklady-zajec\\\/#breadcrumb\",\"itemListElement\":[{\"@type\":\"ListItem\",\"position\":1,\"name\":\"Strona g\u0142\u00f3wna\",\"item\":\"https:\\\/\\\/szkolydoktorskie.uwb.edu.pl\\\/nh\\\/\"},{\"@type\":\"ListItem\",\"position\":2,\"name\":\"Rozk\u0142ady zaj\u0119\u0107\"}]},{\"@type\":\"WebSite\",\"@id\":\"https:\\\/\\\/szkolydoktorskie.uwb.edu.pl\\\/nh\\\/#website\",\"url\":\"https:\\\/\\\/szkolydoktorskie.uwb.edu.pl\\\/nh\\\/\",\"name\":\"Szko\u0142a Doktorska Nauk Humanistycznych UwB\",\"description\":\"Szko\u0142a Doktorska Nauk Humanistycznych UwB\",\"publisher\":{\"@id\":\"https:\\\/\\\/szkolydoktorskie.uwb.edu.pl\\\/nh\\\/#organization\"},\"potentialAction\":[{\"@type\":\"SearchAction\",\"target\":{\"@type\":\"EntryPoint\",\"urlTemplate\":\"https:\\\/\\\/szkolydoktorskie.uwb.edu.pl\\\/nh\\\/?s={search_term_string}\"},\"query-input\":{\"@type\":\"PropertyValueSpecification\",\"valueRequired\":true,\"valueName\":\"search_term_string\"}}],\"inLanguage\":\"pl-PL\"},{\"@type\":\"Organization\",\"@id\":\"https:\\\/\\\/szkolydoktorskie.uwb.edu.pl\\\/nh\\\/#organization\",\"name\":\"Szko\u0142a Doktorska Nauk Humanistycznych UwB\",\"url\":\"https:\\\/\\\/szkolydoktorskie.uwb.edu.pl\\\/nh\\\/\",\"logo\":{\"@type\":\"ImageObject\",\"inLanguage\":\"pl-PL\",\"@id\":\"https:\\\/\\\/szkolydoktorskie.uwb.edu.pl\\\/nh\\\/#\\\/schema\\\/logo\\\/image\\\/\",\"url\":\"https:\\\/\\\/szkolydoktorskie.uwb.edu.pl\\\/nh\\\/wp-content\\\/uploads\\\/sites\\\/3\\\/2021\\\/04\\\/cropped-SH-LOGO.png\",\"contentUrl\":\"https:\\\/\\\/szkolydoktorskie.uwb.edu.pl\\\/nh\\\/wp-content\\\/uploads\\\/sites\\\/3\\\/2021\\\/04\\\/cropped-SH-LOGO.png\",\"width\":705,\"height\":188,\"caption\":\"Szko\u0142a Doktorska Nauk Humanistycznych UwB\"},\"image\":{\"@id\":\"https:\\\/\\\/szkolydoktorskie.uwb.edu.pl\\\/nh\\\/#\\\/schema\\\/logo\\\/image\\\/\"}}]}<\/script>\n<!-- \/ Yoast SEO plugin. -->","yoast_head_json":{"title":"Rozk\u0142ady zaj\u0119\u0107 - Szko\u0142a Doktorska Nauk Humanistycznych UwB","robots":{"index":"index","follow":"follow","max-snippet":"max-snippet:-1","max-image-preview":"max-image-preview:large","max-video-preview":"max-video-preview:-1"},"canonical":"https:\/\/szkolydoktorskie.uwb.edu.pl\/nh\/rozklady-zajec\/","og_locale":"pl_PL","og_type":"article","og_title":"Rozk\u0142ady zaj\u0119\u0107 - Szko\u0142a Doktorska Nauk Humanistycznych UwB","og_description":"2023\/2024 SEMESTR LETNI Rozk\u0142ad zaj\u0119\u0107 SEMESTR ZIMOWY Uwaga doktoranci I roku &#8211; szkolenie BHP odb\u0119dzie si\u0119 19.10.2023 w godz. 15.00-18.15 w sali 201 w budynku Wydzia\u0142u Ekonomii i Finans\u00f3w i&hellip;","og_url":"https:\/\/szkolydoktorskie.uwb.edu.pl\/nh\/rozklady-zajec\/","og_site_name":"Szko\u0142a Doktorska Nauk Humanistycznych UwB","article_modified_time":"2024-02-29T09:33:24+00:00","twitter_card":"summary_large_image","twitter_misc":{"Szacowany czas czytania":"2 minuty"},"schema":{"@context":"https:\/\/schema.org","@graph":[{"@type":"WebPage","@id":"https:\/\/szkolydoktorskie.uwb.edu.pl\/nh\/rozklady-zajec\/","url":"https:\/\/szkolydoktorskie.uwb.edu.pl\/nh\/rozklady-zajec\/","name":"Rozk\u0142ady zaj\u0119\u0107 - Szko\u0142a Doktorska Nauk Humanistycznych UwB","isPartOf":{"@id":"https:\/\/szkolydoktorskie.uwb.edu.pl\/nh\/#website"},"datePublished":"2022-02-10T11:36:30+00:00","dateModified":"2024-02-29T09:33:24+00:00","breadcrumb":{"@id":"https:\/\/szkolydoktorskie.uwb.edu.pl\/nh\/rozklady-zajec\/#breadcrumb"},"inLanguage":"pl-PL","potentialAction":[{"@type":"ReadAction","target":["https:\/\/szkolydoktorskie.uwb.edu.pl\/nh\/rozklady-zajec\/"]}]},{"@type":"BreadcrumbList","@id":"https:\/\/szkolydoktorskie.uwb.edu.pl\/nh\/rozklady-zajec\/#breadcrumb","itemListElement":[{"@type":"ListItem","position":1,"name":"Strona g\u0142\u00f3wna","item":"https:\/\/szkolydoktorskie.uwb.edu.pl\/nh\/"},{"@type":"ListItem","position":2,"name":"Rozk\u0142ady zaj\u0119\u0107"}]},{"@type":"WebSite","@id":"https:\/\/szkolydoktorskie.uwb.edu.pl\/nh\/#website","url":"https:\/\/szkolydoktorskie.uwb.edu.pl\/nh\/","name":"Szko\u0142a Doktorska Nauk Humanistycznych UwB","description":"Szko\u0142a Doktorska Nauk Humanistycznych UwB","publisher":{"@id":"https:\/\/szkolydoktorskie.uwb.edu.pl\/nh\/#organization"},"potentialAction":[{"@type":"SearchAction","target":{"@type":"EntryPoint","urlTemplate":"https:\/\/szkolydoktorskie.uwb.edu.pl\/nh\/?s={search_term_string}"},"query-input":{"@type":"PropertyValueSpecification","valueRequired":true,"valueName":"search_term_string"}}],"inLanguage":"pl-PL"},{"@type":"Organization","@id":"https:\/\/szkolydoktorskie.uwb.edu.pl\/nh\/#organization","name":"Szko\u0142a Doktorska Nauk Humanistycznych UwB","url":"https:\/\/szkolydoktorskie.uwb.edu.pl\/nh\/","logo":{"@type":"ImageObject","inLanguage":"pl-PL","@id":"https:\/\/szkolydoktorskie.uwb.edu.pl\/nh\/#\/schema\/logo\/image\/","url":"https:\/\/szkolydoktorskie.uwb.edu.pl\/nh\/wp-content\/uploads\/sites\/3\/2021\/04\/cropped-SH-LOGO.png","contentUrl":"https:\/\/szkolydoktorskie.uwb.edu.pl\/nh\/wp-content\/uploads\/sites\/3\/2021\/04\/cropped-SH-LOGO.png","width":705,"height":188,"caption":"Szko\u0142a Doktorska Nauk Humanistycznych UwB"},"image":{"@id":"https:\/\/szkolydoktorskie.uwb.edu.pl\/nh\/#\/schema\/logo\/image\/"}}]}},"_links":{"self":[{"href":"https:\/\/szkolydoktorskie.uwb.edu.pl\/nh\/wp-json\/wp\/v2\/pages\/483","targetHints":{"allow":["GET"]}}],"collection":[{"href":"https:\/\/szkolydoktorskie.uwb.edu.pl\/nh\/wp-json\/wp\/v2\/pages"}],"about":[{"href":"https:\/\/szkolydoktorskie.uwb.edu.pl\/nh\/wp-json\/wp\/v2\/types\/page"}],"author":[{"embeddable":true,"href":"https:\/\/szkolydoktorskie.uwb.edu.pl\/nh\/wp-json\/wp\/v2\/users\/5"}],"replies":[{"embeddable":true,"href":"https:\/\/szkolydoktorskie.uwb.edu.pl\/nh\/wp-json\/wp\/v2\/comments?post=483"}],"version-history":[{"count":39,"href":"https:\/\/szkolydoktorskie.uwb.edu.pl\/nh\/wp-json\/wp\/v2\/pages\/483\/revisions"}],"predecessor-version":[{"id":1606,"href":"https:\/\/szkolydoktorskie.uwb.edu.pl\/nh\/wp-json\/wp\/v2\/pages\/483\/revisions\/1606"}],"wp:attachment":[{"href":"https:\/\/szkolydoktorskie.uwb.edu.pl\/nh\/wp-json\/wp\/v2\/media?parent=483"}],"curies":[{"name":"wp","href":"https:\/\/api.w.org\/{rel}","templated":true}]}}