{"id":410,"date":"2021-12-16T12:25:30","date_gmt":"2021-12-16T11:25:30","guid":{"rendered":"https:\/\/szkolydoktorskie.uwb.edu.pl\/nh\/?page_id=410"},"modified":"2024-07-12T13:02:04","modified_gmt":"2024-07-12T11:02:04","slug":"ocena-srodokresowa","status":"publish","type":"page","link":"https:\/\/szkolydoktorskie.uwb.edu.pl\/nh\/ocena-srodokresowa\/","title":{"rendered":"Ocena \u015br\u00f3dokresowa"},"content":{"rendered":"\n<p><\/p>\n\n\n\n<p>Akty prawne<\/p>\n\n\n\n<p><a href=\"https:\/\/szkolydoktorskie.uwb.edu.pl\/nh\/wp-content\/uploads\/sites\/3\/2022\/07\/2022-Zarzadzenie-komisja-srodokresowa.pdf\">Zarz\u0105dzenie nr 40 z dnia 5.07.2022 r. zmieniaj\u0105ce Zarz\u0105dzenie nr 52 z dnia 8.06.2021 r. w sprawie zasad organizacji pracy komisji do przeprowadzenia oceny \u015br\u00f3dokresowej doktorant\u00f3w szk\u00f3\u0142 doktorskich UwB<\/a><\/p>\n\n\n\n<p><a href=\"https:\/\/szkolydoktorskie.uwb.edu.pl\/nh\/wp-content\/uploads\/sites\/3\/2021\/12\/Zarzadzenie-nr-52_-_szkoly_doktorskie_ocena_srodokresowej.pdf\">Zarz\u0105dzenie nr 52 Rektora Uniwersytetu w Bia\u0142ymstoku z dnia 8 czerwca 2021 r. w sprawie zasad organizacji pracy komisji do przeprowadzenia oceny \u015br\u00f3dokresowej doktorant\u00f3w szk\u00f3\u0142 doktorskich Uniwersytetu w Bia\u0142ymstoku<\/a><\/p>\n\n\n\n<p><a href=\"https:\/\/szkolydoktorskie.uwb.edu.pl\/nh\/wp-content\/uploads\/sites\/3\/2023\/07\/Decyzja_powolanie_komisji_srodokresowej_human_.pdf\">Decyzja nr 9 Rektora Uniwersytetu w Bia\u0142ymstoku z dnia 13.06.2023 w sprawie powo\u0142ywania komisji do przeprowadzania oceny \u015br\u00f3dokresowej w Szkole Doktorskiej Nauk Humanistycznym<\/a><\/p>\n\n\n\n<p><a href=\"https:\/\/szkolydoktorskie.uwb.edu.pl\/nh\/wp-content\/uploads\/sites\/3\/2022\/08\/14_-_powolanie_komisji_srodokresowej_human_.pdf\">Decyzja nr 14 Rektora Uniwersytetu w Bia\u0142ymstoku z dnia 28.06.2022 r. w sprawie powo\u0142ania komisji do  przeprowadzenia oceny \u015br\u00f3dokresowej w Szkole Doktorskiej Nauk Humanistycznych<\/a><\/p>\n\n\n\n<p><a href=\"https:\/\/szkolydoktorskie.uwb.edu.pl\/nh\/wp-content\/uploads\/sites\/3\/2024\/01\/17_-_zmiana_skladu_komisja_ds_oceny_srodokresowej_human.pdf\">Decyzja nr 17 Rektora Uniwersytetu w Bia\u0142ymstoku z dnia 30.08.2021 r. zmieniaj\u0105ca Decyzj\u0119 nr 8 z dnia 1.06.2021 w sprawie powo\u0142ania komisji do przeprowadzenia oceny \u015br\u00f3dokresowej w Szkole Doktorskiej Nauk Humanistycznych<\/a><\/p>\n\n\n\n<p><a href=\"https:\/\/szkolydoktorskie.uwb.edu.pl\/nh\/wp-content\/uploads\/sites\/3\/2024\/01\/8_-_komisja_ds_oceny_srodokresowej.pdf\">Decyzja nr 8 Rektora Uniwersytetu w Bia\u0142ymstoku z dnia 1.06.2021 r. w sprawie powo\u0142ania komisji do przeprowadzenia oceny \u015brokresowej w Szkole Doktorskiej Nauk Humanistycznych<\/a><\/p>\n\n\n\n<p><strong>Terminy posiedze\u0144 komisji do spraw przeprowadzenia ocen \u015br\u00f3dokresowych <\/strong> &#8211; <strong>pa\u017adziernik 2024<\/strong>:\u00a0<\/p>\n\n\n\n<p>\u2013 dyscyplina: <em>historia <\/em>\u2013 <strong>21.10.2024 r.<\/strong> o godz. 9:00<\/p>\n\n\n\n<p>\u2013 dyscyplina: <em>literaturoznawstwo <\/em>\u2013 <strong>17.10.2024 r<\/strong>. o godz. 11:00<\/p>\n\n\n\n<p>\u2013 dyscyplina: <em>j\u0119zykoznawstwo<\/em> \u2013 <strong>17.10.2024 r. <\/strong>o godz. 15:30<\/p>\n\n\n\n<p>\u2013 dyscyplina: <em>filozofia<\/em> \u2013 <strong>18.10.2024r. <\/strong>o godz. 10:00<\/p>\n\n\n\n<p><\/p>\n\n\n\n<p><\/p>\n\n\n\n<p><\/p>\n\n\n\n<p><strong>Terminy posiedze\u0144 komisji do spraw przeprowadzenia ocen \u015br\u00f3dokresowych <\/strong> &#8211; <strong>pa\u017adziernik 2023<\/strong>:&nbsp;<\/p>\n\n\n\n<p>\u2013 dyscyplina:  <em>historia <\/em>\u2013 <strong>18.10.2023 r.<\/strong>  o godz. 13:00<\/p>\n\n\n\n<p>\u2013 dyscyplina: <em>literaturoznawstwo <\/em>\u2013 <strong>19.10.2023 r<\/strong>. o godz. 11:00<\/p>\n\n\n\n<p>\u2013 dyscyplina: <em>j\u0119zykoznawstwo<\/em>  \u2013 <strong>18.10.2023 r. <\/strong>o godz. 15:00 <\/p>\n\n\n\n<p><a href=\"https:\/\/szkolydoktorskie.uwb.edu.pl\/nh\/wp-content\/uploads\/sites\/3\/2023\/11\/Wyniki-oceny-srodokresowej-na-strone-internetowa-2023.pdf\">Wyniki oceny \u015br\u00f3dokresowej 2022\/2023<\/a><\/p>\n\n\n\n<hr class=\"wp-block-separator has-alpha-channel-opacity\" \/>\n\n\n\n<p><strong>Terminy posiedze\u0144 komisji do spraw przeprowadzenia ocen \u015br\u00f3dokresowych <\/strong> &#8211; <strong>pa\u017adziernik 2022<\/strong>:&nbsp;<\/p>\n\n\n\n<p>\u2013 dyscyplina:  <em>historia <\/em>\u2013 <strong>17.10.2022r.<\/strong>  o godz. 10:00<\/p>\n\n\n\n<p>\u2013 dyscyplina: <em>literaturoznawstwo <\/em>\u2013 <strong>19.10.2022r<\/strong>. o godz. 11:00<\/p>\n\n\n\n<p>\u2013 dyscyplina:  <em>filozofia<\/em> \u2013 <strong>19.10.2022r. <\/strong>o godz. 11:00 <\/p>\n\n\n\n<p><a href=\"https:\/\/szkolydoktorskie.uwb.edu.pl\/nh\/wp-content\/uploads\/sites\/3\/2022\/10\/Wyniki-oceny-srodokresowej-na-strone-internetowa-2022_2023.pdf\">Wyniki oceny \u015br\u00f3dokresowej 2021\/2022<\/a><\/p>\n\n\n\n<hr class=\"wp-block-separator has-css-opacity\" \/>\n\n\n\n<p><strong>Terminy posiedze\u0144 komisji do spraw przeprowadzenia ocen \u015br\u00f3dokresowych <\/strong>&#8211; <strong>pa\u017adziernik 2021<\/strong>:&nbsp;<\/p>\n\n\n\n<p>\u2013 dyscyplina:  <em>historia <\/em>\u2013 <strong>06.10.2021r.<\/strong> <\/p>\n\n\n\n<p>\u2013 dyscyplina: <em>j\u0119zykoznawstwo <\/em>\u2013 <strong>08.10.2021r.<\/strong><\/p>\n\n\n\n<p>\u2013 dyscyplina:  <em>filozofia<\/em> \u2013 <strong>14.10.2021r.<\/strong> <\/p>\n\n\n\n<hr class=\"wp-block-separator has-css-opacity\" \/>\n\n\n\n<p><a href=\"https:\/\/szkolydoktorskie.uwb.edu.pl\/nh\/wp-content\/uploads\/sites\/3\/2021\/12\/Wyniki-oceny-srodokresowej-na-strone-internetowa.pdf\">Wyniki oceny \u015br\u00f3dokresowej 2020\/2021<\/a><\/p>\n","protected":false},"excerpt":{"rendered":"<p>Akty prawne Zarz\u0105dzenie nr 40 z dnia 5.07.2022 r. zmieniaj\u0105ce Zarz\u0105dzenie nr 52 z dnia 8.06.2021 r. w sprawie zasad organizacji pracy komisji do przeprowadzenia oceny \u015br\u00f3dokresowej doktorant\u00f3w szk\u00f3\u0142 doktorskich&hellip;<\/p>\n","protected":false},"author":5,"featured_media":0,"parent":0,"menu_order":0,"comment_status":"closed","ping_status":"closed","template":"","meta":{"footnotes":""},"class_list":["post-410","page","type-page","status-publish","hentry"],"yoast_head":"<!-- This site is optimized with the Yoast SEO plugin v27.4 - https:\/\/yoast.com\/product\/yoast-seo-wordpress\/ -->\n<title>Ocena \u015br\u00f3dokresowa - Szko\u0142a Doktorska Nauk Humanistycznych UwB<\/title>\n<meta name=\"robots\" content=\"index, follow, max-snippet:-1, max-image-preview:large, max-video-preview:-1\" \/>\n<link rel=\"canonical\" href=\"https:\/\/szkolydoktorskie.uwb.edu.pl\/nh\/ocena-srodokresowa\/\" \/>\n<meta property=\"og:locale\" content=\"pl_PL\" \/>\n<meta property=\"og:type\" content=\"article\" \/>\n<meta property=\"og:title\" content=\"Ocena \u015br\u00f3dokresowa - Szko\u0142a Doktorska Nauk Humanistycznych UwB\" \/>\n<meta property=\"og:description\" content=\"Akty prawne Zarz\u0105dzenie nr 40 z dnia 5.07.2022 r. zmieniaj\u0105ce Zarz\u0105dzenie nr 52 z dnia 8.06.2021 r. w sprawie zasad organizacji pracy komisji do przeprowadzenia oceny \u015br\u00f3dokresowej doktorant\u00f3w szk\u00f3\u0142 doktorskich&hellip;\" \/>\n<meta property=\"og:url\" content=\"https:\/\/szkolydoktorskie.uwb.edu.pl\/nh\/ocena-srodokresowa\/\" \/>\n<meta property=\"og:site_name\" content=\"Szko\u0142a Doktorska Nauk Humanistycznych UwB\" \/>\n<meta property=\"article:modified_time\" content=\"2024-07-12T11:02:04+00:00\" \/>\n<meta name=\"twitter:card\" content=\"summary_large_image\" \/>\n<meta name=\"twitter:label1\" content=\"Szacowany czas czytania\" \/>\n\t<meta name=\"twitter:data1\" content=\"2 minuty\" \/>\n<script type=\"application\/ld+json\" class=\"yoast-schema-graph\">{\"@context\":\"https:\\\/\\\/schema.org\",\"@graph\":[{\"@type\":\"WebPage\",\"@id\":\"https:\\\/\\\/szkolydoktorskie.uwb.edu.pl\\\/nh\\\/ocena-srodokresowa\\\/\",\"url\":\"https:\\\/\\\/szkolydoktorskie.uwb.edu.pl\\\/nh\\\/ocena-srodokresowa\\\/\",\"name\":\"Ocena \u015br\u00f3dokresowa - Szko\u0142a Doktorska Nauk Humanistycznych UwB\",\"isPartOf\":{\"@id\":\"https:\\\/\\\/szkolydoktorskie.uwb.edu.pl\\\/nh\\\/#website\"},\"datePublished\":\"2021-12-16T11:25:30+00:00\",\"dateModified\":\"2024-07-12T11:02:04+00:00\",\"breadcrumb\":{\"@id\":\"https:\\\/\\\/szkolydoktorskie.uwb.edu.pl\\\/nh\\\/ocena-srodokresowa\\\/#breadcrumb\"},\"inLanguage\":\"pl-PL\",\"potentialAction\":[{\"@type\":\"ReadAction\",\"target\":[\"https:\\\/\\\/szkolydoktorskie.uwb.edu.pl\\\/nh\\\/ocena-srodokresowa\\\/\"]}]},{\"@type\":\"BreadcrumbList\",\"@id\":\"https:\\\/\\\/szkolydoktorskie.uwb.edu.pl\\\/nh\\\/ocena-srodokresowa\\\/#breadcrumb\",\"itemListElement\":[{\"@type\":\"ListItem\",\"position\":1,\"name\":\"Strona g\u0142\u00f3wna\",\"item\":\"https:\\\/\\\/szkolydoktorskie.uwb.edu.pl\\\/nh\\\/\"},{\"@type\":\"ListItem\",\"position\":2,\"name\":\"Ocena \u015br\u00f3dokresowa\"}]},{\"@type\":\"WebSite\",\"@id\":\"https:\\\/\\\/szkolydoktorskie.uwb.edu.pl\\\/nh\\\/#website\",\"url\":\"https:\\\/\\\/szkolydoktorskie.uwb.edu.pl\\\/nh\\\/\",\"name\":\"Szko\u0142a Doktorska Nauk Humanistycznych UwB\",\"description\":\"Szko\u0142a Doktorska Nauk Humanistycznych UwB\",\"publisher\":{\"@id\":\"https:\\\/\\\/szkolydoktorskie.uwb.edu.pl\\\/nh\\\/#organization\"},\"potentialAction\":[{\"@type\":\"SearchAction\",\"target\":{\"@type\":\"EntryPoint\",\"urlTemplate\":\"https:\\\/\\\/szkolydoktorskie.uwb.edu.pl\\\/nh\\\/?s={search_term_string}\"},\"query-input\":{\"@type\":\"PropertyValueSpecification\",\"valueRequired\":true,\"valueName\":\"search_term_string\"}}],\"inLanguage\":\"pl-PL\"},{\"@type\":\"Organization\",\"@id\":\"https:\\\/\\\/szkolydoktorskie.uwb.edu.pl\\\/nh\\\/#organization\",\"name\":\"Szko\u0142a Doktorska Nauk Humanistycznych UwB\",\"url\":\"https:\\\/\\\/szkolydoktorskie.uwb.edu.pl\\\/nh\\\/\",\"logo\":{\"@type\":\"ImageObject\",\"inLanguage\":\"pl-PL\",\"@id\":\"https:\\\/\\\/szkolydoktorskie.uwb.edu.pl\\\/nh\\\/#\\\/schema\\\/logo\\\/image\\\/\",\"url\":\"https:\\\/\\\/szkolydoktorskie.uwb.edu.pl\\\/nh\\\/wp-content\\\/uploads\\\/sites\\\/3\\\/2021\\\/04\\\/cropped-SH-LOGO.png\",\"contentUrl\":\"https:\\\/\\\/szkolydoktorskie.uwb.edu.pl\\\/nh\\\/wp-content\\\/uploads\\\/sites\\\/3\\\/2021\\\/04\\\/cropped-SH-LOGO.png\",\"width\":705,\"height\":188,\"caption\":\"Szko\u0142a Doktorska Nauk Humanistycznych UwB\"},\"image\":{\"@id\":\"https:\\\/\\\/szkolydoktorskie.uwb.edu.pl\\\/nh\\\/#\\\/schema\\\/logo\\\/image\\\/\"}}]}<\/script>\n<!-- \/ Yoast SEO plugin. -->","yoast_head_json":{"title":"Ocena \u015br\u00f3dokresowa - Szko\u0142a Doktorska Nauk Humanistycznych UwB","robots":{"index":"index","follow":"follow","max-snippet":"max-snippet:-1","max-image-preview":"max-image-preview:large","max-video-preview":"max-video-preview:-1"},"canonical":"https:\/\/szkolydoktorskie.uwb.edu.pl\/nh\/ocena-srodokresowa\/","og_locale":"pl_PL","og_type":"article","og_title":"Ocena \u015br\u00f3dokresowa - Szko\u0142a Doktorska Nauk Humanistycznych UwB","og_description":"Akty prawne Zarz\u0105dzenie nr 40 z dnia 5.07.2022 r. zmieniaj\u0105ce Zarz\u0105dzenie nr 52 z dnia 8.06.2021 r. w sprawie zasad organizacji pracy komisji do przeprowadzenia oceny \u015br\u00f3dokresowej doktorant\u00f3w szk\u00f3\u0142 doktorskich&hellip;","og_url":"https:\/\/szkolydoktorskie.uwb.edu.pl\/nh\/ocena-srodokresowa\/","og_site_name":"Szko\u0142a Doktorska Nauk Humanistycznych UwB","article_modified_time":"2024-07-12T11:02:04+00:00","twitter_card":"summary_large_image","twitter_misc":{"Szacowany czas czytania":"2 minuty"},"schema":{"@context":"https:\/\/schema.org","@graph":[{"@type":"WebPage","@id":"https:\/\/szkolydoktorskie.uwb.edu.pl\/nh\/ocena-srodokresowa\/","url":"https:\/\/szkolydoktorskie.uwb.edu.pl\/nh\/ocena-srodokresowa\/","name":"Ocena \u015br\u00f3dokresowa - Szko\u0142a Doktorska Nauk Humanistycznych UwB","isPartOf":{"@id":"https:\/\/szkolydoktorskie.uwb.edu.pl\/nh\/#website"},"datePublished":"2021-12-16T11:25:30+00:00","dateModified":"2024-07-12T11:02:04+00:00","breadcrumb":{"@id":"https:\/\/szkolydoktorskie.uwb.edu.pl\/nh\/ocena-srodokresowa\/#breadcrumb"},"inLanguage":"pl-PL","potentialAction":[{"@type":"ReadAction","target":["https:\/\/szkolydoktorskie.uwb.edu.pl\/nh\/ocena-srodokresowa\/"]}]},{"@type":"BreadcrumbList","@id":"https:\/\/szkolydoktorskie.uwb.edu.pl\/nh\/ocena-srodokresowa\/#breadcrumb","itemListElement":[{"@type":"ListItem","position":1,"name":"Strona g\u0142\u00f3wna","item":"https:\/\/szkolydoktorskie.uwb.edu.pl\/nh\/"},{"@type":"ListItem","position":2,"name":"Ocena \u015br\u00f3dokresowa"}]},{"@type":"WebSite","@id":"https:\/\/szkolydoktorskie.uwb.edu.pl\/nh\/#website","url":"https:\/\/szkolydoktorskie.uwb.edu.pl\/nh\/","name":"Szko\u0142a Doktorska Nauk Humanistycznych UwB","description":"Szko\u0142a Doktorska Nauk Humanistycznych UwB","publisher":{"@id":"https:\/\/szkolydoktorskie.uwb.edu.pl\/nh\/#organization"},"potentialAction":[{"@type":"SearchAction","target":{"@type":"EntryPoint","urlTemplate":"https:\/\/szkolydoktorskie.uwb.edu.pl\/nh\/?s={search_term_string}"},"query-input":{"@type":"PropertyValueSpecification","valueRequired":true,"valueName":"search_term_string"}}],"inLanguage":"pl-PL"},{"@type":"Organization","@id":"https:\/\/szkolydoktorskie.uwb.edu.pl\/nh\/#organization","name":"Szko\u0142a Doktorska Nauk Humanistycznych UwB","url":"https:\/\/szkolydoktorskie.uwb.edu.pl\/nh\/","logo":{"@type":"ImageObject","inLanguage":"pl-PL","@id":"https:\/\/szkolydoktorskie.uwb.edu.pl\/nh\/#\/schema\/logo\/image\/","url":"https:\/\/szkolydoktorskie.uwb.edu.pl\/nh\/wp-content\/uploads\/sites\/3\/2021\/04\/cropped-SH-LOGO.png","contentUrl":"https:\/\/szkolydoktorskie.uwb.edu.pl\/nh\/wp-content\/uploads\/sites\/3\/2021\/04\/cropped-SH-LOGO.png","width":705,"height":188,"caption":"Szko\u0142a Doktorska Nauk Humanistycznych UwB"},"image":{"@id":"https:\/\/szkolydoktorskie.uwb.edu.pl\/nh\/#\/schema\/logo\/image\/"}}]}},"_links":{"self":[{"href":"https:\/\/szkolydoktorskie.uwb.edu.pl\/nh\/wp-json\/wp\/v2\/pages\/410","targetHints":{"allow":["GET"]}}],"collection":[{"href":"https:\/\/szkolydoktorskie.uwb.edu.pl\/nh\/wp-json\/wp\/v2\/pages"}],"about":[{"href":"https:\/\/szkolydoktorskie.uwb.edu.pl\/nh\/wp-json\/wp\/v2\/types\/page"}],"author":[{"embeddable":true,"href":"https:\/\/szkolydoktorskie.uwb.edu.pl\/nh\/wp-json\/wp\/v2\/users\/5"}],"replies":[{"embeddable":true,"href":"https:\/\/szkolydoktorskie.uwb.edu.pl\/nh\/wp-json\/wp\/v2\/comments?post=410"}],"version-history":[{"count":12,"href":"https:\/\/szkolydoktorskie.uwb.edu.pl\/nh\/wp-json\/wp\/v2\/pages\/410\/revisions"}],"predecessor-version":[{"id":1777,"href":"https:\/\/szkolydoktorskie.uwb.edu.pl\/nh\/wp-json\/wp\/v2\/pages\/410\/revisions\/1777"}],"wp:attachment":[{"href":"https:\/\/szkolydoktorskie.uwb.edu.pl\/nh\/wp-json\/wp\/v2\/media?parent=410"}],"curies":[{"name":"wp","href":"https:\/\/api.w.org\/{rel}","templated":true}]}}