{"id":30,"date":"2021-04-16T00:55:19","date_gmt":"2021-04-15T22:55:19","guid":{"rendered":"https:\/\/szkolydoktorskie.uwb.edu.pl\/ns\/?page_id=30"},"modified":"2021-04-22T17:57:16","modified_gmt":"2021-04-22T15:57:16","slug":"sprawy-doktorantow","status":"publish","type":"page","link":"https:\/\/szkolydoktorskie.uwb.edu.pl\/nh\/sprawy-doktorantow\/","title":{"rendered":"Sprawy Doktorant\u00f3w"},"content":{"rendered":"\n<p><strong>STYPENDIA DOKTORANCKIE I NAUKOWE<\/strong><\/p>\n\n\n\n<p><strong>SYSTEMEM STYPENDIALNYM<\/strong>&nbsp;obj\u0119ci b\u0119d\u0105 wszyscy uczestnicy szk\u00f3\u0142 doktorskich, kt\u00f3rzy nie posiadaj\u0105 stopnia doktora. Stypendium b\u0119dzie wyp\u0142acane nie d\u0142u\u017cej ni\u017c przez 4 lata.<\/p>\n\n\n\n<p>Od 1 pa\u017adziernika 2019 roku doktoranci otrzymuj\u0105 b\u0119d\u0105 stypendia w nast\u0119puj\u0105cej wysoko\u015bci:<\/p>\n\n\n\n<ul class=\"wp-block-list\"><li>Minimalna kwota stypendium przed ocen\u0105 \u015br\u00f3dokresow\u0105 wynosi co najmniej 37% wynagrodzenia profesora, czyli: 2371,70 z\u0142 brutto (2104,65 z\u0142 netto), a dla doktorant\u00f3w z niepe\u0142nosprawno\u015bci\u0105: 3083,21 z\u0142 brutto (2736,04 z\u0142 netto),<\/li><li>Minimalna kwota stypendium po ocenie \u015br\u00f3dokresowej wynosi co najmniej 57% wynagrodzenia profesora, czyli: 3653,70 z\u0142 brutto (3242,29 z\u0142 netto), a dla doktorant\u00f3w z niepe\u0142nosprawno\u015bci\u0105: 4749,81 z\u0142 brutto (4214,98 z\u0142 netto).<\/li><\/ul>\n\n\n\n<p>Stypendia doktoranckie s\u0105 nieopodatkowane, ale podlegaj\u0105 systemowi ubezpiecze\u0144 spo\u0142ecznych.<\/p>\n\n\n\n<p><strong>Komunikat nr 21<\/strong>&nbsp;Rektora Uniwersytetu w Bia\u0142ymstoku z dnia 25 pa\u017adziernika 2019r.&nbsp;<em>w sprawie wysoko\u015bci stypendium doktoranckiego w roku akademickim 2019\/2020&nbsp;<\/em><strong><u><a href=\"https:\/\/weif.uwb.edu.pl\/uploads\/tiny\/Wysoko%C5%9B%C4%87%20stypendium%20SZKO%C5%81Y%20DOKTORSKIE%202019.pdf\">dla doktorant\u00f3w szk\u00f3\u0142 doktorskich Uniwersytetu w Bia\u0142ymstoku<\/a><\/u>.<\/strong><\/p>\n\n\n\n<hr class=\"wp-block-separator\"\/>\n\n\n\n<p><strong>Inne stypendia<\/strong><\/p>\n\n\n\n<p>Stypendium ministra dla wybitnych m\u0142odych naukowc\u00f3w:&nbsp;<a href=\"https:\/\/www.uwb.edu.pl\/uploads\/tiny\/SZKO%C5%81Y%20DOKTORSKIE\/Za%C5%82%2024-Stypendium%20MNiSW-%20wytyczne.docx\">pobierz wytyczne<\/a>.<\/p>\n\n\n\n<p><strong>Stypendia w ramach NCN,&nbsp;<\/strong><a href=\"https:\/\/www.ncn.gov.pl\/sites\/default\/files\/pliki\/2019_05_24_pismo_stypendia_w_projektach_NCN.pdf\">pobierz wytyczne<\/a>,&nbsp;<a href=\"https:\/\/www.uwb.edu.pl\/uploads\/tiny\/SZKO%C5%81Y%20DOKTORSKIE\/Za%C5%82%2025-Harmonogram%20konkurs%C3%B3w%20NCN%202020.docx\">pobierz harmonogram<\/a>.<\/p>\n\n\n\n<p><strong>Narodowa Agencja Wymiany Akademickiej<\/strong>&nbsp;og\u0142osi\u0142a nab\u00f3r wniosk\u00f3w w drugiej edycji Programu im. Iwanowskiej. Program skierowany jest do doktorant\u00f3w polskich jednostek naukowych i umo\u017cliwia realizowanie cz\u0119\u015bci pracy doktorskiej w najlepszych o\u015brodkach zagranicznych. Termin sk\u0142adania wniosk\u00f3w mija 18 grudnia 2019.<\/p>\n\n\n\n<p>Informacje o otwartym naborze znajduj\u0105 si\u0119 r\u00f3wnie\u017c na stronie internetowej NAWA,&nbsp;<a href=\"https:\/\/nawa.gov.pl\/nawa\/aktualnosci\/doktoranci-otwarty-nabor-wnioskow-do-programu-im-iwanowskie\" target=\"_blank\" rel=\"noreferrer noopener\">wejd\u017a na stron\u0119<\/a>.<\/p>\n\n\n\n<hr class=\"wp-block-separator\"\/>\n\n\n\n<p>Osob\u0105 do kontaktu w sprawach Programu im. Iwanowskiej jest Pan Piotr Serafin,<br>e-mail:&nbsp;<a href=\"mailto:piotr.serafin@nawa.gov.pl\">piotr.serafin@nawa.gov.pl<\/a>&nbsp;+ 48 22&nbsp;390 35 46&nbsp;<\/p>\n\n\n\n<p>Osob\u0105 do kontaktu w sprawach komunikacji i promocji jest Pani Renata Czeladko,<br>e-mail:&nbsp;<a href=\"mailto:renata.czeladko@nawa.gov.pl\">renata.czeladko@nawa.gov.pl<\/a>&nbsp;+ 48 22&nbsp;390 35 85<\/p>\n","protected":false},"excerpt":{"rendered":"<p>STYPENDIA DOKTORANCKIE I NAUKOWE SYSTEMEM STYPENDIALNYM&nbsp;obj\u0119ci b\u0119d\u0105 wszyscy uczestnicy szk\u00f3\u0142 doktorskich, kt\u00f3rzy nie posiadaj\u0105 stopnia doktora. Stypendium b\u0119dzie wyp\u0142acane nie d\u0142u\u017cej ni\u017c przez 4 lata. Od 1 pa\u017adziernika 2019 roku&hellip;<\/p>\n","protected":false},"author":1,"featured_media":0,"parent":0,"menu_order":0,"comment_status":"closed","ping_status":"closed","template":"","meta":{"footnotes":""},"class_list":["post-30","page","type-page","status-publish","hentry"],"yoast_head":"<!-- This site is optimized with the Yoast SEO plugin v27.4 - https:\/\/yoast.com\/product\/yoast-seo-wordpress\/ -->\n<title>Sprawy Doktorant\u00f3w - Szko\u0142a Doktorska Nauk Humanistycznych UwB<\/title>\n<meta name=\"robots\" content=\"index, follow, max-snippet:-1, max-image-preview:large, max-video-preview:-1\" \/>\n<link rel=\"canonical\" href=\"https:\/\/szkolydoktorskie.uwb.edu.pl\/nh\/sprawy-doktorantow\/\" \/>\n<meta property=\"og:locale\" content=\"pl_PL\" \/>\n<meta property=\"og:type\" content=\"article\" \/>\n<meta property=\"og:title\" content=\"Sprawy Doktorant\u00f3w - Szko\u0142a Doktorska Nauk Humanistycznych UwB\" \/>\n<meta property=\"og:description\" content=\"STYPENDIA DOKTORANCKIE I NAUKOWE SYSTEMEM STYPENDIALNYM&nbsp;obj\u0119ci b\u0119d\u0105 wszyscy uczestnicy szk\u00f3\u0142 doktorskich, kt\u00f3rzy nie posiadaj\u0105 stopnia doktora. Stypendium b\u0119dzie wyp\u0142acane nie d\u0142u\u017cej ni\u017c przez 4 lata. Od 1 pa\u017adziernika 2019 roku&hellip;\" \/>\n<meta property=\"og:url\" content=\"https:\/\/szkolydoktorskie.uwb.edu.pl\/nh\/sprawy-doktorantow\/\" \/>\n<meta property=\"og:site_name\" content=\"Szko\u0142a Doktorska Nauk Humanistycznych UwB\" \/>\n<meta property=\"article:modified_time\" content=\"2021-04-22T15:57:16+00:00\" \/>\n<meta name=\"twitter:card\" content=\"summary_large_image\" \/>\n<meta name=\"twitter:label1\" content=\"Szacowany czas czytania\" \/>\n\t<meta name=\"twitter:data1\" content=\"1 minuta\" \/>\n<script type=\"application\/ld+json\" class=\"yoast-schema-graph\">{\"@context\":\"https:\\\/\\\/schema.org\",\"@graph\":[{\"@type\":\"WebPage\",\"@id\":\"https:\\\/\\\/szkolydoktorskie.uwb.edu.pl\\\/nh\\\/sprawy-doktorantow\\\/\",\"url\":\"https:\\\/\\\/szkolydoktorskie.uwb.edu.pl\\\/nh\\\/sprawy-doktorantow\\\/\",\"name\":\"Sprawy Doktorant\u00f3w - Szko\u0142a Doktorska Nauk Humanistycznych UwB\",\"isPartOf\":{\"@id\":\"https:\\\/\\\/szkolydoktorskie.uwb.edu.pl\\\/nh\\\/#website\"},\"datePublished\":\"2021-04-15T22:55:19+00:00\",\"dateModified\":\"2021-04-22T15:57:16+00:00\",\"breadcrumb\":{\"@id\":\"https:\\\/\\\/szkolydoktorskie.uwb.edu.pl\\\/nh\\\/sprawy-doktorantow\\\/#breadcrumb\"},\"inLanguage\":\"pl-PL\",\"potentialAction\":[{\"@type\":\"ReadAction\",\"target\":[\"https:\\\/\\\/szkolydoktorskie.uwb.edu.pl\\\/nh\\\/sprawy-doktorantow\\\/\"]}]},{\"@type\":\"BreadcrumbList\",\"@id\":\"https:\\\/\\\/szkolydoktorskie.uwb.edu.pl\\\/nh\\\/sprawy-doktorantow\\\/#breadcrumb\",\"itemListElement\":[{\"@type\":\"ListItem\",\"position\":1,\"name\":\"Strona g\u0142\u00f3wna\",\"item\":\"https:\\\/\\\/szkolydoktorskie.uwb.edu.pl\\\/nh\\\/\"},{\"@type\":\"ListItem\",\"position\":2,\"name\":\"Sprawy Doktorant\u00f3w\"}]},{\"@type\":\"WebSite\",\"@id\":\"https:\\\/\\\/szkolydoktorskie.uwb.edu.pl\\\/nh\\\/#website\",\"url\":\"https:\\\/\\\/szkolydoktorskie.uwb.edu.pl\\\/nh\\\/\",\"name\":\"Szko\u0142a Doktorska Nauk Humanistycznych UwB\",\"description\":\"Szko\u0142a Doktorska Nauk Humanistycznych UwB\",\"publisher\":{\"@id\":\"https:\\\/\\\/szkolydoktorskie.uwb.edu.pl\\\/nh\\\/#organization\"},\"potentialAction\":[{\"@type\":\"SearchAction\",\"target\":{\"@type\":\"EntryPoint\",\"urlTemplate\":\"https:\\\/\\\/szkolydoktorskie.uwb.edu.pl\\\/nh\\\/?s={search_term_string}\"},\"query-input\":{\"@type\":\"PropertyValueSpecification\",\"valueRequired\":true,\"valueName\":\"search_term_string\"}}],\"inLanguage\":\"pl-PL\"},{\"@type\":\"Organization\",\"@id\":\"https:\\\/\\\/szkolydoktorskie.uwb.edu.pl\\\/nh\\\/#organization\",\"name\":\"Szko\u0142a Doktorska Nauk Humanistycznych UwB\",\"url\":\"https:\\\/\\\/szkolydoktorskie.uwb.edu.pl\\\/nh\\\/\",\"logo\":{\"@type\":\"ImageObject\",\"inLanguage\":\"pl-PL\",\"@id\":\"https:\\\/\\\/szkolydoktorskie.uwb.edu.pl\\\/nh\\\/#\\\/schema\\\/logo\\\/image\\\/\",\"url\":\"https:\\\/\\\/szkolydoktorskie.uwb.edu.pl\\\/nh\\\/wp-content\\\/uploads\\\/sites\\\/3\\\/2021\\\/04\\\/cropped-SH-LOGO.png\",\"contentUrl\":\"https:\\\/\\\/szkolydoktorskie.uwb.edu.pl\\\/nh\\\/wp-content\\\/uploads\\\/sites\\\/3\\\/2021\\\/04\\\/cropped-SH-LOGO.png\",\"width\":705,\"height\":188,\"caption\":\"Szko\u0142a Doktorska Nauk Humanistycznych UwB\"},\"image\":{\"@id\":\"https:\\\/\\\/szkolydoktorskie.uwb.edu.pl\\\/nh\\\/#\\\/schema\\\/logo\\\/image\\\/\"}}]}<\/script>\n<!-- \/ Yoast SEO plugin. -->","yoast_head_json":{"title":"Sprawy Doktorant\u00f3w - Szko\u0142a Doktorska Nauk Humanistycznych UwB","robots":{"index":"index","follow":"follow","max-snippet":"max-snippet:-1","max-image-preview":"max-image-preview:large","max-video-preview":"max-video-preview:-1"},"canonical":"https:\/\/szkolydoktorskie.uwb.edu.pl\/nh\/sprawy-doktorantow\/","og_locale":"pl_PL","og_type":"article","og_title":"Sprawy Doktorant\u00f3w - Szko\u0142a Doktorska Nauk Humanistycznych UwB","og_description":"STYPENDIA DOKTORANCKIE I NAUKOWE SYSTEMEM STYPENDIALNYM&nbsp;obj\u0119ci b\u0119d\u0105 wszyscy uczestnicy szk\u00f3\u0142 doktorskich, kt\u00f3rzy nie posiadaj\u0105 stopnia doktora. Stypendium b\u0119dzie wyp\u0142acane nie d\u0142u\u017cej ni\u017c przez 4 lata. Od 1 pa\u017adziernika 2019 roku&hellip;","og_url":"https:\/\/szkolydoktorskie.uwb.edu.pl\/nh\/sprawy-doktorantow\/","og_site_name":"Szko\u0142a Doktorska Nauk Humanistycznych UwB","article_modified_time":"2021-04-22T15:57:16+00:00","twitter_card":"summary_large_image","twitter_misc":{"Szacowany czas czytania":"1 minuta"},"schema":{"@context":"https:\/\/schema.org","@graph":[{"@type":"WebPage","@id":"https:\/\/szkolydoktorskie.uwb.edu.pl\/nh\/sprawy-doktorantow\/","url":"https:\/\/szkolydoktorskie.uwb.edu.pl\/nh\/sprawy-doktorantow\/","name":"Sprawy Doktorant\u00f3w - Szko\u0142a Doktorska Nauk Humanistycznych UwB","isPartOf":{"@id":"https:\/\/szkolydoktorskie.uwb.edu.pl\/nh\/#website"},"datePublished":"2021-04-15T22:55:19+00:00","dateModified":"2021-04-22T15:57:16+00:00","breadcrumb":{"@id":"https:\/\/szkolydoktorskie.uwb.edu.pl\/nh\/sprawy-doktorantow\/#breadcrumb"},"inLanguage":"pl-PL","potentialAction":[{"@type":"ReadAction","target":["https:\/\/szkolydoktorskie.uwb.edu.pl\/nh\/sprawy-doktorantow\/"]}]},{"@type":"BreadcrumbList","@id":"https:\/\/szkolydoktorskie.uwb.edu.pl\/nh\/sprawy-doktorantow\/#breadcrumb","itemListElement":[{"@type":"ListItem","position":1,"name":"Strona g\u0142\u00f3wna","item":"https:\/\/szkolydoktorskie.uwb.edu.pl\/nh\/"},{"@type":"ListItem","position":2,"name":"Sprawy Doktorant\u00f3w"}]},{"@type":"WebSite","@id":"https:\/\/szkolydoktorskie.uwb.edu.pl\/nh\/#website","url":"https:\/\/szkolydoktorskie.uwb.edu.pl\/nh\/","name":"Szko\u0142a Doktorska Nauk Humanistycznych UwB","description":"Szko\u0142a Doktorska Nauk Humanistycznych UwB","publisher":{"@id":"https:\/\/szkolydoktorskie.uwb.edu.pl\/nh\/#organization"},"potentialAction":[{"@type":"SearchAction","target":{"@type":"EntryPoint","urlTemplate":"https:\/\/szkolydoktorskie.uwb.edu.pl\/nh\/?s={search_term_string}"},"query-input":{"@type":"PropertyValueSpecification","valueRequired":true,"valueName":"search_term_string"}}],"inLanguage":"pl-PL"},{"@type":"Organization","@id":"https:\/\/szkolydoktorskie.uwb.edu.pl\/nh\/#organization","name":"Szko\u0142a Doktorska Nauk Humanistycznych UwB","url":"https:\/\/szkolydoktorskie.uwb.edu.pl\/nh\/","logo":{"@type":"ImageObject","inLanguage":"pl-PL","@id":"https:\/\/szkolydoktorskie.uwb.edu.pl\/nh\/#\/schema\/logo\/image\/","url":"https:\/\/szkolydoktorskie.uwb.edu.pl\/nh\/wp-content\/uploads\/sites\/3\/2021\/04\/cropped-SH-LOGO.png","contentUrl":"https:\/\/szkolydoktorskie.uwb.edu.pl\/nh\/wp-content\/uploads\/sites\/3\/2021\/04\/cropped-SH-LOGO.png","width":705,"height":188,"caption":"Szko\u0142a Doktorska Nauk Humanistycznych UwB"},"image":{"@id":"https:\/\/szkolydoktorskie.uwb.edu.pl\/nh\/#\/schema\/logo\/image\/"}}]}},"_links":{"self":[{"href":"https:\/\/szkolydoktorskie.uwb.edu.pl\/nh\/wp-json\/wp\/v2\/pages\/30","targetHints":{"allow":["GET"]}}],"collection":[{"href":"https:\/\/szkolydoktorskie.uwb.edu.pl\/nh\/wp-json\/wp\/v2\/pages"}],"about":[{"href":"https:\/\/szkolydoktorskie.uwb.edu.pl\/nh\/wp-json\/wp\/v2\/types\/page"}],"author":[{"embeddable":true,"href":"https:\/\/szkolydoktorskie.uwb.edu.pl\/nh\/wp-json\/wp\/v2\/users\/1"}],"replies":[{"embeddable":true,"href":"https:\/\/szkolydoktorskie.uwb.edu.pl\/nh\/wp-json\/wp\/v2\/comments?post=30"}],"version-history":[{"count":1,"href":"https:\/\/szkolydoktorskie.uwb.edu.pl\/nh\/wp-json\/wp\/v2\/pages\/30\/revisions"}],"predecessor-version":[{"id":87,"href":"https:\/\/szkolydoktorskie.uwb.edu.pl\/nh\/wp-json\/wp\/v2\/pages\/30\/revisions\/87"}],"wp:attachment":[{"href":"https:\/\/szkolydoktorskie.uwb.edu.pl\/nh\/wp-json\/wp\/v2\/media?parent=30"}],"curies":[{"name":"wp","href":"https:\/\/api.w.org\/{rel}","templated":true}]}}