{"id":17,"date":"2021-04-16T00:54:14","date_gmt":"2021-04-15T22:54:14","guid":{"rendered":"https:\/\/szkolydoktorskie.uwb.edu.pl\/ns\/?page_id=17"},"modified":"2024-06-13T13:13:52","modified_gmt":"2024-06-13T11:13:52","slug":"akty-prawne","status":"publish","type":"page","link":"https:\/\/szkolydoktorskie.uwb.edu.pl\/nh\/akty-prawne\/","title":{"rendered":"Akty prawne"},"content":{"rendered":"\n<ul class=\"wp-block-list\">\n<li><a href=\"https:\/\/isap.sejm.gov.pl\/isap.nsf\/DocDetails.xsp?id=WDU20220000574\">Ustawa z dnia 20 lipca 2018 r. Prawo o szkolnictwie wy\u017cszym i nauce<\/a><br><br>UCHWA\u0141Y<\/li>\n\n\n\n<li><a href=\"https:\/\/szkolydoktorskie.uwb.edu.pl\/nh\/wp-content\/uploads\/sites\/3\/2024\/01\/zal-2-statut.pdf\">Uchwa\u0142a nr 2455 z dnia 27.11.2019 r. w sprawie Statut Uniwersytetu w Bia\u0142ymstoku <\/a><\/li>\n\n\n\n<li><a href=\"https:\/\/szkolydoktorskie.uwb.edu.pl\/nh\/wp-content\/uploads\/sites\/3\/2023\/03\/Uchwala-Senatu-UwB-nr-2614.pdf\">Uchwa\u0142a nr 2614 z dnia 27.11.2019 r. w sprawie zasad dzia\u0142ania wewn\u0119trznego systemu zapewniania jako\u015bci<\/a><br><a href=\"https:\/\/uwb.edu.pl\/uploads\/documents\/zal-6-wszjk.pdf?t=1618595741\" target=\"_blank\" rel=\"noreferrer noopener\">kszta\u0142cenia w Uniwersytecie w Bia\u0142ymstoku<\/a><\/li>\n\n\n\n<li><a href=\"https:\/\/szkolydoktorskie.uwb.edu.pl\/nh\/wp-content\/uploads\/sites\/3\/2023\/03\/Program-ksztalcenia-SDNH-uchwala-2425.pdf\">Uchwa\u0142a nr 2425 z dnia 22.05.2019 r. w sprawie program kszta\u0142cenia w Szkole Doktorskiej Nauk Humanistycznych<\/a><br><br>Uchwa\u0142y &#8211; Regulamin Szko\u0142y Doktorskiej Nauk Humanistycznych<\/li>\n\n\n\n<li><a href=\"https:\/\/szkolydoktorskie.uwb.edu.pl\/nh\/wp-content\/uploads\/sites\/3\/2022\/07\/2022-Nr_3075__RegulaminSzkoly_Doktorskiej_Nauk_Humanistycznych.pdf\">Uchwa\u0142a nr 3075 z dnia 29.06.2022 r. w sprawie uzgodnienia Regulaminu Szko\u0142y Doktorskiej Nauk Humanistycznych<\/a><\/li>\n\n\n\n<li><a href=\"https:\/\/szkolydoktorskie.uwb.edu.pl\/nh\/wp-content\/uploads\/sites\/3\/2023\/03\/Regulamin_Szkoly_Doktorskiej_Nauk_Humanistycznych.pdf\">Uchwa\u0142a nr 2357 z dnia 27.03.2019 r. w sprawie Regulaminu Szko\u0142y Doktorskiej Nauk Humanistycznych<\/a><br><br>ZARZ\u0104DZENIA<\/li>\n\n\n\n<li><a href=\"https:\/\/szkolydoktorskie.uwb.edu.pl\/nh\/wp-content\/uploads\/sites\/3\/2023\/05\/32_-_zaswiadczenie_o_ukonczeniu_szkoly_doktorskiej.pdf\">Zarz\u0105dzenie nr 32 Rektora Uniwersytetu w Bia\u0142ymstoku z dnia 25 kwietnia 2023 r. w sprawie okre\u015blenia wzoru za\u015bwiadczenia o uko\u0144czeniu szko\u0142y doktorskiej w Uniwersytecie w Bia\u0142ymstoku<\/a><br><a href=\"https:\/\/szkolydoktorskie.uwb.edu.pl\/nh\/wp-content\/uploads\/sites\/3\/2023\/05\/zal.-32_-_Zaswiadczenie_o_ukonczeniu_ksztalcenia_w_szkole_doktorskiej.docx\">za\u0142\u0105cznik<\/a><\/li>\n\n\n\n<li><a href=\"https:\/\/szkolydoktorskie.uwb.edu.pl\/nh\/wp-content\/uploads\/sites\/3\/2024\/01\/4_-_wyjazdy_zagraniczne.pdf\">Zarz\u0105dzenie nr 4 Rektora Uniwersytetu w Bia\u0142ymstoku z dnia 5 stycznia 2023 r. w sprawie okre\u015blenia warunk\u00f3w i trybu kierowania za granic\u0119 pracownik\u00f3w, doktorant\u00f3w, student\u00f3w Uniwersytetu w Bia\u0142ymstoku, wykonawc\u00f3w projekt\u00f3w nieb\u0119d\u0105cych pracownikami Uniwersytetu w Bia\u0142ymstoku oraz wprowadzenia wzoru wniosku o skierowanie za granic\u0119 i wzoru wniosku rozliczenia koszt\u00f3w podr\u00f3\u017cy zagranicznej<\/a><\/li>\n\n\n\n<li><a href=\"https:\/\/szkolydoktorskie.uwb.edu.pl\/nh\/wp-content\/uploads\/sites\/3\/2024\/01\/4_-_Zalacznik_nr_1_Wniosek_o_skierowanie_za_granice-1.docx\">Za\u0142\u0105cznik 1 \u2013 wniosek o skierowanie za granic\u0119<\/a><\/li>\n\n\n\n<li><a href=\"https:\/\/szkolydoktorskie.uwb.edu.pl\/nh\/wp-content\/uploads\/sites\/3\/2024\/01\/4_-_Zalacznik_nr_2_Rozliczenie_kosztow_podrozy_zagranicznej_-_EZD__1_.docx\">Za\u0142\u0105cznik 2 \u2013 rozliczenie koszt\u00f3w podr\u00f3\u017cy zagranicznej<\/a><\/li>\n\n\n\n<li><a href=\"https:\/\/szkolydoktorskie.uwb.edu.pl\/nh\/wp-content\/uploads\/sites\/3\/2024\/01\/56_-_Asystent_egulamin_przyznawania_asystenta_24_10.pdf\">Zarz\u0105dzenie nr 56 Rektora Uniwersytetu w Bia\u0142ymstoku z dnia 25 pa\u017adziernika 2022 r. w sprawie okre\u015blenia Zasad wsparcia student\u00f3w i doktorant\u00f3w ze szczeg\u00f3lnymi potrzebami w formie w\u0142\u0105czenia os\u00f3b trzecich oraz dodtkowych, indywidualnych zaj\u0119\u0107 dydaktycznych<\/a><\/li>\n\n\n\n<li><a href=\"https:\/\/szkolydoktorskie.uwb.edu.pl\/nh\/wp-content\/uploads\/sites\/3\/2022\/07\/2022-Zarzadzenie-komisja-srodokresowa.pdf\">Zarz\u0105dzenie nr 40 z dnia 5.07.2022 r. zmieniaj\u0105ce Zarz\u0105dzenie nr 52 z dnia 8.06.2021 r. w sprawie zasad organizacji pracy komisji do przeprowadzenia oceny \u015br\u00f3dokresowej doktorant\u00f3w szk\u00f3\u0142 doktorskich UwB<\/a><\/li>\n\n\n\n<li><a href=\"https:\/\/szkolydoktorskie.uwb.edu.pl\/nh\/wp-content\/uploads\/sites\/3\/2022\/02\/Zarzadzenie_nr_17_-_staze_szkoly_doktorskie-z-17-II-2022.pdf\">Zarz\u0105dzenie nr 17 Rektora Uniwersytetu w Bia\u0142ymstoku z dnia 17 lutego 2022 r. w sprawie wyjazd\u00f3w na krajowy\/zagraniczny sta\u017c naukowy doktorant\u00f3w szk\u00f3\u0142 doktorskich Uniwersytetu w Bia\u0142ymstoku<\/a><\/li>\n\n\n\n<li><a href=\"https:\/\/szkolydoktorskie.uwb.edu.pl\/ns\/wp-content\/uploads\/sites\/2\/2022\/02\/Zalaczniki_do_Zarzadzenia_nr_17_z_2022_r_.docx\">Za\u0142\u0105czniki<\/a><\/li>\n\n\n\n<li><a href=\"https:\/\/szkolydoktorskie.uwb.edu.pl\/nh\/wp-content\/uploads\/sites\/3\/2021\/06\/52_-_szkoly_doktorskie_ocena-1.pdf\">Zarz\u0105dzenie nr 52 z dnia 08.06.2021 r. Rektora Uniwersytetu w Bia\u0142ymstoku w sprawie zasad organizacji pracy komisji do przeprowadzenia oceny \u015br\u00f3dokresowej doktorant\u00f3w szk\u00f3\u0142 doktorskich Uniwersytetu w Bia\u0142ymstoku<\/a><\/li>\n\n\n\n<li><a href=\"https:\/\/szkolydoktorskie.uwb.edu.pl\/nh\/wp-content\/uploads\/sites\/3\/2023\/03\/Zarz-8-utworzenie-szkol-doktorskich.pdf\">Zarz\u0105dzenie nr 8 z dnia 27.08.2019 r. Rektora w sprawie utworzenia Szk\u00f3\u0142 Doktorskich<\/a><\/li>\n\n\n\n<li><a href=\"https:\/\/szkolydoktorskie.uwb.edu.pl\/nh\/wp-content\/uploads\/sites\/3\/2024\/01\/Zarzadzenie_nr_1_z_2024-3-utworzenie-SD-UwB.pdf\">Zarz\u0105dzenie nr 1 z dnia 16.01.2024 r. Rektora w sprawie utworzenia Szko\u0142y Doktorskiej Uniwersytetu w Bia\u0142ymstoku<\/a><\/li>\n\n\n\n<li><a href=\"https:\/\/szkolydoktorskie.uwb.edu.pl\/nh\/wp-content\/uploads\/sites\/3\/2022\/10\/18_-_Komunikat_styp__szkoly_doktorskie__2_wysokosc-stypendium.pdf\">Komunikat nr 18 Rektora Uniwersytetu w Bia\u0142ymstoku z dnia 29.09.2022 r. w sprawie wysoko\u015bci stypendium<\/a><br><br>KOMUNIKATY<\/li>\n\n\n\n<li><a href=\"https:\/\/szkolydoktorskie.uwb.edu.pl\/nh\/wp-content\/uploads\/sites\/3\/2023\/05\/2023-1-Komunikat-dyrektora-skad-komisji-rekrutacyjnej-sdnh-2023-24.pdf\">Komunikat nr 1\/2023 Dyrektora Szko\u0142y Doktorskiej Nauk Humanistycznych Uniwersytetu w Bia\u0142ymstoku z dnia 5 maja 2023 r. w sprawie og\u0142oszenia sk\u0142adu komisji rekrutacyjnej na rok akademicki 2023\/2024<\/a><\/li>\n\n\n\n<li><a href=\"https:\/\/szkolydoktorskie.uwb.edu.pl\/nh\/wp-content\/uploads\/sites\/3\/2022\/10\/6-Komunikat-dyrektora-w-sprawie-formy-prowadzenia-zajec.pdf\">Komunikat nr 6\/2022 Dyrektora Szko\u0142y Doktorskiej Nauk Humanistycznych w sprawie formy prowadzenia zaj\u0119\u0107 w roku 2022\/2023<\/a><\/li>\n\n\n\n<li><a href=\"https:\/\/szkolydoktorskie.uwb.edu.pl\/nh\/wp-content\/uploads\/sites\/3\/2022\/10\/5-Komunikat-dyrektora-sdnh-2022-23.pdf\">Komunikat nr 5\/2022 Dyrektora Szko\u0142y Doktorskiej Nauk Humanistycznych w sprawie og\u0142oszenia wzor\u00f3w sprawozda\u0144 (rocznego, \u015br\u00f3dokresowego, opinii promotora) obowi\u0105zuj\u0105cych w roku 2022\/2023<\/a><\/li>\n\n\n\n<li><a href=\"https:\/\/szkolydoktorskie.uwb.edu.pl\/nh\/wp-content\/uploads\/sites\/3\/2022\/10\/4-Komunikat-dyrektora-sklad-komisji-rekrutacyjnej-sdnh-2022-23.pdf\">Komunikat nr 4\/2022 Dyrektora Szko\u0142y Doktorskiej Nauk Humanistycznych w sprawie og\u0142oszenia sk\u0142adu komisji rekrutacyjnej na rok 2022\/2023<\/a><\/li>\n\n\n\n<li><a href=\"https:\/\/szkolydoktorskie.uwb.edu.pl\/nh\/wp-content\/uploads\/sites\/3\/2022\/10\/3-Komunikat-dyrektora-sklad-komisji-rekrutacyjnej-sdnh-2022-23.pdf\">Komunikat nr 3\/2022 Dyrektora Szko\u0142y Doktorskiej Nauk Humanistycznych w sprawie og\u0142oszenia sk\u0142adu komisji rekrutacyjnej na rok 2022\/2023<\/a><\/li>\n\n\n\n<li><a href=\"https:\/\/szkolydoktorskie.uwb.edu.pl\/nh\/wp-content\/uploads\/sites\/3\/2022\/02\/Komunikat-nr-2_2022.pdf\">Komunikat nr 2\/2022 Dyrektora Szko\u0142y Doktorskiej Nauk Humanistycznych z dn. 14.02.2022 r. w sprawie formy prowadzenia zaj\u0119\u0107 w Szkole Doktorskiej Nauk Humanistycznych UwB<\/a><br><a href=\"https:\/\/szkolydoktorskie.uwb.edu.pl\/nh\/wp-content\/uploads\/sites\/3\/2022\/02\/Zacznik-nr-1-Komunikat-nr-2_2022.pdf\">Za\u0142\u0105cznik do komunikatu nr 2<\/a><br><a href=\"https:\/\/szkolydoktorskie.uwb.edu.pl\/nh\/wp-content\/uploads\/sites\/3\/2022\/02\/Zacznik-nr-1-Komunikat-nr-2_2022.doc\">Za\u0142\u0105cznik do komunikatu nr 2 (wersja Word)<\/a><\/li>\n\n\n\n<li><a href=\"https:\/\/szkolydoktorskie.uwb.edu.pl\/nh\/wp-content\/uploads\/sites\/3\/2023\/03\/Komunikat_nr_1_2022.pdf\">Komunikat nr 1\/2022 Dyrektora Szko\u0142y Doktorskiej Nauk Humanistycznych z dn. 14.02.2022 r. w sprawie zasad bezpiecze\u0144stwa obowi\u0105zuj\u0105cych w Szkole Doktorskiej Nauk Humanistycznych UwB w zwi\u0105zku z pandemi\u0105 COVID &#8211; 19<\/a><\/li>\n\n\n\n<li><a href=\"https:\/\/szkolydoktorskie.uwb.edu.pl\/nh\/wp-content\/uploads\/sites\/3\/2021\/09\/Komunikat-nr-2-2021.pdf\">Komunikat nr 2\/2021 Dyrektora Szko\u0142y Doktorskiej Nauk Humanistycznych z dnia 3 wrze\u015bnia 2021 r. w sprawie og\u0142oszenia sk\u0142adu komisji rekrutacyjnej na rok akademicki 2021\/2022<\/a><\/li>\n\n\n\n<li><a href=\"https:\/\/szkolydoktorskie.uwb.edu.pl\/nh\/wp-content\/uploads\/sites\/3\/2021\/09\/Komunikat-nr-1-2021.pdf\">Komunikat nr 1\/2021 Dyrektora Szko\u0142y Doktorskiej Nauk Humanistycznych z dnia 25 maja 2021 r. w sprawie og\u0142oszenia sk\u0142adu komisji rekrutacyjnej na rok akademicki 2021\/2022<\/a><\/li>\n\n\n\n<li><a href=\"https:\/\/szkolydoktorskie.uwb.edu.pl\/nh\/wp-content\/uploads\/sites\/3\/2023\/03\/Komunikat-nr-1-Dyrektora-Szk.-DNH-ws.-semestru-letniego.pdf\">Komunikat nr 1\/2020 z dnia 07.05.2020 r. Dyrektora Szko\u0142y Doktorskiej Nauk Humanistycznych z dnia 7 maja 2020 r. w sprawie organizacji semestru letniego roku akademickiego 2019\/2020 w Szkole Doktorskiej Nauk Humanistycznych<\/a><\/li>\n\n\n\n<li><a href=\"https:\/\/szkolydoktorskie.uwb.edu.pl\/nh\/wp-content\/uploads\/sites\/3\/2023\/03\/Komunikat_nr_2_25.09.2019-SDNH-sprawozdanie.pdf\">Komunikat nr 2 z dnia 25.09.2019 r. w sprawie sprawozdania rocznego oraz sprawozdania \u015br\u00f3dokresowego obowi\u0105zuj\u0105cych w Szkole Doktorskiej Nauk Humanistycznych Uniwersytetu w Bia\u0142ymstoku<\/a><\/li>\n\n\n\n<li><a href=\"https:\/\/szkolydoktorskie.uwb.edu.pl\/nh\/wp-content\/uploads\/sites\/3\/2023\/03\/Komunikat-nr-1-IPB-18_09_2019.pdf\">Komunikat nr 1 z dnia 20.09.2019 r. w sprawie element\u00f3w Indywidualnego Planu Badawczego obowi\u0105zuj\u0105cego w Szkole Doktorskiej Nauk Humanistycznych<\/a><\/li>\n\n\n\n<li>K<a href=\"https:\/\/szkolydoktorskie.uwb.edu.pl\/nh\/wp-content\/uploads\/sites\/3\/2024\/05\/2024-1-Komunikat-dyrektora-sklad-komisji-rekrutacyjnej-sdnh-2023-24.pdf\">omunikat nr 1 z dnia 22.05.2024 r. Dyrektora Szko\u0142y Doktorskiej Nauk Humanistycznych UwB w sprawie og\u0142oszenia sk\u0142adu komisji rekrutacyjnej  w Szkole Doktorskiej UwB w dziedzinie nauk humanistycznych na r. akad. 2024\/2025<\/a><br><br>Komunikaty dotycz\u0105ce wysoko\u015bci stypendi\u00f3w<\/li>\n\n\n\n<li><a href=\"https:\/\/szkolydoktorskie.uwb.edu.pl\/nh\/wp-content\/uploads\/sites\/3\/2024\/01\/33_-_styp__szkoly_doktorskie-stawki-stypendiow.pdf\">Komunikat nr 33 Rektora Uniwersytetu w Bia\u0142ymstoku z dnia 26.10.2023 r. w sprawie wysoko\u015bci stypendium doktoranckiego dla doktorant\u00f3w szk\u00f3\u0142 doktorskich UwB obowi\u0105zuj\u0105cej w roku akademickim 2023\/2024<\/a><\/li>\n\n\n\n<li><a href=\"https:\/\/szkolydoktorskie.uwb.edu.pl\/nh\/wp-content\/uploads\/sites\/3\/2024\/01\/3_-_styp__szkoly_doktorskie-1-1.pdf\">Komunikat nr 3 Rektora Uniwersytetu w Bia\u0142ymstoku z dnia 19.01.2023 r. w sprawie wysoko\u015bci stypendium doktoranckiego dla doktorant\u00f3w szk\u00f3\u0142 doktorskich UwB obowi\u0105zuj\u0105cej w roku akademickim 2022\/2023 od stycznia 2023 r.<\/a><\/li>\n\n\n\n<li><a href=\"https:\/\/szkolydoktorskie.uwb.edu.pl\/nh\/wp-content\/uploads\/sites\/3\/2024\/01\/18_-_Komunikat_styp__szkoly_doktorskie__2_.pdf\">Komunikat nr 18 Rektora Uniwersytetu w Bia\u0142ymstoku z dnia 29.09.2022 r. w sprawie wysoko\u015bci stypendium doktoranckiego w roku akademickim 2022\/2023 dla doktorant\u00f3w szk\u00f3\u0142 doktorskich UwB<\/a><\/li>\n\n\n\n<li><a href=\"https:\/\/szkolydoktorskie.uwb.edu.pl\/nh\/wp-content\/uploads\/sites\/3\/2024\/01\/23_-_Komunikat_styp__szkoly_doktorskie-1-1-1.pdf\">Komunikat nr 23 Rektora Uniwersytetu w Bia\u0142ymstoku z dnia 8.10.2021 r. w sprawie wysoko\u015bci stypendium doktoranckiego w roku akademickim 2021\/2022 dla doktorant\u00f3w szk\u00f3\u0142 doktorskich UwB<\/a><\/li>\n\n\n\n<li><a href=\"https:\/\/szkolydoktorskie.uwb.edu.pl\/nh\/wp-content\/uploads\/sites\/3\/2024\/01\/38_-__stypendia_szkoly_doktorskie.pdf\">Komunikat nr 38 Rektora Uniwersytetu w Bia\u0142ymstoku z dnia 28.10.2020 r. w sprawie wysoko\u015bci stypendium doktoranckiego w roku akademickim 2020\/2021 dla doktorant\u00f3w szk\u00f3\u0142 doktorskich UwB<\/a><\/li>\n\n\n\n<li><a href=\"https:\/\/szkolydoktorskie.uwb.edu.pl\/nh\/wp-content\/uploads\/sites\/3\/2024\/01\/21_komunikat-styp-szkoly-doktorrskie.pdf\">Komunikat nr 21 Rektora Uniwersytetu w Bia\u0142ymstoku z dnia 25.10.2019 r. w sprawie wysoko\u015bci stypendium doktoranckiego w roku akademickim 2019\/2020 dla doktorant\u00f3w szk\u00f3\u0142 doktorskich UwB<\/a><br><br><br>DECYZJE <\/li>\n\n\n\n<li><a href=\"https:\/\/szkolydoktorskie.uwb.edu.pl\/nh\/wp-content\/uploads\/sites\/3\/2023\/03\/Decyzja-nr-1_2020.pdf\">Decyzja nr 1\/2020 Dyrektora Szko\u0142y Doktorskiej Nauk Humanistycznych UwB z dnia 03.04.2020 w sprawie zasad prowadzenia sprawozdawczo\u015bci dotycz\u0105cej zaj\u0119\u0107 w okresie zawieszenia zaj\u0119\u0107 dydaktycznych na UwB<\/a><\/li>\n<\/ul>\n\n\n\n<p>Decyzje dotycz\u0105ce powo\u0142ania komisji do przeprowadzania oceny \u015br\u00f3dokresowej<\/p>\n\n\n\n<ul class=\"wp-block-list\">\n<li><a href=\"https:\/\/szkolydoktorskie.uwb.edu.pl\/nh\/wp-content\/uploads\/sites\/3\/2024\/06\/8-komisja-do-przeprowadzenia-oceny-srodokresowej-w-Szkole-Doktorskiej-Nauk-Spolecznych-\u2014-kopia.pdf\">Decyzja nr 8 Rektora Uniwersytetu w Bia\u0142ymstoku z dnia 13.06.2024 r. w sprawie powo\u0142ania komisji do przeprowadzania oceny \u015br\u00f3dokresowej w Szkole Doktorskiej Nauk Humanistycznych<\/a><\/li>\n\n\n\n<li><a href=\"https:\/\/szkolydoktorskie.uwb.edu.pl\/nh\/wp-content\/uploads\/sites\/3\/2023\/07\/Decyzja_powolanie_komisji_srodokresowej_human_.pdf\">Decyzja nr 9 Rektora Uniwersytetu w Bia\u0142ymstoku z dnia 13.06.2023 w sprawie powo\u0142ywania komisji do przeprowadzania oceny \u015br\u00f3dokresowej w Szkole Doktorskiej Nauk Humanistycznych<\/a><\/li>\n\n\n\n<li><a href=\"https:\/\/szkolydoktorskie.uwb.edu.pl\/nh\/wp-content\/uploads\/sites\/3\/2022\/08\/14_-_powolanie_komisji_srodokresowej_human_.pdf\">Decyzja nr 14 Rektora Uniwersytetu w Bia\u0142ymstoku z dnia 28.06.2022 r. w sprawie powo\u0142ania komisji do  przeprowadzenia oceny \u015br\u00f3dokresowej w Szkole Doktorskiej Nauk Humanistycznych<\/a><\/li>\n\n\n\n<li><a href=\"https:\/\/szkolydoktorskie.uwb.edu.pl\/nh\/wp-content\/uploads\/sites\/3\/2024\/01\/17_-_zmiana_skladu_komisja_ds_oceny_srodokresowej_human.pdf\">Decyzja nr 17 Rektora Uniwersytetu w Bia\u0142ymstoku z dnia 30.08.2021 r. zmieniaj\u0105ca Decyzj\u0119 nr 8 z dnia 1.06.2021 w sprawie powo\u0142ania komisji do przeprowadzenia oceny \u015br\u00f3dokresowej w Szkole Doktorskiej Nauk Humanistycznych<\/a><\/li>\n\n\n\n<li><a href=\"https:\/\/szkolydoktorskie.uwb.edu.pl\/nh\/wp-content\/uploads\/sites\/3\/2024\/01\/8_-_komisja_ds_oceny_srodokresowej.pdf\">Decyzja nr 8 Rektora Uniwersytetu w Bia\u0142ymstoku z dnia 1.06.2021 r. w sprawie powo\u0142ania komisji do przeprowadzenia oceny \u015brokresowej w Szkole Doktorskiej Nauk Humanistycznych<\/a><\/li>\n<\/ul>\n","protected":false},"excerpt":{"rendered":"<p>Decyzje dotycz\u0105ce powo\u0142ania komisji do przeprowadzania oceny \u015br\u00f3dokresowej<\/p>\n","protected":false},"author":1,"featured_media":0,"parent":0,"menu_order":0,"comment_status":"closed","ping_status":"closed","template":"","meta":{"footnotes":""},"class_list":["post-17","page","type-page","status-publish","hentry"],"yoast_head":"<!-- This site is optimized with the Yoast SEO plugin v27.3 - https:\/\/yoast.com\/product\/yoast-seo-wordpress\/ -->\n<title>Akty prawne - Szko\u0142a Doktorska Nauk Humanistycznych UwB<\/title>\n<meta name=\"robots\" content=\"index, follow, max-snippet:-1, max-image-preview:large, max-video-preview:-1\" \/>\n<link rel=\"canonical\" href=\"https:\/\/szkolydoktorskie.uwb.edu.pl\/nh\/akty-prawne\/\" \/>\n<meta property=\"og:locale\" content=\"pl_PL\" \/>\n<meta property=\"og:type\" content=\"article\" \/>\n<meta property=\"og:title\" content=\"Akty prawne - Szko\u0142a Doktorska Nauk Humanistycznych UwB\" \/>\n<meta property=\"og:description\" content=\"Decyzje dotycz\u0105ce powo\u0142ania komisji do przeprowadzania oceny \u015br\u00f3dokresowej\" \/>\n<meta property=\"og:url\" content=\"https:\/\/szkolydoktorskie.uwb.edu.pl\/nh\/akty-prawne\/\" \/>\n<meta property=\"og:site_name\" content=\"Szko\u0142a Doktorska Nauk Humanistycznych UwB\" \/>\n<meta property=\"article:modified_time\" content=\"2024-06-13T11:13:52+00:00\" \/>\n<meta name=\"twitter:card\" content=\"summary_large_image\" \/>\n<meta name=\"twitter:label1\" content=\"Szacowany czas czytania\" \/>\n\t<meta name=\"twitter:data1\" content=\"6 minut\" \/>\n<script type=\"application\/ld+json\" class=\"yoast-schema-graph\">{\"@context\":\"https:\\\/\\\/schema.org\",\"@graph\":[{\"@type\":\"WebPage\",\"@id\":\"https:\\\/\\\/szkolydoktorskie.uwb.edu.pl\\\/nh\\\/akty-prawne\\\/\",\"url\":\"https:\\\/\\\/szkolydoktorskie.uwb.edu.pl\\\/nh\\\/akty-prawne\\\/\",\"name\":\"Akty prawne - Szko\u0142a Doktorska Nauk Humanistycznych UwB\",\"isPartOf\":{\"@id\":\"https:\\\/\\\/szkolydoktorskie.uwb.edu.pl\\\/nh\\\/#website\"},\"datePublished\":\"2021-04-15T22:54:14+00:00\",\"dateModified\":\"2024-06-13T11:13:52+00:00\",\"breadcrumb\":{\"@id\":\"https:\\\/\\\/szkolydoktorskie.uwb.edu.pl\\\/nh\\\/akty-prawne\\\/#breadcrumb\"},\"inLanguage\":\"pl-PL\",\"potentialAction\":[{\"@type\":\"ReadAction\",\"target\":[\"https:\\\/\\\/szkolydoktorskie.uwb.edu.pl\\\/nh\\\/akty-prawne\\\/\"]}]},{\"@type\":\"BreadcrumbList\",\"@id\":\"https:\\\/\\\/szkolydoktorskie.uwb.edu.pl\\\/nh\\\/akty-prawne\\\/#breadcrumb\",\"itemListElement\":[{\"@type\":\"ListItem\",\"position\":1,\"name\":\"Strona g\u0142\u00f3wna\",\"item\":\"https:\\\/\\\/szkolydoktorskie.uwb.edu.pl\\\/nh\\\/\"},{\"@type\":\"ListItem\",\"position\":2,\"name\":\"Akty prawne\"}]},{\"@type\":\"WebSite\",\"@id\":\"https:\\\/\\\/szkolydoktorskie.uwb.edu.pl\\\/nh\\\/#website\",\"url\":\"https:\\\/\\\/szkolydoktorskie.uwb.edu.pl\\\/nh\\\/\",\"name\":\"Szko\u0142a Doktorska Nauk Humanistycznych UwB\",\"description\":\"Szko\u0142a Doktorska Nauk Humanistycznych UwB\",\"publisher\":{\"@id\":\"https:\\\/\\\/szkolydoktorskie.uwb.edu.pl\\\/nh\\\/#organization\"},\"potentialAction\":[{\"@type\":\"SearchAction\",\"target\":{\"@type\":\"EntryPoint\",\"urlTemplate\":\"https:\\\/\\\/szkolydoktorskie.uwb.edu.pl\\\/nh\\\/?s={search_term_string}\"},\"query-input\":{\"@type\":\"PropertyValueSpecification\",\"valueRequired\":true,\"valueName\":\"search_term_string\"}}],\"inLanguage\":\"pl-PL\"},{\"@type\":\"Organization\",\"@id\":\"https:\\\/\\\/szkolydoktorskie.uwb.edu.pl\\\/nh\\\/#organization\",\"name\":\"Szko\u0142a Doktorska Nauk Humanistycznych UwB\",\"url\":\"https:\\\/\\\/szkolydoktorskie.uwb.edu.pl\\\/nh\\\/\",\"logo\":{\"@type\":\"ImageObject\",\"inLanguage\":\"pl-PL\",\"@id\":\"https:\\\/\\\/szkolydoktorskie.uwb.edu.pl\\\/nh\\\/#\\\/schema\\\/logo\\\/image\\\/\",\"url\":\"https:\\\/\\\/szkolydoktorskie.uwb.edu.pl\\\/nh\\\/wp-content\\\/uploads\\\/sites\\\/3\\\/2021\\\/04\\\/cropped-SH-LOGO.png\",\"contentUrl\":\"https:\\\/\\\/szkolydoktorskie.uwb.edu.pl\\\/nh\\\/wp-content\\\/uploads\\\/sites\\\/3\\\/2021\\\/04\\\/cropped-SH-LOGO.png\",\"width\":705,\"height\":188,\"caption\":\"Szko\u0142a Doktorska Nauk Humanistycznych UwB\"},\"image\":{\"@id\":\"https:\\\/\\\/szkolydoktorskie.uwb.edu.pl\\\/nh\\\/#\\\/schema\\\/logo\\\/image\\\/\"}}]}<\/script>\n<!-- \/ Yoast SEO plugin. -->","yoast_head_json":{"title":"Akty prawne - Szko\u0142a Doktorska Nauk Humanistycznych UwB","robots":{"index":"index","follow":"follow","max-snippet":"max-snippet:-1","max-image-preview":"max-image-preview:large","max-video-preview":"max-video-preview:-1"},"canonical":"https:\/\/szkolydoktorskie.uwb.edu.pl\/nh\/akty-prawne\/","og_locale":"pl_PL","og_type":"article","og_title":"Akty prawne - Szko\u0142a Doktorska Nauk Humanistycznych UwB","og_description":"Decyzje dotycz\u0105ce powo\u0142ania komisji do przeprowadzania oceny \u015br\u00f3dokresowej","og_url":"https:\/\/szkolydoktorskie.uwb.edu.pl\/nh\/akty-prawne\/","og_site_name":"Szko\u0142a Doktorska Nauk Humanistycznych UwB","article_modified_time":"2024-06-13T11:13:52+00:00","twitter_card":"summary_large_image","twitter_misc":{"Szacowany czas czytania":"6 minut"},"schema":{"@context":"https:\/\/schema.org","@graph":[{"@type":"WebPage","@id":"https:\/\/szkolydoktorskie.uwb.edu.pl\/nh\/akty-prawne\/","url":"https:\/\/szkolydoktorskie.uwb.edu.pl\/nh\/akty-prawne\/","name":"Akty prawne - Szko\u0142a Doktorska Nauk Humanistycznych UwB","isPartOf":{"@id":"https:\/\/szkolydoktorskie.uwb.edu.pl\/nh\/#website"},"datePublished":"2021-04-15T22:54:14+00:00","dateModified":"2024-06-13T11:13:52+00:00","breadcrumb":{"@id":"https:\/\/szkolydoktorskie.uwb.edu.pl\/nh\/akty-prawne\/#breadcrumb"},"inLanguage":"pl-PL","potentialAction":[{"@type":"ReadAction","target":["https:\/\/szkolydoktorskie.uwb.edu.pl\/nh\/akty-prawne\/"]}]},{"@type":"BreadcrumbList","@id":"https:\/\/szkolydoktorskie.uwb.edu.pl\/nh\/akty-prawne\/#breadcrumb","itemListElement":[{"@type":"ListItem","position":1,"name":"Strona g\u0142\u00f3wna","item":"https:\/\/szkolydoktorskie.uwb.edu.pl\/nh\/"},{"@type":"ListItem","position":2,"name":"Akty prawne"}]},{"@type":"WebSite","@id":"https:\/\/szkolydoktorskie.uwb.edu.pl\/nh\/#website","url":"https:\/\/szkolydoktorskie.uwb.edu.pl\/nh\/","name":"Szko\u0142a Doktorska Nauk Humanistycznych UwB","description":"Szko\u0142a Doktorska Nauk Humanistycznych UwB","publisher":{"@id":"https:\/\/szkolydoktorskie.uwb.edu.pl\/nh\/#organization"},"potentialAction":[{"@type":"SearchAction","target":{"@type":"EntryPoint","urlTemplate":"https:\/\/szkolydoktorskie.uwb.edu.pl\/nh\/?s={search_term_string}"},"query-input":{"@type":"PropertyValueSpecification","valueRequired":true,"valueName":"search_term_string"}}],"inLanguage":"pl-PL"},{"@type":"Organization","@id":"https:\/\/szkolydoktorskie.uwb.edu.pl\/nh\/#organization","name":"Szko\u0142a Doktorska Nauk Humanistycznych UwB","url":"https:\/\/szkolydoktorskie.uwb.edu.pl\/nh\/","logo":{"@type":"ImageObject","inLanguage":"pl-PL","@id":"https:\/\/szkolydoktorskie.uwb.edu.pl\/nh\/#\/schema\/logo\/image\/","url":"https:\/\/szkolydoktorskie.uwb.edu.pl\/nh\/wp-content\/uploads\/sites\/3\/2021\/04\/cropped-SH-LOGO.png","contentUrl":"https:\/\/szkolydoktorskie.uwb.edu.pl\/nh\/wp-content\/uploads\/sites\/3\/2021\/04\/cropped-SH-LOGO.png","width":705,"height":188,"caption":"Szko\u0142a Doktorska Nauk Humanistycznych UwB"},"image":{"@id":"https:\/\/szkolydoktorskie.uwb.edu.pl\/nh\/#\/schema\/logo\/image\/"}}]}},"_links":{"self":[{"href":"https:\/\/szkolydoktorskie.uwb.edu.pl\/nh\/wp-json\/wp\/v2\/pages\/17","targetHints":{"allow":["GET"]}}],"collection":[{"href":"https:\/\/szkolydoktorskie.uwb.edu.pl\/nh\/wp-json\/wp\/v2\/pages"}],"about":[{"href":"https:\/\/szkolydoktorskie.uwb.edu.pl\/nh\/wp-json\/wp\/v2\/types\/page"}],"author":[{"embeddable":true,"href":"https:\/\/szkolydoktorskie.uwb.edu.pl\/nh\/wp-json\/wp\/v2\/users\/1"}],"replies":[{"embeddable":true,"href":"https:\/\/szkolydoktorskie.uwb.edu.pl\/nh\/wp-json\/wp\/v2\/comments?post=17"}],"version-history":[{"count":45,"href":"https:\/\/szkolydoktorskie.uwb.edu.pl\/nh\/wp-json\/wp\/v2\/pages\/17\/revisions"}],"predecessor-version":[{"id":1763,"href":"https:\/\/szkolydoktorskie.uwb.edu.pl\/nh\/wp-json\/wp\/v2\/pages\/17\/revisions\/1763"}],"wp:attachment":[{"href":"https:\/\/szkolydoktorskie.uwb.edu.pl\/nh\/wp-json\/wp\/v2\/media?parent=17"}],"curies":[{"name":"wp","href":"https:\/\/api.w.org\/{rel}","templated":true}]}}