{"id":15,"date":"2021-04-16T00:54:02","date_gmt":"2021-04-15T22:54:02","guid":{"rendered":"https:\/\/szkolydoktorskie.uwb.edu.pl\/ns\/?page_id=15"},"modified":"2024-01-26T09:12:32","modified_gmt":"2024-01-26T08:12:32","slug":"samorzad-doktorantow","status":"publish","type":"page","link":"https:\/\/szkolydoktorskie.uwb.edu.pl\/nh\/samorzad-doktorantow\/","title":{"rendered":"Samorz\u0105d Doktorant\u00f3w"},"content":{"rendered":"\n<p><strong>Czym jest Rada Uczelniana Samorz\u0105du Doktorant\u00f3w UwB?<\/strong><\/p>\n\n\n\n<p>Rada Uczelniana Samorz\u0105du Doktorant\u00f3w dzia\u0142aj\u0105ca przy Uniwersytecie w Bia\u0142ymstoku ma za zadanie dba\u0107 o prawa i obowi\u0105zki doktorant\u00f3w. Stoi tak\u017ce na stra\u017cy przestrzegania obowi\u0105zuj\u0105cego na Uniwersytecie prawa i przyczynia si\u0119 do polepszenia jako\u015bci kszta\u0142cenia. Z uwagi na swoj\u0105 specyfik\u0119, RUSD dzia\u0142a na rzecz zar\u00f3wno jako\u015bci kszta\u0142cenia student\u00f3w, jak r\u00f3wnie\u017c jako\u015bci kszta\u0142cenia doktorant\u00f3w, promowania bada\u0144 i naukowo\u015bci. Samorz\u0105d doktorant\u00f3w posiada swoich przedstawicieli w r\u00f3\u017cnych jednostkach dzia\u0142aj\u0105cych przy UwB.<\/p>\n\n\n\n<p>Rada Uczelniana Samorz\u0105du Doktorant\u00f3w powstaje z przedstawicieli z trzech Rad Doktorant\u00f3w Szk\u00f3\u0142 Doktorskich (RDSD) i Rady Doktorant\u00f3w Studi\u00f3w Doktoranckich. W sk\u0142ad ka\u017cdej Rady Doktorant\u00f3w Szko\u0142y Doktorskiej wchodzi 8 doktorant\u00f3w z danej Szko\u0142y Doktorskiej, w\u015br\u00f3d tych os\u00f3b musz\u0105 si\u0119 znale\u017a\u0107 przedstawiciele ka\u017cdej dyscypliny, w kt\u00f3rej dana Szko\u0142a prowadzi kszta\u0142cenie. Wszystkie trzy RDSD wraz z Rad\u0105 Doktorant\u00f3w Studi\u00f3w Doktoranckich tworz\u0105 Rad\u0119 Uczelnian\u0105 Samorz\u0105du Doktorant\u00f3w (RUSD).<\/p>\n\n\n\n<p><strong>Kontakt:<\/strong> <a href=\"mailto:rusd@uwb.edu.pl\">rusd@uwb.edu.pl<\/a><\/p>\n\n\n\n<p><strong>Sk\u0142ad Zarz\u0105du Rady Uczelnianej Samorz\u0105du Doktorant\u00f3w UwB<\/strong><\/p>\n\n\n\n<p><\/p>\n\n\n\n<p>PRZEWODNICZ\u0104CA <strong>mgr Wioleta Lewandowska<\/strong><\/p>\n\n\n\n<p><em>&nbsp;&nbsp;&nbsp;&nbsp;&nbsp;&nbsp;&nbsp;&nbsp;&nbsp;&nbsp;&nbsp;&nbsp;&nbsp;&nbsp;&nbsp;&nbsp;&nbsp;&nbsp;&nbsp;&nbsp;&nbsp;&nbsp;&nbsp;&nbsp;&nbsp;&nbsp;&nbsp;&nbsp;&nbsp;&nbsp;&nbsp;&nbsp;&nbsp;&nbsp;&nbsp;&nbsp;&nbsp; Szko\u0142a Doktorska Nauk <\/em>\u015acis\u0142ych i Przyrodniczych<\/p>\n\n\n\n<p><em><a href=\"mailto:w.lewandowska@uwb.edu.pl\">w.lewandowska@uwb.edu.pl<\/a><\/em><\/p>\n\n\n\n<p>WICEPRZEWODNICZ\u0104CA <strong>mgr Sandra Chmielewska<\/strong><\/p>\n\n\n\n<p><em>&nbsp;&nbsp;&nbsp;&nbsp;&nbsp;&nbsp;&nbsp;&nbsp;&nbsp;&nbsp;&nbsp;&nbsp;&nbsp;&nbsp;&nbsp;&nbsp;&nbsp;&nbsp;&nbsp;&nbsp;&nbsp;&nbsp;&nbsp;&nbsp;&nbsp;&nbsp;&nbsp;&nbsp;&nbsp;&nbsp;&nbsp;&nbsp;&nbsp;&nbsp;&nbsp;&nbsp;&nbsp; Szko\u0142a Doktorska Nauk \u015acis\u0142ych i Przyrodniczych<\/em><\/p>\n\n\n\n<p><em><a href=\"mailto:s.chmielewska@uwb.edu.pl\">s.chmielewska@uwb.edu.pl<\/a><\/em><\/p>\n\n\n\n<p>SEKRETARZ <strong>mgr Maciej Kwiatkowski<\/strong><\/p>\n\n\n\n<p><em>&nbsp;&nbsp;&nbsp;&nbsp;&nbsp;&nbsp;&nbsp;&nbsp;&nbsp;&nbsp;&nbsp;&nbsp;&nbsp;&nbsp;&nbsp;&nbsp;&nbsp;&nbsp;&nbsp;&nbsp;&nbsp;&nbsp;&nbsp;&nbsp;&nbsp;&nbsp;&nbsp;&nbsp;&nbsp;&nbsp;&nbsp;&nbsp;&nbsp;&nbsp;&nbsp;&nbsp; Szko\u0142a Doktorska Nauk <\/em>Humanistycznych<\/p>\n\n\n\n<p><em><a href=\"mailto:m.kwiatkowski@uwb.edu.pl\">m.kwiatkowski@uwb.edu.pl<\/a><\/em><\/p>\n\n\n\n<p>CZ\u0141ONEK ZARZ\u0104DU <strong>mgr Patrycja Wilczewska<\/strong><\/p>\n\n\n\n<p>&nbsp;&nbsp;&nbsp;&nbsp;&nbsp;&nbsp;&nbsp;&nbsp;&nbsp;&nbsp;&nbsp;&nbsp;&nbsp;&nbsp;&nbsp;&nbsp;&nbsp;&nbsp;&nbsp;&nbsp;&nbsp;&nbsp;&nbsp;&nbsp;&nbsp;&nbsp;&nbsp;&nbsp;&nbsp;&nbsp;&nbsp;&nbsp; <em>Szko\u0142a Doktorska Nauk \u015acis\u0142ych i Przyrodniczych<\/em><\/p>\n\n\n\n<p><em><a href=\"mailto:p.wilczewska@uwb.edu.pl\">p.wilczewska@uwb.edu.pl<\/a><\/em><\/p>\n\n\n\n<p>CZ\u0141ONEK ZARZ\u0104DU <strong>mgr Kewin K. Bach<\/strong><\/p>\n\n\n\n<p><em>&nbsp;&nbsp;&nbsp;&nbsp;&nbsp;&nbsp;&nbsp;&nbsp;&nbsp;&nbsp;&nbsp;&nbsp;&nbsp;&nbsp;&nbsp;&nbsp;&nbsp;&nbsp;&nbsp;&nbsp;&nbsp;&nbsp;&nbsp;&nbsp;&nbsp;&nbsp;&nbsp;&nbsp;&nbsp;&nbsp;&nbsp;&nbsp;&nbsp; Szko\u0142a Doktorska Nauk <\/em>Spo\u0142ecznych<\/p>\n\n\n\n<p><em><a href=\"mailto:k.bach@uwb.edu.pl\">k.bach@uwb.edu.pl<\/a><\/em><\/p>\n\n\n\n<p>CZ\u0141ONEK ZARZ\u0104DU <strong>mgr Dariusz Kiejza<\/strong><\/p>\n\n\n\n<p>&nbsp;&nbsp;&nbsp;&nbsp;&nbsp;&nbsp;&nbsp;&nbsp;&nbsp;&nbsp;&nbsp;&nbsp;&nbsp;&nbsp;&nbsp;&nbsp;&nbsp;&nbsp;&nbsp;&nbsp;&nbsp;&nbsp;&nbsp;&nbsp;&nbsp;&nbsp;&nbsp;&nbsp;&nbsp;&nbsp;&nbsp;&nbsp; <em>Szko\u0142a Doktorska Nauk \u015acis\u0142ych i Przyrodniczych<\/em><\/p>\n\n\n\n<p><em><a href=\"mailto:d.kiejza@uwb.edu.pl\">d.kiejza@uwb.edu.pl<\/a><\/em><\/p>\n\n\n\n<p><\/p>\n\n\n\n<p><\/p>\n\n\n\n<p><strong>Jakie organy dzia\u0142aj\u0105 Przy Radzie Uczelnianej Samorz\u0105du Doktorant\u00f3w?<\/strong><\/p>\n\n\n\n<p>Przy Radzie Uczelnianej Samorz\u0105du Doktorant\u00f3w od 2020 roku dzia\u0142aj\u0105 trzy komisje. Komisja Wyborcza, ds. Nauki i Komisja ds. Kultury i Promocji.<\/p>\n\n\n\n<p><strong>Komisja Wyborcza<\/strong> przeprowadza wybory we wszystkich jednostkach samorz\u0105du i dba o ich prawid\u0142owy przebieg a tak\u017ce stwierdza wa\u017cno\u015b\u0107 wybor\u00f3w.<\/p>\n\n\n\n<p><strong>Komisja ds. Nauki<\/strong> analizuje obowi\u0105zuj\u0105ce przepisy, rekonstruuje regulaminy, opracowuje zasady w przydzielaniu dofinansowa\u0144, opiniuje wnioski o przyznanie dofinansowa\u0144 na dzia\u0142alno\u015bci naukowe.<\/p>\n\n\n\n<p><strong>Komisja ds. Kultury i Promocji<\/strong> zajmuje si\u0119 organizacj\u0105 wydarze\u0144 kulturalnych w ramach samorz\u0105du, promuje konkursy o dofinansowania naukowe, promuje samorz\u0105d, sporz\u0105dza ankiety na temat jako\u015bci kszta\u0142cenia, dba o zapewnianie doktorantom wszystkich potrzebnych zasob\u00f3w.<\/p>\n\n\n\n<p><strong>Przewodnicz\u0105cy ww. Komisji:<\/strong><\/p>\n\n\n\n<p><strong>mgr Dorota Haponiuk<\/strong>&#8211; Komisja Wyborcza<\/p>\n\n\n\n<p><strong><strong><strong>mgr Dariusz Kiejza<\/strong><\/strong><\/strong>&#8211; Komisja ds. Nauki<\/p>\n\n\n\n<p><strong>mgr Patrycja Wilczewska<\/strong> &#8211; Komisja ds. Kultury i Promocji<\/p>\n\n\n\n<p><strong>Gdzie mog\u0119 znale\u017a\u0107 aktualno\u015bci o dzia\u0142aniach Rady Uczelnianej Samorz\u0105du Doktorant\u00f3w?<\/strong><\/p>\n\n\n\n<p>Zapraszamy na nasz\u0105 stron\u0119 na Facebooku. Publikujemy tam najwa\u017cniejsze informacje, przypominamy o naborach do konkursu APLAUZ, oznajmiamy o dzia\u0142aniach poj\u0119tych przez Zarz\u0105d RUSD i udost\u0119pniamy wa\u017cne wydarzenia.<\/p>\n\n\n\n<p><strong>Link do strony<\/strong>: https:\/\/www.facebook.com\/RUSDUwB<\/p>\n\n\n\n<p><\/p>\n\n\n\n<p><\/p>\n\n\n\n<p><a href=\"https:\/\/szkolydoktorskie.uwb.edu.pl\/nh\/wp-content\/uploads\/sites\/3\/2022\/10\/Regulamin-Samorzadu-Doktorantow-UwB.pdf\">Regulamin Samorz\u0105du Doktorant\u00f3w Uniwersytetu w Bia\u0142ymstoku<\/a><\/p>\n\n\n\n<p><\/p>\n","protected":false},"excerpt":{"rendered":"<p>Czym jest Rada Uczelniana Samorz\u0105du Doktorant\u00f3w UwB? Rada Uczelniana Samorz\u0105du Doktorant\u00f3w dzia\u0142aj\u0105ca przy Uniwersytecie w Bia\u0142ymstoku ma za zadanie dba\u0107 o prawa i obowi\u0105zki doktorant\u00f3w. Stoi tak\u017ce na stra\u017cy przestrzegania&hellip;<\/p>\n","protected":false},"author":1,"featured_media":0,"parent":0,"menu_order":0,"comment_status":"closed","ping_status":"closed","template":"","meta":{"footnotes":""},"class_list":["post-15","page","type-page","status-publish","hentry"],"yoast_head":"<!-- This site is optimized with the Yoast SEO plugin v27.4 - https:\/\/yoast.com\/product\/yoast-seo-wordpress\/ -->\n<title>Samorz\u0105d Doktorant\u00f3w - Szko\u0142a Doktorska Nauk Humanistycznych UwB<\/title>\n<meta name=\"robots\" content=\"index, follow, max-snippet:-1, max-image-preview:large, max-video-preview:-1\" \/>\n<link rel=\"canonical\" href=\"https:\/\/szkolydoktorskie.uwb.edu.pl\/nh\/samorzad-doktorantow\/\" \/>\n<meta property=\"og:locale\" content=\"pl_PL\" \/>\n<meta property=\"og:type\" content=\"article\" \/>\n<meta property=\"og:title\" content=\"Samorz\u0105d Doktorant\u00f3w - Szko\u0142a Doktorska Nauk Humanistycznych UwB\" \/>\n<meta property=\"og:description\" content=\"Czym jest Rada Uczelniana Samorz\u0105du Doktorant\u00f3w UwB? Rada Uczelniana Samorz\u0105du Doktorant\u00f3w dzia\u0142aj\u0105ca przy Uniwersytecie w Bia\u0142ymstoku ma za zadanie dba\u0107 o prawa i obowi\u0105zki doktorant\u00f3w. Stoi tak\u017ce na stra\u017cy przestrzegania&hellip;\" \/>\n<meta property=\"og:url\" content=\"https:\/\/szkolydoktorskie.uwb.edu.pl\/nh\/samorzad-doktorantow\/\" \/>\n<meta property=\"og:site_name\" content=\"Szko\u0142a Doktorska Nauk Humanistycznych UwB\" \/>\n<meta property=\"article:modified_time\" content=\"2024-01-26T08:12:32+00:00\" \/>\n<meta name=\"twitter:card\" content=\"summary_large_image\" \/>\n<meta name=\"twitter:label1\" content=\"Szacowany czas czytania\" \/>\n\t<meta name=\"twitter:data1\" content=\"3 minuty\" \/>\n<script type=\"application\/ld+json\" class=\"yoast-schema-graph\">{\"@context\":\"https:\\\/\\\/schema.org\",\"@graph\":[{\"@type\":\"WebPage\",\"@id\":\"https:\\\/\\\/szkolydoktorskie.uwb.edu.pl\\\/nh\\\/samorzad-doktorantow\\\/\",\"url\":\"https:\\\/\\\/szkolydoktorskie.uwb.edu.pl\\\/nh\\\/samorzad-doktorantow\\\/\",\"name\":\"Samorz\u0105d Doktorant\u00f3w - Szko\u0142a Doktorska Nauk Humanistycznych UwB\",\"isPartOf\":{\"@id\":\"https:\\\/\\\/szkolydoktorskie.uwb.edu.pl\\\/nh\\\/#website\"},\"datePublished\":\"2021-04-15T22:54:02+00:00\",\"dateModified\":\"2024-01-26T08:12:32+00:00\",\"breadcrumb\":{\"@id\":\"https:\\\/\\\/szkolydoktorskie.uwb.edu.pl\\\/nh\\\/samorzad-doktorantow\\\/#breadcrumb\"},\"inLanguage\":\"pl-PL\",\"potentialAction\":[{\"@type\":\"ReadAction\",\"target\":[\"https:\\\/\\\/szkolydoktorskie.uwb.edu.pl\\\/nh\\\/samorzad-doktorantow\\\/\"]}]},{\"@type\":\"BreadcrumbList\",\"@id\":\"https:\\\/\\\/szkolydoktorskie.uwb.edu.pl\\\/nh\\\/samorzad-doktorantow\\\/#breadcrumb\",\"itemListElement\":[{\"@type\":\"ListItem\",\"position\":1,\"name\":\"Strona g\u0142\u00f3wna\",\"item\":\"https:\\\/\\\/szkolydoktorskie.uwb.edu.pl\\\/nh\\\/\"},{\"@type\":\"ListItem\",\"position\":2,\"name\":\"Samorz\u0105d Doktorant\u00f3w\"}]},{\"@type\":\"WebSite\",\"@id\":\"https:\\\/\\\/szkolydoktorskie.uwb.edu.pl\\\/nh\\\/#website\",\"url\":\"https:\\\/\\\/szkolydoktorskie.uwb.edu.pl\\\/nh\\\/\",\"name\":\"Szko\u0142a Doktorska Nauk Humanistycznych UwB\",\"description\":\"Szko\u0142a Doktorska Nauk Humanistycznych UwB\",\"publisher\":{\"@id\":\"https:\\\/\\\/szkolydoktorskie.uwb.edu.pl\\\/nh\\\/#organization\"},\"potentialAction\":[{\"@type\":\"SearchAction\",\"target\":{\"@type\":\"EntryPoint\",\"urlTemplate\":\"https:\\\/\\\/szkolydoktorskie.uwb.edu.pl\\\/nh\\\/?s={search_term_string}\"},\"query-input\":{\"@type\":\"PropertyValueSpecification\",\"valueRequired\":true,\"valueName\":\"search_term_string\"}}],\"inLanguage\":\"pl-PL\"},{\"@type\":\"Organization\",\"@id\":\"https:\\\/\\\/szkolydoktorskie.uwb.edu.pl\\\/nh\\\/#organization\",\"name\":\"Szko\u0142a Doktorska Nauk Humanistycznych UwB\",\"url\":\"https:\\\/\\\/szkolydoktorskie.uwb.edu.pl\\\/nh\\\/\",\"logo\":{\"@type\":\"ImageObject\",\"inLanguage\":\"pl-PL\",\"@id\":\"https:\\\/\\\/szkolydoktorskie.uwb.edu.pl\\\/nh\\\/#\\\/schema\\\/logo\\\/image\\\/\",\"url\":\"https:\\\/\\\/szkolydoktorskie.uwb.edu.pl\\\/nh\\\/wp-content\\\/uploads\\\/sites\\\/3\\\/2021\\\/04\\\/cropped-SH-LOGO.png\",\"contentUrl\":\"https:\\\/\\\/szkolydoktorskie.uwb.edu.pl\\\/nh\\\/wp-content\\\/uploads\\\/sites\\\/3\\\/2021\\\/04\\\/cropped-SH-LOGO.png\",\"width\":705,\"height\":188,\"caption\":\"Szko\u0142a Doktorska Nauk Humanistycznych UwB\"},\"image\":{\"@id\":\"https:\\\/\\\/szkolydoktorskie.uwb.edu.pl\\\/nh\\\/#\\\/schema\\\/logo\\\/image\\\/\"}}]}<\/script>\n<!-- \/ Yoast SEO plugin. -->","yoast_head_json":{"title":"Samorz\u0105d Doktorant\u00f3w - Szko\u0142a Doktorska Nauk Humanistycznych UwB","robots":{"index":"index","follow":"follow","max-snippet":"max-snippet:-1","max-image-preview":"max-image-preview:large","max-video-preview":"max-video-preview:-1"},"canonical":"https:\/\/szkolydoktorskie.uwb.edu.pl\/nh\/samorzad-doktorantow\/","og_locale":"pl_PL","og_type":"article","og_title":"Samorz\u0105d Doktorant\u00f3w - Szko\u0142a Doktorska Nauk Humanistycznych UwB","og_description":"Czym jest Rada Uczelniana Samorz\u0105du Doktorant\u00f3w UwB? Rada Uczelniana Samorz\u0105du Doktorant\u00f3w dzia\u0142aj\u0105ca przy Uniwersytecie w Bia\u0142ymstoku ma za zadanie dba\u0107 o prawa i obowi\u0105zki doktorant\u00f3w. Stoi tak\u017ce na stra\u017cy przestrzegania&hellip;","og_url":"https:\/\/szkolydoktorskie.uwb.edu.pl\/nh\/samorzad-doktorantow\/","og_site_name":"Szko\u0142a Doktorska Nauk Humanistycznych UwB","article_modified_time":"2024-01-26T08:12:32+00:00","twitter_card":"summary_large_image","twitter_misc":{"Szacowany czas czytania":"3 minuty"},"schema":{"@context":"https:\/\/schema.org","@graph":[{"@type":"WebPage","@id":"https:\/\/szkolydoktorskie.uwb.edu.pl\/nh\/samorzad-doktorantow\/","url":"https:\/\/szkolydoktorskie.uwb.edu.pl\/nh\/samorzad-doktorantow\/","name":"Samorz\u0105d Doktorant\u00f3w - Szko\u0142a Doktorska Nauk Humanistycznych UwB","isPartOf":{"@id":"https:\/\/szkolydoktorskie.uwb.edu.pl\/nh\/#website"},"datePublished":"2021-04-15T22:54:02+00:00","dateModified":"2024-01-26T08:12:32+00:00","breadcrumb":{"@id":"https:\/\/szkolydoktorskie.uwb.edu.pl\/nh\/samorzad-doktorantow\/#breadcrumb"},"inLanguage":"pl-PL","potentialAction":[{"@type":"ReadAction","target":["https:\/\/szkolydoktorskie.uwb.edu.pl\/nh\/samorzad-doktorantow\/"]}]},{"@type":"BreadcrumbList","@id":"https:\/\/szkolydoktorskie.uwb.edu.pl\/nh\/samorzad-doktorantow\/#breadcrumb","itemListElement":[{"@type":"ListItem","position":1,"name":"Strona g\u0142\u00f3wna","item":"https:\/\/szkolydoktorskie.uwb.edu.pl\/nh\/"},{"@type":"ListItem","position":2,"name":"Samorz\u0105d Doktorant\u00f3w"}]},{"@type":"WebSite","@id":"https:\/\/szkolydoktorskie.uwb.edu.pl\/nh\/#website","url":"https:\/\/szkolydoktorskie.uwb.edu.pl\/nh\/","name":"Szko\u0142a Doktorska Nauk Humanistycznych UwB","description":"Szko\u0142a Doktorska Nauk Humanistycznych UwB","publisher":{"@id":"https:\/\/szkolydoktorskie.uwb.edu.pl\/nh\/#organization"},"potentialAction":[{"@type":"SearchAction","target":{"@type":"EntryPoint","urlTemplate":"https:\/\/szkolydoktorskie.uwb.edu.pl\/nh\/?s={search_term_string}"},"query-input":{"@type":"PropertyValueSpecification","valueRequired":true,"valueName":"search_term_string"}}],"inLanguage":"pl-PL"},{"@type":"Organization","@id":"https:\/\/szkolydoktorskie.uwb.edu.pl\/nh\/#organization","name":"Szko\u0142a Doktorska Nauk Humanistycznych UwB","url":"https:\/\/szkolydoktorskie.uwb.edu.pl\/nh\/","logo":{"@type":"ImageObject","inLanguage":"pl-PL","@id":"https:\/\/szkolydoktorskie.uwb.edu.pl\/nh\/#\/schema\/logo\/image\/","url":"https:\/\/szkolydoktorskie.uwb.edu.pl\/nh\/wp-content\/uploads\/sites\/3\/2021\/04\/cropped-SH-LOGO.png","contentUrl":"https:\/\/szkolydoktorskie.uwb.edu.pl\/nh\/wp-content\/uploads\/sites\/3\/2021\/04\/cropped-SH-LOGO.png","width":705,"height":188,"caption":"Szko\u0142a Doktorska Nauk Humanistycznych UwB"},"image":{"@id":"https:\/\/szkolydoktorskie.uwb.edu.pl\/nh\/#\/schema\/logo\/image\/"}}]}},"_links":{"self":[{"href":"https:\/\/szkolydoktorskie.uwb.edu.pl\/nh\/wp-json\/wp\/v2\/pages\/15","targetHints":{"allow":["GET"]}}],"collection":[{"href":"https:\/\/szkolydoktorskie.uwb.edu.pl\/nh\/wp-json\/wp\/v2\/pages"}],"about":[{"href":"https:\/\/szkolydoktorskie.uwb.edu.pl\/nh\/wp-json\/wp\/v2\/types\/page"}],"author":[{"embeddable":true,"href":"https:\/\/szkolydoktorskie.uwb.edu.pl\/nh\/wp-json\/wp\/v2\/users\/1"}],"replies":[{"embeddable":true,"href":"https:\/\/szkolydoktorskie.uwb.edu.pl\/nh\/wp-json\/wp\/v2\/comments?post=15"}],"version-history":[{"count":14,"href":"https:\/\/szkolydoktorskie.uwb.edu.pl\/nh\/wp-json\/wp\/v2\/pages\/15\/revisions"}],"predecessor-version":[{"id":1530,"href":"https:\/\/szkolydoktorskie.uwb.edu.pl\/nh\/wp-json\/wp\/v2\/pages\/15\/revisions\/1530"}],"wp:attachment":[{"href":"https:\/\/szkolydoktorskie.uwb.edu.pl\/nh\/wp-json\/wp\/v2\/media?parent=15"}],"curies":[{"name":"wp","href":"https:\/\/api.w.org\/{rel}","templated":true}]}}