{"id":1413,"date":"2023-10-18T08:42:32","date_gmt":"2023-10-18T06:42:32","guid":{"rendered":"https:\/\/szkolydoktorskie.uwb.edu.pl\/nh\/?page_id=1413"},"modified":"2024-02-08T12:09:53","modified_gmt":"2024-02-08T11:09:53","slug":"doktoranci-2023","status":"publish","type":"page","link":"https:\/\/szkolydoktorskie.uwb.edu.pl\/nh\/doktoranci-2023\/","title":{"rendered":"Doktoranci rok 2023"},"content":{"rendered":"\n<p>Biernacki Filip Roman<\/p>\n\n\n\n<p>Czajkowski Robert<\/p>\n\n\n\n<p>Go\u0142\u0119biewski Arkadiusz<\/p>\n\n\n\n<p><a href=\"https:\/\/szkolydoktorskie.uwb.edu.pl\/nh\/wp-content\/uploads\/sites\/3\/2024\/02\/Gorbacz.pdf\">Gorbacz-Dailida Gra\u017cyna<\/a><\/p>\n\n\n\n<p>Kalinowska Marcelina<\/p>\n\n\n\n<p>Kowalik Dawid<\/p>\n\n\n\n<p>Po\u0142owianiuk Justyna<\/p>\n\n\n\n<p>Sawicka Urszula<\/p>\n\n\n\n<p><a href=\"https:\/\/szkolydoktorskie.uwb.edu.pl\/nh\/wp-content\/uploads\/sites\/3\/2024\/01\/wizytowka-sdnh-szewczyk.pdf\">Szewczyk Urszula<\/a><\/p>\n\n\n\n<p>Velychko Artem<\/p>\n\n\n\n<p>Wasilewski Jaros\u0142aw<\/p>\n\n\n\n<p>Zdrojewski Kamil<\/p>\n","protected":false},"excerpt":{"rendered":"<p>Biernacki Filip Roman Czajkowski Robert Go\u0142\u0119biewski Arkadiusz Gorbacz-Dailida Gra\u017cyna Kalinowska Marcelina Kowalik Dawid Po\u0142owianiuk Justyna Sawicka Urszula Szewczyk Urszula Velychko Artem Wasilewski Jaros\u0142aw Zdrojewski Kamil<\/p>\n","protected":false},"author":5,"featured_media":0,"parent":0,"menu_order":0,"comment_status":"closed","ping_status":"closed","template":"","meta":{"footnotes":""},"class_list":["post-1413","page","type-page","status-publish","hentry"],"yoast_head":"<!-- This site is optimized with the Yoast SEO plugin v27.4 - https:\/\/yoast.com\/product\/yoast-seo-wordpress\/ -->\n<title>Doktoranci rok 2023 - Szko\u0142a Doktorska Nauk Humanistycznych UwB<\/title>\n<meta name=\"robots\" content=\"index, follow, max-snippet:-1, max-image-preview:large, max-video-preview:-1\" \/>\n<link rel=\"canonical\" href=\"https:\/\/szkolydoktorskie.uwb.edu.pl\/nh\/doktoranci-2023\/\" \/>\n<meta property=\"og:locale\" content=\"pl_PL\" \/>\n<meta property=\"og:type\" content=\"article\" \/>\n<meta property=\"og:title\" content=\"Doktoranci rok 2023 - Szko\u0142a Doktorska Nauk Humanistycznych UwB\" \/>\n<meta property=\"og:description\" content=\"Biernacki Filip Roman Czajkowski Robert Go\u0142\u0119biewski Arkadiusz Gorbacz-Dailida Gra\u017cyna Kalinowska Marcelina Kowalik Dawid Po\u0142owianiuk Justyna Sawicka Urszula Szewczyk Urszula Velychko Artem Wasilewski Jaros\u0142aw Zdrojewski Kamil\" \/>\n<meta property=\"og:url\" content=\"https:\/\/szkolydoktorskie.uwb.edu.pl\/nh\/doktoranci-2023\/\" \/>\n<meta property=\"og:site_name\" content=\"Szko\u0142a Doktorska Nauk Humanistycznych UwB\" \/>\n<meta property=\"article:modified_time\" content=\"2024-02-08T11:09:53+00:00\" \/>\n<meta name=\"twitter:card\" content=\"summary_large_image\" \/>\n<meta name=\"twitter:label1\" content=\"Szacowany czas czytania\" \/>\n\t<meta name=\"twitter:data1\" content=\"1 minuta\" \/>\n<script type=\"application\/ld+json\" class=\"yoast-schema-graph\">{\"@context\":\"https:\\\/\\\/schema.org\",\"@graph\":[{\"@type\":\"WebPage\",\"@id\":\"https:\\\/\\\/szkolydoktorskie.uwb.edu.pl\\\/nh\\\/doktoranci-2023\\\/\",\"url\":\"https:\\\/\\\/szkolydoktorskie.uwb.edu.pl\\\/nh\\\/doktoranci-2023\\\/\",\"name\":\"Doktoranci rok 2023 - Szko\u0142a Doktorska Nauk Humanistycznych UwB\",\"isPartOf\":{\"@id\":\"https:\\\/\\\/szkolydoktorskie.uwb.edu.pl\\\/nh\\\/#website\"},\"datePublished\":\"2023-10-18T06:42:32+00:00\",\"dateModified\":\"2024-02-08T11:09:53+00:00\",\"breadcrumb\":{\"@id\":\"https:\\\/\\\/szkolydoktorskie.uwb.edu.pl\\\/nh\\\/doktoranci-2023\\\/#breadcrumb\"},\"inLanguage\":\"pl-PL\",\"potentialAction\":[{\"@type\":\"ReadAction\",\"target\":[\"https:\\\/\\\/szkolydoktorskie.uwb.edu.pl\\\/nh\\\/doktoranci-2023\\\/\"]}]},{\"@type\":\"BreadcrumbList\",\"@id\":\"https:\\\/\\\/szkolydoktorskie.uwb.edu.pl\\\/nh\\\/doktoranci-2023\\\/#breadcrumb\",\"itemListElement\":[{\"@type\":\"ListItem\",\"position\":1,\"name\":\"Strona g\u0142\u00f3wna\",\"item\":\"https:\\\/\\\/szkolydoktorskie.uwb.edu.pl\\\/nh\\\/\"},{\"@type\":\"ListItem\",\"position\":2,\"name\":\"Doktoranci rok 2023\"}]},{\"@type\":\"WebSite\",\"@id\":\"https:\\\/\\\/szkolydoktorskie.uwb.edu.pl\\\/nh\\\/#website\",\"url\":\"https:\\\/\\\/szkolydoktorskie.uwb.edu.pl\\\/nh\\\/\",\"name\":\"Szko\u0142a Doktorska Nauk Humanistycznych UwB\",\"description\":\"Szko\u0142a Doktorska Nauk Humanistycznych UwB\",\"publisher\":{\"@id\":\"https:\\\/\\\/szkolydoktorskie.uwb.edu.pl\\\/nh\\\/#organization\"},\"potentialAction\":[{\"@type\":\"SearchAction\",\"target\":{\"@type\":\"EntryPoint\",\"urlTemplate\":\"https:\\\/\\\/szkolydoktorskie.uwb.edu.pl\\\/nh\\\/?s={search_term_string}\"},\"query-input\":{\"@type\":\"PropertyValueSpecification\",\"valueRequired\":true,\"valueName\":\"search_term_string\"}}],\"inLanguage\":\"pl-PL\"},{\"@type\":\"Organization\",\"@id\":\"https:\\\/\\\/szkolydoktorskie.uwb.edu.pl\\\/nh\\\/#organization\",\"name\":\"Szko\u0142a Doktorska Nauk Humanistycznych UwB\",\"url\":\"https:\\\/\\\/szkolydoktorskie.uwb.edu.pl\\\/nh\\\/\",\"logo\":{\"@type\":\"ImageObject\",\"inLanguage\":\"pl-PL\",\"@id\":\"https:\\\/\\\/szkolydoktorskie.uwb.edu.pl\\\/nh\\\/#\\\/schema\\\/logo\\\/image\\\/\",\"url\":\"https:\\\/\\\/szkolydoktorskie.uwb.edu.pl\\\/nh\\\/wp-content\\\/uploads\\\/sites\\\/3\\\/2021\\\/04\\\/cropped-SH-LOGO.png\",\"contentUrl\":\"https:\\\/\\\/szkolydoktorskie.uwb.edu.pl\\\/nh\\\/wp-content\\\/uploads\\\/sites\\\/3\\\/2021\\\/04\\\/cropped-SH-LOGO.png\",\"width\":705,\"height\":188,\"caption\":\"Szko\u0142a Doktorska Nauk Humanistycznych UwB\"},\"image\":{\"@id\":\"https:\\\/\\\/szkolydoktorskie.uwb.edu.pl\\\/nh\\\/#\\\/schema\\\/logo\\\/image\\\/\"}}]}<\/script>\n<!-- \/ Yoast SEO plugin. -->","yoast_head_json":{"title":"Doktoranci rok 2023 - Szko\u0142a Doktorska Nauk Humanistycznych UwB","robots":{"index":"index","follow":"follow","max-snippet":"max-snippet:-1","max-image-preview":"max-image-preview:large","max-video-preview":"max-video-preview:-1"},"canonical":"https:\/\/szkolydoktorskie.uwb.edu.pl\/nh\/doktoranci-2023\/","og_locale":"pl_PL","og_type":"article","og_title":"Doktoranci rok 2023 - Szko\u0142a Doktorska Nauk Humanistycznych UwB","og_description":"Biernacki Filip Roman Czajkowski Robert Go\u0142\u0119biewski Arkadiusz Gorbacz-Dailida Gra\u017cyna Kalinowska Marcelina Kowalik Dawid Po\u0142owianiuk Justyna Sawicka Urszula Szewczyk Urszula Velychko Artem Wasilewski Jaros\u0142aw Zdrojewski Kamil","og_url":"https:\/\/szkolydoktorskie.uwb.edu.pl\/nh\/doktoranci-2023\/","og_site_name":"Szko\u0142a Doktorska Nauk Humanistycznych UwB","article_modified_time":"2024-02-08T11:09:53+00:00","twitter_card":"summary_large_image","twitter_misc":{"Szacowany czas czytania":"1 minuta"},"schema":{"@context":"https:\/\/schema.org","@graph":[{"@type":"WebPage","@id":"https:\/\/szkolydoktorskie.uwb.edu.pl\/nh\/doktoranci-2023\/","url":"https:\/\/szkolydoktorskie.uwb.edu.pl\/nh\/doktoranci-2023\/","name":"Doktoranci rok 2023 - Szko\u0142a Doktorska Nauk Humanistycznych UwB","isPartOf":{"@id":"https:\/\/szkolydoktorskie.uwb.edu.pl\/nh\/#website"},"datePublished":"2023-10-18T06:42:32+00:00","dateModified":"2024-02-08T11:09:53+00:00","breadcrumb":{"@id":"https:\/\/szkolydoktorskie.uwb.edu.pl\/nh\/doktoranci-2023\/#breadcrumb"},"inLanguage":"pl-PL","potentialAction":[{"@type":"ReadAction","target":["https:\/\/szkolydoktorskie.uwb.edu.pl\/nh\/doktoranci-2023\/"]}]},{"@type":"BreadcrumbList","@id":"https:\/\/szkolydoktorskie.uwb.edu.pl\/nh\/doktoranci-2023\/#breadcrumb","itemListElement":[{"@type":"ListItem","position":1,"name":"Strona g\u0142\u00f3wna","item":"https:\/\/szkolydoktorskie.uwb.edu.pl\/nh\/"},{"@type":"ListItem","position":2,"name":"Doktoranci rok 2023"}]},{"@type":"WebSite","@id":"https:\/\/szkolydoktorskie.uwb.edu.pl\/nh\/#website","url":"https:\/\/szkolydoktorskie.uwb.edu.pl\/nh\/","name":"Szko\u0142a Doktorska Nauk Humanistycznych UwB","description":"Szko\u0142a Doktorska Nauk Humanistycznych UwB","publisher":{"@id":"https:\/\/szkolydoktorskie.uwb.edu.pl\/nh\/#organization"},"potentialAction":[{"@type":"SearchAction","target":{"@type":"EntryPoint","urlTemplate":"https:\/\/szkolydoktorskie.uwb.edu.pl\/nh\/?s={search_term_string}"},"query-input":{"@type":"PropertyValueSpecification","valueRequired":true,"valueName":"search_term_string"}}],"inLanguage":"pl-PL"},{"@type":"Organization","@id":"https:\/\/szkolydoktorskie.uwb.edu.pl\/nh\/#organization","name":"Szko\u0142a Doktorska Nauk Humanistycznych UwB","url":"https:\/\/szkolydoktorskie.uwb.edu.pl\/nh\/","logo":{"@type":"ImageObject","inLanguage":"pl-PL","@id":"https:\/\/szkolydoktorskie.uwb.edu.pl\/nh\/#\/schema\/logo\/image\/","url":"https:\/\/szkolydoktorskie.uwb.edu.pl\/nh\/wp-content\/uploads\/sites\/3\/2021\/04\/cropped-SH-LOGO.png","contentUrl":"https:\/\/szkolydoktorskie.uwb.edu.pl\/nh\/wp-content\/uploads\/sites\/3\/2021\/04\/cropped-SH-LOGO.png","width":705,"height":188,"caption":"Szko\u0142a Doktorska Nauk Humanistycznych UwB"},"image":{"@id":"https:\/\/szkolydoktorskie.uwb.edu.pl\/nh\/#\/schema\/logo\/image\/"}}]}},"_links":{"self":[{"href":"https:\/\/szkolydoktorskie.uwb.edu.pl\/nh\/wp-json\/wp\/v2\/pages\/1413","targetHints":{"allow":["GET"]}}],"collection":[{"href":"https:\/\/szkolydoktorskie.uwb.edu.pl\/nh\/wp-json\/wp\/v2\/pages"}],"about":[{"href":"https:\/\/szkolydoktorskie.uwb.edu.pl\/nh\/wp-json\/wp\/v2\/types\/page"}],"author":[{"embeddable":true,"href":"https:\/\/szkolydoktorskie.uwb.edu.pl\/nh\/wp-json\/wp\/v2\/users\/5"}],"replies":[{"embeddable":true,"href":"https:\/\/szkolydoktorskie.uwb.edu.pl\/nh\/wp-json\/wp\/v2\/comments?post=1413"}],"version-history":[{"count":4,"href":"https:\/\/szkolydoktorskie.uwb.edu.pl\/nh\/wp-json\/wp\/v2\/pages\/1413\/revisions"}],"predecessor-version":[{"id":1570,"href":"https:\/\/szkolydoktorskie.uwb.edu.pl\/nh\/wp-json\/wp\/v2\/pages\/1413\/revisions\/1570"}],"wp:attachment":[{"href":"https:\/\/szkolydoktorskie.uwb.edu.pl\/nh\/wp-json\/wp\/v2\/media?parent=1413"}],"curies":[{"name":"wp","href":"https:\/\/api.w.org\/{rel}","templated":true}]}}