{"id":13,"date":"2021-04-16T00:53:54","date_gmt":"2021-04-15T22:53:54","guid":{"rendered":"https:\/\/szkolydoktorskie.uwb.edu.pl\/ns\/?page_id=13"},"modified":"2024-02-14T13:02:34","modified_gmt":"2024-02-14T12:02:34","slug":"jakosc-ksztalcenia","status":"publish","type":"page","link":"https:\/\/szkolydoktorskie.uwb.edu.pl\/nh\/jakosc-ksztalcenia\/","title":{"rendered":"Jako\u015b\u0107 Kszta\u0142cenia"},"content":{"rendered":"\n<p><a href=\"https:\/\/szkolydoktorskie.uwb.edu.pl\/nh\/wp-content\/uploads\/sites\/3\/2023\/04\/1_-_Zespol_ds__jakosci_Ksztalcenia-sklad.pdf\">Decyzja nr 1 Rektora Uniwersytetu w Bia\u0142ymstoku z dnia 3 stycznia 2020 r. w sprawie powo\u0142ania Uczelnianego Zespo\u0142u ds. Jako\u015bci Kszta\u0142cenia<\/a><\/p>\n\n\n\n<p><\/p>\n\n\n\n<p><\/p>\n\n\n\n<p class=\"has-vivid-cyan-blue-background-color has-background\"><strong>Zesp\u00f3\u0142 ds. Jako\u015bci Kszta\u0142cenia SDNH <\/strong><\/p>\n\n\n\n<p><\/p>\n\n\n\n<p class=\"has-pale-cyan-blue-background-color has-background\"><strong>2021\/2022 <\/strong><\/p>\n\n\n\n<p>Od 01.03.2022<\/p>\n\n\n\n<p id=\"block-e1bbe26e-8a55-418b-9a56-1b4bb8543793\"><strong><em>dr hab. Anna Nosek prof. UwB<\/em><\/strong> <em>\u2013 Dyrektor Szko\u0142y Doktorskiej Nauk Humanistycznych<\/em><\/p>\n\n\n\n<p id=\"block-1837bd38-edf3-45fa-8209-dd58a07e36c5\"><strong><em>Dr hab. Joanna Cholewa prof. UwB<\/em><\/strong> <em>\u2013 Przedstawiciel dyscypliny j\u0119zykoznawstwo<\/em><\/p>\n\n\n\n<p><strong><em>Dr\u00a0hab.\u00a0Natalyia\u00a0Malyutina,\u00a0prof.\u00a0UwB<\/em><\/strong> \u2013 Przedstawiciel dyscypliny literaturoznawstwo (od\u00a015.11.2023)<\/p>\n\n\n\n<p id=\"block-021c34ac-ff73-422f-a8b5-8a1ad8feed0e\"><strong><em>Dr hab. El\u017cbieta Kono\u0144czuk, prof. UwB<\/em><\/strong> <em>\u2013 Przedstawiciel dyscypliny literaturoznawstwo<\/em> (do 14.11.2023)<\/p>\n\n\n\n<p id=\"block-b53eaed2-85dc-4514-b1ce-720d69ae45a5\"><strong><em>Dr hab. Krystyna Szel\u0105gowska, prof. UwB<\/em><\/strong> <em>\u2013 Przedstawiciel dyscypliny historia<\/em><\/p>\n\n\n\n<p id=\"block-d5bbc266-5760-4044-88f8-b030482cd245\"><strong><em>Mgr Julia Polcyn<\/em><\/strong> <em>\u2013 Przedstawiciel doktorant\u00f3w<\/em><\/p>\n\n\n\n<p><\/p>\n\n\n\n<p>W okresie: 01.10.2021-01.03.2022<\/p>\n\n\n\n<p><strong><em>Prof. dr hab. Urszula Sok\u00f3lska<\/em><\/strong> <em><em>\u2013 Dyrektor Szko\u0142y Doktorskiej Nauk Humanistycznych<\/em><\/em><\/p>\n\n\n\n<p><strong><em>Prof. dr hab. Irena Szczepankowska<\/em><\/strong> <em>\u2013 Przedstawiciel dyscypliny j\u0119zykoznawstwo<\/em><\/p>\n\n\n\n<p><strong><em>Dr hab. El\u017cbieta Kono\u0144czuk, prof. UwB<\/em><\/strong> &#8211; <em><em>Przedstawiciel dyscypliny literaturoznawstwo<\/em><\/em><\/p>\n\n\n\n<p><strong><em>Dr hab. Krystyna Szel\u0105gowska, prof. UwB<\/em><\/strong> <em><em>\u2013 Przedstawiciel dyscypliny historia<\/em><\/em><\/p>\n\n\n\n<p><strong><em>Mgr Martyna Awier<\/em><\/strong> <em>\u2013 Przedstawiciel doktorant\u00f3w<\/em><\/p>\n\n\n\n<p class=\"has-pale-cyan-blue-background-color has-background\"><strong>2020\/2021<\/strong><\/p>\n\n\n\n<p><\/p>\n\n\n\n<p><strong><em>Prof. dr hab. Urszula Sok\u00f3lska<\/em><\/strong> <em><em>\u2013 Dyrektor Szko\u0142y Doktorskiej Nauk Humanistycznych<\/em><\/em><\/p>\n\n\n\n<p><strong><em>Prof. dr hab. Irena Szczepankowska<\/em><\/strong> <em>\u2013 Przedstawiciel dyscypliny j\u0119zykoznawstwo<\/em><\/p>\n\n\n\n<p><strong><em>Dr hab. El\u017cbieta Kono\u0144czuk, prof. UwB<\/em><\/strong> <em>\u2013 Przedstawiciel dyscypliny literaturoznawstwo<\/em><\/p>\n\n\n\n<p><strong><em>Dr hab. Krystyna Szel\u0105gowska, prof. UwB<\/em><\/strong> <em>\u2013 Przedstawiciel dyscypliny historia<\/em><\/p>\n\n\n\n<p><strong><em>Mgr Martyna Awier<\/em><\/strong> <em>\u2013 Przedstawiciel doktorant\u00f3w<\/em><\/p>\n\n\n\n<p class=\"has-pale-cyan-blue-background-color has-background\"><strong>2019\/2020<\/strong><\/p>\n\n\n\n<p><strong><em>Prof. dr hab. Urszula Sok\u00f3lska<\/em><\/strong> <em><em>\u2013 Dyrektor Szko\u0142y Doktorskiej Nauk Humanistycznych<\/em><\/em><\/p>\n\n\n\n<p><strong><em>Prof. dr hab. Irena Szczepankowska<\/em><\/strong> <em>\u2013 Przedstawiciel<\/em> <em>dyscypliny j\u0119zykoznawstwo<\/em><\/p>\n\n\n\n<p><strong><em>Dr hab. El\u017cbieta Kono\u0144czuk, prof. UwB<\/em><\/strong> <em>\u2013 Przedstawiciel dyscypliny literaturoznawstwo<\/em><\/p>\n\n\n\n<p><strong><em>Dr hab. Krystyna Szel\u0105gowska, prof. UwB<\/em><\/strong> <em>\u2013 Przedstawiciel dyscypliny historia<\/em><\/p>\n\n\n\n<p><strong><em>Mgr Pawe\u0142 Nizio\u0142ek <\/em><\/strong> <em>\u2013 Przedstawiciel doktorant\u00f3w<\/em><\/p>\n\n\n\n<p class=\"has-vivid-cyan-blue-background-color has-background\"><strong>Sprawozdania z dzia\u0142ania systemu zapewniania  jako\u015bci kszta\u0142cenia:<\/strong><\/p>\n\n\n<\/p>\n<p>2022\/2023<\/p>\n<p><a href=\"https:\/\/szkolydoktorskie.uwb.edu.pl\/nh\/wp-content\/uploads\/sites\/3\/2023\/11\/Zalacznik-6b-2022_23-sprawozdanie-SDNH.pdf\">Sprawozdanie z dzia\u0142ania systemu zapewniania jako\u015bci kszta\u0142cenia w Szkole Doktorskiej Nauk Humanistycznych UwB w roku akademickim 2022\/2023<\/a><\/p>\n<p><strong>2021\/2022<\/strong><\/p>\n<p><a href=\"https:\/\/szkolydoktorskie.uwb.edu.pl\/nh\/wp-content\/uploads\/sites\/3\/2022\/11\/za.-6b-2022-sprawozdanie-SDNH.pdf\" data-rich-text-format-boundary=\"true\"> Sprawozdanie z dzia\u0142ania systemu zapewniania jako\u015bci kszta\u0142cenia w Szkole Doktorskiej Nauk Humanistycznych UwB w roku akademickim 2021\/2022<\/a><\/p>\n<p><strong>2020\/2021<\/strong><\/p>\n\n\n<p><a href=\"https:\/\/szkolydoktorskie.uwb.edu.pl\/nh\/wp-content\/uploads\/sites\/3\/2021\/12\/za.-6b-sprawozdanie-SDNH-US-1.pdf\">Sprawozdanie z dzia\u0142ania systemu zapewniania jako\u015bci kszta\u0142cenia w Szkole Doktorskiej Nauk Humanistycznych UwB w roku akademickim 2020\/2021<\/a><\/p>\n\n\n\n<p><\/p>\n\n\n\n<p><strong>2019\/2020<\/strong><\/p>\n\n\n\n<p><a href=\"https:\/\/szkolydoktorskie.uwb.edu.pl\/nh\/wp-content\/uploads\/sites\/3\/2021\/11\/Sprawozdanie-SDNH-2019_2020.pdf\">Sprawozdanie z dzia\u0142ania systemu zapewniania jako\u015bci kszta\u0142cenia w Szkole Doktorskiej Nauk Humanistycznych UwB w roku akademickim 2019\/2020<\/a><\/p>\n","protected":false},"excerpt":{"rendered":"<p>Decyzja nr 1 Rektora Uniwersytetu w Bia\u0142ymstoku z dnia 3 stycznia 2020 r. w sprawie powo\u0142ania Uczelnianego Zespo\u0142u ds. Jako\u015bci Kszta\u0142cenia Zesp\u00f3\u0142 ds. Jako\u015bci Kszta\u0142cenia SDNH 2021\/2022 Od 01.03.2022 dr&hellip;<\/p>\n","protected":false},"author":1,"featured_media":0,"parent":0,"menu_order":0,"comment_status":"closed","ping_status":"closed","template":"","meta":{"footnotes":""},"class_list":["post-13","page","type-page","status-publish","hentry"],"yoast_head":"<!-- This site is optimized with the Yoast SEO plugin v27.4 - https:\/\/yoast.com\/product\/yoast-seo-wordpress\/ -->\n<title>Jako\u015b\u0107 Kszta\u0142cenia - Szko\u0142a Doktorska Nauk Humanistycznych UwB<\/title>\n<meta name=\"robots\" content=\"index, follow, max-snippet:-1, max-image-preview:large, max-video-preview:-1\" \/>\n<link rel=\"canonical\" href=\"https:\/\/szkolydoktorskie.uwb.edu.pl\/nh\/jakosc-ksztalcenia\/\" \/>\n<meta property=\"og:locale\" content=\"pl_PL\" \/>\n<meta property=\"og:type\" content=\"article\" \/>\n<meta property=\"og:title\" content=\"Jako\u015b\u0107 Kszta\u0142cenia - Szko\u0142a Doktorska Nauk Humanistycznych UwB\" \/>\n<meta property=\"og:description\" content=\"Decyzja nr 1 Rektora Uniwersytetu w Bia\u0142ymstoku z dnia 3 stycznia 2020 r. w sprawie powo\u0142ania Uczelnianego Zespo\u0142u ds. Jako\u015bci Kszta\u0142cenia Zesp\u00f3\u0142 ds. Jako\u015bci Kszta\u0142cenia SDNH 2021\/2022 Od 01.03.2022 dr&hellip;\" \/>\n<meta property=\"og:url\" content=\"https:\/\/szkolydoktorskie.uwb.edu.pl\/nh\/jakosc-ksztalcenia\/\" \/>\n<meta property=\"og:site_name\" content=\"Szko\u0142a Doktorska Nauk Humanistycznych UwB\" \/>\n<meta property=\"article:modified_time\" content=\"2024-02-14T12:02:34+00:00\" \/>\n<meta name=\"twitter:card\" content=\"summary_large_image\" \/>\n<meta name=\"twitter:label1\" content=\"Szacowany czas czytania\" \/>\n\t<meta name=\"twitter:data1\" content=\"2 minuty\" \/>\n<script type=\"application\/ld+json\" class=\"yoast-schema-graph\">{\"@context\":\"https:\\\/\\\/schema.org\",\"@graph\":[{\"@type\":\"WebPage\",\"@id\":\"https:\\\/\\\/szkolydoktorskie.uwb.edu.pl\\\/nh\\\/jakosc-ksztalcenia\\\/\",\"url\":\"https:\\\/\\\/szkolydoktorskie.uwb.edu.pl\\\/nh\\\/jakosc-ksztalcenia\\\/\",\"name\":\"Jako\u015b\u0107 Kszta\u0142cenia - Szko\u0142a Doktorska Nauk Humanistycznych UwB\",\"isPartOf\":{\"@id\":\"https:\\\/\\\/szkolydoktorskie.uwb.edu.pl\\\/nh\\\/#website\"},\"datePublished\":\"2021-04-15T22:53:54+00:00\",\"dateModified\":\"2024-02-14T12:02:34+00:00\",\"breadcrumb\":{\"@id\":\"https:\\\/\\\/szkolydoktorskie.uwb.edu.pl\\\/nh\\\/jakosc-ksztalcenia\\\/#breadcrumb\"},\"inLanguage\":\"pl-PL\",\"potentialAction\":[{\"@type\":\"ReadAction\",\"target\":[\"https:\\\/\\\/szkolydoktorskie.uwb.edu.pl\\\/nh\\\/jakosc-ksztalcenia\\\/\"]}]},{\"@type\":\"BreadcrumbList\",\"@id\":\"https:\\\/\\\/szkolydoktorskie.uwb.edu.pl\\\/nh\\\/jakosc-ksztalcenia\\\/#breadcrumb\",\"itemListElement\":[{\"@type\":\"ListItem\",\"position\":1,\"name\":\"Strona g\u0142\u00f3wna\",\"item\":\"https:\\\/\\\/szkolydoktorskie.uwb.edu.pl\\\/nh\\\/\"},{\"@type\":\"ListItem\",\"position\":2,\"name\":\"Jako\u015b\u0107 Kszta\u0142cenia\"}]},{\"@type\":\"WebSite\",\"@id\":\"https:\\\/\\\/szkolydoktorskie.uwb.edu.pl\\\/nh\\\/#website\",\"url\":\"https:\\\/\\\/szkolydoktorskie.uwb.edu.pl\\\/nh\\\/\",\"name\":\"Szko\u0142a Doktorska Nauk Humanistycznych UwB\",\"description\":\"Szko\u0142a Doktorska Nauk Humanistycznych UwB\",\"publisher\":{\"@id\":\"https:\\\/\\\/szkolydoktorskie.uwb.edu.pl\\\/nh\\\/#organization\"},\"potentialAction\":[{\"@type\":\"SearchAction\",\"target\":{\"@type\":\"EntryPoint\",\"urlTemplate\":\"https:\\\/\\\/szkolydoktorskie.uwb.edu.pl\\\/nh\\\/?s={search_term_string}\"},\"query-input\":{\"@type\":\"PropertyValueSpecification\",\"valueRequired\":true,\"valueName\":\"search_term_string\"}}],\"inLanguage\":\"pl-PL\"},{\"@type\":\"Organization\",\"@id\":\"https:\\\/\\\/szkolydoktorskie.uwb.edu.pl\\\/nh\\\/#organization\",\"name\":\"Szko\u0142a Doktorska Nauk Humanistycznych UwB\",\"url\":\"https:\\\/\\\/szkolydoktorskie.uwb.edu.pl\\\/nh\\\/\",\"logo\":{\"@type\":\"ImageObject\",\"inLanguage\":\"pl-PL\",\"@id\":\"https:\\\/\\\/szkolydoktorskie.uwb.edu.pl\\\/nh\\\/#\\\/schema\\\/logo\\\/image\\\/\",\"url\":\"https:\\\/\\\/szkolydoktorskie.uwb.edu.pl\\\/nh\\\/wp-content\\\/uploads\\\/sites\\\/3\\\/2021\\\/04\\\/cropped-SH-LOGO.png\",\"contentUrl\":\"https:\\\/\\\/szkolydoktorskie.uwb.edu.pl\\\/nh\\\/wp-content\\\/uploads\\\/sites\\\/3\\\/2021\\\/04\\\/cropped-SH-LOGO.png\",\"width\":705,\"height\":188,\"caption\":\"Szko\u0142a Doktorska Nauk Humanistycznych UwB\"},\"image\":{\"@id\":\"https:\\\/\\\/szkolydoktorskie.uwb.edu.pl\\\/nh\\\/#\\\/schema\\\/logo\\\/image\\\/\"}}]}<\/script>\n<!-- \/ Yoast SEO plugin. -->","yoast_head_json":{"title":"Jako\u015b\u0107 Kszta\u0142cenia - Szko\u0142a Doktorska Nauk Humanistycznych UwB","robots":{"index":"index","follow":"follow","max-snippet":"max-snippet:-1","max-image-preview":"max-image-preview:large","max-video-preview":"max-video-preview:-1"},"canonical":"https:\/\/szkolydoktorskie.uwb.edu.pl\/nh\/jakosc-ksztalcenia\/","og_locale":"pl_PL","og_type":"article","og_title":"Jako\u015b\u0107 Kszta\u0142cenia - Szko\u0142a Doktorska Nauk Humanistycznych UwB","og_description":"Decyzja nr 1 Rektora Uniwersytetu w Bia\u0142ymstoku z dnia 3 stycznia 2020 r. w sprawie powo\u0142ania Uczelnianego Zespo\u0142u ds. Jako\u015bci Kszta\u0142cenia Zesp\u00f3\u0142 ds. Jako\u015bci Kszta\u0142cenia SDNH 2021\/2022 Od 01.03.2022 dr&hellip;","og_url":"https:\/\/szkolydoktorskie.uwb.edu.pl\/nh\/jakosc-ksztalcenia\/","og_site_name":"Szko\u0142a Doktorska Nauk Humanistycznych UwB","article_modified_time":"2024-02-14T12:02:34+00:00","twitter_card":"summary_large_image","twitter_misc":{"Szacowany czas czytania":"2 minuty"},"schema":{"@context":"https:\/\/schema.org","@graph":[{"@type":"WebPage","@id":"https:\/\/szkolydoktorskie.uwb.edu.pl\/nh\/jakosc-ksztalcenia\/","url":"https:\/\/szkolydoktorskie.uwb.edu.pl\/nh\/jakosc-ksztalcenia\/","name":"Jako\u015b\u0107 Kszta\u0142cenia - Szko\u0142a Doktorska Nauk Humanistycznych UwB","isPartOf":{"@id":"https:\/\/szkolydoktorskie.uwb.edu.pl\/nh\/#website"},"datePublished":"2021-04-15T22:53:54+00:00","dateModified":"2024-02-14T12:02:34+00:00","breadcrumb":{"@id":"https:\/\/szkolydoktorskie.uwb.edu.pl\/nh\/jakosc-ksztalcenia\/#breadcrumb"},"inLanguage":"pl-PL","potentialAction":[{"@type":"ReadAction","target":["https:\/\/szkolydoktorskie.uwb.edu.pl\/nh\/jakosc-ksztalcenia\/"]}]},{"@type":"BreadcrumbList","@id":"https:\/\/szkolydoktorskie.uwb.edu.pl\/nh\/jakosc-ksztalcenia\/#breadcrumb","itemListElement":[{"@type":"ListItem","position":1,"name":"Strona g\u0142\u00f3wna","item":"https:\/\/szkolydoktorskie.uwb.edu.pl\/nh\/"},{"@type":"ListItem","position":2,"name":"Jako\u015b\u0107 Kszta\u0142cenia"}]},{"@type":"WebSite","@id":"https:\/\/szkolydoktorskie.uwb.edu.pl\/nh\/#website","url":"https:\/\/szkolydoktorskie.uwb.edu.pl\/nh\/","name":"Szko\u0142a Doktorska Nauk Humanistycznych UwB","description":"Szko\u0142a Doktorska Nauk Humanistycznych UwB","publisher":{"@id":"https:\/\/szkolydoktorskie.uwb.edu.pl\/nh\/#organization"},"potentialAction":[{"@type":"SearchAction","target":{"@type":"EntryPoint","urlTemplate":"https:\/\/szkolydoktorskie.uwb.edu.pl\/nh\/?s={search_term_string}"},"query-input":{"@type":"PropertyValueSpecification","valueRequired":true,"valueName":"search_term_string"}}],"inLanguage":"pl-PL"},{"@type":"Organization","@id":"https:\/\/szkolydoktorskie.uwb.edu.pl\/nh\/#organization","name":"Szko\u0142a Doktorska Nauk Humanistycznych UwB","url":"https:\/\/szkolydoktorskie.uwb.edu.pl\/nh\/","logo":{"@type":"ImageObject","inLanguage":"pl-PL","@id":"https:\/\/szkolydoktorskie.uwb.edu.pl\/nh\/#\/schema\/logo\/image\/","url":"https:\/\/szkolydoktorskie.uwb.edu.pl\/nh\/wp-content\/uploads\/sites\/3\/2021\/04\/cropped-SH-LOGO.png","contentUrl":"https:\/\/szkolydoktorskie.uwb.edu.pl\/nh\/wp-content\/uploads\/sites\/3\/2021\/04\/cropped-SH-LOGO.png","width":705,"height":188,"caption":"Szko\u0142a Doktorska Nauk Humanistycznych UwB"},"image":{"@id":"https:\/\/szkolydoktorskie.uwb.edu.pl\/nh\/#\/schema\/logo\/image\/"}}]}},"_links":{"self":[{"href":"https:\/\/szkolydoktorskie.uwb.edu.pl\/nh\/wp-json\/wp\/v2\/pages\/13","targetHints":{"allow":["GET"]}}],"collection":[{"href":"https:\/\/szkolydoktorskie.uwb.edu.pl\/nh\/wp-json\/wp\/v2\/pages"}],"about":[{"href":"https:\/\/szkolydoktorskie.uwb.edu.pl\/nh\/wp-json\/wp\/v2\/types\/page"}],"author":[{"embeddable":true,"href":"https:\/\/szkolydoktorskie.uwb.edu.pl\/nh\/wp-json\/wp\/v2\/users\/1"}],"replies":[{"embeddable":true,"href":"https:\/\/szkolydoktorskie.uwb.edu.pl\/nh\/wp-json\/wp\/v2\/comments?post=13"}],"version-history":[{"count":9,"href":"https:\/\/szkolydoktorskie.uwb.edu.pl\/nh\/wp-json\/wp\/v2\/pages\/13\/revisions"}],"predecessor-version":[{"id":1649,"href":"https:\/\/szkolydoktorskie.uwb.edu.pl\/nh\/wp-json\/wp\/v2\/pages\/13\/revisions\/1649"}],"wp:attachment":[{"href":"https:\/\/szkolydoktorskie.uwb.edu.pl\/nh\/wp-json\/wp\/v2\/media?parent=13"}],"curies":[{"name":"wp","href":"https:\/\/api.w.org\/{rel}","templated":true}]}}